{"id":240918,"date":"2026-04-02T00:22:29","date_gmt":"2026-04-02T06:22:29","guid":{"rendered":"https:\/\/compuviper.mx\/tienda\/producto\/dahua-dh-xvr5216a-4kl-i3-dvr-xvr5216a-4kl-i3-16-canales-4k-wizsense-h-265-16-canales-hdcvi16-ip-hasta-32-ch-ip-2-ch-de-reconocimiento-facial-sdm-plus-proteccion-perimetral-2-sata-de-hast\/"},"modified":"2026-04-02T00:22:29","modified_gmt":"2026-04-02T06:22:29","slug":"dahua-dh-xvr5216a-4kl-i3-dvr-xvr5216a-4kl-i3-16-canales-4k-wizsense-h-265-16-canales-hdcvi16-ip-hasta-32-ch-ip-2-ch-de-reconocimiento-facial-sdm-plus-proteccion-perimetral-2-sata-de-hasta","status":"publish","type":"product","link":"https:\/\/compuviper.mx\/tienda\/producto\/dahua-dh-xvr5216a-4kl-i3-dvr-xvr5216a-4kl-i3-16-canales-4k-wizsense-h-265-16-canales-hdcvi16-ip-hasta-32-ch-ip-2-ch-de-reconocimiento-facial-sdm-plus-proteccion-perimetral-2-sata-de-hasta\/","title":{"rendered":"Dahua Dh-xvr5216a-4kl-i3 Dvr\/ \/ Xvr5216a-4kl-i3\/ 16 Canales 4k\/ Wizsense\/ H.265\/ 16 Canales Hdcvi16 Ip\/ Hasta 32 Ch Ip\/ 2 Ch De Reconocimiento Facial\/ Sdm Plus\/ Proteccion Perimetral\/ 2 Sata De Hasta 10tb\/ 163 Es De"},"content":{"rendered":"<table class=\"descripcion\">\n<tr>\n<td>Principales caracteristicas<\/td>\n<\/tr>\n<tr>\n<td>\u0095 compresi\u00f3n de video de flujo dual h.265+\/h.265<\/td>\n<\/tr>\n<tr>\n<td>\u0095 admite codificacion ai de canal completo<\/td>\n<\/tr>\n<tr>\n<td>\u0095 admite entradas de video hdcvi\/ahd\/tvi\/cvbs\/ip<\/td>\n<\/tr>\n<tr>\n<td>\u0095 max 32 canales de entradas de c\u00e1mara ip, cada canal hasta 8mp; ancho de banda entrante maximo de 128 mbps<\/td>\n<\/tr>\n<tr>\n<td>\u0095 transmision de video de hasta 2 canales (canal anal\u00f3gico) protecci\u00f3n perimetral<\/td>\n<\/tr>\n<tr>\n<td>\u0095 transmision de video de hasta 16 canales (canal anal\u00f3gico) smd plus<\/td>\n<\/tr>\n<tr>\n<td>\u0095 transmision de video de hasta 2 canales (canal anal\u00f3gico) reconocimiento de rostro humano<\/td>\n<\/tr>\n<tr>\n<td>\u0095 funcionalidades iot y pos<\/td>\n<\/tr>\n<tr>\n<td>\u0095 la salida de fuentes de video simultaneas\/heterogeneas para vga y hdmi es configurable.<\/td>\n<\/tr>\n<\/table>\n","protected":false},"excerpt":{"rendered":"<p>Informacion general. Esta serie ha sido desarrollada para reducir las tasas de falsas alarmas y el costo de la vigilancia humana, brindando as\u00ed un gran valor a los clientes que buscan productos con alarmas precisas para humanos\/vehiculos para elevar el nivel de seguridad de varias instalaciones interiores y exteriores. *las inteligencias se pierden al colocar un canal ip. Reconocimiento facial. La tecnologia dahua face recognition extrae las caracter\u00edsticas de las caras capturadas y las compara con las de la base de datos de caras para reconocer la identidad de la persona. Proteccion perimetral. Filtra automaticamente las falsas alarmas causadas por animales, hojas susurrantes, luces brillantes, etc. Permite que el sistema act\u00fae como reconocimiento secundario de los objetivos. Mejora la precisi\u00f3n de la alarma. Smd plus. Con un algoritmo inteligente, la tecnologia de deteccion de movimiento inteligente de dahua puede categorizar los objetivos que activan la deteccion de movimiento y filtrar la alarma de deteccion de movimiento activada por objetivos no afectados para generar una alarma efectiva y precisa. Busqueda de ia. Con la busqueda de ia, los operadores pueden buscar videos por los atributos de los objetivos y los tipos de eventos, lo que les ayuda a investigar de manera rapida y eficiente d\u00f3nde y cuando aparecieron los objetivos y ocurrieron los eventos.<\/p>\n","protected":false},"featured_media":242543,"comment_status":"open","ping_status":"open","template":"","meta":[],"product_cat":[1689,1690],"product_tag":[1555],"acf":[],"yoast_head":"<!-- This site is optimized with the Yoast SEO plugin v21.7 - https:\/\/yoast.com\/wordpress\/plugins\/seo\/ -->\n<title>[ Dahua ] &#129351; Dh-xvr5216a-4kl-i3 Dvr\/ \/ Xvr5216a-4kl-i3\/ 16 Canales 4k\/ Wizsense\/ H.265\/ 16 Canales Hdcvi16 Ip\/ Hasta 32 Ch Ip\/ 2 Ch De Reconocimiento Facial\/ Sdm Plus\/ Proteccion Perimetral\/ 2 Sata De Hasta 10tb\/ 163 Es De<\/title>\n<meta name=\"description\" content=\"Compra Dh-xvr5216a-4kl-i3 Dvr\/ \/ Xvr5216a-4kl-i3\/ 16 Canales 4k\/ Wizsense\/ H.265\/ 16 Canales Hdcvi16 Ip\/ Hasta 32 Ch Ip\/ 2 Ch De Reconocimiento Facial\/ Sdm Plus\/ Proteccion Perimetral\/ 2 Sata De Hasta 10tb\/ 163 Es De + Env\u00edo a domicilio + Pago seguro + Garant\u00eda\" \/>\n<meta name=\"robots\" content=\"index, follow, max-snippet:-1, max-image-preview:large, max-video-preview:-1\" \/>\n<link rel=\"canonical\" href=\"https:\/\/compuviper.mx\/tienda\/producto\/dahua-dh-xvr5216a-4kl-i3-dvr-xvr5216a-4kl-i3-16-canales-4k-wizsense-h-265-16-canales-hdcvi16-ip-hasta-32-ch-ip-2-ch-de-reconocimiento-facial-sdm-plus-proteccion-perimetral-2-sata-de-hasta\/\" \/>\n<meta property=\"og:locale\" content=\"es_MX\" \/>\n<meta property=\"og:type\" content=\"article\" \/>\n<meta property=\"og:title\" content=\"[ Dahua ] &#129351; Dh-xvr5216a-4kl-i3 Dvr\/ \/ Xvr5216a-4kl-i3\/ 16 Canales 4k\/ Wizsense\/ H.265\/ 16 Canales Hdcvi16 Ip\/ Hasta 32 Ch Ip\/ 2 Ch De Reconocimiento Facial\/ Sdm Plus\/ Proteccion Perimetral\/ 2 Sata De Hasta 10tb\/ 163 Es De\" \/>\n<meta property=\"og:description\" content=\"Compra Dh-xvr5216a-4kl-i3 Dvr\/ \/ Xvr5216a-4kl-i3\/ 16 Canales 4k\/ Wizsense\/ H.265\/ 16 Canales Hdcvi16 Ip\/ Hasta 32 Ch Ip\/ 2 Ch De Reconocimiento Facial\/ Sdm Plus\/ Proteccion Perimetral\/ 2 Sata De Hasta 10tb\/ 163 Es De + Env\u00edo a domicilio + Pago seguro + Garant\u00eda\" \/>\n<meta property=\"og:url\" content=\"https:\/\/compuviper.mx\/tienda\/producto\/dahua-dh-xvr5216a-4kl-i3-dvr-xvr5216a-4kl-i3-16-canales-4k-wizsense-h-265-16-canales-hdcvi16-ip-hasta-32-ch-ip-2-ch-de-reconocimiento-facial-sdm-plus-proteccion-perimetral-2-sata-de-hasta\/\" \/>\n<meta property=\"og:site_name\" content=\"Compuviper\" \/>\n<meta property=\"article:publisher\" content=\"https:\/\/www.facebook.com\/compuviper\" \/>\n<meta property=\"og:image\" content=\"https:\/\/compuviper.mx\/tienda\/wp-content\/uploads\/2024\/09\/Dvr-dahua-xvr5216a-4kl-i3-16-canales-4k-wizsense-h.265-16-canales-hdcvi16-ip-hasta-32-ch-ip-2-ch-de-reconocimiento-facial-sdm-plus-proteccion-perimetral-2-sata-de-hasta-10tb-16-and-3-e-and-s-de.jpg\" \/>\n\t<meta property=\"og:image:width\" content=\"200\" \/>\n\t<meta property=\"og:image:height\" content=\"200\" \/>\n\t<meta property=\"og:image:type\" content=\"image\/jpeg\" \/>\n<meta name=\"twitter:card\" content=\"summary_large_image\" \/>\n<meta name=\"twitter:label1\" content=\"Precio\" \/>\n\t<meta name=\"twitter:data1\" content=\"&#36;5,804 con IVA\" \/>\n\t<meta name=\"twitter:label2\" content=\"Availability\" \/>\n\t<meta name=\"twitter:data2\" content=\"Out of stock\" \/>\n<script type=\"application\/ld+json\" class=\"yoast-schema-graph\">{\"@context\":\"https:\/\/schema.org\",\"@graph\":[{\"@type\":\"WebPage\",\"@id\":\"https:\/\/compuviper.mx\/tienda\/producto\/dahua-dh-xvr5216a-4kl-i3-dvr-xvr5216a-4kl-i3-16-canales-4k-wizsense-h-265-16-canales-hdcvi16-ip-hasta-32-ch-ip-2-ch-de-reconocimiento-facial-sdm-plus-proteccion-perimetral-2-sata-de-hasta\/\",\"url\":\"https:\/\/compuviper.mx\/tienda\/producto\/dahua-dh-xvr5216a-4kl-i3-dvr-xvr5216a-4kl-i3-16-canales-4k-wizsense-h-265-16-canales-hdcvi16-ip-hasta-32-ch-ip-2-ch-de-reconocimiento-facial-sdm-plus-proteccion-perimetral-2-sata-de-hasta\/\",\"name\":\"[ Dahua ] &#129351; Dh-xvr5216a-4kl-i3 Dvr\/ \/ Xvr5216a-4kl-i3\/ 16 Canales 4k\/ Wizsense\/ H.265\/ 16 Canales Hdcvi16 Ip\/ Hasta 32 Ch Ip\/ 2 Ch De Reconocimiento Facial\/ Sdm Plus\/ Proteccion Perimetral\/ 2 Sata De Hasta 10tb\/ 163 Es De\",\"isPartOf\":{\"@id\":\"https:\/\/compuviper.mx\/tienda\/#website\"},\"datePublished\":\"2026-04-02T06:22:29+00:00\",\"dateModified\":\"2026-04-02T06:22:29+00:00\",\"description\":\"Compra Dh-xvr5216a-4kl-i3 Dvr\/ \/ Xvr5216a-4kl-i3\/ 16 Canales 4k\/ Wizsense\/ H.265\/ 16 Canales Hdcvi16 Ip\/ Hasta 32 Ch Ip\/ 2 Ch De Reconocimiento Facial\/ Sdm Plus\/ Proteccion Perimetral\/ 2 Sata De Hasta 10tb\/ 163 Es De + Env\u00edo a domicilio + Pago seguro + Garant\u00eda\",\"breadcrumb\":{\"@id\":\"https:\/\/compuviper.mx\/tienda\/producto\/dahua-dh-xvr5216a-4kl-i3-dvr-xvr5216a-4kl-i3-16-canales-4k-wizsense-h-265-16-canales-hdcvi16-ip-hasta-32-ch-ip-2-ch-de-reconocimiento-facial-sdm-plus-proteccion-perimetral-2-sata-de-hasta\/#breadcrumb\"},\"inLanguage\":\"es-MX\",\"potentialAction\":[{\"@type\":\"ReadAction\",\"target\":[\"https:\/\/compuviper.mx\/tienda\/producto\/dahua-dh-xvr5216a-4kl-i3-dvr-xvr5216a-4kl-i3-16-canales-4k-wizsense-h-265-16-canales-hdcvi16-ip-hasta-32-ch-ip-2-ch-de-reconocimiento-facial-sdm-plus-proteccion-perimetral-2-sata-de-hasta\/\"]}]},{\"@type\":\"BreadcrumbList\",\"@id\":\"https:\/\/compuviper.mx\/tienda\/producto\/dahua-dh-xvr5216a-4kl-i3-dvr-xvr5216a-4kl-i3-16-canales-4k-wizsense-h-265-16-canales-hdcvi16-ip-hasta-32-ch-ip-2-ch-de-reconocimiento-facial-sdm-plus-proteccion-perimetral-2-sata-de-hasta\/#breadcrumb\",\"itemListElement\":[{\"@type\":\"ListItem\",\"position\":1,\"name\":\"Inicio\",\"item\":\"https:\/\/compuviper.mx\/tienda\/\"},{\"@type\":\"ListItem\",\"position\":2,\"name\":\"Productos\",\"item\":\"https:\/\/compuviper.mx\/tienda\/productos\/\"},{\"@type\":\"ListItem\",\"position\":3,\"name\":\"Videograbadores\",\"item\":\"https:\/\/compuviper.mx\/tienda\/categoria-producto\/videograbadores\/\"},{\"@type\":\"ListItem\",\"position\":4,\"name\":\"Dvr\",\"item\":\"https:\/\/compuviper.mx\/tienda\/categoria-producto\/videograbadores\/dvr\/\"},{\"@type\":\"ListItem\",\"position\":5,\"name\":\"Dahua Dh-xvr5216a-4kl-i3 Dvr\/ \/ Xvr5216a-4kl-i3\/ 16 Canales 4k\/ Wizsense\/ H.265\/ 16 Canales Hdcvi16 Ip\/ Hasta 32 Ch Ip\/ 2 Ch De Reconocimiento Facial\/ Sdm Plus\/ Proteccion Perimetral\/ 2 Sata De Hasta 10tb\/ 163 Es De\"}]},{\"@type\":\"WebSite\",\"@id\":\"https:\/\/compuviper.mx\/tienda\/#website\",\"url\":\"https:\/\/compuviper.mx\/tienda\/\",\"name\":\"Compuviper\",\"description\":\"Proveedor de Computadoras, Laptops, Servidores, Monitores, Puntos de Venta, Teclados,   Impresoras, T\u00f3ner, C\u00e1maras de Seguridad y m\u00e1s en tu tienda en l\u00ednea\",\"publisher\":{\"@id\":\"https:\/\/compuviper.mx\/tienda\/#organization\"},\"potentialAction\":[{\"@type\":\"SearchAction\",\"target\":{\"@type\":\"EntryPoint\",\"urlTemplate\":\"https:\/\/compuviper.mx\/tienda\/?s={search_term_string}\"},\"query-input\":\"required name=search_term_string\"}],\"inLanguage\":\"es-MX\"},{\"@type\":\"Organization\",\"@id\":\"https:\/\/compuviper.mx\/tienda\/#organization\",\"name\":\"Compuviper\",\"url\":\"https:\/\/compuviper.mx\/tienda\/\",\"logo\":{\"@type\":\"ImageObject\",\"inLanguage\":\"es-MX\",\"@id\":\"https:\/\/compuviper.mx\/tienda\/#\/schema\/logo\/image\/\",\"url\":\"https:\/\/compuviper.mx\/tienda\/wp-content\/uploads\/2021\/08\/Logo-Compuviper-10.png\",\"contentUrl\":\"https:\/\/compuviper.mx\/tienda\/wp-content\/uploads\/2021\/08\/Logo-Compuviper-10.png\",\"width\":1000,\"height\":500,\"caption\":\"Compuviper\"},\"image\":{\"@id\":\"https:\/\/compuviper.mx\/tienda\/#\/schema\/logo\/image\/\"},\"sameAs\":[\"https:\/\/www.facebook.com\/compuviper\",\"https:\/\/www.youtube.com\/channel\/UCf73dERp9Y3cfOq7q8BhLjA?view_as=subscriber\"]}]}<\/script>\n<meta property=\"product:brand\" content=\"DAHUA\" \/>\n<meta property=\"product:price:amount\" content=\"5804\" \/>\n<meta property=\"product:price:currency\" content=\"MXN\" \/>\n<meta property=\"og:availability\" content=\"out of stock\" \/>\n<meta property=\"product:availability\" content=\"out of stock\" \/>\n<meta property=\"product:retailer_item_id\" content=\"DH-XVR5216A-4KL-I3\" \/>\n<meta property=\"product:condition\" content=\"new\" \/>\n<!-- \/ Yoast SEO plugin. -->","yoast_head_json":{"title":"[ Dahua ] &#129351; Dh-xvr5216a-4kl-i3 Dvr\/ \/ Xvr5216a-4kl-i3\/ 16 Canales 4k\/ Wizsense\/ H.265\/ 16 Canales Hdcvi16 Ip\/ Hasta 32 Ch Ip\/ 2 Ch De Reconocimiento Facial\/ Sdm Plus\/ Proteccion Perimetral\/ 2 Sata De Hasta 10tb\/ 163 Es De","description":"Compra Dh-xvr5216a-4kl-i3 Dvr\/ \/ Xvr5216a-4kl-i3\/ 16 Canales 4k\/ Wizsense\/ H.265\/ 16 Canales Hdcvi16 Ip\/ Hasta 32 Ch Ip\/ 2 Ch De Reconocimiento Facial\/ Sdm Plus\/ Proteccion Perimetral\/ 2 Sata De Hasta 10tb\/ 163 Es De + Env\u00edo a domicilio + Pago seguro + Garant\u00eda","robots":{"index":"index","follow":"follow","max-snippet":"max-snippet:-1","max-image-preview":"max-image-preview:large","max-video-preview":"max-video-preview:-1"},"canonical":"https:\/\/compuviper.mx\/tienda\/producto\/dahua-dh-xvr5216a-4kl-i3-dvr-xvr5216a-4kl-i3-16-canales-4k-wizsense-h-265-16-canales-hdcvi16-ip-hasta-32-ch-ip-2-ch-de-reconocimiento-facial-sdm-plus-proteccion-perimetral-2-sata-de-hasta\/","og_locale":"es_MX","og_type":"article","og_title":"[ Dahua ] &#129351; Dh-xvr5216a-4kl-i3 Dvr\/ \/ Xvr5216a-4kl-i3\/ 16 Canales 4k\/ Wizsense\/ H.265\/ 16 Canales Hdcvi16 Ip\/ Hasta 32 Ch Ip\/ 2 Ch De Reconocimiento Facial\/ Sdm Plus\/ Proteccion Perimetral\/ 2 Sata De Hasta 10tb\/ 163 Es De","og_description":"Compra Dh-xvr5216a-4kl-i3 Dvr\/ \/ Xvr5216a-4kl-i3\/ 16 Canales 4k\/ Wizsense\/ H.265\/ 16 Canales Hdcvi16 Ip\/ Hasta 32 Ch Ip\/ 2 Ch De Reconocimiento Facial\/ Sdm Plus\/ Proteccion Perimetral\/ 2 Sata De Hasta 10tb\/ 163 Es De + Env\u00edo a domicilio + Pago seguro + Garant\u00eda","og_url":"https:\/\/compuviper.mx\/tienda\/producto\/dahua-dh-xvr5216a-4kl-i3-dvr-xvr5216a-4kl-i3-16-canales-4k-wizsense-h-265-16-canales-hdcvi16-ip-hasta-32-ch-ip-2-ch-de-reconocimiento-facial-sdm-plus-proteccion-perimetral-2-sata-de-hasta\/","og_site_name":"Compuviper","article_publisher":"https:\/\/www.facebook.com\/compuviper","og_image":[{"width":200,"height":200,"url":"https:\/\/compuviper.mx\/tienda\/wp-content\/uploads\/2024\/09\/Dvr-dahua-xvr5216a-4kl-i3-16-canales-4k-wizsense-h.265-16-canales-hdcvi16-ip-hasta-32-ch-ip-2-ch-de-reconocimiento-facial-sdm-plus-proteccion-perimetral-2-sata-de-hasta-10tb-16-and-3-e-and-s-de.jpg","type":"image\/jpeg"}],"twitter_card":"summary_large_image","twitter_misc":{"Precio":"&#36;5,804 con IVA","Availability":"Out of stock"},"schema":{"@context":"https:\/\/schema.org","@graph":[{"@type":"WebPage","@id":"https:\/\/compuviper.mx\/tienda\/producto\/dahua-dh-xvr5216a-4kl-i3-dvr-xvr5216a-4kl-i3-16-canales-4k-wizsense-h-265-16-canales-hdcvi16-ip-hasta-32-ch-ip-2-ch-de-reconocimiento-facial-sdm-plus-proteccion-perimetral-2-sata-de-hasta\/","url":"https:\/\/compuviper.mx\/tienda\/producto\/dahua-dh-xvr5216a-4kl-i3-dvr-xvr5216a-4kl-i3-16-canales-4k-wizsense-h-265-16-canales-hdcvi16-ip-hasta-32-ch-ip-2-ch-de-reconocimiento-facial-sdm-plus-proteccion-perimetral-2-sata-de-hasta\/","name":"[ Dahua ] &#129351; Dh-xvr5216a-4kl-i3 Dvr\/ \/ Xvr5216a-4kl-i3\/ 16 Canales 4k\/ Wizsense\/ H.265\/ 16 Canales Hdcvi16 Ip\/ Hasta 32 Ch Ip\/ 2 Ch De Reconocimiento Facial\/ Sdm Plus\/ Proteccion Perimetral\/ 2 Sata De Hasta 10tb\/ 163 Es De","isPartOf":{"@id":"https:\/\/compuviper.mx\/tienda\/#website"},"datePublished":"2026-04-02T06:22:29+00:00","dateModified":"2026-04-02T06:22:29+00:00","description":"Compra Dh-xvr5216a-4kl-i3 Dvr\/ \/ Xvr5216a-4kl-i3\/ 16 Canales 4k\/ Wizsense\/ H.265\/ 16 Canales Hdcvi16 Ip\/ Hasta 32 Ch Ip\/ 2 Ch De Reconocimiento Facial\/ Sdm Plus\/ Proteccion Perimetral\/ 2 Sata De Hasta 10tb\/ 163 Es De + Env\u00edo a domicilio + Pago seguro + Garant\u00eda","breadcrumb":{"@id":"https:\/\/compuviper.mx\/tienda\/producto\/dahua-dh-xvr5216a-4kl-i3-dvr-xvr5216a-4kl-i3-16-canales-4k-wizsense-h-265-16-canales-hdcvi16-ip-hasta-32-ch-ip-2-ch-de-reconocimiento-facial-sdm-plus-proteccion-perimetral-2-sata-de-hasta\/#breadcrumb"},"inLanguage":"es-MX","potentialAction":[{"@type":"ReadAction","target":["https:\/\/compuviper.mx\/tienda\/producto\/dahua-dh-xvr5216a-4kl-i3-dvr-xvr5216a-4kl-i3-16-canales-4k-wizsense-h-265-16-canales-hdcvi16-ip-hasta-32-ch-ip-2-ch-de-reconocimiento-facial-sdm-plus-proteccion-perimetral-2-sata-de-hasta\/"]}]},{"@type":"BreadcrumbList","@id":"https:\/\/compuviper.mx\/tienda\/producto\/dahua-dh-xvr5216a-4kl-i3-dvr-xvr5216a-4kl-i3-16-canales-4k-wizsense-h-265-16-canales-hdcvi16-ip-hasta-32-ch-ip-2-ch-de-reconocimiento-facial-sdm-plus-proteccion-perimetral-2-sata-de-hasta\/#breadcrumb","itemListElement":[{"@type":"ListItem","position":1,"name":"Inicio","item":"https:\/\/compuviper.mx\/tienda\/"},{"@type":"ListItem","position":2,"name":"Productos","item":"https:\/\/compuviper.mx\/tienda\/productos\/"},{"@type":"ListItem","position":3,"name":"Videograbadores","item":"https:\/\/compuviper.mx\/tienda\/categoria-producto\/videograbadores\/"},{"@type":"ListItem","position":4,"name":"Dvr","item":"https:\/\/compuviper.mx\/tienda\/categoria-producto\/videograbadores\/dvr\/"},{"@type":"ListItem","position":5,"name":"Dahua Dh-xvr5216a-4kl-i3 Dvr\/ \/ Xvr5216a-4kl-i3\/ 16 Canales 4k\/ Wizsense\/ H.265\/ 16 Canales Hdcvi16 Ip\/ Hasta 32 Ch Ip\/ 2 Ch De Reconocimiento Facial\/ Sdm Plus\/ Proteccion Perimetral\/ 2 Sata De Hasta 10tb\/ 163 Es De"}]},{"@type":"WebSite","@id":"https:\/\/compuviper.mx\/tienda\/#website","url":"https:\/\/compuviper.mx\/tienda\/","name":"Compuviper","description":"Proveedor de Computadoras, Laptops, Servidores, Monitores, Puntos de Venta, Teclados,   Impresoras, T\u00f3ner, C\u00e1maras de Seguridad y m\u00e1s en tu tienda en l\u00ednea","publisher":{"@id":"https:\/\/compuviper.mx\/tienda\/#organization"},"potentialAction":[{"@type":"SearchAction","target":{"@type":"EntryPoint","urlTemplate":"https:\/\/compuviper.mx\/tienda\/?s={search_term_string}"},"query-input":"required name=search_term_string"}],"inLanguage":"es-MX"},{"@type":"Organization","@id":"https:\/\/compuviper.mx\/tienda\/#organization","name":"Compuviper","url":"https:\/\/compuviper.mx\/tienda\/","logo":{"@type":"ImageObject","inLanguage":"es-MX","@id":"https:\/\/compuviper.mx\/tienda\/#\/schema\/logo\/image\/","url":"https:\/\/compuviper.mx\/tienda\/wp-content\/uploads\/2021\/08\/Logo-Compuviper-10.png","contentUrl":"https:\/\/compuviper.mx\/tienda\/wp-content\/uploads\/2021\/08\/Logo-Compuviper-10.png","width":1000,"height":500,"caption":"Compuviper"},"image":{"@id":"https:\/\/compuviper.mx\/tienda\/#\/schema\/logo\/image\/"},"sameAs":["https:\/\/www.facebook.com\/compuviper","https:\/\/www.youtube.com\/channel\/UCf73dERp9Y3cfOq7q8BhLjA?view_as=subscriber"]}]},"product_brand":"DAHUA","product_price_amount":"5804","product_price_currency":"MXN","og_availability":"out of stock","product_availability":"out of stock","product_retailer_item_id":"DH-XVR5216A-4KL-I3","product_condition":"new"},"_links":{"self":[{"href":"https:\/\/compuviper.mx\/tienda\/wp-json\/wp\/v2\/product\/240918"}],"collection":[{"href":"https:\/\/compuviper.mx\/tienda\/wp-json\/wp\/v2\/product"}],"about":[{"href":"https:\/\/compuviper.mx\/tienda\/wp-json\/wp\/v2\/types\/product"}],"replies":[{"embeddable":true,"href":"https:\/\/compuviper.mx\/tienda\/wp-json\/wp\/v2\/comments?post=240918"}],"wp:featuredmedia":[{"embeddable":true,"href":"https:\/\/compuviper.mx\/tienda\/wp-json\/wp\/v2\/media\/242543"}],"wp:attachment":[{"href":"https:\/\/compuviper.mx\/tienda\/wp-json\/wp\/v2\/media?parent=240918"}],"wp:term":[{"taxonomy":"product_cat","embeddable":true,"href":"https:\/\/compuviper.mx\/tienda\/wp-json\/wp\/v2\/product_cat?post=240918"},{"taxonomy":"product_tag","embeddable":true,"href":"https:\/\/compuviper.mx\/tienda\/wp-json\/wp\/v2\/product_tag?post=240918"}],"curies":[{"name":"wp","href":"https:\/\/api.w.org\/{rel}","templated":true}]}}