{"id":240863,"date":"2026-04-01T23:13:39","date_gmt":"2026-04-02T05:13:39","guid":{"rendered":"https:\/\/compuviper.mx\/tienda\/producto\/tech-zone-accesorios-tzlbp14-mochila-backpack-tech-zone-negra-expandible-para-laptop-de-16\/"},"modified":"2026-04-01T23:13:39","modified_gmt":"2026-04-02T05:13:39","slug":"tech-zone-accesorios-tzlbp14-mochila-backpack-tech-zone-negra-expandible-para-laptop-de-16","status":"publish","type":"product","link":"https:\/\/compuviper.mx\/tienda\/producto\/tech-zone-accesorios-tzlbp14-mochila-backpack-tech-zone-negra-expandible-para-laptop-de-16\/","title":{"rendered":"Tech Zone Accesorios Tzlbp14 Mochila Backpack Tech Zone Negra Expandible  Para Laptop De 16"},"content":{"rendered":"<table class=\"descripcion\">\n<tr>\n<td>Material:<\/td>\n<\/tr>\n<tr>\n<td>Exterior: 100% poli\u00e9ster<\/td>\n<\/tr>\n<tr>\n<td>Forro: 100% poli\u00e9ster<\/td>\n<\/tr>\n<tr>\n<td>Dimensiones: 30 x 12.5 x 43 cm<\/td>\n<\/tr>\n<tr>\n<td>Peso: 500 g<\/td>\n<\/tr>\n<tr>\n<td>Color: negro con detalles en naranja<\/td>\n<\/tr>\n<tr>\n<td>Especificaci\u00f3n t\u00e9cnica:<\/td>\n<\/tr>\n<tr>\n<td>Tama\u00f1o de la laptop: 16\u0094<\/td>\n<\/tr>\n<tr>\n<td>N\u00famero de compartimientos internos: 1 con bolsa acolchada y 1 con organizador<\/td>\n<\/tr>\n<tr>\n<td>N\u00famero de compartimientos externos: 2 laterales y 2 frontales<\/td>\n<\/tr>\n<tr>\n<td>Tipo y tama\u00f1o del tirante: acojinado 7.5 cm<\/td>\n<\/tr>\n<\/table>\n","protected":false},"excerpt":{"rendered":"<p>Esta backpack funciona como una elegante porta laptop, brinda la protecci\u00f3n que necesitas para tus dispositivos electr\u00f3nicos mientras te desplazas. Exp\u00e1ndela y convi\u00e9rtela en una espaciosa compa\u00f1era que se adapta a tus necesidades. Dos bolsas con cierre al frente y dos laterales de malla te ofrecen un acceso r\u00e1pido y conveniente a tus pertenencias esenciales, manteni\u00e9ndote siempre organizado y listo para cualquier situaci\u00f3n. Descubre la comodidad, la versatilidad y el estilo incomparable de nuestra mochila con doble funci\u00f3n. Convierte tu experiencia diaria en algo extraordinario con nuestra mochila convertible.<\/p>\n","protected":false},"featured_media":242016,"comment_status":"open","ping_status":"open","template":"","meta":[],"product_cat":[1557,1558],"product_tag":[2233],"acf":[],"yoast_head":"<!-- This site is optimized with the Yoast SEO plugin v21.7 - https:\/\/yoast.com\/wordpress\/plugins\/seo\/ -->\n<title>[ Tech Zone Accesorios ] &#129351; Tzlbp14 Mochila Backpack Tech Zone Negra Expandible Para Laptop De 16<\/title>\n<meta name=\"description\" content=\"Compra Tzlbp14 Mochila Backpack Tech Zone Negra Expandible Para Laptop De 16 + Env\u00edo a domicilio + Pago seguro + Garant\u00eda\" \/>\n<meta name=\"robots\" content=\"index, follow, max-snippet:-1, max-image-preview:large, max-video-preview:-1\" \/>\n<link rel=\"canonical\" href=\"https:\/\/compuviper.mx\/tienda\/producto\/tech-zone-accesorios-tzlbp14-mochila-backpack-tech-zone-negra-expandible-para-laptop-de-16\/\" \/>\n<meta property=\"og:locale\" content=\"es_MX\" \/>\n<meta property=\"og:type\" content=\"article\" \/>\n<meta property=\"og:title\" content=\"[ Tech Zone Accesorios ] &#129351; Tzlbp14 Mochila Backpack Tech Zone Negra Expandible Para Laptop De 16\" \/>\n<meta property=\"og:description\" content=\"Compra Tzlbp14 Mochila Backpack Tech Zone Negra Expandible Para Laptop De 16 + Env\u00edo a domicilio + Pago seguro + Garant\u00eda\" \/>\n<meta property=\"og:url\" content=\"https:\/\/compuviper.mx\/tienda\/producto\/tech-zone-accesorios-tzlbp14-mochila-backpack-tech-zone-negra-expandible-para-laptop-de-16\/\" \/>\n<meta property=\"og:site_name\" content=\"Compuviper\" \/>\n<meta property=\"article:publisher\" content=\"https:\/\/www.facebook.com\/compuviper\" \/>\n<meta property=\"og:image\" content=\"https:\/\/compuviper.mx\/tienda\/wp-content\/uploads\/2024\/09\/Mochila-backpack-tech-zone-negra-expandible-tzlbp14-para-laptop-de-16.jpg\" \/>\n\t<meta property=\"og:image:width\" content=\"200\" \/>\n\t<meta property=\"og:image:height\" content=\"200\" \/>\n\t<meta property=\"og:image:type\" content=\"image\/jpeg\" \/>\n<meta name=\"twitter:card\" content=\"summary_large_image\" \/>\n<meta name=\"twitter:label1\" content=\"Precio\" \/>\n\t<meta name=\"twitter:data1\" content=\"&#36;487 con IVA\" \/>\n\t<meta name=\"twitter:label2\" content=\"Availability\" \/>\n\t<meta name=\"twitter:data2\" content=\"In stock\" \/>\n<script type=\"application\/ld+json\" class=\"yoast-schema-graph\">{\"@context\":\"https:\/\/schema.org\",\"@graph\":[{\"@type\":\"WebPage\",\"@id\":\"https:\/\/compuviper.mx\/tienda\/producto\/tech-zone-accesorios-tzlbp14-mochila-backpack-tech-zone-negra-expandible-para-laptop-de-16\/\",\"url\":\"https:\/\/compuviper.mx\/tienda\/producto\/tech-zone-accesorios-tzlbp14-mochila-backpack-tech-zone-negra-expandible-para-laptop-de-16\/\",\"name\":\"[ Tech Zone Accesorios ] &#129351; Tzlbp14 Mochila Backpack Tech Zone Negra Expandible Para Laptop De 16\",\"isPartOf\":{\"@id\":\"https:\/\/compuviper.mx\/tienda\/#website\"},\"datePublished\":\"2026-04-02T05:13:39+00:00\",\"dateModified\":\"2026-04-02T05:13:39+00:00\",\"description\":\"Compra Tzlbp14 Mochila Backpack Tech Zone Negra Expandible Para Laptop De 16 + Env\u00edo a domicilio + Pago seguro + Garant\u00eda\",\"breadcrumb\":{\"@id\":\"https:\/\/compuviper.mx\/tienda\/producto\/tech-zone-accesorios-tzlbp14-mochila-backpack-tech-zone-negra-expandible-para-laptop-de-16\/#breadcrumb\"},\"inLanguage\":\"es-MX\",\"potentialAction\":[{\"@type\":\"ReadAction\",\"target\":[\"https:\/\/compuviper.mx\/tienda\/producto\/tech-zone-accesorios-tzlbp14-mochila-backpack-tech-zone-negra-expandible-para-laptop-de-16\/\"]}]},{\"@type\":\"BreadcrumbList\",\"@id\":\"https:\/\/compuviper.mx\/tienda\/producto\/tech-zone-accesorios-tzlbp14-mochila-backpack-tech-zone-negra-expandible-para-laptop-de-16\/#breadcrumb\",\"itemListElement\":[{\"@type\":\"ListItem\",\"position\":1,\"name\":\"Inicio\",\"item\":\"https:\/\/compuviper.mx\/tienda\/\"},{\"@type\":\"ListItem\",\"position\":2,\"name\":\"Productos\",\"item\":\"https:\/\/compuviper.mx\/tienda\/productos\/\"},{\"@type\":\"ListItem\",\"position\":3,\"name\":\"Back Pack (mochila)\",\"item\":\"https:\/\/compuviper.mx\/tienda\/categoria-producto\/back-pack-mochila\/\"},{\"@type\":\"ListItem\",\"position\":4,\"name\":\"Sin Categor\u00eda\",\"item\":\"https:\/\/compuviper.mx\/tienda\/categoria-producto\/back-pack-mochila\/sin-categoria-back-pack-mochila\/\"},{\"@type\":\"ListItem\",\"position\":5,\"name\":\"Tech Zone Accesorios Tzlbp14 Mochila Backpack Tech Zone Negra Expandible Para Laptop De 16\"}]},{\"@type\":\"WebSite\",\"@id\":\"https:\/\/compuviper.mx\/tienda\/#website\",\"url\":\"https:\/\/compuviper.mx\/tienda\/\",\"name\":\"Compuviper\",\"description\":\"Proveedor de Computadoras, Laptops, Servidores, Monitores, Puntos de Venta, Teclados,   Impresoras, T\u00f3ner, C\u00e1maras de Seguridad y m\u00e1s en tu tienda en l\u00ednea\",\"publisher\":{\"@id\":\"https:\/\/compuviper.mx\/tienda\/#organization\"},\"potentialAction\":[{\"@type\":\"SearchAction\",\"target\":{\"@type\":\"EntryPoint\",\"urlTemplate\":\"https:\/\/compuviper.mx\/tienda\/?s={search_term_string}\"},\"query-input\":\"required name=search_term_string\"}],\"inLanguage\":\"es-MX\"},{\"@type\":\"Organization\",\"@id\":\"https:\/\/compuviper.mx\/tienda\/#organization\",\"name\":\"Compuviper\",\"url\":\"https:\/\/compuviper.mx\/tienda\/\",\"logo\":{\"@type\":\"ImageObject\",\"inLanguage\":\"es-MX\",\"@id\":\"https:\/\/compuviper.mx\/tienda\/#\/schema\/logo\/image\/\",\"url\":\"https:\/\/compuviper.mx\/tienda\/wp-content\/uploads\/2021\/08\/Logo-Compuviper-10.png\",\"contentUrl\":\"https:\/\/compuviper.mx\/tienda\/wp-content\/uploads\/2021\/08\/Logo-Compuviper-10.png\",\"width\":1000,\"height\":500,\"caption\":\"Compuviper\"},\"image\":{\"@id\":\"https:\/\/compuviper.mx\/tienda\/#\/schema\/logo\/image\/\"},\"sameAs\":[\"https:\/\/www.facebook.com\/compuviper\",\"https:\/\/www.youtube.com\/channel\/UCf73dERp9Y3cfOq7q8BhLjA?view_as=subscriber\"]}]}<\/script>\n<meta property=\"product:brand\" content=\"Tech Zone Accesorios\" \/>\n<meta property=\"product:price:amount\" content=\"487\" \/>\n<meta property=\"product:price:currency\" content=\"MXN\" \/>\n<meta property=\"og:availability\" content=\"instock\" \/>\n<meta property=\"product:availability\" content=\"instock\" \/>\n<meta property=\"product:retailer_item_id\" content=\"TZLBP14\" \/>\n<meta property=\"product:condition\" content=\"new\" \/>\n<!-- \/ Yoast SEO plugin. -->","yoast_head_json":{"title":"[ Tech Zone Accesorios ] &#129351; Tzlbp14 Mochila Backpack Tech Zone Negra Expandible Para Laptop De 16","description":"Compra Tzlbp14 Mochila Backpack Tech Zone Negra Expandible Para Laptop De 16 + Env\u00edo a domicilio + Pago seguro + Garant\u00eda","robots":{"index":"index","follow":"follow","max-snippet":"max-snippet:-1","max-image-preview":"max-image-preview:large","max-video-preview":"max-video-preview:-1"},"canonical":"https:\/\/compuviper.mx\/tienda\/producto\/tech-zone-accesorios-tzlbp14-mochila-backpack-tech-zone-negra-expandible-para-laptop-de-16\/","og_locale":"es_MX","og_type":"article","og_title":"[ Tech Zone Accesorios ] &#129351; Tzlbp14 Mochila Backpack Tech Zone Negra Expandible Para Laptop De 16","og_description":"Compra Tzlbp14 Mochila Backpack Tech Zone Negra Expandible Para Laptop De 16 + Env\u00edo a domicilio + Pago seguro + Garant\u00eda","og_url":"https:\/\/compuviper.mx\/tienda\/producto\/tech-zone-accesorios-tzlbp14-mochila-backpack-tech-zone-negra-expandible-para-laptop-de-16\/","og_site_name":"Compuviper","article_publisher":"https:\/\/www.facebook.com\/compuviper","og_image":[{"width":200,"height":200,"url":"https:\/\/compuviper.mx\/tienda\/wp-content\/uploads\/2024\/09\/Mochila-backpack-tech-zone-negra-expandible-tzlbp14-para-laptop-de-16.jpg","type":"image\/jpeg"}],"twitter_card":"summary_large_image","twitter_misc":{"Precio":"&#36;487 con IVA","Availability":"In stock"},"schema":{"@context":"https:\/\/schema.org","@graph":[{"@type":"WebPage","@id":"https:\/\/compuviper.mx\/tienda\/producto\/tech-zone-accesorios-tzlbp14-mochila-backpack-tech-zone-negra-expandible-para-laptop-de-16\/","url":"https:\/\/compuviper.mx\/tienda\/producto\/tech-zone-accesorios-tzlbp14-mochila-backpack-tech-zone-negra-expandible-para-laptop-de-16\/","name":"[ Tech Zone Accesorios ] &#129351; Tzlbp14 Mochila Backpack Tech Zone Negra Expandible Para Laptop De 16","isPartOf":{"@id":"https:\/\/compuviper.mx\/tienda\/#website"},"datePublished":"2026-04-02T05:13:39+00:00","dateModified":"2026-04-02T05:13:39+00:00","description":"Compra Tzlbp14 Mochila Backpack Tech Zone Negra Expandible Para Laptop De 16 + Env\u00edo a domicilio + Pago seguro + Garant\u00eda","breadcrumb":{"@id":"https:\/\/compuviper.mx\/tienda\/producto\/tech-zone-accesorios-tzlbp14-mochila-backpack-tech-zone-negra-expandible-para-laptop-de-16\/#breadcrumb"},"inLanguage":"es-MX","potentialAction":[{"@type":"ReadAction","target":["https:\/\/compuviper.mx\/tienda\/producto\/tech-zone-accesorios-tzlbp14-mochila-backpack-tech-zone-negra-expandible-para-laptop-de-16\/"]}]},{"@type":"BreadcrumbList","@id":"https:\/\/compuviper.mx\/tienda\/producto\/tech-zone-accesorios-tzlbp14-mochila-backpack-tech-zone-negra-expandible-para-laptop-de-16\/#breadcrumb","itemListElement":[{"@type":"ListItem","position":1,"name":"Inicio","item":"https:\/\/compuviper.mx\/tienda\/"},{"@type":"ListItem","position":2,"name":"Productos","item":"https:\/\/compuviper.mx\/tienda\/productos\/"},{"@type":"ListItem","position":3,"name":"Back Pack (mochila)","item":"https:\/\/compuviper.mx\/tienda\/categoria-producto\/back-pack-mochila\/"},{"@type":"ListItem","position":4,"name":"Sin Categor\u00eda","item":"https:\/\/compuviper.mx\/tienda\/categoria-producto\/back-pack-mochila\/sin-categoria-back-pack-mochila\/"},{"@type":"ListItem","position":5,"name":"Tech Zone Accesorios Tzlbp14 Mochila Backpack Tech Zone Negra Expandible Para Laptop De 16"}]},{"@type":"WebSite","@id":"https:\/\/compuviper.mx\/tienda\/#website","url":"https:\/\/compuviper.mx\/tienda\/","name":"Compuviper","description":"Proveedor de Computadoras, Laptops, Servidores, Monitores, Puntos de Venta, Teclados,   Impresoras, T\u00f3ner, C\u00e1maras de Seguridad y m\u00e1s en tu tienda en l\u00ednea","publisher":{"@id":"https:\/\/compuviper.mx\/tienda\/#organization"},"potentialAction":[{"@type":"SearchAction","target":{"@type":"EntryPoint","urlTemplate":"https:\/\/compuviper.mx\/tienda\/?s={search_term_string}"},"query-input":"required name=search_term_string"}],"inLanguage":"es-MX"},{"@type":"Organization","@id":"https:\/\/compuviper.mx\/tienda\/#organization","name":"Compuviper","url":"https:\/\/compuviper.mx\/tienda\/","logo":{"@type":"ImageObject","inLanguage":"es-MX","@id":"https:\/\/compuviper.mx\/tienda\/#\/schema\/logo\/image\/","url":"https:\/\/compuviper.mx\/tienda\/wp-content\/uploads\/2021\/08\/Logo-Compuviper-10.png","contentUrl":"https:\/\/compuviper.mx\/tienda\/wp-content\/uploads\/2021\/08\/Logo-Compuviper-10.png","width":1000,"height":500,"caption":"Compuviper"},"image":{"@id":"https:\/\/compuviper.mx\/tienda\/#\/schema\/logo\/image\/"},"sameAs":["https:\/\/www.facebook.com\/compuviper","https:\/\/www.youtube.com\/channel\/UCf73dERp9Y3cfOq7q8BhLjA?view_as=subscriber"]}]},"product_brand":"Tech Zone Accesorios","product_price_amount":"487","product_price_currency":"MXN","og_availability":"instock","product_availability":"instock","product_retailer_item_id":"TZLBP14","product_condition":"new"},"_links":{"self":[{"href":"https:\/\/compuviper.mx\/tienda\/wp-json\/wp\/v2\/product\/240863"}],"collection":[{"href":"https:\/\/compuviper.mx\/tienda\/wp-json\/wp\/v2\/product"}],"about":[{"href":"https:\/\/compuviper.mx\/tienda\/wp-json\/wp\/v2\/types\/product"}],"replies":[{"embeddable":true,"href":"https:\/\/compuviper.mx\/tienda\/wp-json\/wp\/v2\/comments?post=240863"}],"wp:featuredmedia":[{"embeddable":true,"href":"https:\/\/compuviper.mx\/tienda\/wp-json\/wp\/v2\/media\/242016"}],"wp:attachment":[{"href":"https:\/\/compuviper.mx\/tienda\/wp-json\/wp\/v2\/media?parent=240863"}],"wp:term":[{"taxonomy":"product_cat","embeddable":true,"href":"https:\/\/compuviper.mx\/tienda\/wp-json\/wp\/v2\/product_cat?post=240863"},{"taxonomy":"product_tag","embeddable":true,"href":"https:\/\/compuviper.mx\/tienda\/wp-json\/wp\/v2\/product_tag?post=240863"}],"curies":[{"name":"wp","href":"https:\/\/api.w.org\/{rel}","templated":true}]}}