{"id":240832,"date":"2026-04-23T00:14:47","date_gmt":"2026-04-23T06:14:47","guid":{"rendered":"https:\/\/compuviper.mx\/tienda\/producto\/dahua-dh-hac-hfw1500rn-z-ire6-2712-s2-camara-hac-hfw1500r-z-ire6-bullet-de-5-mp-lente-motorizado-de-2-7-a-12-mm-ir-de-60-mts-metalica-ip67-blc-hlc-dwdr-soporta-cvi-cvbs-ahd-tvi\/"},"modified":"2026-04-23T00:14:48","modified_gmt":"2026-04-23T06:14:48","slug":"dahua-dh-hac-hfw1500rn-z-ire6-2712-s2-camara-hac-hfw1500r-z-ire6-bullet-de-5-mp-lente-motorizado-de-2-7-a-12-mm-ir-de-60-mts-metalica-ip67-blc-hlc-dwdr-soporta-cvi-cvbs-ahd-tvi","status":"publish","type":"product","link":"https:\/\/compuviper.mx\/tienda\/producto\/dahua-dh-hac-hfw1500rn-z-ire6-2712-s2-camara-hac-hfw1500r-z-ire6-bullet-de-5-mp-lente-motorizado-de-2-7-a-12-mm-ir-de-60-mts-metalica-ip67-blc-hlc-dwdr-soporta-cvi-cvbs-ahd-tvi\/","title":{"rendered":"Dahua Dh-hac-hfw1500rn-z-ire6-2712-s2 Camara\/ \/ Hac-hfw1500r-z-ire6 Bullet De 5 Mp\/ Lente Motorizado De 2.7 A 12 Mm\/ Ir De 60 Mts\/ Metalica\/ Ip67\/ Blc\/hlc\/dwdr\/ Soporta: Cvi\/cvbs\/ahd\/tvi"},"content":{"rendered":"<table class=\"descripcion\">\n<tr>\n<td>Principales caracteristicas<\/td>\n<\/tr>\n<tr>\n<td>\u0095 d-wdr &#8211; amplio rango dinamico de la iluminacion<\/td>\n<\/tr>\n<tr>\n<td>\u0095 2d-dnr &#8211; reduccion digital de ruido en la imagen<\/td>\n<\/tr>\n<tr>\n<td>\u0095 anti-flicker &#8211; la tecnologia elimina el efecto de parpadeo de imagen que es cansador para los ojos<\/td>\n<\/tr>\n<tr>\n<td>\u0095 blc &#8211; compensacion de contraluz<\/td>\n<\/tr>\n<tr>\n<td>\u0095 hlc &#8211; compensacion de alta luz (punto)<\/td>\n<\/tr>\n<tr>\n<td>\u0095 agc &#8211; ajuste automatico de la ganancia de la imagen<\/td>\n<\/tr>\n<tr>\n<td>\u0095 icr &#8211; filtro mecanico de infrarrojos<\/td>\n<\/tr>\n<tr>\n<td>\u0095 zonas de privacidad &#8211; hasta 8<\/td>\n<\/tr>\n<tr>\n<td>\u0095 mirror &#8211; imagen de espejo<\/td>\n<\/tr>\n<tr>\n<td>\u0095 balance de blancos automatico<\/td>\n<\/tr>\n<tr>\n<td>\u0095 sharpness &#8211; enfoque de los contornos de la imagen<\/td>\n<\/tr>\n<tr>\n<td>Especificaciones<\/td>\n<\/tr>\n<tr>\n<td>\u0095 1\/2.7  progressive scan cmos<\/td>\n<\/tr>\n<tr>\n<td>\u0095 5 megapixeles<\/td>\n<\/tr>\n<tr>\n<td>\u0095 salida de video:ahd \/ hd-cvi \/ hd-tvi \/ cvbs, 1 vpp \/ 75  and #937;<\/td>\n<\/tr>\n<tr>\n<td>\u0095 lentes motorizado:2.7mm &#8211; 12 mm<\/td>\n<\/tr>\n<tr>\n<td>\u0095 angulo de vision:107 \u00b0 &#8211; 34 \u00b0<\/td>\n<\/tr>\n<tr>\n<td>\u0095 relacion se\u00f1al\/ruido (s\/n):  65 db<\/td>\n<\/tr>\n<tr>\n<td>\u0095 rango del iluminador ir:60 m<\/td>\n<\/tr>\n<tr>\n<td>\u0095 ajuste de potencia del iluminador ir: automatico<\/td>\n<\/tr>\n<tr>\n<td>\u0095 alimentacion:12 v dc \/ 820 ma<\/td>\n<\/tr>\n<tr>\n<td>\u0095 carcasa: metal<\/td>\n<\/tr>\n<tr>\n<td>\u0095 grado de proteccion:ip67<\/td>\n<\/tr>\n<\/table>\n","protected":false},"excerpt":{"rendered":"<p>Informacipon general. Experimente video de 5mp full hd y la simplicidad de usar cableado existente infraestructura con hdcvi. Caracteristicas de la camara hdcvi de 5 mp de la serie lite un dise\u00f1o compacto y ofrece una imagen de alta calidad a un precio asequible. Eso ofrece varios modelos de lentes motorizados \/ fijos con un osd en varios idiomas y salida conmutable hd \/ sd. Su flexibilidad estructural y su alto costo-rendimiento hacen que la camara sea una opcion ideal para soluciones smb. Relacion de aspecto. La relacion de aspecto de una pantalla de television antigua es de 4:3, que a simple vista parece cuadrada, pero no lo es. Los televisores panoramicos mas recientes (incluyendo los de alta definici\u00f3n) suelen tener una relacion de aspecto de 16:9. Esta es la relacipon utilizada por los dvd, lo que en una pantalla tradicional deja dos franjas negras arriba y abajo de la imagen. Nota: para poder hacer uso correcto de esta camara es necesario que el xvr tenga la version v4.001.0000001.0.R.200908 o superior. Osd en varios idiomas. El menu osd proporciona multiples ajustes de imagen y configuraciones de funciones para cumplir con los requisitos de diferentes escenas de monitoreo. El osd menu incluye configuraciones como el modo de luz de fondo, dia \/ noche, blanco equilibrio, mascara de privacidad y deteccion de movimiento. La camara admite 11 idiomas para el menu osd, a saber, chino, ingles, frances, aleman, espa\u00f1ol, portugues, italiano, japones, coreano, ruso y polaco. Proteccion. La excelente confiabilidad de la camara es insuperable debido a su dise\u00f1o resistente. La camara esta protegida contra el agua y el polvo con clasificacion ip67, haci\u00e9ndolo adecuado para ambientes interiores o exteriores. Con un rango de temperatura de trabajo de -40 \u00b0 c a +60 \u00b0 c (-40 \u00b0 f a +140 \u00b0 f), la camara est\u00e1 dise\u00f1ada para entornos de temperaturas extremas. Con una tolerancia de voltaje de entrada de \u00b1 30%, esta camara se adapta incluso condiciones de suministro de energia mas inestables. Su clasificacion de rayos 4kv proporciona proteccion contra la camara y su estructura de los efectos de relampago.<\/p>\n","protected":false},"featured_media":242529,"comment_status":"open","ping_status":"open","template":"","meta":[],"product_cat":[1681,1608],"product_tag":[1555],"acf":[],"yoast_head":"<!-- This site is optimized with the Yoast SEO plugin v21.7 - https:\/\/yoast.com\/wordpress\/plugins\/seo\/ -->\n<title>[ Dahua ] &#129351; Dh-hac-hfw1500rn-z-ire6-2712-s2 Camara\/ \/ Hac-hfw1500r-z-ire6 Bullet De 5 Mp\/ Lente Motorizado De 2.7 A 12 Mm\/ Ir De 60 Mts\/ Metalica\/ Ip67\/ Blc\/hlc\/dwdr\/ Soporta: Cvi\/cvbs\/ahd\/tvi<\/title>\n<meta name=\"description\" content=\"Compra Dh-hac-hfw1500rn-z-ire6-2712-s2 Camara\/ \/ Hac-hfw1500r-z-ire6 Bullet De 5 Mp\/ Lente Motorizado De 2.7 A 12 Mm\/ Ir De 60 Mts\/ Metalica\/ Ip67\/ Blc\/hlc\/dwdr\/ Soporta: Cvi\/cvbs\/ahd\/tvi + Env\u00edo a domicilio + Pago seguro + Garant\u00eda\" \/>\n<meta name=\"robots\" content=\"index, follow, max-snippet:-1, max-image-preview:large, max-video-preview:-1\" \/>\n<link rel=\"canonical\" href=\"https:\/\/compuviper.mx\/tienda\/producto\/dahua-dh-hac-hfw1500rn-z-ire6-2712-s2-camara-hac-hfw1500r-z-ire6-bullet-de-5-mp-lente-motorizado-de-2-7-a-12-mm-ir-de-60-mts-metalica-ip67-blc-hlc-dwdr-soporta-cvi-cvbs-ahd-tvi\/\" \/>\n<meta property=\"og:locale\" content=\"es_MX\" \/>\n<meta property=\"og:type\" content=\"article\" \/>\n<meta property=\"og:title\" content=\"[ Dahua ] &#129351; Dh-hac-hfw1500rn-z-ire6-2712-s2 Camara\/ \/ Hac-hfw1500r-z-ire6 Bullet De 5 Mp\/ Lente Motorizado De 2.7 A 12 Mm\/ Ir De 60 Mts\/ Metalica\/ Ip67\/ Blc\/hlc\/dwdr\/ Soporta: Cvi\/cvbs\/ahd\/tvi\" \/>\n<meta property=\"og:description\" content=\"Compra Dh-hac-hfw1500rn-z-ire6-2712-s2 Camara\/ \/ Hac-hfw1500r-z-ire6 Bullet De 5 Mp\/ Lente Motorizado De 2.7 A 12 Mm\/ Ir De 60 Mts\/ Metalica\/ Ip67\/ Blc\/hlc\/dwdr\/ Soporta: Cvi\/cvbs\/ahd\/tvi + Env\u00edo a domicilio + Pago seguro + Garant\u00eda\" \/>\n<meta property=\"og:url\" content=\"https:\/\/compuviper.mx\/tienda\/producto\/dahua-dh-hac-hfw1500rn-z-ire6-2712-s2-camara-hac-hfw1500r-z-ire6-bullet-de-5-mp-lente-motorizado-de-2-7-a-12-mm-ir-de-60-mts-metalica-ip67-blc-hlc-dwdr-soporta-cvi-cvbs-ahd-tvi\/\" \/>\n<meta property=\"og:site_name\" content=\"Compuviper\" \/>\n<meta property=\"article:publisher\" content=\"https:\/\/www.facebook.com\/compuviper\" \/>\n<meta property=\"article:modified_time\" content=\"2026-04-23T06:14:48+00:00\" \/>\n<meta property=\"og:image\" content=\"https:\/\/compuviper.mx\/tienda\/wp-content\/uploads\/2024\/09\/Camara-dahua-hac-hfw1500r-z-ire6-bullet-de-5-mp-lente-motorizado-de-2.7-a-12-mm-ir-de-60-mts-metalica-ip67-blchlcdwdr-soporta-cvicvbsahdtvi.jpg\" \/>\n\t<meta property=\"og:image:width\" content=\"200\" \/>\n\t<meta property=\"og:image:height\" content=\"200\" \/>\n\t<meta property=\"og:image:type\" content=\"image\/jpeg\" \/>\n<meta name=\"twitter:card\" content=\"summary_large_image\" \/>\n<meta name=\"twitter:label1\" content=\"Precio\" \/>\n\t<meta name=\"twitter:data1\" content=\"&#36;1,076 con IVA\" \/>\n\t<meta name=\"twitter:label2\" content=\"Availability\" \/>\n\t<meta name=\"twitter:data2\" content=\"Out of stock\" \/>\n<script type=\"application\/ld+json\" class=\"yoast-schema-graph\">{\"@context\":\"https:\/\/schema.org\",\"@graph\":[{\"@type\":\"WebPage\",\"@id\":\"https:\/\/compuviper.mx\/tienda\/producto\/dahua-dh-hac-hfw1500rn-z-ire6-2712-s2-camara-hac-hfw1500r-z-ire6-bullet-de-5-mp-lente-motorizado-de-2-7-a-12-mm-ir-de-60-mts-metalica-ip67-blc-hlc-dwdr-soporta-cvi-cvbs-ahd-tvi\/\",\"url\":\"https:\/\/compuviper.mx\/tienda\/producto\/dahua-dh-hac-hfw1500rn-z-ire6-2712-s2-camara-hac-hfw1500r-z-ire6-bullet-de-5-mp-lente-motorizado-de-2-7-a-12-mm-ir-de-60-mts-metalica-ip67-blc-hlc-dwdr-soporta-cvi-cvbs-ahd-tvi\/\",\"name\":\"[ Dahua ] &#129351; Dh-hac-hfw1500rn-z-ire6-2712-s2 Camara\/ \/ Hac-hfw1500r-z-ire6 Bullet De 5 Mp\/ Lente Motorizado De 2.7 A 12 Mm\/ Ir De 60 Mts\/ Metalica\/ Ip67\/ Blc\/hlc\/dwdr\/ Soporta: Cvi\/cvbs\/ahd\/tvi\",\"isPartOf\":{\"@id\":\"https:\/\/compuviper.mx\/tienda\/#website\"},\"datePublished\":\"2026-04-23T06:14:47+00:00\",\"dateModified\":\"2026-04-23T06:14:48+00:00\",\"description\":\"Compra Dh-hac-hfw1500rn-z-ire6-2712-s2 Camara\/ \/ Hac-hfw1500r-z-ire6 Bullet De 5 Mp\/ Lente Motorizado De 2.7 A 12 Mm\/ Ir De 60 Mts\/ Metalica\/ Ip67\/ Blc\/hlc\/dwdr\/ Soporta: Cvi\/cvbs\/ahd\/tvi + Env\u00edo a domicilio + Pago seguro + Garant\u00eda\",\"breadcrumb\":{\"@id\":\"https:\/\/compuviper.mx\/tienda\/producto\/dahua-dh-hac-hfw1500rn-z-ire6-2712-s2-camara-hac-hfw1500r-z-ire6-bullet-de-5-mp-lente-motorizado-de-2-7-a-12-mm-ir-de-60-mts-metalica-ip67-blc-hlc-dwdr-soporta-cvi-cvbs-ahd-tvi\/#breadcrumb\"},\"inLanguage\":\"es-MX\",\"potentialAction\":[{\"@type\":\"ReadAction\",\"target\":[\"https:\/\/compuviper.mx\/tienda\/producto\/dahua-dh-hac-hfw1500rn-z-ire6-2712-s2-camara-hac-hfw1500r-z-ire6-bullet-de-5-mp-lente-motorizado-de-2-7-a-12-mm-ir-de-60-mts-metalica-ip67-blc-hlc-dwdr-soporta-cvi-cvbs-ahd-tvi\/\"]}]},{\"@type\":\"BreadcrumbList\",\"@id\":\"https:\/\/compuviper.mx\/tienda\/producto\/dahua-dh-hac-hfw1500rn-z-ire6-2712-s2-camara-hac-hfw1500r-z-ire6-bullet-de-5-mp-lente-motorizado-de-2-7-a-12-mm-ir-de-60-mts-metalica-ip67-blc-hlc-dwdr-soporta-cvi-cvbs-ahd-tvi\/#breadcrumb\",\"itemListElement\":[{\"@type\":\"ListItem\",\"position\":1,\"name\":\"Inicio\",\"item\":\"https:\/\/compuviper.mx\/tienda\/\"},{\"@type\":\"ListItem\",\"position\":2,\"name\":\"Productos\",\"item\":\"https:\/\/compuviper.mx\/tienda\/productos\/\"},{\"@type\":\"ListItem\",\"position\":3,\"name\":\"Camaras\",\"item\":\"https:\/\/compuviper.mx\/tienda\/categoria-producto\/camaras-2\/\"},{\"@type\":\"ListItem\",\"position\":4,\"name\":\"Camara De Videovigilancia\",\"item\":\"https:\/\/compuviper.mx\/tienda\/categoria-producto\/camaras-2\/camara-de-videovigilancia\/\"},{\"@type\":\"ListItem\",\"position\":5,\"name\":\"Dahua Dh-hac-hfw1500rn-z-ire6-2712-s2 Camara\/ \/ Hac-hfw1500r-z-ire6 Bullet De 5 Mp\/ Lente Motorizado De 2.7 A 12 Mm\/ Ir De 60 Mts\/ Metalica\/ Ip67\/ Blc\/hlc\/dwdr\/ Soporta: Cvi\/cvbs\/ahd\/tvi\"}]},{\"@type\":\"WebSite\",\"@id\":\"https:\/\/compuviper.mx\/tienda\/#website\",\"url\":\"https:\/\/compuviper.mx\/tienda\/\",\"name\":\"Compuviper\",\"description\":\"Proveedor de Computadoras, Laptops, Servidores, Monitores, Puntos de Venta, Teclados,   Impresoras, T\u00f3ner, C\u00e1maras de Seguridad y m\u00e1s en tu tienda en l\u00ednea\",\"publisher\":{\"@id\":\"https:\/\/compuviper.mx\/tienda\/#organization\"},\"potentialAction\":[{\"@type\":\"SearchAction\",\"target\":{\"@type\":\"EntryPoint\",\"urlTemplate\":\"https:\/\/compuviper.mx\/tienda\/?s={search_term_string}\"},\"query-input\":\"required name=search_term_string\"}],\"inLanguage\":\"es-MX\"},{\"@type\":\"Organization\",\"@id\":\"https:\/\/compuviper.mx\/tienda\/#organization\",\"name\":\"Compuviper\",\"url\":\"https:\/\/compuviper.mx\/tienda\/\",\"logo\":{\"@type\":\"ImageObject\",\"inLanguage\":\"es-MX\",\"@id\":\"https:\/\/compuviper.mx\/tienda\/#\/schema\/logo\/image\/\",\"url\":\"https:\/\/compuviper.mx\/tienda\/wp-content\/uploads\/2021\/08\/Logo-Compuviper-10.png\",\"contentUrl\":\"https:\/\/compuviper.mx\/tienda\/wp-content\/uploads\/2021\/08\/Logo-Compuviper-10.png\",\"width\":1000,\"height\":500,\"caption\":\"Compuviper\"},\"image\":{\"@id\":\"https:\/\/compuviper.mx\/tienda\/#\/schema\/logo\/image\/\"},\"sameAs\":[\"https:\/\/www.facebook.com\/compuviper\",\"https:\/\/www.youtube.com\/channel\/UCf73dERp9Y3cfOq7q8BhLjA?view_as=subscriber\"]}]}<\/script>\n<meta property=\"product:brand\" content=\"DAHUA\" \/>\n<meta property=\"product:price:amount\" content=\"1076\" \/>\n<meta property=\"product:price:currency\" content=\"MXN\" \/>\n<meta property=\"og:availability\" content=\"out of stock\" \/>\n<meta property=\"product:availability\" content=\"out of stock\" \/>\n<meta property=\"product:retailer_item_id\" content=\"DH-HAC-HFW1500RN-Z-IRE6-2712-S2\" \/>\n<meta property=\"product:condition\" content=\"new\" \/>\n<!-- \/ Yoast SEO plugin. -->","yoast_head_json":{"title":"[ Dahua ] &#129351; Dh-hac-hfw1500rn-z-ire6-2712-s2 Camara\/ \/ Hac-hfw1500r-z-ire6 Bullet De 5 Mp\/ Lente Motorizado De 2.7 A 12 Mm\/ Ir De 60 Mts\/ Metalica\/ Ip67\/ Blc\/hlc\/dwdr\/ Soporta: Cvi\/cvbs\/ahd\/tvi","description":"Compra Dh-hac-hfw1500rn-z-ire6-2712-s2 Camara\/ \/ Hac-hfw1500r-z-ire6 Bullet De 5 Mp\/ Lente Motorizado De 2.7 A 12 Mm\/ Ir De 60 Mts\/ Metalica\/ Ip67\/ Blc\/hlc\/dwdr\/ Soporta: Cvi\/cvbs\/ahd\/tvi + Env\u00edo a domicilio + Pago seguro + Garant\u00eda","robots":{"index":"index","follow":"follow","max-snippet":"max-snippet:-1","max-image-preview":"max-image-preview:large","max-video-preview":"max-video-preview:-1"},"canonical":"https:\/\/compuviper.mx\/tienda\/producto\/dahua-dh-hac-hfw1500rn-z-ire6-2712-s2-camara-hac-hfw1500r-z-ire6-bullet-de-5-mp-lente-motorizado-de-2-7-a-12-mm-ir-de-60-mts-metalica-ip67-blc-hlc-dwdr-soporta-cvi-cvbs-ahd-tvi\/","og_locale":"es_MX","og_type":"article","og_title":"[ Dahua ] &#129351; Dh-hac-hfw1500rn-z-ire6-2712-s2 Camara\/ \/ Hac-hfw1500r-z-ire6 Bullet De 5 Mp\/ Lente Motorizado De 2.7 A 12 Mm\/ Ir De 60 Mts\/ Metalica\/ Ip67\/ Blc\/hlc\/dwdr\/ Soporta: Cvi\/cvbs\/ahd\/tvi","og_description":"Compra Dh-hac-hfw1500rn-z-ire6-2712-s2 Camara\/ \/ Hac-hfw1500r-z-ire6 Bullet De 5 Mp\/ Lente Motorizado De 2.7 A 12 Mm\/ Ir De 60 Mts\/ Metalica\/ Ip67\/ Blc\/hlc\/dwdr\/ Soporta: Cvi\/cvbs\/ahd\/tvi + Env\u00edo a domicilio + Pago seguro + Garant\u00eda","og_url":"https:\/\/compuviper.mx\/tienda\/producto\/dahua-dh-hac-hfw1500rn-z-ire6-2712-s2-camara-hac-hfw1500r-z-ire6-bullet-de-5-mp-lente-motorizado-de-2-7-a-12-mm-ir-de-60-mts-metalica-ip67-blc-hlc-dwdr-soporta-cvi-cvbs-ahd-tvi\/","og_site_name":"Compuviper","article_publisher":"https:\/\/www.facebook.com\/compuviper","article_modified_time":"2026-04-23T06:14:48+00:00","og_image":[{"width":200,"height":200,"url":"https:\/\/compuviper.mx\/tienda\/wp-content\/uploads\/2024\/09\/Camara-dahua-hac-hfw1500r-z-ire6-bullet-de-5-mp-lente-motorizado-de-2.7-a-12-mm-ir-de-60-mts-metalica-ip67-blchlcdwdr-soporta-cvicvbsahdtvi.jpg","type":"image\/jpeg"}],"twitter_card":"summary_large_image","twitter_misc":{"Precio":"&#36;1,076 con IVA","Availability":"Out of stock"},"schema":{"@context":"https:\/\/schema.org","@graph":[{"@type":"WebPage","@id":"https:\/\/compuviper.mx\/tienda\/producto\/dahua-dh-hac-hfw1500rn-z-ire6-2712-s2-camara-hac-hfw1500r-z-ire6-bullet-de-5-mp-lente-motorizado-de-2-7-a-12-mm-ir-de-60-mts-metalica-ip67-blc-hlc-dwdr-soporta-cvi-cvbs-ahd-tvi\/","url":"https:\/\/compuviper.mx\/tienda\/producto\/dahua-dh-hac-hfw1500rn-z-ire6-2712-s2-camara-hac-hfw1500r-z-ire6-bullet-de-5-mp-lente-motorizado-de-2-7-a-12-mm-ir-de-60-mts-metalica-ip67-blc-hlc-dwdr-soporta-cvi-cvbs-ahd-tvi\/","name":"[ Dahua ] &#129351; Dh-hac-hfw1500rn-z-ire6-2712-s2 Camara\/ \/ Hac-hfw1500r-z-ire6 Bullet De 5 Mp\/ Lente Motorizado De 2.7 A 12 Mm\/ Ir De 60 Mts\/ Metalica\/ Ip67\/ Blc\/hlc\/dwdr\/ Soporta: Cvi\/cvbs\/ahd\/tvi","isPartOf":{"@id":"https:\/\/compuviper.mx\/tienda\/#website"},"datePublished":"2026-04-23T06:14:47+00:00","dateModified":"2026-04-23T06:14:48+00:00","description":"Compra Dh-hac-hfw1500rn-z-ire6-2712-s2 Camara\/ \/ Hac-hfw1500r-z-ire6 Bullet De 5 Mp\/ Lente Motorizado De 2.7 A 12 Mm\/ Ir De 60 Mts\/ Metalica\/ Ip67\/ Blc\/hlc\/dwdr\/ Soporta: Cvi\/cvbs\/ahd\/tvi + Env\u00edo a domicilio + Pago seguro + Garant\u00eda","breadcrumb":{"@id":"https:\/\/compuviper.mx\/tienda\/producto\/dahua-dh-hac-hfw1500rn-z-ire6-2712-s2-camara-hac-hfw1500r-z-ire6-bullet-de-5-mp-lente-motorizado-de-2-7-a-12-mm-ir-de-60-mts-metalica-ip67-blc-hlc-dwdr-soporta-cvi-cvbs-ahd-tvi\/#breadcrumb"},"inLanguage":"es-MX","potentialAction":[{"@type":"ReadAction","target":["https:\/\/compuviper.mx\/tienda\/producto\/dahua-dh-hac-hfw1500rn-z-ire6-2712-s2-camara-hac-hfw1500r-z-ire6-bullet-de-5-mp-lente-motorizado-de-2-7-a-12-mm-ir-de-60-mts-metalica-ip67-blc-hlc-dwdr-soporta-cvi-cvbs-ahd-tvi\/"]}]},{"@type":"BreadcrumbList","@id":"https:\/\/compuviper.mx\/tienda\/producto\/dahua-dh-hac-hfw1500rn-z-ire6-2712-s2-camara-hac-hfw1500r-z-ire6-bullet-de-5-mp-lente-motorizado-de-2-7-a-12-mm-ir-de-60-mts-metalica-ip67-blc-hlc-dwdr-soporta-cvi-cvbs-ahd-tvi\/#breadcrumb","itemListElement":[{"@type":"ListItem","position":1,"name":"Inicio","item":"https:\/\/compuviper.mx\/tienda\/"},{"@type":"ListItem","position":2,"name":"Productos","item":"https:\/\/compuviper.mx\/tienda\/productos\/"},{"@type":"ListItem","position":3,"name":"Camaras","item":"https:\/\/compuviper.mx\/tienda\/categoria-producto\/camaras-2\/"},{"@type":"ListItem","position":4,"name":"Camara De Videovigilancia","item":"https:\/\/compuviper.mx\/tienda\/categoria-producto\/camaras-2\/camara-de-videovigilancia\/"},{"@type":"ListItem","position":5,"name":"Dahua Dh-hac-hfw1500rn-z-ire6-2712-s2 Camara\/ \/ Hac-hfw1500r-z-ire6 Bullet De 5 Mp\/ Lente Motorizado De 2.7 A 12 Mm\/ Ir De 60 Mts\/ Metalica\/ Ip67\/ Blc\/hlc\/dwdr\/ Soporta: Cvi\/cvbs\/ahd\/tvi"}]},{"@type":"WebSite","@id":"https:\/\/compuviper.mx\/tienda\/#website","url":"https:\/\/compuviper.mx\/tienda\/","name":"Compuviper","description":"Proveedor de Computadoras, Laptops, Servidores, Monitores, Puntos de Venta, Teclados,   Impresoras, T\u00f3ner, C\u00e1maras de Seguridad y m\u00e1s en tu tienda en l\u00ednea","publisher":{"@id":"https:\/\/compuviper.mx\/tienda\/#organization"},"potentialAction":[{"@type":"SearchAction","target":{"@type":"EntryPoint","urlTemplate":"https:\/\/compuviper.mx\/tienda\/?s={search_term_string}"},"query-input":"required name=search_term_string"}],"inLanguage":"es-MX"},{"@type":"Organization","@id":"https:\/\/compuviper.mx\/tienda\/#organization","name":"Compuviper","url":"https:\/\/compuviper.mx\/tienda\/","logo":{"@type":"ImageObject","inLanguage":"es-MX","@id":"https:\/\/compuviper.mx\/tienda\/#\/schema\/logo\/image\/","url":"https:\/\/compuviper.mx\/tienda\/wp-content\/uploads\/2021\/08\/Logo-Compuviper-10.png","contentUrl":"https:\/\/compuviper.mx\/tienda\/wp-content\/uploads\/2021\/08\/Logo-Compuviper-10.png","width":1000,"height":500,"caption":"Compuviper"},"image":{"@id":"https:\/\/compuviper.mx\/tienda\/#\/schema\/logo\/image\/"},"sameAs":["https:\/\/www.facebook.com\/compuviper","https:\/\/www.youtube.com\/channel\/UCf73dERp9Y3cfOq7q8BhLjA?view_as=subscriber"]}]},"product_brand":"DAHUA","product_price_amount":"1076","product_price_currency":"MXN","og_availability":"out of stock","product_availability":"out of stock","product_retailer_item_id":"DH-HAC-HFW1500RN-Z-IRE6-2712-S2","product_condition":"new"},"_links":{"self":[{"href":"https:\/\/compuviper.mx\/tienda\/wp-json\/wp\/v2\/product\/240832"}],"collection":[{"href":"https:\/\/compuviper.mx\/tienda\/wp-json\/wp\/v2\/product"}],"about":[{"href":"https:\/\/compuviper.mx\/tienda\/wp-json\/wp\/v2\/types\/product"}],"replies":[{"embeddable":true,"href":"https:\/\/compuviper.mx\/tienda\/wp-json\/wp\/v2\/comments?post=240832"}],"wp:featuredmedia":[{"embeddable":true,"href":"https:\/\/compuviper.mx\/tienda\/wp-json\/wp\/v2\/media\/242529"}],"wp:attachment":[{"href":"https:\/\/compuviper.mx\/tienda\/wp-json\/wp\/v2\/media?parent=240832"}],"wp:term":[{"taxonomy":"product_cat","embeddable":true,"href":"https:\/\/compuviper.mx\/tienda\/wp-json\/wp\/v2\/product_cat?post=240832"},{"taxonomy":"product_tag","embeddable":true,"href":"https:\/\/compuviper.mx\/tienda\/wp-json\/wp\/v2\/product_tag?post=240832"}],"curies":[{"name":"wp","href":"https:\/\/api.w.org\/{rel}","templated":true}]}}