{"id":240666,"date":"2026-04-02T02:15:27","date_gmt":"2026-04-02T08:15:27","guid":{"rendered":"https:\/\/compuviper.mx\/tienda\/producto\/norton-21456433-esd-small-business-10-dispositivos-1-ao-descarga-digital\/"},"modified":"2026-04-02T02:15:27","modified_gmt":"2026-04-02T08:15:27","slug":"norton-21456433-esd-small-business-10-dispositivos-1-ao-descarga-digital-no-server","status":"publish","type":"product","link":"https:\/\/compuviper.mx\/tienda\/producto\/norton-21456433-esd-small-business-10-dispositivos-1-ao-descarga-digital-no-server\/","title":{"rendered":"Norton 21456433 Esd  Small Business \/ 10 Dispositivos \/ 1 A?o &#8211; Descarga Digital (no Server)"},"content":{"rendered":"<table class=\"descripcion\">\n<tr>\n<td>Norton small business es compatible con dispositivos windows\u0099, pc, mac\u00ae, android\u0099 e ios.<\/td>\n<\/tr>\n<tr>\n<td>Algunas funciones est\u00e1n limitadas en algunos dispositivos o sistemas operativos.<\/td>\n<\/tr>\n<tr>\n<td>Para conocer los requisitos detallados del sistema y obtener informaci\u00f3n sobre las funciones m\u00e1s recientes, visita:<\/td>\n<\/tr>\n<tr>\n<td>Norton.com\/sysreq<\/td>\n<\/tr>\n<\/table>\n","protected":false},"excerpt":{"rendered":"<p>Perm\u00edtenos ayudar a proteger tu negocio, est\u00e9s donde est\u00e9s. Ten la confianza de que tus actividades diarias en internet, los dispositivos de tus empleados y los datos de tus clientes cuentancon la protecci\u00f3n que necesitan. Norton small business: ciberseguridad con triple capa de proteccion. -protege los dispositivos con antivirus y firewall siempre activos. -protecci\u00f3n contra desastres de los datos esenciales de tu empresa. -protege mejor las actividades diarias en l\u00ednea de tu equipo de trabajo.<\/p>\n","protected":false},"featured_media":243581,"comment_status":"open","ping_status":"open","template":"","meta":[],"product_cat":[1827,2004],"product_tag":[2040],"acf":[],"yoast_head":"<!-- This site is optimized with the Yoast SEO plugin v21.7 - https:\/\/yoast.com\/wordpress\/plugins\/seo\/ -->\n<title>[ Norton ] &#129351; 21456433 Esd Small Business \/ 10 Dispositivos \/ 1 A\u00f1o - Descarga Digital (no Server)<\/title>\n<meta name=\"description\" content=\"Compra 21456433 Esd Small Business \/ 10 Dispositivos \/ 1 A\u00f1o - Descarga Digital (no Server) + Env\u00edo a domicilio + Pago seguro + Garant\u00eda\" \/>\n<meta name=\"robots\" content=\"index, follow, max-snippet:-1, max-image-preview:large, max-video-preview:-1\" \/>\n<link rel=\"canonical\" href=\"https:\/\/compuviper.mx\/tienda\/producto\/norton-21456433-esd-small-business-10-dispositivos-1-ao-descarga-digital-no-server\/\" \/>\n<meta property=\"og:locale\" content=\"es_MX\" \/>\n<meta property=\"og:type\" content=\"article\" \/>\n<meta property=\"og:title\" content=\"[ Norton ] &#129351; 21456433 Esd Small Business \/ 10 Dispositivos \/ 1 A\u00f1o - Descarga Digital (no Server)\" \/>\n<meta property=\"og:description\" content=\"Compra 21456433 Esd Small Business \/ 10 Dispositivos \/ 1 A\u00f1o - Descarga Digital (no Server) + Env\u00edo a domicilio + Pago seguro + Garant\u00eda\" \/>\n<meta property=\"og:url\" content=\"https:\/\/compuviper.mx\/tienda\/producto\/norton-21456433-esd-small-business-10-dispositivos-1-ao-descarga-digital-no-server\/\" \/>\n<meta property=\"og:site_name\" content=\"Compuviper\" \/>\n<meta property=\"article:publisher\" content=\"https:\/\/www.facebook.com\/compuviper\" \/>\n<meta property=\"og:image\" content=\"https:\/\/compuviper.mx\/tienda\/wp-content\/uploads\/2024\/09\/Esd-norton-small-business-10-dispositivos-1-ano-descarga-digital.jpg\" \/>\n\t<meta property=\"og:image:width\" content=\"200\" \/>\n\t<meta property=\"og:image:height\" content=\"200\" \/>\n\t<meta property=\"og:image:type\" content=\"image\/jpeg\" \/>\n<meta name=\"twitter:card\" content=\"summary_large_image\" \/>\n<meta name=\"twitter:label1\" content=\"Precio\" \/>\n\t<meta name=\"twitter:data1\" content=\"&#36;1,085 &#36;764 con IVA\" \/>\n\t<meta name=\"twitter:label2\" content=\"Availability\" \/>\n\t<meta name=\"twitter:data2\" content=\"On backorder\" \/>\n<script type=\"application\/ld+json\" class=\"yoast-schema-graph\">{\"@context\":\"https:\/\/schema.org\",\"@graph\":[{\"@type\":\"WebPage\",\"@id\":\"https:\/\/compuviper.mx\/tienda\/producto\/norton-21456433-esd-small-business-10-dispositivos-1-ao-descarga-digital-no-server\/\",\"url\":\"https:\/\/compuviper.mx\/tienda\/producto\/norton-21456433-esd-small-business-10-dispositivos-1-ao-descarga-digital-no-server\/\",\"name\":\"[ Norton ] &#129351; 21456433 Esd Small Business \/ 10 Dispositivos \/ 1 A\u00f1o - Descarga Digital (no Server)\",\"isPartOf\":{\"@id\":\"https:\/\/compuviper.mx\/tienda\/#website\"},\"datePublished\":\"2026-04-02T08:15:27+00:00\",\"dateModified\":\"2026-04-02T08:15:27+00:00\",\"description\":\"Compra 21456433 Esd Small Business \/ 10 Dispositivos \/ 1 A\u00f1o - Descarga Digital (no Server) + Env\u00edo a domicilio + Pago seguro + Garant\u00eda\",\"breadcrumb\":{\"@id\":\"https:\/\/compuviper.mx\/tienda\/producto\/norton-21456433-esd-small-business-10-dispositivos-1-ao-descarga-digital-no-server\/#breadcrumb\"},\"inLanguage\":\"es-MX\",\"potentialAction\":[{\"@type\":\"ReadAction\",\"target\":[\"https:\/\/compuviper.mx\/tienda\/producto\/norton-21456433-esd-small-business-10-dispositivos-1-ao-descarga-digital-no-server\/\"]}]},{\"@type\":\"BreadcrumbList\",\"@id\":\"https:\/\/compuviper.mx\/tienda\/producto\/norton-21456433-esd-small-business-10-dispositivos-1-ao-descarga-digital-no-server\/#breadcrumb\",\"itemListElement\":[{\"@type\":\"ListItem\",\"position\":1,\"name\":\"Inicio\",\"item\":\"https:\/\/compuviper.mx\/tienda\/\"},{\"@type\":\"ListItem\",\"position\":2,\"name\":\"Productos\",\"item\":\"https:\/\/compuviper.mx\/tienda\/productos\/\"},{\"@type\":\"ListItem\",\"position\":3,\"name\":\"Software\",\"item\":\"https:\/\/compuviper.mx\/tienda\/categoria-producto\/software\/\"},{\"@type\":\"ListItem\",\"position\":4,\"name\":\"Licenciamiento Esd\",\"item\":\"https:\/\/compuviper.mx\/tienda\/categoria-producto\/software\/licenciamiento-esd\/\"},{\"@type\":\"ListItem\",\"position\":5,\"name\":\"Norton 21456433 Esd Small Business \/ 10 Dispositivos \/ 1 A?o &#8211; Descarga Digital (no Server)\"}]},{\"@type\":\"WebSite\",\"@id\":\"https:\/\/compuviper.mx\/tienda\/#website\",\"url\":\"https:\/\/compuviper.mx\/tienda\/\",\"name\":\"Compuviper\",\"description\":\"Proveedor de Computadoras, Laptops, Servidores, Monitores, Puntos de Venta, Teclados,   Impresoras, T\u00f3ner, C\u00e1maras de Seguridad y m\u00e1s en tu tienda en l\u00ednea\",\"publisher\":{\"@id\":\"https:\/\/compuviper.mx\/tienda\/#organization\"},\"potentialAction\":[{\"@type\":\"SearchAction\",\"target\":{\"@type\":\"EntryPoint\",\"urlTemplate\":\"https:\/\/compuviper.mx\/tienda\/?s={search_term_string}\"},\"query-input\":\"required name=search_term_string\"}],\"inLanguage\":\"es-MX\"},{\"@type\":\"Organization\",\"@id\":\"https:\/\/compuviper.mx\/tienda\/#organization\",\"name\":\"Compuviper\",\"url\":\"https:\/\/compuviper.mx\/tienda\/\",\"logo\":{\"@type\":\"ImageObject\",\"inLanguage\":\"es-MX\",\"@id\":\"https:\/\/compuviper.mx\/tienda\/#\/schema\/logo\/image\/\",\"url\":\"https:\/\/compuviper.mx\/tienda\/wp-content\/uploads\/2021\/08\/Logo-Compuviper-10.png\",\"contentUrl\":\"https:\/\/compuviper.mx\/tienda\/wp-content\/uploads\/2021\/08\/Logo-Compuviper-10.png\",\"width\":1000,\"height\":500,\"caption\":\"Compuviper\"},\"image\":{\"@id\":\"https:\/\/compuviper.mx\/tienda\/#\/schema\/logo\/image\/\"},\"sameAs\":[\"https:\/\/www.facebook.com\/compuviper\",\"https:\/\/www.youtube.com\/channel\/UCf73dERp9Y3cfOq7q8BhLjA?view_as=subscriber\"]}]}<\/script>\n<meta property=\"product:brand\" content=\"NORTON\" \/>\n<meta property=\"product:price:amount\" content=\"764\" \/>\n<meta property=\"product:price:currency\" content=\"MXN\" \/>\n<meta property=\"og:availability\" content=\"backorder\" \/>\n<meta property=\"product:availability\" content=\"available for order\" \/>\n<meta property=\"product:retailer_item_id\" content=\"21456433\" \/>\n<meta property=\"product:condition\" content=\"new\" \/>\n<!-- \/ Yoast SEO plugin. -->","yoast_head_json":{"title":"[ Norton ] &#129351; 21456433 Esd Small Business \/ 10 Dispositivos \/ 1 A\u00f1o - Descarga Digital (no Server)","description":"Compra 21456433 Esd Small Business \/ 10 Dispositivos \/ 1 A\u00f1o - Descarga Digital (no Server) + Env\u00edo a domicilio + Pago seguro + Garant\u00eda","robots":{"index":"index","follow":"follow","max-snippet":"max-snippet:-1","max-image-preview":"max-image-preview:large","max-video-preview":"max-video-preview:-1"},"canonical":"https:\/\/compuviper.mx\/tienda\/producto\/norton-21456433-esd-small-business-10-dispositivos-1-ao-descarga-digital-no-server\/","og_locale":"es_MX","og_type":"article","og_title":"[ Norton ] &#129351; 21456433 Esd Small Business \/ 10 Dispositivos \/ 1 A\u00f1o - Descarga Digital (no Server)","og_description":"Compra 21456433 Esd Small Business \/ 10 Dispositivos \/ 1 A\u00f1o - Descarga Digital (no Server) + Env\u00edo a domicilio + Pago seguro + Garant\u00eda","og_url":"https:\/\/compuviper.mx\/tienda\/producto\/norton-21456433-esd-small-business-10-dispositivos-1-ao-descarga-digital-no-server\/","og_site_name":"Compuviper","article_publisher":"https:\/\/www.facebook.com\/compuviper","og_image":[{"width":200,"height":200,"url":"https:\/\/compuviper.mx\/tienda\/wp-content\/uploads\/2024\/09\/Esd-norton-small-business-10-dispositivos-1-ano-descarga-digital.jpg","type":"image\/jpeg"}],"twitter_card":"summary_large_image","twitter_misc":{"Precio":"&#36;1,085 &#36;764 con IVA","Availability":"On backorder"},"schema":{"@context":"https:\/\/schema.org","@graph":[{"@type":"WebPage","@id":"https:\/\/compuviper.mx\/tienda\/producto\/norton-21456433-esd-small-business-10-dispositivos-1-ao-descarga-digital-no-server\/","url":"https:\/\/compuviper.mx\/tienda\/producto\/norton-21456433-esd-small-business-10-dispositivos-1-ao-descarga-digital-no-server\/","name":"[ Norton ] &#129351; 21456433 Esd Small Business \/ 10 Dispositivos \/ 1 A\u00f1o - Descarga Digital (no Server)","isPartOf":{"@id":"https:\/\/compuviper.mx\/tienda\/#website"},"datePublished":"2026-04-02T08:15:27+00:00","dateModified":"2026-04-02T08:15:27+00:00","description":"Compra 21456433 Esd Small Business \/ 10 Dispositivos \/ 1 A\u00f1o - Descarga Digital (no Server) + Env\u00edo a domicilio + Pago seguro + Garant\u00eda","breadcrumb":{"@id":"https:\/\/compuviper.mx\/tienda\/producto\/norton-21456433-esd-small-business-10-dispositivos-1-ao-descarga-digital-no-server\/#breadcrumb"},"inLanguage":"es-MX","potentialAction":[{"@type":"ReadAction","target":["https:\/\/compuviper.mx\/tienda\/producto\/norton-21456433-esd-small-business-10-dispositivos-1-ao-descarga-digital-no-server\/"]}]},{"@type":"BreadcrumbList","@id":"https:\/\/compuviper.mx\/tienda\/producto\/norton-21456433-esd-small-business-10-dispositivos-1-ao-descarga-digital-no-server\/#breadcrumb","itemListElement":[{"@type":"ListItem","position":1,"name":"Inicio","item":"https:\/\/compuviper.mx\/tienda\/"},{"@type":"ListItem","position":2,"name":"Productos","item":"https:\/\/compuviper.mx\/tienda\/productos\/"},{"@type":"ListItem","position":3,"name":"Software","item":"https:\/\/compuviper.mx\/tienda\/categoria-producto\/software\/"},{"@type":"ListItem","position":4,"name":"Licenciamiento Esd","item":"https:\/\/compuviper.mx\/tienda\/categoria-producto\/software\/licenciamiento-esd\/"},{"@type":"ListItem","position":5,"name":"Norton 21456433 Esd Small Business \/ 10 Dispositivos \/ 1 A?o &#8211; Descarga Digital (no Server)"}]},{"@type":"WebSite","@id":"https:\/\/compuviper.mx\/tienda\/#website","url":"https:\/\/compuviper.mx\/tienda\/","name":"Compuviper","description":"Proveedor de Computadoras, Laptops, Servidores, Monitores, Puntos de Venta, Teclados,   Impresoras, T\u00f3ner, C\u00e1maras de Seguridad y m\u00e1s en tu tienda en l\u00ednea","publisher":{"@id":"https:\/\/compuviper.mx\/tienda\/#organization"},"potentialAction":[{"@type":"SearchAction","target":{"@type":"EntryPoint","urlTemplate":"https:\/\/compuviper.mx\/tienda\/?s={search_term_string}"},"query-input":"required name=search_term_string"}],"inLanguage":"es-MX"},{"@type":"Organization","@id":"https:\/\/compuviper.mx\/tienda\/#organization","name":"Compuviper","url":"https:\/\/compuviper.mx\/tienda\/","logo":{"@type":"ImageObject","inLanguage":"es-MX","@id":"https:\/\/compuviper.mx\/tienda\/#\/schema\/logo\/image\/","url":"https:\/\/compuviper.mx\/tienda\/wp-content\/uploads\/2021\/08\/Logo-Compuviper-10.png","contentUrl":"https:\/\/compuviper.mx\/tienda\/wp-content\/uploads\/2021\/08\/Logo-Compuviper-10.png","width":1000,"height":500,"caption":"Compuviper"},"image":{"@id":"https:\/\/compuviper.mx\/tienda\/#\/schema\/logo\/image\/"},"sameAs":["https:\/\/www.facebook.com\/compuviper","https:\/\/www.youtube.com\/channel\/UCf73dERp9Y3cfOq7q8BhLjA?view_as=subscriber"]}]},"product_brand":"NORTON","product_price_amount":"764","product_price_currency":"MXN","og_availability":"backorder","product_availability":"available for order","product_retailer_item_id":"21456433","product_condition":"new"},"_links":{"self":[{"href":"https:\/\/compuviper.mx\/tienda\/wp-json\/wp\/v2\/product\/240666"}],"collection":[{"href":"https:\/\/compuviper.mx\/tienda\/wp-json\/wp\/v2\/product"}],"about":[{"href":"https:\/\/compuviper.mx\/tienda\/wp-json\/wp\/v2\/types\/product"}],"replies":[{"embeddable":true,"href":"https:\/\/compuviper.mx\/tienda\/wp-json\/wp\/v2\/comments?post=240666"}],"wp:featuredmedia":[{"embeddable":true,"href":"https:\/\/compuviper.mx\/tienda\/wp-json\/wp\/v2\/media\/243581"}],"wp:attachment":[{"href":"https:\/\/compuviper.mx\/tienda\/wp-json\/wp\/v2\/media?parent=240666"}],"wp:term":[{"taxonomy":"product_cat","embeddable":true,"href":"https:\/\/compuviper.mx\/tienda\/wp-json\/wp\/v2\/product_cat?post=240666"},{"taxonomy":"product_tag","embeddable":true,"href":"https:\/\/compuviper.mx\/tienda\/wp-json\/wp\/v2\/product_tag?post=240666"}],"curies":[{"name":"wp","href":"https:\/\/api.w.org\/{rel}","templated":true}]}}