{"id":240658,"date":"2026-04-21T01:24:47","date_gmt":"2026-04-21T07:24:47","guid":{"rendered":"https:\/\/compuviper.mx\/tienda\/producto\/ghia-grinv1-tablet-rugged-octacore-10-1-pulg-ips-4gb-ram-256gb-2cam-5mp-8mp-wifi-dual-band-bluetooth-10000mah-android-13-teclado-bt-con-folder-y-funda-correa-de-mano-pluma-stylus-y-cable-otg\/"},"modified":"2026-04-21T01:24:47","modified_gmt":"2026-04-21T07:24:47","slug":"ghia-grinv1-tablet-rugged-octacore-10-1-pulg-ips-4gb-ram-256gb-2cam-5mp-8mp-wifi-dual-band-bluetooth-10000mah-android-13-teclado-bt-con-folder-y-funda-correa-de-mano-pluma-stylus-y-cable-otg","status":"publish","type":"product","link":"https:\/\/compuviper.mx\/tienda\/producto\/ghia-grinv1-tablet-rugged-octacore-10-1-pulg-ips-4gb-ram-256gb-2cam-5mp-8mp-wifi-dual-band-bluetooth-10000mah-android-13-teclado-bt-con-folder-y-funda-correa-de-mano-pluma-stylus-y-cable-otg\/","title":{"rendered":"Ghia Grinv1 Tablet  Rugged Octacore\/ 10.1 Pulg Ips \/4gb Ram\/256gb \/2cam 5mp 8mp\/wifi Dual Band\/bluetooth\/10,000mah\/android 13 \/ Teclado Bt Con Folder Y Funda\/ Correa De Mano\/ Pluma Stylus Y Cable Otg Usb C A"},"content":{"rendered":"<table class=\"descripcion\">\n<tr>\n<td>Procesador mt8183 octa core 4xcortex-a73@2.0ghz  4xcortex-a53@2.0ghz<\/td>\n<\/tr>\n<tr>\n<td>Ram 4gb lpddr4<\/td>\n<\/tr>\n<tr>\n<td>Acelerometro (gsensor)<\/td>\n<\/tr>\n<tr>\n<td>Almacenamiento 256gb emmc<\/td>\n<\/tr>\n<tr>\n<td>Ip xx ip66<\/td>\n<\/tr>\n<tr>\n<td>Certificado drop proof el equipo cumple con certificado \u0093h\u0094 70 cm sobre concreto proporcionado por la arquitectura del equipo.<\/td>\n<\/tr>\n<tr>\n<td>Pantalla 10.1\u0094 1 920 x 1 200 ips capacitiva gg tp touch panel,dureza 6h, con mica antirreflejante<\/td>\n<\/tr>\n<tr>\n<td>Brillo nits o cd\/m\u00b2 400nits<\/td>\n<\/tr>\n<tr>\n<td>Cmara 5 mp frontal  8 mp trasera<\/td>\n<\/tr>\n<tr>\n<td>Teclado buetooth teclado qwerty. distribucin espa\u00f1ol latinoamrica con funda tipo folder y stand<\/td>\n<\/tr>\n<tr>\n<td>Sistema operativo android 13<\/td>\n<\/tr>\n<tr>\n<td>Batera litio 10,000 mah 8 horas<\/td>\n<\/tr>\n<tr>\n<td>Puerto o ranura micro sd , soporta capacidad hasta 1tb ***no incluye micro sd<\/td>\n<\/tr>\n<tr>\n<td>Usb tipo c 3.0<\/td>\n<\/tr>\n<tr>\n<td>Wifi dual band wifi 802.11 a\/b\/g\/n\/ac<\/td>\n<\/tr>\n<tr>\n<td>Bluetooth 5.2 ble<\/td>\n<\/tr>\n<tr>\n<td>Gps beidou gps glonass<\/td>\n<\/tr>\n<tr>\n<td>Rango de temperatura cumple con el rango de temp. -20\u00b0 c a 45\u00b0 c<\/td>\n<\/tr>\n<tr>\n<td>Mica antirreflejante mica antirreflejante transparente, instalada<\/td>\n<\/tr>\n<tr>\n<td>Banda o correa correa de sujecin de mano incluido como accesorio<\/td>\n<\/tr>\n<tr>\n<td>Lpiz stylus s, compatible con tp touch panel de la pantalla<\/td>\n<\/tr>\n<tr>\n<td>Peso 750g solo tablet<\/td>\n<\/tr>\n<\/table>\n","protected":false},"excerpt":{"rendered":"<p>Ghia rugged es una tablet 10.1 pulgadas de pantalla resistente a cadas, con certificado ip66 contra humedad y polvo, que te permite trabajar en oficina como al aire libre. Cuenta con pantalla ips full hd 1 920 x 1 200 con mica anti-reflejante para hacer poder ver la pantalla aun estando bajo los rayos del sol. Incluye banda de mano y teclado con tipo folder para facilitar la captura de texto.<\/p>\n","protected":false},"featured_media":240659,"comment_status":"open","ping_status":"open","template":"","meta":[],"product_cat":[1758,1767],"product_tag":[1548],"acf":[],"yoast_head":"<!-- This site is optimized with the Yoast SEO plugin v21.7 - https:\/\/yoast.com\/wordpress\/plugins\/seo\/ -->\n<title>[ Ghia ] &#129351; Grinv1 Tablet Rugged Octacore\/ 10.1 Pulg Ips \/4gb Ram\/256gb \/2cam 5mp 8mp\/wifi Dual Band\/bluetooth\/10,000mah\/android 13 \/ Teclado Bt Con Folder Y Funda\/ Correa De Mano\/ Pluma Stylus Y Cable Otg Usb C A<\/title>\n<meta name=\"description\" content=\"Compra Grinv1 Tablet Rugged Octacore\/ 10.1 Pulg Ips \/4gb Ram\/256gb \/2cam 5mp 8mp\/wifi Dual Band\/bluetooth\/10,000mah\/android 13 \/ Teclado Bt Con Folder Y Funda\/ Correa De Mano\/ Pluma Stylus Y Cable Otg Usb C A + Env\u00edo a domicilio + Pago seguro + Garant\u00eda\" \/>\n<meta name=\"robots\" content=\"index, follow, max-snippet:-1, max-image-preview:large, max-video-preview:-1\" \/>\n<link rel=\"canonical\" href=\"https:\/\/compuviper.mx\/tienda\/producto\/ghia-grinv1-tablet-rugged-octacore-10-1-pulg-ips-4gb-ram-256gb-2cam-5mp-8mp-wifi-dual-band-bluetooth-10000mah-android-13-teclado-bt-con-folder-y-funda-correa-de-mano-pluma-stylus-y-cable-otg\/\" \/>\n<meta property=\"og:locale\" content=\"es_MX\" \/>\n<meta property=\"og:type\" content=\"article\" \/>\n<meta property=\"og:title\" content=\"[ Ghia ] &#129351; Grinv1 Tablet Rugged Octacore\/ 10.1 Pulg Ips \/4gb Ram\/256gb \/2cam 5mp 8mp\/wifi Dual Band\/bluetooth\/10,000mah\/android 13 \/ Teclado Bt Con Folder Y Funda\/ Correa De Mano\/ Pluma Stylus Y Cable Otg Usb C A\" \/>\n<meta property=\"og:description\" content=\"Compra Grinv1 Tablet Rugged Octacore\/ 10.1 Pulg Ips \/4gb Ram\/256gb \/2cam 5mp 8mp\/wifi Dual Band\/bluetooth\/10,000mah\/android 13 \/ Teclado Bt Con Folder Y Funda\/ Correa De Mano\/ Pluma Stylus Y Cable Otg Usb C A + Env\u00edo a domicilio + Pago seguro + Garant\u00eda\" \/>\n<meta property=\"og:url\" content=\"https:\/\/compuviper.mx\/tienda\/producto\/ghia-grinv1-tablet-rugged-octacore-10-1-pulg-ips-4gb-ram-256gb-2cam-5mp-8mp-wifi-dual-band-bluetooth-10000mah-android-13-teclado-bt-con-folder-y-funda-correa-de-mano-pluma-stylus-y-cable-otg\/\" \/>\n<meta property=\"og:site_name\" content=\"Compuviper\" \/>\n<meta property=\"article:publisher\" content=\"https:\/\/www.facebook.com\/compuviper\" \/>\n<meta property=\"og:image\" content=\"https:\/\/compuviper.mx\/tienda\/wp-content\/uploads\/2024\/08\/Tablet-ghia-rugged-octacore-10.1-pulg-ips-4gb-ram256gb-2cam-5mp-8mpwifi-dual-bandbluetooth10000mahandroid-13-teclado-bt-con-folder-y-funda-correa-de-mano-pluma-stylus-y-cable-otg-usb-c-a-usb-a.jpg\" \/>\n\t<meta property=\"og:image:width\" content=\"200\" \/>\n\t<meta property=\"og:image:height\" content=\"200\" \/>\n\t<meta property=\"og:image:type\" content=\"image\/jpeg\" \/>\n<meta name=\"twitter:card\" content=\"summary_large_image\" \/>\n<meta name=\"twitter:label1\" content=\"Precio\" \/>\n\t<meta name=\"twitter:data1\" content=\"&#36;3,288 con IVA\" \/>\n\t<meta name=\"twitter:label2\" content=\"Availability\" \/>\n\t<meta name=\"twitter:data2\" content=\"In stock\" \/>\n<script type=\"application\/ld+json\" class=\"yoast-schema-graph\">{\"@context\":\"https:\/\/schema.org\",\"@graph\":[{\"@type\":\"WebPage\",\"@id\":\"https:\/\/compuviper.mx\/tienda\/producto\/ghia-grinv1-tablet-rugged-octacore-10-1-pulg-ips-4gb-ram-256gb-2cam-5mp-8mp-wifi-dual-band-bluetooth-10000mah-android-13-teclado-bt-con-folder-y-funda-correa-de-mano-pluma-stylus-y-cable-otg\/\",\"url\":\"https:\/\/compuviper.mx\/tienda\/producto\/ghia-grinv1-tablet-rugged-octacore-10-1-pulg-ips-4gb-ram-256gb-2cam-5mp-8mp-wifi-dual-band-bluetooth-10000mah-android-13-teclado-bt-con-folder-y-funda-correa-de-mano-pluma-stylus-y-cable-otg\/\",\"name\":\"[ Ghia ] &#129351; Grinv1 Tablet Rugged Octacore\/ 10.1 Pulg Ips \/4gb Ram\/256gb \/2cam 5mp 8mp\/wifi Dual Band\/bluetooth\/10,000mah\/android 13 \/ Teclado Bt Con Folder Y Funda\/ Correa De Mano\/ Pluma Stylus Y Cable Otg Usb C A\",\"isPartOf\":{\"@id\":\"https:\/\/compuviper.mx\/tienda\/#website\"},\"datePublished\":\"2026-04-21T07:24:47+00:00\",\"dateModified\":\"2026-04-21T07:24:47+00:00\",\"description\":\"Compra Grinv1 Tablet Rugged Octacore\/ 10.1 Pulg Ips \/4gb Ram\/256gb \/2cam 5mp 8mp\/wifi Dual Band\/bluetooth\/10,000mah\/android 13 \/ Teclado Bt Con Folder Y Funda\/ Correa De Mano\/ Pluma Stylus Y Cable Otg Usb C A + Env\u00edo a domicilio + Pago seguro + Garant\u00eda\",\"breadcrumb\":{\"@id\":\"https:\/\/compuviper.mx\/tienda\/producto\/ghia-grinv1-tablet-rugged-octacore-10-1-pulg-ips-4gb-ram-256gb-2cam-5mp-8mp-wifi-dual-band-bluetooth-10000mah-android-13-teclado-bt-con-folder-y-funda-correa-de-mano-pluma-stylus-y-cable-otg\/#breadcrumb\"},\"inLanguage\":\"es-MX\",\"potentialAction\":[{\"@type\":\"ReadAction\",\"target\":[\"https:\/\/compuviper.mx\/tienda\/producto\/ghia-grinv1-tablet-rugged-octacore-10-1-pulg-ips-4gb-ram-256gb-2cam-5mp-8mp-wifi-dual-band-bluetooth-10000mah-android-13-teclado-bt-con-folder-y-funda-correa-de-mano-pluma-stylus-y-cable-otg\/\"]}]},{\"@type\":\"BreadcrumbList\",\"@id\":\"https:\/\/compuviper.mx\/tienda\/producto\/ghia-grinv1-tablet-rugged-octacore-10-1-pulg-ips-4gb-ram-256gb-2cam-5mp-8mp-wifi-dual-band-bluetooth-10000mah-android-13-teclado-bt-con-folder-y-funda-correa-de-mano-pluma-stylus-y-cable-otg\/#breadcrumb\",\"itemListElement\":[{\"@type\":\"ListItem\",\"position\":1,\"name\":\"Inicio\",\"item\":\"https:\/\/compuviper.mx\/tienda\/\"},{\"@type\":\"ListItem\",\"position\":2,\"name\":\"Productos\",\"item\":\"https:\/\/compuviper.mx\/tienda\/productos\/\"},{\"@type\":\"ListItem\",\"position\":3,\"name\":\"Tabletas\",\"item\":\"https:\/\/compuviper.mx\/tienda\/categoria-producto\/tabletas\/\"},{\"@type\":\"ListItem\",\"position\":4,\"name\":\"Arm Octa Core\",\"item\":\"https:\/\/compuviper.mx\/tienda\/categoria-producto\/tabletas\/arm-octa-core\/\"},{\"@type\":\"ListItem\",\"position\":5,\"name\":\"Ghia Grinv1 Tablet Rugged Octacore\/ 10.1 Pulg Ips \/4gb Ram\/256gb \/2cam 5mp 8mp\/wifi Dual Band\/bluetooth\/10,000mah\/android 13 \/ Teclado Bt Con Folder Y Funda\/ Correa De Mano\/ Pluma Stylus Y Cable Otg Usb C A\"}]},{\"@type\":\"WebSite\",\"@id\":\"https:\/\/compuviper.mx\/tienda\/#website\",\"url\":\"https:\/\/compuviper.mx\/tienda\/\",\"name\":\"Compuviper\",\"description\":\"Proveedor de Computadoras, Laptops, Servidores, Monitores, Puntos de Venta, Teclados,   Impresoras, T\u00f3ner, C\u00e1maras de Seguridad y m\u00e1s en tu tienda en l\u00ednea\",\"publisher\":{\"@id\":\"https:\/\/compuviper.mx\/tienda\/#organization\"},\"potentialAction\":[{\"@type\":\"SearchAction\",\"target\":{\"@type\":\"EntryPoint\",\"urlTemplate\":\"https:\/\/compuviper.mx\/tienda\/?s={search_term_string}\"},\"query-input\":\"required name=search_term_string\"}],\"inLanguage\":\"es-MX\"},{\"@type\":\"Organization\",\"@id\":\"https:\/\/compuviper.mx\/tienda\/#organization\",\"name\":\"Compuviper\",\"url\":\"https:\/\/compuviper.mx\/tienda\/\",\"logo\":{\"@type\":\"ImageObject\",\"inLanguage\":\"es-MX\",\"@id\":\"https:\/\/compuviper.mx\/tienda\/#\/schema\/logo\/image\/\",\"url\":\"https:\/\/compuviper.mx\/tienda\/wp-content\/uploads\/2021\/08\/Logo-Compuviper-10.png\",\"contentUrl\":\"https:\/\/compuviper.mx\/tienda\/wp-content\/uploads\/2021\/08\/Logo-Compuviper-10.png\",\"width\":1000,\"height\":500,\"caption\":\"Compuviper\"},\"image\":{\"@id\":\"https:\/\/compuviper.mx\/tienda\/#\/schema\/logo\/image\/\"},\"sameAs\":[\"https:\/\/www.facebook.com\/compuviper\",\"https:\/\/www.youtube.com\/channel\/UCf73dERp9Y3cfOq7q8BhLjA?view_as=subscriber\"]}]}<\/script>\n<meta property=\"product:brand\" content=\"GHIA\" \/>\n<meta property=\"product:price:amount\" content=\"3288\" \/>\n<meta property=\"product:price:currency\" content=\"MXN\" \/>\n<meta property=\"og:availability\" content=\"instock\" \/>\n<meta property=\"product:availability\" content=\"instock\" \/>\n<meta property=\"product:retailer_item_id\" content=\"GRINV1\" \/>\n<meta property=\"product:condition\" content=\"new\" \/>\n<!-- \/ Yoast SEO plugin. -->","yoast_head_json":{"title":"[ Ghia ] &#129351; Grinv1 Tablet Rugged Octacore\/ 10.1 Pulg Ips \/4gb Ram\/256gb \/2cam 5mp 8mp\/wifi Dual Band\/bluetooth\/10,000mah\/android 13 \/ Teclado Bt Con Folder Y Funda\/ Correa De Mano\/ Pluma Stylus Y Cable Otg Usb C A","description":"Compra Grinv1 Tablet Rugged Octacore\/ 10.1 Pulg Ips \/4gb Ram\/256gb \/2cam 5mp 8mp\/wifi Dual Band\/bluetooth\/10,000mah\/android 13 \/ Teclado Bt Con Folder Y Funda\/ Correa De Mano\/ Pluma Stylus Y Cable Otg Usb C A + Env\u00edo a domicilio + Pago seguro + Garant\u00eda","robots":{"index":"index","follow":"follow","max-snippet":"max-snippet:-1","max-image-preview":"max-image-preview:large","max-video-preview":"max-video-preview:-1"},"canonical":"https:\/\/compuviper.mx\/tienda\/producto\/ghia-grinv1-tablet-rugged-octacore-10-1-pulg-ips-4gb-ram-256gb-2cam-5mp-8mp-wifi-dual-band-bluetooth-10000mah-android-13-teclado-bt-con-folder-y-funda-correa-de-mano-pluma-stylus-y-cable-otg\/","og_locale":"es_MX","og_type":"article","og_title":"[ Ghia ] &#129351; Grinv1 Tablet Rugged Octacore\/ 10.1 Pulg Ips \/4gb Ram\/256gb \/2cam 5mp 8mp\/wifi Dual Band\/bluetooth\/10,000mah\/android 13 \/ Teclado Bt Con Folder Y Funda\/ Correa De Mano\/ Pluma Stylus Y Cable Otg Usb C A","og_description":"Compra Grinv1 Tablet Rugged Octacore\/ 10.1 Pulg Ips \/4gb Ram\/256gb \/2cam 5mp 8mp\/wifi Dual Band\/bluetooth\/10,000mah\/android 13 \/ Teclado Bt Con Folder Y Funda\/ Correa De Mano\/ Pluma Stylus Y Cable Otg Usb C A + Env\u00edo a domicilio + Pago seguro + Garant\u00eda","og_url":"https:\/\/compuviper.mx\/tienda\/producto\/ghia-grinv1-tablet-rugged-octacore-10-1-pulg-ips-4gb-ram-256gb-2cam-5mp-8mp-wifi-dual-band-bluetooth-10000mah-android-13-teclado-bt-con-folder-y-funda-correa-de-mano-pluma-stylus-y-cable-otg\/","og_site_name":"Compuviper","article_publisher":"https:\/\/www.facebook.com\/compuviper","og_image":[{"width":200,"height":200,"url":"https:\/\/compuviper.mx\/tienda\/wp-content\/uploads\/2024\/08\/Tablet-ghia-rugged-octacore-10.1-pulg-ips-4gb-ram256gb-2cam-5mp-8mpwifi-dual-bandbluetooth10000mahandroid-13-teclado-bt-con-folder-y-funda-correa-de-mano-pluma-stylus-y-cable-otg-usb-c-a-usb-a.jpg","type":"image\/jpeg"}],"twitter_card":"summary_large_image","twitter_misc":{"Precio":"&#36;3,288 con IVA","Availability":"In stock"},"schema":{"@context":"https:\/\/schema.org","@graph":[{"@type":"WebPage","@id":"https:\/\/compuviper.mx\/tienda\/producto\/ghia-grinv1-tablet-rugged-octacore-10-1-pulg-ips-4gb-ram-256gb-2cam-5mp-8mp-wifi-dual-band-bluetooth-10000mah-android-13-teclado-bt-con-folder-y-funda-correa-de-mano-pluma-stylus-y-cable-otg\/","url":"https:\/\/compuviper.mx\/tienda\/producto\/ghia-grinv1-tablet-rugged-octacore-10-1-pulg-ips-4gb-ram-256gb-2cam-5mp-8mp-wifi-dual-band-bluetooth-10000mah-android-13-teclado-bt-con-folder-y-funda-correa-de-mano-pluma-stylus-y-cable-otg\/","name":"[ Ghia ] &#129351; Grinv1 Tablet Rugged Octacore\/ 10.1 Pulg Ips \/4gb Ram\/256gb \/2cam 5mp 8mp\/wifi Dual Band\/bluetooth\/10,000mah\/android 13 \/ Teclado Bt Con Folder Y Funda\/ Correa De Mano\/ Pluma Stylus Y Cable Otg Usb C A","isPartOf":{"@id":"https:\/\/compuviper.mx\/tienda\/#website"},"datePublished":"2026-04-21T07:24:47+00:00","dateModified":"2026-04-21T07:24:47+00:00","description":"Compra Grinv1 Tablet Rugged Octacore\/ 10.1 Pulg Ips \/4gb Ram\/256gb \/2cam 5mp 8mp\/wifi Dual Band\/bluetooth\/10,000mah\/android 13 \/ Teclado Bt Con Folder Y Funda\/ Correa De Mano\/ Pluma Stylus Y Cable Otg Usb C A + Env\u00edo a domicilio + Pago seguro + Garant\u00eda","breadcrumb":{"@id":"https:\/\/compuviper.mx\/tienda\/producto\/ghia-grinv1-tablet-rugged-octacore-10-1-pulg-ips-4gb-ram-256gb-2cam-5mp-8mp-wifi-dual-band-bluetooth-10000mah-android-13-teclado-bt-con-folder-y-funda-correa-de-mano-pluma-stylus-y-cable-otg\/#breadcrumb"},"inLanguage":"es-MX","potentialAction":[{"@type":"ReadAction","target":["https:\/\/compuviper.mx\/tienda\/producto\/ghia-grinv1-tablet-rugged-octacore-10-1-pulg-ips-4gb-ram-256gb-2cam-5mp-8mp-wifi-dual-band-bluetooth-10000mah-android-13-teclado-bt-con-folder-y-funda-correa-de-mano-pluma-stylus-y-cable-otg\/"]}]},{"@type":"BreadcrumbList","@id":"https:\/\/compuviper.mx\/tienda\/producto\/ghia-grinv1-tablet-rugged-octacore-10-1-pulg-ips-4gb-ram-256gb-2cam-5mp-8mp-wifi-dual-band-bluetooth-10000mah-android-13-teclado-bt-con-folder-y-funda-correa-de-mano-pluma-stylus-y-cable-otg\/#breadcrumb","itemListElement":[{"@type":"ListItem","position":1,"name":"Inicio","item":"https:\/\/compuviper.mx\/tienda\/"},{"@type":"ListItem","position":2,"name":"Productos","item":"https:\/\/compuviper.mx\/tienda\/productos\/"},{"@type":"ListItem","position":3,"name":"Tabletas","item":"https:\/\/compuviper.mx\/tienda\/categoria-producto\/tabletas\/"},{"@type":"ListItem","position":4,"name":"Arm Octa Core","item":"https:\/\/compuviper.mx\/tienda\/categoria-producto\/tabletas\/arm-octa-core\/"},{"@type":"ListItem","position":5,"name":"Ghia Grinv1 Tablet Rugged Octacore\/ 10.1 Pulg Ips \/4gb Ram\/256gb \/2cam 5mp 8mp\/wifi Dual Band\/bluetooth\/10,000mah\/android 13 \/ Teclado Bt Con Folder Y Funda\/ Correa De Mano\/ Pluma Stylus Y Cable Otg Usb C A"}]},{"@type":"WebSite","@id":"https:\/\/compuviper.mx\/tienda\/#website","url":"https:\/\/compuviper.mx\/tienda\/","name":"Compuviper","description":"Proveedor de Computadoras, Laptops, Servidores, Monitores, Puntos de Venta, Teclados,   Impresoras, T\u00f3ner, C\u00e1maras de Seguridad y m\u00e1s en tu tienda en l\u00ednea","publisher":{"@id":"https:\/\/compuviper.mx\/tienda\/#organization"},"potentialAction":[{"@type":"SearchAction","target":{"@type":"EntryPoint","urlTemplate":"https:\/\/compuviper.mx\/tienda\/?s={search_term_string}"},"query-input":"required name=search_term_string"}],"inLanguage":"es-MX"},{"@type":"Organization","@id":"https:\/\/compuviper.mx\/tienda\/#organization","name":"Compuviper","url":"https:\/\/compuviper.mx\/tienda\/","logo":{"@type":"ImageObject","inLanguage":"es-MX","@id":"https:\/\/compuviper.mx\/tienda\/#\/schema\/logo\/image\/","url":"https:\/\/compuviper.mx\/tienda\/wp-content\/uploads\/2021\/08\/Logo-Compuviper-10.png","contentUrl":"https:\/\/compuviper.mx\/tienda\/wp-content\/uploads\/2021\/08\/Logo-Compuviper-10.png","width":1000,"height":500,"caption":"Compuviper"},"image":{"@id":"https:\/\/compuviper.mx\/tienda\/#\/schema\/logo\/image\/"},"sameAs":["https:\/\/www.facebook.com\/compuviper","https:\/\/www.youtube.com\/channel\/UCf73dERp9Y3cfOq7q8BhLjA?view_as=subscriber"]}]},"product_brand":"GHIA","product_price_amount":"3288","product_price_currency":"MXN","og_availability":"instock","product_availability":"instock","product_retailer_item_id":"GRINV1","product_condition":"new"},"_links":{"self":[{"href":"https:\/\/compuviper.mx\/tienda\/wp-json\/wp\/v2\/product\/240658"}],"collection":[{"href":"https:\/\/compuviper.mx\/tienda\/wp-json\/wp\/v2\/product"}],"about":[{"href":"https:\/\/compuviper.mx\/tienda\/wp-json\/wp\/v2\/types\/product"}],"replies":[{"embeddable":true,"href":"https:\/\/compuviper.mx\/tienda\/wp-json\/wp\/v2\/comments?post=240658"}],"wp:featuredmedia":[{"embeddable":true,"href":"https:\/\/compuviper.mx\/tienda\/wp-json\/wp\/v2\/media\/240659"}],"wp:attachment":[{"href":"https:\/\/compuviper.mx\/tienda\/wp-json\/wp\/v2\/media?parent=240658"}],"wp:term":[{"taxonomy":"product_cat","embeddable":true,"href":"https:\/\/compuviper.mx\/tienda\/wp-json\/wp\/v2\/product_cat?post=240658"},{"taxonomy":"product_tag","embeddable":true,"href":"https:\/\/compuviper.mx\/tienda\/wp-json\/wp\/v2\/product_tag?post=240658"}],"curies":[{"name":"wp","href":"https:\/\/api.w.org\/{rel}","templated":true}]}}