{"id":240654,"date":"2026-04-08T00:50:13","date_gmt":"2026-04-08T06:50:13","guid":{"rendered":"https:\/\/compuviper.mx\/tienda\/producto\/lg-55um5n-monitor-de-sealizacion-digital-de-55-p-uso-24-7-brillo-500-nits-bisel-t-b-12-1-mm-r-l-11-1mm-webos-6-interfaz-hdmi-3-hdmi-out-1-dp-usb-2-0-rs232c-rj45-audio-ir\/"},"modified":"2026-04-08T00:50:14","modified_gmt":"2026-04-08T06:50:14","slug":"lg-55um5n-monitor-de-sealizacion-digital-de-55-p-uso-24-7-brillo-500-nits-bisel-t-b-12-1-mm-r-l-11-1mm-webos-6-interfaz-hdmi-3-hdmi-out-1-dp-usb-2-0-rs232c-rj45-audio-ir","status":"publish","type":"product","link":"https:\/\/compuviper.mx\/tienda\/producto\/lg-55um5n-monitor-de-sealizacion-digital-de-55-p-uso-24-7-brillo-500-nits-bisel-t-b-12-1-mm-r-l-11-1mm-webos-6-interfaz-hdmi-3-hdmi-out-1-dp-usb-2-0-rs232c-rj45-audio-ir\/","title":{"rendered":"Lg 55um5n Monitor De Se?alizacion Digital  De 55 P Uso 24\/7 Brillo 500 Nits, Bisel T\/b: 12.1 Mm R\/l: 11.1mm; Webos 6,   Interfaz Hdmi 3 \/ Hdmi Out (1)  \/ Dp  \/ Usb 2.0 \/ Rs232c \/ Rj45 \/ Audio \/ Ir"},"content":{"rendered":"<table class=\"descripcion\">\n<tr>\n<td>Tama\u00f1o de pantalla (pulgadas)      55<\/td>\n<\/tr>\n<tr>\n<td>Tecnolog\u00eda de paneles                    ips<\/td>\n<\/tr>\n<tr>\n<td>Tipo de luz de fondo                     direct<\/td>\n<\/tr>\n<tr>\n<td>Relaci\u00f3n de aspecto                    16:9<\/td>\n<\/tr>\n<tr>\n<td>Resoluci\u00f3n nativa                         3840 x 2160 (uhd)<\/td>\n<\/tr>\n<tr>\n<td>Frecuencia de actualizacion         60hz<\/td>\n<\/tr>\n<tr>\n<td>Brillo                                             500nit (typ.)<\/td>\n<\/tr>\n<tr>\n<td>Relaci\u00f3n de contraste                  1,000:1<\/td>\n<\/tr>\n<tr>\n<td>Cr din\u00e1mica                                1,000,000:1<\/td>\n<\/tr>\n<tr>\n<td>Gama de colores                         bt709 95%<\/td>\n<\/tr>\n<tr>\n<td>\u00e1ngulo de visi\u00f3n (h x v)              178 x 178<\/td>\n<\/tr>\n<tr>\n<td>Profundidad de color (cantidad de colores)       8bits + frc, 1.07billion colors<\/td>\n<\/tr>\n<tr>\n<td>Tiempo de respuesta                tr : 8ms \/ tf :10ms<\/td>\n<\/tr>\n<tr>\n<td>Tratamiento de superficie (haze)       0.25<\/td>\n<\/tr>\n<tr>\n<td>Tiempo de vida                                 50,000hrs (min.)<\/td>\n<\/tr>\n<tr>\n<td>Horas de operaci\u00f3n (horas\/d\u00eda)         24\/7<\/td>\n<\/tr>\n<tr>\n<td>Portait \/ landscape                          s\u00ed \/ s\u00ed<\/td>\n<\/tr>\n<tr>\n<td>Conectividad(jack interface)<\/td>\n<\/tr>\n<tr>\n<td>Entrada hdmi                 s\u00ed (3), 3840&#215;2160@60hz, hdcp 2.2\/1.4<\/td>\n<\/tr>\n<tr>\n<td>Dp en                             s\u00ed (1), 3840&#215;2160@60hz, hdcp2.2\/1.3<\/td>\n<\/tr>\n<tr>\n<td>Entrada rs232c           s\u00ed (1), 4pin phone-jack<\/td>\n<\/tr>\n<tr>\n<td>Entrada rj45(lan)       s\u00ed (1)<\/td>\n<\/tr>\n<tr>\n<td>Entrada de infrarrojos    s\u00ed (1)<\/td>\n<\/tr>\n<tr>\n<td>Entrada usb                 usb2.0 type a(1)<\/td>\n<\/tr>\n<tr>\n<td>Salida hdmi                   s\u00ed (1), 3840&#215;2160@30hz, input : hdmi1\/2\/3\/dp<\/td>\n<\/tr>\n<tr>\n<td>Salida de audio              s\u00ed (1)<\/td>\n<\/tr>\n<tr>\n<td>Salida rs232c               s\u00ed (1), 4pin phone-jack<\/td>\n<\/tr>\n<tr>\n<td>Daisy chain                    s\u00ed (input hdmi, dp \/ output hdmi)<\/td>\n<\/tr>\n<tr>\n<td>Interfaz de montaje vesa      300 x 300<\/td>\n<\/tr>\n<tr>\n<td>Caracteristicas hw<\/td>\n<\/tr>\n<tr>\n<td>Memoria interna (emmc)        16gb<\/td>\n<\/tr>\n<tr>\n<td>Wi-fi\/bt (integrado)                s\u00ed<\/td>\n<\/tr>\n<tr>\n<td>Sensor de temperatura            s\u00ed<\/td>\n<\/tr>\n<tr>\n<td>Sensor de brillo autom\u00e1tico     s\u00ed<\/td>\n<\/tr>\n<tr>\n<td>Sensor de aceleraci\u00f3n (giroscopio)   s\u00ed<\/td>\n<\/tr>\n<tr>\n<td>Caracteristicas sw<\/td>\n<\/tr>\n<tr>\n<td>Versi\u00f3n del sistema operativo. (webos)         webos6. s\u00ed<\/td>\n<\/tr>\n<tr>\n<td>Programaci\u00f3n de contenidos locales            s\u00ed<\/td>\n<\/tr>\n<tr>\n<td>Administrador de grupo                               s\u00ed<\/td>\n<\/tr>\n<tr>\n<td>Conexi\u00f3n y reproducci\u00f3n usb                    s\u00ed<\/td>\n<\/tr>\n<tr>\n<td>Fail over                              s\u00ed<\/td>\n<\/tr>\n<tr>\n<td>Imagen del logotipo de arranque               s\u00ed<\/td>\n<\/tr>\n<tr>\n<td>Imagen sin se\u00f1al                                        s\u00ed<\/td>\n<\/tr>\n<tr>\n<td>Sincronizaci\u00f3n rs232c                              s\u00ed<\/td>\n<\/tr>\n<tr>\n<td>Sincronizaci\u00f3n de red local                            s\u00ed<\/td>\n<\/tr>\n<tr>\n<td>Pbp                                         s\u00ed (4)<\/td>\n<\/tr>\n<tr>\n<td>Compartir pantalla                    s\u00ed<\/td>\n<\/tr>\n<tr>\n<td>Player a trav\u00e9s de url             s\u00ed<\/td>\n<\/tr>\n<tr>\n<td>Rotacion de pantalla                s\u00ed<\/td>\n<\/tr>\n<tr>\n<td>Rotaci\u00f3n de entrada externa    s\u00ed<\/td>\n<\/tr>\n<tr>\n<td>Reproducci\u00f3n sin pausas    s\u00ed<\/td>\n<\/tr>\n<tr>\n<td>Configuraci\u00f3n del modo mosaico     s\u00ed (max. 15&#215;15)<\/td>\n<\/tr>\n<tr>\n<td>Configuraci\u00f3n de clonaci\u00f3n de datos     s\u00ed<\/td>\n<\/tr>\n<tr>\n<td>Certificaci\u00f3n cisco      tbd<\/td>\n<\/tr>\n<tr>\n<td>Crestron conectado      s\u00ed<\/td>\n<\/tr>\n<tr>\n<td>Ahorro de energ\u00eda inteligente   s\u00ed<\/td>\n<\/tr>\n<tr>\n<td>Hdmi-cec       s\u00ed<\/td>\n<\/tr>\n<tr>\n<td>Configuraci\u00f3n del servidor si    s\u00ed<\/td>\n<\/tr>\n<tr>\n<td>Condiciones ambientales<\/td>\n<\/tr>\n<tr>\n<td>Temperatura de operaci\u00f3n    0 \u00b0c to 40 \u00b0c<\/td>\n<\/tr>\n<tr>\n<td>Operaci\u00f3n humedad    10 % to 80 %<\/td>\n<\/tr>\n<tr>\n<td>Energ\u00eda<\/td>\n<\/tr>\n<tr>\n<td>Fuente de alimentaci\u00f3n     ac 100-240v~, 50\/60hz<\/td>\n<\/tr>\n<tr>\n<td>Consumo de energ\u00eda<\/td>\n<\/tr>\n<tr>\n<td>Tipo.  130w<\/td>\n<\/tr>\n<tr>\n<td>M\u00e1x     180w<\/td>\n<\/tr>\n<tr>\n<td>Btu (unidad t\u00e9rmica brit\u00e1nica)    444 btu\/hr(typ.), 478 btu\/hr(max)<\/td>\n<\/tr>\n<tr>\n<td>Ahorro de energ\u00eda inteligente (70%)        91w<\/td>\n<\/tr>\n<tr>\n<td>Apagado      0.5w<\/td>\n<\/tr>\n<tr>\n<td>Sonido    incorporada          s\u00ed (10w x 2)<\/td>\n<\/tr>\n<tr>\n<td>Certificaci\u00f3n<\/td>\n<\/tr>\n<tr>\n<td>Seguridad    cb \/ nrtl     cem   fcc class b \/ ce \/ kc<\/td>\n<\/tr>\n<tr>\n<td>Erp    s\u00ed (newerp)\/s\u00ed     epeat (solo ee. uu.)   s\u00ed<\/td>\n<\/tr>\n<tr>\n<td>Compatibilidad de software<\/td>\n<\/tr>\n<tr>\n<td>Supersign cms        s\u00ed<\/td>\n<\/tr>\n<tr>\n<td>Supersign control+         si \/ si<\/td>\n<\/tr>\n<tr>\n<td>Supersign wb               s\u00ed<\/td>\n<\/tr>\n<tr>\n<td>Supersign cloud       si<\/td>\n<\/tr>\n<tr>\n<td>Mobile cms               s\u00ed<\/td>\n<\/tr>\n<tr>\n<td>Connected care         si<\/td>\n<\/tr>\n<tr>\n<td>Lenguaje<\/td>\n<\/tr>\n<tr>\n<td> english, french, german, spanish, italian, korean , chinese(simplified), chinese(original), portugues(brazil), swedish, finnish, norwegian, danish, russian, japanese, portugues(europe), dutch, czech, greek, turkish and #8594;t\u00fcrkiye, arabic<\/td>\n<\/tr>\n<tr>\n<td>Accesorios    incluidos<\/td>\n<\/tr>\n<tr>\n<td>Control remoto (incluye bater\u00eda 2ea), cable de alimentaci\u00f3n, qsg, libro de regulaciones, tel\u00e9fono a g\u00e9nero rs232c<\/td>\n<\/tr>\n<\/table>\n","protected":false},"excerpt":{"rendered":"<p>La senalizacion digital lg es facil y rapida de instalar, permitiendote editar y actualizar tus publicaciones con el editor de contenidos remoto supersign cms, brindandote la posibilidad de actualizar contenidos con rapidez y eficacia, como si siempre lo hubieras usado<\/p>\n","protected":false},"featured_media":242779,"comment_status":"open","ping_status":"open","template":"","meta":[],"product_cat":[1740,1741],"product_tag":[1687],"acf":[],"yoast_head":"<!-- This site is optimized with the Yoast SEO plugin v21.7 - https:\/\/yoast.com\/wordpress\/plugins\/seo\/ -->\n<title>[ Lg ] &#129351; 55um5n Monitor De Se\u00f1alizacion Digital De 55 P Uso 24\/7 Brillo 500 Nits, Bisel T\/b: 12.1 Mm R\/l: 11.1mm; Webos 6, Interfaz Hdmi 3 \/ Hdmi Out (1) \/ Dp \/ Usb 2.0 \/ Rs232c \/ Rj45 \/ Audio \/ Ir<\/title>\n<meta name=\"description\" content=\"Compra 55um5n Monitor De Se\u00f1alizacion Digital De 55 P Uso 24\/7 Brillo 500 Nits, Bisel T\/b: 12.1 Mm R\/l: 11.1mm; Webos 6, Interfaz Hdmi 3 \/ Hdmi Out (1) \/ Dp \/ Usb 2.0 \/ Rs232c \/ Rj45 \/ Audio \/ Ir + Env\u00edo a domicilio + Pago seguro + Garant\u00eda\" \/>\n<meta name=\"robots\" content=\"index, follow, max-snippet:-1, max-image-preview:large, max-video-preview:-1\" \/>\n<link rel=\"canonical\" href=\"https:\/\/compuviper.mx\/tienda\/producto\/lg-55um5n-monitor-de-sealizacion-digital-de-55-p-uso-24-7-brillo-500-nits-bisel-t-b-12-1-mm-r-l-11-1mm-webos-6-interfaz-hdmi-3-hdmi-out-1-dp-usb-2-0-rs232c-rj45-audio-ir\/\" \/>\n<meta property=\"og:locale\" content=\"es_MX\" \/>\n<meta property=\"og:type\" content=\"article\" \/>\n<meta property=\"og:title\" content=\"[ Lg ] &#129351; 55um5n Monitor De Se\u00f1alizacion Digital De 55 P Uso 24\/7 Brillo 500 Nits, Bisel T\/b: 12.1 Mm R\/l: 11.1mm; Webos 6, Interfaz Hdmi 3 \/ Hdmi Out (1) \/ Dp \/ Usb 2.0 \/ Rs232c \/ Rj45 \/ Audio \/ Ir\" \/>\n<meta property=\"og:description\" content=\"Compra 55um5n Monitor De Se\u00f1alizacion Digital De 55 P Uso 24\/7 Brillo 500 Nits, Bisel T\/b: 12.1 Mm R\/l: 11.1mm; Webos 6, Interfaz Hdmi 3 \/ Hdmi Out (1) \/ Dp \/ Usb 2.0 \/ Rs232c \/ Rj45 \/ Audio \/ Ir + Env\u00edo a domicilio + Pago seguro + Garant\u00eda\" \/>\n<meta property=\"og:url\" content=\"https:\/\/compuviper.mx\/tienda\/producto\/lg-55um5n-monitor-de-sealizacion-digital-de-55-p-uso-24-7-brillo-500-nits-bisel-t-b-12-1-mm-r-l-11-1mm-webos-6-interfaz-hdmi-3-hdmi-out-1-dp-usb-2-0-rs232c-rj45-audio-ir\/\" \/>\n<meta property=\"og:site_name\" content=\"Compuviper\" \/>\n<meta property=\"article:publisher\" content=\"https:\/\/www.facebook.com\/compuviper\" \/>\n<meta property=\"article:modified_time\" content=\"2026-04-08T06:50:14+00:00\" \/>\n<meta property=\"og:image\" content=\"https:\/\/compuviper.mx\/tienda\/wp-content\/uploads\/2024\/09\/Monitor-de-senalizacion-digital-lg-de-55-plg-uso-247-brillo-500-nits-bisel-tb-12.1-mm-rl-11.1mm-webos-6-interfaz-hdmi-3-hdmi-out-1-dp-usb-2.0-rs232c-rj45-audio-ir.jpg\" \/>\n\t<meta property=\"og:image:width\" content=\"200\" \/>\n\t<meta property=\"og:image:height\" content=\"200\" \/>\n\t<meta property=\"og:image:type\" content=\"image\/jpeg\" \/>\n<meta name=\"twitter:card\" content=\"summary_large_image\" \/>\n<meta name=\"twitter:label1\" content=\"Precio\" \/>\n\t<meta name=\"twitter:data1\" content=\"&#36;13,002 con IVA\" \/>\n\t<meta name=\"twitter:label2\" content=\"Availability\" \/>\n\t<meta name=\"twitter:data2\" content=\"In stock\" \/>\n<script type=\"application\/ld+json\" class=\"yoast-schema-graph\">{\"@context\":\"https:\/\/schema.org\",\"@graph\":[{\"@type\":\"WebPage\",\"@id\":\"https:\/\/compuviper.mx\/tienda\/producto\/lg-55um5n-monitor-de-sealizacion-digital-de-55-p-uso-24-7-brillo-500-nits-bisel-t-b-12-1-mm-r-l-11-1mm-webos-6-interfaz-hdmi-3-hdmi-out-1-dp-usb-2-0-rs232c-rj45-audio-ir\/\",\"url\":\"https:\/\/compuviper.mx\/tienda\/producto\/lg-55um5n-monitor-de-sealizacion-digital-de-55-p-uso-24-7-brillo-500-nits-bisel-t-b-12-1-mm-r-l-11-1mm-webos-6-interfaz-hdmi-3-hdmi-out-1-dp-usb-2-0-rs232c-rj45-audio-ir\/\",\"name\":\"[ Lg ] &#129351; 55um5n Monitor De Se\u00f1alizacion Digital De 55 P Uso 24\/7 Brillo 500 Nits, Bisel T\/b: 12.1 Mm R\/l: 11.1mm; Webos 6, Interfaz Hdmi 3 \/ Hdmi Out (1) \/ Dp \/ Usb 2.0 \/ Rs232c \/ Rj45 \/ Audio \/ Ir\",\"isPartOf\":{\"@id\":\"https:\/\/compuviper.mx\/tienda\/#website\"},\"datePublished\":\"2026-04-08T06:50:13+00:00\",\"dateModified\":\"2026-04-08T06:50:14+00:00\",\"description\":\"Compra 55um5n Monitor De Se\u00f1alizacion Digital De 55 P Uso 24\/7 Brillo 500 Nits, Bisel T\/b: 12.1 Mm R\/l: 11.1mm; Webos 6, Interfaz Hdmi 3 \/ Hdmi Out (1) \/ Dp \/ Usb 2.0 \/ Rs232c \/ Rj45 \/ Audio \/ Ir + Env\u00edo a domicilio + Pago seguro + Garant\u00eda\",\"breadcrumb\":{\"@id\":\"https:\/\/compuviper.mx\/tienda\/producto\/lg-55um5n-monitor-de-sealizacion-digital-de-55-p-uso-24-7-brillo-500-nits-bisel-t-b-12-1-mm-r-l-11-1mm-webos-6-interfaz-hdmi-3-hdmi-out-1-dp-usb-2-0-rs232c-rj45-audio-ir\/#breadcrumb\"},\"inLanguage\":\"es-MX\",\"potentialAction\":[{\"@type\":\"ReadAction\",\"target\":[\"https:\/\/compuviper.mx\/tienda\/producto\/lg-55um5n-monitor-de-sealizacion-digital-de-55-p-uso-24-7-brillo-500-nits-bisel-t-b-12-1-mm-r-l-11-1mm-webos-6-interfaz-hdmi-3-hdmi-out-1-dp-usb-2-0-rs232c-rj45-audio-ir\/\"]}]},{\"@type\":\"BreadcrumbList\",\"@id\":\"https:\/\/compuviper.mx\/tienda\/producto\/lg-55um5n-monitor-de-sealizacion-digital-de-55-p-uso-24-7-brillo-500-nits-bisel-t-b-12-1-mm-r-l-11-1mm-webos-6-interfaz-hdmi-3-hdmi-out-1-dp-usb-2-0-rs232c-rj45-audio-ir\/#breadcrumb\",\"itemListElement\":[{\"@type\":\"ListItem\",\"position\":1,\"name\":\"Inicio\",\"item\":\"https:\/\/compuviper.mx\/tienda\/\"},{\"@type\":\"ListItem\",\"position\":2,\"name\":\"Productos\",\"item\":\"https:\/\/compuviper.mx\/tienda\/productos\/\"},{\"@type\":\"ListItem\",\"position\":3,\"name\":\"Monitores\",\"item\":\"https:\/\/compuviper.mx\/tienda\/categoria-producto\/monitores\/\"},{\"@type\":\"ListItem\",\"position\":4,\"name\":\"Led\",\"item\":\"https:\/\/compuviper.mx\/tienda\/categoria-producto\/monitores\/led\/\"},{\"@type\":\"ListItem\",\"position\":5,\"name\":\"Lg 55um5n Monitor De Se?alizacion Digital De 55 P Uso 24\/7 Brillo 500 Nits, Bisel T\/b: 12.1 Mm R\/l: 11.1mm; Webos 6, Interfaz Hdmi 3 \/ Hdmi Out (1) \/ Dp \/ Usb 2.0 \/ Rs232c \/ Rj45 \/ Audio \/ Ir\"}]},{\"@type\":\"WebSite\",\"@id\":\"https:\/\/compuviper.mx\/tienda\/#website\",\"url\":\"https:\/\/compuviper.mx\/tienda\/\",\"name\":\"Compuviper\",\"description\":\"Proveedor de Computadoras, Laptops, Servidores, Monitores, Puntos de Venta, Teclados,   Impresoras, T\u00f3ner, C\u00e1maras de Seguridad y m\u00e1s en tu tienda en l\u00ednea\",\"publisher\":{\"@id\":\"https:\/\/compuviper.mx\/tienda\/#organization\"},\"potentialAction\":[{\"@type\":\"SearchAction\",\"target\":{\"@type\":\"EntryPoint\",\"urlTemplate\":\"https:\/\/compuviper.mx\/tienda\/?s={search_term_string}\"},\"query-input\":\"required name=search_term_string\"}],\"inLanguage\":\"es-MX\"},{\"@type\":\"Organization\",\"@id\":\"https:\/\/compuviper.mx\/tienda\/#organization\",\"name\":\"Compuviper\",\"url\":\"https:\/\/compuviper.mx\/tienda\/\",\"logo\":{\"@type\":\"ImageObject\",\"inLanguage\":\"es-MX\",\"@id\":\"https:\/\/compuviper.mx\/tienda\/#\/schema\/logo\/image\/\",\"url\":\"https:\/\/compuviper.mx\/tienda\/wp-content\/uploads\/2021\/08\/Logo-Compuviper-10.png\",\"contentUrl\":\"https:\/\/compuviper.mx\/tienda\/wp-content\/uploads\/2021\/08\/Logo-Compuviper-10.png\",\"width\":1000,\"height\":500,\"caption\":\"Compuviper\"},\"image\":{\"@id\":\"https:\/\/compuviper.mx\/tienda\/#\/schema\/logo\/image\/\"},\"sameAs\":[\"https:\/\/www.facebook.com\/compuviper\",\"https:\/\/www.youtube.com\/channel\/UCf73dERp9Y3cfOq7q8BhLjA?view_as=subscriber\"]}]}<\/script>\n<meta property=\"product:brand\" content=\"LG\" \/>\n<meta property=\"product:price:amount\" content=\"13002\" \/>\n<meta property=\"product:price:currency\" content=\"MXN\" \/>\n<meta property=\"og:availability\" content=\"instock\" \/>\n<meta property=\"product:availability\" content=\"instock\" \/>\n<meta property=\"product:retailer_item_id\" content=\"55UM5N\" \/>\n<meta property=\"product:condition\" content=\"new\" \/>\n<!-- \/ Yoast SEO plugin. -->","yoast_head_json":{"title":"[ Lg ] &#129351; 55um5n Monitor De Se\u00f1alizacion Digital De 55 P Uso 24\/7 Brillo 500 Nits, Bisel T\/b: 12.1 Mm R\/l: 11.1mm; Webos 6, Interfaz Hdmi 3 \/ Hdmi Out (1) \/ Dp \/ Usb 2.0 \/ Rs232c \/ Rj45 \/ Audio \/ Ir","description":"Compra 55um5n Monitor De Se\u00f1alizacion Digital De 55 P Uso 24\/7 Brillo 500 Nits, Bisel T\/b: 12.1 Mm R\/l: 11.1mm; Webos 6, Interfaz Hdmi 3 \/ Hdmi Out (1) \/ Dp \/ Usb 2.0 \/ Rs232c \/ Rj45 \/ Audio \/ Ir + Env\u00edo a domicilio + Pago seguro + Garant\u00eda","robots":{"index":"index","follow":"follow","max-snippet":"max-snippet:-1","max-image-preview":"max-image-preview:large","max-video-preview":"max-video-preview:-1"},"canonical":"https:\/\/compuviper.mx\/tienda\/producto\/lg-55um5n-monitor-de-sealizacion-digital-de-55-p-uso-24-7-brillo-500-nits-bisel-t-b-12-1-mm-r-l-11-1mm-webos-6-interfaz-hdmi-3-hdmi-out-1-dp-usb-2-0-rs232c-rj45-audio-ir\/","og_locale":"es_MX","og_type":"article","og_title":"[ Lg ] &#129351; 55um5n Monitor De Se\u00f1alizacion Digital De 55 P Uso 24\/7 Brillo 500 Nits, Bisel T\/b: 12.1 Mm R\/l: 11.1mm; Webos 6, Interfaz Hdmi 3 \/ Hdmi Out (1) \/ Dp \/ Usb 2.0 \/ Rs232c \/ Rj45 \/ Audio \/ Ir","og_description":"Compra 55um5n Monitor De Se\u00f1alizacion Digital De 55 P Uso 24\/7 Brillo 500 Nits, Bisel T\/b: 12.1 Mm R\/l: 11.1mm; Webos 6, Interfaz Hdmi 3 \/ Hdmi Out (1) \/ Dp \/ Usb 2.0 \/ Rs232c \/ Rj45 \/ Audio \/ Ir + Env\u00edo a domicilio + Pago seguro + Garant\u00eda","og_url":"https:\/\/compuviper.mx\/tienda\/producto\/lg-55um5n-monitor-de-sealizacion-digital-de-55-p-uso-24-7-brillo-500-nits-bisel-t-b-12-1-mm-r-l-11-1mm-webos-6-interfaz-hdmi-3-hdmi-out-1-dp-usb-2-0-rs232c-rj45-audio-ir\/","og_site_name":"Compuviper","article_publisher":"https:\/\/www.facebook.com\/compuviper","article_modified_time":"2026-04-08T06:50:14+00:00","og_image":[{"width":200,"height":200,"url":"https:\/\/compuviper.mx\/tienda\/wp-content\/uploads\/2024\/09\/Monitor-de-senalizacion-digital-lg-de-55-plg-uso-247-brillo-500-nits-bisel-tb-12.1-mm-rl-11.1mm-webos-6-interfaz-hdmi-3-hdmi-out-1-dp-usb-2.0-rs232c-rj45-audio-ir.jpg","type":"image\/jpeg"}],"twitter_card":"summary_large_image","twitter_misc":{"Precio":"&#36;13,002 con IVA","Availability":"In stock"},"schema":{"@context":"https:\/\/schema.org","@graph":[{"@type":"WebPage","@id":"https:\/\/compuviper.mx\/tienda\/producto\/lg-55um5n-monitor-de-sealizacion-digital-de-55-p-uso-24-7-brillo-500-nits-bisel-t-b-12-1-mm-r-l-11-1mm-webos-6-interfaz-hdmi-3-hdmi-out-1-dp-usb-2-0-rs232c-rj45-audio-ir\/","url":"https:\/\/compuviper.mx\/tienda\/producto\/lg-55um5n-monitor-de-sealizacion-digital-de-55-p-uso-24-7-brillo-500-nits-bisel-t-b-12-1-mm-r-l-11-1mm-webos-6-interfaz-hdmi-3-hdmi-out-1-dp-usb-2-0-rs232c-rj45-audio-ir\/","name":"[ Lg ] &#129351; 55um5n Monitor De Se\u00f1alizacion Digital De 55 P Uso 24\/7 Brillo 500 Nits, Bisel T\/b: 12.1 Mm R\/l: 11.1mm; Webos 6, Interfaz Hdmi 3 \/ Hdmi Out (1) \/ Dp \/ Usb 2.0 \/ Rs232c \/ Rj45 \/ Audio \/ Ir","isPartOf":{"@id":"https:\/\/compuviper.mx\/tienda\/#website"},"datePublished":"2026-04-08T06:50:13+00:00","dateModified":"2026-04-08T06:50:14+00:00","description":"Compra 55um5n Monitor De Se\u00f1alizacion Digital De 55 P Uso 24\/7 Brillo 500 Nits, Bisel T\/b: 12.1 Mm R\/l: 11.1mm; Webos 6, Interfaz Hdmi 3 \/ Hdmi Out (1) \/ Dp \/ Usb 2.0 \/ Rs232c \/ Rj45 \/ Audio \/ Ir + Env\u00edo a domicilio + Pago seguro + Garant\u00eda","breadcrumb":{"@id":"https:\/\/compuviper.mx\/tienda\/producto\/lg-55um5n-monitor-de-sealizacion-digital-de-55-p-uso-24-7-brillo-500-nits-bisel-t-b-12-1-mm-r-l-11-1mm-webos-6-interfaz-hdmi-3-hdmi-out-1-dp-usb-2-0-rs232c-rj45-audio-ir\/#breadcrumb"},"inLanguage":"es-MX","potentialAction":[{"@type":"ReadAction","target":["https:\/\/compuviper.mx\/tienda\/producto\/lg-55um5n-monitor-de-sealizacion-digital-de-55-p-uso-24-7-brillo-500-nits-bisel-t-b-12-1-mm-r-l-11-1mm-webos-6-interfaz-hdmi-3-hdmi-out-1-dp-usb-2-0-rs232c-rj45-audio-ir\/"]}]},{"@type":"BreadcrumbList","@id":"https:\/\/compuviper.mx\/tienda\/producto\/lg-55um5n-monitor-de-sealizacion-digital-de-55-p-uso-24-7-brillo-500-nits-bisel-t-b-12-1-mm-r-l-11-1mm-webos-6-interfaz-hdmi-3-hdmi-out-1-dp-usb-2-0-rs232c-rj45-audio-ir\/#breadcrumb","itemListElement":[{"@type":"ListItem","position":1,"name":"Inicio","item":"https:\/\/compuviper.mx\/tienda\/"},{"@type":"ListItem","position":2,"name":"Productos","item":"https:\/\/compuviper.mx\/tienda\/productos\/"},{"@type":"ListItem","position":3,"name":"Monitores","item":"https:\/\/compuviper.mx\/tienda\/categoria-producto\/monitores\/"},{"@type":"ListItem","position":4,"name":"Led","item":"https:\/\/compuviper.mx\/tienda\/categoria-producto\/monitores\/led\/"},{"@type":"ListItem","position":5,"name":"Lg 55um5n Monitor De Se?alizacion Digital De 55 P Uso 24\/7 Brillo 500 Nits, Bisel T\/b: 12.1 Mm R\/l: 11.1mm; Webos 6, Interfaz Hdmi 3 \/ Hdmi Out (1) \/ Dp \/ Usb 2.0 \/ Rs232c \/ Rj45 \/ Audio \/ Ir"}]},{"@type":"WebSite","@id":"https:\/\/compuviper.mx\/tienda\/#website","url":"https:\/\/compuviper.mx\/tienda\/","name":"Compuviper","description":"Proveedor de Computadoras, Laptops, Servidores, Monitores, Puntos de Venta, Teclados,   Impresoras, T\u00f3ner, C\u00e1maras de Seguridad y m\u00e1s en tu tienda en l\u00ednea","publisher":{"@id":"https:\/\/compuviper.mx\/tienda\/#organization"},"potentialAction":[{"@type":"SearchAction","target":{"@type":"EntryPoint","urlTemplate":"https:\/\/compuviper.mx\/tienda\/?s={search_term_string}"},"query-input":"required name=search_term_string"}],"inLanguage":"es-MX"},{"@type":"Organization","@id":"https:\/\/compuviper.mx\/tienda\/#organization","name":"Compuviper","url":"https:\/\/compuviper.mx\/tienda\/","logo":{"@type":"ImageObject","inLanguage":"es-MX","@id":"https:\/\/compuviper.mx\/tienda\/#\/schema\/logo\/image\/","url":"https:\/\/compuviper.mx\/tienda\/wp-content\/uploads\/2021\/08\/Logo-Compuviper-10.png","contentUrl":"https:\/\/compuviper.mx\/tienda\/wp-content\/uploads\/2021\/08\/Logo-Compuviper-10.png","width":1000,"height":500,"caption":"Compuviper"},"image":{"@id":"https:\/\/compuviper.mx\/tienda\/#\/schema\/logo\/image\/"},"sameAs":["https:\/\/www.facebook.com\/compuviper","https:\/\/www.youtube.com\/channel\/UCf73dERp9Y3cfOq7q8BhLjA?view_as=subscriber"]}]},"product_brand":"LG","product_price_amount":"13002","product_price_currency":"MXN","og_availability":"instock","product_availability":"instock","product_retailer_item_id":"55UM5N","product_condition":"new"},"_links":{"self":[{"href":"https:\/\/compuviper.mx\/tienda\/wp-json\/wp\/v2\/product\/240654"}],"collection":[{"href":"https:\/\/compuviper.mx\/tienda\/wp-json\/wp\/v2\/product"}],"about":[{"href":"https:\/\/compuviper.mx\/tienda\/wp-json\/wp\/v2\/types\/product"}],"replies":[{"embeddable":true,"href":"https:\/\/compuviper.mx\/tienda\/wp-json\/wp\/v2\/comments?post=240654"}],"wp:featuredmedia":[{"embeddable":true,"href":"https:\/\/compuviper.mx\/tienda\/wp-json\/wp\/v2\/media\/242779"}],"wp:attachment":[{"href":"https:\/\/compuviper.mx\/tienda\/wp-json\/wp\/v2\/media?parent=240654"}],"wp:term":[{"taxonomy":"product_cat","embeddable":true,"href":"https:\/\/compuviper.mx\/tienda\/wp-json\/wp\/v2\/product_cat?post=240654"},{"taxonomy":"product_tag","embeddable":true,"href":"https:\/\/compuviper.mx\/tienda\/wp-json\/wp\/v2\/product_tag?post=240654"}],"curies":[{"name":"wp","href":"https:\/\/api.w.org\/{rel}","templated":true}]}}