{"id":240642,"date":"2026-04-16T02:19:17","date_gmt":"2026-04-16T08:19:17","guid":{"rendered":"https:\/\/compuviper.mx\/tienda\/producto\/grandstream-gac2500-telfono-ip-empresarial-gigabit-android-para-conferencia-de-6-lneas-6-cuentas-sip-y-conferencia-de-7-vas-con-pantalla-tctil-de-4-3plg-y-audio-hd\/"},"modified":"2026-04-16T02:19:17","modified_gmt":"2026-04-16T08:19:17","slug":"grandstream-gac2500-telfono-ip-para-sala-de-conferencias-6-lineas-6-cuentas-sip-pantalla-tactil-de-4-3-android-4-4-bluetooth-poe-y-fuente-de-alimentacion-incluida","status":"publish","type":"product","link":"https:\/\/compuviper.mx\/tienda\/producto\/grandstream-gac2500-telfono-ip-para-sala-de-conferencias-6-lineas-6-cuentas-sip-pantalla-tactil-de-4-3-android-4-4-bluetooth-poe-y-fuente-de-alimentacion-incluida\/","title":{"rendered":"Grandstream Gac2500 Telfono Ip Para Sala De Conferencias  \/ 6 Lineas\/ 6 Cuentas Sip\/ Pantalla Tactil De 4.3\/ Android 4.4\/ Bluetooth\/ Poe Y Fuente De Alimentacion Incluida"},"content":{"rendered":"<table class=\"descripcion\">\n<tr>\n<td>Principales:<\/td>\n<\/tr>\n<tr>\n<td>&#8211; 6 l\u00edneas, 6 cuentas sip y conferencia de 7 v\u00edas.<\/td>\n<\/tr>\n<tr>\n<td>&#8211; 3 micr\u00f3fonos cardioides; distancia de captaci\u00f3n de hasta 4 metros.<\/td>\n<\/tr>\n<tr>\n<td>&#8211; 1 altavoz de 8w con alcance de hasta 5 metros.<\/td>\n<\/tr>\n<tr>\n<td>&#8211; pantalla t\u00e1ctil lcd 4.3 de 800 x 480.<\/td>\n<\/tr>\n<tr>\n<td>&#8211; audio hd.<\/td>\n<\/tr>\n<tr>\n<td>Interfaces:<\/td>\n<\/tr>\n<tr>\n<td>&#8211; wi-fi 802.11 b\/g\/n.<\/td>\n<\/tr>\n<tr>\n<td>&#8211; bluetooth 4.0 integrado.<\/td>\n<\/tr>\n<tr>\n<td>&#8211;\u00a0puerto ethernet con detecci\u00f3n autom\u00e1tica y poe+ integrado (ieee 802.3at class4).<\/td>\n<\/tr>\n<tr>\n<td>&#8211; puerto de audio auxiliar 3.5 mm, usb micro-b, puerto serial rj48.<\/td>\n<\/tr>\n<tr>\n<td>Funciones de telefon\u00eda:<\/td>\n<\/tr>\n<tr>\n<td>6 cuentas sip, retenci\u00f3n, transferencia, desv\u00edo, conferencia de 7 v\u00edas, parqueo<\/td>\n<\/tr>\n<tr>\n<td>De llamadas, captura de llamadas , directorio telef\u00f3nico descargable (xml, ldap, hasta 2000 contactos), llamada en espera, lista de llamadas (hasta 2000 registros), personalizaci\u00f3n xml de pantalla, contestaci\u00f3n autom\u00e1tica, clic para marcar, plan de marcaci\u00f3n \u00a0exible, hot desking (estaciones de trabajo compartidas), tonos de llamada con m\u00fasica personalizada y m\u00fasica en espera, redundancia de servidores y conmutaci\u00f3n por error (fail-over).<\/td>\n<\/tr>\n<tr>\n<td>Aplicaciones de muestra:<\/td>\n<\/tr>\n<tr>\n<td>Skype, google hangouts, skype for business (lync), navegador de internet, adobe flash, facebook, twitter, youtube, calendario de google, importaci\u00f3n\/exportaci\u00f3n de datos de tel\u00e9fono m\u00f3vil por medio de bluetooth, etc. api\/sdk disponible para el desarrollo avanzado de aplicaciones personalizadas.<\/td>\n<\/tr>\n<tr>\n<td>C\u00f3decs:<\/td>\n<\/tr>\n<tr>\n<td>Soporte para g.711 and #956;\/a, g.722 (banda ancha), g.723 (pendiente), g.726-32, g.729 a\/b, dtmf en banda y fuera de banda (in audio, rfc2833, sip info), vad, cng, aec, plc, ajb, agc.<\/td>\n<\/tr>\n<tr>\n<td>Interfaces:<\/td>\n<\/tr>\n<tr>\n<td>&#8211;\u00a0puertos ethernet dobles conmutados de 10\/100\/1000 mbps con detecci\u00f3n autom\u00e1tica.<\/td>\n<\/tr>\n<tr>\n<td>&#8211; conector de aud\u00edfonos rj9 (permite ehs con aud\u00edfonos plantronics).<\/td>\n<\/tr>\n<tr>\n<td>Seguridad:<\/td>\n<\/tr>\n<tr>\n<td>Contrase\u00f1as a nivel de usuario y administrador, autenticaci\u00f3n basada en md5 y md5-sess, archivo de con guraci\u00f3n cifrado con aes de 256 bits, tls, srtp, https, 802.1x media access control.<\/td>\n<\/tr>\n<tr>\n<td>Calidad de servicio:<\/td>\n<\/tr>\n<tr>\n<td>Qos de capa (802.1q, 802.1p) y qos de capa 3 (tos, diffserv, mpls).<\/td>\n<\/tr>\n<tr>\n<td>Lenguajes:<\/td>\n<\/tr>\n<tr>\n<td>Espa\u00f1ol, ingl\u00e9s, alem\u00e1n, italiano, franc\u00e9s, portugu\u00e9s, ruso, croata, chino simplificado y tradicional, coreano, japon\u00e9s.<\/td>\n<\/tr>\n<tr>\n<td>Protocolos y normas:<\/td>\n<\/tr>\n<tr>\n<td>Fcc: parte 15 (cfr 47) clase b; ul 60950 (adaptador de corriente)<\/td>\n<\/tr>\n<tr>\n<td>Ce: en55022 clase b, en55024, en61000-3-2, en61000-3-3, en60950-1, en62479, rohs<\/td>\n<\/tr>\n<tr>\n<td>Rcm: as\/acif s004; as\/nzs cispr22\/24; as\/nzs 60950; as\/nzs 4268.<\/td>\n<\/tr>\n<tr>\n<td>Conformidad:<\/td>\n<\/tr>\n<tr>\n<td>Fcc: parte 15 (cfr 47) clase b; ul 60950 (adaptador de corriente)\u00a0ce: en55022 clase b, en55024, en61000-3-2, en61000-3-3, en60950-1, en62479, rohs\u00a0rcm: as\/acif s004; as\/nzs cispr22\/24; as\/nzs 60950; as\/nzs 4268.<\/td>\n<\/tr>\n<tr>\n<td>Caracter\u00edsticas f\u00edsicas y el\u00e9ctricas:<\/td>\n<\/tr>\n<tr>\n<td>&#8211; fuente de alimentaci\u00f3n universal: entrada:100-240vac 50-60hz; salida:12vdc,2a (24w).<\/td>\n<\/tr>\n<tr>\n<td>&#8211; dimensiones: 280 x 285 x 60 mm.<\/td>\n<\/tr>\n<tr>\n<td>&#8211; peso: 1.34 kg.<\/td>\n<\/tr>\n<tr>\n<td>&#8211; temperatura de operaci\u00f3n: 0~40\u00bac.<\/td>\n<\/tr>\n<tr>\n<td>Contenido del paquete:<\/td>\n<\/tr>\n<tr>\n<td>Tel\u00e9fono gac2500, fuente de alimentaci\u00f3n universal, cable de red, cable usb, cable de cascada rj48, gu\u00eda de instalaci\u00f3n r\u00e1pida.<\/td>\n<\/tr>\n<\/table>\n","protected":false},"excerpt":{"rendered":"<p>El gac2500 es la soluci\u00f3n ideal para la salas de conferencia, ya que ofrece una excelente calidad de audio a todos los participantes en salas de conferencias, salas de juntas y oficinas. Incluye soporte para 6 l\u00edneas con hasta 6 cuentas sip, una pantalla t\u00e1ctil capacitiva de 4.3 pulgadas, ethernet con velocidad gigabit, conferencia de voz de 7 v\u00edas y conexi\u00f3n en cascada. El gac2500 est\u00e1 basado en android y ofrece acceso total a todas las aplicaciones dentro de google play store, incluyendo aplicaciones populares como skype y google hangouts. El gac2500 proporciona calidad de audio hd, aprovisionamiento automatizado para f\u00e1cil implementaci\u00f3n, protecci\u00f3n de seguridad avanzada para privacidad y amplia interoperabilidad con la mayor\u00eda de los dispositivos sip externos y las principales plataformas sip\/ngn\/ims.<\/p>\n","protected":false},"featured_media":240670,"comment_status":"open","ping_status":"open","template":"","meta":[],"product_cat":[1610,1757],"product_tag":[1576],"acf":[],"yoast_head":"<!-- This site is optimized with the Yoast SEO plugin v21.7 - https:\/\/yoast.com\/wordpress\/plugins\/seo\/ -->\n<title>[ Grandstream ] &#129351; Gac2500 Telfono Ip Para Sala De Conferencias \/ 6 Lineas\/ 6 Cuentas Sip\/ Pantalla Tactil De 4.3\/ Android 4.4\/ Bluetooth\/ Poe Y Fuente De Alimentacion Incluida<\/title>\n<meta name=\"description\" content=\"Compra Gac2500 Telfono Ip Para Sala De Conferencias \/ 6 Lineas\/ 6 Cuentas Sip\/ Pantalla Tactil De 4.3\/ Android 4.4\/ Bluetooth\/ Poe Y Fuente De Alimentacion Incluida + Env\u00edo a domicilio + Pago seguro + Garant\u00eda\" \/>\n<meta name=\"robots\" content=\"index, follow, max-snippet:-1, max-image-preview:large, max-video-preview:-1\" \/>\n<link rel=\"canonical\" href=\"https:\/\/compuviper.mx\/tienda\/producto\/grandstream-gac2500-telfono-ip-para-sala-de-conferencias-6-lineas-6-cuentas-sip-pantalla-tactil-de-4-3-android-4-4-bluetooth-poe-y-fuente-de-alimentacion-incluida\/\" \/>\n<meta property=\"og:locale\" content=\"es_MX\" \/>\n<meta property=\"og:type\" content=\"article\" \/>\n<meta property=\"og:title\" content=\"[ Grandstream ] &#129351; Gac2500 Telfono Ip Para Sala De Conferencias \/ 6 Lineas\/ 6 Cuentas Sip\/ Pantalla Tactil De 4.3\/ Android 4.4\/ Bluetooth\/ Poe Y Fuente De Alimentacion Incluida\" \/>\n<meta property=\"og:description\" content=\"Compra Gac2500 Telfono Ip Para Sala De Conferencias \/ 6 Lineas\/ 6 Cuentas Sip\/ Pantalla Tactil De 4.3\/ Android 4.4\/ Bluetooth\/ Poe Y Fuente De Alimentacion Incluida + Env\u00edo a domicilio + Pago seguro + Garant\u00eda\" \/>\n<meta property=\"og:url\" content=\"https:\/\/compuviper.mx\/tienda\/producto\/grandstream-gac2500-telfono-ip-para-sala-de-conferencias-6-lineas-6-cuentas-sip-pantalla-tactil-de-4-3-android-4-4-bluetooth-poe-y-fuente-de-alimentacion-incluida\/\" \/>\n<meta property=\"og:site_name\" content=\"Compuviper\" \/>\n<meta property=\"article:publisher\" content=\"https:\/\/www.facebook.com\/compuviper\" \/>\n<meta property=\"og:image\" content=\"https:\/\/compuviper.mx\/tienda\/wp-content\/uploads\/2024\/08\/Telfono-ip-empresarial-gigabit-android-para-conferencia-de-6-lneas-6-cuentas-sip-y-conferencia-de-7-vas-con-pantalla-tctil-de-4.3plg-y-audio-hd.jpg\" \/>\n\t<meta property=\"og:image:width\" content=\"200\" \/>\n\t<meta property=\"og:image:height\" content=\"200\" \/>\n\t<meta property=\"og:image:type\" content=\"image\/jpeg\" \/>\n<meta name=\"twitter:card\" content=\"summary_large_image\" \/>\n<meta name=\"twitter:label1\" content=\"Precio\" \/>\n\t<meta name=\"twitter:data1\" content=\"&#36;5,694 con IVA\" \/>\n\t<meta name=\"twitter:label2\" content=\"Availability\" \/>\n\t<meta name=\"twitter:data2\" content=\"Out of stock\" \/>\n<script type=\"application\/ld+json\" class=\"yoast-schema-graph\">{\"@context\":\"https:\/\/schema.org\",\"@graph\":[{\"@type\":\"WebPage\",\"@id\":\"https:\/\/compuviper.mx\/tienda\/producto\/grandstream-gac2500-telfono-ip-para-sala-de-conferencias-6-lineas-6-cuentas-sip-pantalla-tactil-de-4-3-android-4-4-bluetooth-poe-y-fuente-de-alimentacion-incluida\/\",\"url\":\"https:\/\/compuviper.mx\/tienda\/producto\/grandstream-gac2500-telfono-ip-para-sala-de-conferencias-6-lineas-6-cuentas-sip-pantalla-tactil-de-4-3-android-4-4-bluetooth-poe-y-fuente-de-alimentacion-incluida\/\",\"name\":\"[ Grandstream ] &#129351; Gac2500 Telfono Ip Para Sala De Conferencias \/ 6 Lineas\/ 6 Cuentas Sip\/ Pantalla Tactil De 4.3\/ Android 4.4\/ Bluetooth\/ Poe Y Fuente De Alimentacion Incluida\",\"isPartOf\":{\"@id\":\"https:\/\/compuviper.mx\/tienda\/#website\"},\"datePublished\":\"2026-04-16T08:19:17+00:00\",\"dateModified\":\"2026-04-16T08:19:17+00:00\",\"description\":\"Compra Gac2500 Telfono Ip Para Sala De Conferencias \/ 6 Lineas\/ 6 Cuentas Sip\/ Pantalla Tactil De 4.3\/ Android 4.4\/ Bluetooth\/ Poe Y Fuente De Alimentacion Incluida + Env\u00edo a domicilio + Pago seguro + Garant\u00eda\",\"breadcrumb\":{\"@id\":\"https:\/\/compuviper.mx\/tienda\/producto\/grandstream-gac2500-telfono-ip-para-sala-de-conferencias-6-lineas-6-cuentas-sip-pantalla-tactil-de-4-3-android-4-4-bluetooth-poe-y-fuente-de-alimentacion-incluida\/#breadcrumb\"},\"inLanguage\":\"es-MX\",\"potentialAction\":[{\"@type\":\"ReadAction\",\"target\":[\"https:\/\/compuviper.mx\/tienda\/producto\/grandstream-gac2500-telfono-ip-para-sala-de-conferencias-6-lineas-6-cuentas-sip-pantalla-tactil-de-4-3-android-4-4-bluetooth-poe-y-fuente-de-alimentacion-incluida\/\"]}]},{\"@type\":\"BreadcrumbList\",\"@id\":\"https:\/\/compuviper.mx\/tienda\/producto\/grandstream-gac2500-telfono-ip-para-sala-de-conferencias-6-lineas-6-cuentas-sip-pantalla-tactil-de-4-3-android-4-4-bluetooth-poe-y-fuente-de-alimentacion-incluida\/#breadcrumb\",\"itemListElement\":[{\"@type\":\"ListItem\",\"position\":1,\"name\":\"Inicio\",\"item\":\"https:\/\/compuviper.mx\/tienda\/\"},{\"@type\":\"ListItem\",\"position\":2,\"name\":\"Productos\",\"item\":\"https:\/\/compuviper.mx\/tienda\/productos\/\"},{\"@type\":\"ListItem\",\"position\":3,\"name\":\"Telefonia\",\"item\":\"https:\/\/compuviper.mx\/tienda\/categoria-producto\/telefonia-2\/\"},{\"@type\":\"ListItem\",\"position\":4,\"name\":\"Telefono Ip\",\"item\":\"https:\/\/compuviper.mx\/tienda\/categoria-producto\/telefonia-2\/telefono-ip\/\"},{\"@type\":\"ListItem\",\"position\":5,\"name\":\"Grandstream Gac2500 Telfono Ip Para Sala De Conferencias \/ 6 Lineas\/ 6 Cuentas Sip\/ Pantalla Tactil De 4.3\/ Android 4.4\/ Bluetooth\/ Poe Y Fuente De Alimentacion Incluida\"}]},{\"@type\":\"WebSite\",\"@id\":\"https:\/\/compuviper.mx\/tienda\/#website\",\"url\":\"https:\/\/compuviper.mx\/tienda\/\",\"name\":\"Compuviper\",\"description\":\"Proveedor de Computadoras, Laptops, Servidores, Monitores, Puntos de Venta, Teclados,   Impresoras, T\u00f3ner, C\u00e1maras de Seguridad y m\u00e1s en tu tienda en l\u00ednea\",\"publisher\":{\"@id\":\"https:\/\/compuviper.mx\/tienda\/#organization\"},\"potentialAction\":[{\"@type\":\"SearchAction\",\"target\":{\"@type\":\"EntryPoint\",\"urlTemplate\":\"https:\/\/compuviper.mx\/tienda\/?s={search_term_string}\"},\"query-input\":\"required name=search_term_string\"}],\"inLanguage\":\"es-MX\"},{\"@type\":\"Organization\",\"@id\":\"https:\/\/compuviper.mx\/tienda\/#organization\",\"name\":\"Compuviper\",\"url\":\"https:\/\/compuviper.mx\/tienda\/\",\"logo\":{\"@type\":\"ImageObject\",\"inLanguage\":\"es-MX\",\"@id\":\"https:\/\/compuviper.mx\/tienda\/#\/schema\/logo\/image\/\",\"url\":\"https:\/\/compuviper.mx\/tienda\/wp-content\/uploads\/2021\/08\/Logo-Compuviper-10.png\",\"contentUrl\":\"https:\/\/compuviper.mx\/tienda\/wp-content\/uploads\/2021\/08\/Logo-Compuviper-10.png\",\"width\":1000,\"height\":500,\"caption\":\"Compuviper\"},\"image\":{\"@id\":\"https:\/\/compuviper.mx\/tienda\/#\/schema\/logo\/image\/\"},\"sameAs\":[\"https:\/\/www.facebook.com\/compuviper\",\"https:\/\/www.youtube.com\/channel\/UCf73dERp9Y3cfOq7q8BhLjA?view_as=subscriber\"]}]}<\/script>\n<meta property=\"product:brand\" content=\"GRANDSTREAM\" \/>\n<meta property=\"product:price:amount\" content=\"5694\" \/>\n<meta property=\"product:price:currency\" content=\"MXN\" \/>\n<meta property=\"og:availability\" content=\"out of stock\" \/>\n<meta property=\"product:availability\" content=\"out of stock\" \/>\n<meta property=\"product:retailer_item_id\" content=\"GAC2500\" \/>\n<meta property=\"product:condition\" content=\"new\" \/>\n<!-- \/ Yoast SEO plugin. -->","yoast_head_json":{"title":"[ Grandstream ] &#129351; Gac2500 Telfono Ip Para Sala De Conferencias \/ 6 Lineas\/ 6 Cuentas Sip\/ Pantalla Tactil De 4.3\/ Android 4.4\/ Bluetooth\/ Poe Y Fuente De Alimentacion Incluida","description":"Compra Gac2500 Telfono Ip Para Sala De Conferencias \/ 6 Lineas\/ 6 Cuentas Sip\/ Pantalla Tactil De 4.3\/ Android 4.4\/ Bluetooth\/ Poe Y Fuente De Alimentacion Incluida + Env\u00edo a domicilio + Pago seguro + Garant\u00eda","robots":{"index":"index","follow":"follow","max-snippet":"max-snippet:-1","max-image-preview":"max-image-preview:large","max-video-preview":"max-video-preview:-1"},"canonical":"https:\/\/compuviper.mx\/tienda\/producto\/grandstream-gac2500-telfono-ip-para-sala-de-conferencias-6-lineas-6-cuentas-sip-pantalla-tactil-de-4-3-android-4-4-bluetooth-poe-y-fuente-de-alimentacion-incluida\/","og_locale":"es_MX","og_type":"article","og_title":"[ Grandstream ] &#129351; Gac2500 Telfono Ip Para Sala De Conferencias \/ 6 Lineas\/ 6 Cuentas Sip\/ Pantalla Tactil De 4.3\/ Android 4.4\/ Bluetooth\/ Poe Y Fuente De Alimentacion Incluida","og_description":"Compra Gac2500 Telfono Ip Para Sala De Conferencias \/ 6 Lineas\/ 6 Cuentas Sip\/ Pantalla Tactil De 4.3\/ Android 4.4\/ Bluetooth\/ Poe Y Fuente De Alimentacion Incluida + Env\u00edo a domicilio + Pago seguro + Garant\u00eda","og_url":"https:\/\/compuviper.mx\/tienda\/producto\/grandstream-gac2500-telfono-ip-para-sala-de-conferencias-6-lineas-6-cuentas-sip-pantalla-tactil-de-4-3-android-4-4-bluetooth-poe-y-fuente-de-alimentacion-incluida\/","og_site_name":"Compuviper","article_publisher":"https:\/\/www.facebook.com\/compuviper","og_image":[{"width":200,"height":200,"url":"https:\/\/compuviper.mx\/tienda\/wp-content\/uploads\/2024\/08\/Telfono-ip-empresarial-gigabit-android-para-conferencia-de-6-lneas-6-cuentas-sip-y-conferencia-de-7-vas-con-pantalla-tctil-de-4.3plg-y-audio-hd.jpg","type":"image\/jpeg"}],"twitter_card":"summary_large_image","twitter_misc":{"Precio":"&#36;5,694 con IVA","Availability":"Out of stock"},"schema":{"@context":"https:\/\/schema.org","@graph":[{"@type":"WebPage","@id":"https:\/\/compuviper.mx\/tienda\/producto\/grandstream-gac2500-telfono-ip-para-sala-de-conferencias-6-lineas-6-cuentas-sip-pantalla-tactil-de-4-3-android-4-4-bluetooth-poe-y-fuente-de-alimentacion-incluida\/","url":"https:\/\/compuviper.mx\/tienda\/producto\/grandstream-gac2500-telfono-ip-para-sala-de-conferencias-6-lineas-6-cuentas-sip-pantalla-tactil-de-4-3-android-4-4-bluetooth-poe-y-fuente-de-alimentacion-incluida\/","name":"[ Grandstream ] &#129351; Gac2500 Telfono Ip Para Sala De Conferencias \/ 6 Lineas\/ 6 Cuentas Sip\/ Pantalla Tactil De 4.3\/ Android 4.4\/ Bluetooth\/ Poe Y Fuente De Alimentacion Incluida","isPartOf":{"@id":"https:\/\/compuviper.mx\/tienda\/#website"},"datePublished":"2026-04-16T08:19:17+00:00","dateModified":"2026-04-16T08:19:17+00:00","description":"Compra Gac2500 Telfono Ip Para Sala De Conferencias \/ 6 Lineas\/ 6 Cuentas Sip\/ Pantalla Tactil De 4.3\/ Android 4.4\/ Bluetooth\/ Poe Y Fuente De Alimentacion Incluida + Env\u00edo a domicilio + Pago seguro + Garant\u00eda","breadcrumb":{"@id":"https:\/\/compuviper.mx\/tienda\/producto\/grandstream-gac2500-telfono-ip-para-sala-de-conferencias-6-lineas-6-cuentas-sip-pantalla-tactil-de-4-3-android-4-4-bluetooth-poe-y-fuente-de-alimentacion-incluida\/#breadcrumb"},"inLanguage":"es-MX","potentialAction":[{"@type":"ReadAction","target":["https:\/\/compuviper.mx\/tienda\/producto\/grandstream-gac2500-telfono-ip-para-sala-de-conferencias-6-lineas-6-cuentas-sip-pantalla-tactil-de-4-3-android-4-4-bluetooth-poe-y-fuente-de-alimentacion-incluida\/"]}]},{"@type":"BreadcrumbList","@id":"https:\/\/compuviper.mx\/tienda\/producto\/grandstream-gac2500-telfono-ip-para-sala-de-conferencias-6-lineas-6-cuentas-sip-pantalla-tactil-de-4-3-android-4-4-bluetooth-poe-y-fuente-de-alimentacion-incluida\/#breadcrumb","itemListElement":[{"@type":"ListItem","position":1,"name":"Inicio","item":"https:\/\/compuviper.mx\/tienda\/"},{"@type":"ListItem","position":2,"name":"Productos","item":"https:\/\/compuviper.mx\/tienda\/productos\/"},{"@type":"ListItem","position":3,"name":"Telefonia","item":"https:\/\/compuviper.mx\/tienda\/categoria-producto\/telefonia-2\/"},{"@type":"ListItem","position":4,"name":"Telefono Ip","item":"https:\/\/compuviper.mx\/tienda\/categoria-producto\/telefonia-2\/telefono-ip\/"},{"@type":"ListItem","position":5,"name":"Grandstream Gac2500 Telfono Ip Para Sala De Conferencias \/ 6 Lineas\/ 6 Cuentas Sip\/ Pantalla Tactil De 4.3\/ Android 4.4\/ Bluetooth\/ Poe Y Fuente De Alimentacion Incluida"}]},{"@type":"WebSite","@id":"https:\/\/compuviper.mx\/tienda\/#website","url":"https:\/\/compuviper.mx\/tienda\/","name":"Compuviper","description":"Proveedor de Computadoras, Laptops, Servidores, Monitores, Puntos de Venta, Teclados,   Impresoras, T\u00f3ner, C\u00e1maras de Seguridad y m\u00e1s en tu tienda en l\u00ednea","publisher":{"@id":"https:\/\/compuviper.mx\/tienda\/#organization"},"potentialAction":[{"@type":"SearchAction","target":{"@type":"EntryPoint","urlTemplate":"https:\/\/compuviper.mx\/tienda\/?s={search_term_string}"},"query-input":"required name=search_term_string"}],"inLanguage":"es-MX"},{"@type":"Organization","@id":"https:\/\/compuviper.mx\/tienda\/#organization","name":"Compuviper","url":"https:\/\/compuviper.mx\/tienda\/","logo":{"@type":"ImageObject","inLanguage":"es-MX","@id":"https:\/\/compuviper.mx\/tienda\/#\/schema\/logo\/image\/","url":"https:\/\/compuviper.mx\/tienda\/wp-content\/uploads\/2021\/08\/Logo-Compuviper-10.png","contentUrl":"https:\/\/compuviper.mx\/tienda\/wp-content\/uploads\/2021\/08\/Logo-Compuviper-10.png","width":1000,"height":500,"caption":"Compuviper"},"image":{"@id":"https:\/\/compuviper.mx\/tienda\/#\/schema\/logo\/image\/"},"sameAs":["https:\/\/www.facebook.com\/compuviper","https:\/\/www.youtube.com\/channel\/UCf73dERp9Y3cfOq7q8BhLjA?view_as=subscriber"]}]},"product_brand":"GRANDSTREAM","product_price_amount":"5694","product_price_currency":"MXN","og_availability":"out of stock","product_availability":"out of stock","product_retailer_item_id":"GAC2500","product_condition":"new"},"_links":{"self":[{"href":"https:\/\/compuviper.mx\/tienda\/wp-json\/wp\/v2\/product\/240642"}],"collection":[{"href":"https:\/\/compuviper.mx\/tienda\/wp-json\/wp\/v2\/product"}],"about":[{"href":"https:\/\/compuviper.mx\/tienda\/wp-json\/wp\/v2\/types\/product"}],"replies":[{"embeddable":true,"href":"https:\/\/compuviper.mx\/tienda\/wp-json\/wp\/v2\/comments?post=240642"}],"wp:featuredmedia":[{"embeddable":true,"href":"https:\/\/compuviper.mx\/tienda\/wp-json\/wp\/v2\/media\/240670"}],"wp:attachment":[{"href":"https:\/\/compuviper.mx\/tienda\/wp-json\/wp\/v2\/media?parent=240642"}],"wp:term":[{"taxonomy":"product_cat","embeddable":true,"href":"https:\/\/compuviper.mx\/tienda\/wp-json\/wp\/v2\/product_cat?post=240642"},{"taxonomy":"product_tag","embeddable":true,"href":"https:\/\/compuviper.mx\/tienda\/wp-json\/wp\/v2\/product_tag?post=240642"}],"curies":[{"name":"wp","href":"https:\/\/api.w.org\/{rel}","templated":true}]}}