{"id":240474,"date":"2026-04-02T02:06:38","date_gmt":"2026-04-02T08:06:38","guid":{"rendered":"https:\/\/compuviper.mx\/tienda\/producto\/perfect-choice-pc-117155-audifonos-bt-con-cancelacion-de-ruido-anc-plegable-45-horas-de-uso\/"},"modified":"2026-04-02T02:06:39","modified_gmt":"2026-04-02T08:06:39","slug":"perfect-choice-pc-117155-audifonos-bt-con-cancelacion-de-ruido-anc-plegable-45-horas-de-uso","status":"publish","type":"product","link":"https:\/\/compuviper.mx\/tienda\/producto\/perfect-choice-pc-117155-audifonos-bt-con-cancelacion-de-ruido-anc-plegable-45-horas-de-uso\/","title":{"rendered":"Perfect Choice Pc-117155 Audifonos Bt Con Cancelacion De Ruido Anc Plegable &#8211; 45 Horas De Uso"},"content":{"rendered":"<table class=\"descripcion\">\n<tr>\n<td>Marca:  perfect choice<\/td>\n<\/tr>\n<tr>\n<td>Modelo:  pc-117155<\/td>\n<\/tr>\n<tr>\n<td>Art\u00edculo:  aud\u00edfonos inal\u00e1mbricos<\/td>\n<\/tr>\n<tr>\n<td>Color:  negro<\/td>\n<\/tr>\n<tr>\n<td>Dimensiones:  20 x 19 x 8 cm<\/td>\n<\/tr>\n<tr>\n<td>Peso:  212 g<\/td>\n<\/tr>\n<tr>\n<td>Alimentaci\u00f3n:  5vcc 1a<\/td>\n<\/tr>\n<tr>\n<td>Conector de carga:  usb tipo-c<\/td>\n<\/tr>\n<tr>\n<td>Transmisi\u00f3n:  bt 2.4 ghz- versi\u00f3n 5.2<\/td>\n<\/tr>\n<tr>\n<td>Rango de operaci\u00f3n:  10 metros<\/td>\n<\/tr>\n<tr>\n<td>Bater\u00eda interna:  500mah<\/td>\n<\/tr>\n<tr>\n<td>Tiempo de reproduccion:  40-45 horas<\/td>\n<\/tr>\n<tr>\n<td>Tiempo de carga:  2 horas<\/td>\n<\/tr>\n<tr>\n<td>Rango de frecuencia:  20hz-20khz<\/td>\n<\/tr>\n<\/table>\n","protected":false},"excerpt":{"rendered":"<p>Disfruta tu m\u00fasica hasta por 45 horas de reproducci\u00f3n, su sonido de alta calidad es inigualable. Es c\u00f3modo para poder llevarla a d\u00f3nde sea.<\/p>\n","protected":false},"featured_media":243503,"comment_status":"open","ping_status":"open","template":"","meta":[],"product_cat":[1816,1552],"product_tag":[1513],"acf":[],"yoast_head":"<!-- This site is optimized with the Yoast SEO plugin v21.7 - https:\/\/yoast.com\/wordpress\/plugins\/seo\/ -->\n<title>[ Perfect Choice ] &#129351; Pc-117155 Audifonos Bt Con Cancelacion De Ruido Anc Plegable - 45 Horas De Uso<\/title>\n<meta name=\"description\" content=\"Compra Pc-117155 Audifonos Bt Con Cancelacion De Ruido Anc Plegable - 45 Horas De Uso + Env\u00edo a domicilio + Pago seguro + Garant\u00eda\" \/>\n<meta name=\"robots\" content=\"index, follow, max-snippet:-1, max-image-preview:large, max-video-preview:-1\" \/>\n<link rel=\"canonical\" href=\"https:\/\/compuviper.mx\/tienda\/producto\/perfect-choice-pc-117155-audifonos-bt-con-cancelacion-de-ruido-anc-plegable-45-horas-de-uso\/\" \/>\n<meta property=\"og:locale\" content=\"es_MX\" \/>\n<meta property=\"og:type\" content=\"article\" \/>\n<meta property=\"og:title\" content=\"[ Perfect Choice ] &#129351; Pc-117155 Audifonos Bt Con Cancelacion De Ruido Anc Plegable - 45 Horas De Uso\" \/>\n<meta property=\"og:description\" content=\"Compra Pc-117155 Audifonos Bt Con Cancelacion De Ruido Anc Plegable - 45 Horas De Uso + Env\u00edo a domicilio + Pago seguro + Garant\u00eda\" \/>\n<meta property=\"og:url\" content=\"https:\/\/compuviper.mx\/tienda\/producto\/perfect-choice-pc-117155-audifonos-bt-con-cancelacion-de-ruido-anc-plegable-45-horas-de-uso\/\" \/>\n<meta property=\"og:site_name\" content=\"Compuviper\" \/>\n<meta property=\"article:publisher\" content=\"https:\/\/www.facebook.com\/compuviper\" \/>\n<meta property=\"article:modified_time\" content=\"2026-04-02T08:06:39+00:00\" \/>\n<meta property=\"og:image\" content=\"https:\/\/compuviper.mx\/tienda\/wp-content\/uploads\/2024\/09\/Audifonos-bt-con-cancelacion-de-ruido-anc-plegable-45-horas-de-uso-perfect-choice.jpg\" \/>\n\t<meta property=\"og:image:width\" content=\"200\" \/>\n\t<meta property=\"og:image:height\" content=\"200\" \/>\n\t<meta property=\"og:image:type\" content=\"image\/jpeg\" \/>\n<meta name=\"twitter:card\" content=\"summary_large_image\" \/>\n<meta name=\"twitter:label1\" content=\"Precio\" \/>\n\t<meta name=\"twitter:data1\" content=\"&#36;505 con IVA\" \/>\n\t<meta name=\"twitter:label2\" content=\"Availability\" \/>\n\t<meta name=\"twitter:data2\" content=\"In stock\" \/>\n<script type=\"application\/ld+json\" class=\"yoast-schema-graph\">{\"@context\":\"https:\/\/schema.org\",\"@graph\":[{\"@type\":\"WebPage\",\"@id\":\"https:\/\/compuviper.mx\/tienda\/producto\/perfect-choice-pc-117155-audifonos-bt-con-cancelacion-de-ruido-anc-plegable-45-horas-de-uso\/\",\"url\":\"https:\/\/compuviper.mx\/tienda\/producto\/perfect-choice-pc-117155-audifonos-bt-con-cancelacion-de-ruido-anc-plegable-45-horas-de-uso\/\",\"name\":\"[ Perfect Choice ] &#129351; Pc-117155 Audifonos Bt Con Cancelacion De Ruido Anc Plegable - 45 Horas De Uso\",\"isPartOf\":{\"@id\":\"https:\/\/compuviper.mx\/tienda\/#website\"},\"datePublished\":\"2026-04-02T08:06:38+00:00\",\"dateModified\":\"2026-04-02T08:06:39+00:00\",\"description\":\"Compra Pc-117155 Audifonos Bt Con Cancelacion De Ruido Anc Plegable - 45 Horas De Uso + Env\u00edo a domicilio + Pago seguro + Garant\u00eda\",\"breadcrumb\":{\"@id\":\"https:\/\/compuviper.mx\/tienda\/producto\/perfect-choice-pc-117155-audifonos-bt-con-cancelacion-de-ruido-anc-plegable-45-horas-de-uso\/#breadcrumb\"},\"inLanguage\":\"es-MX\",\"potentialAction\":[{\"@type\":\"ReadAction\",\"target\":[\"https:\/\/compuviper.mx\/tienda\/producto\/perfect-choice-pc-117155-audifonos-bt-con-cancelacion-de-ruido-anc-plegable-45-horas-de-uso\/\"]}]},{\"@type\":\"BreadcrumbList\",\"@id\":\"https:\/\/compuviper.mx\/tienda\/producto\/perfect-choice-pc-117155-audifonos-bt-con-cancelacion-de-ruido-anc-plegable-45-horas-de-uso\/#breadcrumb\",\"itemListElement\":[{\"@type\":\"ListItem\",\"position\":1,\"name\":\"Inicio\",\"item\":\"https:\/\/compuviper.mx\/tienda\/\"},{\"@type\":\"ListItem\",\"position\":2,\"name\":\"Productos\",\"item\":\"https:\/\/compuviper.mx\/tienda\/productos\/\"},{\"@type\":\"ListItem\",\"position\":3,\"name\":\"Audifonos Y Micro\",\"item\":\"https:\/\/compuviper.mx\/tienda\/categoria-producto\/audifonos-y-micro\/\"},{\"@type\":\"ListItem\",\"position\":4,\"name\":\"Audifono Con Microfono\",\"item\":\"https:\/\/compuviper.mx\/tienda\/categoria-producto\/audifonos-y-micro\/audifono-con-microfono\/\"},{\"@type\":\"ListItem\",\"position\":5,\"name\":\"Perfect Choice Pc-117155 Audifonos Bt Con Cancelacion De Ruido Anc Plegable &#8211; 45 Horas De Uso\"}]},{\"@type\":\"WebSite\",\"@id\":\"https:\/\/compuviper.mx\/tienda\/#website\",\"url\":\"https:\/\/compuviper.mx\/tienda\/\",\"name\":\"Compuviper\",\"description\":\"Proveedor de Computadoras, Laptops, Servidores, Monitores, Puntos de Venta, Teclados,   Impresoras, T\u00f3ner, C\u00e1maras de Seguridad y m\u00e1s en tu tienda en l\u00ednea\",\"publisher\":{\"@id\":\"https:\/\/compuviper.mx\/tienda\/#organization\"},\"potentialAction\":[{\"@type\":\"SearchAction\",\"target\":{\"@type\":\"EntryPoint\",\"urlTemplate\":\"https:\/\/compuviper.mx\/tienda\/?s={search_term_string}\"},\"query-input\":\"required name=search_term_string\"}],\"inLanguage\":\"es-MX\"},{\"@type\":\"Organization\",\"@id\":\"https:\/\/compuviper.mx\/tienda\/#organization\",\"name\":\"Compuviper\",\"url\":\"https:\/\/compuviper.mx\/tienda\/\",\"logo\":{\"@type\":\"ImageObject\",\"inLanguage\":\"es-MX\",\"@id\":\"https:\/\/compuviper.mx\/tienda\/#\/schema\/logo\/image\/\",\"url\":\"https:\/\/compuviper.mx\/tienda\/wp-content\/uploads\/2021\/08\/Logo-Compuviper-10.png\",\"contentUrl\":\"https:\/\/compuviper.mx\/tienda\/wp-content\/uploads\/2021\/08\/Logo-Compuviper-10.png\",\"width\":1000,\"height\":500,\"caption\":\"Compuviper\"},\"image\":{\"@id\":\"https:\/\/compuviper.mx\/tienda\/#\/schema\/logo\/image\/\"},\"sameAs\":[\"https:\/\/www.facebook.com\/compuviper\",\"https:\/\/www.youtube.com\/channel\/UCf73dERp9Y3cfOq7q8BhLjA?view_as=subscriber\"]}]}<\/script>\n<meta property=\"product:brand\" content=\"PERFECT CHOICE\" \/>\n<meta property=\"product:price:amount\" content=\"505\" \/>\n<meta property=\"product:price:currency\" content=\"MXN\" \/>\n<meta property=\"og:availability\" content=\"instock\" \/>\n<meta property=\"product:availability\" content=\"instock\" \/>\n<meta property=\"product:retailer_item_id\" content=\"PC-117155\" \/>\n<meta property=\"product:condition\" content=\"new\" \/>\n<!-- \/ Yoast SEO plugin. -->","yoast_head_json":{"title":"[ Perfect Choice ] &#129351; Pc-117155 Audifonos Bt Con Cancelacion De Ruido Anc Plegable - 45 Horas De Uso","description":"Compra Pc-117155 Audifonos Bt Con Cancelacion De Ruido Anc Plegable - 45 Horas De Uso + Env\u00edo a domicilio + Pago seguro + Garant\u00eda","robots":{"index":"index","follow":"follow","max-snippet":"max-snippet:-1","max-image-preview":"max-image-preview:large","max-video-preview":"max-video-preview:-1"},"canonical":"https:\/\/compuviper.mx\/tienda\/producto\/perfect-choice-pc-117155-audifonos-bt-con-cancelacion-de-ruido-anc-plegable-45-horas-de-uso\/","og_locale":"es_MX","og_type":"article","og_title":"[ Perfect Choice ] &#129351; Pc-117155 Audifonos Bt Con Cancelacion De Ruido Anc Plegable - 45 Horas De Uso","og_description":"Compra Pc-117155 Audifonos Bt Con Cancelacion De Ruido Anc Plegable - 45 Horas De Uso + Env\u00edo a domicilio + Pago seguro + Garant\u00eda","og_url":"https:\/\/compuviper.mx\/tienda\/producto\/perfect-choice-pc-117155-audifonos-bt-con-cancelacion-de-ruido-anc-plegable-45-horas-de-uso\/","og_site_name":"Compuviper","article_publisher":"https:\/\/www.facebook.com\/compuviper","article_modified_time":"2026-04-02T08:06:39+00:00","og_image":[{"width":200,"height":200,"url":"https:\/\/compuviper.mx\/tienda\/wp-content\/uploads\/2024\/09\/Audifonos-bt-con-cancelacion-de-ruido-anc-plegable-45-horas-de-uso-perfect-choice.jpg","type":"image\/jpeg"}],"twitter_card":"summary_large_image","twitter_misc":{"Precio":"&#36;505 con IVA","Availability":"In stock"},"schema":{"@context":"https:\/\/schema.org","@graph":[{"@type":"WebPage","@id":"https:\/\/compuviper.mx\/tienda\/producto\/perfect-choice-pc-117155-audifonos-bt-con-cancelacion-de-ruido-anc-plegable-45-horas-de-uso\/","url":"https:\/\/compuviper.mx\/tienda\/producto\/perfect-choice-pc-117155-audifonos-bt-con-cancelacion-de-ruido-anc-plegable-45-horas-de-uso\/","name":"[ Perfect Choice ] &#129351; Pc-117155 Audifonos Bt Con Cancelacion De Ruido Anc Plegable - 45 Horas De Uso","isPartOf":{"@id":"https:\/\/compuviper.mx\/tienda\/#website"},"datePublished":"2026-04-02T08:06:38+00:00","dateModified":"2026-04-02T08:06:39+00:00","description":"Compra Pc-117155 Audifonos Bt Con Cancelacion De Ruido Anc Plegable - 45 Horas De Uso + Env\u00edo a domicilio + Pago seguro + Garant\u00eda","breadcrumb":{"@id":"https:\/\/compuviper.mx\/tienda\/producto\/perfect-choice-pc-117155-audifonos-bt-con-cancelacion-de-ruido-anc-plegable-45-horas-de-uso\/#breadcrumb"},"inLanguage":"es-MX","potentialAction":[{"@type":"ReadAction","target":["https:\/\/compuviper.mx\/tienda\/producto\/perfect-choice-pc-117155-audifonos-bt-con-cancelacion-de-ruido-anc-plegable-45-horas-de-uso\/"]}]},{"@type":"BreadcrumbList","@id":"https:\/\/compuviper.mx\/tienda\/producto\/perfect-choice-pc-117155-audifonos-bt-con-cancelacion-de-ruido-anc-plegable-45-horas-de-uso\/#breadcrumb","itemListElement":[{"@type":"ListItem","position":1,"name":"Inicio","item":"https:\/\/compuviper.mx\/tienda\/"},{"@type":"ListItem","position":2,"name":"Productos","item":"https:\/\/compuviper.mx\/tienda\/productos\/"},{"@type":"ListItem","position":3,"name":"Audifonos Y Micro","item":"https:\/\/compuviper.mx\/tienda\/categoria-producto\/audifonos-y-micro\/"},{"@type":"ListItem","position":4,"name":"Audifono Con Microfono","item":"https:\/\/compuviper.mx\/tienda\/categoria-producto\/audifonos-y-micro\/audifono-con-microfono\/"},{"@type":"ListItem","position":5,"name":"Perfect Choice Pc-117155 Audifonos Bt Con Cancelacion De Ruido Anc Plegable &#8211; 45 Horas De Uso"}]},{"@type":"WebSite","@id":"https:\/\/compuviper.mx\/tienda\/#website","url":"https:\/\/compuviper.mx\/tienda\/","name":"Compuviper","description":"Proveedor de Computadoras, Laptops, Servidores, Monitores, Puntos de Venta, Teclados,   Impresoras, T\u00f3ner, C\u00e1maras de Seguridad y m\u00e1s en tu tienda en l\u00ednea","publisher":{"@id":"https:\/\/compuviper.mx\/tienda\/#organization"},"potentialAction":[{"@type":"SearchAction","target":{"@type":"EntryPoint","urlTemplate":"https:\/\/compuviper.mx\/tienda\/?s={search_term_string}"},"query-input":"required name=search_term_string"}],"inLanguage":"es-MX"},{"@type":"Organization","@id":"https:\/\/compuviper.mx\/tienda\/#organization","name":"Compuviper","url":"https:\/\/compuviper.mx\/tienda\/","logo":{"@type":"ImageObject","inLanguage":"es-MX","@id":"https:\/\/compuviper.mx\/tienda\/#\/schema\/logo\/image\/","url":"https:\/\/compuviper.mx\/tienda\/wp-content\/uploads\/2021\/08\/Logo-Compuviper-10.png","contentUrl":"https:\/\/compuviper.mx\/tienda\/wp-content\/uploads\/2021\/08\/Logo-Compuviper-10.png","width":1000,"height":500,"caption":"Compuviper"},"image":{"@id":"https:\/\/compuviper.mx\/tienda\/#\/schema\/logo\/image\/"},"sameAs":["https:\/\/www.facebook.com\/compuviper","https:\/\/www.youtube.com\/channel\/UCf73dERp9Y3cfOq7q8BhLjA?view_as=subscriber"]}]},"product_brand":"PERFECT CHOICE","product_price_amount":"505","product_price_currency":"MXN","og_availability":"instock","product_availability":"instock","product_retailer_item_id":"PC-117155","product_condition":"new"},"_links":{"self":[{"href":"https:\/\/compuviper.mx\/tienda\/wp-json\/wp\/v2\/product\/240474"}],"collection":[{"href":"https:\/\/compuviper.mx\/tienda\/wp-json\/wp\/v2\/product"}],"about":[{"href":"https:\/\/compuviper.mx\/tienda\/wp-json\/wp\/v2\/types\/product"}],"replies":[{"embeddable":true,"href":"https:\/\/compuviper.mx\/tienda\/wp-json\/wp\/v2\/comments?post=240474"}],"wp:featuredmedia":[{"embeddable":true,"href":"https:\/\/compuviper.mx\/tienda\/wp-json\/wp\/v2\/media\/243503"}],"wp:attachment":[{"href":"https:\/\/compuviper.mx\/tienda\/wp-json\/wp\/v2\/media?parent=240474"}],"wp:term":[{"taxonomy":"product_cat","embeddable":true,"href":"https:\/\/compuviper.mx\/tienda\/wp-json\/wp\/v2\/product_cat?post=240474"},{"taxonomy":"product_tag","embeddable":true,"href":"https:\/\/compuviper.mx\/tienda\/wp-json\/wp\/v2\/product_tag?post=240474"}],"curies":[{"name":"wp","href":"https:\/\/api.w.org\/{rel}","templated":true}]}}