{"id":240281,"date":"2026-04-11T01:22:37","date_gmt":"2026-04-11T07:22:37","guid":{"rendered":"https:\/\/compuviper.mx\/tienda\/producto\/hikvision-ds-7616nxi-k1b-nvr-12-megapixel-4k-16-canales-ip-acusense-evita-falsas-alarmas-reconocimiento-facial-1-bahia-de-disco-duro-hdmi-en-4k-sin-puertos-poe\/"},"modified":"2026-04-11T01:22:38","modified_gmt":"2026-04-11T07:22:38","slug":"hikvision-ds-7616nxi-k1b-nvr-12-megapixel-4k-16-canales-ip-acusense-evita-falsas-alarmas-reconocimiento-facial-1-bahia-de-disco-duro-hdmi-en-4k-sin-puertos-poe","status":"publish","type":"product","link":"https:\/\/compuviper.mx\/tienda\/producto\/hikvision-ds-7616nxi-k1b-nvr-12-megapixel-4k-16-canales-ip-acusense-evita-falsas-alarmas-reconocimiento-facial-1-bahia-de-disco-duro-hdmi-en-4k-sin-puertos-poe\/","title":{"rendered":"Hikvision Ds-7616nxi-k1(b) Nvr  12 Megapixel (4k) \/ 16 Canales Ip \/ Acusense (evita Falsas Alarmas) \/ Reconocimiento Facial \/ 1 Bahia De Disco Duro \/ Hdmi En 4k \/ Sin Puertos Poe+"},"content":{"rendered":"<table class=\"descripcion\">\n<tr>\n<td>Caractersticas principales:<\/td>\n<\/tr>\n<tr>\n<td>Compresin de vdeo: h.265 \/ h.265 \/  h.264 \/ h.264.<\/td>\n<\/tr>\n<tr>\n<td>Soporta mouse usb para operar incluido.<\/td>\n<\/tr>\n<tr>\n<td>Soporta 1 hdd de hasta 10 tb. no incluido.<\/td>\n<\/tr>\n<tr>\n<td>Soporta tecnologa anr con cmara ip hikvision cuando la red esta desconectada.<\/td>\n<\/tr>\n<tr>\n<td>Soporta ddns hik-connect, dyndns, no-ip, etc.<\/td>\n<\/tr>\n<tr>\n<td>Soporta hik-connect p2p https:\/\/appstore.hikvision.com\/.<\/td>\n<\/tr>\n<tr>\n<td>Acceso remoto va telfono: android, iphone, ipad hik-connect.<\/td>\n<\/tr>\n<tr>\n<td>Compatibilidad con navegadores edge ietab, chrome.<\/td>\n<\/tr>\n<tr>\n<td>Software cliente ivms-4200 gratuito.<\/td>\n<\/tr>\n<tr>\n<td>No incluye puertos poe.<\/td>\n<\/tr>\n<tr>\n<td>Caractersticas fsicas y elctricas:<\/td>\n<\/tr>\n<tr>\n<td>Dimensiones: 320 x 240 x 48mm.<\/td>\n<\/tr>\n<tr>\n<td>Alimentacin: 12vdc \/ 10 w sin discos duros.<\/td>\n<\/tr>\n<tr>\n<td>Temperatura de operacin: -10\u00b0c a 55\u00b0c.<\/td>\n<\/tr>\n<tr>\n<td>Peso: 1 kg sin hdd.<\/td>\n<\/tr>\n<tr>\n<td>Garanta: 2 aos.<\/td>\n<\/tr>\n<tr>\n<td>Compatible con gabinete metlico gabvid2r3<\/td>\n<\/tr>\n<tr>\n<td>Resolucin de grabacin por canal recomendado con h.265:<\/td>\n<\/tr>\n<tr>\n<td>2 mp 1080p: 16 canales &#8211; 30 ips.<\/td>\n<\/tr>\n<tr>\n<td>4 mp: 16 canales &#8211; 30 ips.<\/td>\n<\/tr>\n<tr>\n<td>5 mp: 16 canales &#8211; 30 ips.<\/td>\n<\/tr>\n<tr>\n<td>6 mp: 16 canales &#8211; 30 ips.<\/td>\n<\/tr>\n<tr>\n<td>4k 8 mp: 16 canales &#8211; 30 ips.<\/td>\n<\/tr>\n<tr>\n<td>4k 12 mp: 16 canales &#8211; 22 ips.<\/td>\n<\/tr>\n<tr>\n<td>Reproduccin sncrona en canales: 16 canales.<\/td>\n<\/tr>\n<tr>\n<td>Capacidad de procesamiento y funciones de red:<\/td>\n<\/tr>\n<tr>\n<td>Throughput entrada: 160 mbps.<\/td>\n<\/tr>\n<tr>\n<td>Throughput salida: 80 mbps.<\/td>\n<\/tr>\n<tr>\n<td>1 puerto red rj-45: 10 \/ 100 \/ 1000 mbps. lan<\/td>\n<\/tr>\n<tr>\n<td>Funciones de grabacin y visualizacin:<\/td>\n<\/tr>\n<tr>\n<td>Deteccin de movimiento multizona.<\/td>\n<\/tr>\n<tr>\n<td>Zoom digital en visualizacin y grabacin.<\/td>\n<\/tr>\n<tr>\n<td>Dual stream main stream y sub stream.<\/td>\n<\/tr>\n<tr>\n<td>Soporta avance rpido, lento, cuadro a cuadro, etc.<\/td>\n<\/tr>\n<tr>\n<td>Soporta tecnologa de discos duros s.m.a.r.t.<\/td>\n<\/tr>\n<tr>\n<td>Soporta mltiples tipos de grabacin, incluyendo tiempo real, grabacin manual, videosensor, videosensor y alarma, videosensor o alarma.<\/td>\n<\/tr>\n<tr>\n<td>Soporta grabacin cclica sobreescritura y no cclica.<\/td>\n<\/tr>\n<tr>\n<td>Interfaces entradas \/ salidas:<\/td>\n<\/tr>\n<tr>\n<td>Salida independiente hdmi y vga.<\/td>\n<\/tr>\n<tr>\n<td>Resolucin hdmi : 4k \/ 1080p \/ 720p.<\/td>\n<\/tr>\n<tr>\n<td>Resolucin vga: 1080p, 720p.<\/td>\n<\/tr>\n<tr>\n<td>Entrada de audio: 1 canal.<\/td>\n<\/tr>\n<tr>\n<td>Salida de audio: 1 canal.<\/td>\n<\/tr>\n<tr>\n<td>Entrada de alarma: no aplica.<\/td>\n<\/tr>\n<tr>\n<td>Salida de alarma: no aplica.<\/td>\n<\/tr>\n<tr>\n<td>Soporta audio bidireccional audio de dos vas.<\/td>\n<\/tr>\n<tr>\n<td>Caractersticas destacadas:<\/td>\n<\/tr>\n<tr>\n<td>Reconocimiento facial:<\/td>\n<\/tr>\n<tr>\n<td>Hasta 16 libreras con un mximo de 20,000 rostros en total.<\/td>\n<\/tr>\n<tr>\n<td>Cada fotografa debe de pesar mximo 4 mb.<\/td>\n<\/tr>\n<tr>\n<td>Cuando la cmara detecta un rostro y coincidente con la base de datos, se puede: activar la grabacin, notificar al software remoto ivms-4200, enviar un email, activar una salida de alarma, etc.<\/td>\n<\/tr>\n<tr>\n<td>Soporta 1 canal de video con reconocimiento facial, podemos usar cmaras: ids-2cd7 \/ ds-2cd3xxg2 \/ ds-2cd3xx7g2 que soporte captura facial.<\/td>\n<\/tr>\n<tr>\n<td>Acusense filtro de falsas alarmas:<\/td>\n<\/tr>\n<tr>\n<td>Con tecnologa acusense podemos evitar falsas alarmas como movimiento de arboles, animales, etc.<\/td>\n<\/tr>\n<tr>\n<td>Al activar la tecnologa acusense solo detecta cuerpo humano y vehculos para detectar realmente eventos importantes y asi eliminar falsas alarmas.<\/td>\n<\/tr>\n<tr>\n<td>Soporta hasta 16 canales con acusense utilizando cmaras: ds-2cd2xx7g2 \/ ds-2cd2xx3g2 \/ ids-2cd7 \/ ds-2cd3xxg2 \/ ds-2cd3xx7g2 que soporte acusense.<\/td>\n<\/tr>\n<tr>\n<td>Soporta hasta 16 canales con la tecnologa acusense lite humano y vehiculo pero con deteccion de movimiento, no analiticos usando cmaras ds-2cd1xx3g2 y ds-2cd1xx3g7g2 que soporte acusense lite.<\/td>\n<\/tr>\n<tr>\n<td>Nota: solo es posible habilitar reconocimiento facial o acusense no se puede tener ambos al mismo tiempo.<\/td>\n<\/tr>\n<\/table>\n","protected":false},"excerpt":{"rendered":"<p>Con tecnologa acusense podemos evitar falsas alarmas como movimiento de arboles, animales, etc. Al activar la tecnologa acusense solo detecta cuerpo humano y vehculos para detectar realmente eventos importantes y asi eliminar falsas alarmas. Soporta hasta 16 canales con acusense utilizando cmaras: ds-2cd2xx7g2 \/ ds-2cd2xx3g2 \/ ids-2cd7 \/ ds-2cd3xxg2 \/ ds-2cd3xx7g2 que soporte acusense. Soporta hasta 16 canales con la tecnologa acusense lite humano y vehiculo pero con deteccion de movimiento, no analiticos usando cmaras ds-2cd1xx3g2 y ds-2cd1xx3g7g2 que soporte acusense lite.<\/p>\n","protected":false},"featured_media":243047,"comment_status":"open","ping_status":"open","template":"","meta":[],"product_cat":[1689,1768],"product_tag":[1595],"acf":[],"yoast_head":"<!-- This site is optimized with the Yoast SEO plugin v21.7 - https:\/\/yoast.com\/wordpress\/plugins\/seo\/ -->\n<title>[ Hikvision ] &#129351; Ds-7616nxi-k1(b) Nvr 12 Megapixel (4k) \/ 16 Canales Ip \/ Acusense (evita Falsas Alarmas) \/ Reconocimiento Facial \/ 1 Bahia De Disco Duro \/ Hdmi En 4k \/ Sin Puertos Poe+<\/title>\n<meta name=\"description\" content=\"Compra Ds-7616nxi-k1(b) Nvr 12 Megapixel (4k) \/ 16 Canales Ip \/ Acusense (evita Falsas Alarmas) \/ Reconocimiento Facial \/ 1 Bahia De Disco Duro \/ Hdmi En 4k \/ Sin Puertos Poe+ + Env\u00edo a domicilio + Pago seguro + Garant\u00eda\" \/>\n<meta name=\"robots\" content=\"index, follow, max-snippet:-1, max-image-preview:large, max-video-preview:-1\" \/>\n<link rel=\"canonical\" href=\"https:\/\/compuviper.mx\/tienda\/producto\/hikvision-ds-7616nxi-k1b-nvr-12-megapixel-4k-16-canales-ip-acusense-evita-falsas-alarmas-reconocimiento-facial-1-bahia-de-disco-duro-hdmi-en-4k-sin-puertos-poe\/\" \/>\n<meta property=\"og:locale\" content=\"es_MX\" \/>\n<meta property=\"og:type\" content=\"article\" \/>\n<meta property=\"og:title\" content=\"[ Hikvision ] &#129351; Ds-7616nxi-k1(b) Nvr 12 Megapixel (4k) \/ 16 Canales Ip \/ Acusense (evita Falsas Alarmas) \/ Reconocimiento Facial \/ 1 Bahia De Disco Duro \/ Hdmi En 4k \/ Sin Puertos Poe+\" \/>\n<meta property=\"og:description\" content=\"Compra Ds-7616nxi-k1(b) Nvr 12 Megapixel (4k) \/ 16 Canales Ip \/ Acusense (evita Falsas Alarmas) \/ Reconocimiento Facial \/ 1 Bahia De Disco Duro \/ Hdmi En 4k \/ Sin Puertos Poe+ + Env\u00edo a domicilio + Pago seguro + Garant\u00eda\" \/>\n<meta property=\"og:url\" content=\"https:\/\/compuviper.mx\/tienda\/producto\/hikvision-ds-7616nxi-k1b-nvr-12-megapixel-4k-16-canales-ip-acusense-evita-falsas-alarmas-reconocimiento-facial-1-bahia-de-disco-duro-hdmi-en-4k-sin-puertos-poe\/\" \/>\n<meta property=\"og:site_name\" content=\"Compuviper\" \/>\n<meta property=\"article:publisher\" content=\"https:\/\/www.facebook.com\/compuviper\" \/>\n<meta property=\"article:modified_time\" content=\"2026-04-11T07:22:38+00:00\" \/>\n<meta property=\"og:image\" content=\"https:\/\/compuviper.mx\/tienda\/wp-content\/uploads\/2024\/09\/Nvr-hikvision-12-megapixel-4k-16-canales-ip-acusense-evita-falsas-alarmas-reconocimiento-facial-1-bahia-de-disco-duro-hdmi-en-4k-sin-puertos-poe.jpg\" \/>\n\t<meta property=\"og:image:width\" content=\"200\" \/>\n\t<meta property=\"og:image:height\" content=\"200\" \/>\n\t<meta property=\"og:image:type\" content=\"image\/jpeg\" \/>\n<meta name=\"twitter:card\" content=\"summary_large_image\" \/>\n<meta name=\"twitter:label1\" content=\"Precio\" \/>\n\t<meta name=\"twitter:data1\" content=\"&#36;2,387 con IVA\" \/>\n\t<meta name=\"twitter:label2\" content=\"Availability\" \/>\n\t<meta name=\"twitter:data2\" content=\"On backorder\" \/>\n<script type=\"application\/ld+json\" class=\"yoast-schema-graph\">{\"@context\":\"https:\/\/schema.org\",\"@graph\":[{\"@type\":\"WebPage\",\"@id\":\"https:\/\/compuviper.mx\/tienda\/producto\/hikvision-ds-7616nxi-k1b-nvr-12-megapixel-4k-16-canales-ip-acusense-evita-falsas-alarmas-reconocimiento-facial-1-bahia-de-disco-duro-hdmi-en-4k-sin-puertos-poe\/\",\"url\":\"https:\/\/compuviper.mx\/tienda\/producto\/hikvision-ds-7616nxi-k1b-nvr-12-megapixel-4k-16-canales-ip-acusense-evita-falsas-alarmas-reconocimiento-facial-1-bahia-de-disco-duro-hdmi-en-4k-sin-puertos-poe\/\",\"name\":\"[ Hikvision ] &#129351; Ds-7616nxi-k1(b) Nvr 12 Megapixel (4k) \/ 16 Canales Ip \/ Acusense (evita Falsas Alarmas) \/ Reconocimiento Facial \/ 1 Bahia De Disco Duro \/ Hdmi En 4k \/ Sin Puertos Poe+\",\"isPartOf\":{\"@id\":\"https:\/\/compuviper.mx\/tienda\/#website\"},\"datePublished\":\"2026-04-11T07:22:37+00:00\",\"dateModified\":\"2026-04-11T07:22:38+00:00\",\"description\":\"Compra Ds-7616nxi-k1(b) Nvr 12 Megapixel (4k) \/ 16 Canales Ip \/ Acusense (evita Falsas Alarmas) \/ Reconocimiento Facial \/ 1 Bahia De Disco Duro \/ Hdmi En 4k \/ Sin Puertos Poe+ + Env\u00edo a domicilio + Pago seguro + Garant\u00eda\",\"breadcrumb\":{\"@id\":\"https:\/\/compuviper.mx\/tienda\/producto\/hikvision-ds-7616nxi-k1b-nvr-12-megapixel-4k-16-canales-ip-acusense-evita-falsas-alarmas-reconocimiento-facial-1-bahia-de-disco-duro-hdmi-en-4k-sin-puertos-poe\/#breadcrumb\"},\"inLanguage\":\"es-MX\",\"potentialAction\":[{\"@type\":\"ReadAction\",\"target\":[\"https:\/\/compuviper.mx\/tienda\/producto\/hikvision-ds-7616nxi-k1b-nvr-12-megapixel-4k-16-canales-ip-acusense-evita-falsas-alarmas-reconocimiento-facial-1-bahia-de-disco-duro-hdmi-en-4k-sin-puertos-poe\/\"]}]},{\"@type\":\"BreadcrumbList\",\"@id\":\"https:\/\/compuviper.mx\/tienda\/producto\/hikvision-ds-7616nxi-k1b-nvr-12-megapixel-4k-16-canales-ip-acusense-evita-falsas-alarmas-reconocimiento-facial-1-bahia-de-disco-duro-hdmi-en-4k-sin-puertos-poe\/#breadcrumb\",\"itemListElement\":[{\"@type\":\"ListItem\",\"position\":1,\"name\":\"Inicio\",\"item\":\"https:\/\/compuviper.mx\/tienda\/\"},{\"@type\":\"ListItem\",\"position\":2,\"name\":\"Productos\",\"item\":\"https:\/\/compuviper.mx\/tienda\/productos\/\"},{\"@type\":\"ListItem\",\"position\":3,\"name\":\"Videograbadores\",\"item\":\"https:\/\/compuviper.mx\/tienda\/categoria-producto\/videograbadores\/\"},{\"@type\":\"ListItem\",\"position\":4,\"name\":\"Nvr\",\"item\":\"https:\/\/compuviper.mx\/tienda\/categoria-producto\/videograbadores\/nvr\/\"},{\"@type\":\"ListItem\",\"position\":5,\"name\":\"Hikvision Ds-7616nxi-k1(b) Nvr 12 Megapixel (4k) \/ 16 Canales Ip \/ Acusense (evita Falsas Alarmas) \/ Reconocimiento Facial \/ 1 Bahia De Disco Duro \/ Hdmi En 4k \/ Sin Puertos Poe+\"}]},{\"@type\":\"WebSite\",\"@id\":\"https:\/\/compuviper.mx\/tienda\/#website\",\"url\":\"https:\/\/compuviper.mx\/tienda\/\",\"name\":\"Compuviper\",\"description\":\"Proveedor de Computadoras, Laptops, Servidores, Monitores, Puntos de Venta, Teclados,   Impresoras, T\u00f3ner, C\u00e1maras de Seguridad y m\u00e1s en tu tienda en l\u00ednea\",\"publisher\":{\"@id\":\"https:\/\/compuviper.mx\/tienda\/#organization\"},\"potentialAction\":[{\"@type\":\"SearchAction\",\"target\":{\"@type\":\"EntryPoint\",\"urlTemplate\":\"https:\/\/compuviper.mx\/tienda\/?s={search_term_string}\"},\"query-input\":\"required name=search_term_string\"}],\"inLanguage\":\"es-MX\"},{\"@type\":\"Organization\",\"@id\":\"https:\/\/compuviper.mx\/tienda\/#organization\",\"name\":\"Compuviper\",\"url\":\"https:\/\/compuviper.mx\/tienda\/\",\"logo\":{\"@type\":\"ImageObject\",\"inLanguage\":\"es-MX\",\"@id\":\"https:\/\/compuviper.mx\/tienda\/#\/schema\/logo\/image\/\",\"url\":\"https:\/\/compuviper.mx\/tienda\/wp-content\/uploads\/2021\/08\/Logo-Compuviper-10.png\",\"contentUrl\":\"https:\/\/compuviper.mx\/tienda\/wp-content\/uploads\/2021\/08\/Logo-Compuviper-10.png\",\"width\":1000,\"height\":500,\"caption\":\"Compuviper\"},\"image\":{\"@id\":\"https:\/\/compuviper.mx\/tienda\/#\/schema\/logo\/image\/\"},\"sameAs\":[\"https:\/\/www.facebook.com\/compuviper\",\"https:\/\/www.youtube.com\/channel\/UCf73dERp9Y3cfOq7q8BhLjA?view_as=subscriber\"]}]}<\/script>\n<meta property=\"product:brand\" content=\"HIKVISION\" \/>\n<meta property=\"product:price:amount\" content=\"2387\" \/>\n<meta property=\"product:price:currency\" content=\"MXN\" \/>\n<meta property=\"og:availability\" content=\"backorder\" \/>\n<meta property=\"product:availability\" content=\"available for order\" \/>\n<meta property=\"product:retailer_item_id\" content=\"DS-7616NXI-K1(B)\" \/>\n<meta property=\"product:condition\" content=\"new\" \/>\n<!-- \/ Yoast SEO plugin. -->","yoast_head_json":{"title":"[ Hikvision ] &#129351; Ds-7616nxi-k1(b) Nvr 12 Megapixel (4k) \/ 16 Canales Ip \/ Acusense (evita Falsas Alarmas) \/ Reconocimiento Facial \/ 1 Bahia De Disco Duro \/ Hdmi En 4k \/ Sin Puertos Poe+","description":"Compra Ds-7616nxi-k1(b) Nvr 12 Megapixel (4k) \/ 16 Canales Ip \/ Acusense (evita Falsas Alarmas) \/ Reconocimiento Facial \/ 1 Bahia De Disco Duro \/ Hdmi En 4k \/ Sin Puertos Poe+ + Env\u00edo a domicilio + Pago seguro + Garant\u00eda","robots":{"index":"index","follow":"follow","max-snippet":"max-snippet:-1","max-image-preview":"max-image-preview:large","max-video-preview":"max-video-preview:-1"},"canonical":"https:\/\/compuviper.mx\/tienda\/producto\/hikvision-ds-7616nxi-k1b-nvr-12-megapixel-4k-16-canales-ip-acusense-evita-falsas-alarmas-reconocimiento-facial-1-bahia-de-disco-duro-hdmi-en-4k-sin-puertos-poe\/","og_locale":"es_MX","og_type":"article","og_title":"[ Hikvision ] &#129351; Ds-7616nxi-k1(b) Nvr 12 Megapixel (4k) \/ 16 Canales Ip \/ Acusense (evita Falsas Alarmas) \/ Reconocimiento Facial \/ 1 Bahia De Disco Duro \/ Hdmi En 4k \/ Sin Puertos Poe+","og_description":"Compra Ds-7616nxi-k1(b) Nvr 12 Megapixel (4k) \/ 16 Canales Ip \/ Acusense (evita Falsas Alarmas) \/ Reconocimiento Facial \/ 1 Bahia De Disco Duro \/ Hdmi En 4k \/ Sin Puertos Poe+ + Env\u00edo a domicilio + Pago seguro + Garant\u00eda","og_url":"https:\/\/compuviper.mx\/tienda\/producto\/hikvision-ds-7616nxi-k1b-nvr-12-megapixel-4k-16-canales-ip-acusense-evita-falsas-alarmas-reconocimiento-facial-1-bahia-de-disco-duro-hdmi-en-4k-sin-puertos-poe\/","og_site_name":"Compuviper","article_publisher":"https:\/\/www.facebook.com\/compuviper","article_modified_time":"2026-04-11T07:22:38+00:00","og_image":[{"width":200,"height":200,"url":"https:\/\/compuviper.mx\/tienda\/wp-content\/uploads\/2024\/09\/Nvr-hikvision-12-megapixel-4k-16-canales-ip-acusense-evita-falsas-alarmas-reconocimiento-facial-1-bahia-de-disco-duro-hdmi-en-4k-sin-puertos-poe.jpg","type":"image\/jpeg"}],"twitter_card":"summary_large_image","twitter_misc":{"Precio":"&#36;2,387 con IVA","Availability":"On backorder"},"schema":{"@context":"https:\/\/schema.org","@graph":[{"@type":"WebPage","@id":"https:\/\/compuviper.mx\/tienda\/producto\/hikvision-ds-7616nxi-k1b-nvr-12-megapixel-4k-16-canales-ip-acusense-evita-falsas-alarmas-reconocimiento-facial-1-bahia-de-disco-duro-hdmi-en-4k-sin-puertos-poe\/","url":"https:\/\/compuviper.mx\/tienda\/producto\/hikvision-ds-7616nxi-k1b-nvr-12-megapixel-4k-16-canales-ip-acusense-evita-falsas-alarmas-reconocimiento-facial-1-bahia-de-disco-duro-hdmi-en-4k-sin-puertos-poe\/","name":"[ Hikvision ] &#129351; Ds-7616nxi-k1(b) Nvr 12 Megapixel (4k) \/ 16 Canales Ip \/ Acusense (evita Falsas Alarmas) \/ Reconocimiento Facial \/ 1 Bahia De Disco Duro \/ Hdmi En 4k \/ Sin Puertos Poe+","isPartOf":{"@id":"https:\/\/compuviper.mx\/tienda\/#website"},"datePublished":"2026-04-11T07:22:37+00:00","dateModified":"2026-04-11T07:22:38+00:00","description":"Compra Ds-7616nxi-k1(b) Nvr 12 Megapixel (4k) \/ 16 Canales Ip \/ Acusense (evita Falsas Alarmas) \/ Reconocimiento Facial \/ 1 Bahia De Disco Duro \/ Hdmi En 4k \/ Sin Puertos Poe+ + Env\u00edo a domicilio + Pago seguro + Garant\u00eda","breadcrumb":{"@id":"https:\/\/compuviper.mx\/tienda\/producto\/hikvision-ds-7616nxi-k1b-nvr-12-megapixel-4k-16-canales-ip-acusense-evita-falsas-alarmas-reconocimiento-facial-1-bahia-de-disco-duro-hdmi-en-4k-sin-puertos-poe\/#breadcrumb"},"inLanguage":"es-MX","potentialAction":[{"@type":"ReadAction","target":["https:\/\/compuviper.mx\/tienda\/producto\/hikvision-ds-7616nxi-k1b-nvr-12-megapixel-4k-16-canales-ip-acusense-evita-falsas-alarmas-reconocimiento-facial-1-bahia-de-disco-duro-hdmi-en-4k-sin-puertos-poe\/"]}]},{"@type":"BreadcrumbList","@id":"https:\/\/compuviper.mx\/tienda\/producto\/hikvision-ds-7616nxi-k1b-nvr-12-megapixel-4k-16-canales-ip-acusense-evita-falsas-alarmas-reconocimiento-facial-1-bahia-de-disco-duro-hdmi-en-4k-sin-puertos-poe\/#breadcrumb","itemListElement":[{"@type":"ListItem","position":1,"name":"Inicio","item":"https:\/\/compuviper.mx\/tienda\/"},{"@type":"ListItem","position":2,"name":"Productos","item":"https:\/\/compuviper.mx\/tienda\/productos\/"},{"@type":"ListItem","position":3,"name":"Videograbadores","item":"https:\/\/compuviper.mx\/tienda\/categoria-producto\/videograbadores\/"},{"@type":"ListItem","position":4,"name":"Nvr","item":"https:\/\/compuviper.mx\/tienda\/categoria-producto\/videograbadores\/nvr\/"},{"@type":"ListItem","position":5,"name":"Hikvision Ds-7616nxi-k1(b) Nvr 12 Megapixel (4k) \/ 16 Canales Ip \/ Acusense (evita Falsas Alarmas) \/ Reconocimiento Facial \/ 1 Bahia De Disco Duro \/ Hdmi En 4k \/ Sin Puertos Poe+"}]},{"@type":"WebSite","@id":"https:\/\/compuviper.mx\/tienda\/#website","url":"https:\/\/compuviper.mx\/tienda\/","name":"Compuviper","description":"Proveedor de Computadoras, Laptops, Servidores, Monitores, Puntos de Venta, Teclados,   Impresoras, T\u00f3ner, C\u00e1maras de Seguridad y m\u00e1s en tu tienda en l\u00ednea","publisher":{"@id":"https:\/\/compuviper.mx\/tienda\/#organization"},"potentialAction":[{"@type":"SearchAction","target":{"@type":"EntryPoint","urlTemplate":"https:\/\/compuviper.mx\/tienda\/?s={search_term_string}"},"query-input":"required name=search_term_string"}],"inLanguage":"es-MX"},{"@type":"Organization","@id":"https:\/\/compuviper.mx\/tienda\/#organization","name":"Compuviper","url":"https:\/\/compuviper.mx\/tienda\/","logo":{"@type":"ImageObject","inLanguage":"es-MX","@id":"https:\/\/compuviper.mx\/tienda\/#\/schema\/logo\/image\/","url":"https:\/\/compuviper.mx\/tienda\/wp-content\/uploads\/2021\/08\/Logo-Compuviper-10.png","contentUrl":"https:\/\/compuviper.mx\/tienda\/wp-content\/uploads\/2021\/08\/Logo-Compuviper-10.png","width":1000,"height":500,"caption":"Compuviper"},"image":{"@id":"https:\/\/compuviper.mx\/tienda\/#\/schema\/logo\/image\/"},"sameAs":["https:\/\/www.facebook.com\/compuviper","https:\/\/www.youtube.com\/channel\/UCf73dERp9Y3cfOq7q8BhLjA?view_as=subscriber"]}]},"product_brand":"HIKVISION","product_price_amount":"2387","product_price_currency":"MXN","og_availability":"backorder","product_availability":"available for order","product_retailer_item_id":"DS-7616NXI-K1(B)","product_condition":"new"},"_links":{"self":[{"href":"https:\/\/compuviper.mx\/tienda\/wp-json\/wp\/v2\/product\/240281"}],"collection":[{"href":"https:\/\/compuviper.mx\/tienda\/wp-json\/wp\/v2\/product"}],"about":[{"href":"https:\/\/compuviper.mx\/tienda\/wp-json\/wp\/v2\/types\/product"}],"replies":[{"embeddable":true,"href":"https:\/\/compuviper.mx\/tienda\/wp-json\/wp\/v2\/comments?post=240281"}],"wp:featuredmedia":[{"embeddable":true,"href":"https:\/\/compuviper.mx\/tienda\/wp-json\/wp\/v2\/media\/243047"}],"wp:attachment":[{"href":"https:\/\/compuviper.mx\/tienda\/wp-json\/wp\/v2\/media?parent=240281"}],"wp:term":[{"taxonomy":"product_cat","embeddable":true,"href":"https:\/\/compuviper.mx\/tienda\/wp-json\/wp\/v2\/product_cat?post=240281"},{"taxonomy":"product_tag","embeddable":true,"href":"https:\/\/compuviper.mx\/tienda\/wp-json\/wp\/v2\/product_tag?post=240281"}],"curies":[{"name":"wp","href":"https:\/\/api.w.org\/{rel}","templated":true}]}}