{"id":240280,"date":"2026-04-09T01:31:16","date_gmt":"2026-04-09T07:31:16","guid":{"rendered":"https:\/\/compuviper.mx\/tienda\/producto\/lenovo-21kds26b00-laptop-thinkpad-x1-carbon-gen-12-core-ultra-7-155u-1-7ghz16gb-soldered-lpddr5x-6400512gb-ssd-m-2-2280-14-wuxgabacklitspanishwin-11-pro-3y-premier-support\/"},"modified":"2026-04-09T01:31:17","modified_gmt":"2026-04-09T07:31:17","slug":"lenovo-21kds26b00-laptop-thinkpad-x1-carbon-gen-12-core-ultra-7-155u-4-8ghz-16gb-lpddr5-512gb-ssd-14-wuxga-1920x1200-backlit-keyboard-win-11-pro-3yr-premier-support","status":"publish","type":"product","link":"https:\/\/compuviper.mx\/tienda\/producto\/lenovo-21kds26b00-laptop-thinkpad-x1-carbon-gen-12-core-ultra-7-155u-4-8ghz-16gb-lpddr5-512gb-ssd-14-wuxga-1920x1200-backlit-keyboard-win-11-pro-3yr-premier-support\/","title":{"rendered":"Lenovo 21kds26b00 Laptop  Thinkpad X1 Carbon Gen 12 \/ Core Ultra 7 155u 4.8ghz \/ 16gb Lpddr5 \/ 512gb Ssd \/ 14 Wuxga (1920&#215;1200) \/ Backlit Keyboard \/ Win 11 Pro \/ 3yr Premier Support"},"content":{"rendered":"<table class=\"descripcion\">\n<tr>\n<td>Thinkpad x1 carbon gen 12<\/td>\n<\/tr>\n<tr>\n<td>Part number : 21kds26b00<\/td>\n<\/tr>\n<tr>\n<td>Procesador: intel core ultra 7 155u, 12c (2p + 8e + 2lpe) \/ 14t, max turbo up to 4.8ghz, 12mb<\/td>\n<\/tr>\n<tr>\n<td>Ai pc category: ai pc<\/td>\n<\/tr>\n<tr>\n<td>Npu:intel ai boost, up to 11 tops<\/td>\n<\/tr>\n<tr>\n<td>Graficos:integrated intel graphics<\/td>\n<\/tr>\n<tr>\n<td>Chipset:intel soc platform<\/td>\n<\/tr>\n<tr>\n<td>Memoria:16gb soldered lpddr5x-6400 (no expandible)<\/td>\n<\/tr>\n<tr>\n<td>Disco: 512gb ssd m.2 2280 pcie\u00ae 4.0&#215;4 nvme\u00ae opal 2.0<\/td>\n<\/tr>\n<tr>\n<td>Slot disco: one m.2 2280 pcie\u00ae 4.0 x4 slot<\/td>\n<\/tr>\n<tr>\n<td>Capacidad maxima disco: one drive, up to 2tb m.2 2280 ssd<\/td>\n<\/tr>\n<tr>\n<td>Display: 14 wuxga (1920&#215;1200) ips 400nits anti-glare, 100% srgb, 60hz, low power<\/td>\n<\/tr>\n<tr>\n<td>Teclado: retroiluminado, espa\u00f1ol (la)<\/td>\n<\/tr>\n<tr>\n<td>Sistema operativo: windows 11 pro, spanish<\/td>\n<\/tr>\n<tr>\n<td>Bundled software:intel connectivity performance suite<\/td>\n<\/tr>\n<tr>\n<td>Ethernet: no onboard ethernet<\/td>\n<\/tr>\n<tr>\n<td>Wlan + bluetooth:intel wi-fi 6e ax211, 802.11ax 2&#215;2 + bt5.3<\/td>\n<\/tr>\n<tr>\n<td>Fingerprint: touch style, match-on-chip, in keyboard key<\/td>\n<\/tr>\n<tr>\n<td>Garantia: 3y premier support upgrade from 3y courier\/carry-in<\/td>\n<\/tr>\n<tr>\n<td>Case material: carbon fiber (top), aluminium (bottom)<\/td>\n<\/tr>\n<tr>\n<td>Case color: black, paint<\/td>\n<\/tr>\n<tr>\n<td>Puertos standard:<\/td>\n<\/tr>\n<tr>\n<td>1x usb-a (usb 5gbps \/ usb 3.2 gen 1)<\/td>\n<\/tr>\n<tr>\n<td>1x usb-a (usb 5gbps \/ usb 3.2 gen 1), always on<\/td>\n<\/tr>\n<tr>\n<td>2x usb-c\u00ae (thunderbolt\u0099 4 \/ usb4\u00ae 40gbps), with usb pd 3.0 and displayport\u0099 2.1<\/td>\n<\/tr>\n<tr>\n<td>1x hdmi\u00ae 2.1, up to 4k\/60hz<\/td>\n<\/tr>\n<tr>\n<td>1x headphone \/ microphone combo jack (3.5mm)<\/td>\n<\/tr>\n<\/table>\n","protected":false},"excerpt":{"rendered":"<p>X1 carbon. Renueva tus expectativas. Los profesionales que esperan lo mejor de su tecnolog\u00eda recurren a la l\u00ednea thinkpad x1, no solo por su innovaci\u00f3n y su estilo, sino tambi\u00e9n por su rendimiento sin precedentes. Ultrafino, ultraligero y ultrapotente- redise\u00f1a las posibilidades de los dispositivos empresariales. Potentes equipos con el ancho de banda necesario para crear y disfrutar.<\/p>\n","protected":false},"featured_media":242996,"comment_status":"open","ping_status":"open","template":"","meta":[],"product_cat":[1886,1890],"product_tag":[1578],"acf":[],"yoast_head":"<!-- This site is optimized with the Yoast SEO plugin v21.7 - https:\/\/yoast.com\/wordpress\/plugins\/seo\/ -->\n<title>[ Lenovo ] &#129351; 21kds26b00 Laptop Thinkpad X1 Carbon Gen 12 \/ Core Ultra 7 155u 4.8ghz \/ 16gb Lpddr5 \/ 512gb Ssd \/ 14 Wuxga (1920x1200) \/ Backlit Keyboard \/ Win 11 Pro \/ 3yr Premier Support<\/title>\n<meta name=\"description\" content=\"Compra 21kds26b00 Laptop Thinkpad X1 Carbon Gen 12 \/ Core Ultra 7 155u 4.8ghz \/ 16gb Lpddr5 \/ 512gb Ssd \/ 14 Wuxga (1920x1200) \/ Backlit Keyboard \/ Win 11 Pro \/ 3yr Premier Support + Env\u00edo a domicilio + Pago seguro + Garant\u00eda\" \/>\n<meta name=\"robots\" content=\"index, follow, max-snippet:-1, max-image-preview:large, max-video-preview:-1\" \/>\n<link rel=\"canonical\" href=\"https:\/\/compuviper.mx\/tienda\/producto\/lenovo-21kds26b00-laptop-thinkpad-x1-carbon-gen-12-core-ultra-7-155u-4-8ghz-16gb-lpddr5-512gb-ssd-14-wuxga-1920x1200-backlit-keyboard-win-11-pro-3yr-premier-support\/\" \/>\n<meta property=\"og:locale\" content=\"es_MX\" \/>\n<meta property=\"og:type\" content=\"article\" \/>\n<meta property=\"og:title\" content=\"[ Lenovo ] &#129351; 21kds26b00 Laptop Thinkpad X1 Carbon Gen 12 \/ Core Ultra 7 155u 4.8ghz \/ 16gb Lpddr5 \/ 512gb Ssd \/ 14 Wuxga (1920x1200) \/ Backlit Keyboard \/ Win 11 Pro \/ 3yr Premier Support\" \/>\n<meta property=\"og:description\" content=\"Compra 21kds26b00 Laptop Thinkpad X1 Carbon Gen 12 \/ Core Ultra 7 155u 4.8ghz \/ 16gb Lpddr5 \/ 512gb Ssd \/ 14 Wuxga (1920x1200) \/ Backlit Keyboard \/ Win 11 Pro \/ 3yr Premier Support + Env\u00edo a domicilio + Pago seguro + Garant\u00eda\" \/>\n<meta property=\"og:url\" content=\"https:\/\/compuviper.mx\/tienda\/producto\/lenovo-21kds26b00-laptop-thinkpad-x1-carbon-gen-12-core-ultra-7-155u-4-8ghz-16gb-lpddr5-512gb-ssd-14-wuxga-1920x1200-backlit-keyboard-win-11-pro-3yr-premier-support\/\" \/>\n<meta property=\"og:site_name\" content=\"Compuviper\" \/>\n<meta property=\"article:publisher\" content=\"https:\/\/www.facebook.com\/compuviper\" \/>\n<meta property=\"article:modified_time\" content=\"2026-04-09T07:31:17+00:00\" \/>\n<meta property=\"og:image\" content=\"https:\/\/compuviper.mx\/tienda\/wp-content\/uploads\/2024\/09\/Laptop-lenovo-thinkpad-x1-carbon-gen-12-core-ultra-7-155u-1.7ghz16gb-soldered-lpddr5x-6400512gb-ssd-m.2-2280-14-wuxgabacklitspanishwin-11-pro-3y-premier-support.jpg\" \/>\n\t<meta property=\"og:image:width\" content=\"200\" \/>\n\t<meta property=\"og:image:height\" content=\"200\" \/>\n\t<meta property=\"og:image:type\" content=\"image\/jpeg\" \/>\n<meta name=\"twitter:card\" content=\"summary_large_image\" \/>\n<meta name=\"twitter:label1\" content=\"Precio\" \/>\n\t<meta name=\"twitter:data1\" content=\"&#36;35,696 &#36;32,982 con IVA\" \/>\n\t<meta name=\"twitter:label2\" content=\"Availability\" \/>\n\t<meta name=\"twitter:data2\" content=\"In stock\" \/>\n<script type=\"application\/ld+json\" class=\"yoast-schema-graph\">{\"@context\":\"https:\/\/schema.org\",\"@graph\":[{\"@type\":\"WebPage\",\"@id\":\"https:\/\/compuviper.mx\/tienda\/producto\/lenovo-21kds26b00-laptop-thinkpad-x1-carbon-gen-12-core-ultra-7-155u-4-8ghz-16gb-lpddr5-512gb-ssd-14-wuxga-1920x1200-backlit-keyboard-win-11-pro-3yr-premier-support\/\",\"url\":\"https:\/\/compuviper.mx\/tienda\/producto\/lenovo-21kds26b00-laptop-thinkpad-x1-carbon-gen-12-core-ultra-7-155u-4-8ghz-16gb-lpddr5-512gb-ssd-14-wuxga-1920x1200-backlit-keyboard-win-11-pro-3yr-premier-support\/\",\"name\":\"[ Lenovo ] &#129351; 21kds26b00 Laptop Thinkpad X1 Carbon Gen 12 \/ Core Ultra 7 155u 4.8ghz \/ 16gb Lpddr5 \/ 512gb Ssd \/ 14 Wuxga (1920x1200) \/ Backlit Keyboard \/ Win 11 Pro \/ 3yr Premier Support\",\"isPartOf\":{\"@id\":\"https:\/\/compuviper.mx\/tienda\/#website\"},\"datePublished\":\"2026-04-09T07:31:16+00:00\",\"dateModified\":\"2026-04-09T07:31:17+00:00\",\"description\":\"Compra 21kds26b00 Laptop Thinkpad X1 Carbon Gen 12 \/ Core Ultra 7 155u 4.8ghz \/ 16gb Lpddr5 \/ 512gb Ssd \/ 14 Wuxga (1920x1200) \/ Backlit Keyboard \/ Win 11 Pro \/ 3yr Premier Support + Env\u00edo a domicilio + Pago seguro + Garant\u00eda\",\"breadcrumb\":{\"@id\":\"https:\/\/compuviper.mx\/tienda\/producto\/lenovo-21kds26b00-laptop-thinkpad-x1-carbon-gen-12-core-ultra-7-155u-4-8ghz-16gb-lpddr5-512gb-ssd-14-wuxga-1920x1200-backlit-keyboard-win-11-pro-3yr-premier-support\/#breadcrumb\"},\"inLanguage\":\"es-MX\",\"potentialAction\":[{\"@type\":\"ReadAction\",\"target\":[\"https:\/\/compuviper.mx\/tienda\/producto\/lenovo-21kds26b00-laptop-thinkpad-x1-carbon-gen-12-core-ultra-7-155u-4-8ghz-16gb-lpddr5-512gb-ssd-14-wuxga-1920x1200-backlit-keyboard-win-11-pro-3yr-premier-support\/\"]}]},{\"@type\":\"BreadcrumbList\",\"@id\":\"https:\/\/compuviper.mx\/tienda\/producto\/lenovo-21kds26b00-laptop-thinkpad-x1-carbon-gen-12-core-ultra-7-155u-4-8ghz-16gb-lpddr5-512gb-ssd-14-wuxga-1920x1200-backlit-keyboard-win-11-pro-3yr-premier-support\/#breadcrumb\",\"itemListElement\":[{\"@type\":\"ListItem\",\"position\":1,\"name\":\"Inicio\",\"item\":\"https:\/\/compuviper.mx\/tienda\/\"},{\"@type\":\"ListItem\",\"position\":2,\"name\":\"Productos\",\"item\":\"https:\/\/compuviper.mx\/tienda\/productos\/\"},{\"@type\":\"ListItem\",\"position\":3,\"name\":\"Laptops\",\"item\":\"https:\/\/compuviper.mx\/tienda\/categoria-producto\/laptops\/\"},{\"@type\":\"ListItem\",\"position\":4,\"name\":\"Ultrabook\",\"item\":\"https:\/\/compuviper.mx\/tienda\/categoria-producto\/laptops\/ultrabook-laptops\/\"},{\"@type\":\"ListItem\",\"position\":5,\"name\":\"Lenovo 21kds26b00 Laptop Thinkpad X1 Carbon Gen 12 \/ Core Ultra 7 155u 4.8ghz \/ 16gb Lpddr5 \/ 512gb Ssd \/ 14 Wuxga (1920&#215;1200) \/ Backlit Keyboard \/ Win 11 Pro \/ 3yr Premier Support\"}]},{\"@type\":\"WebSite\",\"@id\":\"https:\/\/compuviper.mx\/tienda\/#website\",\"url\":\"https:\/\/compuviper.mx\/tienda\/\",\"name\":\"Compuviper\",\"description\":\"Proveedor de Computadoras, Laptops, Servidores, Monitores, Puntos de Venta, Teclados,   Impresoras, T\u00f3ner, C\u00e1maras de Seguridad y m\u00e1s en tu tienda en l\u00ednea\",\"publisher\":{\"@id\":\"https:\/\/compuviper.mx\/tienda\/#organization\"},\"potentialAction\":[{\"@type\":\"SearchAction\",\"target\":{\"@type\":\"EntryPoint\",\"urlTemplate\":\"https:\/\/compuviper.mx\/tienda\/?s={search_term_string}\"},\"query-input\":\"required name=search_term_string\"}],\"inLanguage\":\"es-MX\"},{\"@type\":\"Organization\",\"@id\":\"https:\/\/compuviper.mx\/tienda\/#organization\",\"name\":\"Compuviper\",\"url\":\"https:\/\/compuviper.mx\/tienda\/\",\"logo\":{\"@type\":\"ImageObject\",\"inLanguage\":\"es-MX\",\"@id\":\"https:\/\/compuviper.mx\/tienda\/#\/schema\/logo\/image\/\",\"url\":\"https:\/\/compuviper.mx\/tienda\/wp-content\/uploads\/2021\/08\/Logo-Compuviper-10.png\",\"contentUrl\":\"https:\/\/compuviper.mx\/tienda\/wp-content\/uploads\/2021\/08\/Logo-Compuviper-10.png\",\"width\":1000,\"height\":500,\"caption\":\"Compuviper\"},\"image\":{\"@id\":\"https:\/\/compuviper.mx\/tienda\/#\/schema\/logo\/image\/\"},\"sameAs\":[\"https:\/\/www.facebook.com\/compuviper\",\"https:\/\/www.youtube.com\/channel\/UCf73dERp9Y3cfOq7q8BhLjA?view_as=subscriber\"]}]}<\/script>\n<meta property=\"product:brand\" content=\"LENOVO\" \/>\n<meta property=\"product:price:amount\" content=\"32982\" \/>\n<meta property=\"product:price:currency\" content=\"MXN\" \/>\n<meta property=\"og:availability\" content=\"instock\" \/>\n<meta property=\"product:availability\" content=\"instock\" \/>\n<meta property=\"product:retailer_item_id\" content=\"21KDS26B00\" \/>\n<meta property=\"product:condition\" content=\"new\" \/>\n<!-- \/ Yoast SEO plugin. -->","yoast_head_json":{"title":"[ Lenovo ] &#129351; 21kds26b00 Laptop Thinkpad X1 Carbon Gen 12 \/ Core Ultra 7 155u 4.8ghz \/ 16gb Lpddr5 \/ 512gb Ssd \/ 14 Wuxga (1920x1200) \/ Backlit Keyboard \/ Win 11 Pro \/ 3yr Premier Support","description":"Compra 21kds26b00 Laptop Thinkpad X1 Carbon Gen 12 \/ Core Ultra 7 155u 4.8ghz \/ 16gb Lpddr5 \/ 512gb Ssd \/ 14 Wuxga (1920x1200) \/ Backlit Keyboard \/ Win 11 Pro \/ 3yr Premier Support + Env\u00edo a domicilio + Pago seguro + Garant\u00eda","robots":{"index":"index","follow":"follow","max-snippet":"max-snippet:-1","max-image-preview":"max-image-preview:large","max-video-preview":"max-video-preview:-1"},"canonical":"https:\/\/compuviper.mx\/tienda\/producto\/lenovo-21kds26b00-laptop-thinkpad-x1-carbon-gen-12-core-ultra-7-155u-4-8ghz-16gb-lpddr5-512gb-ssd-14-wuxga-1920x1200-backlit-keyboard-win-11-pro-3yr-premier-support\/","og_locale":"es_MX","og_type":"article","og_title":"[ Lenovo ] &#129351; 21kds26b00 Laptop Thinkpad X1 Carbon Gen 12 \/ Core Ultra 7 155u 4.8ghz \/ 16gb Lpddr5 \/ 512gb Ssd \/ 14 Wuxga (1920x1200) \/ Backlit Keyboard \/ Win 11 Pro \/ 3yr Premier Support","og_description":"Compra 21kds26b00 Laptop Thinkpad X1 Carbon Gen 12 \/ Core Ultra 7 155u 4.8ghz \/ 16gb Lpddr5 \/ 512gb Ssd \/ 14 Wuxga (1920x1200) \/ Backlit Keyboard \/ Win 11 Pro \/ 3yr Premier Support + Env\u00edo a domicilio + Pago seguro + Garant\u00eda","og_url":"https:\/\/compuviper.mx\/tienda\/producto\/lenovo-21kds26b00-laptop-thinkpad-x1-carbon-gen-12-core-ultra-7-155u-4-8ghz-16gb-lpddr5-512gb-ssd-14-wuxga-1920x1200-backlit-keyboard-win-11-pro-3yr-premier-support\/","og_site_name":"Compuviper","article_publisher":"https:\/\/www.facebook.com\/compuviper","article_modified_time":"2026-04-09T07:31:17+00:00","og_image":[{"width":200,"height":200,"url":"https:\/\/compuviper.mx\/tienda\/wp-content\/uploads\/2024\/09\/Laptop-lenovo-thinkpad-x1-carbon-gen-12-core-ultra-7-155u-1.7ghz16gb-soldered-lpddr5x-6400512gb-ssd-m.2-2280-14-wuxgabacklitspanishwin-11-pro-3y-premier-support.jpg","type":"image\/jpeg"}],"twitter_card":"summary_large_image","twitter_misc":{"Precio":"&#36;35,696 &#36;32,982 con IVA","Availability":"In stock"},"schema":{"@context":"https:\/\/schema.org","@graph":[{"@type":"WebPage","@id":"https:\/\/compuviper.mx\/tienda\/producto\/lenovo-21kds26b00-laptop-thinkpad-x1-carbon-gen-12-core-ultra-7-155u-4-8ghz-16gb-lpddr5-512gb-ssd-14-wuxga-1920x1200-backlit-keyboard-win-11-pro-3yr-premier-support\/","url":"https:\/\/compuviper.mx\/tienda\/producto\/lenovo-21kds26b00-laptop-thinkpad-x1-carbon-gen-12-core-ultra-7-155u-4-8ghz-16gb-lpddr5-512gb-ssd-14-wuxga-1920x1200-backlit-keyboard-win-11-pro-3yr-premier-support\/","name":"[ Lenovo ] &#129351; 21kds26b00 Laptop Thinkpad X1 Carbon Gen 12 \/ Core Ultra 7 155u 4.8ghz \/ 16gb Lpddr5 \/ 512gb Ssd \/ 14 Wuxga (1920x1200) \/ Backlit Keyboard \/ Win 11 Pro \/ 3yr Premier Support","isPartOf":{"@id":"https:\/\/compuviper.mx\/tienda\/#website"},"datePublished":"2026-04-09T07:31:16+00:00","dateModified":"2026-04-09T07:31:17+00:00","description":"Compra 21kds26b00 Laptop Thinkpad X1 Carbon Gen 12 \/ Core Ultra 7 155u 4.8ghz \/ 16gb Lpddr5 \/ 512gb Ssd \/ 14 Wuxga (1920x1200) \/ Backlit Keyboard \/ Win 11 Pro \/ 3yr Premier Support + Env\u00edo a domicilio + Pago seguro + Garant\u00eda","breadcrumb":{"@id":"https:\/\/compuviper.mx\/tienda\/producto\/lenovo-21kds26b00-laptop-thinkpad-x1-carbon-gen-12-core-ultra-7-155u-4-8ghz-16gb-lpddr5-512gb-ssd-14-wuxga-1920x1200-backlit-keyboard-win-11-pro-3yr-premier-support\/#breadcrumb"},"inLanguage":"es-MX","potentialAction":[{"@type":"ReadAction","target":["https:\/\/compuviper.mx\/tienda\/producto\/lenovo-21kds26b00-laptop-thinkpad-x1-carbon-gen-12-core-ultra-7-155u-4-8ghz-16gb-lpddr5-512gb-ssd-14-wuxga-1920x1200-backlit-keyboard-win-11-pro-3yr-premier-support\/"]}]},{"@type":"BreadcrumbList","@id":"https:\/\/compuviper.mx\/tienda\/producto\/lenovo-21kds26b00-laptop-thinkpad-x1-carbon-gen-12-core-ultra-7-155u-4-8ghz-16gb-lpddr5-512gb-ssd-14-wuxga-1920x1200-backlit-keyboard-win-11-pro-3yr-premier-support\/#breadcrumb","itemListElement":[{"@type":"ListItem","position":1,"name":"Inicio","item":"https:\/\/compuviper.mx\/tienda\/"},{"@type":"ListItem","position":2,"name":"Productos","item":"https:\/\/compuviper.mx\/tienda\/productos\/"},{"@type":"ListItem","position":3,"name":"Laptops","item":"https:\/\/compuviper.mx\/tienda\/categoria-producto\/laptops\/"},{"@type":"ListItem","position":4,"name":"Ultrabook","item":"https:\/\/compuviper.mx\/tienda\/categoria-producto\/laptops\/ultrabook-laptops\/"},{"@type":"ListItem","position":5,"name":"Lenovo 21kds26b00 Laptop Thinkpad X1 Carbon Gen 12 \/ Core Ultra 7 155u 4.8ghz \/ 16gb Lpddr5 \/ 512gb Ssd \/ 14 Wuxga (1920&#215;1200) \/ Backlit Keyboard \/ Win 11 Pro \/ 3yr Premier Support"}]},{"@type":"WebSite","@id":"https:\/\/compuviper.mx\/tienda\/#website","url":"https:\/\/compuviper.mx\/tienda\/","name":"Compuviper","description":"Proveedor de Computadoras, Laptops, Servidores, Monitores, Puntos de Venta, Teclados,   Impresoras, T\u00f3ner, C\u00e1maras de Seguridad y m\u00e1s en tu tienda en l\u00ednea","publisher":{"@id":"https:\/\/compuviper.mx\/tienda\/#organization"},"potentialAction":[{"@type":"SearchAction","target":{"@type":"EntryPoint","urlTemplate":"https:\/\/compuviper.mx\/tienda\/?s={search_term_string}"},"query-input":"required name=search_term_string"}],"inLanguage":"es-MX"},{"@type":"Organization","@id":"https:\/\/compuviper.mx\/tienda\/#organization","name":"Compuviper","url":"https:\/\/compuviper.mx\/tienda\/","logo":{"@type":"ImageObject","inLanguage":"es-MX","@id":"https:\/\/compuviper.mx\/tienda\/#\/schema\/logo\/image\/","url":"https:\/\/compuviper.mx\/tienda\/wp-content\/uploads\/2021\/08\/Logo-Compuviper-10.png","contentUrl":"https:\/\/compuviper.mx\/tienda\/wp-content\/uploads\/2021\/08\/Logo-Compuviper-10.png","width":1000,"height":500,"caption":"Compuviper"},"image":{"@id":"https:\/\/compuviper.mx\/tienda\/#\/schema\/logo\/image\/"},"sameAs":["https:\/\/www.facebook.com\/compuviper","https:\/\/www.youtube.com\/channel\/UCf73dERp9Y3cfOq7q8BhLjA?view_as=subscriber"]}]},"product_brand":"LENOVO","product_price_amount":"32982","product_price_currency":"MXN","og_availability":"instock","product_availability":"instock","product_retailer_item_id":"21KDS26B00","product_condition":"new"},"_links":{"self":[{"href":"https:\/\/compuviper.mx\/tienda\/wp-json\/wp\/v2\/product\/240280"}],"collection":[{"href":"https:\/\/compuviper.mx\/tienda\/wp-json\/wp\/v2\/product"}],"about":[{"href":"https:\/\/compuviper.mx\/tienda\/wp-json\/wp\/v2\/types\/product"}],"replies":[{"embeddable":true,"href":"https:\/\/compuviper.mx\/tienda\/wp-json\/wp\/v2\/comments?post=240280"}],"wp:featuredmedia":[{"embeddable":true,"href":"https:\/\/compuviper.mx\/tienda\/wp-json\/wp\/v2\/media\/242996"}],"wp:attachment":[{"href":"https:\/\/compuviper.mx\/tienda\/wp-json\/wp\/v2\/media?parent=240280"}],"wp:term":[{"taxonomy":"product_cat","embeddable":true,"href":"https:\/\/compuviper.mx\/tienda\/wp-json\/wp\/v2\/product_cat?post=240280"},{"taxonomy":"product_tag","embeddable":true,"href":"https:\/\/compuviper.mx\/tienda\/wp-json\/wp\/v2\/product_tag?post=240280"}],"curies":[{"name":"wp","href":"https:\/\/api.w.org\/{rel}","templated":true}]}}