{"id":240269,"date":"2026-04-11T00:16:23","date_gmt":"2026-04-11T06:16:23","guid":{"rendered":"https:\/\/compuviper.mx\/tienda\/producto\/ezviz-cs-sd7-pantalla-inalmbrica-con-bateria-recargable-4600mah-wi-fi-ideal-para-escritoio-o-pared-vista-en-vivo-de-camaras-compatible-con-videoportero-cs-hp7-para-ver-camara-y-apertura-rem\/"},"modified":"2026-04-11T00:16:23","modified_gmt":"2026-04-11T06:16:23","slug":"ezviz-cs-sd7-pantalla-inalmbrica-con-bateria-recargable-4600mah-wi-fi-ideal-para-escritoio-o-pared-vista-en-vivo-de-camaras-compatible-con-videoportero-cs-hp7-para-ver-camara-y-apertura-rem","status":"publish","type":"product","link":"https:\/\/compuviper.mx\/tienda\/producto\/ezviz-cs-sd7-pantalla-inalmbrica-con-bateria-recargable-4600mah-wi-fi-ideal-para-escritoio-o-pared-vista-en-vivo-de-camaras-compatible-con-videoportero-cs-hp7-para-ver-camara-y-apertura-rem\/","title":{"rendered":"Ezviz Cs-sd7 Pantalla Inalmbrica \/ Con Bateria Recargable 4600mah \/ Wi-fi \/ Ideal Para Escritoio O Pared \/ Vista En Vivo De Camaras  \/ Compatible Con Videoportero Cs-hp7 Para Ver Camara Y Apertura Remota \/"},"content":{"rendered":"<table class=\"descripcion\">\n<tr>\n<td>Caractersticas:<\/td>\n<\/tr>\n<tr>\n<td>Pantalla tactil de 7<\/td>\n<\/tr>\n<tr>\n<td>Resolucin 1024 x 600<\/td>\n<\/tr>\n<tr>\n<td>Vista en vivo de cmaras ezviz<\/td>\n<\/tr>\n<tr>\n<td>Audio de dos vas<\/td>\n<\/tr>\n<tr>\n<td>Contestar llamada y abrir puerta del videoportero cs-hp7<\/td>\n<\/tr>\n<tr>\n<td>Micrfono integrado<\/td>\n<\/tr>\n<tr>\n<td>Bocina integrada<\/td>\n<\/tr>\n<tr>\n<td>Integracin inteligente con cmaras ezviz<\/td>\n<\/tr>\n<tr>\n<td>Admite haste 30 dispositivos<\/td>\n<\/tr>\n<tr>\n<td>Wi-fi 2.4 ghz<\/td>\n<\/tr>\n<tr>\n<td>Caractersticas elctricas:<\/td>\n<\/tr>\n<tr>\n<td>Bateria recargable 4600 mah, incluye cable tipo c<\/td>\n<\/tr>\n<tr>\n<td>Uso interior.<\/td>\n<\/tr>\n<tr>\n<td>Dimensiones: 180.3 x 111.6 x 15.6 mm.<\/td>\n<\/tr>\n<tr>\n<td>Peso: 327 grs.<\/td>\n<\/tr>\n<tr>\n<td>Garanta: 1 ao<\/td>\n<\/tr>\n<\/table>\n","protected":false},"excerpt":{"rendered":"<p>Ofrece una gestin simple y directa para aquellos que poseen un sistema de seguridad para el hogar ezviz completo. Mantiene todos los dispositivos organizados en un solo lugar, le ayuda a ver que esta sucediendo a travs de diferentes camaras. Su diseo compacto se adapta a cualquier hogar moderno, y su configuracin inalmbrica y verstil facilita la instalacin. Hable con la visita como si estuviera presente.<\/p>\n","protected":false},"featured_media":242524,"comment_status":"open","ping_status":"open","template":"","meta":[],"product_cat":[1608,1683],"product_tag":[2123],"acf":[],"yoast_head":"<!-- This site is optimized with the Yoast SEO plugin v21.7 - https:\/\/yoast.com\/wordpress\/plugins\/seo\/ -->\n<title>[ Ezviz ] &#129351; Cs-sd7 Pantalla Inalmbrica \/ Con Bateria Recargable 4600mah \/ Wi-fi \/ Ideal Para Escritoio O Pared \/ Vista En Vivo De Camaras \/ Compatible Con Videoportero Cs-hp7 Para Ver Camara Y Apertura Remota \/<\/title>\n<meta name=\"description\" content=\"Compra Cs-sd7 Pantalla Inalmbrica \/ Con Bateria Recargable 4600mah \/ Wi-fi \/ Ideal Para Escritoio O Pared \/ Vista En Vivo De Camaras \/ Compatible Con Videoportero Cs-hp7 Para Ver Camara Y Apertura Remota \/ + Env\u00edo a domicilio + Pago seguro + Garant\u00eda\" \/>\n<meta name=\"robots\" content=\"index, follow, max-snippet:-1, max-image-preview:large, max-video-preview:-1\" \/>\n<link rel=\"canonical\" href=\"https:\/\/compuviper.mx\/tienda\/producto\/ezviz-cs-sd7-pantalla-inalmbrica-con-bateria-recargable-4600mah-wi-fi-ideal-para-escritoio-o-pared-vista-en-vivo-de-camaras-compatible-con-videoportero-cs-hp7-para-ver-camara-y-apertura-rem\/\" \/>\n<meta property=\"og:locale\" content=\"es_MX\" \/>\n<meta property=\"og:type\" content=\"article\" \/>\n<meta property=\"og:title\" content=\"[ Ezviz ] &#129351; Cs-sd7 Pantalla Inalmbrica \/ Con Bateria Recargable 4600mah \/ Wi-fi \/ Ideal Para Escritoio O Pared \/ Vista En Vivo De Camaras \/ Compatible Con Videoportero Cs-hp7 Para Ver Camara Y Apertura Remota \/\" \/>\n<meta property=\"og:description\" content=\"Compra Cs-sd7 Pantalla Inalmbrica \/ Con Bateria Recargable 4600mah \/ Wi-fi \/ Ideal Para Escritoio O Pared \/ Vista En Vivo De Camaras \/ Compatible Con Videoportero Cs-hp7 Para Ver Camara Y Apertura Remota \/ + Env\u00edo a domicilio + Pago seguro + Garant\u00eda\" \/>\n<meta property=\"og:url\" content=\"https:\/\/compuviper.mx\/tienda\/producto\/ezviz-cs-sd7-pantalla-inalmbrica-con-bateria-recargable-4600mah-wi-fi-ideal-para-escritoio-o-pared-vista-en-vivo-de-camaras-compatible-con-videoportero-cs-hp7-para-ver-camara-y-apertura-rem\/\" \/>\n<meta property=\"og:site_name\" content=\"Compuviper\" \/>\n<meta property=\"article:publisher\" content=\"https:\/\/www.facebook.com\/compuviper\" \/>\n<meta property=\"og:image\" content=\"https:\/\/compuviper.mx\/tienda\/wp-content\/uploads\/2024\/09\/Pantalla-inalmbrica-con-bateria-recargable-4600mah-wi-fi-ideal-para-escritoio-o-pared-vista-en-vivo-de-camaras-ezviz-compatible-con-videoportero-cs-hp7-para-ver-camara-y-apertura-remota.jpg\" \/>\n\t<meta property=\"og:image:width\" content=\"200\" \/>\n\t<meta property=\"og:image:height\" content=\"200\" \/>\n\t<meta property=\"og:image:type\" content=\"image\/jpeg\" \/>\n<meta name=\"twitter:card\" content=\"summary_large_image\" \/>\n<meta name=\"twitter:label1\" content=\"Precio\" \/>\n\t<meta name=\"twitter:data1\" content=\"&#36;1,635 con IVA\" \/>\n\t<meta name=\"twitter:label2\" content=\"Availability\" \/>\n\t<meta name=\"twitter:data2\" content=\"On backorder\" \/>\n<script type=\"application\/ld+json\" class=\"yoast-schema-graph\">{\"@context\":\"https:\/\/schema.org\",\"@graph\":[{\"@type\":\"WebPage\",\"@id\":\"https:\/\/compuviper.mx\/tienda\/producto\/ezviz-cs-sd7-pantalla-inalmbrica-con-bateria-recargable-4600mah-wi-fi-ideal-para-escritoio-o-pared-vista-en-vivo-de-camaras-compatible-con-videoportero-cs-hp7-para-ver-camara-y-apertura-rem\/\",\"url\":\"https:\/\/compuviper.mx\/tienda\/producto\/ezviz-cs-sd7-pantalla-inalmbrica-con-bateria-recargable-4600mah-wi-fi-ideal-para-escritoio-o-pared-vista-en-vivo-de-camaras-compatible-con-videoportero-cs-hp7-para-ver-camara-y-apertura-rem\/\",\"name\":\"[ Ezviz ] &#129351; Cs-sd7 Pantalla Inalmbrica \/ Con Bateria Recargable 4600mah \/ Wi-fi \/ Ideal Para Escritoio O Pared \/ Vista En Vivo De Camaras \/ Compatible Con Videoportero Cs-hp7 Para Ver Camara Y Apertura Remota \/\",\"isPartOf\":{\"@id\":\"https:\/\/compuviper.mx\/tienda\/#website\"},\"datePublished\":\"2026-04-11T06:16:23+00:00\",\"dateModified\":\"2026-04-11T06:16:23+00:00\",\"description\":\"Compra Cs-sd7 Pantalla Inalmbrica \/ Con Bateria Recargable 4600mah \/ Wi-fi \/ Ideal Para Escritoio O Pared \/ Vista En Vivo De Camaras \/ Compatible Con Videoportero Cs-hp7 Para Ver Camara Y Apertura Remota \/ + Env\u00edo a domicilio + Pago seguro + Garant\u00eda\",\"breadcrumb\":{\"@id\":\"https:\/\/compuviper.mx\/tienda\/producto\/ezviz-cs-sd7-pantalla-inalmbrica-con-bateria-recargable-4600mah-wi-fi-ideal-para-escritoio-o-pared-vista-en-vivo-de-camaras-compatible-con-videoportero-cs-hp7-para-ver-camara-y-apertura-rem\/#breadcrumb\"},\"inLanguage\":\"es-MX\",\"potentialAction\":[{\"@type\":\"ReadAction\",\"target\":[\"https:\/\/compuviper.mx\/tienda\/producto\/ezviz-cs-sd7-pantalla-inalmbrica-con-bateria-recargable-4600mah-wi-fi-ideal-para-escritoio-o-pared-vista-en-vivo-de-camaras-compatible-con-videoportero-cs-hp7-para-ver-camara-y-apertura-rem\/\"]}]},{\"@type\":\"BreadcrumbList\",\"@id\":\"https:\/\/compuviper.mx\/tienda\/producto\/ezviz-cs-sd7-pantalla-inalmbrica-con-bateria-recargable-4600mah-wi-fi-ideal-para-escritoio-o-pared-vista-en-vivo-de-camaras-compatible-con-videoportero-cs-hp7-para-ver-camara-y-apertura-rem\/#breadcrumb\",\"itemListElement\":[{\"@type\":\"ListItem\",\"position\":1,\"name\":\"Inicio\",\"item\":\"https:\/\/compuviper.mx\/tienda\/\"},{\"@type\":\"ListItem\",\"position\":2,\"name\":\"Productos\",\"item\":\"https:\/\/compuviper.mx\/tienda\/productos\/\"},{\"@type\":\"ListItem\",\"position\":3,\"name\":\"Camaras\",\"item\":\"https:\/\/compuviper.mx\/tienda\/categoria-producto\/camaras-2\/\"},{\"@type\":\"ListItem\",\"position\":4,\"name\":\"Camara Inteligente P\/smart Home\",\"item\":\"https:\/\/compuviper.mx\/tienda\/categoria-producto\/camaras-2\/camara-inteligente-p-smart-home\/\"},{\"@type\":\"ListItem\",\"position\":5,\"name\":\"Ezviz Cs-sd7 Pantalla Inalmbrica \/ Con Bateria Recargable 4600mah \/ Wi-fi \/ Ideal Para Escritoio O Pared \/ Vista En Vivo De Camaras \/ Compatible Con Videoportero Cs-hp7 Para Ver Camara Y Apertura Remota \/\"}]},{\"@type\":\"WebSite\",\"@id\":\"https:\/\/compuviper.mx\/tienda\/#website\",\"url\":\"https:\/\/compuviper.mx\/tienda\/\",\"name\":\"Compuviper\",\"description\":\"Proveedor de Computadoras, Laptops, Servidores, Monitores, Puntos de Venta, Teclados,   Impresoras, T\u00f3ner, C\u00e1maras de Seguridad y m\u00e1s en tu tienda en l\u00ednea\",\"publisher\":{\"@id\":\"https:\/\/compuviper.mx\/tienda\/#organization\"},\"potentialAction\":[{\"@type\":\"SearchAction\",\"target\":{\"@type\":\"EntryPoint\",\"urlTemplate\":\"https:\/\/compuviper.mx\/tienda\/?s={search_term_string}\"},\"query-input\":\"required name=search_term_string\"}],\"inLanguage\":\"es-MX\"},{\"@type\":\"Organization\",\"@id\":\"https:\/\/compuviper.mx\/tienda\/#organization\",\"name\":\"Compuviper\",\"url\":\"https:\/\/compuviper.mx\/tienda\/\",\"logo\":{\"@type\":\"ImageObject\",\"inLanguage\":\"es-MX\",\"@id\":\"https:\/\/compuviper.mx\/tienda\/#\/schema\/logo\/image\/\",\"url\":\"https:\/\/compuviper.mx\/tienda\/wp-content\/uploads\/2021\/08\/Logo-Compuviper-10.png\",\"contentUrl\":\"https:\/\/compuviper.mx\/tienda\/wp-content\/uploads\/2021\/08\/Logo-Compuviper-10.png\",\"width\":1000,\"height\":500,\"caption\":\"Compuviper\"},\"image\":{\"@id\":\"https:\/\/compuviper.mx\/tienda\/#\/schema\/logo\/image\/\"},\"sameAs\":[\"https:\/\/www.facebook.com\/compuviper\",\"https:\/\/www.youtube.com\/channel\/UCf73dERp9Y3cfOq7q8BhLjA?view_as=subscriber\"]}]}<\/script>\n<meta property=\"product:brand\" content=\"Ezviz\" \/>\n<meta property=\"product:price:amount\" content=\"1635\" \/>\n<meta property=\"product:price:currency\" content=\"MXN\" \/>\n<meta property=\"og:availability\" content=\"backorder\" \/>\n<meta property=\"product:availability\" content=\"available for order\" \/>\n<meta property=\"product:retailer_item_id\" content=\"CS-SD7\" \/>\n<meta property=\"product:condition\" content=\"new\" \/>\n<!-- \/ Yoast SEO plugin. -->","yoast_head_json":{"title":"[ Ezviz ] &#129351; Cs-sd7 Pantalla Inalmbrica \/ Con Bateria Recargable 4600mah \/ Wi-fi \/ Ideal Para Escritoio O Pared \/ Vista En Vivo De Camaras \/ Compatible Con Videoportero Cs-hp7 Para Ver Camara Y Apertura Remota \/","description":"Compra Cs-sd7 Pantalla Inalmbrica \/ Con Bateria Recargable 4600mah \/ Wi-fi \/ Ideal Para Escritoio O Pared \/ Vista En Vivo De Camaras \/ Compatible Con Videoportero Cs-hp7 Para Ver Camara Y Apertura Remota \/ + Env\u00edo a domicilio + Pago seguro + Garant\u00eda","robots":{"index":"index","follow":"follow","max-snippet":"max-snippet:-1","max-image-preview":"max-image-preview:large","max-video-preview":"max-video-preview:-1"},"canonical":"https:\/\/compuviper.mx\/tienda\/producto\/ezviz-cs-sd7-pantalla-inalmbrica-con-bateria-recargable-4600mah-wi-fi-ideal-para-escritoio-o-pared-vista-en-vivo-de-camaras-compatible-con-videoportero-cs-hp7-para-ver-camara-y-apertura-rem\/","og_locale":"es_MX","og_type":"article","og_title":"[ Ezviz ] &#129351; Cs-sd7 Pantalla Inalmbrica \/ Con Bateria Recargable 4600mah \/ Wi-fi \/ Ideal Para Escritoio O Pared \/ Vista En Vivo De Camaras \/ Compatible Con Videoportero Cs-hp7 Para Ver Camara Y Apertura Remota \/","og_description":"Compra Cs-sd7 Pantalla Inalmbrica \/ Con Bateria Recargable 4600mah \/ Wi-fi \/ Ideal Para Escritoio O Pared \/ Vista En Vivo De Camaras \/ Compatible Con Videoportero Cs-hp7 Para Ver Camara Y Apertura Remota \/ + Env\u00edo a domicilio + Pago seguro + Garant\u00eda","og_url":"https:\/\/compuviper.mx\/tienda\/producto\/ezviz-cs-sd7-pantalla-inalmbrica-con-bateria-recargable-4600mah-wi-fi-ideal-para-escritoio-o-pared-vista-en-vivo-de-camaras-compatible-con-videoportero-cs-hp7-para-ver-camara-y-apertura-rem\/","og_site_name":"Compuviper","article_publisher":"https:\/\/www.facebook.com\/compuviper","og_image":[{"width":200,"height":200,"url":"https:\/\/compuviper.mx\/tienda\/wp-content\/uploads\/2024\/09\/Pantalla-inalmbrica-con-bateria-recargable-4600mah-wi-fi-ideal-para-escritoio-o-pared-vista-en-vivo-de-camaras-ezviz-compatible-con-videoportero-cs-hp7-para-ver-camara-y-apertura-remota.jpg","type":"image\/jpeg"}],"twitter_card":"summary_large_image","twitter_misc":{"Precio":"&#36;1,635 con IVA","Availability":"On backorder"},"schema":{"@context":"https:\/\/schema.org","@graph":[{"@type":"WebPage","@id":"https:\/\/compuviper.mx\/tienda\/producto\/ezviz-cs-sd7-pantalla-inalmbrica-con-bateria-recargable-4600mah-wi-fi-ideal-para-escritoio-o-pared-vista-en-vivo-de-camaras-compatible-con-videoportero-cs-hp7-para-ver-camara-y-apertura-rem\/","url":"https:\/\/compuviper.mx\/tienda\/producto\/ezviz-cs-sd7-pantalla-inalmbrica-con-bateria-recargable-4600mah-wi-fi-ideal-para-escritoio-o-pared-vista-en-vivo-de-camaras-compatible-con-videoportero-cs-hp7-para-ver-camara-y-apertura-rem\/","name":"[ Ezviz ] &#129351; Cs-sd7 Pantalla Inalmbrica \/ Con Bateria Recargable 4600mah \/ Wi-fi \/ Ideal Para Escritoio O Pared \/ Vista En Vivo De Camaras \/ Compatible Con Videoportero Cs-hp7 Para Ver Camara Y Apertura Remota \/","isPartOf":{"@id":"https:\/\/compuviper.mx\/tienda\/#website"},"datePublished":"2026-04-11T06:16:23+00:00","dateModified":"2026-04-11T06:16:23+00:00","description":"Compra Cs-sd7 Pantalla Inalmbrica \/ Con Bateria Recargable 4600mah \/ Wi-fi \/ Ideal Para Escritoio O Pared \/ Vista En Vivo De Camaras \/ Compatible Con Videoportero Cs-hp7 Para Ver Camara Y Apertura Remota \/ + Env\u00edo a domicilio + Pago seguro + Garant\u00eda","breadcrumb":{"@id":"https:\/\/compuviper.mx\/tienda\/producto\/ezviz-cs-sd7-pantalla-inalmbrica-con-bateria-recargable-4600mah-wi-fi-ideal-para-escritoio-o-pared-vista-en-vivo-de-camaras-compatible-con-videoportero-cs-hp7-para-ver-camara-y-apertura-rem\/#breadcrumb"},"inLanguage":"es-MX","potentialAction":[{"@type":"ReadAction","target":["https:\/\/compuviper.mx\/tienda\/producto\/ezviz-cs-sd7-pantalla-inalmbrica-con-bateria-recargable-4600mah-wi-fi-ideal-para-escritoio-o-pared-vista-en-vivo-de-camaras-compatible-con-videoportero-cs-hp7-para-ver-camara-y-apertura-rem\/"]}]},{"@type":"BreadcrumbList","@id":"https:\/\/compuviper.mx\/tienda\/producto\/ezviz-cs-sd7-pantalla-inalmbrica-con-bateria-recargable-4600mah-wi-fi-ideal-para-escritoio-o-pared-vista-en-vivo-de-camaras-compatible-con-videoportero-cs-hp7-para-ver-camara-y-apertura-rem\/#breadcrumb","itemListElement":[{"@type":"ListItem","position":1,"name":"Inicio","item":"https:\/\/compuviper.mx\/tienda\/"},{"@type":"ListItem","position":2,"name":"Productos","item":"https:\/\/compuviper.mx\/tienda\/productos\/"},{"@type":"ListItem","position":3,"name":"Camaras","item":"https:\/\/compuviper.mx\/tienda\/categoria-producto\/camaras-2\/"},{"@type":"ListItem","position":4,"name":"Camara Inteligente P\/smart Home","item":"https:\/\/compuviper.mx\/tienda\/categoria-producto\/camaras-2\/camara-inteligente-p-smart-home\/"},{"@type":"ListItem","position":5,"name":"Ezviz Cs-sd7 Pantalla Inalmbrica \/ Con Bateria Recargable 4600mah \/ Wi-fi \/ Ideal Para Escritoio O Pared \/ Vista En Vivo De Camaras \/ Compatible Con Videoportero Cs-hp7 Para Ver Camara Y Apertura Remota \/"}]},{"@type":"WebSite","@id":"https:\/\/compuviper.mx\/tienda\/#website","url":"https:\/\/compuviper.mx\/tienda\/","name":"Compuviper","description":"Proveedor de Computadoras, Laptops, Servidores, Monitores, Puntos de Venta, Teclados,   Impresoras, T\u00f3ner, C\u00e1maras de Seguridad y m\u00e1s en tu tienda en l\u00ednea","publisher":{"@id":"https:\/\/compuviper.mx\/tienda\/#organization"},"potentialAction":[{"@type":"SearchAction","target":{"@type":"EntryPoint","urlTemplate":"https:\/\/compuviper.mx\/tienda\/?s={search_term_string}"},"query-input":"required name=search_term_string"}],"inLanguage":"es-MX"},{"@type":"Organization","@id":"https:\/\/compuviper.mx\/tienda\/#organization","name":"Compuviper","url":"https:\/\/compuviper.mx\/tienda\/","logo":{"@type":"ImageObject","inLanguage":"es-MX","@id":"https:\/\/compuviper.mx\/tienda\/#\/schema\/logo\/image\/","url":"https:\/\/compuviper.mx\/tienda\/wp-content\/uploads\/2021\/08\/Logo-Compuviper-10.png","contentUrl":"https:\/\/compuviper.mx\/tienda\/wp-content\/uploads\/2021\/08\/Logo-Compuviper-10.png","width":1000,"height":500,"caption":"Compuviper"},"image":{"@id":"https:\/\/compuviper.mx\/tienda\/#\/schema\/logo\/image\/"},"sameAs":["https:\/\/www.facebook.com\/compuviper","https:\/\/www.youtube.com\/channel\/UCf73dERp9Y3cfOq7q8BhLjA?view_as=subscriber"]}]},"product_brand":"Ezviz","product_price_amount":"1635","product_price_currency":"MXN","og_availability":"backorder","product_availability":"available for order","product_retailer_item_id":"CS-SD7","product_condition":"new"},"_links":{"self":[{"href":"https:\/\/compuviper.mx\/tienda\/wp-json\/wp\/v2\/product\/240269"}],"collection":[{"href":"https:\/\/compuviper.mx\/tienda\/wp-json\/wp\/v2\/product"}],"about":[{"href":"https:\/\/compuviper.mx\/tienda\/wp-json\/wp\/v2\/types\/product"}],"replies":[{"embeddable":true,"href":"https:\/\/compuviper.mx\/tienda\/wp-json\/wp\/v2\/comments?post=240269"}],"wp:featuredmedia":[{"embeddable":true,"href":"https:\/\/compuviper.mx\/tienda\/wp-json\/wp\/v2\/media\/242524"}],"wp:attachment":[{"href":"https:\/\/compuviper.mx\/tienda\/wp-json\/wp\/v2\/media?parent=240269"}],"wp:term":[{"taxonomy":"product_cat","embeddable":true,"href":"https:\/\/compuviper.mx\/tienda\/wp-json\/wp\/v2\/product_cat?post=240269"},{"taxonomy":"product_tag","embeddable":true,"href":"https:\/\/compuviper.mx\/tienda\/wp-json\/wp\/v2\/product_tag?post=240269"}],"curies":[{"name":"wp","href":"https:\/\/api.w.org\/{rel}","templated":true}]}}