{"id":240256,"date":"2026-04-06T23:27:48","date_gmt":"2026-04-07T05:27:48","guid":{"rendered":"https:\/\/compuviper.mx\/tienda\/producto\/intellinet-561211-poe-extensor-25w-max-hasta-100m5\/"},"modified":"2026-04-06T23:27:48","modified_gmt":"2026-04-07T05:27:48","slug":"intellinet-561211-poe-extensor-25w-max-hasta-100m5","status":"publish","type":"product","link":"https:\/\/compuviper.mx\/tienda\/producto\/intellinet-561211-poe-extensor-25w-max-hasta-100m5\/","title":{"rendered":"Intellinet 561211 Poe Extensor\/ \/\/25w Max Hasta 100m5"},"content":{"rendered":"<table class=\"descripcion\">\n<tr>\n<td>Est\u00e1ndares<\/td>\n<\/tr>\n<tr>\n<td>Ieee 802.3af (poe)<\/td>\n<\/tr>\n<tr>\n<td>Ieee 802.3at (poe+ power over ethernet de alta potencia)<\/td>\n<\/tr>\n<tr>\n<td>Ieee 802.3 (10base-t ethernet)<\/td>\n<\/tr>\n<tr>\n<td>Ieee 802.3ab (gigabit ethernet)<\/td>\n<\/tr>\n<tr>\n<td>Ieee 802.3u (100base-tx fast ethernet)<\/td>\n<\/tr>\n<tr>\n<td>General<\/td>\n<\/tr>\n<tr>\n<td>Puertos:<\/td>\n<\/tr>\n<tr>\n<td>&#8211; 1 puerto rj45 10\/100\/1000 mbps puerto de entrada para 48 v ieee 802.3af\/at-se\u00f1al de compilaci\u00f3n<\/td>\n<\/tr>\n<tr>\n<td>&#8211; 1 puerto rj45 10\/100\/1000 mbps poe puerto de salida<\/td>\n<\/tr>\n<tr>\n<td>Certificaciones: fcc clase b, marca ce<\/td>\n<\/tr>\n<tr>\n<td>Alimentaci\u00f3n<\/td>\n<\/tr>\n<tr>\n<td>Max pd potencia de salida: 25 w max<\/td>\n<\/tr>\n<tr>\n<td>Max consumo de energ\u00eda: 4 w<\/td>\n<\/tr>\n<tr>\n<td>Potencia de entrada: ieee 802.3af \/ at compatible pse<\/td>\n<\/tr>\n<tr>\n<td>Entrada de poe<\/td>\n<\/tr>\n<tr>\n<td>&#8211; alternativa a ieee (pares 1\/2 y 3\/6)<\/td>\n<\/tr>\n<tr>\n<td>&#8211; alternativa b ieee (pares 4\/5 y 7\/8)<\/td>\n<\/tr>\n<tr>\n<td>Salida poe<\/td>\n<\/tr>\n<tr>\n<td>&#8211; alternativa a ieee (pares 1\/2 y 3\/6)<\/td>\n<\/tr>\n<tr>\n<td>Dise\u00f1o<\/td>\n<\/tr>\n<tr>\n<td>Chasis de metal: ip65<\/td>\n<\/tr>\n<tr>\n<td>Dimensiones: 102.8 (largo) x 31 (ancho) x 20 (alto) [mm]\/ 4.05 (largo) x 1.22 (ancho) x 0.79 (alto) pulgadas<\/td>\n<\/tr>\n<tr>\n<td>Peso: 0.13 kg<\/td>\n<\/tr>\n<tr>\n<td>Temperatura de operaci\u00f3n: -40 &#8211; 75\u00b0c (-40 &#8211; 167\u00b0f)<\/td>\n<\/tr>\n<tr>\n<td>Contenido del paquete<\/td>\n<\/tr>\n<tr>\n<td>Extensor\/repetidor de un puerto poe+ de alta potencia para exteriores<\/td>\n<\/tr>\n<tr>\n<td>Instrucciones<\/td>\n<\/tr>\n<\/table>\n","protected":false},"excerpt":{"rendered":"<p>Extiende una conexi\u00f3n poe existente mas all\u00e1 del l\u00edmite de los 100 m (328 pies. Ahorra tiempo y dinero al enviar datos y energ\u00eda sobre el mismo cable de red. Cubre distancias m\u00e1s largas colocando multiples extensores poe (modelo 561211) en cascada. Encadenable hasta 5 extensores poe para una distancia de hasta 500 m (1640 pies. Soporta tasas de datos de 10\/100\/1000 mbps y brinda hasta 25w a un dispositivo poe conectado. El reconocimiento poe se asegura de que la energ\u00eda s\u00f3lo sea enviada a dispositivos compatibles con ieee 802.3af\/at, los dispositivos no compatibles con poe s\u00f3lo recibir\u00e1n datos. No requiere energ\u00eda adicional; toma la energ\u00eda directamente desde la entrada poe. Compatible con inyectores y switches poe que cumplan con ieee 802.3at\/af. Compatible con dispositivos alimentados por poe y que cumplan con ieee 802.3at\/af. Dise\u00f1o sin ventiladores, ideal para una operaci\u00f3n silenciosa. Gabinete compacto de aluminio. Clasificaci\u00f3n ip65 &#8211; resistente al agua y polvo. Orificios para montaje en muros<\/p>\n","protected":false},"featured_media":242034,"comment_status":"open","ping_status":"open","template":"","meta":[],"product_cat":[1485,1506],"product_tag":[1489],"acf":[],"yoast_head":"<!-- This site is optimized with the Yoast SEO plugin v21.7 - https:\/\/yoast.com\/wordpress\/plugins\/seo\/ -->\n<title>[ Intellinet ] &#129351; 561211 Poe Extensor\/ \/\/25w Max Hasta 100m5<\/title>\n<meta name=\"description\" content=\"Compra 561211 Poe Extensor\/ \/\/25w Max Hasta 100m5 + Env\u00edo a domicilio + Pago seguro + Garant\u00eda\" \/>\n<meta name=\"robots\" content=\"index, follow, max-snippet:-1, max-image-preview:large, max-video-preview:-1\" \/>\n<link rel=\"canonical\" href=\"https:\/\/compuviper.mx\/tienda\/producto\/intellinet-561211-poe-extensor-25w-max-hasta-100m5\/\" \/>\n<meta property=\"og:locale\" content=\"es_MX\" \/>\n<meta property=\"og:type\" content=\"article\" \/>\n<meta property=\"og:title\" content=\"[ Intellinet ] &#129351; 561211 Poe Extensor\/ \/\/25w Max Hasta 100m5\" \/>\n<meta property=\"og:description\" content=\"Compra 561211 Poe Extensor\/ \/\/25w Max Hasta 100m5 + Env\u00edo a domicilio + Pago seguro + Garant\u00eda\" \/>\n<meta property=\"og:url\" content=\"https:\/\/compuviper.mx\/tienda\/producto\/intellinet-561211-poe-extensor-25w-max-hasta-100m5\/\" \/>\n<meta property=\"og:site_name\" content=\"Compuviper\" \/>\n<meta property=\"article:publisher\" content=\"https:\/\/www.facebook.com\/compuviper\" \/>\n<meta property=\"og:image\" content=\"https:\/\/compuviper.mx\/tienda\/wp-content\/uploads\/2024\/09\/Poe-extensor-intellinet56121125w-max-hasta-100m5.jpg\" \/>\n\t<meta property=\"og:image:width\" content=\"200\" \/>\n\t<meta property=\"og:image:height\" content=\"200\" \/>\n\t<meta property=\"og:image:type\" content=\"image\/jpeg\" \/>\n<meta name=\"twitter:card\" content=\"summary_large_image\" \/>\n<meta name=\"twitter:label1\" content=\"Precio\" \/>\n\t<meta name=\"twitter:data1\" content=\"&#36;1,975 con IVA\" \/>\n\t<meta name=\"twitter:label2\" content=\"Availability\" \/>\n\t<meta name=\"twitter:data2\" content=\"Out of stock\" \/>\n<script type=\"application\/ld+json\" class=\"yoast-schema-graph\">{\"@context\":\"https:\/\/schema.org\",\"@graph\":[{\"@type\":\"WebPage\",\"@id\":\"https:\/\/compuviper.mx\/tienda\/producto\/intellinet-561211-poe-extensor-25w-max-hasta-100m5\/\",\"url\":\"https:\/\/compuviper.mx\/tienda\/producto\/intellinet-561211-poe-extensor-25w-max-hasta-100m5\/\",\"name\":\"[ Intellinet ] &#129351; 561211 Poe Extensor\/ \/\/25w Max Hasta 100m5\",\"isPartOf\":{\"@id\":\"https:\/\/compuviper.mx\/tienda\/#website\"},\"datePublished\":\"2026-04-07T05:27:48+00:00\",\"dateModified\":\"2026-04-07T05:27:48+00:00\",\"description\":\"Compra 561211 Poe Extensor\/ \/\/25w Max Hasta 100m5 + Env\u00edo a domicilio + Pago seguro + Garant\u00eda\",\"breadcrumb\":{\"@id\":\"https:\/\/compuviper.mx\/tienda\/producto\/intellinet-561211-poe-extensor-25w-max-hasta-100m5\/#breadcrumb\"},\"inLanguage\":\"es-MX\",\"potentialAction\":[{\"@type\":\"ReadAction\",\"target\":[\"https:\/\/compuviper.mx\/tienda\/producto\/intellinet-561211-poe-extensor-25w-max-hasta-100m5\/\"]}]},{\"@type\":\"BreadcrumbList\",\"@id\":\"https:\/\/compuviper.mx\/tienda\/producto\/intellinet-561211-poe-extensor-25w-max-hasta-100m5\/#breadcrumb\",\"itemListElement\":[{\"@type\":\"ListItem\",\"position\":1,\"name\":\"Inicio\",\"item\":\"https:\/\/compuviper.mx\/tienda\/\"},{\"@type\":\"ListItem\",\"position\":2,\"name\":\"Productos\",\"item\":\"https:\/\/compuviper.mx\/tienda\/productos\/\"},{\"@type\":\"ListItem\",\"position\":3,\"name\":\"Accesorios\",\"item\":\"https:\/\/compuviper.mx\/tienda\/categoria-producto\/accesorios\/\"},{\"@type\":\"ListItem\",\"position\":4,\"name\":\"Conectividad\",\"item\":\"https:\/\/compuviper.mx\/tienda\/categoria-producto\/accesorios\/conectividad\/\"},{\"@type\":\"ListItem\",\"position\":5,\"name\":\"Intellinet 561211 Poe Extensor\/ \/\/25w Max Hasta 100m5\"}]},{\"@type\":\"WebSite\",\"@id\":\"https:\/\/compuviper.mx\/tienda\/#website\",\"url\":\"https:\/\/compuviper.mx\/tienda\/\",\"name\":\"Compuviper\",\"description\":\"Proveedor de Computadoras, Laptops, Servidores, Monitores, Puntos de Venta, Teclados,   Impresoras, T\u00f3ner, C\u00e1maras de Seguridad y m\u00e1s en tu tienda en l\u00ednea\",\"publisher\":{\"@id\":\"https:\/\/compuviper.mx\/tienda\/#organization\"},\"potentialAction\":[{\"@type\":\"SearchAction\",\"target\":{\"@type\":\"EntryPoint\",\"urlTemplate\":\"https:\/\/compuviper.mx\/tienda\/?s={search_term_string}\"},\"query-input\":\"required name=search_term_string\"}],\"inLanguage\":\"es-MX\"},{\"@type\":\"Organization\",\"@id\":\"https:\/\/compuviper.mx\/tienda\/#organization\",\"name\":\"Compuviper\",\"url\":\"https:\/\/compuviper.mx\/tienda\/\",\"logo\":{\"@type\":\"ImageObject\",\"inLanguage\":\"es-MX\",\"@id\":\"https:\/\/compuviper.mx\/tienda\/#\/schema\/logo\/image\/\",\"url\":\"https:\/\/compuviper.mx\/tienda\/wp-content\/uploads\/2021\/08\/Logo-Compuviper-10.png\",\"contentUrl\":\"https:\/\/compuviper.mx\/tienda\/wp-content\/uploads\/2021\/08\/Logo-Compuviper-10.png\",\"width\":1000,\"height\":500,\"caption\":\"Compuviper\"},\"image\":{\"@id\":\"https:\/\/compuviper.mx\/tienda\/#\/schema\/logo\/image\/\"},\"sameAs\":[\"https:\/\/www.facebook.com\/compuviper\",\"https:\/\/www.youtube.com\/channel\/UCf73dERp9Y3cfOq7q8BhLjA?view_as=subscriber\"]}]}<\/script>\n<meta property=\"product:brand\" content=\"INTELLINET\" \/>\n<meta property=\"product:price:amount\" content=\"1975\" \/>\n<meta property=\"product:price:currency\" content=\"MXN\" \/>\n<meta property=\"og:availability\" content=\"out of stock\" \/>\n<meta property=\"product:availability\" content=\"out of stock\" \/>\n<meta property=\"product:retailer_item_id\" content=\"561211\" \/>\n<meta property=\"product:condition\" content=\"new\" \/>\n<!-- \/ Yoast SEO plugin. -->","yoast_head_json":{"title":"[ Intellinet ] &#129351; 561211 Poe Extensor\/ \/\/25w Max Hasta 100m5","description":"Compra 561211 Poe Extensor\/ \/\/25w Max Hasta 100m5 + Env\u00edo a domicilio + Pago seguro + Garant\u00eda","robots":{"index":"index","follow":"follow","max-snippet":"max-snippet:-1","max-image-preview":"max-image-preview:large","max-video-preview":"max-video-preview:-1"},"canonical":"https:\/\/compuviper.mx\/tienda\/producto\/intellinet-561211-poe-extensor-25w-max-hasta-100m5\/","og_locale":"es_MX","og_type":"article","og_title":"[ Intellinet ] &#129351; 561211 Poe Extensor\/ \/\/25w Max Hasta 100m5","og_description":"Compra 561211 Poe Extensor\/ \/\/25w Max Hasta 100m5 + Env\u00edo a domicilio + Pago seguro + Garant\u00eda","og_url":"https:\/\/compuviper.mx\/tienda\/producto\/intellinet-561211-poe-extensor-25w-max-hasta-100m5\/","og_site_name":"Compuviper","article_publisher":"https:\/\/www.facebook.com\/compuviper","og_image":[{"width":200,"height":200,"url":"https:\/\/compuviper.mx\/tienda\/wp-content\/uploads\/2024\/09\/Poe-extensor-intellinet56121125w-max-hasta-100m5.jpg","type":"image\/jpeg"}],"twitter_card":"summary_large_image","twitter_misc":{"Precio":"&#36;1,975 con IVA","Availability":"Out of stock"},"schema":{"@context":"https:\/\/schema.org","@graph":[{"@type":"WebPage","@id":"https:\/\/compuviper.mx\/tienda\/producto\/intellinet-561211-poe-extensor-25w-max-hasta-100m5\/","url":"https:\/\/compuviper.mx\/tienda\/producto\/intellinet-561211-poe-extensor-25w-max-hasta-100m5\/","name":"[ Intellinet ] &#129351; 561211 Poe Extensor\/ \/\/25w Max Hasta 100m5","isPartOf":{"@id":"https:\/\/compuviper.mx\/tienda\/#website"},"datePublished":"2026-04-07T05:27:48+00:00","dateModified":"2026-04-07T05:27:48+00:00","description":"Compra 561211 Poe Extensor\/ \/\/25w Max Hasta 100m5 + Env\u00edo a domicilio + Pago seguro + Garant\u00eda","breadcrumb":{"@id":"https:\/\/compuviper.mx\/tienda\/producto\/intellinet-561211-poe-extensor-25w-max-hasta-100m5\/#breadcrumb"},"inLanguage":"es-MX","potentialAction":[{"@type":"ReadAction","target":["https:\/\/compuviper.mx\/tienda\/producto\/intellinet-561211-poe-extensor-25w-max-hasta-100m5\/"]}]},{"@type":"BreadcrumbList","@id":"https:\/\/compuviper.mx\/tienda\/producto\/intellinet-561211-poe-extensor-25w-max-hasta-100m5\/#breadcrumb","itemListElement":[{"@type":"ListItem","position":1,"name":"Inicio","item":"https:\/\/compuviper.mx\/tienda\/"},{"@type":"ListItem","position":2,"name":"Productos","item":"https:\/\/compuviper.mx\/tienda\/productos\/"},{"@type":"ListItem","position":3,"name":"Accesorios","item":"https:\/\/compuviper.mx\/tienda\/categoria-producto\/accesorios\/"},{"@type":"ListItem","position":4,"name":"Conectividad","item":"https:\/\/compuviper.mx\/tienda\/categoria-producto\/accesorios\/conectividad\/"},{"@type":"ListItem","position":5,"name":"Intellinet 561211 Poe Extensor\/ \/\/25w Max Hasta 100m5"}]},{"@type":"WebSite","@id":"https:\/\/compuviper.mx\/tienda\/#website","url":"https:\/\/compuviper.mx\/tienda\/","name":"Compuviper","description":"Proveedor de Computadoras, Laptops, Servidores, Monitores, Puntos de Venta, Teclados,   Impresoras, T\u00f3ner, C\u00e1maras de Seguridad y m\u00e1s en tu tienda en l\u00ednea","publisher":{"@id":"https:\/\/compuviper.mx\/tienda\/#organization"},"potentialAction":[{"@type":"SearchAction","target":{"@type":"EntryPoint","urlTemplate":"https:\/\/compuviper.mx\/tienda\/?s={search_term_string}"},"query-input":"required name=search_term_string"}],"inLanguage":"es-MX"},{"@type":"Organization","@id":"https:\/\/compuviper.mx\/tienda\/#organization","name":"Compuviper","url":"https:\/\/compuviper.mx\/tienda\/","logo":{"@type":"ImageObject","inLanguage":"es-MX","@id":"https:\/\/compuviper.mx\/tienda\/#\/schema\/logo\/image\/","url":"https:\/\/compuviper.mx\/tienda\/wp-content\/uploads\/2021\/08\/Logo-Compuviper-10.png","contentUrl":"https:\/\/compuviper.mx\/tienda\/wp-content\/uploads\/2021\/08\/Logo-Compuviper-10.png","width":1000,"height":500,"caption":"Compuviper"},"image":{"@id":"https:\/\/compuviper.mx\/tienda\/#\/schema\/logo\/image\/"},"sameAs":["https:\/\/www.facebook.com\/compuviper","https:\/\/www.youtube.com\/channel\/UCf73dERp9Y3cfOq7q8BhLjA?view_as=subscriber"]}]},"product_brand":"INTELLINET","product_price_amount":"1975","product_price_currency":"MXN","og_availability":"out of stock","product_availability":"out of stock","product_retailer_item_id":"561211","product_condition":"new"},"_links":{"self":[{"href":"https:\/\/compuviper.mx\/tienda\/wp-json\/wp\/v2\/product\/240256"}],"collection":[{"href":"https:\/\/compuviper.mx\/tienda\/wp-json\/wp\/v2\/product"}],"about":[{"href":"https:\/\/compuviper.mx\/tienda\/wp-json\/wp\/v2\/types\/product"}],"replies":[{"embeddable":true,"href":"https:\/\/compuviper.mx\/tienda\/wp-json\/wp\/v2\/comments?post=240256"}],"wp:featuredmedia":[{"embeddable":true,"href":"https:\/\/compuviper.mx\/tienda\/wp-json\/wp\/v2\/media\/242034"}],"wp:attachment":[{"href":"https:\/\/compuviper.mx\/tienda\/wp-json\/wp\/v2\/media?parent=240256"}],"wp:term":[{"taxonomy":"product_cat","embeddable":true,"href":"https:\/\/compuviper.mx\/tienda\/wp-json\/wp\/v2\/product_cat?post=240256"},{"taxonomy":"product_tag","embeddable":true,"href":"https:\/\/compuviper.mx\/tienda\/wp-json\/wp\/v2\/product_tag?post=240256"}],"curies":[{"name":"wp","href":"https:\/\/api.w.org\/{rel}","templated":true}]}}