{"id":240232,"date":"2026-04-23T00:14:44","date_gmt":"2026-04-23T06:14:44","guid":{"rendered":"https:\/\/compuviper.mx\/tienda\/producto\/ezviz-cs-h9c-5mp5mp-cmara-wi-fi-de-doble-lente-con-rotacin-horizontal-y-vertical-uso-exterior\/"},"modified":"2026-04-23T00:14:44","modified_gmt":"2026-04-23T06:14:44","slug":"ezviz-cs-h9c-5mp5mp6941545632414-camara-wi-fi-de-doble-lente-con-rotacion-horizontal-y-vertical-uso-exterior","status":"publish","type":"product","link":"https:\/\/compuviper.mx\/tienda\/producto\/ezviz-cs-h9c-5mp5mp6941545632414-camara-wi-fi-de-doble-lente-con-rotacion-horizontal-y-vertical-uso-exterior\/","title":{"rendered":"Ezviz Cs-h9c (5mp+5mp),6941545632414 Camara  Wi-fi De Doble Lente Con Rotacion Horizontal Y Vertical \/  \/ Uso Exterior"},"content":{"rendered":"<table class=\"descripcion\">\n<tr>\n<td>Especificaciones<\/td>\n<\/tr>\n<tr>\n<td>Modelo cs-h9c-r100-8h33wkfl<\/td>\n<\/tr>\n<tr>\n<td>C\u00e1mara<\/td>\n<\/tr>\n<tr>\n<td>Sensor de imagen cmos de escaneo progresivo de 1\/2,7\u0094<\/td>\n<\/tr>\n<tr>\n<td>Velocidad de obturaci\u00f3n obturador autoadaptativo<\/td>\n<\/tr>\n<tr>\n<td>Lente c\u00e1mara superior: 2.8 mm@ f1.6, \u00e1ngulo de visi\u00f3n: diagonal 130 \u00b0, horizontal 108 \u00b0, vertical 56 \u00b0 c\u00e1mara inferior: 6mm@f1.6, \u00e1ngulo de visi\u00f3n: diagonal 62 \u00b0, horizontal 55 \u00b0, vertical 28 \u00b0<\/td>\n<\/tr>\n<tr>\n<td>\u00e1ngulo pt movimiento panor\u00e1mico: 350\u00b0, inclinaci\u00f3n: 80\u00b0<\/td>\n<\/tr>\n<tr>\n<td>Iluminaci\u00f3n m\u00ednima 0,5 lux a (f1.6, agc on) y 0 lux con infrarrojos (*datos obtenidos en los laboratorios de ezviz)<\/td>\n<\/tr>\n<tr>\n<td>Montura del objetivo m12<\/td>\n<\/tr>\n<tr>\n<td>D\u00eda y noche filtro de paso infrarrojo con cambio autom\u00e1tico<\/td>\n<\/tr>\n<tr>\n<td>Reducci\u00f3n digital del ruido (dnr) reducci\u00f3n digital del ruido 3d<\/td>\n<\/tr>\n<tr>\n<td>Rango din\u00e1mico amplio (wdr) rango din\u00e1mico amplio digital<\/td>\n<\/tr>\n<tr>\n<td>Nocturno en blanco y negro 30 m<\/td>\n<\/tr>\n<tr>\n<td>V\u00eddeo y audio<\/td>\n<\/tr>\n<tr>\n<td>Resoluci\u00f3n m\u00e1xima 2304 x 1296<\/td>\n<\/tr>\n<tr>\n<td>Velocidad de fotogramas m\u00e1x: 15 fps; autoadaptativa durante la transmisi\u00f3n de red<\/td>\n<\/tr>\n<tr>\n<td>Compresi\u00f3n de v\u00eddeo h.265\/h.264<\/td>\n<\/tr>\n<tr>\n<td>Tipo h.265 perfil principal<\/td>\n<\/tr>\n<tr>\n<td>Bitrate de v\u00eddeo quad hd, full hd, hi def, est\u00e1ndar. velocidad de bits adaptativa.<\/td>\n<\/tr>\n<tr>\n<td>Velocidad de bits de audio autoadaptativa<\/td>\n<\/tr>\n<tr>\n<td>Red<\/td>\n<\/tr>\n<tr>\n<td>Est\u00e1ndar wi-fi ieee 802.11b, 802.11g y 802.11n<\/td>\n<\/tr>\n<tr>\n<td>Intervalo de frecuencias 2,4 ghz ~ 2,4835 ghz<\/td>\n<\/tr>\n<tr>\n<td>Ancho de banda del canal compatible con 20 mhz<\/td>\n<\/tr>\n<tr>\n<td>Velocidad de transmisi\u00f3n 11b 11 mbps, 11g 54 mbps, 11n: 150 mbps<\/td>\n<\/tr>\n<tr>\n<td>Vinculaci\u00f3n wifi emparejamiento del punto de acceso<\/td>\n<\/tr>\n<tr>\n<td>Protocolo protocolo del propietario de ezviz cloud<\/td>\n<\/tr>\n<tr>\n<td>Protocolo de interfaz protocolo del propietario de ezviz cloud<\/td>\n<\/tr>\n<tr>\n<td>Red cableada rj45 x 1 (puerto ethernet adaptativo 10m\/100m)<\/td>\n<\/tr>\n<tr>\n<td>Seguridad wpa-psk\/wpa2-psk<\/td>\n<\/tr>\n<tr>\n<td>Funciones<\/td>\n<\/tr>\n<tr>\n<td>Alarma inteligente detecci\u00f3n de forma humana con ia \/ detecci\u00f3n \/ detecci\u00f3n de movimiento de la forma del veh\u00edculo con ia<\/td>\n<\/tr>\n<tr>\n<td>Seguimiento autom\u00e1tico compatible<\/td>\n<\/tr>\n<tr>\n<td>Zona de alerta personalizada compatible<\/td>\n<\/tr>\n<tr>\n<td>Comunicaci\u00f3n bidireccional compatible<\/td>\n<\/tr>\n<tr>\n<td>Ubicaciones predeterminadas compatible<\/td>\n<\/tr>\n<tr>\n<td>Funci\u00f3n general antiparpadeo, transmisi\u00f3n dual, latido, protecci\u00f3n con contrase\u00f1a y marca de agua<\/td>\n<\/tr>\n<tr>\n<td>Almacenamiento<\/td>\n<\/tr>\n<tr>\n<td>Almacenamiento local compatible con tarjetas microsd (de hasta 512 gb)<\/td>\n<\/tr>\n<tr>\n<td>Almacenamiento en la nube ezviz cloudplay storage<\/td>\n<\/tr>\n<tr>\n<td>General<\/td>\n<\/tr>\n<tr>\n<td>Condiciones de funcionamiento de  and #8722;30 \u00b0c a 50 \u00b0c 95 % de humedad o inferior (sin condensaci\u00f3n)<\/td>\n<\/tr>\n<tr>\n<td>Grado ip dise\u00f1o resistente a la intemperie<\/td>\n<\/tr>\n<tr>\n<td>Fuente de alimentaci\u00f3n 12 v cc\/1.5 a<\/td>\n<\/tr>\n<tr>\n<td>Dimensiones 145 \u00d7 116 \u00d7 142 mm<\/td>\n<\/tr>\n<tr>\n<td>Dimensiones del embalaje 150 \u00d7 150 \u00d7 194 mm<\/td>\n<\/tr>\n<tr>\n<td>Peso peso neto: 668 g con el paquete: 960 g<\/td>\n<\/tr>\n<tr>\n<td>Contenido de la caja<\/td>\n<\/tr>\n<tr>\n<td>Contenido de la caja &#8211; c\u00e1mara h9c<\/td>\n<\/tr>\n<tr>\n<td>&#8211; plantilla de perforaci\u00f3n<\/td>\n<\/tr>\n<tr>\n<td>&#8211; juego de tornillos<\/td>\n<\/tr>\n<tr>\n<td>&#8211; kit impermeabilizante<\/td>\n<\/tr>\n<tr>\n<td>&#8211; adaptador de corriente<\/td>\n<\/tr>\n<tr>\n<td>&#8211; documento de informaci\u00f3n normativa<\/td>\n<\/tr>\n<tr>\n<td>&#8211; gu\u00eda de inicio r\u00e1pido<\/td>\n<\/tr>\n<tr>\n<td>Certificados<\/td>\n<\/tr>\n<tr>\n<td>Certificados ce\/weee\/rohs\/reach<\/td>\n<\/tr>\n<\/table>\n","protected":false},"excerpt":{"rendered":"<p>La nueva incorporaci\u00f3n a la aclamada serie pt de ezviz, la h9c 2k de doble lente demuestra el futuro de la automatizaci\u00f3n de la seguridad con m\u00faltiples tecnolog\u00edas \u00fanicas. Sus dos lentes funcionan de forma interactiva para proteger zonas m\u00e1s amplias de una manera m\u00e1s sencilla, logrando resultados comparables a los de un sistema multic\u00e1mara. Alerta de eventos importantes, sigue las actividades en curso y patrulla lugares clave cada cierto tiempo, todo ello de forma autom\u00e1tica. Doble lente. Doble seguridad. Con la exclusiva tecnolog\u00eda de doble lente de ezviz, la h9c proporciona una protecci\u00f3n sin igual que va m\u00e1s all\u00e1 de lo profesional. Utiliza un objetivo gran angular encima de un teleobjetivo con movimiento horizontal y vertical: el d\u00fao funciona de forma independiente o conjunta de una forma mucho m\u00e1s inteligente que una c\u00e1mara normal.<\/p>\n","protected":false},"featured_media":242518,"comment_status":"open","ping_status":"open","template":"","meta":[],"product_cat":[1608,1681],"product_tag":[2123],"acf":[],"yoast_head":"<!-- This site is optimized with the Yoast SEO plugin v21.7 - https:\/\/yoast.com\/wordpress\/plugins\/seo\/ -->\n<title>[ Ezviz ] &#129351; Cs-h9c (5mp+5mp),6941545632414 Camara Wi-fi De Doble Lente Con Rotacion Horizontal Y Vertical \/ \/ Uso Exterior<\/title>\n<meta name=\"description\" content=\"Compra Cs-h9c (5mp+5mp),6941545632414 Camara Wi-fi De Doble Lente Con Rotacion Horizontal Y Vertical \/ \/ Uso Exterior + Env\u00edo a domicilio + Pago seguro + Garant\u00eda\" \/>\n<meta name=\"robots\" content=\"index, follow, max-snippet:-1, max-image-preview:large, max-video-preview:-1\" \/>\n<link rel=\"canonical\" href=\"https:\/\/compuviper.mx\/tienda\/producto\/ezviz-cs-h9c-5mp5mp6941545632414-camara-wi-fi-de-doble-lente-con-rotacion-horizontal-y-vertical-uso-exterior\/\" \/>\n<meta property=\"og:locale\" content=\"es_MX\" \/>\n<meta property=\"og:type\" content=\"article\" \/>\n<meta property=\"og:title\" content=\"[ Ezviz ] &#129351; Cs-h9c (5mp+5mp),6941545632414 Camara Wi-fi De Doble Lente Con Rotacion Horizontal Y Vertical \/ \/ Uso Exterior\" \/>\n<meta property=\"og:description\" content=\"Compra Cs-h9c (5mp+5mp),6941545632414 Camara Wi-fi De Doble Lente Con Rotacion Horizontal Y Vertical \/ \/ Uso Exterior + Env\u00edo a domicilio + Pago seguro + Garant\u00eda\" \/>\n<meta property=\"og:url\" content=\"https:\/\/compuviper.mx\/tienda\/producto\/ezviz-cs-h9c-5mp5mp6941545632414-camara-wi-fi-de-doble-lente-con-rotacion-horizontal-y-vertical-uso-exterior\/\" \/>\n<meta property=\"og:site_name\" content=\"Compuviper\" \/>\n<meta property=\"article:publisher\" content=\"https:\/\/www.facebook.com\/compuviper\" \/>\n<meta property=\"og:image\" content=\"https:\/\/compuviper.mx\/tienda\/wp-content\/uploads\/2024\/09\/Camara-ezviz-wi-fi-de-doble-lente-con-rotacion-horizontal-y-vertical-ezviz-uso-exterior.jpg\" \/>\n\t<meta property=\"og:image:width\" content=\"200\" \/>\n\t<meta property=\"og:image:height\" content=\"200\" \/>\n\t<meta property=\"og:image:type\" content=\"image\/jpeg\" \/>\n<meta name=\"twitter:card\" content=\"summary_large_image\" \/>\n<meta name=\"twitter:label1\" content=\"Precio\" \/>\n\t<meta name=\"twitter:data1\" content=\"&#36;1,283 con IVA\" \/>\n\t<meta name=\"twitter:label2\" content=\"Availability\" \/>\n\t<meta name=\"twitter:data2\" content=\"Out of stock\" \/>\n<script type=\"application\/ld+json\" class=\"yoast-schema-graph\">{\"@context\":\"https:\/\/schema.org\",\"@graph\":[{\"@type\":\"WebPage\",\"@id\":\"https:\/\/compuviper.mx\/tienda\/producto\/ezviz-cs-h9c-5mp5mp6941545632414-camara-wi-fi-de-doble-lente-con-rotacion-horizontal-y-vertical-uso-exterior\/\",\"url\":\"https:\/\/compuviper.mx\/tienda\/producto\/ezviz-cs-h9c-5mp5mp6941545632414-camara-wi-fi-de-doble-lente-con-rotacion-horizontal-y-vertical-uso-exterior\/\",\"name\":\"[ Ezviz ] &#129351; Cs-h9c (5mp+5mp),6941545632414 Camara Wi-fi De Doble Lente Con Rotacion Horizontal Y Vertical \/ \/ Uso Exterior\",\"isPartOf\":{\"@id\":\"https:\/\/compuviper.mx\/tienda\/#website\"},\"datePublished\":\"2026-04-23T06:14:44+00:00\",\"dateModified\":\"2026-04-23T06:14:44+00:00\",\"description\":\"Compra Cs-h9c (5mp+5mp),6941545632414 Camara Wi-fi De Doble Lente Con Rotacion Horizontal Y Vertical \/ \/ Uso Exterior + Env\u00edo a domicilio + Pago seguro + Garant\u00eda\",\"breadcrumb\":{\"@id\":\"https:\/\/compuviper.mx\/tienda\/producto\/ezviz-cs-h9c-5mp5mp6941545632414-camara-wi-fi-de-doble-lente-con-rotacion-horizontal-y-vertical-uso-exterior\/#breadcrumb\"},\"inLanguage\":\"es-MX\",\"potentialAction\":[{\"@type\":\"ReadAction\",\"target\":[\"https:\/\/compuviper.mx\/tienda\/producto\/ezviz-cs-h9c-5mp5mp6941545632414-camara-wi-fi-de-doble-lente-con-rotacion-horizontal-y-vertical-uso-exterior\/\"]}]},{\"@type\":\"BreadcrumbList\",\"@id\":\"https:\/\/compuviper.mx\/tienda\/producto\/ezviz-cs-h9c-5mp5mp6941545632414-camara-wi-fi-de-doble-lente-con-rotacion-horizontal-y-vertical-uso-exterior\/#breadcrumb\",\"itemListElement\":[{\"@type\":\"ListItem\",\"position\":1,\"name\":\"Inicio\",\"item\":\"https:\/\/compuviper.mx\/tienda\/\"},{\"@type\":\"ListItem\",\"position\":2,\"name\":\"Productos\",\"item\":\"https:\/\/compuviper.mx\/tienda\/productos\/\"},{\"@type\":\"ListItem\",\"position\":3,\"name\":\"Camaras\",\"item\":\"https:\/\/compuviper.mx\/tienda\/categoria-producto\/camaras-2\/\"},{\"@type\":\"ListItem\",\"position\":4,\"name\":\"Camara De Videovigilancia\",\"item\":\"https:\/\/compuviper.mx\/tienda\/categoria-producto\/camaras-2\/camara-de-videovigilancia\/\"},{\"@type\":\"ListItem\",\"position\":5,\"name\":\"Ezviz Cs-h9c (5mp+5mp),6941545632414 Camara Wi-fi De Doble Lente Con Rotacion Horizontal Y Vertical \/ \/ Uso Exterior\"}]},{\"@type\":\"WebSite\",\"@id\":\"https:\/\/compuviper.mx\/tienda\/#website\",\"url\":\"https:\/\/compuviper.mx\/tienda\/\",\"name\":\"Compuviper\",\"description\":\"Proveedor de Computadoras, Laptops, Servidores, Monitores, Puntos de Venta, Teclados,   Impresoras, T\u00f3ner, C\u00e1maras de Seguridad y m\u00e1s en tu tienda en l\u00ednea\",\"publisher\":{\"@id\":\"https:\/\/compuviper.mx\/tienda\/#organization\"},\"potentialAction\":[{\"@type\":\"SearchAction\",\"target\":{\"@type\":\"EntryPoint\",\"urlTemplate\":\"https:\/\/compuviper.mx\/tienda\/?s={search_term_string}\"},\"query-input\":\"required name=search_term_string\"}],\"inLanguage\":\"es-MX\"},{\"@type\":\"Organization\",\"@id\":\"https:\/\/compuviper.mx\/tienda\/#organization\",\"name\":\"Compuviper\",\"url\":\"https:\/\/compuviper.mx\/tienda\/\",\"logo\":{\"@type\":\"ImageObject\",\"inLanguage\":\"es-MX\",\"@id\":\"https:\/\/compuviper.mx\/tienda\/#\/schema\/logo\/image\/\",\"url\":\"https:\/\/compuviper.mx\/tienda\/wp-content\/uploads\/2021\/08\/Logo-Compuviper-10.png\",\"contentUrl\":\"https:\/\/compuviper.mx\/tienda\/wp-content\/uploads\/2021\/08\/Logo-Compuviper-10.png\",\"width\":1000,\"height\":500,\"caption\":\"Compuviper\"},\"image\":{\"@id\":\"https:\/\/compuviper.mx\/tienda\/#\/schema\/logo\/image\/\"},\"sameAs\":[\"https:\/\/www.facebook.com\/compuviper\",\"https:\/\/www.youtube.com\/channel\/UCf73dERp9Y3cfOq7q8BhLjA?view_as=subscriber\"]}]}<\/script>\n<meta property=\"product:brand\" content=\"Ezviz\" \/>\n<meta property=\"product:price:amount\" content=\"1283\" \/>\n<meta property=\"product:price:currency\" content=\"MXN\" \/>\n<meta property=\"og:availability\" content=\"out of stock\" \/>\n<meta property=\"product:availability\" content=\"out of stock\" \/>\n<meta property=\"product:retailer_item_id\" content=\"CS-H9C (5MP+5MP),6941545632414\" \/>\n<meta property=\"product:condition\" content=\"new\" \/>\n<!-- \/ Yoast SEO plugin. -->","yoast_head_json":{"title":"[ Ezviz ] &#129351; Cs-h9c (5mp+5mp),6941545632414 Camara Wi-fi De Doble Lente Con Rotacion Horizontal Y Vertical \/ \/ Uso Exterior","description":"Compra Cs-h9c (5mp+5mp),6941545632414 Camara Wi-fi De Doble Lente Con Rotacion Horizontal Y Vertical \/ \/ Uso Exterior + Env\u00edo a domicilio + Pago seguro + Garant\u00eda","robots":{"index":"index","follow":"follow","max-snippet":"max-snippet:-1","max-image-preview":"max-image-preview:large","max-video-preview":"max-video-preview:-1"},"canonical":"https:\/\/compuviper.mx\/tienda\/producto\/ezviz-cs-h9c-5mp5mp6941545632414-camara-wi-fi-de-doble-lente-con-rotacion-horizontal-y-vertical-uso-exterior\/","og_locale":"es_MX","og_type":"article","og_title":"[ Ezviz ] &#129351; Cs-h9c (5mp+5mp),6941545632414 Camara Wi-fi De Doble Lente Con Rotacion Horizontal Y Vertical \/ \/ Uso Exterior","og_description":"Compra Cs-h9c (5mp+5mp),6941545632414 Camara Wi-fi De Doble Lente Con Rotacion Horizontal Y Vertical \/ \/ Uso Exterior + Env\u00edo a domicilio + Pago seguro + Garant\u00eda","og_url":"https:\/\/compuviper.mx\/tienda\/producto\/ezviz-cs-h9c-5mp5mp6941545632414-camara-wi-fi-de-doble-lente-con-rotacion-horizontal-y-vertical-uso-exterior\/","og_site_name":"Compuviper","article_publisher":"https:\/\/www.facebook.com\/compuviper","og_image":[{"width":200,"height":200,"url":"https:\/\/compuviper.mx\/tienda\/wp-content\/uploads\/2024\/09\/Camara-ezviz-wi-fi-de-doble-lente-con-rotacion-horizontal-y-vertical-ezviz-uso-exterior.jpg","type":"image\/jpeg"}],"twitter_card":"summary_large_image","twitter_misc":{"Precio":"&#36;1,283 con IVA","Availability":"Out of stock"},"schema":{"@context":"https:\/\/schema.org","@graph":[{"@type":"WebPage","@id":"https:\/\/compuviper.mx\/tienda\/producto\/ezviz-cs-h9c-5mp5mp6941545632414-camara-wi-fi-de-doble-lente-con-rotacion-horizontal-y-vertical-uso-exterior\/","url":"https:\/\/compuviper.mx\/tienda\/producto\/ezviz-cs-h9c-5mp5mp6941545632414-camara-wi-fi-de-doble-lente-con-rotacion-horizontal-y-vertical-uso-exterior\/","name":"[ Ezviz ] &#129351; Cs-h9c (5mp+5mp),6941545632414 Camara Wi-fi De Doble Lente Con Rotacion Horizontal Y Vertical \/ \/ Uso Exterior","isPartOf":{"@id":"https:\/\/compuviper.mx\/tienda\/#website"},"datePublished":"2026-04-23T06:14:44+00:00","dateModified":"2026-04-23T06:14:44+00:00","description":"Compra Cs-h9c (5mp+5mp),6941545632414 Camara Wi-fi De Doble Lente Con Rotacion Horizontal Y Vertical \/ \/ Uso Exterior + Env\u00edo a domicilio + Pago seguro + Garant\u00eda","breadcrumb":{"@id":"https:\/\/compuviper.mx\/tienda\/producto\/ezviz-cs-h9c-5mp5mp6941545632414-camara-wi-fi-de-doble-lente-con-rotacion-horizontal-y-vertical-uso-exterior\/#breadcrumb"},"inLanguage":"es-MX","potentialAction":[{"@type":"ReadAction","target":["https:\/\/compuviper.mx\/tienda\/producto\/ezviz-cs-h9c-5mp5mp6941545632414-camara-wi-fi-de-doble-lente-con-rotacion-horizontal-y-vertical-uso-exterior\/"]}]},{"@type":"BreadcrumbList","@id":"https:\/\/compuviper.mx\/tienda\/producto\/ezviz-cs-h9c-5mp5mp6941545632414-camara-wi-fi-de-doble-lente-con-rotacion-horizontal-y-vertical-uso-exterior\/#breadcrumb","itemListElement":[{"@type":"ListItem","position":1,"name":"Inicio","item":"https:\/\/compuviper.mx\/tienda\/"},{"@type":"ListItem","position":2,"name":"Productos","item":"https:\/\/compuviper.mx\/tienda\/productos\/"},{"@type":"ListItem","position":3,"name":"Camaras","item":"https:\/\/compuviper.mx\/tienda\/categoria-producto\/camaras-2\/"},{"@type":"ListItem","position":4,"name":"Camara De Videovigilancia","item":"https:\/\/compuviper.mx\/tienda\/categoria-producto\/camaras-2\/camara-de-videovigilancia\/"},{"@type":"ListItem","position":5,"name":"Ezviz Cs-h9c (5mp+5mp),6941545632414 Camara Wi-fi De Doble Lente Con Rotacion Horizontal Y Vertical \/ \/ Uso Exterior"}]},{"@type":"WebSite","@id":"https:\/\/compuviper.mx\/tienda\/#website","url":"https:\/\/compuviper.mx\/tienda\/","name":"Compuviper","description":"Proveedor de Computadoras, Laptops, Servidores, Monitores, Puntos de Venta, Teclados,   Impresoras, T\u00f3ner, C\u00e1maras de Seguridad y m\u00e1s en tu tienda en l\u00ednea","publisher":{"@id":"https:\/\/compuviper.mx\/tienda\/#organization"},"potentialAction":[{"@type":"SearchAction","target":{"@type":"EntryPoint","urlTemplate":"https:\/\/compuviper.mx\/tienda\/?s={search_term_string}"},"query-input":"required name=search_term_string"}],"inLanguage":"es-MX"},{"@type":"Organization","@id":"https:\/\/compuviper.mx\/tienda\/#organization","name":"Compuviper","url":"https:\/\/compuviper.mx\/tienda\/","logo":{"@type":"ImageObject","inLanguage":"es-MX","@id":"https:\/\/compuviper.mx\/tienda\/#\/schema\/logo\/image\/","url":"https:\/\/compuviper.mx\/tienda\/wp-content\/uploads\/2021\/08\/Logo-Compuviper-10.png","contentUrl":"https:\/\/compuviper.mx\/tienda\/wp-content\/uploads\/2021\/08\/Logo-Compuviper-10.png","width":1000,"height":500,"caption":"Compuviper"},"image":{"@id":"https:\/\/compuviper.mx\/tienda\/#\/schema\/logo\/image\/"},"sameAs":["https:\/\/www.facebook.com\/compuviper","https:\/\/www.youtube.com\/channel\/UCf73dERp9Y3cfOq7q8BhLjA?view_as=subscriber"]}]},"product_brand":"Ezviz","product_price_amount":"1283","product_price_currency":"MXN","og_availability":"out of stock","product_availability":"out of stock","product_retailer_item_id":"CS-H9C (5MP+5MP),6941545632414","product_condition":"new"},"_links":{"self":[{"href":"https:\/\/compuviper.mx\/tienda\/wp-json\/wp\/v2\/product\/240232"}],"collection":[{"href":"https:\/\/compuviper.mx\/tienda\/wp-json\/wp\/v2\/product"}],"about":[{"href":"https:\/\/compuviper.mx\/tienda\/wp-json\/wp\/v2\/types\/product"}],"replies":[{"embeddable":true,"href":"https:\/\/compuviper.mx\/tienda\/wp-json\/wp\/v2\/comments?post=240232"}],"wp:featuredmedia":[{"embeddable":true,"href":"https:\/\/compuviper.mx\/tienda\/wp-json\/wp\/v2\/media\/242518"}],"wp:attachment":[{"href":"https:\/\/compuviper.mx\/tienda\/wp-json\/wp\/v2\/media?parent=240232"}],"wp:term":[{"taxonomy":"product_cat","embeddable":true,"href":"https:\/\/compuviper.mx\/tienda\/wp-json\/wp\/v2\/product_cat?post=240232"},{"taxonomy":"product_tag","embeddable":true,"href":"https:\/\/compuviper.mx\/tienda\/wp-json\/wp\/v2\/product_tag?post=240232"}],"curies":[{"name":"wp","href":"https:\/\/api.w.org\/{rel}","templated":true}]}}