{"id":240224,"date":"2026-04-01T23:13:36","date_gmt":"2026-04-02T05:13:36","guid":{"rendered":"https:\/\/compuviper.mx\/tienda\/producto\/startech-com-usb3sdockhd-docking-station-usb-3-0-de-2-monitores-para-laptop-hdmi-y-dvi-vga-hub-6x-usb-a-gbe-audio-replicador-de-puertos-universal-usb-a-win-mac-chromeos\/"},"modified":"2026-04-01T23:13:36","modified_gmt":"2026-04-02T05:13:36","slug":"startech-com-usb3sdockhd-docking-station-usb-3-0-de-2-monitores-para-laptop-hdmi-y-dvi-vga-hub-6x-usb-a-gbe-audio-replicador-de-puertos-universal-usb-a-win-mac-chromeos","status":"publish","type":"product","link":"https:\/\/compuviper.mx\/tienda\/producto\/startech-com-usb3sdockhd-docking-station-usb-3-0-de-2-monitores-para-laptop-hdmi-y-dvi-vga-hub-6x-usb-a-gbe-audio-replicador-de-puertos-universal-usb-a-win-mac-chromeos\/","title":{"rendered":"Startech.com Usb3sdockhd Docking Station Usb 3.0 De 2 Monitores Para Laptop &#8211; Hdmi Y Dvi\/vga &#8211; Hub 6x Usb-a &#8211; Gbe &#8211; Audio &#8211; Replicador De Puertos Universal Usb-a &#8211; Win\/mac\/chromeos"},"content":{"rendered":"<table class=\"descripcion\">\n<tr>\n<td>Esta base usb 3.0 combina un concentrador usb 2.0\/usb 3.0 de 6 puertos, conectores de audio para diadema, y un puerto gigabit ethernet rj45 en una unica docking station.<\/td>\n<\/tr>\n<tr>\n<td>Adaptabilidad de pantalla<\/td>\n<\/tr>\n<tr>\n<td>Ofreciendo combinaciones flexibles de video dual desde el primer momento, esta docking station universal para portatiles cuenta con salida para monitor externo hdmi y dvi que proporciona resoluciones de hasta 1920x1200p, as\u00ed como un adaptador de dvi a vga incluido para una mayor flexibilidad.<\/td>\n<\/tr>\n<tr>\n<td>Hub usb integrado<\/td>\n<\/tr>\n<tr>\n<td>El concentrador usb integrado cuenta con 2 puertos usb 3.0 y 4 puertos usb 2.0 para conectar perifericos adicionales, como discos duros externos o un mouse con cable, como si estuvieran conectados directamente a la laptop.<\/td>\n<\/tr>\n<tr>\n<td>Diseno versatil<\/td>\n<\/tr>\n<tr>\n<td>Con un dise\u00f1o vertical, la base ocupa tan poco espacio en el escritorio como su telefono inteligente, por lo que es perfecta para entornos de hotel o de escritorio caliente.<\/td>\n<\/tr>\n<tr>\n<td>Conectividad ethernet directa<\/td>\n<\/tr>\n<tr>\n<td>El puerto ethernet rj45 integrado admite velocidades de 10\/100\/1000 mbps, lo que le proporciona una conexion instantanea a una red cableada fiable.<\/td>\n<\/tr>\n<\/table>\n","protected":false},"excerpt":{"rendered":"<p>Maximice su productividad con esta docking station usb-a de dos monitores con ethernet gigabit, hub usb y audio<\/p>\n","protected":false},"featured_media":242010,"comment_status":"open","ping_status":"open","template":"","meta":[],"product_cat":[1485,1497],"product_tag":[1590],"acf":[],"yoast_head":"<!-- This site is optimized with the Yoast SEO plugin v21.7 - https:\/\/yoast.com\/wordpress\/plugins\/seo\/ -->\n<title>[ Startech.com ] &#129351; Usb3sdockhd Docking Station Usb 3.0 De 2 Monitores Para Laptop - Hdmi Y Dvi\/vga - Hub 6x Usb-a - Gbe - Audio - Replicador De Puertos Universal Usb-a - Win\/mac\/chromeos<\/title>\n<meta name=\"description\" content=\"Compra Usb3sdockhd Docking Station Usb 3.0 De 2 Monitores Para Laptop - Hdmi Y Dvi\/vga - Hub 6x Usb-a - Gbe - Audio - Replicador De Puertos Universal Usb-a - Win\/mac\/chromeos + Env\u00edo a domicilio + Pago seguro + Garant\u00eda\" \/>\n<meta name=\"robots\" content=\"index, follow, max-snippet:-1, max-image-preview:large, max-video-preview:-1\" \/>\n<link rel=\"canonical\" href=\"https:\/\/compuviper.mx\/tienda\/producto\/startech-com-usb3sdockhd-docking-station-usb-3-0-de-2-monitores-para-laptop-hdmi-y-dvi-vga-hub-6x-usb-a-gbe-audio-replicador-de-puertos-universal-usb-a-win-mac-chromeos\/\" \/>\n<meta property=\"og:locale\" content=\"es_MX\" \/>\n<meta property=\"og:type\" content=\"article\" \/>\n<meta property=\"og:title\" content=\"[ Startech.com ] &#129351; Usb3sdockhd Docking Station Usb 3.0 De 2 Monitores Para Laptop - Hdmi Y Dvi\/vga - Hub 6x Usb-a - Gbe - Audio - Replicador De Puertos Universal Usb-a - Win\/mac\/chromeos\" \/>\n<meta property=\"og:description\" content=\"Compra Usb3sdockhd Docking Station Usb 3.0 De 2 Monitores Para Laptop - Hdmi Y Dvi\/vga - Hub 6x Usb-a - Gbe - Audio - Replicador De Puertos Universal Usb-a - Win\/mac\/chromeos + Env\u00edo a domicilio + Pago seguro + Garant\u00eda\" \/>\n<meta property=\"og:url\" content=\"https:\/\/compuviper.mx\/tienda\/producto\/startech-com-usb3sdockhd-docking-station-usb-3-0-de-2-monitores-para-laptop-hdmi-y-dvi-vga-hub-6x-usb-a-gbe-audio-replicador-de-puertos-universal-usb-a-win-mac-chromeos\/\" \/>\n<meta property=\"og:site_name\" content=\"Compuviper\" \/>\n<meta property=\"article:publisher\" content=\"https:\/\/www.facebook.com\/compuviper\" \/>\n<meta property=\"og:image\" content=\"https:\/\/compuviper.mx\/tienda\/wp-content\/uploads\/2024\/09\/Docking-station-usb-3.0-de-2-monitores-para-laptop-hdmi-y-dvivga-hub-6x-usb-a-gbe-audio-replicador-de-puertos-universal-usb-a-winmacchromeos.jpg\" \/>\n\t<meta property=\"og:image:width\" content=\"200\" \/>\n\t<meta property=\"og:image:height\" content=\"200\" \/>\n\t<meta property=\"og:image:type\" content=\"image\/jpeg\" \/>\n<meta name=\"twitter:card\" content=\"summary_large_image\" \/>\n<meta name=\"twitter:label1\" content=\"Precio\" \/>\n\t<meta name=\"twitter:data1\" content=\"&#36;1,896 con IVA\" \/>\n\t<meta name=\"twitter:label2\" content=\"Availability\" \/>\n\t<meta name=\"twitter:data2\" content=\"Out of stock\" \/>\n<script type=\"application\/ld+json\" class=\"yoast-schema-graph\">{\"@context\":\"https:\/\/schema.org\",\"@graph\":[{\"@type\":\"WebPage\",\"@id\":\"https:\/\/compuviper.mx\/tienda\/producto\/startech-com-usb3sdockhd-docking-station-usb-3-0-de-2-monitores-para-laptop-hdmi-y-dvi-vga-hub-6x-usb-a-gbe-audio-replicador-de-puertos-universal-usb-a-win-mac-chromeos\/\",\"url\":\"https:\/\/compuviper.mx\/tienda\/producto\/startech-com-usb3sdockhd-docking-station-usb-3-0-de-2-monitores-para-laptop-hdmi-y-dvi-vga-hub-6x-usb-a-gbe-audio-replicador-de-puertos-universal-usb-a-win-mac-chromeos\/\",\"name\":\"[ Startech.com ] &#129351; Usb3sdockhd Docking Station Usb 3.0 De 2 Monitores Para Laptop - Hdmi Y Dvi\/vga - Hub 6x Usb-a - Gbe - Audio - Replicador De Puertos Universal Usb-a - Win\/mac\/chromeos\",\"isPartOf\":{\"@id\":\"https:\/\/compuviper.mx\/tienda\/#website\"},\"datePublished\":\"2026-04-02T05:13:36+00:00\",\"dateModified\":\"2026-04-02T05:13:36+00:00\",\"description\":\"Compra Usb3sdockhd Docking Station Usb 3.0 De 2 Monitores Para Laptop - Hdmi Y Dvi\/vga - Hub 6x Usb-a - Gbe - Audio - Replicador De Puertos Universal Usb-a - Win\/mac\/chromeos + Env\u00edo a domicilio + Pago seguro + Garant\u00eda\",\"breadcrumb\":{\"@id\":\"https:\/\/compuviper.mx\/tienda\/producto\/startech-com-usb3sdockhd-docking-station-usb-3-0-de-2-monitores-para-laptop-hdmi-y-dvi-vga-hub-6x-usb-a-gbe-audio-replicador-de-puertos-universal-usb-a-win-mac-chromeos\/#breadcrumb\"},\"inLanguage\":\"es-MX\",\"potentialAction\":[{\"@type\":\"ReadAction\",\"target\":[\"https:\/\/compuviper.mx\/tienda\/producto\/startech-com-usb3sdockhd-docking-station-usb-3-0-de-2-monitores-para-laptop-hdmi-y-dvi-vga-hub-6x-usb-a-gbe-audio-replicador-de-puertos-universal-usb-a-win-mac-chromeos\/\"]}]},{\"@type\":\"BreadcrumbList\",\"@id\":\"https:\/\/compuviper.mx\/tienda\/producto\/startech-com-usb3sdockhd-docking-station-usb-3-0-de-2-monitores-para-laptop-hdmi-y-dvi-vga-hub-6x-usb-a-gbe-audio-replicador-de-puertos-universal-usb-a-win-mac-chromeos\/#breadcrumb\",\"itemListElement\":[{\"@type\":\"ListItem\",\"position\":1,\"name\":\"Inicio\",\"item\":\"https:\/\/compuviper.mx\/tienda\/\"},{\"@type\":\"ListItem\",\"position\":2,\"name\":\"Productos\",\"item\":\"https:\/\/compuviper.mx\/tienda\/productos\/\"},{\"@type\":\"ListItem\",\"position\":3,\"name\":\"Accesorios\",\"item\":\"https:\/\/compuviper.mx\/tienda\/categoria-producto\/accesorios\/\"},{\"@type\":\"ListItem\",\"position\":4,\"name\":\"Hub Usb\",\"item\":\"https:\/\/compuviper.mx\/tienda\/categoria-producto\/accesorios\/hub-usb\/\"},{\"@type\":\"ListItem\",\"position\":5,\"name\":\"Startech.com Usb3sdockhd Docking Station Usb 3.0 De 2 Monitores Para Laptop &#8211; Hdmi Y Dvi\/vga &#8211; Hub 6x Usb-a &#8211; Gbe &#8211; Audio &#8211; Replicador De Puertos Universal Usb-a &#8211; Win\/mac\/chromeos\"}]},{\"@type\":\"WebSite\",\"@id\":\"https:\/\/compuviper.mx\/tienda\/#website\",\"url\":\"https:\/\/compuviper.mx\/tienda\/\",\"name\":\"Compuviper\",\"description\":\"Proveedor de Computadoras, Laptops, Servidores, Monitores, Puntos de Venta, Teclados,   Impresoras, T\u00f3ner, C\u00e1maras de Seguridad y m\u00e1s en tu tienda en l\u00ednea\",\"publisher\":{\"@id\":\"https:\/\/compuviper.mx\/tienda\/#organization\"},\"potentialAction\":[{\"@type\":\"SearchAction\",\"target\":{\"@type\":\"EntryPoint\",\"urlTemplate\":\"https:\/\/compuviper.mx\/tienda\/?s={search_term_string}\"},\"query-input\":\"required name=search_term_string\"}],\"inLanguage\":\"es-MX\"},{\"@type\":\"Organization\",\"@id\":\"https:\/\/compuviper.mx\/tienda\/#organization\",\"name\":\"Compuviper\",\"url\":\"https:\/\/compuviper.mx\/tienda\/\",\"logo\":{\"@type\":\"ImageObject\",\"inLanguage\":\"es-MX\",\"@id\":\"https:\/\/compuviper.mx\/tienda\/#\/schema\/logo\/image\/\",\"url\":\"https:\/\/compuviper.mx\/tienda\/wp-content\/uploads\/2021\/08\/Logo-Compuviper-10.png\",\"contentUrl\":\"https:\/\/compuviper.mx\/tienda\/wp-content\/uploads\/2021\/08\/Logo-Compuviper-10.png\",\"width\":1000,\"height\":500,\"caption\":\"Compuviper\"},\"image\":{\"@id\":\"https:\/\/compuviper.mx\/tienda\/#\/schema\/logo\/image\/\"},\"sameAs\":[\"https:\/\/www.facebook.com\/compuviper\",\"https:\/\/www.youtube.com\/channel\/UCf73dERp9Y3cfOq7q8BhLjA?view_as=subscriber\"]}]}<\/script>\n<meta property=\"product:brand\" content=\"STARTECH.COM\" \/>\n<meta property=\"product:price:amount\" content=\"1896\" \/>\n<meta property=\"product:price:currency\" content=\"MXN\" \/>\n<meta property=\"og:availability\" content=\"out of stock\" \/>\n<meta property=\"product:availability\" content=\"out of stock\" \/>\n<meta property=\"product:retailer_item_id\" content=\"USB3SDOCKHD\" \/>\n<meta property=\"product:condition\" content=\"new\" \/>\n<!-- \/ Yoast SEO plugin. -->","yoast_head_json":{"title":"[ Startech.com ] &#129351; Usb3sdockhd Docking Station Usb 3.0 De 2 Monitores Para Laptop - Hdmi Y Dvi\/vga - Hub 6x Usb-a - Gbe - Audio - Replicador De Puertos Universal Usb-a - Win\/mac\/chromeos","description":"Compra Usb3sdockhd Docking Station Usb 3.0 De 2 Monitores Para Laptop - Hdmi Y Dvi\/vga - Hub 6x Usb-a - Gbe - Audio - Replicador De Puertos Universal Usb-a - Win\/mac\/chromeos + Env\u00edo a domicilio + Pago seguro + Garant\u00eda","robots":{"index":"index","follow":"follow","max-snippet":"max-snippet:-1","max-image-preview":"max-image-preview:large","max-video-preview":"max-video-preview:-1"},"canonical":"https:\/\/compuviper.mx\/tienda\/producto\/startech-com-usb3sdockhd-docking-station-usb-3-0-de-2-monitores-para-laptop-hdmi-y-dvi-vga-hub-6x-usb-a-gbe-audio-replicador-de-puertos-universal-usb-a-win-mac-chromeos\/","og_locale":"es_MX","og_type":"article","og_title":"[ Startech.com ] &#129351; Usb3sdockhd Docking Station Usb 3.0 De 2 Monitores Para Laptop - Hdmi Y Dvi\/vga - Hub 6x Usb-a - Gbe - Audio - Replicador De Puertos Universal Usb-a - Win\/mac\/chromeos","og_description":"Compra Usb3sdockhd Docking Station Usb 3.0 De 2 Monitores Para Laptop - Hdmi Y Dvi\/vga - Hub 6x Usb-a - Gbe - Audio - Replicador De Puertos Universal Usb-a - Win\/mac\/chromeos + Env\u00edo a domicilio + Pago seguro + Garant\u00eda","og_url":"https:\/\/compuviper.mx\/tienda\/producto\/startech-com-usb3sdockhd-docking-station-usb-3-0-de-2-monitores-para-laptop-hdmi-y-dvi-vga-hub-6x-usb-a-gbe-audio-replicador-de-puertos-universal-usb-a-win-mac-chromeos\/","og_site_name":"Compuviper","article_publisher":"https:\/\/www.facebook.com\/compuviper","og_image":[{"width":200,"height":200,"url":"https:\/\/compuviper.mx\/tienda\/wp-content\/uploads\/2024\/09\/Docking-station-usb-3.0-de-2-monitores-para-laptop-hdmi-y-dvivga-hub-6x-usb-a-gbe-audio-replicador-de-puertos-universal-usb-a-winmacchromeos.jpg","type":"image\/jpeg"}],"twitter_card":"summary_large_image","twitter_misc":{"Precio":"&#36;1,896 con IVA","Availability":"Out of stock"},"schema":{"@context":"https:\/\/schema.org","@graph":[{"@type":"WebPage","@id":"https:\/\/compuviper.mx\/tienda\/producto\/startech-com-usb3sdockhd-docking-station-usb-3-0-de-2-monitores-para-laptop-hdmi-y-dvi-vga-hub-6x-usb-a-gbe-audio-replicador-de-puertos-universal-usb-a-win-mac-chromeos\/","url":"https:\/\/compuviper.mx\/tienda\/producto\/startech-com-usb3sdockhd-docking-station-usb-3-0-de-2-monitores-para-laptop-hdmi-y-dvi-vga-hub-6x-usb-a-gbe-audio-replicador-de-puertos-universal-usb-a-win-mac-chromeos\/","name":"[ Startech.com ] &#129351; Usb3sdockhd Docking Station Usb 3.0 De 2 Monitores Para Laptop - Hdmi Y Dvi\/vga - Hub 6x Usb-a - Gbe - Audio - Replicador De Puertos Universal Usb-a - Win\/mac\/chromeos","isPartOf":{"@id":"https:\/\/compuviper.mx\/tienda\/#website"},"datePublished":"2026-04-02T05:13:36+00:00","dateModified":"2026-04-02T05:13:36+00:00","description":"Compra Usb3sdockhd Docking Station Usb 3.0 De 2 Monitores Para Laptop - Hdmi Y Dvi\/vga - Hub 6x Usb-a - Gbe - Audio - Replicador De Puertos Universal Usb-a - Win\/mac\/chromeos + Env\u00edo a domicilio + Pago seguro + Garant\u00eda","breadcrumb":{"@id":"https:\/\/compuviper.mx\/tienda\/producto\/startech-com-usb3sdockhd-docking-station-usb-3-0-de-2-monitores-para-laptop-hdmi-y-dvi-vga-hub-6x-usb-a-gbe-audio-replicador-de-puertos-universal-usb-a-win-mac-chromeos\/#breadcrumb"},"inLanguage":"es-MX","potentialAction":[{"@type":"ReadAction","target":["https:\/\/compuviper.mx\/tienda\/producto\/startech-com-usb3sdockhd-docking-station-usb-3-0-de-2-monitores-para-laptop-hdmi-y-dvi-vga-hub-6x-usb-a-gbe-audio-replicador-de-puertos-universal-usb-a-win-mac-chromeos\/"]}]},{"@type":"BreadcrumbList","@id":"https:\/\/compuviper.mx\/tienda\/producto\/startech-com-usb3sdockhd-docking-station-usb-3-0-de-2-monitores-para-laptop-hdmi-y-dvi-vga-hub-6x-usb-a-gbe-audio-replicador-de-puertos-universal-usb-a-win-mac-chromeos\/#breadcrumb","itemListElement":[{"@type":"ListItem","position":1,"name":"Inicio","item":"https:\/\/compuviper.mx\/tienda\/"},{"@type":"ListItem","position":2,"name":"Productos","item":"https:\/\/compuviper.mx\/tienda\/productos\/"},{"@type":"ListItem","position":3,"name":"Accesorios","item":"https:\/\/compuviper.mx\/tienda\/categoria-producto\/accesorios\/"},{"@type":"ListItem","position":4,"name":"Hub Usb","item":"https:\/\/compuviper.mx\/tienda\/categoria-producto\/accesorios\/hub-usb\/"},{"@type":"ListItem","position":5,"name":"Startech.com Usb3sdockhd Docking Station Usb 3.0 De 2 Monitores Para Laptop &#8211; Hdmi Y Dvi\/vga &#8211; Hub 6x Usb-a &#8211; Gbe &#8211; Audio &#8211; Replicador De Puertos Universal Usb-a &#8211; Win\/mac\/chromeos"}]},{"@type":"WebSite","@id":"https:\/\/compuviper.mx\/tienda\/#website","url":"https:\/\/compuviper.mx\/tienda\/","name":"Compuviper","description":"Proveedor de Computadoras, Laptops, Servidores, Monitores, Puntos de Venta, Teclados,   Impresoras, T\u00f3ner, C\u00e1maras de Seguridad y m\u00e1s en tu tienda en l\u00ednea","publisher":{"@id":"https:\/\/compuviper.mx\/tienda\/#organization"},"potentialAction":[{"@type":"SearchAction","target":{"@type":"EntryPoint","urlTemplate":"https:\/\/compuviper.mx\/tienda\/?s={search_term_string}"},"query-input":"required name=search_term_string"}],"inLanguage":"es-MX"},{"@type":"Organization","@id":"https:\/\/compuviper.mx\/tienda\/#organization","name":"Compuviper","url":"https:\/\/compuviper.mx\/tienda\/","logo":{"@type":"ImageObject","inLanguage":"es-MX","@id":"https:\/\/compuviper.mx\/tienda\/#\/schema\/logo\/image\/","url":"https:\/\/compuviper.mx\/tienda\/wp-content\/uploads\/2021\/08\/Logo-Compuviper-10.png","contentUrl":"https:\/\/compuviper.mx\/tienda\/wp-content\/uploads\/2021\/08\/Logo-Compuviper-10.png","width":1000,"height":500,"caption":"Compuviper"},"image":{"@id":"https:\/\/compuviper.mx\/tienda\/#\/schema\/logo\/image\/"},"sameAs":["https:\/\/www.facebook.com\/compuviper","https:\/\/www.youtube.com\/channel\/UCf73dERp9Y3cfOq7q8BhLjA?view_as=subscriber"]}]},"product_brand":"STARTECH.COM","product_price_amount":"1896","product_price_currency":"MXN","og_availability":"out of stock","product_availability":"out of stock","product_retailer_item_id":"USB3SDOCKHD","product_condition":"new"},"_links":{"self":[{"href":"https:\/\/compuviper.mx\/tienda\/wp-json\/wp\/v2\/product\/240224"}],"collection":[{"href":"https:\/\/compuviper.mx\/tienda\/wp-json\/wp\/v2\/product"}],"about":[{"href":"https:\/\/compuviper.mx\/tienda\/wp-json\/wp\/v2\/types\/product"}],"replies":[{"embeddable":true,"href":"https:\/\/compuviper.mx\/tienda\/wp-json\/wp\/v2\/comments?post=240224"}],"wp:featuredmedia":[{"embeddable":true,"href":"https:\/\/compuviper.mx\/tienda\/wp-json\/wp\/v2\/media\/242010"}],"wp:attachment":[{"href":"https:\/\/compuviper.mx\/tienda\/wp-json\/wp\/v2\/media?parent=240224"}],"wp:term":[{"taxonomy":"product_cat","embeddable":true,"href":"https:\/\/compuviper.mx\/tienda\/wp-json\/wp\/v2\/product_cat?post=240224"},{"taxonomy":"product_tag","embeddable":true,"href":"https:\/\/compuviper.mx\/tienda\/wp-json\/wp\/v2\/product_tag?post=240224"}],"curies":[{"name":"wp","href":"https:\/\/api.w.org\/{rel}","templated":true}]}}