{"id":240202,"date":"2026-04-15T01:11:24","date_gmt":"2026-04-15T07:11:24","guid":{"rendered":"https:\/\/compuviper.mx\/tienda\/producto\/intellinet-561648-poe-extensor-2x30w-gigabit-p-exteriores-ip67\/"},"modified":"2026-04-15T01:11:25","modified_gmt":"2026-04-15T07:11:25","slug":"intellinet-561648-poe-extensor-2x30w-gigabit-p-exteriores-ip67","status":"publish","type":"product","link":"https:\/\/compuviper.mx\/tienda\/producto\/intellinet-561648-poe-extensor-2x30w-gigabit-p-exteriores-ip67\/","title":{"rendered":"Intellinet 561648 Poe Extensor, ,  ,2x30w Gigabit P\/exteriores Ip67"},"content":{"rendered":"<table class=\"descripcion\">\n<tr>\n<td>Est\u00e1ndares<\/td>\n<\/tr>\n<tr>\n<td>Ieee 802.3af (poe)<\/td>\n<\/tr>\n<tr>\n<td>Ieee 802.3at (poe+ power over ethernet de alta potencia)<\/td>\n<\/tr>\n<tr>\n<td>Ieee 802.3bt (ultra poe\/4ppoe power over ethernet)<\/td>\n<\/tr>\n<tr>\n<td>Ieee 802.3i (10base-t ethernet)<\/td>\n<\/tr>\n<tr>\n<td>Ieee 802.3ab (gigabit ethernet)<\/td>\n<\/tr>\n<tr>\n<td>Ieee 802.3x (full duplex and flow control)<\/td>\n<\/tr>\n<tr>\n<td>Ieee 802.3u (100base-tx fast ethernet)<\/td>\n<\/tr>\n<tr>\n<td>General<\/td>\n<\/tr>\n<tr>\n<td>Medios soportados:<\/td>\n<\/tr>\n<tr>\n<td>&#8211; 10base-t cat5e utp\/stp rj45, 8 pin<\/td>\n<\/tr>\n<tr>\n<td>&#8211; 100base-tx cat5e utp\/stp rj45, 8 pin<\/td>\n<\/tr>\n<tr>\n<td>&#8211; 1000base-t cat5e utp\/stp rj45, de 8 pines<\/td>\n<\/tr>\n<tr>\n<td>Puertos:<\/td>\n<\/tr>\n<tr>\n<td>&#8211; un puerto de entrada rj45 10\/100\/1000 mbps<\/td>\n<\/tr>\n<tr>\n<td>&#8211; dos puertos de salida poe rj45 10\/100\/1000 mbps<\/td>\n<\/tr>\n<tr>\n<td>Tabla de direcciones mac: 2048 entradas<\/td>\n<\/tr>\n<tr>\n<td>Memoria del b\u00fafer: 256 kbytes<\/td>\n<\/tr>\n<tr>\n<td>Velocidad del backplane: 6 gbps<\/td>\n<\/tr>\n<tr>\n<td>Arquitectura del switch: almacenaje y env\u00edo<\/td>\n<\/tr>\n<tr>\n<td>Certificaciones: fcc clase a, ce, rohs<\/td>\n<\/tr>\n<tr>\n<td>Pines de salida de poe<\/td>\n<\/tr>\n<tr>\n<td>&#8211; pin 1: dc (+)<\/td>\n<\/tr>\n<tr>\n<td>&#8211; pin 2: dc (+)<\/td>\n<\/tr>\n<tr>\n<td>&#8211; pin 3: dc (-)<\/td>\n<\/tr>\n<tr>\n<td>&#8211; pin 6: dc (-)<\/td>\n<\/tr>\n<tr>\n<td>Alimentaci\u00f3n<\/td>\n<\/tr>\n<tr>\n<td>M\u00e1xima potencia de salida hacia el pd: 30 w por puerto, 48 &#8211; 55 vdc<\/td>\n<\/tr>\n<tr>\n<td>Potencia de entrada: ieee 802.3bt\/at\/af pse, 95 w m\u00e1x., 50 &#8211; 57 vdc<\/td>\n<\/tr>\n<tr>\n<td>Dise\u00f1o<\/td>\n<\/tr>\n<tr>\n<td>Clasificaci\u00f3n de la cei: ip67 (resistente a la intemperie) y ik10 (carcasa met\u00e1lica a prueba de vandalismo)<\/td>\n<\/tr>\n<tr>\n<td>Dimensiones: 150 x 73 x 44 mm (5,12 x 3,39 x 1,14 pulg.)<\/td>\n<\/tr>\n<tr>\n<td>Peso: 353 g (0.78 lbs.)<\/td>\n<\/tr>\n<tr>\n<td>Temperatura de funcionamiento: -20 &#8211; 60\u00b0c (-4 &#8211; 140\u00b0f)<\/td>\n<\/tr>\n<tr>\n<td>Temperatura de almacenamiento: -40 &#8211; 80\u00b0c (-40 &#8211; 176\u00b0f)<\/td>\n<\/tr>\n<tr>\n<td>Humedad de funcionamiento: 10 &#8211; 90% rh, sin condensaci\u00f3n<\/td>\n<\/tr>\n<tr>\n<td>Humedad de almacenamiento: 5 &#8211; 90% rh, sin condensaci\u00f3n<\/td>\n<\/tr>\n<tr>\n<td>Contenido del paquete<\/td>\n<\/tr>\n<tr>\n<td>Extensor para exteriores ultra poe con 2 salidas gigabit ethernet<\/td>\n<\/tr>\n<tr>\n<td>Kit de puesta a tierra<\/td>\n<\/tr>\n<tr>\n<td>Tres conexiones de cable con clasificaci\u00f3n ip67<\/td>\n<\/tr>\n<tr>\n<td>Instructivo<\/td>\n<\/tr>\n<\/table>\n","protected":false},"excerpt":{"rendered":"<p>Este extensor poe duplica el alcance de dos conexiones gigabit power over ethernet &#8211; incluso en condiciones severas del exterior. El extensor gigabit ultra poe de 2 puertos a prueba de vandalismo de intellinet network solutions agrega hasta 100 m (328 pies) a la distancia de conexi\u00f3n de una fuente poe a uno o dos dispositivos de salida a trav\u00e9s de un cable cat5e o cat6. Este extensor poe no necesita una fuente de alimentaci\u00f3n adicional, ya que obtiene su energ\u00eda de un pse. Dise\u00f1ado para uso exterior. Este extensor poe es el conector de energ\u00eda y datos adecuado para una amplia variedad de soluciones. Su clasificaci\u00f3n ip67 (a prueba de agua y polvo), su amplio rango de temperatura de funcionamiento de -20 &#8211; 60\u00b0c (-4 &#8211; 140\u00b0f) y su puntuaci\u00f3n ik10 a prueba de vandalismo hacen que el extensor gigabit ultra poe de 2 puertos sea capaz de soportar condiciones severas. Costes de cableado reducidos. Este ultra poe extender ayuda a evitar el gasto de hacer funcionar las l\u00edneas de alimentaci\u00f3n de ca para un punto de acceso inal\u00e1mbrico, una c\u00e1mara de red, un tel\u00e9fono ip u otro dispositivo compatible con poe. Simplemente conecte el extensor poe al puerto del switch lan a trav\u00e9s de los cables cat5e\/6\/6a existentes para entregar energ\u00eda dc as\u00ed como para transferir datos. Power over ethernet 802.3bt compliant. Este ultra poe extender soporta el protocolo ieee 802.3bt sobre cuatro pares (4ppoe), lo que permite una potencia de entrada de 95 w. Reenv\u00eda los datos a velocidades de gigabit y ofrece hasta 30 w por puerto a un dispositivo conectado que cumpla con ieee 802.3at- o ieee 802.3af. La longitud del cable en ambos extremos puede ser de hasta 100 metros (328 pies), llevando la distancia total entre la fuente poe y el dispositivo a 200 m (656 pies). Simple instalaci\u00f3n. Este extensor poe fue dise\u00f1ado para ser tan f\u00e1cil como sea posible de instalar y usar. Todo lo que se necesita para que funcione es conectar su puerto poe in a su inyector o switch poe y conectar los puertos poe out a los dispositivos poe que desee conectar (por ejemplo, un tel\u00e9fono voip y una c\u00e1mara de red poe). Duplica la distancia m\u00e1xima de conexi\u00f3n entre la fuente poe y el dispositivo de 100 m a 200 m. Conecta y alimenta dos dispositivos poe, como c\u00e1maras de red, puntos de acceso inal\u00e1mbricos o tel\u00e9fonos voip, desde un puerto pse, un inyector poe o un switch poe. Proporciona hasta 60 w a dos dispositivos poe conectados con una potencia por puerto de hasta 30 w. Ip67, a prueba de polvo y a prueba de agua. Clasificado como ik10, a prueba de vandalismo. Soporta velocidades de datos de 10\/100\/1000 mbps. El presupuesto total de energ\u00eda es de 60 watts. Ahorra tiempo y dinero al enviar datos y energ\u00eda sobre el mismo cable de red. No requiere suministro de energ\u00eda adicional, toma la energ\u00eda directamente de la entrada poe. Sensibilidad poe para asegurar que la energ\u00eda s\u00f3lo se env\u00eda a dispositivos compatibles con ieee 802.3at\/af; los dispositivos no poe s\u00f3lo reciben datos. Protecci\u00f3n contra cortocircuito, sobrecarga y alta tensi\u00f3n. Punto de conexi\u00f3n a tierra para proteger el equipo de las sobrecargas el\u00e9ctricas externas. Protecci\u00f3n contra sobrecargas de puerto hasta 6 kv. Compatible con los inyectores y switches poe (pse) que cumplen con la norma ieee 802.3bt\/at\/af. Compatible con dispositivos alimentados por poe y que cumplan con ieee 802.3at\/af. Funciona como un switch gigabit de 3 puertos alimentado por poe con paso de poe. Conmutaci\u00f3n de 6 gbps. Soporta tramas jumbo de hasta 9 kbytes. Soporta 2048 entradas de direcciones mac. Orificios para montaje en muros. Se incluye un kit de puesta a tierra<\/p>\n","protected":false},"featured_media":242890,"comment_status":"open","ping_status":"open","template":"","meta":[],"product_cat":[1563,1755],"product_tag":[1489],"acf":[],"yoast_head":"<!-- This site is optimized with the Yoast SEO plugin v21.7 - https:\/\/yoast.com\/wordpress\/plugins\/seo\/ -->\n<title>[ Intellinet ] &#129351; 561648 Poe Extensor, , ,2x30w Gigabit P\/exteriores Ip67<\/title>\n<meta name=\"description\" content=\"Compra 561648 Poe Extensor, , ,2x30w Gigabit P\/exteriores Ip67 + Env\u00edo a domicilio + Pago seguro + Garant\u00eda\" \/>\n<meta name=\"robots\" content=\"index, follow, max-snippet:-1, max-image-preview:large, max-video-preview:-1\" \/>\n<link rel=\"canonical\" href=\"https:\/\/compuviper.mx\/tienda\/producto\/intellinet-561648-poe-extensor-2x30w-gigabit-p-exteriores-ip67\/\" \/>\n<meta property=\"og:locale\" content=\"es_MX\" \/>\n<meta property=\"og:type\" content=\"article\" \/>\n<meta property=\"og:title\" content=\"[ Intellinet ] &#129351; 561648 Poe Extensor, , ,2x30w Gigabit P\/exteriores Ip67\" \/>\n<meta property=\"og:description\" content=\"Compra 561648 Poe Extensor, , ,2x30w Gigabit P\/exteriores Ip67 + Env\u00edo a domicilio + Pago seguro + Garant\u00eda\" \/>\n<meta property=\"og:url\" content=\"https:\/\/compuviper.mx\/tienda\/producto\/intellinet-561648-poe-extensor-2x30w-gigabit-p-exteriores-ip67\/\" \/>\n<meta property=\"og:site_name\" content=\"Compuviper\" \/>\n<meta property=\"article:publisher\" content=\"https:\/\/www.facebook.com\/compuviper\" \/>\n<meta property=\"article:modified_time\" content=\"2026-04-15T07:11:25+00:00\" \/>\n<meta property=\"og:image\" content=\"https:\/\/compuviper.mx\/tienda\/wp-content\/uploads\/2024\/09\/Poe-extensor-intellinet-561648-2x30w-gigabit-pexteriores-ip67.jpg\" \/>\n\t<meta property=\"og:image:width\" content=\"200\" \/>\n\t<meta property=\"og:image:height\" content=\"200\" \/>\n\t<meta property=\"og:image:type\" content=\"image\/jpeg\" \/>\n<meta name=\"twitter:card\" content=\"summary_large_image\" \/>\n<meta name=\"twitter:label1\" content=\"Precio\" \/>\n\t<meta name=\"twitter:data1\" content=\"&#36;2,255 con IVA\" \/>\n\t<meta name=\"twitter:label2\" content=\"Availability\" \/>\n\t<meta name=\"twitter:data2\" content=\"On backorder\" \/>\n<script type=\"application\/ld+json\" class=\"yoast-schema-graph\">{\"@context\":\"https:\/\/schema.org\",\"@graph\":[{\"@type\":\"WebPage\",\"@id\":\"https:\/\/compuviper.mx\/tienda\/producto\/intellinet-561648-poe-extensor-2x30w-gigabit-p-exteriores-ip67\/\",\"url\":\"https:\/\/compuviper.mx\/tienda\/producto\/intellinet-561648-poe-extensor-2x30w-gigabit-p-exteriores-ip67\/\",\"name\":\"[ Intellinet ] &#129351; 561648 Poe Extensor, , ,2x30w Gigabit P\/exteriores Ip67\",\"isPartOf\":{\"@id\":\"https:\/\/compuviper.mx\/tienda\/#website\"},\"datePublished\":\"2026-04-15T07:11:24+00:00\",\"dateModified\":\"2026-04-15T07:11:25+00:00\",\"description\":\"Compra 561648 Poe Extensor, , ,2x30w Gigabit P\/exteriores Ip67 + Env\u00edo a domicilio + Pago seguro + Garant\u00eda\",\"breadcrumb\":{\"@id\":\"https:\/\/compuviper.mx\/tienda\/producto\/intellinet-561648-poe-extensor-2x30w-gigabit-p-exteriores-ip67\/#breadcrumb\"},\"inLanguage\":\"es-MX\",\"potentialAction\":[{\"@type\":\"ReadAction\",\"target\":[\"https:\/\/compuviper.mx\/tienda\/producto\/intellinet-561648-poe-extensor-2x30w-gigabit-p-exteriores-ip67\/\"]}]},{\"@type\":\"BreadcrumbList\",\"@id\":\"https:\/\/compuviper.mx\/tienda\/producto\/intellinet-561648-poe-extensor-2x30w-gigabit-p-exteriores-ip67\/#breadcrumb\",\"itemListElement\":[{\"@type\":\"ListItem\",\"position\":1,\"name\":\"Inicio\",\"item\":\"https:\/\/compuviper.mx\/tienda\/\"},{\"@type\":\"ListItem\",\"position\":2,\"name\":\"Productos\",\"item\":\"https:\/\/compuviper.mx\/tienda\/productos\/\"},{\"@type\":\"ListItem\",\"position\":3,\"name\":\"Redes\",\"item\":\"https:\/\/compuviper.mx\/tienda\/categoria-producto\/redes\/\"},{\"@type\":\"ListItem\",\"position\":4,\"name\":\"Repetidor Wireless\",\"item\":\"https:\/\/compuviper.mx\/tienda\/categoria-producto\/redes\/repetidor-wireless\/\"},{\"@type\":\"ListItem\",\"position\":5,\"name\":\"Intellinet 561648 Poe Extensor, , ,2x30w Gigabit P\/exteriores Ip67\"}]},{\"@type\":\"WebSite\",\"@id\":\"https:\/\/compuviper.mx\/tienda\/#website\",\"url\":\"https:\/\/compuviper.mx\/tienda\/\",\"name\":\"Compuviper\",\"description\":\"Proveedor de Computadoras, Laptops, Servidores, Monitores, Puntos de Venta, Teclados,   Impresoras, T\u00f3ner, C\u00e1maras de Seguridad y m\u00e1s en tu tienda en l\u00ednea\",\"publisher\":{\"@id\":\"https:\/\/compuviper.mx\/tienda\/#organization\"},\"potentialAction\":[{\"@type\":\"SearchAction\",\"target\":{\"@type\":\"EntryPoint\",\"urlTemplate\":\"https:\/\/compuviper.mx\/tienda\/?s={search_term_string}\"},\"query-input\":\"required name=search_term_string\"}],\"inLanguage\":\"es-MX\"},{\"@type\":\"Organization\",\"@id\":\"https:\/\/compuviper.mx\/tienda\/#organization\",\"name\":\"Compuviper\",\"url\":\"https:\/\/compuviper.mx\/tienda\/\",\"logo\":{\"@type\":\"ImageObject\",\"inLanguage\":\"es-MX\",\"@id\":\"https:\/\/compuviper.mx\/tienda\/#\/schema\/logo\/image\/\",\"url\":\"https:\/\/compuviper.mx\/tienda\/wp-content\/uploads\/2021\/08\/Logo-Compuviper-10.png\",\"contentUrl\":\"https:\/\/compuviper.mx\/tienda\/wp-content\/uploads\/2021\/08\/Logo-Compuviper-10.png\",\"width\":1000,\"height\":500,\"caption\":\"Compuviper\"},\"image\":{\"@id\":\"https:\/\/compuviper.mx\/tienda\/#\/schema\/logo\/image\/\"},\"sameAs\":[\"https:\/\/www.facebook.com\/compuviper\",\"https:\/\/www.youtube.com\/channel\/UCf73dERp9Y3cfOq7q8BhLjA?view_as=subscriber\"]}]}<\/script>\n<meta property=\"product:brand\" content=\"INTELLINET\" \/>\n<meta property=\"product:price:amount\" content=\"2255\" \/>\n<meta property=\"product:price:currency\" content=\"MXN\" \/>\n<meta property=\"og:availability\" content=\"backorder\" \/>\n<meta property=\"product:availability\" content=\"available for order\" \/>\n<meta property=\"product:retailer_item_id\" content=\"561648\" \/>\n<meta property=\"product:condition\" content=\"new\" \/>\n<!-- \/ Yoast SEO plugin. -->","yoast_head_json":{"title":"[ Intellinet ] &#129351; 561648 Poe Extensor, , ,2x30w Gigabit P\/exteriores Ip67","description":"Compra 561648 Poe Extensor, , ,2x30w Gigabit P\/exteriores Ip67 + Env\u00edo a domicilio + Pago seguro + Garant\u00eda","robots":{"index":"index","follow":"follow","max-snippet":"max-snippet:-1","max-image-preview":"max-image-preview:large","max-video-preview":"max-video-preview:-1"},"canonical":"https:\/\/compuviper.mx\/tienda\/producto\/intellinet-561648-poe-extensor-2x30w-gigabit-p-exteriores-ip67\/","og_locale":"es_MX","og_type":"article","og_title":"[ Intellinet ] &#129351; 561648 Poe Extensor, , ,2x30w Gigabit P\/exteriores Ip67","og_description":"Compra 561648 Poe Extensor, , ,2x30w Gigabit P\/exteriores Ip67 + Env\u00edo a domicilio + Pago seguro + Garant\u00eda","og_url":"https:\/\/compuviper.mx\/tienda\/producto\/intellinet-561648-poe-extensor-2x30w-gigabit-p-exteriores-ip67\/","og_site_name":"Compuviper","article_publisher":"https:\/\/www.facebook.com\/compuviper","article_modified_time":"2026-04-15T07:11:25+00:00","og_image":[{"width":200,"height":200,"url":"https:\/\/compuviper.mx\/tienda\/wp-content\/uploads\/2024\/09\/Poe-extensor-intellinet-561648-2x30w-gigabit-pexteriores-ip67.jpg","type":"image\/jpeg"}],"twitter_card":"summary_large_image","twitter_misc":{"Precio":"&#36;2,255 con IVA","Availability":"On backorder"},"schema":{"@context":"https:\/\/schema.org","@graph":[{"@type":"WebPage","@id":"https:\/\/compuviper.mx\/tienda\/producto\/intellinet-561648-poe-extensor-2x30w-gigabit-p-exteriores-ip67\/","url":"https:\/\/compuviper.mx\/tienda\/producto\/intellinet-561648-poe-extensor-2x30w-gigabit-p-exteriores-ip67\/","name":"[ Intellinet ] &#129351; 561648 Poe Extensor, , ,2x30w Gigabit P\/exteriores Ip67","isPartOf":{"@id":"https:\/\/compuviper.mx\/tienda\/#website"},"datePublished":"2026-04-15T07:11:24+00:00","dateModified":"2026-04-15T07:11:25+00:00","description":"Compra 561648 Poe Extensor, , ,2x30w Gigabit P\/exteriores Ip67 + Env\u00edo a domicilio + Pago seguro + Garant\u00eda","breadcrumb":{"@id":"https:\/\/compuviper.mx\/tienda\/producto\/intellinet-561648-poe-extensor-2x30w-gigabit-p-exteriores-ip67\/#breadcrumb"},"inLanguage":"es-MX","potentialAction":[{"@type":"ReadAction","target":["https:\/\/compuviper.mx\/tienda\/producto\/intellinet-561648-poe-extensor-2x30w-gigabit-p-exteriores-ip67\/"]}]},{"@type":"BreadcrumbList","@id":"https:\/\/compuviper.mx\/tienda\/producto\/intellinet-561648-poe-extensor-2x30w-gigabit-p-exteriores-ip67\/#breadcrumb","itemListElement":[{"@type":"ListItem","position":1,"name":"Inicio","item":"https:\/\/compuviper.mx\/tienda\/"},{"@type":"ListItem","position":2,"name":"Productos","item":"https:\/\/compuviper.mx\/tienda\/productos\/"},{"@type":"ListItem","position":3,"name":"Redes","item":"https:\/\/compuviper.mx\/tienda\/categoria-producto\/redes\/"},{"@type":"ListItem","position":4,"name":"Repetidor Wireless","item":"https:\/\/compuviper.mx\/tienda\/categoria-producto\/redes\/repetidor-wireless\/"},{"@type":"ListItem","position":5,"name":"Intellinet 561648 Poe Extensor, , ,2x30w Gigabit P\/exteriores Ip67"}]},{"@type":"WebSite","@id":"https:\/\/compuviper.mx\/tienda\/#website","url":"https:\/\/compuviper.mx\/tienda\/","name":"Compuviper","description":"Proveedor de Computadoras, Laptops, Servidores, Monitores, Puntos de Venta, Teclados,   Impresoras, T\u00f3ner, C\u00e1maras de Seguridad y m\u00e1s en tu tienda en l\u00ednea","publisher":{"@id":"https:\/\/compuviper.mx\/tienda\/#organization"},"potentialAction":[{"@type":"SearchAction","target":{"@type":"EntryPoint","urlTemplate":"https:\/\/compuviper.mx\/tienda\/?s={search_term_string}"},"query-input":"required name=search_term_string"}],"inLanguage":"es-MX"},{"@type":"Organization","@id":"https:\/\/compuviper.mx\/tienda\/#organization","name":"Compuviper","url":"https:\/\/compuviper.mx\/tienda\/","logo":{"@type":"ImageObject","inLanguage":"es-MX","@id":"https:\/\/compuviper.mx\/tienda\/#\/schema\/logo\/image\/","url":"https:\/\/compuviper.mx\/tienda\/wp-content\/uploads\/2021\/08\/Logo-Compuviper-10.png","contentUrl":"https:\/\/compuviper.mx\/tienda\/wp-content\/uploads\/2021\/08\/Logo-Compuviper-10.png","width":1000,"height":500,"caption":"Compuviper"},"image":{"@id":"https:\/\/compuviper.mx\/tienda\/#\/schema\/logo\/image\/"},"sameAs":["https:\/\/www.facebook.com\/compuviper","https:\/\/www.youtube.com\/channel\/UCf73dERp9Y3cfOq7q8BhLjA?view_as=subscriber"]}]},"product_brand":"INTELLINET","product_price_amount":"2255","product_price_currency":"MXN","og_availability":"backorder","product_availability":"available for order","product_retailer_item_id":"561648","product_condition":"new"},"_links":{"self":[{"href":"https:\/\/compuviper.mx\/tienda\/wp-json\/wp\/v2\/product\/240202"}],"collection":[{"href":"https:\/\/compuviper.mx\/tienda\/wp-json\/wp\/v2\/product"}],"about":[{"href":"https:\/\/compuviper.mx\/tienda\/wp-json\/wp\/v2\/types\/product"}],"replies":[{"embeddable":true,"href":"https:\/\/compuviper.mx\/tienda\/wp-json\/wp\/v2\/comments?post=240202"}],"wp:featuredmedia":[{"embeddable":true,"href":"https:\/\/compuviper.mx\/tienda\/wp-json\/wp\/v2\/media\/242890"}],"wp:attachment":[{"href":"https:\/\/compuviper.mx\/tienda\/wp-json\/wp\/v2\/media?parent=240202"}],"wp:term":[{"taxonomy":"product_cat","embeddable":true,"href":"https:\/\/compuviper.mx\/tienda\/wp-json\/wp\/v2\/product_cat?post=240202"},{"taxonomy":"product_tag","embeddable":true,"href":"https:\/\/compuviper.mx\/tienda\/wp-json\/wp\/v2\/product_tag?post=240202"}],"curies":[{"name":"wp","href":"https:\/\/api.w.org\/{rel}","templated":true}]}}