{"id":240187,"date":"2026-04-09T00:50:08","date_gmt":"2026-04-09T06:50:08","guid":{"rendered":"https:\/\/compuviper.mx\/tienda\/producto\/manhattan-179324-teclado-mx-usb-cableado\/"},"modified":"2026-04-09T00:50:09","modified_gmt":"2026-04-09T06:50:09","slug":"manhattan-179324-teclado-mx-usb-cableado","status":"publish","type":"product","link":"https:\/\/compuviper.mx\/tienda\/producto\/manhattan-179324-teclado-mx-usb-cableado\/","title":{"rendered":"Manhattan 179324 Teclado,,, Mx Usb Cableado"},"content":{"rendered":"<table class=\"descripcion\">\n<tr>\n<td>Est\u00e1ndares y certificaciones<\/td>\n<\/tr>\n<tr>\n<td>Usb 1.1<\/td>\n<\/tr>\n<tr>\n<td>Caracter\u00edsticas generales:<\/td>\n<\/tr>\n<tr>\n<td>Teclado con cable<\/td>\n<\/tr>\n<tr>\n<td>Compatible con windows xp\/7\/8\/10\/11<\/td>\n<\/tr>\n<tr>\n<td>Especificaciones el\u00e9ctricas (en funcionamiento)<\/td>\n<\/tr>\n<tr>\n<td>Voltaje<\/td>\n<\/tr>\n<tr>\n<td>Del teclado: dc +5 v, error \u00b1 0.25 v<\/td>\n<\/tr>\n<tr>\n<td>Corriente<\/td>\n<\/tr>\n<tr>\n<td>Dc +5 v,   300 ma<\/td>\n<\/tr>\n<tr>\n<td>Caracter\u00edsticas f\u00edsicas:<\/td>\n<\/tr>\n<tr>\n<td>Fuerza al teclear: 50 \u0096 350 g\/cm\u00b2<\/td>\n<\/tr>\n<tr>\n<td>Vida \u00fatiil: 3,000,000 keystrokes<\/td>\n<\/tr>\n<tr>\n<td>Teclado: 44.6 x 13.5 x 2.5 cm; conjunto: 400 g<\/td>\n<\/tr>\n<tr>\n<td>Indicadores led: actividad<\/td>\n<\/tr>\n<tr>\n<td>Ambiente:<\/td>\n<\/tr>\n<tr>\n<td>Temperatura de trabajo: 5 \u0096 50\u00b0c; humedad: 10 &#8211; 85%.<\/td>\n<\/tr>\n<tr>\n<td>Temperatura de almacenamiento: -20 \u0096 60\u00b0c; humedad:   90%<\/td>\n<\/tr>\n<tr>\n<td>Contenido del empaque<\/td>\n<\/tr>\n<tr>\n<td>Teclado con cable<\/td>\n<\/tr>\n<tr>\n<td>Gu\u00eda de instalaci\u00f3n r\u00e1pida<\/td>\n<\/tr>\n<\/table>\n","protected":false},"excerpt":{"rendered":"<p>Un teclado dise\u00f1ado para mejorar tu productividad. El teclado con cable de manhattan combina una excelente relaci\u00f3n calidad-precio con comodidad y durabilidad. El teclado con cable ofrece una estructura de teclas robusta, teclas de gran capacidad de respuesta, un panel de comandos de f\u00e1cil acceso y un teclado num\u00e9rico de tama\u00f1o completo que proporciona la familiaridad inmediata del teclado moderno. Este impulsor de productividad est\u00e1 dise\u00f1ado de manera inteligente para funcionar a la perfecci\u00f3n con su configuraci\u00f3n inform\u00e1tica actual, para que su comodidad y disfrute est\u00e9n asegurados. Ya sea que navegue por amplias hojas de c\u00e1lculo, ingrese datos num\u00e9ricos o escriba informes, el teclado con cable de manhattan es el reemplazo o complemento perfecto para cualquier configuraci\u00f3n de computadora. Teclado de 104 teclas. Luces indicadoras led para funciones de num lock, caps lock, scroll lock. Cable integrado usb de 1.3 m. \u0093plug and play para una instalaci\u00f3n r\u00e1pida y f\u00e1cil en una computadora de escritorio o port\u00e1til<\/p>\n","protected":false},"featured_media":242658,"comment_status":"open","ping_status":"open","template":"","meta":[],"product_cat":[1713,1714],"product_tag":[1487],"acf":[],"yoast_head":"<!-- This site is optimized with the Yoast SEO plugin v21.7 - https:\/\/yoast.com\/wordpress\/plugins\/seo\/ -->\n<title>[ Manhattan ] &#129351; 179324 Teclado,,, Mx Usb Cableado<\/title>\n<meta name=\"description\" content=\"Compra 179324 Teclado,,, Mx Usb Cableado + Env\u00edo a domicilio + Pago seguro + Garant\u00eda\" \/>\n<meta name=\"robots\" content=\"index, follow, max-snippet:-1, max-image-preview:large, max-video-preview:-1\" \/>\n<link rel=\"canonical\" href=\"https:\/\/compuviper.mx\/tienda\/producto\/manhattan-179324-teclado-mx-usb-cableado\/\" \/>\n<meta property=\"og:locale\" content=\"es_MX\" \/>\n<meta property=\"og:type\" content=\"article\" \/>\n<meta property=\"og:title\" content=\"[ Manhattan ] &#129351; 179324 Teclado,,, Mx Usb Cableado\" \/>\n<meta property=\"og:description\" content=\"Compra 179324 Teclado,,, Mx Usb Cableado + Env\u00edo a domicilio + Pago seguro + Garant\u00eda\" \/>\n<meta property=\"og:url\" content=\"https:\/\/compuviper.mx\/tienda\/producto\/manhattan-179324-teclado-mx-usb-cableado\/\" \/>\n<meta property=\"og:site_name\" content=\"Compuviper\" \/>\n<meta property=\"article:publisher\" content=\"https:\/\/www.facebook.com\/compuviper\" \/>\n<meta property=\"article:modified_time\" content=\"2026-04-09T06:50:09+00:00\" \/>\n<meta property=\"og:image\" content=\"https:\/\/compuviper.mx\/tienda\/wp-content\/uploads\/2024\/09\/Tecladomanhattan179324-mx-usb-cableado.jpg\" \/>\n\t<meta property=\"og:image:width\" content=\"200\" \/>\n\t<meta property=\"og:image:height\" content=\"200\" \/>\n\t<meta property=\"og:image:type\" content=\"image\/jpeg\" \/>\n<meta name=\"twitter:card\" content=\"summary_large_image\" \/>\n<meta name=\"twitter:label1\" content=\"Precio\" \/>\n\t<meta name=\"twitter:data1\" content=\"&#36;153 con IVA\" \/>\n\t<meta name=\"twitter:label2\" content=\"Availability\" \/>\n\t<meta name=\"twitter:data2\" content=\"In stock\" \/>\n<script type=\"application\/ld+json\" class=\"yoast-schema-graph\">{\"@context\":\"https:\/\/schema.org\",\"@graph\":[{\"@type\":\"WebPage\",\"@id\":\"https:\/\/compuviper.mx\/tienda\/producto\/manhattan-179324-teclado-mx-usb-cableado\/\",\"url\":\"https:\/\/compuviper.mx\/tienda\/producto\/manhattan-179324-teclado-mx-usb-cableado\/\",\"name\":\"[ Manhattan ] &#129351; 179324 Teclado,,, Mx Usb Cableado\",\"isPartOf\":{\"@id\":\"https:\/\/compuviper.mx\/tienda\/#website\"},\"datePublished\":\"2026-04-09T06:50:08+00:00\",\"dateModified\":\"2026-04-09T06:50:09+00:00\",\"description\":\"Compra 179324 Teclado,,, Mx Usb Cableado + Env\u00edo a domicilio + Pago seguro + Garant\u00eda\",\"breadcrumb\":{\"@id\":\"https:\/\/compuviper.mx\/tienda\/producto\/manhattan-179324-teclado-mx-usb-cableado\/#breadcrumb\"},\"inLanguage\":\"es-MX\",\"potentialAction\":[{\"@type\":\"ReadAction\",\"target\":[\"https:\/\/compuviper.mx\/tienda\/producto\/manhattan-179324-teclado-mx-usb-cableado\/\"]}]},{\"@type\":\"BreadcrumbList\",\"@id\":\"https:\/\/compuviper.mx\/tienda\/producto\/manhattan-179324-teclado-mx-usb-cableado\/#breadcrumb\",\"itemListElement\":[{\"@type\":\"ListItem\",\"position\":1,\"name\":\"Inicio\",\"item\":\"https:\/\/compuviper.mx\/tienda\/\"},{\"@type\":\"ListItem\",\"position\":2,\"name\":\"Productos\",\"item\":\"https:\/\/compuviper.mx\/tienda\/productos\/\"},{\"@type\":\"ListItem\",\"position\":3,\"name\":\"Teclados\",\"item\":\"https:\/\/compuviper.mx\/tienda\/categoria-producto\/teclados\/\"},{\"@type\":\"ListItem\",\"position\":4,\"name\":\"Basico\",\"item\":\"https:\/\/compuviper.mx\/tienda\/categoria-producto\/teclados\/basico\/\"},{\"@type\":\"ListItem\",\"position\":5,\"name\":\"Manhattan 179324 Teclado,,, Mx Usb Cableado\"}]},{\"@type\":\"WebSite\",\"@id\":\"https:\/\/compuviper.mx\/tienda\/#website\",\"url\":\"https:\/\/compuviper.mx\/tienda\/\",\"name\":\"Compuviper\",\"description\":\"Proveedor de Computadoras, Laptops, Servidores, Monitores, Puntos de Venta, Teclados,   Impresoras, T\u00f3ner, C\u00e1maras de Seguridad y m\u00e1s en tu tienda en l\u00ednea\",\"publisher\":{\"@id\":\"https:\/\/compuviper.mx\/tienda\/#organization\"},\"potentialAction\":[{\"@type\":\"SearchAction\",\"target\":{\"@type\":\"EntryPoint\",\"urlTemplate\":\"https:\/\/compuviper.mx\/tienda\/?s={search_term_string}\"},\"query-input\":\"required name=search_term_string\"}],\"inLanguage\":\"es-MX\"},{\"@type\":\"Organization\",\"@id\":\"https:\/\/compuviper.mx\/tienda\/#organization\",\"name\":\"Compuviper\",\"url\":\"https:\/\/compuviper.mx\/tienda\/\",\"logo\":{\"@type\":\"ImageObject\",\"inLanguage\":\"es-MX\",\"@id\":\"https:\/\/compuviper.mx\/tienda\/#\/schema\/logo\/image\/\",\"url\":\"https:\/\/compuviper.mx\/tienda\/wp-content\/uploads\/2021\/08\/Logo-Compuviper-10.png\",\"contentUrl\":\"https:\/\/compuviper.mx\/tienda\/wp-content\/uploads\/2021\/08\/Logo-Compuviper-10.png\",\"width\":1000,\"height\":500,\"caption\":\"Compuviper\"},\"image\":{\"@id\":\"https:\/\/compuviper.mx\/tienda\/#\/schema\/logo\/image\/\"},\"sameAs\":[\"https:\/\/www.facebook.com\/compuviper\",\"https:\/\/www.youtube.com\/channel\/UCf73dERp9Y3cfOq7q8BhLjA?view_as=subscriber\"]}]}<\/script>\n<meta property=\"product:brand\" content=\"MANHATTAN\" \/>\n<meta property=\"product:price:amount\" content=\"153\" \/>\n<meta property=\"product:price:currency\" content=\"MXN\" \/>\n<meta property=\"og:availability\" content=\"instock\" \/>\n<meta property=\"product:availability\" content=\"instock\" \/>\n<meta property=\"product:retailer_item_id\" content=\"179324\" \/>\n<meta property=\"product:condition\" content=\"new\" \/>\n<!-- \/ Yoast SEO plugin. -->","yoast_head_json":{"title":"[ Manhattan ] &#129351; 179324 Teclado,,, Mx Usb Cableado","description":"Compra 179324 Teclado,,, Mx Usb Cableado + Env\u00edo a domicilio + Pago seguro + Garant\u00eda","robots":{"index":"index","follow":"follow","max-snippet":"max-snippet:-1","max-image-preview":"max-image-preview:large","max-video-preview":"max-video-preview:-1"},"canonical":"https:\/\/compuviper.mx\/tienda\/producto\/manhattan-179324-teclado-mx-usb-cableado\/","og_locale":"es_MX","og_type":"article","og_title":"[ Manhattan ] &#129351; 179324 Teclado,,, Mx Usb Cableado","og_description":"Compra 179324 Teclado,,, Mx Usb Cableado + Env\u00edo a domicilio + Pago seguro + Garant\u00eda","og_url":"https:\/\/compuviper.mx\/tienda\/producto\/manhattan-179324-teclado-mx-usb-cableado\/","og_site_name":"Compuviper","article_publisher":"https:\/\/www.facebook.com\/compuviper","article_modified_time":"2026-04-09T06:50:09+00:00","og_image":[{"width":200,"height":200,"url":"https:\/\/compuviper.mx\/tienda\/wp-content\/uploads\/2024\/09\/Tecladomanhattan179324-mx-usb-cableado.jpg","type":"image\/jpeg"}],"twitter_card":"summary_large_image","twitter_misc":{"Precio":"&#36;153 con IVA","Availability":"In stock"},"schema":{"@context":"https:\/\/schema.org","@graph":[{"@type":"WebPage","@id":"https:\/\/compuviper.mx\/tienda\/producto\/manhattan-179324-teclado-mx-usb-cableado\/","url":"https:\/\/compuviper.mx\/tienda\/producto\/manhattan-179324-teclado-mx-usb-cableado\/","name":"[ Manhattan ] &#129351; 179324 Teclado,,, Mx Usb Cableado","isPartOf":{"@id":"https:\/\/compuviper.mx\/tienda\/#website"},"datePublished":"2026-04-09T06:50:08+00:00","dateModified":"2026-04-09T06:50:09+00:00","description":"Compra 179324 Teclado,,, Mx Usb Cableado + Env\u00edo a domicilio + Pago seguro + Garant\u00eda","breadcrumb":{"@id":"https:\/\/compuviper.mx\/tienda\/producto\/manhattan-179324-teclado-mx-usb-cableado\/#breadcrumb"},"inLanguage":"es-MX","potentialAction":[{"@type":"ReadAction","target":["https:\/\/compuviper.mx\/tienda\/producto\/manhattan-179324-teclado-mx-usb-cableado\/"]}]},{"@type":"BreadcrumbList","@id":"https:\/\/compuviper.mx\/tienda\/producto\/manhattan-179324-teclado-mx-usb-cableado\/#breadcrumb","itemListElement":[{"@type":"ListItem","position":1,"name":"Inicio","item":"https:\/\/compuviper.mx\/tienda\/"},{"@type":"ListItem","position":2,"name":"Productos","item":"https:\/\/compuviper.mx\/tienda\/productos\/"},{"@type":"ListItem","position":3,"name":"Teclados","item":"https:\/\/compuviper.mx\/tienda\/categoria-producto\/teclados\/"},{"@type":"ListItem","position":4,"name":"Basico","item":"https:\/\/compuviper.mx\/tienda\/categoria-producto\/teclados\/basico\/"},{"@type":"ListItem","position":5,"name":"Manhattan 179324 Teclado,,, Mx Usb Cableado"}]},{"@type":"WebSite","@id":"https:\/\/compuviper.mx\/tienda\/#website","url":"https:\/\/compuviper.mx\/tienda\/","name":"Compuviper","description":"Proveedor de Computadoras, Laptops, Servidores, Monitores, Puntos de Venta, Teclados,   Impresoras, T\u00f3ner, C\u00e1maras de Seguridad y m\u00e1s en tu tienda en l\u00ednea","publisher":{"@id":"https:\/\/compuviper.mx\/tienda\/#organization"},"potentialAction":[{"@type":"SearchAction","target":{"@type":"EntryPoint","urlTemplate":"https:\/\/compuviper.mx\/tienda\/?s={search_term_string}"},"query-input":"required name=search_term_string"}],"inLanguage":"es-MX"},{"@type":"Organization","@id":"https:\/\/compuviper.mx\/tienda\/#organization","name":"Compuviper","url":"https:\/\/compuviper.mx\/tienda\/","logo":{"@type":"ImageObject","inLanguage":"es-MX","@id":"https:\/\/compuviper.mx\/tienda\/#\/schema\/logo\/image\/","url":"https:\/\/compuviper.mx\/tienda\/wp-content\/uploads\/2021\/08\/Logo-Compuviper-10.png","contentUrl":"https:\/\/compuviper.mx\/tienda\/wp-content\/uploads\/2021\/08\/Logo-Compuviper-10.png","width":1000,"height":500,"caption":"Compuviper"},"image":{"@id":"https:\/\/compuviper.mx\/tienda\/#\/schema\/logo\/image\/"},"sameAs":["https:\/\/www.facebook.com\/compuviper","https:\/\/www.youtube.com\/channel\/UCf73dERp9Y3cfOq7q8BhLjA?view_as=subscriber"]}]},"product_brand":"MANHATTAN","product_price_amount":"153","product_price_currency":"MXN","og_availability":"instock","product_availability":"instock","product_retailer_item_id":"179324","product_condition":"new"},"_links":{"self":[{"href":"https:\/\/compuviper.mx\/tienda\/wp-json\/wp\/v2\/product\/240187"}],"collection":[{"href":"https:\/\/compuviper.mx\/tienda\/wp-json\/wp\/v2\/product"}],"about":[{"href":"https:\/\/compuviper.mx\/tienda\/wp-json\/wp\/v2\/types\/product"}],"replies":[{"embeddable":true,"href":"https:\/\/compuviper.mx\/tienda\/wp-json\/wp\/v2\/comments?post=240187"}],"wp:featuredmedia":[{"embeddable":true,"href":"https:\/\/compuviper.mx\/tienda\/wp-json\/wp\/v2\/media\/242658"}],"wp:attachment":[{"href":"https:\/\/compuviper.mx\/tienda\/wp-json\/wp\/v2\/media?parent=240187"}],"wp:term":[{"taxonomy":"product_cat","embeddable":true,"href":"https:\/\/compuviper.mx\/tienda\/wp-json\/wp\/v2\/product_cat?post=240187"},{"taxonomy":"product_tag","embeddable":true,"href":"https:\/\/compuviper.mx\/tienda\/wp-json\/wp\/v2\/product_tag?post=240187"}],"curies":[{"name":"wp","href":"https:\/\/api.w.org\/{rel}","templated":true}]}}