{"id":240178,"date":"2026-04-02T00:30:03","date_gmt":"2026-04-02T06:30:03","guid":{"rendered":"https:\/\/compuviper.mx\/tienda\/producto\/manhattan-102353-carro-de-carga-de-32-puertos-usb-c-576-w\/"},"modified":"2026-04-02T00:30:04","modified_gmt":"2026-04-02T06:30:04","slug":"manhattan-102353-carro-de-carga-de-32-puertos-usb-c-576-w","status":"publish","type":"product","link":"https:\/\/compuviper.mx\/tienda\/producto\/manhattan-102353-carro-de-carga-de-32-puertos-usb-c-576-w\/","title":{"rendered":"Manhattan 102353 Carro De Carga,,, De 32 Puertos Usb-c &#8211; 576 W"},"content":{"rendered":"<table class=\"descripcion\">\n<tr>\n<td>Est\u00e1ndares y certificaciones<\/td>\n<\/tr>\n<tr>\n<td>Pd 3.0<\/td>\n<\/tr>\n<tr>\n<td>Ce<\/td>\n<\/tr>\n<tr>\n<td>Rohs<\/td>\n<\/tr>\n<tr>\n<td>El\u00e9ctrico:<\/td>\n<\/tr>\n<tr>\n<td>Entrada ac: 110 &#8211; 240 v; 16 a; 50 -60 hz<\/td>\n<\/tr>\n<tr>\n<td>Potencia de carga usb-c: 5 &#8211; 12 v; m\u00e1ximo 3 a; 18 w; 32 puertos de salida con 576 w en total<\/td>\n<\/tr>\n<tr>\n<td>Ajustes de voltaje\/corriente (m\u00e1ximo):<\/td>\n<\/tr>\n<tr>\n<td>&#8211; usb-c:<\/td>\n<\/tr>\n<tr>\n<td>&#8211; 5 v \/ 3 a<\/td>\n<\/tr>\n<tr>\n<td>&#8211; 9 v \/ 2 a<\/td>\n<\/tr>\n<tr>\n<td>&#8211; 12 v \/ 1.5 a<\/td>\n<\/tr>\n<tr>\n<td>Caracter\u00edsticas de protecci\u00f3n<\/td>\n<\/tr>\n<tr>\n<td>Cortocircuito (scp) con modo de recuperaci\u00f3n autom\u00e1tica<\/td>\n<\/tr>\n<tr>\n<td>Sobrevoltaje (ovp) con modo de autorrecuperaci\u00f3n<\/td>\n<\/tr>\n<tr>\n<td>Sobrecorriente (ocp) \u0097 l\u00edmite de corriente: 150% (m\u00e1x.)<\/td>\n<\/tr>\n<tr>\n<td>Dise\u00f1o<\/td>\n<\/tr>\n<tr>\n<td>Carcasa: acero laminado en fr\u00edo con recubrimiento de polvo<\/td>\n<\/tr>\n<tr>\n<td>Puerta de cristal de seguridad de policarbonato<\/td>\n<\/tr>\n<tr>\n<td>Indicadores led<\/td>\n<\/tr>\n<tr>\n<td>&#8211; azul: cargando<\/td>\n<\/tr>\n<tr>\n<td>&#8211; blanco: totalmente cargada<\/td>\n<\/tr>\n<tr>\n<td>Cuatro ruedas de alta resistencia<\/td>\n<\/tr>\n<tr>\n<td>Dimensiones de la unidad: 639 x 505 x 984 mm<\/td>\n<\/tr>\n<tr>\n<td>Dimensiones de las ranuras (32): 404 x 27.6 x 283 mm<\/td>\n<\/tr>\n<tr>\n<td>Longitud del cable de alimentaci\u00f3n de ca: 2 m (6.56 pies)<\/td>\n<\/tr>\n<tr>\n<td>Peso neto: 56.5<\/td>\n<\/tr>\n<tr>\n<td>Peso bruto: 65 kg<\/td>\n<\/tr>\n<tr>\n<td>Entorno de funcionamiento<\/td>\n<\/tr>\n<tr>\n<td>Temperatura de funcionamiento: 0 &#8211; 45\u00b0c (32 &#8211; 113\u00b0f)<\/td>\n<\/tr>\n<tr>\n<td>Temperatura de almacenamiento: -15 &#8211; 45\u00b0c (-5 &#8211; 113\u00b0f)<\/td>\n<\/tr>\n<tr>\n<td>Humedad (sin condensaci\u00f3n): 20 &#8211; 80%<\/td>\n<\/tr>\n<tr>\n<td>Contenido del paquete<\/td>\n<\/tr>\n<tr>\n<td>Carro de carga con 32 puertos usb-c &#8211; 576 w<\/td>\n<\/tr>\n<tr>\n<td>Cable de alimentaci\u00f3n de ca, 2 m (6,56 pies)<\/td>\n<\/tr>\n<tr>\n<td>Instrucciones<\/td>\n<\/tr>\n<\/table>\n","protected":false},"excerpt":{"rendered":"<p>Carro de carga: una soluci\u00f3n de carga m\u00f3vil para hosteler\u00eda, entornos educativos y m\u00e1s. Los visitantes, invitados y empleados llevan sus dispositivos m\u00f3viles a todo tipo de lugares. Ofrece a tus clientes una forma de cargar las bater\u00edas agotadas de sus chromebooks, smartphones o tabletas con el carro de carga manhattan de 32 puertos usb-c &#8211; 576 w. Es la soluci\u00f3n ideal para almacenar y cargar dispositivos electr\u00f3nicos port\u00e1tiles en restaurantes, escuelas, gimnasios, consultorios m\u00e9dicos, universidades, hoteles, agencias de alquiler de coches y mucho m\u00e1s. Carga r\u00e1pida con la m\u00e1s avanzada seguridad para los dispositivos. Los usuarios de m\u00f3viles quieren recuperar sus dispositivos r\u00e1pidamente. Gracias a la tecnolog\u00eda power delivery 3.0 en los 32 puertos usb-c, no tendr\u00e1n que esperar mucho. Con una potencia por puerto de hasta 3 a \/ 18 w, este carro de carga consigue que los smartphones, las tabletas y otros dispositivos usb est\u00e9n listos para funcionar en poco tiempo. Su uso de la tecnolog\u00eda usb pd 3.0 significa que los puertos pueden cargar los chromebooks. Los leds montados en la parte frontal le muestran cuando una bater\u00eda est\u00e1 completamente cargada. Dos tomas de corriente adicionales y un puerto usb-a en la parte trasera le permiten cargar dispositivos externamente sin tener que abrir el carro de carga. Los mecanismos de seguridad de este carro de carga tambi\u00e9n ayudan a asumir la responsabilidad de alimentar de forma segura sus costosos dispositivos con protecci\u00f3n contra sobrecargas, sobrecorrientes, cortocircuitos, picos de tensi\u00f3n e incluso rayos. La seguridad f\u00edsica es la clave. La robusta y duradera carcasa de acero y los cierres con llave ayudan a mantener los dispositivos seguros. Sus ruedas de alta resistencia le permiten rodar hasta la zona que necesite. Un ventilador incorporado y las ranuras de ventilaci\u00f3n disipan el calor y mantienen frescos todos los dispositivos. Organizado y vers\u00e1til. Mant\u00e9n tus dispositivos organizados en las 32 bah\u00edas que ofrecen mucho espacio (380 x 30 x 280 mm [14,96 x 1,18 x 11,02 pulgadas] cada una), incluso para maletas voluminosas y chromebooks de hasta 15,6. Utiliza la gesti\u00f3n de cables integrada en los separadores para estructurar tus cables de carga (tambi\u00e9n disponible en manhattan). Como este carro de carga cuenta con puertos usb-c en lugar de tomas de corriente, no necesita cargadores de pared adicionales. La entrada de ca de la parte trasera es un conector c14 que te permite sustituir el cable de alimentaci\u00f3n incluido por otros cables en funci\u00f3n de tu regi\u00f3n. Almacena y carga de forma segura hasta 32 chromebooks, tabletas, smartphones y otros dispositivos usb. Puertos de carga usb &#8211; c power delivery (pd 3.0) con potencia de hasta 3 a \/ 18 w por puerto y 576 w en total. Protecci\u00f3n contra sobrecarga, sobre corriente, cortocircuito, picos de voltaje y rayos. Puerta combinada de acero y cristal de seguridad en la parte delantera. Leds indicadores para un f\u00e1cil monitoreo. Carcasa met\u00e1lica robusta y segura con recubrimiento de polvo; cierre de la puerta de 3 puntos en la parte delantera; dos llaves incluidas. Amplias bah\u00edas para dispositivos (404x 27.6 x 283 mm cada una) con gesti\u00f3n de cables integrada en los separadores. Ventilador silencioso con ranuras de ventilaci\u00f3n para un flujo de aire y m\u00e1xima eficiencia de enfriamiento. Asa incorporada y cuatro ruedas de alta resistencia. Bordes redondeados para evitar lesiones en entornos con mucho tr\u00e1fico. Se incluye un kit de puesta a tierra. Entrada de ca universal con conector c14; cable de alimentaci\u00f3n con enchufe c13 a regional incluido<\/p>\n","protected":false},"featured_media":242588,"comment_status":"open","ping_status":"open","template":"","meta":[],"product_cat":[1508,1949],"product_tag":[1487],"acf":[],"yoast_head":"<!-- This site is optimized with the Yoast SEO plugin v21.7 - https:\/\/yoast.com\/wordpress\/plugins\/seo\/ -->\n<title>[ Manhattan ] &#129351; 102353 Carro De Carga,,, De 32 Puertos Usb-c - 576 W<\/title>\n<meta name=\"description\" content=\"Compra 102353 Carro De Carga,,, De 32 Puertos Usb-c - 576 W + Env\u00edo a domicilio + Pago seguro + Garant\u00eda\" \/>\n<meta name=\"robots\" content=\"index, follow, max-snippet:-1, max-image-preview:large, max-video-preview:-1\" \/>\n<link rel=\"canonical\" href=\"https:\/\/compuviper.mx\/tienda\/producto\/manhattan-102353-carro-de-carga-de-32-puertos-usb-c-576-w\/\" \/>\n<meta property=\"og:locale\" content=\"es_MX\" \/>\n<meta property=\"og:type\" content=\"article\" \/>\n<meta property=\"og:title\" content=\"[ Manhattan ] &#129351; 102353 Carro De Carga,,, De 32 Puertos Usb-c - 576 W\" \/>\n<meta property=\"og:description\" content=\"Compra 102353 Carro De Carga,,, De 32 Puertos Usb-c - 576 W + Env\u00edo a domicilio + Pago seguro + Garant\u00eda\" \/>\n<meta property=\"og:url\" content=\"https:\/\/compuviper.mx\/tienda\/producto\/manhattan-102353-carro-de-carga-de-32-puertos-usb-c-576-w\/\" \/>\n<meta property=\"og:site_name\" content=\"Compuviper\" \/>\n<meta property=\"article:publisher\" content=\"https:\/\/www.facebook.com\/compuviper\" \/>\n<meta property=\"article:modified_time\" content=\"2026-04-02T06:30:04+00:00\" \/>\n<meta property=\"og:image\" content=\"https:\/\/compuviper.mx\/tienda\/wp-content\/uploads\/2024\/09\/Carro-de-cargamanhattan102353-de-32-puertos-usb-c-576-w.jpg\" \/>\n\t<meta property=\"og:image:width\" content=\"200\" \/>\n\t<meta property=\"og:image:height\" content=\"200\" \/>\n\t<meta property=\"og:image:type\" content=\"image\/jpeg\" \/>\n<meta name=\"twitter:card\" content=\"summary_large_image\" \/>\n<meta name=\"twitter:label1\" content=\"Precio\" \/>\n\t<meta name=\"twitter:data1\" content=\"&#36;23,168 con IVA\" \/>\n\t<meta name=\"twitter:label2\" content=\"Availability\" \/>\n\t<meta name=\"twitter:data2\" content=\"In stock\" \/>\n<script type=\"application\/ld+json\" class=\"yoast-schema-graph\">{\"@context\":\"https:\/\/schema.org\",\"@graph\":[{\"@type\":\"WebPage\",\"@id\":\"https:\/\/compuviper.mx\/tienda\/producto\/manhattan-102353-carro-de-carga-de-32-puertos-usb-c-576-w\/\",\"url\":\"https:\/\/compuviper.mx\/tienda\/producto\/manhattan-102353-carro-de-carga-de-32-puertos-usb-c-576-w\/\",\"name\":\"[ Manhattan ] &#129351; 102353 Carro De Carga,,, De 32 Puertos Usb-c - 576 W\",\"isPartOf\":{\"@id\":\"https:\/\/compuviper.mx\/tienda\/#website\"},\"datePublished\":\"2026-04-02T06:30:03+00:00\",\"dateModified\":\"2026-04-02T06:30:04+00:00\",\"description\":\"Compra 102353 Carro De Carga,,, De 32 Puertos Usb-c - 576 W + Env\u00edo a domicilio + Pago seguro + Garant\u00eda\",\"breadcrumb\":{\"@id\":\"https:\/\/compuviper.mx\/tienda\/producto\/manhattan-102353-carro-de-carga-de-32-puertos-usb-c-576-w\/#breadcrumb\"},\"inLanguage\":\"es-MX\",\"potentialAction\":[{\"@type\":\"ReadAction\",\"target\":[\"https:\/\/compuviper.mx\/tienda\/producto\/manhattan-102353-carro-de-carga-de-32-puertos-usb-c-576-w\/\"]}]},{\"@type\":\"BreadcrumbList\",\"@id\":\"https:\/\/compuviper.mx\/tienda\/producto\/manhattan-102353-carro-de-carga-de-32-puertos-usb-c-576-w\/#breadcrumb\",\"itemListElement\":[{\"@type\":\"ListItem\",\"position\":1,\"name\":\"Inicio\",\"item\":\"https:\/\/compuviper.mx\/tienda\/\"},{\"@type\":\"ListItem\",\"position\":2,\"name\":\"Productos\",\"item\":\"https:\/\/compuviper.mx\/tienda\/productos\/\"},{\"@type\":\"ListItem\",\"position\":3,\"name\":\"Energia\",\"item\":\"https:\/\/compuviper.mx\/tienda\/categoria-producto\/energia\/\"},{\"@type\":\"ListItem\",\"position\":4,\"name\":\"Modulo De Potencia\",\"item\":\"https:\/\/compuviper.mx\/tienda\/categoria-producto\/energia\/modulo-de-potencia\/\"},{\"@type\":\"ListItem\",\"position\":5,\"name\":\"Manhattan 102353 Carro De Carga,,, De 32 Puertos Usb-c &#8211; 576 W\"}]},{\"@type\":\"WebSite\",\"@id\":\"https:\/\/compuviper.mx\/tienda\/#website\",\"url\":\"https:\/\/compuviper.mx\/tienda\/\",\"name\":\"Compuviper\",\"description\":\"Proveedor de Computadoras, Laptops, Servidores, Monitores, Puntos de Venta, Teclados,   Impresoras, T\u00f3ner, C\u00e1maras de Seguridad y m\u00e1s en tu tienda en l\u00ednea\",\"publisher\":{\"@id\":\"https:\/\/compuviper.mx\/tienda\/#organization\"},\"potentialAction\":[{\"@type\":\"SearchAction\",\"target\":{\"@type\":\"EntryPoint\",\"urlTemplate\":\"https:\/\/compuviper.mx\/tienda\/?s={search_term_string}\"},\"query-input\":\"required name=search_term_string\"}],\"inLanguage\":\"es-MX\"},{\"@type\":\"Organization\",\"@id\":\"https:\/\/compuviper.mx\/tienda\/#organization\",\"name\":\"Compuviper\",\"url\":\"https:\/\/compuviper.mx\/tienda\/\",\"logo\":{\"@type\":\"ImageObject\",\"inLanguage\":\"es-MX\",\"@id\":\"https:\/\/compuviper.mx\/tienda\/#\/schema\/logo\/image\/\",\"url\":\"https:\/\/compuviper.mx\/tienda\/wp-content\/uploads\/2021\/08\/Logo-Compuviper-10.png\",\"contentUrl\":\"https:\/\/compuviper.mx\/tienda\/wp-content\/uploads\/2021\/08\/Logo-Compuviper-10.png\",\"width\":1000,\"height\":500,\"caption\":\"Compuviper\"},\"image\":{\"@id\":\"https:\/\/compuviper.mx\/tienda\/#\/schema\/logo\/image\/\"},\"sameAs\":[\"https:\/\/www.facebook.com\/compuviper\",\"https:\/\/www.youtube.com\/channel\/UCf73dERp9Y3cfOq7q8BhLjA?view_as=subscriber\"]}]}<\/script>\n<meta property=\"product:brand\" content=\"MANHATTAN\" \/>\n<meta property=\"product:price:amount\" content=\"23168\" \/>\n<meta property=\"product:price:currency\" content=\"MXN\" \/>\n<meta property=\"og:availability\" content=\"instock\" \/>\n<meta property=\"product:availability\" content=\"instock\" \/>\n<meta property=\"product:retailer_item_id\" content=\"102353\" \/>\n<meta property=\"product:condition\" content=\"new\" \/>\n<!-- \/ Yoast SEO plugin. -->","yoast_head_json":{"title":"[ Manhattan ] &#129351; 102353 Carro De Carga,,, De 32 Puertos Usb-c - 576 W","description":"Compra 102353 Carro De Carga,,, De 32 Puertos Usb-c - 576 W + Env\u00edo a domicilio + Pago seguro + Garant\u00eda","robots":{"index":"index","follow":"follow","max-snippet":"max-snippet:-1","max-image-preview":"max-image-preview:large","max-video-preview":"max-video-preview:-1"},"canonical":"https:\/\/compuviper.mx\/tienda\/producto\/manhattan-102353-carro-de-carga-de-32-puertos-usb-c-576-w\/","og_locale":"es_MX","og_type":"article","og_title":"[ Manhattan ] &#129351; 102353 Carro De Carga,,, De 32 Puertos Usb-c - 576 W","og_description":"Compra 102353 Carro De Carga,,, De 32 Puertos Usb-c - 576 W + Env\u00edo a domicilio + Pago seguro + Garant\u00eda","og_url":"https:\/\/compuviper.mx\/tienda\/producto\/manhattan-102353-carro-de-carga-de-32-puertos-usb-c-576-w\/","og_site_name":"Compuviper","article_publisher":"https:\/\/www.facebook.com\/compuviper","article_modified_time":"2026-04-02T06:30:04+00:00","og_image":[{"width":200,"height":200,"url":"https:\/\/compuviper.mx\/tienda\/wp-content\/uploads\/2024\/09\/Carro-de-cargamanhattan102353-de-32-puertos-usb-c-576-w.jpg","type":"image\/jpeg"}],"twitter_card":"summary_large_image","twitter_misc":{"Precio":"&#36;23,168 con IVA","Availability":"In stock"},"schema":{"@context":"https:\/\/schema.org","@graph":[{"@type":"WebPage","@id":"https:\/\/compuviper.mx\/tienda\/producto\/manhattan-102353-carro-de-carga-de-32-puertos-usb-c-576-w\/","url":"https:\/\/compuviper.mx\/tienda\/producto\/manhattan-102353-carro-de-carga-de-32-puertos-usb-c-576-w\/","name":"[ Manhattan ] &#129351; 102353 Carro De Carga,,, De 32 Puertos Usb-c - 576 W","isPartOf":{"@id":"https:\/\/compuviper.mx\/tienda\/#website"},"datePublished":"2026-04-02T06:30:03+00:00","dateModified":"2026-04-02T06:30:04+00:00","description":"Compra 102353 Carro De Carga,,, De 32 Puertos Usb-c - 576 W + Env\u00edo a domicilio + Pago seguro + Garant\u00eda","breadcrumb":{"@id":"https:\/\/compuviper.mx\/tienda\/producto\/manhattan-102353-carro-de-carga-de-32-puertos-usb-c-576-w\/#breadcrumb"},"inLanguage":"es-MX","potentialAction":[{"@type":"ReadAction","target":["https:\/\/compuviper.mx\/tienda\/producto\/manhattan-102353-carro-de-carga-de-32-puertos-usb-c-576-w\/"]}]},{"@type":"BreadcrumbList","@id":"https:\/\/compuviper.mx\/tienda\/producto\/manhattan-102353-carro-de-carga-de-32-puertos-usb-c-576-w\/#breadcrumb","itemListElement":[{"@type":"ListItem","position":1,"name":"Inicio","item":"https:\/\/compuviper.mx\/tienda\/"},{"@type":"ListItem","position":2,"name":"Productos","item":"https:\/\/compuviper.mx\/tienda\/productos\/"},{"@type":"ListItem","position":3,"name":"Energia","item":"https:\/\/compuviper.mx\/tienda\/categoria-producto\/energia\/"},{"@type":"ListItem","position":4,"name":"Modulo De Potencia","item":"https:\/\/compuviper.mx\/tienda\/categoria-producto\/energia\/modulo-de-potencia\/"},{"@type":"ListItem","position":5,"name":"Manhattan 102353 Carro De Carga,,, De 32 Puertos Usb-c &#8211; 576 W"}]},{"@type":"WebSite","@id":"https:\/\/compuviper.mx\/tienda\/#website","url":"https:\/\/compuviper.mx\/tienda\/","name":"Compuviper","description":"Proveedor de Computadoras, Laptops, Servidores, Monitores, Puntos de Venta, Teclados,   Impresoras, T\u00f3ner, C\u00e1maras de Seguridad y m\u00e1s en tu tienda en l\u00ednea","publisher":{"@id":"https:\/\/compuviper.mx\/tienda\/#organization"},"potentialAction":[{"@type":"SearchAction","target":{"@type":"EntryPoint","urlTemplate":"https:\/\/compuviper.mx\/tienda\/?s={search_term_string}"},"query-input":"required name=search_term_string"}],"inLanguage":"es-MX"},{"@type":"Organization","@id":"https:\/\/compuviper.mx\/tienda\/#organization","name":"Compuviper","url":"https:\/\/compuviper.mx\/tienda\/","logo":{"@type":"ImageObject","inLanguage":"es-MX","@id":"https:\/\/compuviper.mx\/tienda\/#\/schema\/logo\/image\/","url":"https:\/\/compuviper.mx\/tienda\/wp-content\/uploads\/2021\/08\/Logo-Compuviper-10.png","contentUrl":"https:\/\/compuviper.mx\/tienda\/wp-content\/uploads\/2021\/08\/Logo-Compuviper-10.png","width":1000,"height":500,"caption":"Compuviper"},"image":{"@id":"https:\/\/compuviper.mx\/tienda\/#\/schema\/logo\/image\/"},"sameAs":["https:\/\/www.facebook.com\/compuviper","https:\/\/www.youtube.com\/channel\/UCf73dERp9Y3cfOq7q8BhLjA?view_as=subscriber"]}]},"product_brand":"MANHATTAN","product_price_amount":"23168","product_price_currency":"MXN","og_availability":"instock","product_availability":"instock","product_retailer_item_id":"102353","product_condition":"new"},"_links":{"self":[{"href":"https:\/\/compuviper.mx\/tienda\/wp-json\/wp\/v2\/product\/240178"}],"collection":[{"href":"https:\/\/compuviper.mx\/tienda\/wp-json\/wp\/v2\/product"}],"about":[{"href":"https:\/\/compuviper.mx\/tienda\/wp-json\/wp\/v2\/types\/product"}],"replies":[{"embeddable":true,"href":"https:\/\/compuviper.mx\/tienda\/wp-json\/wp\/v2\/comments?post=240178"}],"wp:featuredmedia":[{"embeddable":true,"href":"https:\/\/compuviper.mx\/tienda\/wp-json\/wp\/v2\/media\/242588"}],"wp:attachment":[{"href":"https:\/\/compuviper.mx\/tienda\/wp-json\/wp\/v2\/media?parent=240178"}],"wp:term":[{"taxonomy":"product_cat","embeddable":true,"href":"https:\/\/compuviper.mx\/tienda\/wp-json\/wp\/v2\/product_cat?post=240178"},{"taxonomy":"product_tag","embeddable":true,"href":"https:\/\/compuviper.mx\/tienda\/wp-json\/wp\/v2\/product_tag?post=240178"}],"curies":[{"name":"wp","href":"https:\/\/api.w.org\/{rel}","templated":true}]}}