{"id":240174,"date":"2026-04-02T00:22:28","date_gmt":"2026-04-02T06:22:28","guid":{"rendered":"https:\/\/compuviper.mx\/tienda\/producto\/dahua-dh-xvr5432l-i3-dvr-32-canales-5mp-lite-con-ia-wizsense-h-265-4-bahias-para-hdd-32-canales-ip-2-canales-de-reconocimiento-facial-smd-plus-codificacion-ia-onvif-funciones-iot-and-p\/"},"modified":"2026-04-02T00:22:29","modified_gmt":"2026-04-02T06:22:29","slug":"dahua-dh-xvr5432l-i3-dvr-32-canales-5mp-lite-con-ia-wizsense-h-265-4-bahias-para-hdd-32-canales-ip-2-canales-de-reconocimiento-facial-smd-plus-codificacion-ia-onvif-funciones-iot-pos","status":"publish","type":"product","link":"https:\/\/compuviper.mx\/tienda\/producto\/dahua-dh-xvr5432l-i3-dvr-32-canales-5mp-lite-con-ia-wizsense-h-265-4-bahias-para-hdd-32-canales-ip-2-canales-de-reconocimiento-facial-smd-plus-codificacion-ia-onvif-funciones-iot-pos\/","title":{"rendered":"Dahua Dh-xvr5432l-i3 Dvr\/ \/ \/ 32 Canales 5mp Lite Con Ia Wizsense, H.265, 4 Bahias Para Hdd, 32 Canales Ip, 2 Canales De Reconocimiento Facial, Smd Plus, Codificacion Ia, Onvif, Funciones Iot Pos"},"content":{"rendered":"<table class=\"descripcion\">\n<tr>\n<td>Caracteristicas principales<\/td>\n<\/tr>\n<tr>\n<td>\u0095compresion de video de flujo: dual h.265\/h.265.<\/td>\n<\/tr>\n<tr>\n<td>\u0095codificacion ai: 16 canales.<\/td>\n<\/tr>\n<tr>\n<td>\u0095entradas de video: hdcvi\/ahd\/tvi\/cvbs\/ip.<\/td>\n<\/tr>\n<tr>\n<td>\u0095max. de camaras: 32 canales de entradas camara ip, cada canal hasta 8mp; ancho de banda entrante max. de 128 mbps.<\/td>\n<\/tr>\n<tr>\n<td>\u0095proteccion perimetral: hasta 8 canales canal analogico.<\/td>\n<\/tr>\n<tr>\n<td>\u0095transmision de video: hasta 16 canales canal analgico smd plus.<\/td>\n<\/tr>\n<tr>\n<td>\u0095reconocimiento de rostro: hasta 2 canales de transmision de video canal analogico<\/td>\n<\/tr>\n<tr>\n<td>\u0095funcionalidades: iot y pos.<\/td>\n<\/tr>\n<tr>\n<td>Especificac iones tecnicas<\/td>\n<\/tr>\n<tr>\n<td>\u0095sistema operativo:linux integrado<\/td>\n<\/tr>\n<tr>\n<td>\u0095fuente de alimentacin: 100-240 vca, 50\/60 hz<\/td>\n<\/tr>\n<tr>\n<td>\u0095consumo de energia:  22w<\/td>\n<\/tr>\n<tr>\n<td>\u0095peso neto: 4,8 kg<\/td>\n<\/tr>\n<tr>\n<td>\u0095dimensiones del producto: 1,5u, 440,0 mm  420,2 mm  76,0 mm<\/td>\n<\/tr>\n<tr>\n<td>\u0095dimensiones del embalaje: 529,0 mm  499,0 mm  211,0 mm<\/td>\n<\/tr>\n<tr>\n<td>\u0095temperatura de funcionamiento: \u0096 10 \u00b0c a 55 \u00b0c<\/td>\n<\/tr>\n<tr>\n<td>\u0095humedad de funcionamiento: 10\u009690 hr<\/td>\n<\/tr>\n<\/table>\n","protected":false},"excerpt":{"rendered":"<p>Informacion general. El dahua dh-xvr5432l-i3 es un dvr avanzado con 32 canales, soportando camaras de hasta 5mp lite. Incorpora inteligencia artificial wizsense ofreciendo reconocimiento facial y deteccion de movimiento inteligente para reducir falsas alarmas. Con compresion h.265, optimiza el almacenamiento y ancho de banda. Soporta 32 camaras ip adicionales y tiene cuatro bahias para discos duros, permitiendo gran capacidad de almacenamiento. Compatible con onvif, se integra f\u00e1cilmente con otros dispositivos de seguridad y ofrece funciones iot y pos, ideal para negocios que buscan un sistema de seguridad completo y eficiente. Incluye. \u0095x1 dvr modelo: dh-xvr5432l-i3. \u0095x1 manual de usuario. \u0095x1 pliza de garanta<\/p>\n","protected":false},"featured_media":242541,"comment_status":"open","ping_status":"open","template":"","meta":[],"product_cat":[1689,1690],"product_tag":[1555],"acf":[],"yoast_head":"<!-- This site is optimized with the Yoast SEO plugin v21.7 - https:\/\/yoast.com\/wordpress\/plugins\/seo\/ -->\n<title>[ Dahua ] &#129351; Dh-xvr5432l-i3 Dvr\/ \/ \/ 32 Canales 5mp Lite Con Ia Wizsense, H.265, 4 Bahias Para Hdd, 32 Canales Ip, 2 Canales De Reconocimiento Facial, Smd Plus, Codificacion Ia, Onvif, Funciones Iot Pos<\/title>\n<meta name=\"description\" content=\"Compra Dh-xvr5432l-i3 Dvr\/ \/ \/ 32 Canales 5mp Lite Con Ia Wizsense, H.265, 4 Bahias Para Hdd, 32 Canales Ip, 2 Canales De Reconocimiento Facial, Smd Plus, Codificacion Ia, Onvif, Funciones Iot Pos + Env\u00edo a domicilio + Pago seguro + Garant\u00eda\" \/>\n<meta name=\"robots\" content=\"index, follow, max-snippet:-1, max-image-preview:large, max-video-preview:-1\" \/>\n<link rel=\"canonical\" href=\"https:\/\/compuviper.mx\/tienda\/producto\/dahua-dh-xvr5432l-i3-dvr-32-canales-5mp-lite-con-ia-wizsense-h-265-4-bahias-para-hdd-32-canales-ip-2-canales-de-reconocimiento-facial-smd-plus-codificacion-ia-onvif-funciones-iot-pos\/\" \/>\n<meta property=\"og:locale\" content=\"es_MX\" \/>\n<meta property=\"og:type\" content=\"article\" \/>\n<meta property=\"og:title\" content=\"[ Dahua ] &#129351; Dh-xvr5432l-i3 Dvr\/ \/ \/ 32 Canales 5mp Lite Con Ia Wizsense, H.265, 4 Bahias Para Hdd, 32 Canales Ip, 2 Canales De Reconocimiento Facial, Smd Plus, Codificacion Ia, Onvif, Funciones Iot Pos\" \/>\n<meta property=\"og:description\" content=\"Compra Dh-xvr5432l-i3 Dvr\/ \/ \/ 32 Canales 5mp Lite Con Ia Wizsense, H.265, 4 Bahias Para Hdd, 32 Canales Ip, 2 Canales De Reconocimiento Facial, Smd Plus, Codificacion Ia, Onvif, Funciones Iot Pos + Env\u00edo a domicilio + Pago seguro + Garant\u00eda\" \/>\n<meta property=\"og:url\" content=\"https:\/\/compuviper.mx\/tienda\/producto\/dahua-dh-xvr5432l-i3-dvr-32-canales-5mp-lite-con-ia-wizsense-h-265-4-bahias-para-hdd-32-canales-ip-2-canales-de-reconocimiento-facial-smd-plus-codificacion-ia-onvif-funciones-iot-pos\/\" \/>\n<meta property=\"og:site_name\" content=\"Compuviper\" \/>\n<meta property=\"article:publisher\" content=\"https:\/\/www.facebook.com\/compuviper\" \/>\n<meta property=\"article:modified_time\" content=\"2026-04-02T06:22:29+00:00\" \/>\n<meta property=\"og:image\" content=\"https:\/\/compuviper.mx\/tienda\/wp-content\/uploads\/2024\/09\/Dvr-dahua-dh-xvr5432l-i3-32-canales-5mp-lite-con-ia-wizsense-h.265-4-bahias-para-hdd-32-canales-ip-2-canales-de-reconocimiento-facial-smd-plus-codificacion-ia-onvif-funciones-iot-and-pos.jpg\" \/>\n\t<meta property=\"og:image:width\" content=\"200\" \/>\n\t<meta property=\"og:image:height\" content=\"200\" \/>\n\t<meta property=\"og:image:type\" content=\"image\/jpeg\" \/>\n<meta name=\"twitter:card\" content=\"summary_large_image\" \/>\n<meta name=\"twitter:label1\" content=\"Precio\" \/>\n\t<meta name=\"twitter:data1\" content=\"&#36;9,508 con IVA\" \/>\n\t<meta name=\"twitter:label2\" content=\"Availability\" \/>\n\t<meta name=\"twitter:data2\" content=\"Out of stock\" \/>\n<script type=\"application\/ld+json\" class=\"yoast-schema-graph\">{\"@context\":\"https:\/\/schema.org\",\"@graph\":[{\"@type\":\"WebPage\",\"@id\":\"https:\/\/compuviper.mx\/tienda\/producto\/dahua-dh-xvr5432l-i3-dvr-32-canales-5mp-lite-con-ia-wizsense-h-265-4-bahias-para-hdd-32-canales-ip-2-canales-de-reconocimiento-facial-smd-plus-codificacion-ia-onvif-funciones-iot-pos\/\",\"url\":\"https:\/\/compuviper.mx\/tienda\/producto\/dahua-dh-xvr5432l-i3-dvr-32-canales-5mp-lite-con-ia-wizsense-h-265-4-bahias-para-hdd-32-canales-ip-2-canales-de-reconocimiento-facial-smd-plus-codificacion-ia-onvif-funciones-iot-pos\/\",\"name\":\"[ Dahua ] &#129351; Dh-xvr5432l-i3 Dvr\/ \/ \/ 32 Canales 5mp Lite Con Ia Wizsense, H.265, 4 Bahias Para Hdd, 32 Canales Ip, 2 Canales De Reconocimiento Facial, Smd Plus, Codificacion Ia, Onvif, Funciones Iot Pos\",\"isPartOf\":{\"@id\":\"https:\/\/compuviper.mx\/tienda\/#website\"},\"datePublished\":\"2026-04-02T06:22:28+00:00\",\"dateModified\":\"2026-04-02T06:22:29+00:00\",\"description\":\"Compra Dh-xvr5432l-i3 Dvr\/ \/ \/ 32 Canales 5mp Lite Con Ia Wizsense, H.265, 4 Bahias Para Hdd, 32 Canales Ip, 2 Canales De Reconocimiento Facial, Smd Plus, Codificacion Ia, Onvif, Funciones Iot Pos + Env\u00edo a domicilio + Pago seguro + Garant\u00eda\",\"breadcrumb\":{\"@id\":\"https:\/\/compuviper.mx\/tienda\/producto\/dahua-dh-xvr5432l-i3-dvr-32-canales-5mp-lite-con-ia-wizsense-h-265-4-bahias-para-hdd-32-canales-ip-2-canales-de-reconocimiento-facial-smd-plus-codificacion-ia-onvif-funciones-iot-pos\/#breadcrumb\"},\"inLanguage\":\"es-MX\",\"potentialAction\":[{\"@type\":\"ReadAction\",\"target\":[\"https:\/\/compuviper.mx\/tienda\/producto\/dahua-dh-xvr5432l-i3-dvr-32-canales-5mp-lite-con-ia-wizsense-h-265-4-bahias-para-hdd-32-canales-ip-2-canales-de-reconocimiento-facial-smd-plus-codificacion-ia-onvif-funciones-iot-pos\/\"]}]},{\"@type\":\"BreadcrumbList\",\"@id\":\"https:\/\/compuviper.mx\/tienda\/producto\/dahua-dh-xvr5432l-i3-dvr-32-canales-5mp-lite-con-ia-wizsense-h-265-4-bahias-para-hdd-32-canales-ip-2-canales-de-reconocimiento-facial-smd-plus-codificacion-ia-onvif-funciones-iot-pos\/#breadcrumb\",\"itemListElement\":[{\"@type\":\"ListItem\",\"position\":1,\"name\":\"Inicio\",\"item\":\"https:\/\/compuviper.mx\/tienda\/\"},{\"@type\":\"ListItem\",\"position\":2,\"name\":\"Productos\",\"item\":\"https:\/\/compuviper.mx\/tienda\/productos\/\"},{\"@type\":\"ListItem\",\"position\":3,\"name\":\"Videograbadores\",\"item\":\"https:\/\/compuviper.mx\/tienda\/categoria-producto\/videograbadores\/\"},{\"@type\":\"ListItem\",\"position\":4,\"name\":\"Dvr\",\"item\":\"https:\/\/compuviper.mx\/tienda\/categoria-producto\/videograbadores\/dvr\/\"},{\"@type\":\"ListItem\",\"position\":5,\"name\":\"Dahua Dh-xvr5432l-i3 Dvr\/ \/ \/ 32 Canales 5mp Lite Con Ia Wizsense, H.265, 4 Bahias Para Hdd, 32 Canales Ip, 2 Canales De Reconocimiento Facial, Smd Plus, Codificacion Ia, Onvif, Funciones Iot Pos\"}]},{\"@type\":\"WebSite\",\"@id\":\"https:\/\/compuviper.mx\/tienda\/#website\",\"url\":\"https:\/\/compuviper.mx\/tienda\/\",\"name\":\"Compuviper\",\"description\":\"Proveedor de Computadoras, Laptops, Servidores, Monitores, Puntos de Venta, Teclados,   Impresoras, T\u00f3ner, C\u00e1maras de Seguridad y m\u00e1s en tu tienda en l\u00ednea\",\"publisher\":{\"@id\":\"https:\/\/compuviper.mx\/tienda\/#organization\"},\"potentialAction\":[{\"@type\":\"SearchAction\",\"target\":{\"@type\":\"EntryPoint\",\"urlTemplate\":\"https:\/\/compuviper.mx\/tienda\/?s={search_term_string}\"},\"query-input\":\"required name=search_term_string\"}],\"inLanguage\":\"es-MX\"},{\"@type\":\"Organization\",\"@id\":\"https:\/\/compuviper.mx\/tienda\/#organization\",\"name\":\"Compuviper\",\"url\":\"https:\/\/compuviper.mx\/tienda\/\",\"logo\":{\"@type\":\"ImageObject\",\"inLanguage\":\"es-MX\",\"@id\":\"https:\/\/compuviper.mx\/tienda\/#\/schema\/logo\/image\/\",\"url\":\"https:\/\/compuviper.mx\/tienda\/wp-content\/uploads\/2021\/08\/Logo-Compuviper-10.png\",\"contentUrl\":\"https:\/\/compuviper.mx\/tienda\/wp-content\/uploads\/2021\/08\/Logo-Compuviper-10.png\",\"width\":1000,\"height\":500,\"caption\":\"Compuviper\"},\"image\":{\"@id\":\"https:\/\/compuviper.mx\/tienda\/#\/schema\/logo\/image\/\"},\"sameAs\":[\"https:\/\/www.facebook.com\/compuviper\",\"https:\/\/www.youtube.com\/channel\/UCf73dERp9Y3cfOq7q8BhLjA?view_as=subscriber\"]}]}<\/script>\n<meta property=\"product:brand\" content=\"DAHUA\" \/>\n<meta property=\"product:price:amount\" content=\"9508\" \/>\n<meta property=\"product:price:currency\" content=\"MXN\" \/>\n<meta property=\"og:availability\" content=\"out of stock\" \/>\n<meta property=\"product:availability\" content=\"out of stock\" \/>\n<meta property=\"product:retailer_item_id\" content=\"DH-XVR5432L-I3\" \/>\n<meta property=\"product:condition\" content=\"new\" \/>\n<!-- \/ Yoast SEO plugin. -->","yoast_head_json":{"title":"[ Dahua ] &#129351; Dh-xvr5432l-i3 Dvr\/ \/ \/ 32 Canales 5mp Lite Con Ia Wizsense, H.265, 4 Bahias Para Hdd, 32 Canales Ip, 2 Canales De Reconocimiento Facial, Smd Plus, Codificacion Ia, Onvif, Funciones Iot Pos","description":"Compra Dh-xvr5432l-i3 Dvr\/ \/ \/ 32 Canales 5mp Lite Con Ia Wizsense, H.265, 4 Bahias Para Hdd, 32 Canales Ip, 2 Canales De Reconocimiento Facial, Smd Plus, Codificacion Ia, Onvif, Funciones Iot Pos + Env\u00edo a domicilio + Pago seguro + Garant\u00eda","robots":{"index":"index","follow":"follow","max-snippet":"max-snippet:-1","max-image-preview":"max-image-preview:large","max-video-preview":"max-video-preview:-1"},"canonical":"https:\/\/compuviper.mx\/tienda\/producto\/dahua-dh-xvr5432l-i3-dvr-32-canales-5mp-lite-con-ia-wizsense-h-265-4-bahias-para-hdd-32-canales-ip-2-canales-de-reconocimiento-facial-smd-plus-codificacion-ia-onvif-funciones-iot-pos\/","og_locale":"es_MX","og_type":"article","og_title":"[ Dahua ] &#129351; Dh-xvr5432l-i3 Dvr\/ \/ \/ 32 Canales 5mp Lite Con Ia Wizsense, H.265, 4 Bahias Para Hdd, 32 Canales Ip, 2 Canales De Reconocimiento Facial, Smd Plus, Codificacion Ia, Onvif, Funciones Iot Pos","og_description":"Compra Dh-xvr5432l-i3 Dvr\/ \/ \/ 32 Canales 5mp Lite Con Ia Wizsense, H.265, 4 Bahias Para Hdd, 32 Canales Ip, 2 Canales De Reconocimiento Facial, Smd Plus, Codificacion Ia, Onvif, Funciones Iot Pos + Env\u00edo a domicilio + Pago seguro + Garant\u00eda","og_url":"https:\/\/compuviper.mx\/tienda\/producto\/dahua-dh-xvr5432l-i3-dvr-32-canales-5mp-lite-con-ia-wizsense-h-265-4-bahias-para-hdd-32-canales-ip-2-canales-de-reconocimiento-facial-smd-plus-codificacion-ia-onvif-funciones-iot-pos\/","og_site_name":"Compuviper","article_publisher":"https:\/\/www.facebook.com\/compuviper","article_modified_time":"2026-04-02T06:22:29+00:00","og_image":[{"width":200,"height":200,"url":"https:\/\/compuviper.mx\/tienda\/wp-content\/uploads\/2024\/09\/Dvr-dahua-dh-xvr5432l-i3-32-canales-5mp-lite-con-ia-wizsense-h.265-4-bahias-para-hdd-32-canales-ip-2-canales-de-reconocimiento-facial-smd-plus-codificacion-ia-onvif-funciones-iot-and-pos.jpg","type":"image\/jpeg"}],"twitter_card":"summary_large_image","twitter_misc":{"Precio":"&#36;9,508 con IVA","Availability":"Out of stock"},"schema":{"@context":"https:\/\/schema.org","@graph":[{"@type":"WebPage","@id":"https:\/\/compuviper.mx\/tienda\/producto\/dahua-dh-xvr5432l-i3-dvr-32-canales-5mp-lite-con-ia-wizsense-h-265-4-bahias-para-hdd-32-canales-ip-2-canales-de-reconocimiento-facial-smd-plus-codificacion-ia-onvif-funciones-iot-pos\/","url":"https:\/\/compuviper.mx\/tienda\/producto\/dahua-dh-xvr5432l-i3-dvr-32-canales-5mp-lite-con-ia-wizsense-h-265-4-bahias-para-hdd-32-canales-ip-2-canales-de-reconocimiento-facial-smd-plus-codificacion-ia-onvif-funciones-iot-pos\/","name":"[ Dahua ] &#129351; Dh-xvr5432l-i3 Dvr\/ \/ \/ 32 Canales 5mp Lite Con Ia Wizsense, H.265, 4 Bahias Para Hdd, 32 Canales Ip, 2 Canales De Reconocimiento Facial, Smd Plus, Codificacion Ia, Onvif, Funciones Iot Pos","isPartOf":{"@id":"https:\/\/compuviper.mx\/tienda\/#website"},"datePublished":"2026-04-02T06:22:28+00:00","dateModified":"2026-04-02T06:22:29+00:00","description":"Compra Dh-xvr5432l-i3 Dvr\/ \/ \/ 32 Canales 5mp Lite Con Ia Wizsense, H.265, 4 Bahias Para Hdd, 32 Canales Ip, 2 Canales De Reconocimiento Facial, Smd Plus, Codificacion Ia, Onvif, Funciones Iot Pos + Env\u00edo a domicilio + Pago seguro + Garant\u00eda","breadcrumb":{"@id":"https:\/\/compuviper.mx\/tienda\/producto\/dahua-dh-xvr5432l-i3-dvr-32-canales-5mp-lite-con-ia-wizsense-h-265-4-bahias-para-hdd-32-canales-ip-2-canales-de-reconocimiento-facial-smd-plus-codificacion-ia-onvif-funciones-iot-pos\/#breadcrumb"},"inLanguage":"es-MX","potentialAction":[{"@type":"ReadAction","target":["https:\/\/compuviper.mx\/tienda\/producto\/dahua-dh-xvr5432l-i3-dvr-32-canales-5mp-lite-con-ia-wizsense-h-265-4-bahias-para-hdd-32-canales-ip-2-canales-de-reconocimiento-facial-smd-plus-codificacion-ia-onvif-funciones-iot-pos\/"]}]},{"@type":"BreadcrumbList","@id":"https:\/\/compuviper.mx\/tienda\/producto\/dahua-dh-xvr5432l-i3-dvr-32-canales-5mp-lite-con-ia-wizsense-h-265-4-bahias-para-hdd-32-canales-ip-2-canales-de-reconocimiento-facial-smd-plus-codificacion-ia-onvif-funciones-iot-pos\/#breadcrumb","itemListElement":[{"@type":"ListItem","position":1,"name":"Inicio","item":"https:\/\/compuviper.mx\/tienda\/"},{"@type":"ListItem","position":2,"name":"Productos","item":"https:\/\/compuviper.mx\/tienda\/productos\/"},{"@type":"ListItem","position":3,"name":"Videograbadores","item":"https:\/\/compuviper.mx\/tienda\/categoria-producto\/videograbadores\/"},{"@type":"ListItem","position":4,"name":"Dvr","item":"https:\/\/compuviper.mx\/tienda\/categoria-producto\/videograbadores\/dvr\/"},{"@type":"ListItem","position":5,"name":"Dahua Dh-xvr5432l-i3 Dvr\/ \/ \/ 32 Canales 5mp Lite Con Ia Wizsense, H.265, 4 Bahias Para Hdd, 32 Canales Ip, 2 Canales De Reconocimiento Facial, Smd Plus, Codificacion Ia, Onvif, Funciones Iot Pos"}]},{"@type":"WebSite","@id":"https:\/\/compuviper.mx\/tienda\/#website","url":"https:\/\/compuviper.mx\/tienda\/","name":"Compuviper","description":"Proveedor de Computadoras, Laptops, Servidores, Monitores, Puntos de Venta, Teclados,   Impresoras, T\u00f3ner, C\u00e1maras de Seguridad y m\u00e1s en tu tienda en l\u00ednea","publisher":{"@id":"https:\/\/compuviper.mx\/tienda\/#organization"},"potentialAction":[{"@type":"SearchAction","target":{"@type":"EntryPoint","urlTemplate":"https:\/\/compuviper.mx\/tienda\/?s={search_term_string}"},"query-input":"required name=search_term_string"}],"inLanguage":"es-MX"},{"@type":"Organization","@id":"https:\/\/compuviper.mx\/tienda\/#organization","name":"Compuviper","url":"https:\/\/compuviper.mx\/tienda\/","logo":{"@type":"ImageObject","inLanguage":"es-MX","@id":"https:\/\/compuviper.mx\/tienda\/#\/schema\/logo\/image\/","url":"https:\/\/compuviper.mx\/tienda\/wp-content\/uploads\/2021\/08\/Logo-Compuviper-10.png","contentUrl":"https:\/\/compuviper.mx\/tienda\/wp-content\/uploads\/2021\/08\/Logo-Compuviper-10.png","width":1000,"height":500,"caption":"Compuviper"},"image":{"@id":"https:\/\/compuviper.mx\/tienda\/#\/schema\/logo\/image\/"},"sameAs":["https:\/\/www.facebook.com\/compuviper","https:\/\/www.youtube.com\/channel\/UCf73dERp9Y3cfOq7q8BhLjA?view_as=subscriber"]}]},"product_brand":"DAHUA","product_price_amount":"9508","product_price_currency":"MXN","og_availability":"out of stock","product_availability":"out of stock","product_retailer_item_id":"DH-XVR5432L-I3","product_condition":"new"},"_links":{"self":[{"href":"https:\/\/compuviper.mx\/tienda\/wp-json\/wp\/v2\/product\/240174"}],"collection":[{"href":"https:\/\/compuviper.mx\/tienda\/wp-json\/wp\/v2\/product"}],"about":[{"href":"https:\/\/compuviper.mx\/tienda\/wp-json\/wp\/v2\/types\/product"}],"replies":[{"embeddable":true,"href":"https:\/\/compuviper.mx\/tienda\/wp-json\/wp\/v2\/comments?post=240174"}],"wp:featuredmedia":[{"embeddable":true,"href":"https:\/\/compuviper.mx\/tienda\/wp-json\/wp\/v2\/media\/242541"}],"wp:attachment":[{"href":"https:\/\/compuviper.mx\/tienda\/wp-json\/wp\/v2\/media?parent=240174"}],"wp:term":[{"taxonomy":"product_cat","embeddable":true,"href":"https:\/\/compuviper.mx\/tienda\/wp-json\/wp\/v2\/product_cat?post=240174"},{"taxonomy":"product_tag","embeddable":true,"href":"https:\/\/compuviper.mx\/tienda\/wp-json\/wp\/v2\/product_tag?post=240174"}],"curies":[{"name":"wp","href":"https:\/\/api.w.org\/{rel}","templated":true}]}}