{"id":240161,"date":"2026-04-15T23:46:41","date_gmt":"2026-04-16T05:46:41","guid":{"rendered":"https:\/\/compuviper.mx\/tienda\/producto\/manhattan-355971-cable-usb-c-v3-2-c-c-5-0m-10gbps-60w\/"},"modified":"2026-04-15T23:46:41","modified_gmt":"2026-04-16T05:46:41","slug":"manhattan-355971-cable-usb-c-v3-2-c-c-5-0m-10gbps-60w","status":"publish","type":"product","link":"https:\/\/compuviper.mx\/tienda\/producto\/manhattan-355971-cable-usb-c-v3-2-c-c-5-0m-10gbps-60w\/","title":{"rendered":"Manhattan 355971 Cable Usb,,,-c V3.2, C-c 5.0m 10gbps, 60w"},"content":{"rendered":"<table class=\"descripcion\">\n<tr>\n<td>Normas y certificaciones<\/td>\n<\/tr>\n<tr>\n<td>Usb 3.2 gen 2<\/td>\n<\/tr>\n<tr>\n<td>Ce<\/td>\n<\/tr>\n<tr>\n<td>Rohs<\/td>\n<\/tr>\n<tr>\n<td>Fcc<\/td>\n<\/tr>\n<tr>\n<td>General:<\/td>\n<\/tr>\n<tr>\n<td>Dos usb-c machos de 24 pines<\/td>\n<\/tr>\n<tr>\n<td>Doble blindaje: papel y trenza de aluminio<\/td>\n<\/tr>\n<tr>\n<td>Contactos con ba\u00f1o de oro<\/td>\n<\/tr>\n<tr>\n<td>Terminales moldeadas en pvc<\/td>\n<\/tr>\n<tr>\n<td>Forro de pl\u00e1stico t\u00e9rmico<\/td>\n<\/tr>\n<tr>\n<td>30\/22 awg<\/td>\n<\/tr>\n<tr>\n<td>Longitud: 5 m (16.5 ft.)<\/td>\n<\/tr>\n<tr>\n<td>Di\u00e1metro exterior (od): 6,2 mm (0,24 in.)<\/td>\n<\/tr>\n<tr>\n<td>Peso: 311 g (0.69 lbs.)<\/td>\n<\/tr>\n<tr>\n<td>El\u00e9ctrico<\/td>\n<\/tr>\n<tr>\n<td>Resistencia de voltaje: 300 vdc 10 ms<\/td>\n<\/tr>\n<tr>\n<td>Resistencia de aislamiento: 10 m and #937; min.<\/td>\n<\/tr>\n<tr>\n<td>Resistencia de conductividad: 2  and #937; max.<\/td>\n<\/tr>\n<tr>\n<td>Potencia soportada: 60 w \/ 3 a \/ 20 v<\/td>\n<\/tr>\n<tr>\n<td>Entorno de funcionamiento<\/td>\n<\/tr>\n<tr>\n<td>Temperatura de funcionamiento: 0 &#8211; 45\u00b0c (32 &#8211; 113\u00b0f)<\/td>\n<\/tr>\n<tr>\n<td>Humedad de funcionamiento (sin condensaci\u00f3n): 10 &#8211; 85%.<\/td>\n<\/tr>\n<tr>\n<td>Temperatura de almacenamiento: -10 &#8211; 70\u00b0c (14 &#8211; 158\u00b0f)<\/td>\n<\/tr>\n<tr>\n<td>Humedad (sin condensaci\u00f3n): 5 &#8211; 90%<\/td>\n<\/tr>\n<tr>\n<td>Contenido del paquete<\/td>\n<\/tr>\n<tr>\n<td>Cable usb-c a usb-c, usb 3.2 gen 2 (10 gbps)<\/td>\n<\/tr>\n<\/table>\n","protected":false},"excerpt":{"rendered":"<p>Usb-c macho a usb-c macho para conectar un dispositivo usb-c a un puerto usb-c. Compatible con usb 3.2 gen 2 con tasas de transferencia superspeed+ de hasta 10 gbps; el retimer incorporado mantiene la 10g completa hasta 5 m (16 pies. Supera la limitaci\u00f3n de distancia del usb-c para la alimentaci\u00f3n, los datos y el v\u00eddeo con un alcance hasta cinco veces mayor sin p\u00e9rdida de se\u00f1al. Sin p\u00e9rdida de se\u00f1al, ideal para estaciones de acoplamiento de port\u00e1tiles. Admite usb power delivery (pd) y quick charge \u0099 (qc) hasta 60 w. Carga un dispositivo alimentado por usb-c, como una computadora port\u00e1til, macbook pro\u00ae o tableta desde un cargador de pared usb-c pd o una bater\u00eda externa. Completamente blindado para reducir fuentes de interferencia tales como emi. Contactos chapados para conexiones libres de corrosi\u00f3n. Conformidad del usb-c con el modo alternativo displayport 1.4 (dp alt mode) para resoluciones de hasta 8k@60hz en dispositivos y pantallas compatibles. Soporta corriente de hasta 3 a. Dise\u00f1o bidireccional, se puede enchufar en ambas direcciones<\/p>\n","protected":false},"featured_media":242096,"comment_status":"open","ping_status":"open","template":"","meta":[],"product_cat":[1549,1605],"product_tag":[1487],"acf":[],"yoast_head":"<!-- This site is optimized with the Yoast SEO plugin v21.7 - https:\/\/yoast.com\/wordpress\/plugins\/seo\/ -->\n<title>[ Manhattan ] &#129351; 355971 Cable Usb,,,-c V3.2, C-c 5.0m 10gbps, 60w<\/title>\n<meta name=\"description\" content=\"Compra 355971 Cable Usb,,,-c V3.2, C-c 5.0m 10gbps, 60w + Env\u00edo a domicilio + Pago seguro + Garant\u00eda\" \/>\n<meta name=\"robots\" content=\"index, follow, max-snippet:-1, max-image-preview:large, max-video-preview:-1\" \/>\n<link rel=\"canonical\" href=\"https:\/\/compuviper.mx\/tienda\/producto\/manhattan-355971-cable-usb-c-v3-2-c-c-5-0m-10gbps-60w\/\" \/>\n<meta property=\"og:locale\" content=\"es_MX\" \/>\n<meta property=\"og:type\" content=\"article\" \/>\n<meta property=\"og:title\" content=\"[ Manhattan ] &#129351; 355971 Cable Usb,,,-c V3.2, C-c 5.0m 10gbps, 60w\" \/>\n<meta property=\"og:description\" content=\"Compra 355971 Cable Usb,,,-c V3.2, C-c 5.0m 10gbps, 60w + Env\u00edo a domicilio + Pago seguro + Garant\u00eda\" \/>\n<meta property=\"og:url\" content=\"https:\/\/compuviper.mx\/tienda\/producto\/manhattan-355971-cable-usb-c-v3-2-c-c-5-0m-10gbps-60w\/\" \/>\n<meta property=\"og:site_name\" content=\"Compuviper\" \/>\n<meta property=\"article:publisher\" content=\"https:\/\/www.facebook.com\/compuviper\" \/>\n<meta property=\"og:image\" content=\"https:\/\/compuviper.mx\/tienda\/wp-content\/uploads\/2024\/09\/Cable-usbmanhattan355971-c-v3.2-c-c-5.0m-10gbps-60w.jpg\" \/>\n\t<meta property=\"og:image:width\" content=\"200\" \/>\n\t<meta property=\"og:image:height\" content=\"200\" \/>\n\t<meta property=\"og:image:type\" content=\"image\/jpeg\" \/>\n<meta name=\"twitter:card\" content=\"summary_large_image\" \/>\n<meta name=\"twitter:label1\" content=\"Precio\" \/>\n\t<meta name=\"twitter:data1\" content=\"&#36;1,198 con IVA\" \/>\n\t<meta name=\"twitter:label2\" content=\"Availability\" \/>\n\t<meta name=\"twitter:data2\" content=\"Out of stock\" \/>\n<script type=\"application\/ld+json\" class=\"yoast-schema-graph\">{\"@context\":\"https:\/\/schema.org\",\"@graph\":[{\"@type\":\"WebPage\",\"@id\":\"https:\/\/compuviper.mx\/tienda\/producto\/manhattan-355971-cable-usb-c-v3-2-c-c-5-0m-10gbps-60w\/\",\"url\":\"https:\/\/compuviper.mx\/tienda\/producto\/manhattan-355971-cable-usb-c-v3-2-c-c-5-0m-10gbps-60w\/\",\"name\":\"[ Manhattan ] &#129351; 355971 Cable Usb,,,-c V3.2, C-c 5.0m 10gbps, 60w\",\"isPartOf\":{\"@id\":\"https:\/\/compuviper.mx\/tienda\/#website\"},\"datePublished\":\"2026-04-16T05:46:41+00:00\",\"dateModified\":\"2026-04-16T05:46:41+00:00\",\"description\":\"Compra 355971 Cable Usb,,,-c V3.2, C-c 5.0m 10gbps, 60w + Env\u00edo a domicilio + Pago seguro + Garant\u00eda\",\"breadcrumb\":{\"@id\":\"https:\/\/compuviper.mx\/tienda\/producto\/manhattan-355971-cable-usb-c-v3-2-c-c-5-0m-10gbps-60w\/#breadcrumb\"},\"inLanguage\":\"es-MX\",\"potentialAction\":[{\"@type\":\"ReadAction\",\"target\":[\"https:\/\/compuviper.mx\/tienda\/producto\/manhattan-355971-cable-usb-c-v3-2-c-c-5-0m-10gbps-60w\/\"]}]},{\"@type\":\"BreadcrumbList\",\"@id\":\"https:\/\/compuviper.mx\/tienda\/producto\/manhattan-355971-cable-usb-c-v3-2-c-c-5-0m-10gbps-60w\/#breadcrumb\",\"itemListElement\":[{\"@type\":\"ListItem\",\"position\":1,\"name\":\"Inicio\",\"item\":\"https:\/\/compuviper.mx\/tienda\/\"},{\"@type\":\"ListItem\",\"position\":2,\"name\":\"Productos\",\"item\":\"https:\/\/compuviper.mx\/tienda\/productos\/\"},{\"@type\":\"ListItem\",\"position\":3,\"name\":\"Cables\",\"item\":\"https:\/\/compuviper.mx\/tienda\/categoria-producto\/cables\/\"},{\"@type\":\"ListItem\",\"position\":4,\"name\":\"Cable Usb\",\"item\":\"https:\/\/compuviper.mx\/tienda\/categoria-producto\/cables\/cable-usb\/\"},{\"@type\":\"ListItem\",\"position\":5,\"name\":\"Manhattan 355971 Cable Usb,,,-c V3.2, C-c 5.0m 10gbps, 60w\"}]},{\"@type\":\"WebSite\",\"@id\":\"https:\/\/compuviper.mx\/tienda\/#website\",\"url\":\"https:\/\/compuviper.mx\/tienda\/\",\"name\":\"Compuviper\",\"description\":\"Proveedor de Computadoras, Laptops, Servidores, Monitores, Puntos de Venta, Teclados,   Impresoras, T\u00f3ner, C\u00e1maras de Seguridad y m\u00e1s en tu tienda en l\u00ednea\",\"publisher\":{\"@id\":\"https:\/\/compuviper.mx\/tienda\/#organization\"},\"potentialAction\":[{\"@type\":\"SearchAction\",\"target\":{\"@type\":\"EntryPoint\",\"urlTemplate\":\"https:\/\/compuviper.mx\/tienda\/?s={search_term_string}\"},\"query-input\":\"required name=search_term_string\"}],\"inLanguage\":\"es-MX\"},{\"@type\":\"Organization\",\"@id\":\"https:\/\/compuviper.mx\/tienda\/#organization\",\"name\":\"Compuviper\",\"url\":\"https:\/\/compuviper.mx\/tienda\/\",\"logo\":{\"@type\":\"ImageObject\",\"inLanguage\":\"es-MX\",\"@id\":\"https:\/\/compuviper.mx\/tienda\/#\/schema\/logo\/image\/\",\"url\":\"https:\/\/compuviper.mx\/tienda\/wp-content\/uploads\/2021\/08\/Logo-Compuviper-10.png\",\"contentUrl\":\"https:\/\/compuviper.mx\/tienda\/wp-content\/uploads\/2021\/08\/Logo-Compuviper-10.png\",\"width\":1000,\"height\":500,\"caption\":\"Compuviper\"},\"image\":{\"@id\":\"https:\/\/compuviper.mx\/tienda\/#\/schema\/logo\/image\/\"},\"sameAs\":[\"https:\/\/www.facebook.com\/compuviper\",\"https:\/\/www.youtube.com\/channel\/UCf73dERp9Y3cfOq7q8BhLjA?view_as=subscriber\"]}]}<\/script>\n<meta property=\"product:brand\" content=\"MANHATTAN\" \/>\n<meta property=\"product:price:amount\" content=\"1198\" \/>\n<meta property=\"product:price:currency\" content=\"MXN\" \/>\n<meta property=\"og:availability\" content=\"out of stock\" \/>\n<meta property=\"product:availability\" content=\"out of stock\" \/>\n<meta property=\"product:retailer_item_id\" content=\"355971\" \/>\n<meta property=\"product:condition\" content=\"new\" \/>\n<!-- \/ Yoast SEO plugin. -->","yoast_head_json":{"title":"[ Manhattan ] &#129351; 355971 Cable Usb,,,-c V3.2, C-c 5.0m 10gbps, 60w","description":"Compra 355971 Cable Usb,,,-c V3.2, C-c 5.0m 10gbps, 60w + Env\u00edo a domicilio + Pago seguro + Garant\u00eda","robots":{"index":"index","follow":"follow","max-snippet":"max-snippet:-1","max-image-preview":"max-image-preview:large","max-video-preview":"max-video-preview:-1"},"canonical":"https:\/\/compuviper.mx\/tienda\/producto\/manhattan-355971-cable-usb-c-v3-2-c-c-5-0m-10gbps-60w\/","og_locale":"es_MX","og_type":"article","og_title":"[ Manhattan ] &#129351; 355971 Cable Usb,,,-c V3.2, C-c 5.0m 10gbps, 60w","og_description":"Compra 355971 Cable Usb,,,-c V3.2, C-c 5.0m 10gbps, 60w + Env\u00edo a domicilio + Pago seguro + Garant\u00eda","og_url":"https:\/\/compuviper.mx\/tienda\/producto\/manhattan-355971-cable-usb-c-v3-2-c-c-5-0m-10gbps-60w\/","og_site_name":"Compuviper","article_publisher":"https:\/\/www.facebook.com\/compuviper","og_image":[{"width":200,"height":200,"url":"https:\/\/compuviper.mx\/tienda\/wp-content\/uploads\/2024\/09\/Cable-usbmanhattan355971-c-v3.2-c-c-5.0m-10gbps-60w.jpg","type":"image\/jpeg"}],"twitter_card":"summary_large_image","twitter_misc":{"Precio":"&#36;1,198 con IVA","Availability":"Out of stock"},"schema":{"@context":"https:\/\/schema.org","@graph":[{"@type":"WebPage","@id":"https:\/\/compuviper.mx\/tienda\/producto\/manhattan-355971-cable-usb-c-v3-2-c-c-5-0m-10gbps-60w\/","url":"https:\/\/compuviper.mx\/tienda\/producto\/manhattan-355971-cable-usb-c-v3-2-c-c-5-0m-10gbps-60w\/","name":"[ Manhattan ] &#129351; 355971 Cable Usb,,,-c V3.2, C-c 5.0m 10gbps, 60w","isPartOf":{"@id":"https:\/\/compuviper.mx\/tienda\/#website"},"datePublished":"2026-04-16T05:46:41+00:00","dateModified":"2026-04-16T05:46:41+00:00","description":"Compra 355971 Cable Usb,,,-c V3.2, C-c 5.0m 10gbps, 60w + Env\u00edo a domicilio + Pago seguro + Garant\u00eda","breadcrumb":{"@id":"https:\/\/compuviper.mx\/tienda\/producto\/manhattan-355971-cable-usb-c-v3-2-c-c-5-0m-10gbps-60w\/#breadcrumb"},"inLanguage":"es-MX","potentialAction":[{"@type":"ReadAction","target":["https:\/\/compuviper.mx\/tienda\/producto\/manhattan-355971-cable-usb-c-v3-2-c-c-5-0m-10gbps-60w\/"]}]},{"@type":"BreadcrumbList","@id":"https:\/\/compuviper.mx\/tienda\/producto\/manhattan-355971-cable-usb-c-v3-2-c-c-5-0m-10gbps-60w\/#breadcrumb","itemListElement":[{"@type":"ListItem","position":1,"name":"Inicio","item":"https:\/\/compuviper.mx\/tienda\/"},{"@type":"ListItem","position":2,"name":"Productos","item":"https:\/\/compuviper.mx\/tienda\/productos\/"},{"@type":"ListItem","position":3,"name":"Cables","item":"https:\/\/compuviper.mx\/tienda\/categoria-producto\/cables\/"},{"@type":"ListItem","position":4,"name":"Cable Usb","item":"https:\/\/compuviper.mx\/tienda\/categoria-producto\/cables\/cable-usb\/"},{"@type":"ListItem","position":5,"name":"Manhattan 355971 Cable Usb,,,-c V3.2, C-c 5.0m 10gbps, 60w"}]},{"@type":"WebSite","@id":"https:\/\/compuviper.mx\/tienda\/#website","url":"https:\/\/compuviper.mx\/tienda\/","name":"Compuviper","description":"Proveedor de Computadoras, Laptops, Servidores, Monitores, Puntos de Venta, Teclados,   Impresoras, T\u00f3ner, C\u00e1maras de Seguridad y m\u00e1s en tu tienda en l\u00ednea","publisher":{"@id":"https:\/\/compuviper.mx\/tienda\/#organization"},"potentialAction":[{"@type":"SearchAction","target":{"@type":"EntryPoint","urlTemplate":"https:\/\/compuviper.mx\/tienda\/?s={search_term_string}"},"query-input":"required name=search_term_string"}],"inLanguage":"es-MX"},{"@type":"Organization","@id":"https:\/\/compuviper.mx\/tienda\/#organization","name":"Compuviper","url":"https:\/\/compuviper.mx\/tienda\/","logo":{"@type":"ImageObject","inLanguage":"es-MX","@id":"https:\/\/compuviper.mx\/tienda\/#\/schema\/logo\/image\/","url":"https:\/\/compuviper.mx\/tienda\/wp-content\/uploads\/2021\/08\/Logo-Compuviper-10.png","contentUrl":"https:\/\/compuviper.mx\/tienda\/wp-content\/uploads\/2021\/08\/Logo-Compuviper-10.png","width":1000,"height":500,"caption":"Compuviper"},"image":{"@id":"https:\/\/compuviper.mx\/tienda\/#\/schema\/logo\/image\/"},"sameAs":["https:\/\/www.facebook.com\/compuviper","https:\/\/www.youtube.com\/channel\/UCf73dERp9Y3cfOq7q8BhLjA?view_as=subscriber"]}]},"product_brand":"MANHATTAN","product_price_amount":"1198","product_price_currency":"MXN","og_availability":"out of stock","product_availability":"out of stock","product_retailer_item_id":"355971","product_condition":"new"},"_links":{"self":[{"href":"https:\/\/compuviper.mx\/tienda\/wp-json\/wp\/v2\/product\/240161"}],"collection":[{"href":"https:\/\/compuviper.mx\/tienda\/wp-json\/wp\/v2\/product"}],"about":[{"href":"https:\/\/compuviper.mx\/tienda\/wp-json\/wp\/v2\/types\/product"}],"replies":[{"embeddable":true,"href":"https:\/\/compuviper.mx\/tienda\/wp-json\/wp\/v2\/comments?post=240161"}],"wp:featuredmedia":[{"embeddable":true,"href":"https:\/\/compuviper.mx\/tienda\/wp-json\/wp\/v2\/media\/242096"}],"wp:attachment":[{"href":"https:\/\/compuviper.mx\/tienda\/wp-json\/wp\/v2\/media?parent=240161"}],"wp:term":[{"taxonomy":"product_cat","embeddable":true,"href":"https:\/\/compuviper.mx\/tienda\/wp-json\/wp\/v2\/product_cat?post=240161"},{"taxonomy":"product_tag","embeddable":true,"href":"https:\/\/compuviper.mx\/tienda\/wp-json\/wp\/v2\/product_tag?post=240161"}],"curies":[{"name":"wp","href":"https:\/\/api.w.org\/{rel}","templated":true}]}}