{"id":240145,"date":"2026-04-01T23:13:36","date_gmt":"2026-04-02T05:13:36","guid":{"rendered":"https:\/\/compuviper.mx\/tienda\/producto\/manhattan-168410-hub-usb-c-v3-2-7-ptos-a-5gbps\/"},"modified":"2026-04-01T23:13:36","modified_gmt":"2026-04-02T05:13:36","slug":"manhattan-168410-hub-usb-c-v3-2-7-ptos-a-5gbps","status":"publish","type":"product","link":"https:\/\/compuviper.mx\/tienda\/producto\/manhattan-168410-hub-usb-c-v3-2-7-ptos-a-5gbps\/","title":{"rendered":"Manhattan 168410 Hub Usb,,,-c V3.2  7 Ptos A, 5gbps"},"content":{"rendered":"<table class=\"descripcion\">\n<tr>\n<td>Est\u00e1ndares y certificaciones<\/td>\n<\/tr>\n<tr>\n<td>&#8211; usb 3.2 gen 1 (usb 3.0)<\/td>\n<\/tr>\n<tr>\n<td>&#8211; ce<\/td>\n<\/tr>\n<tr>\n<td>&#8211; fcc<\/td>\n<\/tr>\n<tr>\n<td>&#8211; rohs<\/td>\n<\/tr>\n<tr>\n<td>&#8211; reach<\/td>\n<\/tr>\n<tr>\n<td>&#8211; ukca<\/td>\n<\/tr>\n<tr>\n<td>Generalidades<\/td>\n<\/tr>\n<tr>\n<td>&#8211; velocidades de transferencia de datos 5 gbps<\/td>\n<\/tr>\n<tr>\n<td>&#8211; potencia de carga usb-a: 4.5 w (5.0 v a 0.9 a) m\u00e1x.<\/td>\n<\/tr>\n<tr>\n<td>&#8211; entrada de energ\u00eda micro-usb: 10 w (5.0 v a 2.0 a) m\u00e1x.<\/td>\n<\/tr>\n<tr>\n<td>Conexiones<\/td>\n<\/tr>\n<tr>\n<td>&#8211; un usb-c de 24 pines, macho<\/td>\n<\/tr>\n<tr>\n<td>&#8211; siete usb-a de 9 pines, hembra<\/td>\n<\/tr>\n<tr>\n<td>&#8211; un usb micro-b de 5 pines, hembra<\/td>\n<\/tr>\n<tr>\n<td>F\u00edsico<\/td>\n<\/tr>\n<tr>\n<td>&#8211; dimensiones (largo x ancho x alto): 115 x 42 x 14 mm (4.53 x 1.65 x 0.55 in.)<\/td>\n<\/tr>\n<tr>\n<td>&#8211; peso neto: 62 g (1.27 oz.)<\/td>\n<\/tr>\n<tr>\n<td>&#8211; peso bruto: 86 g (2.26 oz.)<\/td>\n<\/tr>\n<tr>\n<td>&#8211; longitud del cable: 15 cm (6 pulgadas)<\/td>\n<\/tr>\n<tr>\n<td>&#8211; di\u00e1metro del cable: 28 awg<\/td>\n<\/tr>\n<tr>\n<td>&#8211; carcasa: pl\u00e1stico abs<\/td>\n<\/tr>\n<tr>\n<td>Entorno de funcionamiento<\/td>\n<\/tr>\n<tr>\n<td>&#8211; temperatura de funcionamiento: 0 &#8211; 60\u00b0c (32 &#8211; 140\u00b0f)<\/td>\n<\/tr>\n<tr>\n<td>&#8211; temperatura de almacenamiento: -10 &#8211; 90\u00b0c (14 &#8211; 194\u00b0f)<\/td>\n<\/tr>\n<tr>\n<td>&#8211; humedad (sin condensaci\u00f3n) 10 &#8211; 90% rh<\/td>\n<\/tr>\n<tr>\n<td>Requisitos del sistema<\/td>\n<\/tr>\n<tr>\n<td>&#8211; windows 7\/8.1\/10\/11, linux, chrome os o macos<\/td>\n<\/tr>\n<tr>\n<td>Contenido del paquete<\/td>\n<\/tr>\n<tr>\n<td>&#8211; hub usb 3.2 gen 1 tipo-c de 7 puertos<\/td>\n<\/tr>\n<tr>\n<td>&#8211; instrucciones.<\/td>\n<\/tr>\n<tr>\n<td>Este producto tambi\u00e9n est\u00e1 disponible como modelo con conector usb-a: #168403<\/td>\n<\/tr>\n<\/table>\n","protected":false},"excerpt":{"rendered":"<p>Hub usb con conector usb-c y 7 puertos usb-a para conectar todos tus dispositivos y perif\u00e9ricos. El hub usb 3.2 gen 1 tipo-c de manhattan convierte uno de los puertos usb-c de tu dispositivo en siete puertos usb-a, para que puedas conectar f\u00e1cilmente un teclado, un rat\u00f3n, una unidad flash y mucho m\u00e1s. Los dispositivos que se ajustan a la especificaci\u00f3n usb 3.2 gen 1 (antes conocida como usb 3.0) pueden alcanzar velocidades de transferencia de hasta 5 gbps para el almacenamiento externo, la impresi\u00f3n y mucho m\u00e1s. Los puertos superspeed del hub son compatibles con versiones anteriores de usb 2.0 o incluso 1.1. Tambi\u00e9n puede cargar su tel\u00e9fono o tableta ya que el hub suministra hasta 5 v \/ 0,9 a de energ\u00eda. Conectividad que puedes llevar contigo. La carcasa duradera, el tama\u00f1o compacto y la potencia del bus de este hub suponen una mayor portabilidad para ti cuando tengas que hacer las maletas y marcharte. No tiene que preocuparse de llevar una fuente de alimentaci\u00f3n adicional, lo que convierte al hub en un compa\u00f1ero de viaje ideal. S\u00f3lo tienes que desenchufarlo de tu dispositivo de origen, desconectar tus perif\u00e9ricos y meter lo que necesites en la bolsa del port\u00e1til para seguir tu camino. Alternativamente, si ves que necesitas m\u00e1s energ\u00eda para tus dispositivos, el hub incluye un puerto micro-usb para conectar tu propio cargador usb de 10 w. Compatibilidad universal para una f\u00e1cil instalaci\u00f3n. Este hub usb 3.0 universal funcionar\u00e1 con una amplia gama de ordenadores porque no requiere software ni controladores adicionales. Se configura autom\u00e1ticamente cuando lo conectas a tu laptop o a tu computadora de escritorio para que puedas empezar a trabajar r\u00e1pidamente. Tambi\u00e9n funciona con una serie de sistemas operativos como windows\u00ae, macos\u00ae, linux y chrome os, por lo que es compatible con varias plataformas. A\u00f1ade siete puertos usb-a para conectar ratones, teclados, unidades flash y m\u00e1s, o para cargar y sincronizar dispositivos m\u00f3viles. Los puertos usb 3.2 gen 1 (anteriormente usb 3.0) tipo a, con velocidad de transferencia superspeed de 5 gbps y cargas de hasta 4.5 w (5 v\/0.9 a. Alimentado por bus &#8211; no se requiere alimentaci\u00f3n externa. Puerto de entrada micro-usb opcional de 5 v \/ 2 a para conectar un cargador usb para obtener la m\u00e1xima potencia de salida en los puertos usb-a. Compatible con usb 2.0 y versiones anteriores. Ideal para pcs de sobremesa, ultrabooks\u0099, port\u00e1tiles, chromebooks\u0099, macbooks\u00ae, dispositivos surface\u00ae y m\u00e1s. Cable integrado y resistente de 15 cm. Carcasa elegante que ocupa poco espacio, ideal para colocar en el escritorio y para viajar. Dise\u00f1o port\u00e1til, compacto y liviano que cabe f\u00e1cilmente en los bolsillos de la mochila para la laptop. Instalaci\u00f3n plug-and-play; compatible con windows\u00ae, macos\u00ae, linux\u00ae y chrome os\u0099. Soporta intercambio entre tarjetas<\/p>\n","protected":false},"featured_media":242007,"comment_status":"open","ping_status":"open","template":"","meta":[],"product_cat":[1485,1497],"product_tag":[1487],"acf":[],"yoast_head":"<!-- This site is optimized with the Yoast SEO plugin v21.7 - https:\/\/yoast.com\/wordpress\/plugins\/seo\/ -->\n<title>[ Manhattan ] &#129351; 168410 Hub Usb,,,-c V3.2 7 Ptos A, 5gbps<\/title>\n<meta name=\"description\" content=\"Compra 168410 Hub Usb,,,-c V3.2 7 Ptos A, 5gbps + Env\u00edo a domicilio + Pago seguro + Garant\u00eda\" \/>\n<meta name=\"robots\" content=\"index, follow, max-snippet:-1, max-image-preview:large, max-video-preview:-1\" \/>\n<link rel=\"canonical\" href=\"https:\/\/compuviper.mx\/tienda\/producto\/manhattan-168410-hub-usb-c-v3-2-7-ptos-a-5gbps\/\" \/>\n<meta property=\"og:locale\" content=\"es_MX\" \/>\n<meta property=\"og:type\" content=\"article\" \/>\n<meta property=\"og:title\" content=\"[ Manhattan ] &#129351; 168410 Hub Usb,,,-c V3.2 7 Ptos A, 5gbps\" \/>\n<meta property=\"og:description\" content=\"Compra 168410 Hub Usb,,,-c V3.2 7 Ptos A, 5gbps + Env\u00edo a domicilio + Pago seguro + Garant\u00eda\" \/>\n<meta property=\"og:url\" content=\"https:\/\/compuviper.mx\/tienda\/producto\/manhattan-168410-hub-usb-c-v3-2-7-ptos-a-5gbps\/\" \/>\n<meta property=\"og:site_name\" content=\"Compuviper\" \/>\n<meta property=\"article:publisher\" content=\"https:\/\/www.facebook.com\/compuviper\" \/>\n<meta property=\"og:image\" content=\"https:\/\/compuviper.mx\/tienda\/wp-content\/uploads\/2024\/09\/Hub-usbmanhattan168410-c-v3.2-7-ptos-a-5gbps.jpg\" \/>\n\t<meta property=\"og:image:width\" content=\"200\" \/>\n\t<meta property=\"og:image:height\" content=\"200\" \/>\n\t<meta property=\"og:image:type\" content=\"image\/jpeg\" \/>\n<meta name=\"twitter:card\" content=\"summary_large_image\" \/>\n<meta name=\"twitter:label1\" content=\"Precio\" \/>\n\t<meta name=\"twitter:data1\" content=\"&#36;498 con IVA\" \/>\n\t<meta name=\"twitter:label2\" content=\"Availability\" \/>\n\t<meta name=\"twitter:data2\" content=\"In stock\" \/>\n<script type=\"application\/ld+json\" class=\"yoast-schema-graph\">{\"@context\":\"https:\/\/schema.org\",\"@graph\":[{\"@type\":\"WebPage\",\"@id\":\"https:\/\/compuviper.mx\/tienda\/producto\/manhattan-168410-hub-usb-c-v3-2-7-ptos-a-5gbps\/\",\"url\":\"https:\/\/compuviper.mx\/tienda\/producto\/manhattan-168410-hub-usb-c-v3-2-7-ptos-a-5gbps\/\",\"name\":\"[ Manhattan ] &#129351; 168410 Hub Usb,,,-c V3.2 7 Ptos A, 5gbps\",\"isPartOf\":{\"@id\":\"https:\/\/compuviper.mx\/tienda\/#website\"},\"datePublished\":\"2026-04-02T05:13:36+00:00\",\"dateModified\":\"2026-04-02T05:13:36+00:00\",\"description\":\"Compra 168410 Hub Usb,,,-c V3.2 7 Ptos A, 5gbps + Env\u00edo a domicilio + Pago seguro + Garant\u00eda\",\"breadcrumb\":{\"@id\":\"https:\/\/compuviper.mx\/tienda\/producto\/manhattan-168410-hub-usb-c-v3-2-7-ptos-a-5gbps\/#breadcrumb\"},\"inLanguage\":\"es-MX\",\"potentialAction\":[{\"@type\":\"ReadAction\",\"target\":[\"https:\/\/compuviper.mx\/tienda\/producto\/manhattan-168410-hub-usb-c-v3-2-7-ptos-a-5gbps\/\"]}]},{\"@type\":\"BreadcrumbList\",\"@id\":\"https:\/\/compuviper.mx\/tienda\/producto\/manhattan-168410-hub-usb-c-v3-2-7-ptos-a-5gbps\/#breadcrumb\",\"itemListElement\":[{\"@type\":\"ListItem\",\"position\":1,\"name\":\"Inicio\",\"item\":\"https:\/\/compuviper.mx\/tienda\/\"},{\"@type\":\"ListItem\",\"position\":2,\"name\":\"Productos\",\"item\":\"https:\/\/compuviper.mx\/tienda\/productos\/\"},{\"@type\":\"ListItem\",\"position\":3,\"name\":\"Accesorios\",\"item\":\"https:\/\/compuviper.mx\/tienda\/categoria-producto\/accesorios\/\"},{\"@type\":\"ListItem\",\"position\":4,\"name\":\"Hub Usb\",\"item\":\"https:\/\/compuviper.mx\/tienda\/categoria-producto\/accesorios\/hub-usb\/\"},{\"@type\":\"ListItem\",\"position\":5,\"name\":\"Manhattan 168410 Hub Usb,,,-c V3.2 7 Ptos A, 5gbps\"}]},{\"@type\":\"WebSite\",\"@id\":\"https:\/\/compuviper.mx\/tienda\/#website\",\"url\":\"https:\/\/compuviper.mx\/tienda\/\",\"name\":\"Compuviper\",\"description\":\"Proveedor de Computadoras, Laptops, Servidores, Monitores, Puntos de Venta, Teclados,   Impresoras, T\u00f3ner, C\u00e1maras de Seguridad y m\u00e1s en tu tienda en l\u00ednea\",\"publisher\":{\"@id\":\"https:\/\/compuviper.mx\/tienda\/#organization\"},\"potentialAction\":[{\"@type\":\"SearchAction\",\"target\":{\"@type\":\"EntryPoint\",\"urlTemplate\":\"https:\/\/compuviper.mx\/tienda\/?s={search_term_string}\"},\"query-input\":\"required name=search_term_string\"}],\"inLanguage\":\"es-MX\"},{\"@type\":\"Organization\",\"@id\":\"https:\/\/compuviper.mx\/tienda\/#organization\",\"name\":\"Compuviper\",\"url\":\"https:\/\/compuviper.mx\/tienda\/\",\"logo\":{\"@type\":\"ImageObject\",\"inLanguage\":\"es-MX\",\"@id\":\"https:\/\/compuviper.mx\/tienda\/#\/schema\/logo\/image\/\",\"url\":\"https:\/\/compuviper.mx\/tienda\/wp-content\/uploads\/2021\/08\/Logo-Compuviper-10.png\",\"contentUrl\":\"https:\/\/compuviper.mx\/tienda\/wp-content\/uploads\/2021\/08\/Logo-Compuviper-10.png\",\"width\":1000,\"height\":500,\"caption\":\"Compuviper\"},\"image\":{\"@id\":\"https:\/\/compuviper.mx\/tienda\/#\/schema\/logo\/image\/\"},\"sameAs\":[\"https:\/\/www.facebook.com\/compuviper\",\"https:\/\/www.youtube.com\/channel\/UCf73dERp9Y3cfOq7q8BhLjA?view_as=subscriber\"]}]}<\/script>\n<meta property=\"product:brand\" content=\"MANHATTAN\" \/>\n<meta property=\"product:price:amount\" content=\"498\" \/>\n<meta property=\"product:price:currency\" content=\"MXN\" \/>\n<meta property=\"og:availability\" content=\"instock\" \/>\n<meta property=\"product:availability\" content=\"instock\" \/>\n<meta property=\"product:retailer_item_id\" content=\"168410\" \/>\n<meta property=\"product:condition\" content=\"new\" \/>\n<!-- \/ Yoast SEO plugin. -->","yoast_head_json":{"title":"[ Manhattan ] &#129351; 168410 Hub Usb,,,-c V3.2 7 Ptos A, 5gbps","description":"Compra 168410 Hub Usb,,,-c V3.2 7 Ptos A, 5gbps + Env\u00edo a domicilio + Pago seguro + Garant\u00eda","robots":{"index":"index","follow":"follow","max-snippet":"max-snippet:-1","max-image-preview":"max-image-preview:large","max-video-preview":"max-video-preview:-1"},"canonical":"https:\/\/compuviper.mx\/tienda\/producto\/manhattan-168410-hub-usb-c-v3-2-7-ptos-a-5gbps\/","og_locale":"es_MX","og_type":"article","og_title":"[ Manhattan ] &#129351; 168410 Hub Usb,,,-c V3.2 7 Ptos A, 5gbps","og_description":"Compra 168410 Hub Usb,,,-c V3.2 7 Ptos A, 5gbps + Env\u00edo a domicilio + Pago seguro + Garant\u00eda","og_url":"https:\/\/compuviper.mx\/tienda\/producto\/manhattan-168410-hub-usb-c-v3-2-7-ptos-a-5gbps\/","og_site_name":"Compuviper","article_publisher":"https:\/\/www.facebook.com\/compuviper","og_image":[{"width":200,"height":200,"url":"https:\/\/compuviper.mx\/tienda\/wp-content\/uploads\/2024\/09\/Hub-usbmanhattan168410-c-v3.2-7-ptos-a-5gbps.jpg","type":"image\/jpeg"}],"twitter_card":"summary_large_image","twitter_misc":{"Precio":"&#36;498 con IVA","Availability":"In stock"},"schema":{"@context":"https:\/\/schema.org","@graph":[{"@type":"WebPage","@id":"https:\/\/compuviper.mx\/tienda\/producto\/manhattan-168410-hub-usb-c-v3-2-7-ptos-a-5gbps\/","url":"https:\/\/compuviper.mx\/tienda\/producto\/manhattan-168410-hub-usb-c-v3-2-7-ptos-a-5gbps\/","name":"[ Manhattan ] &#129351; 168410 Hub Usb,,,-c V3.2 7 Ptos A, 5gbps","isPartOf":{"@id":"https:\/\/compuviper.mx\/tienda\/#website"},"datePublished":"2026-04-02T05:13:36+00:00","dateModified":"2026-04-02T05:13:36+00:00","description":"Compra 168410 Hub Usb,,,-c V3.2 7 Ptos A, 5gbps + Env\u00edo a domicilio + Pago seguro + Garant\u00eda","breadcrumb":{"@id":"https:\/\/compuviper.mx\/tienda\/producto\/manhattan-168410-hub-usb-c-v3-2-7-ptos-a-5gbps\/#breadcrumb"},"inLanguage":"es-MX","potentialAction":[{"@type":"ReadAction","target":["https:\/\/compuviper.mx\/tienda\/producto\/manhattan-168410-hub-usb-c-v3-2-7-ptos-a-5gbps\/"]}]},{"@type":"BreadcrumbList","@id":"https:\/\/compuviper.mx\/tienda\/producto\/manhattan-168410-hub-usb-c-v3-2-7-ptos-a-5gbps\/#breadcrumb","itemListElement":[{"@type":"ListItem","position":1,"name":"Inicio","item":"https:\/\/compuviper.mx\/tienda\/"},{"@type":"ListItem","position":2,"name":"Productos","item":"https:\/\/compuviper.mx\/tienda\/productos\/"},{"@type":"ListItem","position":3,"name":"Accesorios","item":"https:\/\/compuviper.mx\/tienda\/categoria-producto\/accesorios\/"},{"@type":"ListItem","position":4,"name":"Hub Usb","item":"https:\/\/compuviper.mx\/tienda\/categoria-producto\/accesorios\/hub-usb\/"},{"@type":"ListItem","position":5,"name":"Manhattan 168410 Hub Usb,,,-c V3.2 7 Ptos A, 5gbps"}]},{"@type":"WebSite","@id":"https:\/\/compuviper.mx\/tienda\/#website","url":"https:\/\/compuviper.mx\/tienda\/","name":"Compuviper","description":"Proveedor de Computadoras, Laptops, Servidores, Monitores, Puntos de Venta, Teclados,   Impresoras, T\u00f3ner, C\u00e1maras de Seguridad y m\u00e1s en tu tienda en l\u00ednea","publisher":{"@id":"https:\/\/compuviper.mx\/tienda\/#organization"},"potentialAction":[{"@type":"SearchAction","target":{"@type":"EntryPoint","urlTemplate":"https:\/\/compuviper.mx\/tienda\/?s={search_term_string}"},"query-input":"required name=search_term_string"}],"inLanguage":"es-MX"},{"@type":"Organization","@id":"https:\/\/compuviper.mx\/tienda\/#organization","name":"Compuviper","url":"https:\/\/compuviper.mx\/tienda\/","logo":{"@type":"ImageObject","inLanguage":"es-MX","@id":"https:\/\/compuviper.mx\/tienda\/#\/schema\/logo\/image\/","url":"https:\/\/compuviper.mx\/tienda\/wp-content\/uploads\/2021\/08\/Logo-Compuviper-10.png","contentUrl":"https:\/\/compuviper.mx\/tienda\/wp-content\/uploads\/2021\/08\/Logo-Compuviper-10.png","width":1000,"height":500,"caption":"Compuviper"},"image":{"@id":"https:\/\/compuviper.mx\/tienda\/#\/schema\/logo\/image\/"},"sameAs":["https:\/\/www.facebook.com\/compuviper","https:\/\/www.youtube.com\/channel\/UCf73dERp9Y3cfOq7q8BhLjA?view_as=subscriber"]}]},"product_brand":"MANHATTAN","product_price_amount":"498","product_price_currency":"MXN","og_availability":"instock","product_availability":"instock","product_retailer_item_id":"168410","product_condition":"new"},"_links":{"self":[{"href":"https:\/\/compuviper.mx\/tienda\/wp-json\/wp\/v2\/product\/240145"}],"collection":[{"href":"https:\/\/compuviper.mx\/tienda\/wp-json\/wp\/v2\/product"}],"about":[{"href":"https:\/\/compuviper.mx\/tienda\/wp-json\/wp\/v2\/types\/product"}],"replies":[{"embeddable":true,"href":"https:\/\/compuviper.mx\/tienda\/wp-json\/wp\/v2\/comments?post=240145"}],"wp:featuredmedia":[{"embeddable":true,"href":"https:\/\/compuviper.mx\/tienda\/wp-json\/wp\/v2\/media\/242007"}],"wp:attachment":[{"href":"https:\/\/compuviper.mx\/tienda\/wp-json\/wp\/v2\/media?parent=240145"}],"wp:term":[{"taxonomy":"product_cat","embeddable":true,"href":"https:\/\/compuviper.mx\/tienda\/wp-json\/wp\/v2\/product_cat?post=240145"},{"taxonomy":"product_tag","embeddable":true,"href":"https:\/\/compuviper.mx\/tienda\/wp-json\/wp\/v2\/product_tag?post=240145"}],"curies":[{"name":"wp","href":"https:\/\/api.w.org\/{rel}","templated":true}]}}