{"id":240140,"date":"2026-04-01T23:13:33","date_gmt":"2026-04-02T05:13:33","guid":{"rendered":"https:\/\/compuviper.mx\/tienda\/producto\/manhattan-190299-docking-usb-c-3-ptos-hdmi-4k60hz-usb-c\/"},"modified":"2026-04-01T23:13:33","modified_gmt":"2026-04-02T05:13:33","slug":"manhattan-190299-docking-usb-c-3-ptos-hdmi-4k60hz-usb-c","status":"publish","type":"product","link":"https:\/\/compuviper.mx\/tienda\/producto\/manhattan-190299-docking-usb-c-3-ptos-hdmi-4k60hz-usb-c\/","title":{"rendered":"Manhattan 190299 Docking,,, Usb-c  3 Ptos, Hdmi 4k@60hz, Usb-c"},"content":{"rendered":"<table class=\"descripcion\">\n<tr>\n<td>Est\u00e1ndares y certificaciones<\/td>\n<\/tr>\n<tr>\n<td>Dp 1.4 alt mode sobre usb-c<\/td>\n<\/tr>\n<tr>\n<td>Usb 3.2 gen 1<\/td>\n<\/tr>\n<tr>\n<td>Hdmi 2.0<\/td>\n<\/tr>\n<tr>\n<td>Hdcp 2.3<\/td>\n<\/tr>\n<tr>\n<td>Ce (conformidad europea)<\/td>\n<\/tr>\n<tr>\n<td>Fcc (comisi\u00f3n federal de comunicaciones)<\/td>\n<\/tr>\n<tr>\n<td>Rohs<\/td>\n<\/tr>\n<tr>\n<td>Reach<\/td>\n<\/tr>\n<tr>\n<td>Ukca<\/td>\n<\/tr>\n<tr>\n<td>General<\/td>\n<\/tr>\n<tr>\n<td>Velocidad de transferencia de datos del puerto usb-a: 5 gbps<\/td>\n<\/tr>\n<tr>\n<td>Funcionamiento con alimentaci\u00f3n por bus (excepto las funciones de carga)<\/td>\n<\/tr>\n<tr>\n<td>Puerto de carga usb-c pd: 100 w (20 v a 5 a) m\u00e1x. de entrada, 85 w de salida en el conector usb-c<\/td>\n<\/tr>\n<tr>\n<td>Carga usb-a: 5.0 w (5.0 v a 1.0 a) m\u00e1x.<\/td>\n<\/tr>\n<tr>\n<td>Conexiones<\/td>\n<\/tr>\n<tr>\n<td>Un usb-c de 24 pines, macho<\/td>\n<\/tr>\n<tr>\n<td>Un usb-c de 24 pines, hembra<\/td>\n<\/tr>\n<tr>\n<td>Un usb-a de 9 pines, hembra<\/td>\n<\/tr>\n<tr>\n<td>Un hdmi de 19 pines, hembra<\/td>\n<\/tr>\n<tr>\n<td>Caracter\u00edsticas f\u00edsicas<\/td>\n<\/tr>\n<tr>\n<td>Dimensiones (l x w x h): 70 x 29 x 12 mm (2.76 x 1.14 x 0.47 in.)<\/td>\n<\/tr>\n<tr>\n<td>Peso neto: 30 g (1,06 oz.)<\/td>\n<\/tr>\n<tr>\n<td>Peso bruto: 56 g (1.98 oz.)<\/td>\n<\/tr>\n<tr>\n<td>Longitud del cable: 11 cm (4 pulg.)<\/td>\n<\/tr>\n<tr>\n<td>Di\u00e1metro del cable: 34 awg<\/td>\n<\/tr>\n<tr>\n<td>Carcasa de aluminio<\/td>\n<\/tr>\n<tr>\n<td>Entorno de funcionamiento<\/td>\n<\/tr>\n<tr>\n<td>Temperatura de funcionamiento: 0 &#8211; 45\u00b0c (32 &#8211; 113\u00b0f)<\/td>\n<\/tr>\n<tr>\n<td>Temperatura de almacenamiento: -10 &#8211; 70\u00b0c (14 &#8211; 158\u00b0f)<\/td>\n<\/tr>\n<tr>\n<td>Humedad (sin condensaci\u00f3n): 5 &#8211; 90% hr<\/td>\n<\/tr>\n<tr>\n<td>Requerimientos de sistema<\/td>\n<\/tr>\n<tr>\n<td>Windows 7\/8.1\/10\/11, chrome os, macos, ipados o android<\/td>\n<\/tr>\n<tr>\n<td>Nota: la resoluci\u00f3n en chrome os est\u00e1 limitada a 4k@30hz<\/td>\n<\/tr>\n<tr>\n<td>Contenidos del envase<\/td>\n<\/tr>\n<tr>\n<td>Convertidor docking usb-c a hdmi, 3 en 1 con pd<\/td>\n<\/tr>\n<tr>\n<td>Instrucciones de uso<\/td>\n<\/tr>\n<\/table>\n","protected":false},"excerpt":{"rendered":"<p>Convertidor usb-c a hdmi 4k@60hz para conectar tu laptop, macbook\u00ae, tel\u00e9fono inteligente o tableta a una pantalla hdmi, adem\u00e1s de poder conectar un perif\u00e9rico usb-a y suministrar energ\u00eda por el puerto de carga power delivery. El convertidor docking usb-c a hdmi 3 en 1 con suministro de energ\u00eda de manhattan establece un v\u00ednculo r\u00e1pido, simple y conveniente entre una fuente de video con usb tipo c (como una laptop, una pc, una macbook\u00ae, chromebook\u0099, computadora, tableta, etc.) y una pantalla hdmi (monitor, tv o proyector) para im\u00e1genes 4k a 60 hz en modo espejo o pantalla extendida. Crea una miniestaci\u00f3n de trabajo agregando cualquier perif\u00e9rico usb 3.2 gen 1 (anteriormente usb 3.0), como un mouse, un teclado, un dispositivo de memoria externo y al puerto usb-a. Este convertidor de acoplamiento multipuerto es f\u00e1cil y r\u00e1pido de instalar. No se requiere ninguna configuraci\u00f3n complicada para mejorar la funcionalidad de tu dispositivo usb-c. Su dise\u00f1o todo en uno logra una soluci\u00f3n compacta e integrada que elimina cables, enredos y desorden innecesarios para mantener las instalaciones y los espacios de trabajo limpios y ordenados. Potencia de carga de hasta 85 w con suministro de energ\u00eda (pd) usb-c. El puerto usb-c pd incluido te permite cargar tu laptop con una potencia de hasta 85 w mientras se carga simult\u00e1neamente otro dispositivo m\u00f3vil, como tel\u00e9fonos inteligentes o tabletas, a trav\u00e9s del puerto usb-a. La funci\u00f3n power delivery tambi\u00e9n proporciona una carga m\u00e1s r\u00e1pida que los cargadores est\u00e1ndar, ya que determina las necesidades de energ\u00eda de los dispositivos compatibles y la suministra al ritmo m\u00e1s r\u00e1pido y seguro. Lleva tu tel\u00e9fono a la pantalla grande. Si cuentas con un tel\u00e9fono inteligente o una tableta que admita salida de video a trav\u00e9s del modo alternativo dp usb-c, podr\u00e1s disfrutar a\u00fan m\u00e1s de sus aplicaciones y medios. Mira un v\u00eddeo en tu monitor o hojee las diapositivas de tu presentaci\u00f3n en un proyector y todo desde tu tel\u00e9fono. Nota: es importante verificar la compatibilidad de tu celular o tableta para la funci\u00f3n de escritorio, ya que no todos los tel\u00e9fonos lo incluyen. Un adaptador multipuerto dise\u00f1ado para llevar a donde quiera que vayas. La carcasa de aluminio muy compacta hace de este convertidor usb-c a hdmi el compa\u00f1ero de viaje perfecto. Es lo suficientemente peque\u00f1o como para caber en el bolsillo exterior de un malet\u00edn de laptop, por lo que puedes crear una mini estaci\u00f3n de trabajo para tu laptopl dondequiera que vayas. Conecta f\u00e1cilmente un dispositivo usb-c a una pantalla hdmi y un perif\u00e9rico usb-a mientras cargas ambos dispositivos usb. Resoluciones de ultra alta definici\u00f3n (uhd) 4k@60hz (3840\u00d72160. Un puerto usb 3.2 gen 1 tipo a (anteriormente usb 3.0) con velocidades de transferencia superspeed de hasta 5 gbps y carga de hasta 5 w (5 v\/1 a. El puerto usb-a es ideal para conectar un mouse, un teclado o una memoria usb (y m\u00e1s) o tambi\u00e9n para cargar y sincronizar un dispositivo electr\u00f3nico. Admite la funci\u00f3n usb power delivery (pd) de hasta 85 w; requiere un cargador pd externo, disponible en manhattan. Compatible con todas las computadoras de escritorio, laptops y tabletas compatibles con usb-c dp-alt-mode, incluidos apple\u00ae macbook\u00ae, cromebook\u0099, pixel\u0099 y m\u00e1s. Carcasa de aluminio resistente y elegante, ideal para la oficina o para los viajes. Cable resistente de 11 cm (4 pulg.) moldeado con revestimiento de aluminio. Deja que tu smartphone funcione como una pc* de escritorio al mismo tiempo que se carga (*la configuraci\u00f3n de escritorio requiere dispositivos con android 9 o superior que ofrezcan salida de v\u00eddeo a trav\u00e9s de usb-c). Verifique las especificaciones de su dispositivo. Instalaci\u00f3n plug-and-play; compatible con windows\u00ae, macos\u00ae, chrome os\u0099, ipados\u00ae y android?. Compatible con interfaces usb4\u00ae y thunderbolt\u0099 3\/4. Totalmente compatible con hdcp 2.3, compatible con versiones anteriores<\/p>\n","protected":false},"featured_media":242002,"comment_status":"open","ping_status":"open","template":"","meta":[],"product_cat":[1485,1581],"product_tag":[1487],"acf":[],"yoast_head":"<!-- This site is optimized with the Yoast SEO plugin v21.7 - https:\/\/yoast.com\/wordpress\/plugins\/seo\/ -->\n<title>[ Manhattan ] &#129351; 190299 Docking,,, Usb-c 3 Ptos, Hdmi 4k@60hz, Usb-c<\/title>\n<meta name=\"description\" content=\"Compra 190299 Docking,,, Usb-c 3 Ptos, Hdmi 4k@60hz, Usb-c + Env\u00edo a domicilio + Pago seguro + Garant\u00eda\" \/>\n<meta name=\"robots\" content=\"index, follow, max-snippet:-1, max-image-preview:large, max-video-preview:-1\" \/>\n<link rel=\"canonical\" href=\"https:\/\/compuviper.mx\/tienda\/producto\/manhattan-190299-docking-usb-c-3-ptos-hdmi-4k60hz-usb-c\/\" \/>\n<meta property=\"og:locale\" content=\"es_MX\" \/>\n<meta property=\"og:type\" content=\"article\" \/>\n<meta property=\"og:title\" content=\"[ Manhattan ] &#129351; 190299 Docking,,, Usb-c 3 Ptos, Hdmi 4k@60hz, Usb-c\" \/>\n<meta property=\"og:description\" content=\"Compra 190299 Docking,,, Usb-c 3 Ptos, Hdmi 4k@60hz, Usb-c + Env\u00edo a domicilio + Pago seguro + Garant\u00eda\" \/>\n<meta property=\"og:url\" content=\"https:\/\/compuviper.mx\/tienda\/producto\/manhattan-190299-docking-usb-c-3-ptos-hdmi-4k60hz-usb-c\/\" \/>\n<meta property=\"og:site_name\" content=\"Compuviper\" \/>\n<meta property=\"article:publisher\" content=\"https:\/\/www.facebook.com\/compuviper\" \/>\n<meta property=\"og:image\" content=\"https:\/\/compuviper.mx\/tienda\/wp-content\/uploads\/2024\/09\/Dockingmanhattan190299-usb-c-3-ptos-hdmi-4k@60hz-usb-c.jpg\" \/>\n\t<meta property=\"og:image:width\" content=\"200\" \/>\n\t<meta property=\"og:image:height\" content=\"200\" \/>\n\t<meta property=\"og:image:type\" content=\"image\/jpeg\" \/>\n<meta name=\"twitter:card\" content=\"summary_large_image\" \/>\n<meta name=\"twitter:label1\" content=\"Precio\" \/>\n\t<meta name=\"twitter:data1\" content=\"&#36;393 con IVA\" \/>\n\t<meta name=\"twitter:label2\" content=\"Availability\" \/>\n\t<meta name=\"twitter:data2\" content=\"Out of stock\" \/>\n<script type=\"application\/ld+json\" class=\"yoast-schema-graph\">{\"@context\":\"https:\/\/schema.org\",\"@graph\":[{\"@type\":\"WebPage\",\"@id\":\"https:\/\/compuviper.mx\/tienda\/producto\/manhattan-190299-docking-usb-c-3-ptos-hdmi-4k60hz-usb-c\/\",\"url\":\"https:\/\/compuviper.mx\/tienda\/producto\/manhattan-190299-docking-usb-c-3-ptos-hdmi-4k60hz-usb-c\/\",\"name\":\"[ Manhattan ] &#129351; 190299 Docking,,, Usb-c 3 Ptos, Hdmi 4k@60hz, Usb-c\",\"isPartOf\":{\"@id\":\"https:\/\/compuviper.mx\/tienda\/#website\"},\"datePublished\":\"2026-04-02T05:13:33+00:00\",\"dateModified\":\"2026-04-02T05:13:33+00:00\",\"description\":\"Compra 190299 Docking,,, Usb-c 3 Ptos, Hdmi 4k@60hz, Usb-c + Env\u00edo a domicilio + Pago seguro + Garant\u00eda\",\"breadcrumb\":{\"@id\":\"https:\/\/compuviper.mx\/tienda\/producto\/manhattan-190299-docking-usb-c-3-ptos-hdmi-4k60hz-usb-c\/#breadcrumb\"},\"inLanguage\":\"es-MX\",\"potentialAction\":[{\"@type\":\"ReadAction\",\"target\":[\"https:\/\/compuviper.mx\/tienda\/producto\/manhattan-190299-docking-usb-c-3-ptos-hdmi-4k60hz-usb-c\/\"]}]},{\"@type\":\"BreadcrumbList\",\"@id\":\"https:\/\/compuviper.mx\/tienda\/producto\/manhattan-190299-docking-usb-c-3-ptos-hdmi-4k60hz-usb-c\/#breadcrumb\",\"itemListElement\":[{\"@type\":\"ListItem\",\"position\":1,\"name\":\"Inicio\",\"item\":\"https:\/\/compuviper.mx\/tienda\/\"},{\"@type\":\"ListItem\",\"position\":2,\"name\":\"Productos\",\"item\":\"https:\/\/compuviper.mx\/tienda\/productos\/\"},{\"@type\":\"ListItem\",\"position\":3,\"name\":\"Accesorios\",\"item\":\"https:\/\/compuviper.mx\/tienda\/categoria-producto\/accesorios\/\"},{\"@type\":\"ListItem\",\"position\":4,\"name\":\"Redes\",\"item\":\"https:\/\/compuviper.mx\/tienda\/categoria-producto\/accesorios\/redes-accesorios\/\"},{\"@type\":\"ListItem\",\"position\":5,\"name\":\"Manhattan 190299 Docking,,, Usb-c 3 Ptos, Hdmi 4k@60hz, Usb-c\"}]},{\"@type\":\"WebSite\",\"@id\":\"https:\/\/compuviper.mx\/tienda\/#website\",\"url\":\"https:\/\/compuviper.mx\/tienda\/\",\"name\":\"Compuviper\",\"description\":\"Proveedor de Computadoras, Laptops, Servidores, Monitores, Puntos de Venta, Teclados,   Impresoras, T\u00f3ner, C\u00e1maras de Seguridad y m\u00e1s en tu tienda en l\u00ednea\",\"publisher\":{\"@id\":\"https:\/\/compuviper.mx\/tienda\/#organization\"},\"potentialAction\":[{\"@type\":\"SearchAction\",\"target\":{\"@type\":\"EntryPoint\",\"urlTemplate\":\"https:\/\/compuviper.mx\/tienda\/?s={search_term_string}\"},\"query-input\":\"required name=search_term_string\"}],\"inLanguage\":\"es-MX\"},{\"@type\":\"Organization\",\"@id\":\"https:\/\/compuviper.mx\/tienda\/#organization\",\"name\":\"Compuviper\",\"url\":\"https:\/\/compuviper.mx\/tienda\/\",\"logo\":{\"@type\":\"ImageObject\",\"inLanguage\":\"es-MX\",\"@id\":\"https:\/\/compuviper.mx\/tienda\/#\/schema\/logo\/image\/\",\"url\":\"https:\/\/compuviper.mx\/tienda\/wp-content\/uploads\/2021\/08\/Logo-Compuviper-10.png\",\"contentUrl\":\"https:\/\/compuviper.mx\/tienda\/wp-content\/uploads\/2021\/08\/Logo-Compuviper-10.png\",\"width\":1000,\"height\":500,\"caption\":\"Compuviper\"},\"image\":{\"@id\":\"https:\/\/compuviper.mx\/tienda\/#\/schema\/logo\/image\/\"},\"sameAs\":[\"https:\/\/www.facebook.com\/compuviper\",\"https:\/\/www.youtube.com\/channel\/UCf73dERp9Y3cfOq7q8BhLjA?view_as=subscriber\"]}]}<\/script>\n<meta property=\"product:brand\" content=\"MANHATTAN\" \/>\n<meta property=\"product:price:amount\" content=\"393\" \/>\n<meta property=\"product:price:currency\" content=\"MXN\" \/>\n<meta property=\"og:availability\" content=\"out of stock\" \/>\n<meta property=\"product:availability\" content=\"out of stock\" \/>\n<meta property=\"product:retailer_item_id\" content=\"190299\" \/>\n<meta property=\"product:condition\" content=\"new\" \/>\n<!-- \/ Yoast SEO plugin. -->","yoast_head_json":{"title":"[ Manhattan ] &#129351; 190299 Docking,,, Usb-c 3 Ptos, Hdmi 4k@60hz, Usb-c","description":"Compra 190299 Docking,,, Usb-c 3 Ptos, Hdmi 4k@60hz, Usb-c + Env\u00edo a domicilio + Pago seguro + Garant\u00eda","robots":{"index":"index","follow":"follow","max-snippet":"max-snippet:-1","max-image-preview":"max-image-preview:large","max-video-preview":"max-video-preview:-1"},"canonical":"https:\/\/compuviper.mx\/tienda\/producto\/manhattan-190299-docking-usb-c-3-ptos-hdmi-4k60hz-usb-c\/","og_locale":"es_MX","og_type":"article","og_title":"[ Manhattan ] &#129351; 190299 Docking,,, Usb-c 3 Ptos, Hdmi 4k@60hz, Usb-c","og_description":"Compra 190299 Docking,,, Usb-c 3 Ptos, Hdmi 4k@60hz, Usb-c + Env\u00edo a domicilio + Pago seguro + Garant\u00eda","og_url":"https:\/\/compuviper.mx\/tienda\/producto\/manhattan-190299-docking-usb-c-3-ptos-hdmi-4k60hz-usb-c\/","og_site_name":"Compuviper","article_publisher":"https:\/\/www.facebook.com\/compuviper","og_image":[{"width":200,"height":200,"url":"https:\/\/compuviper.mx\/tienda\/wp-content\/uploads\/2024\/09\/Dockingmanhattan190299-usb-c-3-ptos-hdmi-4k@60hz-usb-c.jpg","type":"image\/jpeg"}],"twitter_card":"summary_large_image","twitter_misc":{"Precio":"&#36;393 con IVA","Availability":"Out of stock"},"schema":{"@context":"https:\/\/schema.org","@graph":[{"@type":"WebPage","@id":"https:\/\/compuviper.mx\/tienda\/producto\/manhattan-190299-docking-usb-c-3-ptos-hdmi-4k60hz-usb-c\/","url":"https:\/\/compuviper.mx\/tienda\/producto\/manhattan-190299-docking-usb-c-3-ptos-hdmi-4k60hz-usb-c\/","name":"[ Manhattan ] &#129351; 190299 Docking,,, Usb-c 3 Ptos, Hdmi 4k@60hz, Usb-c","isPartOf":{"@id":"https:\/\/compuviper.mx\/tienda\/#website"},"datePublished":"2026-04-02T05:13:33+00:00","dateModified":"2026-04-02T05:13:33+00:00","description":"Compra 190299 Docking,,, Usb-c 3 Ptos, Hdmi 4k@60hz, Usb-c + Env\u00edo a domicilio + Pago seguro + Garant\u00eda","breadcrumb":{"@id":"https:\/\/compuviper.mx\/tienda\/producto\/manhattan-190299-docking-usb-c-3-ptos-hdmi-4k60hz-usb-c\/#breadcrumb"},"inLanguage":"es-MX","potentialAction":[{"@type":"ReadAction","target":["https:\/\/compuviper.mx\/tienda\/producto\/manhattan-190299-docking-usb-c-3-ptos-hdmi-4k60hz-usb-c\/"]}]},{"@type":"BreadcrumbList","@id":"https:\/\/compuviper.mx\/tienda\/producto\/manhattan-190299-docking-usb-c-3-ptos-hdmi-4k60hz-usb-c\/#breadcrumb","itemListElement":[{"@type":"ListItem","position":1,"name":"Inicio","item":"https:\/\/compuviper.mx\/tienda\/"},{"@type":"ListItem","position":2,"name":"Productos","item":"https:\/\/compuviper.mx\/tienda\/productos\/"},{"@type":"ListItem","position":3,"name":"Accesorios","item":"https:\/\/compuviper.mx\/tienda\/categoria-producto\/accesorios\/"},{"@type":"ListItem","position":4,"name":"Redes","item":"https:\/\/compuviper.mx\/tienda\/categoria-producto\/accesorios\/redes-accesorios\/"},{"@type":"ListItem","position":5,"name":"Manhattan 190299 Docking,,, Usb-c 3 Ptos, Hdmi 4k@60hz, Usb-c"}]},{"@type":"WebSite","@id":"https:\/\/compuviper.mx\/tienda\/#website","url":"https:\/\/compuviper.mx\/tienda\/","name":"Compuviper","description":"Proveedor de Computadoras, Laptops, Servidores, Monitores, Puntos de Venta, Teclados,   Impresoras, T\u00f3ner, C\u00e1maras de Seguridad y m\u00e1s en tu tienda en l\u00ednea","publisher":{"@id":"https:\/\/compuviper.mx\/tienda\/#organization"},"potentialAction":[{"@type":"SearchAction","target":{"@type":"EntryPoint","urlTemplate":"https:\/\/compuviper.mx\/tienda\/?s={search_term_string}"},"query-input":"required name=search_term_string"}],"inLanguage":"es-MX"},{"@type":"Organization","@id":"https:\/\/compuviper.mx\/tienda\/#organization","name":"Compuviper","url":"https:\/\/compuviper.mx\/tienda\/","logo":{"@type":"ImageObject","inLanguage":"es-MX","@id":"https:\/\/compuviper.mx\/tienda\/#\/schema\/logo\/image\/","url":"https:\/\/compuviper.mx\/tienda\/wp-content\/uploads\/2021\/08\/Logo-Compuviper-10.png","contentUrl":"https:\/\/compuviper.mx\/tienda\/wp-content\/uploads\/2021\/08\/Logo-Compuviper-10.png","width":1000,"height":500,"caption":"Compuviper"},"image":{"@id":"https:\/\/compuviper.mx\/tienda\/#\/schema\/logo\/image\/"},"sameAs":["https:\/\/www.facebook.com\/compuviper","https:\/\/www.youtube.com\/channel\/UCf73dERp9Y3cfOq7q8BhLjA?view_as=subscriber"]}]},"product_brand":"MANHATTAN","product_price_amount":"393","product_price_currency":"MXN","og_availability":"out of stock","product_availability":"out of stock","product_retailer_item_id":"190299","product_condition":"new"},"_links":{"self":[{"href":"https:\/\/compuviper.mx\/tienda\/wp-json\/wp\/v2\/product\/240140"}],"collection":[{"href":"https:\/\/compuviper.mx\/tienda\/wp-json\/wp\/v2\/product"}],"about":[{"href":"https:\/\/compuviper.mx\/tienda\/wp-json\/wp\/v2\/types\/product"}],"replies":[{"embeddable":true,"href":"https:\/\/compuviper.mx\/tienda\/wp-json\/wp\/v2\/comments?post=240140"}],"wp:featuredmedia":[{"embeddable":true,"href":"https:\/\/compuviper.mx\/tienda\/wp-json\/wp\/v2\/media\/242002"}],"wp:attachment":[{"href":"https:\/\/compuviper.mx\/tienda\/wp-json\/wp\/v2\/media?parent=240140"}],"wp:term":[{"taxonomy":"product_cat","embeddable":true,"href":"https:\/\/compuviper.mx\/tienda\/wp-json\/wp\/v2\/product_cat?post=240140"},{"taxonomy":"product_tag","embeddable":true,"href":"https:\/\/compuviper.mx\/tienda\/wp-json\/wp\/v2\/product_tag?post=240140"}],"curies":[{"name":"wp","href":"https:\/\/api.w.org\/{rel}","templated":true}]}}