{"id":240138,"date":"2026-04-01T23:13:32","date_gmt":"2026-04-02T05:13:32","guid":{"rendered":"https:\/\/compuviper.mx\/tienda\/producto\/manhattan-462426-soporte-tv-p-pared-35kg-37-a-70-articulado-giro-nivel\/"},"modified":"2026-04-01T23:13:32","modified_gmt":"2026-04-02T05:13:32","slug":"manhattan-462426-soporte-tv-p-pared-35kg-37-a-70-articulado-giro-nivel","status":"publish","type":"product","link":"https:\/\/compuviper.mx\/tienda\/producto\/manhattan-462426-soporte-tv-p-pared-35kg-37-a-70-articulado-giro-nivel\/","title":{"rendered":"Manhattan 462426 Soporte Tv,, , P\/pared 35kg, 37 A 70 Articulado, Giro, Nivel"},"content":{"rendered":"<table class=\"descripcion\">\n<tr>\n<td>Soporte de pared con brazo articulado para pantalla &#8211; montaje totalmente ajustable para adaptarse a casi cualquier espacio<\/td>\n<\/tr>\n<tr>\n<td>Este resistente soporte de pared de la marca manhattan, sujeta con seguridad tu pantalla en dos brazos articulados y proporciona vistas optimizadas con un ajuste de inclinaci\u00f3n de +3 a -15\u00b0 y de giro de +\/-60\u00b0. se adapta a pantallas lcd, oled o de plasma planos y curvos de hasta 70 y con un peso de hasta 35 kg (77 lbs.) con conformidad vesa de hasta 600&#215;400. con el nivel de burbuja incluido y el ajuste de nivelaci\u00f3n del poste de +\/-3\u00b0, ayuda a que el soporte quede perfectamente horizontal en la pared, y as\u00ed tener todo listo para una instalaci\u00f3n segura por encima del suelo. este soporte es ideal para aplicaciones residenciales, de oficina, hosteler\u00eda, aulas, salas de conferencias, se\u00f1alizaci\u00f3n digital y otras aplicaciones comerciales. dondequiera que lo instales, el soporte de pared universal manhattan con movimeinto completo, ayudar\u00e1 con la mejor experiencia de visualizaci\u00f3n de tu pantalla al frente y al centro.<\/td>\n<\/tr>\n<tr>\n<td>Soporta una pantalla plana o curva de 37 a 70 de hasta 35 kg (77 lbs.)<\/td>\n<\/tr>\n<tr>\n<td>Vistas optimizadas con inclinaci\u00f3n de +3 a -15\u00b0, giro de +\/-60\u00b0 y ajuste de nivelaci\u00f3n posterior a la instalaci\u00f3n de +\/- 3\u00b0.<\/td>\n<\/tr>\n<tr>\n<td>Extiende el televisor de 63 mm a 358 mm (2.5 a 14.1 in.) de la pared<\/td>\n<\/tr>\n<tr>\n<td>Construcci\u00f3n de acero resistente con recubrimiento en polvo<\/td>\n<\/tr>\n<tr>\n<td>Incluye nivel de burbuja desmontable<\/td>\n<\/tr>\n<tr>\n<td>Organizadores de cables integrados para evitar el desorden<\/td>\n<\/tr>\n<tr>\n<td>F\u00e1cil instalaci\u00f3n; ideal para aplicaciones dom\u00e9sticas, de oficina y comerciales<\/td>\n<\/tr>\n<tr>\n<td>Cumple los est\u00e1ndares vesa de 100&#215;100 a 600&#215;400 (e.g., 100&#215;100, 100&#215;150, 150&#215;100, 100&#215;200, 200&#215;100, 150&#215;150, 200&#215;200, 300&#215;200, 400&#215;200, 300&#215;300, 400&#215;300, 400&#215;400, 600&#215;300, 600&#215;400)<\/td>\n<\/tr>\n<\/table>\n","protected":false},"excerpt":{"rendered":"<p>Dise\u00f1ado para la mayor\u00eda de pantallas planas y curvas de 37 a 70. Capacidad de peso: 35 kg (77 lbs.. Inclinaci\u00f3n +3 a -15. Giro +\/-60?. Ajuste de nivelaci\u00f3n tras la instalaci\u00f3n +\/-3?. Dimensiones (l x w x h): 358 x 640 x 420 mm (14.09 x 25.2 x 16.54 in.. Perfil de pared: 63 to 358 mm (2.5 to 14.1 in.. Peso neto: 2.52 kg (5.56 lbs.. Peso bruto: 3.02 kg (6.67 lbs.. Material: acero. Cumple con los est\u00e1ndares vesa: 100&#215;100, 100&#215;150, 150&#215;100, 100&#215;200, 200&#215;100, 150&#215;150, 200&#215;200, 300&#215;200, 400&#215;200, 300&#215;300, 400&#215;300, 600&#215;200, 400&#215;400, 600&#215;300, 600&#215;400. Contenido del paquete. Soporte con brazo articulado para pantalla. Nivel de burbuja adherible. Piezas para montaje y herramienta<\/p>\n","protected":false},"featured_media":242000,"comment_status":"open","ping_status":"open","template":"","meta":[],"product_cat":[2321,2265],"product_tag":[1487],"acf":[],"yoast_head":"<!-- This site is optimized with the Yoast SEO plugin v21.7 - https:\/\/yoast.com\/wordpress\/plugins\/seo\/ -->\n<title>[ Manhattan ] &#129351; 462426 Soporte Tv,, , P\/pared 35kg, 37 A 70 Articulado, Giro, Nivel<\/title>\n<meta name=\"description\" content=\"Compra 462426 Soporte Tv,, , P\/pared 35kg, 37 A 70 Articulado, Giro, Nivel + Env\u00edo a domicilio + Pago seguro + Garant\u00eda\" \/>\n<meta name=\"robots\" content=\"index, follow, max-snippet:-1, max-image-preview:large, max-video-preview:-1\" \/>\n<link rel=\"canonical\" href=\"https:\/\/compuviper.mx\/tienda\/producto\/manhattan-462426-soporte-tv-p-pared-35kg-37-a-70-articulado-giro-nivel\/\" \/>\n<meta property=\"og:locale\" content=\"es_MX\" \/>\n<meta property=\"og:type\" content=\"article\" \/>\n<meta property=\"og:title\" content=\"[ Manhattan ] &#129351; 462426 Soporte Tv,, , P\/pared 35kg, 37 A 70 Articulado, Giro, Nivel\" \/>\n<meta property=\"og:description\" content=\"Compra 462426 Soporte Tv,, , P\/pared 35kg, 37 A 70 Articulado, Giro, Nivel + Env\u00edo a domicilio + Pago seguro + Garant\u00eda\" \/>\n<meta property=\"og:url\" content=\"https:\/\/compuviper.mx\/tienda\/producto\/manhattan-462426-soporte-tv-p-pared-35kg-37-a-70-articulado-giro-nivel\/\" \/>\n<meta property=\"og:site_name\" content=\"Compuviper\" \/>\n<meta property=\"article:publisher\" content=\"https:\/\/www.facebook.com\/compuviper\" \/>\n<meta property=\"og:image\" content=\"https:\/\/compuviper.mx\/tienda\/wp-content\/uploads\/2024\/09\/Soporte-tvmanhattan-462426-ppared-35kg-37-a-70-articulado-giro-nivel.jpg\" \/>\n\t<meta property=\"og:image:width\" content=\"200\" \/>\n\t<meta property=\"og:image:height\" content=\"200\" \/>\n\t<meta property=\"og:image:type\" content=\"image\/jpeg\" \/>\n<meta name=\"twitter:card\" content=\"summary_large_image\" \/>\n<meta name=\"twitter:label1\" content=\"Precio\" \/>\n\t<meta name=\"twitter:data1\" content=\"&#36;609 con IVA\" \/>\n\t<meta name=\"twitter:label2\" content=\"Availability\" \/>\n\t<meta name=\"twitter:data2\" content=\"In stock\" \/>\n<script type=\"application\/ld+json\" class=\"yoast-schema-graph\">{\"@context\":\"https:\/\/schema.org\",\"@graph\":[{\"@type\":\"WebPage\",\"@id\":\"https:\/\/compuviper.mx\/tienda\/producto\/manhattan-462426-soporte-tv-p-pared-35kg-37-a-70-articulado-giro-nivel\/\",\"url\":\"https:\/\/compuviper.mx\/tienda\/producto\/manhattan-462426-soporte-tv-p-pared-35kg-37-a-70-articulado-giro-nivel\/\",\"name\":\"[ Manhattan ] &#129351; 462426 Soporte Tv,, , P\/pared 35kg, 37 A 70 Articulado, Giro, Nivel\",\"isPartOf\":{\"@id\":\"https:\/\/compuviper.mx\/tienda\/#website\"},\"datePublished\":\"2026-04-02T05:13:32+00:00\",\"dateModified\":\"2026-04-02T05:13:32+00:00\",\"description\":\"Compra 462426 Soporte Tv,, , P\/pared 35kg, 37 A 70 Articulado, Giro, Nivel + Env\u00edo a domicilio + Pago seguro + Garant\u00eda\",\"breadcrumb\":{\"@id\":\"https:\/\/compuviper.mx\/tienda\/producto\/manhattan-462426-soporte-tv-p-pared-35kg-37-a-70-articulado-giro-nivel\/#breadcrumb\"},\"inLanguage\":\"es-MX\",\"potentialAction\":[{\"@type\":\"ReadAction\",\"target\":[\"https:\/\/compuviper.mx\/tienda\/producto\/manhattan-462426-soporte-tv-p-pared-35kg-37-a-70-articulado-giro-nivel\/\"]}]},{\"@type\":\"BreadcrumbList\",\"@id\":\"https:\/\/compuviper.mx\/tienda\/producto\/manhattan-462426-soporte-tv-p-pared-35kg-37-a-70-articulado-giro-nivel\/#breadcrumb\",\"itemListElement\":[{\"@type\":\"ListItem\",\"position\":1,\"name\":\"Inicio\",\"item\":\"https:\/\/compuviper.mx\/tienda\/\"},{\"@type\":\"ListItem\",\"position\":2,\"name\":\"Productos\",\"item\":\"https:\/\/compuviper.mx\/tienda\/productos\/\"},{\"@type\":\"ListItem\",\"position\":3,\"name\":\"Soportes Y Bases P\/tv\/ Proyectores\/dvd\/consolas\/bocinas\/pantallas\/monotores\",\"item\":\"https:\/\/compuviper.mx\/tienda\/categoria-producto\/soportes-y-bases-p-tv-proyectores-dvd-consolas-bocinas-pantallas-monotores\/\"},{\"@type\":\"ListItem\",\"position\":4,\"name\":\"Soporte Y Base Para Tv\/pantallas\/monitores\/kiosko\",\"item\":\"https:\/\/compuviper.mx\/tienda\/categoria-producto\/soportes-y-bases-p-tv-proyectores-dvd-consolas-bocinas-pantallas-monotores\/soporte-y-base-para-tv-pantallas-monitores-kiosko\/\"},{\"@type\":\"ListItem\",\"position\":5,\"name\":\"Manhattan 462426 Soporte Tv,, , P\/pared 35kg, 37 A 70 Articulado, Giro, Nivel\"}]},{\"@type\":\"WebSite\",\"@id\":\"https:\/\/compuviper.mx\/tienda\/#website\",\"url\":\"https:\/\/compuviper.mx\/tienda\/\",\"name\":\"Compuviper\",\"description\":\"Proveedor de Computadoras, Laptops, Servidores, Monitores, Puntos de Venta, Teclados,   Impresoras, T\u00f3ner, C\u00e1maras de Seguridad y m\u00e1s en tu tienda en l\u00ednea\",\"publisher\":{\"@id\":\"https:\/\/compuviper.mx\/tienda\/#organization\"},\"potentialAction\":[{\"@type\":\"SearchAction\",\"target\":{\"@type\":\"EntryPoint\",\"urlTemplate\":\"https:\/\/compuviper.mx\/tienda\/?s={search_term_string}\"},\"query-input\":\"required name=search_term_string\"}],\"inLanguage\":\"es-MX\"},{\"@type\":\"Organization\",\"@id\":\"https:\/\/compuviper.mx\/tienda\/#organization\",\"name\":\"Compuviper\",\"url\":\"https:\/\/compuviper.mx\/tienda\/\",\"logo\":{\"@type\":\"ImageObject\",\"inLanguage\":\"es-MX\",\"@id\":\"https:\/\/compuviper.mx\/tienda\/#\/schema\/logo\/image\/\",\"url\":\"https:\/\/compuviper.mx\/tienda\/wp-content\/uploads\/2021\/08\/Logo-Compuviper-10.png\",\"contentUrl\":\"https:\/\/compuviper.mx\/tienda\/wp-content\/uploads\/2021\/08\/Logo-Compuviper-10.png\",\"width\":1000,\"height\":500,\"caption\":\"Compuviper\"},\"image\":{\"@id\":\"https:\/\/compuviper.mx\/tienda\/#\/schema\/logo\/image\/\"},\"sameAs\":[\"https:\/\/www.facebook.com\/compuviper\",\"https:\/\/www.youtube.com\/channel\/UCf73dERp9Y3cfOq7q8BhLjA?view_as=subscriber\"]}]}<\/script>\n<meta property=\"product:brand\" content=\"MANHATTAN\" \/>\n<meta property=\"product:price:amount\" content=\"609\" \/>\n<meta property=\"product:price:currency\" content=\"MXN\" \/>\n<meta property=\"og:availability\" content=\"instock\" \/>\n<meta property=\"product:availability\" content=\"instock\" \/>\n<meta property=\"product:retailer_item_id\" content=\"462426\" \/>\n<meta property=\"product:condition\" content=\"new\" \/>\n<!-- \/ Yoast SEO plugin. -->","yoast_head_json":{"title":"[ Manhattan ] &#129351; 462426 Soporte Tv,, , P\/pared 35kg, 37 A 70 Articulado, Giro, Nivel","description":"Compra 462426 Soporte Tv,, , P\/pared 35kg, 37 A 70 Articulado, Giro, Nivel + Env\u00edo a domicilio + Pago seguro + Garant\u00eda","robots":{"index":"index","follow":"follow","max-snippet":"max-snippet:-1","max-image-preview":"max-image-preview:large","max-video-preview":"max-video-preview:-1"},"canonical":"https:\/\/compuviper.mx\/tienda\/producto\/manhattan-462426-soporte-tv-p-pared-35kg-37-a-70-articulado-giro-nivel\/","og_locale":"es_MX","og_type":"article","og_title":"[ Manhattan ] &#129351; 462426 Soporte Tv,, , P\/pared 35kg, 37 A 70 Articulado, Giro, Nivel","og_description":"Compra 462426 Soporte Tv,, , P\/pared 35kg, 37 A 70 Articulado, Giro, Nivel + Env\u00edo a domicilio + Pago seguro + Garant\u00eda","og_url":"https:\/\/compuviper.mx\/tienda\/producto\/manhattan-462426-soporte-tv-p-pared-35kg-37-a-70-articulado-giro-nivel\/","og_site_name":"Compuviper","article_publisher":"https:\/\/www.facebook.com\/compuviper","og_image":[{"width":200,"height":200,"url":"https:\/\/compuviper.mx\/tienda\/wp-content\/uploads\/2024\/09\/Soporte-tvmanhattan-462426-ppared-35kg-37-a-70-articulado-giro-nivel.jpg","type":"image\/jpeg"}],"twitter_card":"summary_large_image","twitter_misc":{"Precio":"&#36;609 con IVA","Availability":"In stock"},"schema":{"@context":"https:\/\/schema.org","@graph":[{"@type":"WebPage","@id":"https:\/\/compuviper.mx\/tienda\/producto\/manhattan-462426-soporte-tv-p-pared-35kg-37-a-70-articulado-giro-nivel\/","url":"https:\/\/compuviper.mx\/tienda\/producto\/manhattan-462426-soporte-tv-p-pared-35kg-37-a-70-articulado-giro-nivel\/","name":"[ Manhattan ] &#129351; 462426 Soporte Tv,, , P\/pared 35kg, 37 A 70 Articulado, Giro, Nivel","isPartOf":{"@id":"https:\/\/compuviper.mx\/tienda\/#website"},"datePublished":"2026-04-02T05:13:32+00:00","dateModified":"2026-04-02T05:13:32+00:00","description":"Compra 462426 Soporte Tv,, , P\/pared 35kg, 37 A 70 Articulado, Giro, Nivel + Env\u00edo a domicilio + Pago seguro + Garant\u00eda","breadcrumb":{"@id":"https:\/\/compuviper.mx\/tienda\/producto\/manhattan-462426-soporte-tv-p-pared-35kg-37-a-70-articulado-giro-nivel\/#breadcrumb"},"inLanguage":"es-MX","potentialAction":[{"@type":"ReadAction","target":["https:\/\/compuviper.mx\/tienda\/producto\/manhattan-462426-soporte-tv-p-pared-35kg-37-a-70-articulado-giro-nivel\/"]}]},{"@type":"BreadcrumbList","@id":"https:\/\/compuviper.mx\/tienda\/producto\/manhattan-462426-soporte-tv-p-pared-35kg-37-a-70-articulado-giro-nivel\/#breadcrumb","itemListElement":[{"@type":"ListItem","position":1,"name":"Inicio","item":"https:\/\/compuviper.mx\/tienda\/"},{"@type":"ListItem","position":2,"name":"Productos","item":"https:\/\/compuviper.mx\/tienda\/productos\/"},{"@type":"ListItem","position":3,"name":"Soportes Y Bases P\/tv\/ Proyectores\/dvd\/consolas\/bocinas\/pantallas\/monotores","item":"https:\/\/compuviper.mx\/tienda\/categoria-producto\/soportes-y-bases-p-tv-proyectores-dvd-consolas-bocinas-pantallas-monotores\/"},{"@type":"ListItem","position":4,"name":"Soporte Y Base Para Tv\/pantallas\/monitores\/kiosko","item":"https:\/\/compuviper.mx\/tienda\/categoria-producto\/soportes-y-bases-p-tv-proyectores-dvd-consolas-bocinas-pantallas-monotores\/soporte-y-base-para-tv-pantallas-monitores-kiosko\/"},{"@type":"ListItem","position":5,"name":"Manhattan 462426 Soporte Tv,, , P\/pared 35kg, 37 A 70 Articulado, Giro, Nivel"}]},{"@type":"WebSite","@id":"https:\/\/compuviper.mx\/tienda\/#website","url":"https:\/\/compuviper.mx\/tienda\/","name":"Compuviper","description":"Proveedor de Computadoras, Laptops, Servidores, Monitores, Puntos de Venta, Teclados,   Impresoras, T\u00f3ner, C\u00e1maras de Seguridad y m\u00e1s en tu tienda en l\u00ednea","publisher":{"@id":"https:\/\/compuviper.mx\/tienda\/#organization"},"potentialAction":[{"@type":"SearchAction","target":{"@type":"EntryPoint","urlTemplate":"https:\/\/compuviper.mx\/tienda\/?s={search_term_string}"},"query-input":"required name=search_term_string"}],"inLanguage":"es-MX"},{"@type":"Organization","@id":"https:\/\/compuviper.mx\/tienda\/#organization","name":"Compuviper","url":"https:\/\/compuviper.mx\/tienda\/","logo":{"@type":"ImageObject","inLanguage":"es-MX","@id":"https:\/\/compuviper.mx\/tienda\/#\/schema\/logo\/image\/","url":"https:\/\/compuviper.mx\/tienda\/wp-content\/uploads\/2021\/08\/Logo-Compuviper-10.png","contentUrl":"https:\/\/compuviper.mx\/tienda\/wp-content\/uploads\/2021\/08\/Logo-Compuviper-10.png","width":1000,"height":500,"caption":"Compuviper"},"image":{"@id":"https:\/\/compuviper.mx\/tienda\/#\/schema\/logo\/image\/"},"sameAs":["https:\/\/www.facebook.com\/compuviper","https:\/\/www.youtube.com\/channel\/UCf73dERp9Y3cfOq7q8BhLjA?view_as=subscriber"]}]},"product_brand":"MANHATTAN","product_price_amount":"609","product_price_currency":"MXN","og_availability":"instock","product_availability":"instock","product_retailer_item_id":"462426","product_condition":"new"},"_links":{"self":[{"href":"https:\/\/compuviper.mx\/tienda\/wp-json\/wp\/v2\/product\/240138"}],"collection":[{"href":"https:\/\/compuviper.mx\/tienda\/wp-json\/wp\/v2\/product"}],"about":[{"href":"https:\/\/compuviper.mx\/tienda\/wp-json\/wp\/v2\/types\/product"}],"replies":[{"embeddable":true,"href":"https:\/\/compuviper.mx\/tienda\/wp-json\/wp\/v2\/comments?post=240138"}],"wp:featuredmedia":[{"embeddable":true,"href":"https:\/\/compuviper.mx\/tienda\/wp-json\/wp\/v2\/media\/242000"}],"wp:attachment":[{"href":"https:\/\/compuviper.mx\/tienda\/wp-json\/wp\/v2\/media?parent=240138"}],"wp:term":[{"taxonomy":"product_cat","embeddable":true,"href":"https:\/\/compuviper.mx\/tienda\/wp-json\/wp\/v2\/product_cat?post=240138"},{"taxonomy":"product_tag","embeddable":true,"href":"https:\/\/compuviper.mx\/tienda\/wp-json\/wp\/v2\/product_tag?post=240138"}],"curies":[{"name":"wp","href":"https:\/\/api.w.org\/{rel}","templated":true}]}}