{"id":240130,"date":"2026-04-16T01:55:34","date_gmt":"2026-04-16T07:55:34","guid":{"rendered":"https:\/\/compuviper.mx\/tienda\/producto\/synology-sa3410-nas-12-bahias-8-nucleos-2-1-base-2-7turbo-ghz-16gb-ddr4-ecc-lan-gbe-x4-y-lan-10gbe-x2-usb-3-2-x-2-hasta-192-tb-y-con-expansin-hasta-1536-pt-hot-swap-intel-xeon-d-1541\/"},"modified":"2026-04-16T01:55:34","modified_gmt":"2026-04-16T07:55:34","slug":"synology-sa3410-nas-12-bahias-8-nucleos-2-1-base-2-7turbo-ghz-16gb-ddr4-ecc-lan-gbe-x4-y-lan-10gbe-x2-usb-3-2-x-2-hasta-192-tb-y-con-expansin-hasta-1536-pt-hot-swap-intel-xeon-d-1541","status":"publish","type":"product","link":"https:\/\/compuviper.mx\/tienda\/producto\/synology-sa3410-nas-12-bahias-8-nucleos-2-1-base-2-7turbo-ghz-16gb-ddr4-ecc-lan-gbe-x4-y-lan-10gbe-x2-usb-3-2-x-2-hasta-192-tb-y-con-expansin-hasta-1536-pt-hot-swap-intel-xeon-d-1541\/","title":{"rendered":"Synology Sa3410 Nas   12 Bahias\/8 Nucleos 2.1 Base 2.7turbo Ghz\/16gb Ddr4 Ecc \/lan Gbe X4 Y Lan 10gbe X2\/usb 3.2 X 2\/hasta 192 Tb Y Con Expansin Hasta 1536 Pt \/hot-swap \/intel Xeon D-1541"},"content":{"rendered":"<table class=\"descripcion\">\n<tr>\n<td>Descripcion tecnica<\/td>\n<\/tr>\n<tr>\n<td>Especificaciones t\u00e9cnicas<\/td>\n<\/tr>\n<tr>\n<td>Cpu sa3410<\/td>\n<\/tr>\n<tr>\n<td>Intel\u00ae xeon\u00ae d-1541<\/td>\n<\/tr>\n<tr>\n<td>Memoria 16 gb de rdimm ecc ddr4 (ampliable hasta 128 gb)<\/td>\n<\/tr>\n<tr>\n<td>Tipos de discos compatibles<\/td>\n<\/tr>\n<tr>\n<td>\u0095 and #8202; 12 x synology hdd sas\/sata de synology de 3,5,<\/td>\n<\/tr>\n<tr>\n<td>Ssd sata de 2,5 de synology o<\/td>\n<\/tr>\n<tr>\n<td>Ssd sas de 2,5 de synology<\/td>\n<\/tr>\n<tr>\n<td>(unidades no incluidas)<\/td>\n<\/tr>\n<tr>\n<td>Intercambiables en caliente       s\u00ed<\/td>\n<\/tr>\n<tr>\n<td>Puertos externos<\/td>\n<\/tr>\n<tr>\n<td>2 puertos usb 3.2 de 1.\u00aa generaci\u00f3n<\/td>\n<\/tr>\n<tr>\n<td>1 puertos de expansi\u00f3n (mini-sas hd)<\/td>\n<\/tr>\n<tr>\n<td>Factor de forma<\/td>\n<\/tr>\n<tr>\n<td>Montaje en bastidor 2u<\/td>\n<\/tr>\n<tr>\n<td>Tama\u00f1o (al. x an. x pr.)<\/td>\n<\/tr>\n<tr>\n<td>88 x 430,5 x 692 mm<\/td>\n<\/tr>\n<tr>\n<td>Peso 14,5 kg<\/td>\n<\/tr>\n<tr>\n<td>Puertos lan<\/td>\n<\/tr>\n<tr>\n<td> and #8202; 1 rj-45 de 1 gbe (gesti\u00f3n fuera de banda y transferencia de datos)<\/td>\n<\/tr>\n<tr>\n<td> and #8202; 4 rj-45 de 1 gbe (transferencia de datos)<\/td>\n<\/tr>\n<tr>\n<td> and #8202; 2 x 10 gbe rj-45<\/td>\n<\/tr>\n<tr>\n<td>Wake on lan\/wan<\/td>\n<\/tr>\n<tr>\n<td>S\u00ed (solo en puertos de 1 gbe)<\/td>\n<\/tr>\n<tr>\n<td>Expansi\u00f3n pcie<\/td>\n<\/tr>\n<tr>\n<td> 2 ranura x 8 de ancho, 8 carriles gen 3.0<\/td>\n<\/tr>\n<tr>\n<td>Encendido\/apagado programado:       s\u00ed<\/td>\n<\/tr>\n<tr>\n<td>Ventiladores del sistema 4 x (80 x 80 x 32 mm)<\/td>\n<\/tr>\n<tr>\n<td>Tensi\u00f3n de alimentaci\u00f3n de entrada ca<\/td>\n<\/tr>\n<tr>\n<td>De 100 a 240 v ca<\/td>\n<\/tr>\n<tr>\n<td>Frecuencia de alimentaci\u00f3n<\/td>\n<\/tr>\n<tr>\n<td>50\/60 hz, monof\u00e1sica<\/td>\n<\/tr>\n<tr>\n<td>Entorno operativo<\/td>\n<\/tr>\n<tr>\n<td>Temperatura: de 0 \u00b0c a 35 \u00b0c (de 32 \u00b0f a 95 \u00b0f)<\/td>\n<\/tr>\n<tr>\n<td>Humedad relativa: del 8 % al 80 % de hr<\/td>\n<\/tr>\n<tr>\n<td>Entorno de almacenamiento<\/td>\n<\/tr>\n<tr>\n<td>Temperatura: de -20 \u00b0c a 60 \u00b0c (de -5 \u00b0f a 140 \u00b0f)<\/td>\n<\/tr>\n<tr>\n<td>Humedad relativa: del 5 % al 95 % de hr<\/td>\n<\/tr>\n<tr>\n<td>Altitud operativa m\u00e1xima 5000 m<\/td>\n<\/tr>\n<\/table>\n","protected":false},"excerpt":{"rendered":"<p>Descripcion comercial. La serie sa3400 de synology est\u00e1 diseniiada para proporcionar a grandes empresas y estudios un almacenamiento de datos escalable y fiable. Con capacidad de almacenamiento y diferentes configuraciones de red, estos servidores con 12 bah\u00edas de montaje en bastidor son perfectos para empresas que necesitan almacenar grandes vol\u00famenes de datos sin sacrificar el rendimiento y la fiabilidad. Las soluciones avanzadas de gesti\u00f3n, alta disponibilidad y protecci\u00f3n de datos est\u00e1n disponibles en el sistema operativo synology diskstation manager (dsm).<\/p>\n","protected":false},"featured_media":243393,"comment_status":"open","ping_status":"open","template":"","meta":[],"product_cat":[1803,1804],"product_tag":[1561],"acf":[],"yoast_head":"<!-- This site is optimized with the Yoast SEO plugin v21.7 - https:\/\/yoast.com\/wordpress\/plugins\/seo\/ -->\n<title>[ Synology ] &#129351; Sa3410 Nas 12 Bahias\/8 Nucleos 2.1 Base 2.7turbo Ghz\/16gb Ddr4 Ecc \/lan Gbe X4 Y Lan 10gbe X2\/usb 3.2 X 2\/hasta 192 Tb Y Con Expansin Hasta 1536 Pt \/hot-swap \/intel Xeon D-1541<\/title>\n<meta name=\"description\" content=\"Compra Sa3410 Nas 12 Bahias\/8 Nucleos 2.1 Base 2.7turbo Ghz\/16gb Ddr4 Ecc \/lan Gbe X4 Y Lan 10gbe X2\/usb 3.2 X 2\/hasta 192 Tb Y Con Expansin Hasta 1536 Pt \/hot-swap \/intel Xeon D-1541 + Env\u00edo a domicilio + Pago seguro + Garant\u00eda\" \/>\n<meta name=\"robots\" content=\"index, follow, max-snippet:-1, max-image-preview:large, max-video-preview:-1\" \/>\n<link rel=\"canonical\" href=\"https:\/\/compuviper.mx\/tienda\/producto\/synology-sa3410-nas-12-bahias-8-nucleos-2-1-base-2-7turbo-ghz-16gb-ddr4-ecc-lan-gbe-x4-y-lan-10gbe-x2-usb-3-2-x-2-hasta-192-tb-y-con-expansin-hasta-1536-pt-hot-swap-intel-xeon-d-1541\/\" \/>\n<meta property=\"og:locale\" content=\"es_MX\" \/>\n<meta property=\"og:type\" content=\"article\" \/>\n<meta property=\"og:title\" content=\"[ Synology ] &#129351; Sa3410 Nas 12 Bahias\/8 Nucleos 2.1 Base 2.7turbo Ghz\/16gb Ddr4 Ecc \/lan Gbe X4 Y Lan 10gbe X2\/usb 3.2 X 2\/hasta 192 Tb Y Con Expansin Hasta 1536 Pt \/hot-swap \/intel Xeon D-1541\" \/>\n<meta property=\"og:description\" content=\"Compra Sa3410 Nas 12 Bahias\/8 Nucleos 2.1 Base 2.7turbo Ghz\/16gb Ddr4 Ecc \/lan Gbe X4 Y Lan 10gbe X2\/usb 3.2 X 2\/hasta 192 Tb Y Con Expansin Hasta 1536 Pt \/hot-swap \/intel Xeon D-1541 + Env\u00edo a domicilio + Pago seguro + Garant\u00eda\" \/>\n<meta property=\"og:url\" content=\"https:\/\/compuviper.mx\/tienda\/producto\/synology-sa3410-nas-12-bahias-8-nucleos-2-1-base-2-7turbo-ghz-16gb-ddr4-ecc-lan-gbe-x4-y-lan-10gbe-x2-usb-3-2-x-2-hasta-192-tb-y-con-expansin-hasta-1536-pt-hot-swap-intel-xeon-d-1541\/\" \/>\n<meta property=\"og:site_name\" content=\"Compuviper\" \/>\n<meta property=\"article:publisher\" content=\"https:\/\/www.facebook.com\/compuviper\" \/>\n<meta property=\"og:image\" content=\"https:\/\/compuviper.mx\/tienda\/wp-content\/uploads\/2024\/09\/Nas-synology-sa3410-12-bahias8-nucleos-2.1-base-2.7turbo-ghz16gb-ddr4-ecc-lan-gbe-x4-y-lan-10gbe-x2usb-3.2-x-2hasta-192-tb-y-con-expansin-hasta-1536-pt-hot-swap-intel-xeon-d-1541.jpg\" \/>\n\t<meta property=\"og:image:width\" content=\"200\" \/>\n\t<meta property=\"og:image:height\" content=\"200\" \/>\n\t<meta property=\"og:image:type\" content=\"image\/jpeg\" \/>\n<meta name=\"twitter:card\" content=\"summary_large_image\" \/>\n<meta name=\"twitter:label1\" content=\"Precio\" \/>\n\t<meta name=\"twitter:data1\" content=\"&#36;133,629 con IVA\" \/>\n\t<meta name=\"twitter:label2\" content=\"Availability\" \/>\n\t<meta name=\"twitter:data2\" content=\"In stock\" \/>\n<script type=\"application\/ld+json\" class=\"yoast-schema-graph\">{\"@context\":\"https:\/\/schema.org\",\"@graph\":[{\"@type\":\"WebPage\",\"@id\":\"https:\/\/compuviper.mx\/tienda\/producto\/synology-sa3410-nas-12-bahias-8-nucleos-2-1-base-2-7turbo-ghz-16gb-ddr4-ecc-lan-gbe-x4-y-lan-10gbe-x2-usb-3-2-x-2-hasta-192-tb-y-con-expansin-hasta-1536-pt-hot-swap-intel-xeon-d-1541\/\",\"url\":\"https:\/\/compuviper.mx\/tienda\/producto\/synology-sa3410-nas-12-bahias-8-nucleos-2-1-base-2-7turbo-ghz-16gb-ddr4-ecc-lan-gbe-x4-y-lan-10gbe-x2-usb-3-2-x-2-hasta-192-tb-y-con-expansin-hasta-1536-pt-hot-swap-intel-xeon-d-1541\/\",\"name\":\"[ Synology ] &#129351; Sa3410 Nas 12 Bahias\/8 Nucleos 2.1 Base 2.7turbo Ghz\/16gb Ddr4 Ecc \/lan Gbe X4 Y Lan 10gbe X2\/usb 3.2 X 2\/hasta 192 Tb Y Con Expansin Hasta 1536 Pt \/hot-swap \/intel Xeon D-1541\",\"isPartOf\":{\"@id\":\"https:\/\/compuviper.mx\/tienda\/#website\"},\"datePublished\":\"2026-04-16T07:55:34+00:00\",\"dateModified\":\"2026-04-16T07:55:34+00:00\",\"description\":\"Compra Sa3410 Nas 12 Bahias\/8 Nucleos 2.1 Base 2.7turbo Ghz\/16gb Ddr4 Ecc \/lan Gbe X4 Y Lan 10gbe X2\/usb 3.2 X 2\/hasta 192 Tb Y Con Expansin Hasta 1536 Pt \/hot-swap \/intel Xeon D-1541 + Env\u00edo a domicilio + Pago seguro + Garant\u00eda\",\"breadcrumb\":{\"@id\":\"https:\/\/compuviper.mx\/tienda\/producto\/synology-sa3410-nas-12-bahias-8-nucleos-2-1-base-2-7turbo-ghz-16gb-ddr4-ecc-lan-gbe-x4-y-lan-10gbe-x2-usb-3-2-x-2-hasta-192-tb-y-con-expansin-hasta-1536-pt-hot-swap-intel-xeon-d-1541\/#breadcrumb\"},\"inLanguage\":\"es-MX\",\"potentialAction\":[{\"@type\":\"ReadAction\",\"target\":[\"https:\/\/compuviper.mx\/tienda\/producto\/synology-sa3410-nas-12-bahias-8-nucleos-2-1-base-2-7turbo-ghz-16gb-ddr4-ecc-lan-gbe-x4-y-lan-10gbe-x2-usb-3-2-x-2-hasta-192-tb-y-con-expansin-hasta-1536-pt-hot-swap-intel-xeon-d-1541\/\"]}]},{\"@type\":\"BreadcrumbList\",\"@id\":\"https:\/\/compuviper.mx\/tienda\/producto\/synology-sa3410-nas-12-bahias-8-nucleos-2-1-base-2-7turbo-ghz-16gb-ddr4-ecc-lan-gbe-x4-y-lan-10gbe-x2-usb-3-2-x-2-hasta-192-tb-y-con-expansin-hasta-1536-pt-hot-swap-intel-xeon-d-1541\/#breadcrumb\",\"itemListElement\":[{\"@type\":\"ListItem\",\"position\":1,\"name\":\"Inicio\",\"item\":\"https:\/\/compuviper.mx\/tienda\/\"},{\"@type\":\"ListItem\",\"position\":2,\"name\":\"Productos\",\"item\":\"https:\/\/compuviper.mx\/tienda\/productos\/\"},{\"@type\":\"ListItem\",\"position\":3,\"name\":\"Almacenamiento\",\"item\":\"https:\/\/compuviper.mx\/tienda\/categoria-producto\/almacenamiento\/\"},{\"@type\":\"ListItem\",\"position\":4,\"name\":\"Sistema De Almacenamiento\",\"item\":\"https:\/\/compuviper.mx\/tienda\/categoria-producto\/almacenamiento\/sistema-de-almacenamiento\/\"},{\"@type\":\"ListItem\",\"position\":5,\"name\":\"Synology Sa3410 Nas 12 Bahias\/8 Nucleos 2.1 Base 2.7turbo Ghz\/16gb Ddr4 Ecc \/lan Gbe X4 Y Lan 10gbe X2\/usb 3.2 X 2\/hasta 192 Tb Y Con Expansin Hasta 1536 Pt \/hot-swap \/intel Xeon D-1541\"}]},{\"@type\":\"WebSite\",\"@id\":\"https:\/\/compuviper.mx\/tienda\/#website\",\"url\":\"https:\/\/compuviper.mx\/tienda\/\",\"name\":\"Compuviper\",\"description\":\"Proveedor de Computadoras, Laptops, Servidores, Monitores, Puntos de Venta, Teclados,   Impresoras, T\u00f3ner, C\u00e1maras de Seguridad y m\u00e1s en tu tienda en l\u00ednea\",\"publisher\":{\"@id\":\"https:\/\/compuviper.mx\/tienda\/#organization\"},\"potentialAction\":[{\"@type\":\"SearchAction\",\"target\":{\"@type\":\"EntryPoint\",\"urlTemplate\":\"https:\/\/compuviper.mx\/tienda\/?s={search_term_string}\"},\"query-input\":\"required name=search_term_string\"}],\"inLanguage\":\"es-MX\"},{\"@type\":\"Organization\",\"@id\":\"https:\/\/compuviper.mx\/tienda\/#organization\",\"name\":\"Compuviper\",\"url\":\"https:\/\/compuviper.mx\/tienda\/\",\"logo\":{\"@type\":\"ImageObject\",\"inLanguage\":\"es-MX\",\"@id\":\"https:\/\/compuviper.mx\/tienda\/#\/schema\/logo\/image\/\",\"url\":\"https:\/\/compuviper.mx\/tienda\/wp-content\/uploads\/2021\/08\/Logo-Compuviper-10.png\",\"contentUrl\":\"https:\/\/compuviper.mx\/tienda\/wp-content\/uploads\/2021\/08\/Logo-Compuviper-10.png\",\"width\":1000,\"height\":500,\"caption\":\"Compuviper\"},\"image\":{\"@id\":\"https:\/\/compuviper.mx\/tienda\/#\/schema\/logo\/image\/\"},\"sameAs\":[\"https:\/\/www.facebook.com\/compuviper\",\"https:\/\/www.youtube.com\/channel\/UCf73dERp9Y3cfOq7q8BhLjA?view_as=subscriber\"]}]}<\/script>\n<meta property=\"product:brand\" content=\"SYNOLOGY\" \/>\n<meta property=\"product:price:amount\" content=\"133629\" \/>\n<meta property=\"product:price:currency\" content=\"MXN\" \/>\n<meta property=\"og:availability\" content=\"instock\" \/>\n<meta property=\"product:availability\" content=\"instock\" \/>\n<meta property=\"product:retailer_item_id\" content=\"SA3410\" \/>\n<meta property=\"product:condition\" content=\"new\" \/>\n<!-- \/ Yoast SEO plugin. -->","yoast_head_json":{"title":"[ Synology ] &#129351; Sa3410 Nas 12 Bahias\/8 Nucleos 2.1 Base 2.7turbo Ghz\/16gb Ddr4 Ecc \/lan Gbe X4 Y Lan 10gbe X2\/usb 3.2 X 2\/hasta 192 Tb Y Con Expansin Hasta 1536 Pt \/hot-swap \/intel Xeon D-1541","description":"Compra Sa3410 Nas 12 Bahias\/8 Nucleos 2.1 Base 2.7turbo Ghz\/16gb Ddr4 Ecc \/lan Gbe X4 Y Lan 10gbe X2\/usb 3.2 X 2\/hasta 192 Tb Y Con Expansin Hasta 1536 Pt \/hot-swap \/intel Xeon D-1541 + Env\u00edo a domicilio + Pago seguro + Garant\u00eda","robots":{"index":"index","follow":"follow","max-snippet":"max-snippet:-1","max-image-preview":"max-image-preview:large","max-video-preview":"max-video-preview:-1"},"canonical":"https:\/\/compuviper.mx\/tienda\/producto\/synology-sa3410-nas-12-bahias-8-nucleos-2-1-base-2-7turbo-ghz-16gb-ddr4-ecc-lan-gbe-x4-y-lan-10gbe-x2-usb-3-2-x-2-hasta-192-tb-y-con-expansin-hasta-1536-pt-hot-swap-intel-xeon-d-1541\/","og_locale":"es_MX","og_type":"article","og_title":"[ Synology ] &#129351; Sa3410 Nas 12 Bahias\/8 Nucleos 2.1 Base 2.7turbo Ghz\/16gb Ddr4 Ecc \/lan Gbe X4 Y Lan 10gbe X2\/usb 3.2 X 2\/hasta 192 Tb Y Con Expansin Hasta 1536 Pt \/hot-swap \/intel Xeon D-1541","og_description":"Compra Sa3410 Nas 12 Bahias\/8 Nucleos 2.1 Base 2.7turbo Ghz\/16gb Ddr4 Ecc \/lan Gbe X4 Y Lan 10gbe X2\/usb 3.2 X 2\/hasta 192 Tb Y Con Expansin Hasta 1536 Pt \/hot-swap \/intel Xeon D-1541 + Env\u00edo a domicilio + Pago seguro + Garant\u00eda","og_url":"https:\/\/compuviper.mx\/tienda\/producto\/synology-sa3410-nas-12-bahias-8-nucleos-2-1-base-2-7turbo-ghz-16gb-ddr4-ecc-lan-gbe-x4-y-lan-10gbe-x2-usb-3-2-x-2-hasta-192-tb-y-con-expansin-hasta-1536-pt-hot-swap-intel-xeon-d-1541\/","og_site_name":"Compuviper","article_publisher":"https:\/\/www.facebook.com\/compuviper","og_image":[{"width":200,"height":200,"url":"https:\/\/compuviper.mx\/tienda\/wp-content\/uploads\/2024\/09\/Nas-synology-sa3410-12-bahias8-nucleos-2.1-base-2.7turbo-ghz16gb-ddr4-ecc-lan-gbe-x4-y-lan-10gbe-x2usb-3.2-x-2hasta-192-tb-y-con-expansin-hasta-1536-pt-hot-swap-intel-xeon-d-1541.jpg","type":"image\/jpeg"}],"twitter_card":"summary_large_image","twitter_misc":{"Precio":"&#36;133,629 con IVA","Availability":"In stock"},"schema":{"@context":"https:\/\/schema.org","@graph":[{"@type":"WebPage","@id":"https:\/\/compuviper.mx\/tienda\/producto\/synology-sa3410-nas-12-bahias-8-nucleos-2-1-base-2-7turbo-ghz-16gb-ddr4-ecc-lan-gbe-x4-y-lan-10gbe-x2-usb-3-2-x-2-hasta-192-tb-y-con-expansin-hasta-1536-pt-hot-swap-intel-xeon-d-1541\/","url":"https:\/\/compuviper.mx\/tienda\/producto\/synology-sa3410-nas-12-bahias-8-nucleos-2-1-base-2-7turbo-ghz-16gb-ddr4-ecc-lan-gbe-x4-y-lan-10gbe-x2-usb-3-2-x-2-hasta-192-tb-y-con-expansin-hasta-1536-pt-hot-swap-intel-xeon-d-1541\/","name":"[ Synology ] &#129351; Sa3410 Nas 12 Bahias\/8 Nucleos 2.1 Base 2.7turbo Ghz\/16gb Ddr4 Ecc \/lan Gbe X4 Y Lan 10gbe X2\/usb 3.2 X 2\/hasta 192 Tb Y Con Expansin Hasta 1536 Pt \/hot-swap \/intel Xeon D-1541","isPartOf":{"@id":"https:\/\/compuviper.mx\/tienda\/#website"},"datePublished":"2026-04-16T07:55:34+00:00","dateModified":"2026-04-16T07:55:34+00:00","description":"Compra Sa3410 Nas 12 Bahias\/8 Nucleos 2.1 Base 2.7turbo Ghz\/16gb Ddr4 Ecc \/lan Gbe X4 Y Lan 10gbe X2\/usb 3.2 X 2\/hasta 192 Tb Y Con Expansin Hasta 1536 Pt \/hot-swap \/intel Xeon D-1541 + Env\u00edo a domicilio + Pago seguro + Garant\u00eda","breadcrumb":{"@id":"https:\/\/compuviper.mx\/tienda\/producto\/synology-sa3410-nas-12-bahias-8-nucleos-2-1-base-2-7turbo-ghz-16gb-ddr4-ecc-lan-gbe-x4-y-lan-10gbe-x2-usb-3-2-x-2-hasta-192-tb-y-con-expansin-hasta-1536-pt-hot-swap-intel-xeon-d-1541\/#breadcrumb"},"inLanguage":"es-MX","potentialAction":[{"@type":"ReadAction","target":["https:\/\/compuviper.mx\/tienda\/producto\/synology-sa3410-nas-12-bahias-8-nucleos-2-1-base-2-7turbo-ghz-16gb-ddr4-ecc-lan-gbe-x4-y-lan-10gbe-x2-usb-3-2-x-2-hasta-192-tb-y-con-expansin-hasta-1536-pt-hot-swap-intel-xeon-d-1541\/"]}]},{"@type":"BreadcrumbList","@id":"https:\/\/compuviper.mx\/tienda\/producto\/synology-sa3410-nas-12-bahias-8-nucleos-2-1-base-2-7turbo-ghz-16gb-ddr4-ecc-lan-gbe-x4-y-lan-10gbe-x2-usb-3-2-x-2-hasta-192-tb-y-con-expansin-hasta-1536-pt-hot-swap-intel-xeon-d-1541\/#breadcrumb","itemListElement":[{"@type":"ListItem","position":1,"name":"Inicio","item":"https:\/\/compuviper.mx\/tienda\/"},{"@type":"ListItem","position":2,"name":"Productos","item":"https:\/\/compuviper.mx\/tienda\/productos\/"},{"@type":"ListItem","position":3,"name":"Almacenamiento","item":"https:\/\/compuviper.mx\/tienda\/categoria-producto\/almacenamiento\/"},{"@type":"ListItem","position":4,"name":"Sistema De Almacenamiento","item":"https:\/\/compuviper.mx\/tienda\/categoria-producto\/almacenamiento\/sistema-de-almacenamiento\/"},{"@type":"ListItem","position":5,"name":"Synology Sa3410 Nas 12 Bahias\/8 Nucleos 2.1 Base 2.7turbo Ghz\/16gb Ddr4 Ecc \/lan Gbe X4 Y Lan 10gbe X2\/usb 3.2 X 2\/hasta 192 Tb Y Con Expansin Hasta 1536 Pt \/hot-swap \/intel Xeon D-1541"}]},{"@type":"WebSite","@id":"https:\/\/compuviper.mx\/tienda\/#website","url":"https:\/\/compuviper.mx\/tienda\/","name":"Compuviper","description":"Proveedor de Computadoras, Laptops, Servidores, Monitores, Puntos de Venta, Teclados,   Impresoras, T\u00f3ner, C\u00e1maras de Seguridad y m\u00e1s en tu tienda en l\u00ednea","publisher":{"@id":"https:\/\/compuviper.mx\/tienda\/#organization"},"potentialAction":[{"@type":"SearchAction","target":{"@type":"EntryPoint","urlTemplate":"https:\/\/compuviper.mx\/tienda\/?s={search_term_string}"},"query-input":"required name=search_term_string"}],"inLanguage":"es-MX"},{"@type":"Organization","@id":"https:\/\/compuviper.mx\/tienda\/#organization","name":"Compuviper","url":"https:\/\/compuviper.mx\/tienda\/","logo":{"@type":"ImageObject","inLanguage":"es-MX","@id":"https:\/\/compuviper.mx\/tienda\/#\/schema\/logo\/image\/","url":"https:\/\/compuviper.mx\/tienda\/wp-content\/uploads\/2021\/08\/Logo-Compuviper-10.png","contentUrl":"https:\/\/compuviper.mx\/tienda\/wp-content\/uploads\/2021\/08\/Logo-Compuviper-10.png","width":1000,"height":500,"caption":"Compuviper"},"image":{"@id":"https:\/\/compuviper.mx\/tienda\/#\/schema\/logo\/image\/"},"sameAs":["https:\/\/www.facebook.com\/compuviper","https:\/\/www.youtube.com\/channel\/UCf73dERp9Y3cfOq7q8BhLjA?view_as=subscriber"]}]},"product_brand":"SYNOLOGY","product_price_amount":"133629","product_price_currency":"MXN","og_availability":"instock","product_availability":"instock","product_retailer_item_id":"SA3410","product_condition":"new"},"_links":{"self":[{"href":"https:\/\/compuviper.mx\/tienda\/wp-json\/wp\/v2\/product\/240130"}],"collection":[{"href":"https:\/\/compuviper.mx\/tienda\/wp-json\/wp\/v2\/product"}],"about":[{"href":"https:\/\/compuviper.mx\/tienda\/wp-json\/wp\/v2\/types\/product"}],"replies":[{"embeddable":true,"href":"https:\/\/compuviper.mx\/tienda\/wp-json\/wp\/v2\/comments?post=240130"}],"wp:featuredmedia":[{"embeddable":true,"href":"https:\/\/compuviper.mx\/tienda\/wp-json\/wp\/v2\/media\/243393"}],"wp:attachment":[{"href":"https:\/\/compuviper.mx\/tienda\/wp-json\/wp\/v2\/media?parent=240130"}],"wp:term":[{"taxonomy":"product_cat","embeddable":true,"href":"https:\/\/compuviper.mx\/tienda\/wp-json\/wp\/v2\/product_cat?post=240130"},{"taxonomy":"product_tag","embeddable":true,"href":"https:\/\/compuviper.mx\/tienda\/wp-json\/wp\/v2\/product_tag?post=240130"}],"curies":[{"name":"wp","href":"https:\/\/api.w.org\/{rel}","templated":true}]}}