{"id":240117,"date":"2026-04-21T00:51:04","date_gmt":"2026-04-21T06:51:04","guid":{"rendered":"https:\/\/compuviper.mx\/tienda\/producto\/synology-hat5310-20t-disco-duro-interno-enterprise-3-5-20tb-sata3-6gb-s-7200rpm-512-mb-hot-plug-compatible-solo-para-equipos\/"},"modified":"2026-04-21T00:51:04","modified_gmt":"2026-04-21T06:51:04","slug":"synology-hat5310-20t-disco-duro-interno-enterprise-3-5-20tb-sata3-6gb-s-7200rpm-512-mb-hot-plug-compatible-solo-para-equipos","status":"publish","type":"product","link":"https:\/\/compuviper.mx\/tienda\/producto\/synology-hat5310-20t-disco-duro-interno-enterprise-3-5-20tb-sata3-6gb-s-7200rpm-512-mb-hot-plug-compatible-solo-para-equipos\/","title":{"rendered":"Synology Hat5310-20t Disco Duro Interno  Enterprise 3.5 20tb Sata3 6gb\/s 7200rpm 512 Mb Hot-plug Compatible Solo Para Equipos"},"content":{"rendered":"<table class=\"descripcion\">\n<tr>\n<td>Descripcion corta<\/td>\n<\/tr>\n<tr>\n<td>Especificaciones de hardware<\/td>\n<\/tr>\n<tr>\n<td>Capacidad 20 tb<\/td>\n<\/tr>\n<tr>\n<td>Nmero de modelo hat5310-20t<\/td>\n<\/tr>\n<tr>\n<td>Factor de forma6 3,5<\/td>\n<\/tr>\n<tr>\n<td>Interfaz sata<\/td>\n<\/tr>\n<tr>\n<td>Tamao del sector 512e<\/td>\n<\/tr>\n<tr>\n<td>Diseo de la unidad sellado con helio<\/td>\n<\/tr>\n<tr>\n<td>Rendimiento<\/td>\n<\/tr>\n<tr>\n<td>Velocidad de rotacin 7200 rpm<\/td>\n<\/tr>\n<tr>\n<td>Velocidad de interfaz 6,0 gb\/s, 3,0 gb\/s, 1,5 gb\/s<\/td>\n<\/tr>\n<tr>\n<td>Cach mb 512 mb<\/td>\n<\/tr>\n<tr>\n<td>Velocidad m\u00e1xima de transferencia de datos sostenida tp.  281 mb\/s<\/td>\n<\/tr>\n<tr>\n<td>Fiabilidad<\/td>\n<\/tr>\n<tr>\n<td>Tiempo medio entre fallos  2 500 000 horas<\/td>\n<\/tr>\n<tr>\n<td>Clasificacin de carga de trabajo 550 tb\/ao de escritura\/lectura de datos<\/td>\n<\/tr>\n<tr>\n<td>Consumo elctrico<\/td>\n<\/tr>\n<tr>\n<td>Tensin de alimentacin 12 v \u00b110 \/5 v 10\/-7<\/td>\n<\/tr>\n<tr>\n<td>Consumo medio en reposo  4,38 w<\/td>\n<\/tr>\n<tr>\n<td>Consumo medio en funcionamiento  8,11 w<\/td>\n<\/tr>\n<tr>\n<td>Medioambiental<\/td>\n<\/tr>\n<tr>\n<td>Temperatura<\/td>\n<\/tr>\n<tr>\n<td>En funcionamiento de 5 \u00b0c a 60 \u00b0c sin condensacin<\/td>\n<\/tr>\n<tr>\n<td>No en funcionamiento de -40 \u00b0c a 70 \u00b0c sin condensacin<\/td>\n<\/tr>\n<tr>\n<td>Impacto<\/td>\n<\/tr>\n<tr>\n<td>En funcionamiento 490 m\/s2 duracin de 2 ms<\/td>\n<\/tr>\n<tr>\n<td>No en funcionamiento1960 m\/s2 duracin de 2 ms<\/td>\n<\/tr>\n<tr>\n<td>Vibracin<\/td>\n<\/tr>\n<tr>\n<td>Enfuncionamiento<\/td>\n<\/tr>\n<tr>\n<td>De 5 hz a 300 hz: 7,35 m\/s\u00b2<\/td>\n<\/tr>\n<tr>\n<td>300 hz a 500 hz: 2,45 m\/s\u00b2<\/td>\n<\/tr>\n<tr>\n<td>No en funcionamiento<\/td>\n<\/tr>\n<tr>\n<td>De 5 hz a 500 hz: 29,4 m\/s\u00b2<\/td>\n<\/tr>\n<tr>\n<td>Altitud<\/td>\n<\/tr>\n<tr>\n<td>En funcionamiento de -304,8 m a 3.048 m<\/td>\n<\/tr>\n<tr>\n<td>No en funcionamiento de -304,8 m a 12 192 m<\/td>\n<\/tr>\n<tr>\n<td>Humedad relativa<\/td>\n<\/tr>\n<tr>\n<td>En funcionamiento de 5  a 90  de humedad relativa sin condensacin<\/td>\n<\/tr>\n<tr>\n<td>No en funcionamiento de 5  a 95  de humedad relativa sin condensacin<\/td>\n<\/tr>\n<tr>\n<td>Otros<\/td>\n<\/tr>\n<tr>\n<td>Tamao al. x an. x pr. 26,1 mm x 101,85 mm x 147 mm<\/td>\n<\/tr>\n<tr>\n<td>Peso 720 g<\/td>\n<\/tr>\n<tr>\n<td>Certificacin ce, rcm, bsmi, kc, eac, ul, tuv, ices, ukca, rohs, morocco mark<\/td>\n<\/tr>\n<\/table>\n","protected":false},"excerpt":{"rendered":"<p>Descripcion comercial. Las hdd de la serie hat5300 de synology est\u00e1n diseniadas para cargas de trabajo exigentes de gran volumen y ofrecen hasta un 23  m\u00e1s de rendimiento de lectura secuencial multicliente en comparacin con las unidades de terceros. Diseniadas para ofrecer una fiabilidad inquebrantable, estas unidades basadas en cmr han superado m\u00e1s de 500 000 horas de validacin rigurosa y est\u00e1n respaldadas. Modelos compatibles. Sa series:sa6400, sa3610, sa3600, sa3410, sa3400. 24 series:ds224, ds124. 23 series:rs2423rp, rs2423, ds1823xs, ds923, ds723, ds423, ds423, ds223, ds223j. 22 series:rs822rp, rs822, rs422, ds3622xs, ds2422, ds1522, dva1622. 21 series:rs4021xs, rs3621xs, rs3621rpxs, rs2821rp, rs2421rp, rs2421, rs1221rp, rs1221, ds1821, ds1621xs, ds1621, dva3221. 20 series:rs820rp, rs820, ds1520, ds920, ds720, ds420, ds220. 19 series:rs1619xs, ds2419ii, ds2419, ds1819, dva3219. 18 series:rs3618xs, rs2818rp, rs2418rp, rs2418, ds3018xs, ds1618. 17 series:rs18017xs, rs4017xs, rs3617xs, rs3617rpxs, ds3617xsii, ds3617xs<\/p>\n","protected":false},"featured_media":242647,"comment_status":"open","ping_status":"open","template":"","meta":[],"product_cat":[1706,1703],"product_tag":[1561],"acf":[],"yoast_head":"<!-- This site is optimized with the Yoast SEO plugin v21.7 - https:\/\/yoast.com\/wordpress\/plugins\/seo\/ -->\n<title>[ Synology ] &#129351; Hat5310-20t Disco Duro Interno Enterprise 3.5 20tb Sata3 6gb\/s 7200rpm 512 Mb Hot-plug Compatible Solo Para Equipos<\/title>\n<meta name=\"description\" content=\"Compra Hat5310-20t Disco Duro Interno Enterprise 3.5 20tb Sata3 6gb\/s 7200rpm 512 Mb Hot-plug Compatible Solo Para Equipos + Env\u00edo a domicilio + Pago seguro + Garant\u00eda\" \/>\n<meta name=\"robots\" content=\"index, follow, max-snippet:-1, max-image-preview:large, max-video-preview:-1\" \/>\n<link rel=\"canonical\" href=\"https:\/\/compuviper.mx\/tienda\/producto\/synology-hat5310-20t-disco-duro-interno-enterprise-3-5-20tb-sata3-6gb-s-7200rpm-512-mb-hot-plug-compatible-solo-para-equipos\/\" \/>\n<meta property=\"og:locale\" content=\"es_MX\" \/>\n<meta property=\"og:type\" content=\"article\" \/>\n<meta property=\"og:title\" content=\"[ Synology ] &#129351; Hat5310-20t Disco Duro Interno Enterprise 3.5 20tb Sata3 6gb\/s 7200rpm 512 Mb Hot-plug Compatible Solo Para Equipos\" \/>\n<meta property=\"og:description\" content=\"Compra Hat5310-20t Disco Duro Interno Enterprise 3.5 20tb Sata3 6gb\/s 7200rpm 512 Mb Hot-plug Compatible Solo Para Equipos + Env\u00edo a domicilio + Pago seguro + Garant\u00eda\" \/>\n<meta property=\"og:url\" content=\"https:\/\/compuviper.mx\/tienda\/producto\/synology-hat5310-20t-disco-duro-interno-enterprise-3-5-20tb-sata3-6gb-s-7200rpm-512-mb-hot-plug-compatible-solo-para-equipos\/\" \/>\n<meta property=\"og:site_name\" content=\"Compuviper\" \/>\n<meta property=\"article:publisher\" content=\"https:\/\/www.facebook.com\/compuviper\" \/>\n<meta property=\"og:image\" content=\"https:\/\/compuviper.mx\/tienda\/wp-content\/uploads\/2024\/09\/Disco-duro-interno-synology-enterprise-3.5-20tb-sata3-6gbs-7200rpm-512-mb-hot-plug-compatible-solo-para-equipos-synology.jpg\" \/>\n\t<meta property=\"og:image:width\" content=\"200\" \/>\n\t<meta property=\"og:image:height\" content=\"200\" \/>\n\t<meta property=\"og:image:type\" content=\"image\/jpeg\" \/>\n<meta name=\"twitter:card\" content=\"summary_large_image\" \/>\n<meta name=\"twitter:label1\" content=\"Precio\" \/>\n\t<meta name=\"twitter:data1\" content=\"&#36;20,794 con IVA\" \/>\n\t<meta name=\"twitter:label2\" content=\"Availability\" \/>\n\t<meta name=\"twitter:data2\" content=\"In stock\" \/>\n<script type=\"application\/ld+json\" class=\"yoast-schema-graph\">{\"@context\":\"https:\/\/schema.org\",\"@graph\":[{\"@type\":\"WebPage\",\"@id\":\"https:\/\/compuviper.mx\/tienda\/producto\/synology-hat5310-20t-disco-duro-interno-enterprise-3-5-20tb-sata3-6gb-s-7200rpm-512-mb-hot-plug-compatible-solo-para-equipos\/\",\"url\":\"https:\/\/compuviper.mx\/tienda\/producto\/synology-hat5310-20t-disco-duro-interno-enterprise-3-5-20tb-sata3-6gb-s-7200rpm-512-mb-hot-plug-compatible-solo-para-equipos\/\",\"name\":\"[ Synology ] &#129351; Hat5310-20t Disco Duro Interno Enterprise 3.5 20tb Sata3 6gb\/s 7200rpm 512 Mb Hot-plug Compatible Solo Para Equipos\",\"isPartOf\":{\"@id\":\"https:\/\/compuviper.mx\/tienda\/#website\"},\"datePublished\":\"2026-04-21T06:51:04+00:00\",\"dateModified\":\"2026-04-21T06:51:04+00:00\",\"description\":\"Compra Hat5310-20t Disco Duro Interno Enterprise 3.5 20tb Sata3 6gb\/s 7200rpm 512 Mb Hot-plug Compatible Solo Para Equipos + Env\u00edo a domicilio + Pago seguro + Garant\u00eda\",\"breadcrumb\":{\"@id\":\"https:\/\/compuviper.mx\/tienda\/producto\/synology-hat5310-20t-disco-duro-interno-enterprise-3-5-20tb-sata3-6gb-s-7200rpm-512-mb-hot-plug-compatible-solo-para-equipos\/#breadcrumb\"},\"inLanguage\":\"es-MX\",\"potentialAction\":[{\"@type\":\"ReadAction\",\"target\":[\"https:\/\/compuviper.mx\/tienda\/producto\/synology-hat5310-20t-disco-duro-interno-enterprise-3-5-20tb-sata3-6gb-s-7200rpm-512-mb-hot-plug-compatible-solo-para-equipos\/\"]}]},{\"@type\":\"BreadcrumbList\",\"@id\":\"https:\/\/compuviper.mx\/tienda\/producto\/synology-hat5310-20t-disco-duro-interno-enterprise-3-5-20tb-sata3-6gb-s-7200rpm-512-mb-hot-plug-compatible-solo-para-equipos\/#breadcrumb\",\"itemListElement\":[{\"@type\":\"ListItem\",\"position\":1,\"name\":\"Inicio\",\"item\":\"https:\/\/compuviper.mx\/tienda\/\"},{\"@type\":\"ListItem\",\"position\":2,\"name\":\"Productos\",\"item\":\"https:\/\/compuviper.mx\/tienda\/productos\/\"},{\"@type\":\"ListItem\",\"position\":3,\"name\":\"Discos Duros\",\"item\":\"https:\/\/compuviper.mx\/tienda\/categoria-producto\/discos-duros\/\"},{\"@type\":\"ListItem\",\"position\":4,\"name\":\"Disco Duro\",\"item\":\"https:\/\/compuviper.mx\/tienda\/categoria-producto\/discos-duros\/disco-duro\/\"},{\"@type\":\"ListItem\",\"position\":5,\"name\":\"Synology Hat5310-20t Disco Duro Interno Enterprise 3.5 20tb Sata3 6gb\/s 7200rpm 512 Mb Hot-plug Compatible Solo Para Equipos\"}]},{\"@type\":\"WebSite\",\"@id\":\"https:\/\/compuviper.mx\/tienda\/#website\",\"url\":\"https:\/\/compuviper.mx\/tienda\/\",\"name\":\"Compuviper\",\"description\":\"Proveedor de Computadoras, Laptops, Servidores, Monitores, Puntos de Venta, Teclados,   Impresoras, T\u00f3ner, C\u00e1maras de Seguridad y m\u00e1s en tu tienda en l\u00ednea\",\"publisher\":{\"@id\":\"https:\/\/compuviper.mx\/tienda\/#organization\"},\"potentialAction\":[{\"@type\":\"SearchAction\",\"target\":{\"@type\":\"EntryPoint\",\"urlTemplate\":\"https:\/\/compuviper.mx\/tienda\/?s={search_term_string}\"},\"query-input\":\"required name=search_term_string\"}],\"inLanguage\":\"es-MX\"},{\"@type\":\"Organization\",\"@id\":\"https:\/\/compuviper.mx\/tienda\/#organization\",\"name\":\"Compuviper\",\"url\":\"https:\/\/compuviper.mx\/tienda\/\",\"logo\":{\"@type\":\"ImageObject\",\"inLanguage\":\"es-MX\",\"@id\":\"https:\/\/compuviper.mx\/tienda\/#\/schema\/logo\/image\/\",\"url\":\"https:\/\/compuviper.mx\/tienda\/wp-content\/uploads\/2021\/08\/Logo-Compuviper-10.png\",\"contentUrl\":\"https:\/\/compuviper.mx\/tienda\/wp-content\/uploads\/2021\/08\/Logo-Compuviper-10.png\",\"width\":1000,\"height\":500,\"caption\":\"Compuviper\"},\"image\":{\"@id\":\"https:\/\/compuviper.mx\/tienda\/#\/schema\/logo\/image\/\"},\"sameAs\":[\"https:\/\/www.facebook.com\/compuviper\",\"https:\/\/www.youtube.com\/channel\/UCf73dERp9Y3cfOq7q8BhLjA?view_as=subscriber\"]}]}<\/script>\n<meta property=\"product:brand\" content=\"SYNOLOGY\" \/>\n<meta property=\"product:price:amount\" content=\"20794\" \/>\n<meta property=\"product:price:currency\" content=\"MXN\" \/>\n<meta property=\"og:availability\" content=\"instock\" \/>\n<meta property=\"product:availability\" content=\"instock\" \/>\n<meta property=\"product:retailer_item_id\" content=\"HAT5310-20T\" \/>\n<meta property=\"product:condition\" content=\"new\" \/>\n<!-- \/ Yoast SEO plugin. -->","yoast_head_json":{"title":"[ Synology ] &#129351; Hat5310-20t Disco Duro Interno Enterprise 3.5 20tb Sata3 6gb\/s 7200rpm 512 Mb Hot-plug Compatible Solo Para Equipos","description":"Compra Hat5310-20t Disco Duro Interno Enterprise 3.5 20tb Sata3 6gb\/s 7200rpm 512 Mb Hot-plug Compatible Solo Para Equipos + Env\u00edo a domicilio + Pago seguro + Garant\u00eda","robots":{"index":"index","follow":"follow","max-snippet":"max-snippet:-1","max-image-preview":"max-image-preview:large","max-video-preview":"max-video-preview:-1"},"canonical":"https:\/\/compuviper.mx\/tienda\/producto\/synology-hat5310-20t-disco-duro-interno-enterprise-3-5-20tb-sata3-6gb-s-7200rpm-512-mb-hot-plug-compatible-solo-para-equipos\/","og_locale":"es_MX","og_type":"article","og_title":"[ Synology ] &#129351; Hat5310-20t Disco Duro Interno Enterprise 3.5 20tb Sata3 6gb\/s 7200rpm 512 Mb Hot-plug Compatible Solo Para Equipos","og_description":"Compra Hat5310-20t Disco Duro Interno Enterprise 3.5 20tb Sata3 6gb\/s 7200rpm 512 Mb Hot-plug Compatible Solo Para Equipos + Env\u00edo a domicilio + Pago seguro + Garant\u00eda","og_url":"https:\/\/compuviper.mx\/tienda\/producto\/synology-hat5310-20t-disco-duro-interno-enterprise-3-5-20tb-sata3-6gb-s-7200rpm-512-mb-hot-plug-compatible-solo-para-equipos\/","og_site_name":"Compuviper","article_publisher":"https:\/\/www.facebook.com\/compuviper","og_image":[{"width":200,"height":200,"url":"https:\/\/compuviper.mx\/tienda\/wp-content\/uploads\/2024\/09\/Disco-duro-interno-synology-enterprise-3.5-20tb-sata3-6gbs-7200rpm-512-mb-hot-plug-compatible-solo-para-equipos-synology.jpg","type":"image\/jpeg"}],"twitter_card":"summary_large_image","twitter_misc":{"Precio":"&#36;20,794 con IVA","Availability":"In stock"},"schema":{"@context":"https:\/\/schema.org","@graph":[{"@type":"WebPage","@id":"https:\/\/compuviper.mx\/tienda\/producto\/synology-hat5310-20t-disco-duro-interno-enterprise-3-5-20tb-sata3-6gb-s-7200rpm-512-mb-hot-plug-compatible-solo-para-equipos\/","url":"https:\/\/compuviper.mx\/tienda\/producto\/synology-hat5310-20t-disco-duro-interno-enterprise-3-5-20tb-sata3-6gb-s-7200rpm-512-mb-hot-plug-compatible-solo-para-equipos\/","name":"[ Synology ] &#129351; Hat5310-20t Disco Duro Interno Enterprise 3.5 20tb Sata3 6gb\/s 7200rpm 512 Mb Hot-plug Compatible Solo Para Equipos","isPartOf":{"@id":"https:\/\/compuviper.mx\/tienda\/#website"},"datePublished":"2026-04-21T06:51:04+00:00","dateModified":"2026-04-21T06:51:04+00:00","description":"Compra Hat5310-20t Disco Duro Interno Enterprise 3.5 20tb Sata3 6gb\/s 7200rpm 512 Mb Hot-plug Compatible Solo Para Equipos + Env\u00edo a domicilio + Pago seguro + Garant\u00eda","breadcrumb":{"@id":"https:\/\/compuviper.mx\/tienda\/producto\/synology-hat5310-20t-disco-duro-interno-enterprise-3-5-20tb-sata3-6gb-s-7200rpm-512-mb-hot-plug-compatible-solo-para-equipos\/#breadcrumb"},"inLanguage":"es-MX","potentialAction":[{"@type":"ReadAction","target":["https:\/\/compuviper.mx\/tienda\/producto\/synology-hat5310-20t-disco-duro-interno-enterprise-3-5-20tb-sata3-6gb-s-7200rpm-512-mb-hot-plug-compatible-solo-para-equipos\/"]}]},{"@type":"BreadcrumbList","@id":"https:\/\/compuviper.mx\/tienda\/producto\/synology-hat5310-20t-disco-duro-interno-enterprise-3-5-20tb-sata3-6gb-s-7200rpm-512-mb-hot-plug-compatible-solo-para-equipos\/#breadcrumb","itemListElement":[{"@type":"ListItem","position":1,"name":"Inicio","item":"https:\/\/compuviper.mx\/tienda\/"},{"@type":"ListItem","position":2,"name":"Productos","item":"https:\/\/compuviper.mx\/tienda\/productos\/"},{"@type":"ListItem","position":3,"name":"Discos Duros","item":"https:\/\/compuviper.mx\/tienda\/categoria-producto\/discos-duros\/"},{"@type":"ListItem","position":4,"name":"Disco Duro","item":"https:\/\/compuviper.mx\/tienda\/categoria-producto\/discos-duros\/disco-duro\/"},{"@type":"ListItem","position":5,"name":"Synology Hat5310-20t Disco Duro Interno Enterprise 3.5 20tb Sata3 6gb\/s 7200rpm 512 Mb Hot-plug Compatible Solo Para Equipos"}]},{"@type":"WebSite","@id":"https:\/\/compuviper.mx\/tienda\/#website","url":"https:\/\/compuviper.mx\/tienda\/","name":"Compuviper","description":"Proveedor de Computadoras, Laptops, Servidores, Monitores, Puntos de Venta, Teclados,   Impresoras, T\u00f3ner, C\u00e1maras de Seguridad y m\u00e1s en tu tienda en l\u00ednea","publisher":{"@id":"https:\/\/compuviper.mx\/tienda\/#organization"},"potentialAction":[{"@type":"SearchAction","target":{"@type":"EntryPoint","urlTemplate":"https:\/\/compuviper.mx\/tienda\/?s={search_term_string}"},"query-input":"required name=search_term_string"}],"inLanguage":"es-MX"},{"@type":"Organization","@id":"https:\/\/compuviper.mx\/tienda\/#organization","name":"Compuviper","url":"https:\/\/compuviper.mx\/tienda\/","logo":{"@type":"ImageObject","inLanguage":"es-MX","@id":"https:\/\/compuviper.mx\/tienda\/#\/schema\/logo\/image\/","url":"https:\/\/compuviper.mx\/tienda\/wp-content\/uploads\/2021\/08\/Logo-Compuviper-10.png","contentUrl":"https:\/\/compuviper.mx\/tienda\/wp-content\/uploads\/2021\/08\/Logo-Compuviper-10.png","width":1000,"height":500,"caption":"Compuviper"},"image":{"@id":"https:\/\/compuviper.mx\/tienda\/#\/schema\/logo\/image\/"},"sameAs":["https:\/\/www.facebook.com\/compuviper","https:\/\/www.youtube.com\/channel\/UCf73dERp9Y3cfOq7q8BhLjA?view_as=subscriber"]}]},"product_brand":"SYNOLOGY","product_price_amount":"20794","product_price_currency":"MXN","og_availability":"instock","product_availability":"instock","product_retailer_item_id":"HAT5310-20T","product_condition":"new"},"_links":{"self":[{"href":"https:\/\/compuviper.mx\/tienda\/wp-json\/wp\/v2\/product\/240117"}],"collection":[{"href":"https:\/\/compuviper.mx\/tienda\/wp-json\/wp\/v2\/product"}],"about":[{"href":"https:\/\/compuviper.mx\/tienda\/wp-json\/wp\/v2\/types\/product"}],"replies":[{"embeddable":true,"href":"https:\/\/compuviper.mx\/tienda\/wp-json\/wp\/v2\/comments?post=240117"}],"wp:featuredmedia":[{"embeddable":true,"href":"https:\/\/compuviper.mx\/tienda\/wp-json\/wp\/v2\/media\/242647"}],"wp:attachment":[{"href":"https:\/\/compuviper.mx\/tienda\/wp-json\/wp\/v2\/media?parent=240117"}],"wp:term":[{"taxonomy":"product_cat","embeddable":true,"href":"https:\/\/compuviper.mx\/tienda\/wp-json\/wp\/v2\/product_cat?post=240117"},{"taxonomy":"product_tag","embeddable":true,"href":"https:\/\/compuviper.mx\/tienda\/wp-json\/wp\/v2\/product_tag?post=240117"}],"curies":[{"name":"wp","href":"https:\/\/api.w.org\/{rel}","templated":true}]}}