{"id":240085,"date":"2026-04-02T00:50:19","date_gmt":"2026-04-02T06:50:19","guid":{"rendered":"https:\/\/compuviper.mx\/tienda\/producto\/viewsonic-xg2536-monitor-gamer-24-5-pulgadas-1920-x-1080-full-hd-280-hz-0-5-ms-amd-freesync-altavoces-intregrados-hdmi-display-port-usb-c-3-aos-de-garantia\/"},"modified":"2026-04-02T00:50:19","modified_gmt":"2026-04-02T06:50:19","slug":"viewsonic-xg2536-monitor-gamer-24-5-pulgadas-1920-x-1080-full-hd-280-hz-0-5-ms-amd-freesync-altavoces-intregrados-hdmi-display-port-usb-c-3-aos-de-garantia","status":"publish","type":"product","link":"https:\/\/compuviper.mx\/tienda\/producto\/viewsonic-xg2536-monitor-gamer-24-5-pulgadas-1920-x-1080-full-hd-280-hz-0-5-ms-amd-freesync-altavoces-intregrados-hdmi-display-port-usb-c-3-aos-de-garantia\/","title":{"rendered":"Viewsonic Xg2536 Monitor  Gamer , 24.5 Pulgadas, 1920 X 1080, Full Hd, 280 Hz, 0.5 Ms, Amd Freesync, Altavoces Intregrados, Hdmi,  Display Port, Usb-c , 3 A?os De Garantia"},"content":{"rendered":"<table class=\"descripcion\">\n<tr>\n<td>Screen size: 25<\/td>\n<\/tr>\n<tr>\n<td>Viewable area (in.): 24.5<\/td>\n<\/tr>\n<tr>\n<td>Panel type: ips<\/td>\n<\/tr>\n<tr>\n<td>Display resolution: 1920 x 1080<\/td>\n<\/tr>\n<tr>\n<td>Display resolution: full hd (1920&#215;1080)<\/td>\n<\/tr>\n<tr>\n<td>Static contrast ratio: 1,000:1<\/td>\n<\/tr>\n<tr>\n<td>Dynamic contrast ratio: 80m:1<\/td>\n<\/tr>\n<tr>\n<td>Fuente de luz: led<\/td>\n<\/tr>\n<tr>\n<td>Brightness: 300 cd\/m2<\/td>\n<\/tr>\n<tr>\n<td>Colors: 16.7m<\/td>\n<\/tr>\n<tr>\n<td>Compatibilidad con espacio de color: 8 bits verdaderos<\/td>\n<\/tr>\n<tr>\n<td>Aspect ratio: 16:9<\/td>\n<\/tr>\n<tr>\n<td>Response time (typical gtg): 5ms<\/td>\n<\/tr>\n<tr>\n<td>Response time (mprt): 0.5ms<\/td>\n<\/tr>\n<tr>\n<td>Viewing angles: 178\u00ba horizontal, 178\u00ba vertical<\/td>\n<\/tr>\n<tr>\n<td>Backlight life (hours): 30,000<\/td>\n<\/tr>\n<tr>\n<td>Panel surface: anti-glare type, hard-coating (3h), haze 25%<\/td>\n<\/tr>\n<tr>\n<td>Refresh rate: 280hz<\/td>\n<\/tr>\n<tr>\n<td>Flicker-free: yes<\/td>\n<\/tr>\n<tr>\n<td>Blue light filter: yes<\/td>\n<\/tr>\n<tr>\n<td>Pc resolution (max): 1920 x 1080<\/td>\n<\/tr>\n<tr>\n<td>Mac\u00ae resolution (max): 1920 x 1080<\/td>\n<\/tr>\n<tr>\n<td>Usb type c: 65w x 1<\/td>\n<\/tr>\n<tr>\n<td>3.5mm audio out: 1<\/td>\n<\/tr>\n<tr>\n<td>Hdmi 2.0 in: 2<\/td>\n<\/tr>\n<tr>\n<td>Displayport: 1<\/td>\n<\/tr>\n<tr>\n<td>Internal speakers: 2w (x2)<\/td>\n<\/tr>\n<tr>\n<td>Eco mode (conserve): 27w<\/td>\n<\/tr>\n<tr>\n<td>Eco mode (optimized): 32w<\/td>\n<\/tr>\n<tr>\n<td>Consumption (typical): 35w<\/td>\n<\/tr>\n<tr>\n<td>Consumption (max): 38w<\/td>\n<\/tr>\n<tr>\n<td>Voltage: 100-240 vac, 50-60hz<\/td>\n<\/tr>\n<tr>\n<td>Stand-by: 0.3w<\/td>\n<\/tr>\n<tr>\n<td>Power supply: external<\/td>\n<\/tr>\n<tr>\n<td>Cable organization: no<\/td>\n<\/tr>\n<tr>\n<td>Kensington lock slot: 1<\/td>\n<\/tr>\n<tr>\n<td>Physical controls: up, right, down, left, power<\/td>\n<\/tr>\n<tr>\n<td>On screen display: input select, audio adjust, viewmode, color adjust, manual image adjust, setup menu<\/td>\n<\/tr>\n<tr>\n<td>Temperature: 32-104\u00ba f (0 &#8211; 40\u00ba c)<\/td>\n<\/tr>\n<tr>\n<td>Humidity (non-condensing): 20-90%<\/td>\n<\/tr>\n<tr>\n<td>Vesa compatible: 75 x 75 mm<\/td>\n<\/tr>\n<tr>\n<td>Frequency horizontal: 30 &#8211; 255 khz<\/td>\n<\/tr>\n<tr>\n<td>Frequency vertical: 48 &#8211; 240 hz<\/td>\n<\/tr>\n<tr>\n<td>Height adjust: 130 mm \/ 5.1 in<\/td>\n<\/tr>\n<tr>\n<td>Swivel: 45\u00ba<\/td>\n<\/tr>\n<tr>\n<td>Pivot (right\/left): 90\u00ba \/ 90\u00ba<\/td>\n<\/tr>\n<tr>\n<td>Inclinaci\u00f3n (adelante\/atr\u00e1s): 0.\u00ba\/ 20.\u00ba<\/td>\n<\/tr>\n<tr>\n<td>Net (lbs): 11.7<\/td>\n<\/tr>\n<tr>\n<td>Net without stand (lbs): 7.7<\/td>\n<\/tr>\n<tr>\n<td>Net (kg): 5.3<\/td>\n<\/tr>\n<tr>\n<td>Net without stand (kg): 3.5<\/td>\n<\/tr>\n<tr>\n<td>Physical (in.): 21.9\u0094(w) x21.8\u0094 (h) x8.6\u0094 (d)<\/td>\n<\/tr>\n<tr>\n<td>Physical without stand (in.): 21.9\u0094(w) x13\u0094 (h) x2.3\u0094 (d)<\/td>\n<\/tr>\n<tr>\n<td>Physical (mm): 557.2 (w) x 554.3 (h) x 218.1 (d)<\/td>\n<\/tr>\n<tr>\n<td>Physical without stand (mm): 557.2 (w) x 330.3 (h) x 58.8 (d)<\/td>\n<\/tr>\n<tr>\n<td>Package contents: lcd display, power cable, ac\/dc adapter, hdmi cable, displayport cable, usb-c cable, quick start guide<\/td>\n<\/tr>\n<\/table>\n","protected":false},"excerpt":{"rendered":"<p>Maximiza tu juego con el monitor de deportes electronicos xg2536 de 25 pulgadas. Con un tama\u00f1o de pantalla de 24,5 pulgadas, este monitor mantendra toda la accion dentro de su vision periferica al tiempo que proporciona una frecuencia de actualizacion (oc) ultrarr\u00e1pida de 280 hz y un tiempo de respuesta de 0,5 ms. Acerquese a la accion con un soporte estrecho especialmente dise\u00f1ado, que le permite acercar el mouse y el teclado al monitor para una experiencia de juego mas comoda. Equipado con la tecnologia amd freesync premium, este monitor practicamente elimina el desgarro y el tartamudeo de la pantalla para un juego fluido durante escenas de accion de ritmo rapido. Con la opcion de displayport, hdmi o usb-c con suministro de energia de 65 w, este monitor se puede conectar a cualquiera de los dispositivos de juego mas nuevos mientras mantiene cargado su computadora portatil, telefono o controlador.<\/p>\n","protected":false},"featured_media":242776,"comment_status":"open","ping_status":"open","template":"","meta":[],"product_cat":[1741,1740],"product_tag":[1862],"acf":[],"yoast_head":"<!-- This site is optimized with the Yoast SEO plugin v21.7 - https:\/\/yoast.com\/wordpress\/plugins\/seo\/ -->\n<title>[ Viewsonic ] &#129351; Xg2536 Monitor Gamer , 24.5 Pulgadas, 1920 X 1080, Full Hd, 280 Hz, 0.5 Ms, Amd Freesync, Altavoces Intregrados, Hdmi, Display Port, Usb-c , 3 A\u00f1os De Garantia<\/title>\n<meta name=\"description\" content=\"Compra Xg2536 Monitor Gamer , 24.5 Pulgadas, 1920 X 1080, Full Hd, 280 Hz, 0.5 Ms, Amd Freesync, Altavoces Intregrados, Hdmi, Display Port, Usb-c , 3 A\u00f1os De Garantia + Env\u00edo a domicilio + Pago seguro + Garant\u00eda\" \/>\n<meta name=\"robots\" content=\"index, follow, max-snippet:-1, max-image-preview:large, max-video-preview:-1\" \/>\n<link rel=\"canonical\" href=\"https:\/\/compuviper.mx\/tienda\/producto\/viewsonic-xg2536-monitor-gamer-24-5-pulgadas-1920-x-1080-full-hd-280-hz-0-5-ms-amd-freesync-altavoces-intregrados-hdmi-display-port-usb-c-3-aos-de-garantia\/\" \/>\n<meta property=\"og:locale\" content=\"es_MX\" \/>\n<meta property=\"og:type\" content=\"article\" \/>\n<meta property=\"og:title\" content=\"[ Viewsonic ] &#129351; Xg2536 Monitor Gamer , 24.5 Pulgadas, 1920 X 1080, Full Hd, 280 Hz, 0.5 Ms, Amd Freesync, Altavoces Intregrados, Hdmi, Display Port, Usb-c , 3 A\u00f1os De Garantia\" \/>\n<meta property=\"og:description\" content=\"Compra Xg2536 Monitor Gamer , 24.5 Pulgadas, 1920 X 1080, Full Hd, 280 Hz, 0.5 Ms, Amd Freesync, Altavoces Intregrados, Hdmi, Display Port, Usb-c , 3 A\u00f1os De Garantia + Env\u00edo a domicilio + Pago seguro + Garant\u00eda\" \/>\n<meta property=\"og:url\" content=\"https:\/\/compuviper.mx\/tienda\/producto\/viewsonic-xg2536-monitor-gamer-24-5-pulgadas-1920-x-1080-full-hd-280-hz-0-5-ms-amd-freesync-altavoces-intregrados-hdmi-display-port-usb-c-3-aos-de-garantia\/\" \/>\n<meta property=\"og:site_name\" content=\"Compuviper\" \/>\n<meta property=\"article:publisher\" content=\"https:\/\/www.facebook.com\/compuviper\" \/>\n<meta property=\"og:image\" content=\"https:\/\/compuviper.mx\/tienda\/wp-content\/uploads\/2024\/09\/Monitor-viewsonic-gamer-xg2536-24.5-pulgadas-1920-x-1080-full-hd-280-hz-0.5-ms-amd-freesync-altavoces-intregrados-hdmi-display-port-usb-c-3-anos-de-garantia.jpg\" \/>\n\t<meta property=\"og:image:width\" content=\"200\" \/>\n\t<meta property=\"og:image:height\" content=\"200\" \/>\n\t<meta property=\"og:image:type\" content=\"image\/jpeg\" \/>\n<meta name=\"twitter:card\" content=\"summary_large_image\" \/>\n<meta name=\"twitter:label1\" content=\"Precio\" \/>\n\t<meta name=\"twitter:data1\" content=\"&#36;4,974 con IVA\" \/>\n\t<meta name=\"twitter:label2\" content=\"Availability\" \/>\n\t<meta name=\"twitter:data2\" content=\"On backorder\" \/>\n<script type=\"application\/ld+json\" class=\"yoast-schema-graph\">{\"@context\":\"https:\/\/schema.org\",\"@graph\":[{\"@type\":\"WebPage\",\"@id\":\"https:\/\/compuviper.mx\/tienda\/producto\/viewsonic-xg2536-monitor-gamer-24-5-pulgadas-1920-x-1080-full-hd-280-hz-0-5-ms-amd-freesync-altavoces-intregrados-hdmi-display-port-usb-c-3-aos-de-garantia\/\",\"url\":\"https:\/\/compuviper.mx\/tienda\/producto\/viewsonic-xg2536-monitor-gamer-24-5-pulgadas-1920-x-1080-full-hd-280-hz-0-5-ms-amd-freesync-altavoces-intregrados-hdmi-display-port-usb-c-3-aos-de-garantia\/\",\"name\":\"[ Viewsonic ] &#129351; Xg2536 Monitor Gamer , 24.5 Pulgadas, 1920 X 1080, Full Hd, 280 Hz, 0.5 Ms, Amd Freesync, Altavoces Intregrados, Hdmi, Display Port, Usb-c , 3 A\u00f1os De Garantia\",\"isPartOf\":{\"@id\":\"https:\/\/compuviper.mx\/tienda\/#website\"},\"datePublished\":\"2026-04-02T06:50:19+00:00\",\"dateModified\":\"2026-04-02T06:50:19+00:00\",\"description\":\"Compra Xg2536 Monitor Gamer , 24.5 Pulgadas, 1920 X 1080, Full Hd, 280 Hz, 0.5 Ms, Amd Freesync, Altavoces Intregrados, Hdmi, Display Port, Usb-c , 3 A\u00f1os De Garantia + Env\u00edo a domicilio + Pago seguro + Garant\u00eda\",\"breadcrumb\":{\"@id\":\"https:\/\/compuviper.mx\/tienda\/producto\/viewsonic-xg2536-monitor-gamer-24-5-pulgadas-1920-x-1080-full-hd-280-hz-0-5-ms-amd-freesync-altavoces-intregrados-hdmi-display-port-usb-c-3-aos-de-garantia\/#breadcrumb\"},\"inLanguage\":\"es-MX\",\"potentialAction\":[{\"@type\":\"ReadAction\",\"target\":[\"https:\/\/compuviper.mx\/tienda\/producto\/viewsonic-xg2536-monitor-gamer-24-5-pulgadas-1920-x-1080-full-hd-280-hz-0-5-ms-amd-freesync-altavoces-intregrados-hdmi-display-port-usb-c-3-aos-de-garantia\/\"]}]},{\"@type\":\"BreadcrumbList\",\"@id\":\"https:\/\/compuviper.mx\/tienda\/producto\/viewsonic-xg2536-monitor-gamer-24-5-pulgadas-1920-x-1080-full-hd-280-hz-0-5-ms-amd-freesync-altavoces-intregrados-hdmi-display-port-usb-c-3-aos-de-garantia\/#breadcrumb\",\"itemListElement\":[{\"@type\":\"ListItem\",\"position\":1,\"name\":\"Inicio\",\"item\":\"https:\/\/compuviper.mx\/tienda\/\"},{\"@type\":\"ListItem\",\"position\":2,\"name\":\"Productos\",\"item\":\"https:\/\/compuviper.mx\/tienda\/productos\/\"},{\"@type\":\"ListItem\",\"position\":3,\"name\":\"Monitores\",\"item\":\"https:\/\/compuviper.mx\/tienda\/categoria-producto\/monitores\/\"},{\"@type\":\"ListItem\",\"position\":4,\"name\":\"Led\",\"item\":\"https:\/\/compuviper.mx\/tienda\/categoria-producto\/monitores\/led\/\"},{\"@type\":\"ListItem\",\"position\":5,\"name\":\"Viewsonic Xg2536 Monitor Gamer , 24.5 Pulgadas, 1920 X 1080, Full Hd, 280 Hz, 0.5 Ms, Amd Freesync, Altavoces Intregrados, Hdmi, Display Port, Usb-c , 3 A?os De Garantia\"}]},{\"@type\":\"WebSite\",\"@id\":\"https:\/\/compuviper.mx\/tienda\/#website\",\"url\":\"https:\/\/compuviper.mx\/tienda\/\",\"name\":\"Compuviper\",\"description\":\"Proveedor de Computadoras, Laptops, Servidores, Monitores, Puntos de Venta, Teclados,   Impresoras, T\u00f3ner, C\u00e1maras de Seguridad y m\u00e1s en tu tienda en l\u00ednea\",\"publisher\":{\"@id\":\"https:\/\/compuviper.mx\/tienda\/#organization\"},\"potentialAction\":[{\"@type\":\"SearchAction\",\"target\":{\"@type\":\"EntryPoint\",\"urlTemplate\":\"https:\/\/compuviper.mx\/tienda\/?s={search_term_string}\"},\"query-input\":\"required name=search_term_string\"}],\"inLanguage\":\"es-MX\"},{\"@type\":\"Organization\",\"@id\":\"https:\/\/compuviper.mx\/tienda\/#organization\",\"name\":\"Compuviper\",\"url\":\"https:\/\/compuviper.mx\/tienda\/\",\"logo\":{\"@type\":\"ImageObject\",\"inLanguage\":\"es-MX\",\"@id\":\"https:\/\/compuviper.mx\/tienda\/#\/schema\/logo\/image\/\",\"url\":\"https:\/\/compuviper.mx\/tienda\/wp-content\/uploads\/2021\/08\/Logo-Compuviper-10.png\",\"contentUrl\":\"https:\/\/compuviper.mx\/tienda\/wp-content\/uploads\/2021\/08\/Logo-Compuviper-10.png\",\"width\":1000,\"height\":500,\"caption\":\"Compuviper\"},\"image\":{\"@id\":\"https:\/\/compuviper.mx\/tienda\/#\/schema\/logo\/image\/\"},\"sameAs\":[\"https:\/\/www.facebook.com\/compuviper\",\"https:\/\/www.youtube.com\/channel\/UCf73dERp9Y3cfOq7q8BhLjA?view_as=subscriber\"]}]}<\/script>\n<meta property=\"product:brand\" content=\"VIEWSONIC\" \/>\n<meta property=\"product:price:amount\" content=\"4974\" \/>\n<meta property=\"product:price:currency\" content=\"MXN\" \/>\n<meta property=\"og:availability\" content=\"backorder\" \/>\n<meta property=\"product:availability\" content=\"available for order\" \/>\n<meta property=\"product:retailer_item_id\" content=\"XG2536\" \/>\n<meta property=\"product:condition\" content=\"new\" \/>\n<!-- \/ Yoast SEO plugin. -->","yoast_head_json":{"title":"[ Viewsonic ] &#129351; Xg2536 Monitor Gamer , 24.5 Pulgadas, 1920 X 1080, Full Hd, 280 Hz, 0.5 Ms, Amd Freesync, Altavoces Intregrados, Hdmi, Display Port, Usb-c , 3 A\u00f1os De Garantia","description":"Compra Xg2536 Monitor Gamer , 24.5 Pulgadas, 1920 X 1080, Full Hd, 280 Hz, 0.5 Ms, Amd Freesync, Altavoces Intregrados, Hdmi, Display Port, Usb-c , 3 A\u00f1os De Garantia + Env\u00edo a domicilio + Pago seguro + Garant\u00eda","robots":{"index":"index","follow":"follow","max-snippet":"max-snippet:-1","max-image-preview":"max-image-preview:large","max-video-preview":"max-video-preview:-1"},"canonical":"https:\/\/compuviper.mx\/tienda\/producto\/viewsonic-xg2536-monitor-gamer-24-5-pulgadas-1920-x-1080-full-hd-280-hz-0-5-ms-amd-freesync-altavoces-intregrados-hdmi-display-port-usb-c-3-aos-de-garantia\/","og_locale":"es_MX","og_type":"article","og_title":"[ Viewsonic ] &#129351; Xg2536 Monitor Gamer , 24.5 Pulgadas, 1920 X 1080, Full Hd, 280 Hz, 0.5 Ms, Amd Freesync, Altavoces Intregrados, Hdmi, Display Port, Usb-c , 3 A\u00f1os De Garantia","og_description":"Compra Xg2536 Monitor Gamer , 24.5 Pulgadas, 1920 X 1080, Full Hd, 280 Hz, 0.5 Ms, Amd Freesync, Altavoces Intregrados, Hdmi, Display Port, Usb-c , 3 A\u00f1os De Garantia + Env\u00edo a domicilio + Pago seguro + Garant\u00eda","og_url":"https:\/\/compuviper.mx\/tienda\/producto\/viewsonic-xg2536-monitor-gamer-24-5-pulgadas-1920-x-1080-full-hd-280-hz-0-5-ms-amd-freesync-altavoces-intregrados-hdmi-display-port-usb-c-3-aos-de-garantia\/","og_site_name":"Compuviper","article_publisher":"https:\/\/www.facebook.com\/compuviper","og_image":[{"width":200,"height":200,"url":"https:\/\/compuviper.mx\/tienda\/wp-content\/uploads\/2024\/09\/Monitor-viewsonic-gamer-xg2536-24.5-pulgadas-1920-x-1080-full-hd-280-hz-0.5-ms-amd-freesync-altavoces-intregrados-hdmi-display-port-usb-c-3-anos-de-garantia.jpg","type":"image\/jpeg"}],"twitter_card":"summary_large_image","twitter_misc":{"Precio":"&#36;4,974 con IVA","Availability":"On backorder"},"schema":{"@context":"https:\/\/schema.org","@graph":[{"@type":"WebPage","@id":"https:\/\/compuviper.mx\/tienda\/producto\/viewsonic-xg2536-monitor-gamer-24-5-pulgadas-1920-x-1080-full-hd-280-hz-0-5-ms-amd-freesync-altavoces-intregrados-hdmi-display-port-usb-c-3-aos-de-garantia\/","url":"https:\/\/compuviper.mx\/tienda\/producto\/viewsonic-xg2536-monitor-gamer-24-5-pulgadas-1920-x-1080-full-hd-280-hz-0-5-ms-amd-freesync-altavoces-intregrados-hdmi-display-port-usb-c-3-aos-de-garantia\/","name":"[ Viewsonic ] &#129351; Xg2536 Monitor Gamer , 24.5 Pulgadas, 1920 X 1080, Full Hd, 280 Hz, 0.5 Ms, Amd Freesync, Altavoces Intregrados, Hdmi, Display Port, Usb-c , 3 A\u00f1os De Garantia","isPartOf":{"@id":"https:\/\/compuviper.mx\/tienda\/#website"},"datePublished":"2026-04-02T06:50:19+00:00","dateModified":"2026-04-02T06:50:19+00:00","description":"Compra Xg2536 Monitor Gamer , 24.5 Pulgadas, 1920 X 1080, Full Hd, 280 Hz, 0.5 Ms, Amd Freesync, Altavoces Intregrados, Hdmi, Display Port, Usb-c , 3 A\u00f1os De Garantia + Env\u00edo a domicilio + Pago seguro + Garant\u00eda","breadcrumb":{"@id":"https:\/\/compuviper.mx\/tienda\/producto\/viewsonic-xg2536-monitor-gamer-24-5-pulgadas-1920-x-1080-full-hd-280-hz-0-5-ms-amd-freesync-altavoces-intregrados-hdmi-display-port-usb-c-3-aos-de-garantia\/#breadcrumb"},"inLanguage":"es-MX","potentialAction":[{"@type":"ReadAction","target":["https:\/\/compuviper.mx\/tienda\/producto\/viewsonic-xg2536-monitor-gamer-24-5-pulgadas-1920-x-1080-full-hd-280-hz-0-5-ms-amd-freesync-altavoces-intregrados-hdmi-display-port-usb-c-3-aos-de-garantia\/"]}]},{"@type":"BreadcrumbList","@id":"https:\/\/compuviper.mx\/tienda\/producto\/viewsonic-xg2536-monitor-gamer-24-5-pulgadas-1920-x-1080-full-hd-280-hz-0-5-ms-amd-freesync-altavoces-intregrados-hdmi-display-port-usb-c-3-aos-de-garantia\/#breadcrumb","itemListElement":[{"@type":"ListItem","position":1,"name":"Inicio","item":"https:\/\/compuviper.mx\/tienda\/"},{"@type":"ListItem","position":2,"name":"Productos","item":"https:\/\/compuviper.mx\/tienda\/productos\/"},{"@type":"ListItem","position":3,"name":"Monitores","item":"https:\/\/compuviper.mx\/tienda\/categoria-producto\/monitores\/"},{"@type":"ListItem","position":4,"name":"Led","item":"https:\/\/compuviper.mx\/tienda\/categoria-producto\/monitores\/led\/"},{"@type":"ListItem","position":5,"name":"Viewsonic Xg2536 Monitor Gamer , 24.5 Pulgadas, 1920 X 1080, Full Hd, 280 Hz, 0.5 Ms, Amd Freesync, Altavoces Intregrados, Hdmi, Display Port, Usb-c , 3 A?os De Garantia"}]},{"@type":"WebSite","@id":"https:\/\/compuviper.mx\/tienda\/#website","url":"https:\/\/compuviper.mx\/tienda\/","name":"Compuviper","description":"Proveedor de Computadoras, Laptops, Servidores, Monitores, Puntos de Venta, Teclados,   Impresoras, T\u00f3ner, C\u00e1maras de Seguridad y m\u00e1s en tu tienda en l\u00ednea","publisher":{"@id":"https:\/\/compuviper.mx\/tienda\/#organization"},"potentialAction":[{"@type":"SearchAction","target":{"@type":"EntryPoint","urlTemplate":"https:\/\/compuviper.mx\/tienda\/?s={search_term_string}"},"query-input":"required name=search_term_string"}],"inLanguage":"es-MX"},{"@type":"Organization","@id":"https:\/\/compuviper.mx\/tienda\/#organization","name":"Compuviper","url":"https:\/\/compuviper.mx\/tienda\/","logo":{"@type":"ImageObject","inLanguage":"es-MX","@id":"https:\/\/compuviper.mx\/tienda\/#\/schema\/logo\/image\/","url":"https:\/\/compuviper.mx\/tienda\/wp-content\/uploads\/2021\/08\/Logo-Compuviper-10.png","contentUrl":"https:\/\/compuviper.mx\/tienda\/wp-content\/uploads\/2021\/08\/Logo-Compuviper-10.png","width":1000,"height":500,"caption":"Compuviper"},"image":{"@id":"https:\/\/compuviper.mx\/tienda\/#\/schema\/logo\/image\/"},"sameAs":["https:\/\/www.facebook.com\/compuviper","https:\/\/www.youtube.com\/channel\/UCf73dERp9Y3cfOq7q8BhLjA?view_as=subscriber"]}]},"product_brand":"VIEWSONIC","product_price_amount":"4974","product_price_currency":"MXN","og_availability":"backorder","product_availability":"available for order","product_retailer_item_id":"XG2536","product_condition":"new"},"_links":{"self":[{"href":"https:\/\/compuviper.mx\/tienda\/wp-json\/wp\/v2\/product\/240085"}],"collection":[{"href":"https:\/\/compuviper.mx\/tienda\/wp-json\/wp\/v2\/product"}],"about":[{"href":"https:\/\/compuviper.mx\/tienda\/wp-json\/wp\/v2\/types\/product"}],"replies":[{"embeddable":true,"href":"https:\/\/compuviper.mx\/tienda\/wp-json\/wp\/v2\/comments?post=240085"}],"wp:featuredmedia":[{"embeddable":true,"href":"https:\/\/compuviper.mx\/tienda\/wp-json\/wp\/v2\/media\/242776"}],"wp:attachment":[{"href":"https:\/\/compuviper.mx\/tienda\/wp-json\/wp\/v2\/media?parent=240085"}],"wp:term":[{"taxonomy":"product_cat","embeddable":true,"href":"https:\/\/compuviper.mx\/tienda\/wp-json\/wp\/v2\/product_cat?post=240085"},{"taxonomy":"product_tag","embeddable":true,"href":"https:\/\/compuviper.mx\/tienda\/wp-json\/wp\/v2\/product_tag?post=240085"}],"curies":[{"name":"wp","href":"https:\/\/api.w.org\/{rel}","templated":true}]}}