{"id":240084,"date":"2026-04-02T00:50:18","date_gmt":"2026-04-02T06:50:18","guid":{"rendered":"https:\/\/compuviper.mx\/tienda\/producto\/benq-9h-f9ctk-da1-monitor-sealizacion-digital-rm7504-75-uhd-4k-450nits-android-13-0-8gb-ram-32gb-rom-40-puntos-tactiles-3-aos-de-garantia\/"},"modified":"2026-04-02T00:50:19","modified_gmt":"2026-04-02T06:50:19","slug":"benq-9h-f9ctk-da1-monitor-sealizacion-digital-rm7504-75-uhd-4k-450nits-android-13-0-8gb-ram-32gb-rom-40-puntos-tactiles-3-aos-de-garantia","status":"publish","type":"product","link":"https:\/\/compuviper.mx\/tienda\/producto\/benq-9h-f9ctk-da1-monitor-sealizacion-digital-rm7504-75-uhd-4k-450nits-android-13-0-8gb-ram-32gb-rom-40-puntos-tactiles-3-aos-de-garantia\/","title":{"rendered":"Benq 9h.f9ctk.da1 Monitor Se?alizacion Digital  Rm7504 75 Uhd 4k 450nits Android 13.0 8gb Ram 32gb Rom 40 Puntos Tactiles 3 A?os De Garantia"},"content":{"rendered":"<table class=\"descripcion\">\n<tr>\n<td>Rm7504 benq board de 75<\/td>\n<\/tr>\n<tr>\n<td>Google certified para aplicaciones versatiles<\/td>\n<\/tr>\n<tr>\n<td>Google core service y parches de seguridad garantizados<\/td>\n<\/tr>\n<tr>\n<td>Sistema todo en uno integrado android 13.0<\/td>\n<\/tr>\n<tr>\n<td>Resolucion uhd microfono de matriz x8 y sensor nfc<\/td>\n<\/tr>\n<tr>\n<td>Procesador octa core a73x4 a53x4<\/td>\n<\/tr>\n<tr>\n<td>Benq ams dms integrado para una solucion de gestion completa<\/td>\n<\/tr>\n<tr>\n<td>Eye safe 2.0 rpf35 anti glre flicker free low blue light<\/td>\n<\/tr>\n<tr>\n<td>Classroomcare tm<\/td>\n<\/tr>\n<tr>\n<td>Espepcificaciones<\/td>\n<\/tr>\n<tr>\n<td>Panel<\/td>\n<\/tr>\n<tr>\n<td>Tamano de pantalla 75<\/td>\n<\/tr>\n<tr>\n<td>Fuente de iluminacion dled<\/td>\n<\/tr>\n<tr>\n<td>Tipo de panel ips<\/td>\n<\/tr>\n<tr>\n<td>Orientacion horizontal<\/td>\n<\/tr>\n<tr>\n<td>Operaci\u00f3n 18 hrs 7 dias<\/td>\n<\/tr>\n<tr>\n<td>Resolucion uhd 3840 x 2160 pixeles<\/td>\n<\/tr>\n<tr>\n<td>Relacion de aspecto 16 9<\/td>\n<\/tr>\n<tr>\n<td>Brillo 450 nits<\/td>\n<\/tr>\n<tr>\n<td>Contraste nativo dinamico 1200 a 1 50000 a 1<\/td>\n<\/tr>\n<tr>\n<td>Tiempo de respuesta 8ms<\/td>\n<\/tr>\n<tr>\n<td>Frame rate 60hz<\/td>\n<\/tr>\n<tr>\n<td>Angulo de vision 178 h 178 v<\/td>\n<\/tr>\n<tr>\n<td>Proteccion de panel ag haze 25<\/td>\n<\/tr>\n<tr>\n<td>Gama de color 72 ntsc<\/td>\n<\/tr>\n<tr>\n<td>Profundidad de color bits 10 bits<\/td>\n<\/tr>\n<tr>\n<td>Vida de fuente de luz 50000 hrs<\/td>\n<\/tr>\n<tr>\n<td>Vidrio<\/td>\n<\/tr>\n<tr>\n<td>Grosor  3.2 mm<\/td>\n<\/tr>\n<tr>\n<td>Tecnologia resistente a los germenes plata nano ionica<\/td>\n<\/tr>\n<tr>\n<td>Recubrimiento si<\/td>\n<\/tr>\n<tr>\n<td>Dureza 9h templado<\/td>\n<\/tr>\n<tr>\n<td>Tactil<\/td>\n<\/tr>\n<tr>\n<td>Tecnologia tactil infrarrojo de alta precision<\/td>\n<\/tr>\n<tr>\n<td>Puntos tactiles hasta 40<\/td>\n<\/tr>\n<tr>\n<td>Resolucion tactil 32767 x 32767<\/td>\n<\/tr>\n<tr>\n<td>Extactitud tactil 1.0mm<\/td>\n<\/tr>\n<tr>\n<td>Sistema operativo compatible windows xp 7 8 10 11 linux mac osx android chrome<\/td>\n<\/tr>\n<tr>\n<td>Sistema operativo controlador tactil windows xp 7 8 10 11 linux mac android chrome os<\/td>\n<\/tr>\n<tr>\n<td>Plataforma del sistema<\/td>\n<\/tr>\n<tr>\n<td>Sistema operativo android 13.0 edla<\/td>\n<\/tr>\n<tr>\n<td>Memoria almacenamiento 8gb 32gb<\/td>\n<\/tr>\n<tr>\n<td>Cpu gpu a73x4 a53x4 g52 mps<\/td>\n<\/tr>\n<tr>\n<td>Conectividad<\/td>\n<\/tr>\n<tr>\n<td>Vga in out x1 no<\/td>\n<\/tr>\n<tr>\n<td>Hdmi in out hdmi 2.0 x3 hdmi 2.0 x1<\/td>\n<\/tr>\n<tr>\n<td>Display port in out display port 1.2a x1 no<\/td>\n<\/tr>\n<tr>\n<td>Usb tipo a 2.0&#215;2 usb 3.0 x5<\/td>\n<\/tr>\n<tr>\n<td>Usb tipo b tactil usb 3.0 x3<\/td>\n<\/tr>\n<tr>\n<td>Usb tipo c 3.0 x1 usb 3.0 pd 65w x1<\/td>\n<\/tr>\n<tr>\n<td>Ranura ops x1<\/td>\n<\/tr>\n<tr>\n<td>Spdif in out no x1 optico<\/td>\n<\/tr>\n<tr>\n<td>Ethernet lan 10 100 1000 mbps andorid 10 100 1000 mbps ops x2<\/td>\n<\/tr>\n<tr>\n<td>Audio 3.5 mm microfono in x1 pc audio in x1 audifono out x1<\/td>\n<\/tr>\n<tr>\n<td>Perifericos integrados<\/td>\n<\/tr>\n<tr>\n<td>Bocinas 20w x2<\/td>\n<\/tr>\n<tr>\n<td>Microfono x8 rango de 8m<\/td>\n<\/tr>\n<tr>\n<td>Energia<\/td>\n<\/tr>\n<tr>\n<td>Fuente de alimentacion ac 100 240 v 50 60hz<\/td>\n<\/tr>\n<tr>\n<td>Consumo de energia 106.1w 0.5w 395w<\/td>\n<\/tr>\n<tr>\n<td>Caracteristicas fisicas<\/td>\n<\/tr>\n<tr>\n<td>Dimensiones wxhxd 1489.3 x 905.8 x 87.1 mm 58.6 x 35.7 x 3.4 pulgadas<\/td>\n<\/tr>\n<tr>\n<td>Peso neto 37.8 kg 83.3 lbs<\/td>\n<\/tr>\n<tr>\n<td>Bisel 16.6 16.6 16.6 16.6 mm 0.7 0.7 0.7 0.7 pulgadas<\/td>\n<\/tr>\n<tr>\n<td>Montaje vesa 600 x 400 mm 4 x m8 x 25l<\/td>\n<\/tr>\n<tr>\n<td>Orificio vesa 1 75 x 75<\/td>\n<\/tr>\n<tr>\n<td>Medio ambiente<\/td>\n<\/tr>\n<tr>\n<td>Temperatura de almacenamiento 10 60 c<\/td>\n<\/tr>\n<tr>\n<td>Temperatura de funcionamiento 0 40 c<\/td>\n<\/tr>\n<tr>\n<td>Software flicker free low blue light dms instashare2 compartir de forma inalambrica x sign broadcast sistema de transmision ams administracion de cuentas ezwrite 6.0 pizarra interfaz de usuario 4k herramienta flotante<\/td>\n<\/tr>\n<tr>\n<td>Accesorios incluidos garantia plumillas x2 montaje a pared x1 guia de inicio rapido manual de usuario electronico control remoto cables poder vga hdmi usb c usb b<\/td>\n<\/tr>\n<tr>\n<td>Otros<\/td>\n<\/tr>\n<tr>\n<td>Caracteristicas configuracion de imagen hdmi daisy chain mejora de nitidez aprueba de retencion de imagen hdmi hdcp 1.4 2.2 dp hdcp 1.2 procesamiento de color 10 bits funcion rtc sensor nfc sensor de luz ambental control cec bluetooth 5.2 wifi 6 opcional<\/td>\n<\/tr>\n<\/table>\n","protected":false},"excerpt":{"rendered":"<p>Explora las nuevas posibilidades. Libera tu potencial de ense\u00f1anza con las mejores herramientas para las aulas de hoy. Aprovecha el poder del hardware dew benq y los servicios de google para la educacion con el benq board master rm04 certificado por edla<\/p>\n","protected":false},"featured_media":242775,"comment_status":"open","ping_status":"open","template":"","meta":[],"product_cat":[1741,1740],"product_tag":[1744],"acf":[],"yoast_head":"<!-- This site is optimized with the Yoast SEO plugin v21.7 - https:\/\/yoast.com\/wordpress\/plugins\/seo\/ -->\n<title>[ Benq ] &#129351; 9h.f9ctk.da1 Monitor Se\u00f1alizacion Digital Rm7504 75 Uhd 4k 450nits Android 13.0 8gb Ram 32gb Rom 40 Puntos Tactiles 3 A\u00f1os De Garantia<\/title>\n<meta name=\"description\" content=\"Compra 9h.f9ctk.da1 Monitor Se\u00f1alizacion Digital Rm7504 75 Uhd 4k 450nits Android 13.0 8gb Ram 32gb Rom 40 Puntos Tactiles 3 A\u00f1os De Garantia + Env\u00edo a domicilio + Pago seguro + Garant\u00eda\" \/>\n<meta name=\"robots\" content=\"index, follow, max-snippet:-1, max-image-preview:large, max-video-preview:-1\" \/>\n<link rel=\"canonical\" href=\"https:\/\/compuviper.mx\/tienda\/producto\/benq-9h-f9ctk-da1-monitor-sealizacion-digital-rm7504-75-uhd-4k-450nits-android-13-0-8gb-ram-32gb-rom-40-puntos-tactiles-3-aos-de-garantia\/\" \/>\n<meta property=\"og:locale\" content=\"es_MX\" \/>\n<meta property=\"og:type\" content=\"article\" \/>\n<meta property=\"og:title\" content=\"[ Benq ] &#129351; 9h.f9ctk.da1 Monitor Se\u00f1alizacion Digital Rm7504 75 Uhd 4k 450nits Android 13.0 8gb Ram 32gb Rom 40 Puntos Tactiles 3 A\u00f1os De Garantia\" \/>\n<meta property=\"og:description\" content=\"Compra 9h.f9ctk.da1 Monitor Se\u00f1alizacion Digital Rm7504 75 Uhd 4k 450nits Android 13.0 8gb Ram 32gb Rom 40 Puntos Tactiles 3 A\u00f1os De Garantia + Env\u00edo a domicilio + Pago seguro + Garant\u00eda\" \/>\n<meta property=\"og:url\" content=\"https:\/\/compuviper.mx\/tienda\/producto\/benq-9h-f9ctk-da1-monitor-sealizacion-digital-rm7504-75-uhd-4k-450nits-android-13-0-8gb-ram-32gb-rom-40-puntos-tactiles-3-aos-de-garantia\/\" \/>\n<meta property=\"og:site_name\" content=\"Compuviper\" \/>\n<meta property=\"article:publisher\" content=\"https:\/\/www.facebook.com\/compuviper\" \/>\n<meta property=\"article:modified_time\" content=\"2026-04-02T06:50:19+00:00\" \/>\n<meta property=\"og:image\" content=\"https:\/\/compuviper.mx\/tienda\/wp-content\/uploads\/2024\/09\/Monitor-senalizacion-digital-benq-rm7504-75-uhd-4k-450nits-android-13.0-8gb-ram-32gb-rom-40-puntos-tactiles-3-anos-de-garantia.jpg\" \/>\n\t<meta property=\"og:image:width\" content=\"200\" \/>\n\t<meta property=\"og:image:height\" content=\"200\" \/>\n\t<meta property=\"og:image:type\" content=\"image\/jpeg\" \/>\n<meta name=\"twitter:card\" content=\"summary_large_image\" \/>\n<meta name=\"twitter:label1\" content=\"Precio\" \/>\n\t<meta name=\"twitter:data1\" content=\"&#36;48,103 con IVA\" \/>\n\t<meta name=\"twitter:label2\" content=\"Availability\" \/>\n\t<meta name=\"twitter:data2\" content=\"On backorder\" \/>\n<script type=\"application\/ld+json\" class=\"yoast-schema-graph\">{\"@context\":\"https:\/\/schema.org\",\"@graph\":[{\"@type\":\"WebPage\",\"@id\":\"https:\/\/compuviper.mx\/tienda\/producto\/benq-9h-f9ctk-da1-monitor-sealizacion-digital-rm7504-75-uhd-4k-450nits-android-13-0-8gb-ram-32gb-rom-40-puntos-tactiles-3-aos-de-garantia\/\",\"url\":\"https:\/\/compuviper.mx\/tienda\/producto\/benq-9h-f9ctk-da1-monitor-sealizacion-digital-rm7504-75-uhd-4k-450nits-android-13-0-8gb-ram-32gb-rom-40-puntos-tactiles-3-aos-de-garantia\/\",\"name\":\"[ Benq ] &#129351; 9h.f9ctk.da1 Monitor Se\u00f1alizacion Digital Rm7504 75 Uhd 4k 450nits Android 13.0 8gb Ram 32gb Rom 40 Puntos Tactiles 3 A\u00f1os De Garantia\",\"isPartOf\":{\"@id\":\"https:\/\/compuviper.mx\/tienda\/#website\"},\"datePublished\":\"2026-04-02T06:50:18+00:00\",\"dateModified\":\"2026-04-02T06:50:19+00:00\",\"description\":\"Compra 9h.f9ctk.da1 Monitor Se\u00f1alizacion Digital Rm7504 75 Uhd 4k 450nits Android 13.0 8gb Ram 32gb Rom 40 Puntos Tactiles 3 A\u00f1os De Garantia + Env\u00edo a domicilio + Pago seguro + Garant\u00eda\",\"breadcrumb\":{\"@id\":\"https:\/\/compuviper.mx\/tienda\/producto\/benq-9h-f9ctk-da1-monitor-sealizacion-digital-rm7504-75-uhd-4k-450nits-android-13-0-8gb-ram-32gb-rom-40-puntos-tactiles-3-aos-de-garantia\/#breadcrumb\"},\"inLanguage\":\"es-MX\",\"potentialAction\":[{\"@type\":\"ReadAction\",\"target\":[\"https:\/\/compuviper.mx\/tienda\/producto\/benq-9h-f9ctk-da1-monitor-sealizacion-digital-rm7504-75-uhd-4k-450nits-android-13-0-8gb-ram-32gb-rom-40-puntos-tactiles-3-aos-de-garantia\/\"]}]},{\"@type\":\"BreadcrumbList\",\"@id\":\"https:\/\/compuviper.mx\/tienda\/producto\/benq-9h-f9ctk-da1-monitor-sealizacion-digital-rm7504-75-uhd-4k-450nits-android-13-0-8gb-ram-32gb-rom-40-puntos-tactiles-3-aos-de-garantia\/#breadcrumb\",\"itemListElement\":[{\"@type\":\"ListItem\",\"position\":1,\"name\":\"Inicio\",\"item\":\"https:\/\/compuviper.mx\/tienda\/\"},{\"@type\":\"ListItem\",\"position\":2,\"name\":\"Productos\",\"item\":\"https:\/\/compuviper.mx\/tienda\/productos\/\"},{\"@type\":\"ListItem\",\"position\":3,\"name\":\"Monitores\",\"item\":\"https:\/\/compuviper.mx\/tienda\/categoria-producto\/monitores\/\"},{\"@type\":\"ListItem\",\"position\":4,\"name\":\"Led\",\"item\":\"https:\/\/compuviper.mx\/tienda\/categoria-producto\/monitores\/led\/\"},{\"@type\":\"ListItem\",\"position\":5,\"name\":\"Benq 9h.f9ctk.da1 Monitor Se?alizacion Digital Rm7504 75 Uhd 4k 450nits Android 13.0 8gb Ram 32gb Rom 40 Puntos Tactiles 3 A?os De Garantia\"}]},{\"@type\":\"WebSite\",\"@id\":\"https:\/\/compuviper.mx\/tienda\/#website\",\"url\":\"https:\/\/compuviper.mx\/tienda\/\",\"name\":\"Compuviper\",\"description\":\"Proveedor de Computadoras, Laptops, Servidores, Monitores, Puntos de Venta, Teclados,   Impresoras, T\u00f3ner, C\u00e1maras de Seguridad y m\u00e1s en tu tienda en l\u00ednea\",\"publisher\":{\"@id\":\"https:\/\/compuviper.mx\/tienda\/#organization\"},\"potentialAction\":[{\"@type\":\"SearchAction\",\"target\":{\"@type\":\"EntryPoint\",\"urlTemplate\":\"https:\/\/compuviper.mx\/tienda\/?s={search_term_string}\"},\"query-input\":\"required name=search_term_string\"}],\"inLanguage\":\"es-MX\"},{\"@type\":\"Organization\",\"@id\":\"https:\/\/compuviper.mx\/tienda\/#organization\",\"name\":\"Compuviper\",\"url\":\"https:\/\/compuviper.mx\/tienda\/\",\"logo\":{\"@type\":\"ImageObject\",\"inLanguage\":\"es-MX\",\"@id\":\"https:\/\/compuviper.mx\/tienda\/#\/schema\/logo\/image\/\",\"url\":\"https:\/\/compuviper.mx\/tienda\/wp-content\/uploads\/2021\/08\/Logo-Compuviper-10.png\",\"contentUrl\":\"https:\/\/compuviper.mx\/tienda\/wp-content\/uploads\/2021\/08\/Logo-Compuviper-10.png\",\"width\":1000,\"height\":500,\"caption\":\"Compuviper\"},\"image\":{\"@id\":\"https:\/\/compuviper.mx\/tienda\/#\/schema\/logo\/image\/\"},\"sameAs\":[\"https:\/\/www.facebook.com\/compuviper\",\"https:\/\/www.youtube.com\/channel\/UCf73dERp9Y3cfOq7q8BhLjA?view_as=subscriber\"]}]}<\/script>\n<meta property=\"product:brand\" content=\"BENQ\" \/>\n<meta property=\"product:price:amount\" content=\"48103\" \/>\n<meta property=\"product:price:currency\" content=\"MXN\" \/>\n<meta property=\"og:availability\" content=\"backorder\" \/>\n<meta property=\"product:availability\" content=\"available for order\" \/>\n<meta property=\"product:retailer_item_id\" content=\"9H.F9CTK.DA1\" \/>\n<meta property=\"product:condition\" content=\"new\" \/>\n<!-- \/ Yoast SEO plugin. -->","yoast_head_json":{"title":"[ Benq ] &#129351; 9h.f9ctk.da1 Monitor Se\u00f1alizacion Digital Rm7504 75 Uhd 4k 450nits Android 13.0 8gb Ram 32gb Rom 40 Puntos Tactiles 3 A\u00f1os De Garantia","description":"Compra 9h.f9ctk.da1 Monitor Se\u00f1alizacion Digital Rm7504 75 Uhd 4k 450nits Android 13.0 8gb Ram 32gb Rom 40 Puntos Tactiles 3 A\u00f1os De Garantia + Env\u00edo a domicilio + Pago seguro + Garant\u00eda","robots":{"index":"index","follow":"follow","max-snippet":"max-snippet:-1","max-image-preview":"max-image-preview:large","max-video-preview":"max-video-preview:-1"},"canonical":"https:\/\/compuviper.mx\/tienda\/producto\/benq-9h-f9ctk-da1-monitor-sealizacion-digital-rm7504-75-uhd-4k-450nits-android-13-0-8gb-ram-32gb-rom-40-puntos-tactiles-3-aos-de-garantia\/","og_locale":"es_MX","og_type":"article","og_title":"[ Benq ] &#129351; 9h.f9ctk.da1 Monitor Se\u00f1alizacion Digital Rm7504 75 Uhd 4k 450nits Android 13.0 8gb Ram 32gb Rom 40 Puntos Tactiles 3 A\u00f1os De Garantia","og_description":"Compra 9h.f9ctk.da1 Monitor Se\u00f1alizacion Digital Rm7504 75 Uhd 4k 450nits Android 13.0 8gb Ram 32gb Rom 40 Puntos Tactiles 3 A\u00f1os De Garantia + Env\u00edo a domicilio + Pago seguro + Garant\u00eda","og_url":"https:\/\/compuviper.mx\/tienda\/producto\/benq-9h-f9ctk-da1-monitor-sealizacion-digital-rm7504-75-uhd-4k-450nits-android-13-0-8gb-ram-32gb-rom-40-puntos-tactiles-3-aos-de-garantia\/","og_site_name":"Compuviper","article_publisher":"https:\/\/www.facebook.com\/compuviper","article_modified_time":"2026-04-02T06:50:19+00:00","og_image":[{"width":200,"height":200,"url":"https:\/\/compuviper.mx\/tienda\/wp-content\/uploads\/2024\/09\/Monitor-senalizacion-digital-benq-rm7504-75-uhd-4k-450nits-android-13.0-8gb-ram-32gb-rom-40-puntos-tactiles-3-anos-de-garantia.jpg","type":"image\/jpeg"}],"twitter_card":"summary_large_image","twitter_misc":{"Precio":"&#36;48,103 con IVA","Availability":"On backorder"},"schema":{"@context":"https:\/\/schema.org","@graph":[{"@type":"WebPage","@id":"https:\/\/compuviper.mx\/tienda\/producto\/benq-9h-f9ctk-da1-monitor-sealizacion-digital-rm7504-75-uhd-4k-450nits-android-13-0-8gb-ram-32gb-rom-40-puntos-tactiles-3-aos-de-garantia\/","url":"https:\/\/compuviper.mx\/tienda\/producto\/benq-9h-f9ctk-da1-monitor-sealizacion-digital-rm7504-75-uhd-4k-450nits-android-13-0-8gb-ram-32gb-rom-40-puntos-tactiles-3-aos-de-garantia\/","name":"[ Benq ] &#129351; 9h.f9ctk.da1 Monitor Se\u00f1alizacion Digital Rm7504 75 Uhd 4k 450nits Android 13.0 8gb Ram 32gb Rom 40 Puntos Tactiles 3 A\u00f1os De Garantia","isPartOf":{"@id":"https:\/\/compuviper.mx\/tienda\/#website"},"datePublished":"2026-04-02T06:50:18+00:00","dateModified":"2026-04-02T06:50:19+00:00","description":"Compra 9h.f9ctk.da1 Monitor Se\u00f1alizacion Digital Rm7504 75 Uhd 4k 450nits Android 13.0 8gb Ram 32gb Rom 40 Puntos Tactiles 3 A\u00f1os De Garantia + Env\u00edo a domicilio + Pago seguro + Garant\u00eda","breadcrumb":{"@id":"https:\/\/compuviper.mx\/tienda\/producto\/benq-9h-f9ctk-da1-monitor-sealizacion-digital-rm7504-75-uhd-4k-450nits-android-13-0-8gb-ram-32gb-rom-40-puntos-tactiles-3-aos-de-garantia\/#breadcrumb"},"inLanguage":"es-MX","potentialAction":[{"@type":"ReadAction","target":["https:\/\/compuviper.mx\/tienda\/producto\/benq-9h-f9ctk-da1-monitor-sealizacion-digital-rm7504-75-uhd-4k-450nits-android-13-0-8gb-ram-32gb-rom-40-puntos-tactiles-3-aos-de-garantia\/"]}]},{"@type":"BreadcrumbList","@id":"https:\/\/compuviper.mx\/tienda\/producto\/benq-9h-f9ctk-da1-monitor-sealizacion-digital-rm7504-75-uhd-4k-450nits-android-13-0-8gb-ram-32gb-rom-40-puntos-tactiles-3-aos-de-garantia\/#breadcrumb","itemListElement":[{"@type":"ListItem","position":1,"name":"Inicio","item":"https:\/\/compuviper.mx\/tienda\/"},{"@type":"ListItem","position":2,"name":"Productos","item":"https:\/\/compuviper.mx\/tienda\/productos\/"},{"@type":"ListItem","position":3,"name":"Monitores","item":"https:\/\/compuviper.mx\/tienda\/categoria-producto\/monitores\/"},{"@type":"ListItem","position":4,"name":"Led","item":"https:\/\/compuviper.mx\/tienda\/categoria-producto\/monitores\/led\/"},{"@type":"ListItem","position":5,"name":"Benq 9h.f9ctk.da1 Monitor Se?alizacion Digital Rm7504 75 Uhd 4k 450nits Android 13.0 8gb Ram 32gb Rom 40 Puntos Tactiles 3 A?os De Garantia"}]},{"@type":"WebSite","@id":"https:\/\/compuviper.mx\/tienda\/#website","url":"https:\/\/compuviper.mx\/tienda\/","name":"Compuviper","description":"Proveedor de Computadoras, Laptops, Servidores, Monitores, Puntos de Venta, Teclados,   Impresoras, T\u00f3ner, C\u00e1maras de Seguridad y m\u00e1s en tu tienda en l\u00ednea","publisher":{"@id":"https:\/\/compuviper.mx\/tienda\/#organization"},"potentialAction":[{"@type":"SearchAction","target":{"@type":"EntryPoint","urlTemplate":"https:\/\/compuviper.mx\/tienda\/?s={search_term_string}"},"query-input":"required name=search_term_string"}],"inLanguage":"es-MX"},{"@type":"Organization","@id":"https:\/\/compuviper.mx\/tienda\/#organization","name":"Compuviper","url":"https:\/\/compuviper.mx\/tienda\/","logo":{"@type":"ImageObject","inLanguage":"es-MX","@id":"https:\/\/compuviper.mx\/tienda\/#\/schema\/logo\/image\/","url":"https:\/\/compuviper.mx\/tienda\/wp-content\/uploads\/2021\/08\/Logo-Compuviper-10.png","contentUrl":"https:\/\/compuviper.mx\/tienda\/wp-content\/uploads\/2021\/08\/Logo-Compuviper-10.png","width":1000,"height":500,"caption":"Compuviper"},"image":{"@id":"https:\/\/compuviper.mx\/tienda\/#\/schema\/logo\/image\/"},"sameAs":["https:\/\/www.facebook.com\/compuviper","https:\/\/www.youtube.com\/channel\/UCf73dERp9Y3cfOq7q8BhLjA?view_as=subscriber"]}]},"product_brand":"BENQ","product_price_amount":"48103","product_price_currency":"MXN","og_availability":"backorder","product_availability":"available for order","product_retailer_item_id":"9H.F9CTK.DA1","product_condition":"new"},"_links":{"self":[{"href":"https:\/\/compuviper.mx\/tienda\/wp-json\/wp\/v2\/product\/240084"}],"collection":[{"href":"https:\/\/compuviper.mx\/tienda\/wp-json\/wp\/v2\/product"}],"about":[{"href":"https:\/\/compuviper.mx\/tienda\/wp-json\/wp\/v2\/types\/product"}],"replies":[{"embeddable":true,"href":"https:\/\/compuviper.mx\/tienda\/wp-json\/wp\/v2\/comments?post=240084"}],"wp:featuredmedia":[{"embeddable":true,"href":"https:\/\/compuviper.mx\/tienda\/wp-json\/wp\/v2\/media\/242775"}],"wp:attachment":[{"href":"https:\/\/compuviper.mx\/tienda\/wp-json\/wp\/v2\/media?parent=240084"}],"wp:term":[{"taxonomy":"product_cat","embeddable":true,"href":"https:\/\/compuviper.mx\/tienda\/wp-json\/wp\/v2\/product_cat?post=240084"},{"taxonomy":"product_tag","embeddable":true,"href":"https:\/\/compuviper.mx\/tienda\/wp-json\/wp\/v2\/product_tag?post=240084"}],"curies":[{"name":"wp","href":"https:\/\/api.w.org\/{rel}","templated":true}]}}