{"id":240040,"date":"2026-04-11T01:07:10","date_gmt":"2026-04-11T07:07:10","guid":{"rendered":"https:\/\/compuviper.mx\/tienda\/producto\/tp-link-re815xe-repetidor-tp-link-wifi-6-e-mesh-axe5400-triple-banda-mu-mimo-banda-de-6ghz\/"},"modified":"2026-04-11T01:07:11","modified_gmt":"2026-04-11T07:07:11","slug":"tp-link-re815xe-repetidor-tp-link-wifi-6-e-mesh-axe5400-triple-banda-mu-mimo-banda-de-6ghz","status":"publish","type":"product","link":"https:\/\/compuviper.mx\/tienda\/producto\/tp-link-re815xe-repetidor-tp-link-wifi-6-e-mesh-axe5400-triple-banda-mu-mimo-banda-de-6ghz\/","title":{"rendered":"Tp Link Re815xe Repetidor | Tp-link |  | Wifi 6 E | Mesh |  Axe5400 | Triple Banda | Mu-mimo | Banda De 6ghz"},"content":{"rendered":"<table class=\"descripcion\">\n<tr>\n<td>Inal\u00e1mbricos<\/td>\n<\/tr>\n<tr>\n<td>Modos de trabajo<\/td>\n<\/tr>\n<tr>\n<td>Extensor de alcance\/punto de acceso<\/td>\n<\/tr>\n<tr>\n<td>Caracter\u00edsticas de hardware<\/td>\n<\/tr>\n<tr>\n<td>Puertos<\/td>\n<\/tr>\n<tr>\n<td>1 puerto ethernet gigabit<\/td>\n<\/tr>\n<tr>\n<td>Botones<\/td>\n<\/tr>\n<tr>\n<td>Bot\u00f3n wps, bot\u00f3n de reinicio<\/td>\n<\/tr>\n<tr>\n<td>Potencia de entrada<\/td>\n<\/tr>\n<tr>\n<td>100-240v~50\/60hz<\/td>\n<\/tr>\n<tr>\n<td>Consumo de potencia<\/td>\n<\/tr>\n<tr>\n<td>23w<\/td>\n<\/tr>\n<tr>\n<td>Dimensiones<\/td>\n<\/tr>\n<tr>\n<td>106,6\u00d739,7\u00d7348,2 mm (4,2\u00d71,6\u00d713,7 pulg.)<\/td>\n<\/tr>\n<tr>\n<td>Antenas<\/td>\n<\/tr>\n<tr>\n<td>4 antenas externas<\/td>\n<\/tr>\n<tr>\n<td>Caracter\u00edsticas inal\u00e1mbricas<\/td>\n<\/tr>\n<tr>\n<td>Est\u00e1ndares inal\u00e1mbricos<\/td>\n<\/tr>\n<tr>\n<td>\u0095 ieee 802.11ax 6 ghz<\/td>\n<\/tr>\n<tr>\n<td>\u0095 ieee 802.11a\/n\/ac\/ax 5 ghz<\/td>\n<\/tr>\n<tr>\n<td>\u0095 ieee 802.11b\/g\/n\/ax 2.4 ghz<\/td>\n<\/tr>\n<tr>\n<td>Frecuencia<\/td>\n<\/tr>\n<tr>\n<td>&#8211; 2,4 ghz<\/td>\n<\/tr>\n<tr>\n<td>&#8211; 5 ghz<\/td>\n<\/tr>\n<tr>\n<td>&#8211; 6 ghz<\/td>\n<\/tr>\n<tr>\n<td>Tasa de se\u00f1al<\/td>\n<\/tr>\n<tr>\n<td>&#8211; 574 mbps a 2,4 ghz<\/td>\n<\/tr>\n<tr>\n<td>&#8211; 2402 mbps a 5 ghz<\/td>\n<\/tr>\n<tr>\n<td>&#8211; 2402 mbps a 6 ghz<\/td>\n<\/tr>\n<tr>\n<td>Working modes<\/td>\n<\/tr>\n<tr>\n<td>Extensor de cobertura\/punto de acceso<\/td>\n<\/tr>\n<tr>\n<td>Sensibilidad de recepci\u00f3n<\/td>\n<\/tr>\n<tr>\n<td>6ghz:<\/td>\n<\/tr>\n<tr>\n<td>11ax he20 mcs0 and #65306;-92dbm, 11ax he20 mcs11 and #65306;-61dbm<\/td>\n<\/tr>\n<tr>\n<td>11ax he40 mcs0 and #65306;-89dbm, 11ax he40 mcs11 and #65306;-58dbm<\/td>\n<\/tr>\n<tr>\n<td>11ax he80 mcs0 and #65306;-86dbm, 11ax he80 mcs11 and #65306;-55dbm<\/td>\n<\/tr>\n<tr>\n<td>11ax he160 mcs0 and #65306;-83dbm, 11ax he160 mcs11 and #65306;-52dbm<\/td>\n<\/tr>\n<tr>\n<td>5ghz:<\/td>\n<\/tr>\n<tr>\n<td>11ax he20 mcs0 and #65306;-93dbm, 11ax he20 mcs11 and #65306;-62dbm<\/td>\n<\/tr>\n<tr>\n<td>11ax he40 mcs0 and #65306;-90dbm, 11ax he40 mcs11 and #65306;-59dbm<\/td>\n<\/tr>\n<tr>\n<td>11ax he80 mcs0 and #65306;-87dbm, 11ax he80 mcs11 and #65306;-56dbm<\/td>\n<\/tr>\n<tr>\n<td>11ax he160 mcs0 and #65306;-84dbm, 11ax he160 mcs11 and #65306;-53dbm<\/td>\n<\/tr>\n<tr>\n<td>2.4ghz:<\/td>\n<\/tr>\n<tr>\n<td>11ax he20 mcs0 and #65306;-95dbm, 11ax he20 mcs11 and #65306;-64dbm<\/td>\n<\/tr>\n<tr>\n<td>11ax he40 mcs0 and #65306;-92dbm, 11ax he40 mcs11 and #65306;-62dbm<\/td>\n<\/tr>\n<tr>\n<td>Funciones inal\u00e1mbricas<\/td>\n<\/tr>\n<tr>\n<td>&#8211; control por led<\/td>\n<\/tr>\n<tr>\n<td>&#8211; control de acceso<\/td>\n<\/tr>\n<tr>\n<td>&#8211; horario de encendido<\/td>\n<\/tr>\n<tr>\n<td>&#8211; cobertura wi-fi<\/td>\n<\/tr>\n<tr>\n<td>Seguridad inal\u00e1mbrica<\/td>\n<\/tr>\n<tr>\n<td>&#8211; wep de 64\/128 bits<\/td>\n<\/tr>\n<tr>\n<td>&#8211; cifrados wpa\/wpa2-psk<\/td>\n<\/tr>\n<tr>\n<td>&#8211; wpa3<\/td>\n<\/tr>\n<tr>\n<td>Potencia de transmisi\u00f3n<\/td>\n<\/tr>\n<tr>\n<td>Fcc:<\/td>\n<\/tr>\n<tr>\n<td>&#8211; 2,4ghz   30dbm<\/td>\n<\/tr>\n<tr>\n<td>&#8211; 5ghz   30dbm<\/td>\n<\/tr>\n<tr>\n<td>&#8211; 6ghz   30dbm<\/td>\n<\/tr>\n<tr>\n<td>Tecnolog\u00eda mesh<\/td>\n<\/tr>\n<tr>\n<td>Tp-link onemesh<\/td>\n<\/tr>\n<tr>\n<td>Otros<\/td>\n<\/tr>\n<tr>\n<td>Certificaciones<\/td>\n<\/tr>\n<tr>\n<td>Fcc, rohs<\/td>\n<\/tr>\n<tr>\n<td>Contenido del paquete<\/td>\n<\/tr>\n<tr>\n<td>&#8211; extensor de red wi-fi re815xe<\/td>\n<\/tr>\n<tr>\n<td>&#8211; gu\u00eda r\u00e1pida de instalaci\u00f3n<\/td>\n<\/tr>\n<tr>\n<td>Requisitos del sistema<\/td>\n<\/tr>\n<tr>\n<td>Microsoft windows 98se, nt, 2000, xp, vista\u0099 o<\/td>\n<\/tr>\n<tr>\n<td>Windows 7, 8, 8.1, 10, mac os, netware, unix o linux<\/td>\n<\/tr>\n<tr>\n<td>Internet explorer 11, firefox 12.0, chrome 20.0, safari<\/td>\n<\/tr>\n<tr>\n<td>4.0 u otro navegador habilitado para java<\/td>\n<\/tr>\n<tr>\n<td>Factores ambientales<\/td>\n<\/tr>\n<tr>\n<td>Temperatura de funcionamiento: 0  and #8451; ~ 40  and #8451; (32  and #8457; ~ 104  and #8457;)<\/td>\n<\/tr>\n<tr>\n<td>Temperatura de almacenamiento: -40  and #8451; ~ 70  and #8451; (-40  and #8457; ~ 158  and #8457;)<\/td>\n<\/tr>\n<tr>\n<td>Humedad de funcionamiento: 10 %~90 % sin condensaci\u00f3n<\/td>\n<\/tr>\n<tr>\n<td>Humedad de almacenamiento: 5 %~90 % sin condensaci\u00f3n<\/td>\n<\/tr>\n<\/table>\n","protected":false},"excerpt":{"rendered":"<p>Re815xe. Repetidor wi-fi 6e mesh axe5400. Alta velocidad wi- fi 6e de triple banda. Navega a m\u00e1s velocidad hasta 5,4gbps con mayor estabilidad gracias a las tres bandas de 6ghz, 5ghz y 2,4ghz.(1). 6 ghz band. Evita interferencias y congesti\u00f3n de la red wi-fi. Ancho de banda de canal de 160mhz. Ampl\u00eda el ancho de banda hasta duplicar los 80 mhz tradicionales.(2. Roaming inteligente. Disfruta de un streaming sin cortes al moverte por la casa.(3. M\u00e1s capacidad, menor tiempo de respuesta. Disfrute de transmisiones impecables en m\u00e1s pantallas en toda la casa. F\u00e1cil control por app. Configura tu extensi\u00f3n de red c\u00f3modamente desde el m\u00f3vil con la app tp-link tether. Compatible con onemesh\u0099. Crea una red wi-fi mesh unificada en casa para cambiar de red al ir de una habitaci\u00f3n a otra.<\/p>\n","protected":false},"featured_media":242884,"comment_status":"open","ping_status":"open","template":"","meta":[],"product_cat":[1563,1755],"product_tag":[1562],"acf":[],"yoast_head":"<!-- This site is optimized with the Yoast SEO plugin v21.7 - https:\/\/yoast.com\/wordpress\/plugins\/seo\/ -->\n<title>[ Tp Link ] &#129351; Re815xe Repetidor | Tp-link | | Wifi 6 E | Mesh | Axe5400 | Triple Banda | Mu-mimo | Banda De 6ghz<\/title>\n<meta name=\"description\" content=\"Compra Re815xe Repetidor | Tp-link | | Wifi 6 E | Mesh | Axe5400 | Triple Banda | Mu-mimo | Banda De 6ghz + Env\u00edo a domicilio + Pago seguro + Garant\u00eda\" \/>\n<meta name=\"robots\" content=\"index, follow, max-snippet:-1, max-image-preview:large, max-video-preview:-1\" \/>\n<link rel=\"canonical\" href=\"https:\/\/compuviper.mx\/tienda\/producto\/tp-link-re815xe-repetidor-tp-link-wifi-6-e-mesh-axe5400-triple-banda-mu-mimo-banda-de-6ghz\/\" \/>\n<meta property=\"og:locale\" content=\"es_MX\" \/>\n<meta property=\"og:type\" content=\"article\" \/>\n<meta property=\"og:title\" content=\"[ Tp Link ] &#129351; Re815xe Repetidor | Tp-link | | Wifi 6 E | Mesh | Axe5400 | Triple Banda | Mu-mimo | Banda De 6ghz\" \/>\n<meta property=\"og:description\" content=\"Compra Re815xe Repetidor | Tp-link | | Wifi 6 E | Mesh | Axe5400 | Triple Banda | Mu-mimo | Banda De 6ghz + Env\u00edo a domicilio + Pago seguro + Garant\u00eda\" \/>\n<meta property=\"og:url\" content=\"https:\/\/compuviper.mx\/tienda\/producto\/tp-link-re815xe-repetidor-tp-link-wifi-6-e-mesh-axe5400-triple-banda-mu-mimo-banda-de-6ghz\/\" \/>\n<meta property=\"og:site_name\" content=\"Compuviper\" \/>\n<meta property=\"article:publisher\" content=\"https:\/\/www.facebook.com\/compuviper\" \/>\n<meta property=\"article:modified_time\" content=\"2026-04-11T07:07:11+00:00\" \/>\n<meta property=\"og:image\" content=\"https:\/\/compuviper.mx\/tienda\/wp-content\/uploads\/2024\/09\/Repetidor-tp-link-re815xe-wifi-6-e-mesh-axe5400-triple-banda-mu-mimo-banda-de-6ghz.jpg\" \/>\n\t<meta property=\"og:image:width\" content=\"200\" \/>\n\t<meta property=\"og:image:height\" content=\"200\" \/>\n\t<meta property=\"og:image:type\" content=\"image\/jpeg\" \/>\n<meta name=\"twitter:card\" content=\"summary_large_image\" \/>\n<meta name=\"twitter:label1\" content=\"Precio\" \/>\n\t<meta name=\"twitter:data1\" content=\"&#36;1,920 con IVA\" \/>\n\t<meta name=\"twitter:label2\" content=\"Availability\" \/>\n\t<meta name=\"twitter:data2\" content=\"Out of stock\" \/>\n<script type=\"application\/ld+json\" class=\"yoast-schema-graph\">{\"@context\":\"https:\/\/schema.org\",\"@graph\":[{\"@type\":\"WebPage\",\"@id\":\"https:\/\/compuviper.mx\/tienda\/producto\/tp-link-re815xe-repetidor-tp-link-wifi-6-e-mesh-axe5400-triple-banda-mu-mimo-banda-de-6ghz\/\",\"url\":\"https:\/\/compuviper.mx\/tienda\/producto\/tp-link-re815xe-repetidor-tp-link-wifi-6-e-mesh-axe5400-triple-banda-mu-mimo-banda-de-6ghz\/\",\"name\":\"[ Tp Link ] &#129351; Re815xe Repetidor | Tp-link | | Wifi 6 E | Mesh | Axe5400 | Triple Banda | Mu-mimo | Banda De 6ghz\",\"isPartOf\":{\"@id\":\"https:\/\/compuviper.mx\/tienda\/#website\"},\"datePublished\":\"2026-04-11T07:07:10+00:00\",\"dateModified\":\"2026-04-11T07:07:11+00:00\",\"description\":\"Compra Re815xe Repetidor | Tp-link | | Wifi 6 E | Mesh | Axe5400 | Triple Banda | Mu-mimo | Banda De 6ghz + Env\u00edo a domicilio + Pago seguro + Garant\u00eda\",\"breadcrumb\":{\"@id\":\"https:\/\/compuviper.mx\/tienda\/producto\/tp-link-re815xe-repetidor-tp-link-wifi-6-e-mesh-axe5400-triple-banda-mu-mimo-banda-de-6ghz\/#breadcrumb\"},\"inLanguage\":\"es-MX\",\"potentialAction\":[{\"@type\":\"ReadAction\",\"target\":[\"https:\/\/compuviper.mx\/tienda\/producto\/tp-link-re815xe-repetidor-tp-link-wifi-6-e-mesh-axe5400-triple-banda-mu-mimo-banda-de-6ghz\/\"]}]},{\"@type\":\"BreadcrumbList\",\"@id\":\"https:\/\/compuviper.mx\/tienda\/producto\/tp-link-re815xe-repetidor-tp-link-wifi-6-e-mesh-axe5400-triple-banda-mu-mimo-banda-de-6ghz\/#breadcrumb\",\"itemListElement\":[{\"@type\":\"ListItem\",\"position\":1,\"name\":\"Inicio\",\"item\":\"https:\/\/compuviper.mx\/tienda\/\"},{\"@type\":\"ListItem\",\"position\":2,\"name\":\"Productos\",\"item\":\"https:\/\/compuviper.mx\/tienda\/productos\/\"},{\"@type\":\"ListItem\",\"position\":3,\"name\":\"Redes\",\"item\":\"https:\/\/compuviper.mx\/tienda\/categoria-producto\/redes\/\"},{\"@type\":\"ListItem\",\"position\":4,\"name\":\"Repetidor Wireless\",\"item\":\"https:\/\/compuviper.mx\/tienda\/categoria-producto\/redes\/repetidor-wireless\/\"},{\"@type\":\"ListItem\",\"position\":5,\"name\":\"Tp Link Re815xe Repetidor | Tp-link | | Wifi 6 E | Mesh | Axe5400 | Triple Banda | Mu-mimo | Banda De 6ghz\"}]},{\"@type\":\"WebSite\",\"@id\":\"https:\/\/compuviper.mx\/tienda\/#website\",\"url\":\"https:\/\/compuviper.mx\/tienda\/\",\"name\":\"Compuviper\",\"description\":\"Proveedor de Computadoras, Laptops, Servidores, Monitores, Puntos de Venta, Teclados,   Impresoras, T\u00f3ner, C\u00e1maras de Seguridad y m\u00e1s en tu tienda en l\u00ednea\",\"publisher\":{\"@id\":\"https:\/\/compuviper.mx\/tienda\/#organization\"},\"potentialAction\":[{\"@type\":\"SearchAction\",\"target\":{\"@type\":\"EntryPoint\",\"urlTemplate\":\"https:\/\/compuviper.mx\/tienda\/?s={search_term_string}\"},\"query-input\":\"required name=search_term_string\"}],\"inLanguage\":\"es-MX\"},{\"@type\":\"Organization\",\"@id\":\"https:\/\/compuviper.mx\/tienda\/#organization\",\"name\":\"Compuviper\",\"url\":\"https:\/\/compuviper.mx\/tienda\/\",\"logo\":{\"@type\":\"ImageObject\",\"inLanguage\":\"es-MX\",\"@id\":\"https:\/\/compuviper.mx\/tienda\/#\/schema\/logo\/image\/\",\"url\":\"https:\/\/compuviper.mx\/tienda\/wp-content\/uploads\/2021\/08\/Logo-Compuviper-10.png\",\"contentUrl\":\"https:\/\/compuviper.mx\/tienda\/wp-content\/uploads\/2021\/08\/Logo-Compuviper-10.png\",\"width\":1000,\"height\":500,\"caption\":\"Compuviper\"},\"image\":{\"@id\":\"https:\/\/compuviper.mx\/tienda\/#\/schema\/logo\/image\/\"},\"sameAs\":[\"https:\/\/www.facebook.com\/compuviper\",\"https:\/\/www.youtube.com\/channel\/UCf73dERp9Y3cfOq7q8BhLjA?view_as=subscriber\"]}]}<\/script>\n<meta property=\"product:brand\" content=\"TP LINK\" \/>\n<meta property=\"product:price:amount\" content=\"1920\" \/>\n<meta property=\"product:price:currency\" content=\"MXN\" \/>\n<meta property=\"og:availability\" content=\"out of stock\" \/>\n<meta property=\"product:availability\" content=\"out of stock\" \/>\n<meta property=\"product:retailer_item_id\" content=\"RE815XE\" \/>\n<meta property=\"product:condition\" content=\"new\" \/>\n<!-- \/ Yoast SEO plugin. -->","yoast_head_json":{"title":"[ Tp Link ] &#129351; Re815xe Repetidor | Tp-link | | Wifi 6 E | Mesh | Axe5400 | Triple Banda | Mu-mimo | Banda De 6ghz","description":"Compra Re815xe Repetidor | Tp-link | | Wifi 6 E | Mesh | Axe5400 | Triple Banda | Mu-mimo | Banda De 6ghz + Env\u00edo a domicilio + Pago seguro + Garant\u00eda","robots":{"index":"index","follow":"follow","max-snippet":"max-snippet:-1","max-image-preview":"max-image-preview:large","max-video-preview":"max-video-preview:-1"},"canonical":"https:\/\/compuviper.mx\/tienda\/producto\/tp-link-re815xe-repetidor-tp-link-wifi-6-e-mesh-axe5400-triple-banda-mu-mimo-banda-de-6ghz\/","og_locale":"es_MX","og_type":"article","og_title":"[ Tp Link ] &#129351; Re815xe Repetidor | Tp-link | | Wifi 6 E | Mesh | Axe5400 | Triple Banda | Mu-mimo | Banda De 6ghz","og_description":"Compra Re815xe Repetidor | Tp-link | | Wifi 6 E | Mesh | Axe5400 | Triple Banda | Mu-mimo | Banda De 6ghz + Env\u00edo a domicilio + Pago seguro + Garant\u00eda","og_url":"https:\/\/compuviper.mx\/tienda\/producto\/tp-link-re815xe-repetidor-tp-link-wifi-6-e-mesh-axe5400-triple-banda-mu-mimo-banda-de-6ghz\/","og_site_name":"Compuviper","article_publisher":"https:\/\/www.facebook.com\/compuviper","article_modified_time":"2026-04-11T07:07:11+00:00","og_image":[{"width":200,"height":200,"url":"https:\/\/compuviper.mx\/tienda\/wp-content\/uploads\/2024\/09\/Repetidor-tp-link-re815xe-wifi-6-e-mesh-axe5400-triple-banda-mu-mimo-banda-de-6ghz.jpg","type":"image\/jpeg"}],"twitter_card":"summary_large_image","twitter_misc":{"Precio":"&#36;1,920 con IVA","Availability":"Out of stock"},"schema":{"@context":"https:\/\/schema.org","@graph":[{"@type":"WebPage","@id":"https:\/\/compuviper.mx\/tienda\/producto\/tp-link-re815xe-repetidor-tp-link-wifi-6-e-mesh-axe5400-triple-banda-mu-mimo-banda-de-6ghz\/","url":"https:\/\/compuviper.mx\/tienda\/producto\/tp-link-re815xe-repetidor-tp-link-wifi-6-e-mesh-axe5400-triple-banda-mu-mimo-banda-de-6ghz\/","name":"[ Tp Link ] &#129351; Re815xe Repetidor | Tp-link | | Wifi 6 E | Mesh | Axe5400 | Triple Banda | Mu-mimo | Banda De 6ghz","isPartOf":{"@id":"https:\/\/compuviper.mx\/tienda\/#website"},"datePublished":"2026-04-11T07:07:10+00:00","dateModified":"2026-04-11T07:07:11+00:00","description":"Compra Re815xe Repetidor | Tp-link | | Wifi 6 E | Mesh | Axe5400 | Triple Banda | Mu-mimo | Banda De 6ghz + Env\u00edo a domicilio + Pago seguro + Garant\u00eda","breadcrumb":{"@id":"https:\/\/compuviper.mx\/tienda\/producto\/tp-link-re815xe-repetidor-tp-link-wifi-6-e-mesh-axe5400-triple-banda-mu-mimo-banda-de-6ghz\/#breadcrumb"},"inLanguage":"es-MX","potentialAction":[{"@type":"ReadAction","target":["https:\/\/compuviper.mx\/tienda\/producto\/tp-link-re815xe-repetidor-tp-link-wifi-6-e-mesh-axe5400-triple-banda-mu-mimo-banda-de-6ghz\/"]}]},{"@type":"BreadcrumbList","@id":"https:\/\/compuviper.mx\/tienda\/producto\/tp-link-re815xe-repetidor-tp-link-wifi-6-e-mesh-axe5400-triple-banda-mu-mimo-banda-de-6ghz\/#breadcrumb","itemListElement":[{"@type":"ListItem","position":1,"name":"Inicio","item":"https:\/\/compuviper.mx\/tienda\/"},{"@type":"ListItem","position":2,"name":"Productos","item":"https:\/\/compuviper.mx\/tienda\/productos\/"},{"@type":"ListItem","position":3,"name":"Redes","item":"https:\/\/compuviper.mx\/tienda\/categoria-producto\/redes\/"},{"@type":"ListItem","position":4,"name":"Repetidor Wireless","item":"https:\/\/compuviper.mx\/tienda\/categoria-producto\/redes\/repetidor-wireless\/"},{"@type":"ListItem","position":5,"name":"Tp Link Re815xe Repetidor | Tp-link | | Wifi 6 E | Mesh | Axe5400 | Triple Banda | Mu-mimo | Banda De 6ghz"}]},{"@type":"WebSite","@id":"https:\/\/compuviper.mx\/tienda\/#website","url":"https:\/\/compuviper.mx\/tienda\/","name":"Compuviper","description":"Proveedor de Computadoras, Laptops, Servidores, Monitores, Puntos de Venta, Teclados,   Impresoras, T\u00f3ner, C\u00e1maras de Seguridad y m\u00e1s en tu tienda en l\u00ednea","publisher":{"@id":"https:\/\/compuviper.mx\/tienda\/#organization"},"potentialAction":[{"@type":"SearchAction","target":{"@type":"EntryPoint","urlTemplate":"https:\/\/compuviper.mx\/tienda\/?s={search_term_string}"},"query-input":"required name=search_term_string"}],"inLanguage":"es-MX"},{"@type":"Organization","@id":"https:\/\/compuviper.mx\/tienda\/#organization","name":"Compuviper","url":"https:\/\/compuviper.mx\/tienda\/","logo":{"@type":"ImageObject","inLanguage":"es-MX","@id":"https:\/\/compuviper.mx\/tienda\/#\/schema\/logo\/image\/","url":"https:\/\/compuviper.mx\/tienda\/wp-content\/uploads\/2021\/08\/Logo-Compuviper-10.png","contentUrl":"https:\/\/compuviper.mx\/tienda\/wp-content\/uploads\/2021\/08\/Logo-Compuviper-10.png","width":1000,"height":500,"caption":"Compuviper"},"image":{"@id":"https:\/\/compuviper.mx\/tienda\/#\/schema\/logo\/image\/"},"sameAs":["https:\/\/www.facebook.com\/compuviper","https:\/\/www.youtube.com\/channel\/UCf73dERp9Y3cfOq7q8BhLjA?view_as=subscriber"]}]},"product_brand":"TP LINK","product_price_amount":"1920","product_price_currency":"MXN","og_availability":"out of stock","product_availability":"out of stock","product_retailer_item_id":"RE815XE","product_condition":"new"},"_links":{"self":[{"href":"https:\/\/compuviper.mx\/tienda\/wp-json\/wp\/v2\/product\/240040"}],"collection":[{"href":"https:\/\/compuviper.mx\/tienda\/wp-json\/wp\/v2\/product"}],"about":[{"href":"https:\/\/compuviper.mx\/tienda\/wp-json\/wp\/v2\/types\/product"}],"replies":[{"embeddable":true,"href":"https:\/\/compuviper.mx\/tienda\/wp-json\/wp\/v2\/comments?post=240040"}],"wp:featuredmedia":[{"embeddable":true,"href":"https:\/\/compuviper.mx\/tienda\/wp-json\/wp\/v2\/media\/242884"}],"wp:attachment":[{"href":"https:\/\/compuviper.mx\/tienda\/wp-json\/wp\/v2\/media?parent=240040"}],"wp:term":[{"taxonomy":"product_cat","embeddable":true,"href":"https:\/\/compuviper.mx\/tienda\/wp-json\/wp\/v2\/product_cat?post=240040"},{"taxonomy":"product_tag","embeddable":true,"href":"https:\/\/compuviper.mx\/tienda\/wp-json\/wp\/v2\/product_tag?post=240040"}],"curies":[{"name":"wp","href":"https:\/\/api.w.org\/{rel}","templated":true}]}}