{"id":240013,"date":"2026-04-23T00:14:41","date_gmt":"2026-04-23T06:14:41","guid":{"rendered":"https:\/\/compuviper.mx\/tienda\/producto\/dahua-dh-hac-hdw1200tqp-a-camara-analoga-hac-hdw1200tq-a-domo-de-2-mp-1080p-lente-de-2-8mm-102-grados-de-apertura-super-adapt-ir-de-40-metros-microfono-integrado-instalacion-rapida-ip67-m\/"},"modified":"2026-04-23T00:14:42","modified_gmt":"2026-04-23T06:14:42","slug":"dahua-dh-hac-hdw1200tqp-a-camara-analoga-hac-hdw1200tq-a-domo-de-2-mp-1080p-lente-de-2-8mm-102-grados-de-apertura-super-adapt-ir-de-40-metros-microfono-integrado-instalacion-rapida-ip67-m","status":"publish","type":"product","link":"https:\/\/compuviper.mx\/tienda\/producto\/dahua-dh-hac-hdw1200tqp-a-camara-analoga-hac-hdw1200tq-a-domo-de-2-mp-1080p-lente-de-2-8mm-102-grados-de-apertura-super-adapt-ir-de-40-metros-microfono-integrado-instalacion-rapida-ip67-m\/","title":{"rendered":"Dahua Dh-hac-hdw1200tqp-a Camara Analoga\/ \/ Hac-hdw1200tq-a\/ Domo De 2 Mp\/ 1080p\/ Lente De 2.8mm\/ 102 Grados De Apertura\/ Super Adapt\/ Ir De 40 Metros\/ Microfono Integrado\/ Instalacion Rapida\/ Ip67\/ Metalpolicarbonato\/"},"content":{"rendered":"<table class=\"descripcion\">\n<tr>\n<td>Caracteristicas principales<\/td>\n<\/tr>\n<tr>\n<td>\u0095 resolucion: 2 megapixeles (1920 x 1080)<\/td>\n<\/tr>\n<tr>\n<td>\u0095 sensor de imagen: cmos de de 1 \/ 2.7 pulgadas<\/td>\n<\/tr>\n<tr>\n<td>\u0095 lente: focal fijo<\/td>\n<\/tr>\n<tr>\n<td>\u0095 longitud focal: 2,8 mil\u00edmetros; 3,6 milimetros; 6 milimetros<\/td>\n<\/tr>\n<tr>\n<td>\u0095 iluminacion minima: 0.02lux \/ f1.9, 0lux  ir encendido<\/td>\n<\/tr>\n<tr>\n<td>\u0095 salida de video: 1 salida bnc (cvi\/tvi\/ahd\/cvbs)<\/td>\n<\/tr>\n<tr>\n<td>Especificaciones tecnicas<\/td>\n<\/tr>\n<tr>\n<td>\u0095 material: nucleo interior de metal+cubierta de plastico+pedestal de plastico<\/td>\n<\/tr>\n<tr>\n<td>\u0095 dimensiones:  and #934;109,9 mm \u00d7 100,9 mm ( and #934;4,33 \u00d7 3,97)<\/td>\n<\/tr>\n<tr>\n<td>\u0095 peso: 320g<\/td>\n<\/tr>\n<tr>\n<td>\u0095 proteccion ambiental: ip67<\/td>\n<\/tr>\n<tr>\n<td>\u0095 temperatura de trabajo: -40\u00b0c a 60\u00b0c<\/td>\n<\/tr>\n<tr>\n<td>\u0095 alimentacion: dc 12v<\/td>\n<\/tr>\n<tr>\n<td>\u0095 consumo de energoa: max. 2.9 w (12 v cc, luz blanca encendida)<\/td>\n<\/tr>\n<tr>\n<td>\u0095 menu osd: varios idiomas *no puede bajar la resoluci\u00f3n a 720p<\/td>\n<\/tr>\n<\/table>\n","protected":false},"excerpt":{"rendered":"<p>Informacion general. Experimente video full hd de 1080p y la simplicidad de utilizar la infraestructura de cableado existente con hdcvi. La camara hdcvi 1080p de la serie lite presenta un dise\u00f1o compacto y ofrece una imagen de alta calidad a un precio asequible. Ofrece varios modelos de lentes motorizados\/fijos con un osd multiling\u00fce y salida conmutable hd\/sd. Su flexibilidad estructural y su alto costo-rendimiento hacen de la c\u00e1mara una opci\u00f3n ideal para soluciones smb. Proteccion ip67. \u0095 totalmente resistente al polvo. \u0095 resistente al agua a una profundidad de 1 metro durante 30 minutos. Es importante tener en cuenta que la clasificacion ip67 no significa que el dispositivo sea impermeable. Si bien puede soportar la inmersion accidental en agua, no es recomendable sumergirlo durante largos periodos de tiempo ni exponerlo a chorros de agua a alta presion. Iluminacion ir inteligente. La iluminacion ir inteligente es una tecnologia que se utiliza en camaras de seguridad para mejorar la vision nocturna. Funciona utilizando leds infrarrojos (ir) para iluminar la escena sin ser visible para el ojo humano. Esto permite a la camara capturar imagenes claras y nitidas incluso en condiciones de oscuridad total. 4 se\u00f1ales sobre 1 cable coaxial. Las camaras dahua utilizan tecnologia hdcvi de transmision de video analogica y digital a trav\u00e9s de cable coaxial, esta tecnologia admite 4 se\u00f1ales que se transmiten a traves de 1 cable coaxial simultaneamente. \u0095 video. \u0095 audio. \u0095 datos. \u0095 energ\u00eda. Esto es compatible con camaras analogicas tradicionales y nos ofrece mayor distancia de transmision que la tecnologia analogica tradicional. Menu osd. El menu osd (on screen display &#8211; visualizacion en pantalla) es una caracteristica comun en camaras de seguridad, monitores, proyectores y otros dispositivos audiovisuales. Sirve para configurar y ajustar diversos parametros del dispositivo sin necesidad de utilizar software o controles f\u00edsicos externos. \u0095 opciones de visualizacion: brillo, contraste, nitidez, saturacion, balance de blancos. Temperatura de color, etc. \u0095 operaciones de tecnologias: hdcvi\/ahd\/tvi\/cvbs. \u0095 operaciones de resolucion: bajar resolucion 2mp ,4mp , 5mp, 8mp. Incluye. \u0095 camara domo 2mp. \u0095 base para montaje. \u0095 tornillos de fijacion. \u0095 manual de usuario. \u0095 p\u00f3liza de garantia<\/p>\n","protected":false},"featured_media":242514,"comment_status":"open","ping_status":"open","template":"","meta":[],"product_cat":[1681,1608],"product_tag":[1555],"acf":[],"yoast_head":"<!-- This site is optimized with the Yoast SEO plugin v21.7 - https:\/\/yoast.com\/wordpress\/plugins\/seo\/ -->\n<title>[ Dahua ] &#129351; Dh-hac-hdw1200tqp-a Camara Analoga\/ \/ Hac-hdw1200tq-a\/ Domo De 2 Mp\/ 1080p\/ Lente De 2.8mm\/ 102 Grados De Apertura\/ Super Adapt\/ Ir De 40 Metros\/ Microfono Integrado\/ Instalacion Rapida\/ Ip67\/ Metalpolicarbonato\/<\/title>\n<meta name=\"description\" content=\"Compra Dh-hac-hdw1200tqp-a Camara Analoga\/ \/ Hac-hdw1200tq-a\/ Domo De 2 Mp\/ 1080p\/ Lente De 2.8mm\/ 102 Grados De Apertura\/ Super Adapt\/ Ir De 40 Metros\/ Microfono Integrado\/ Instalacion Rapida\/ Ip67\/ Metalpolicarbonato\/ + Env\u00edo a domicilio + Pago seguro + Garant\u00eda\" \/>\n<meta name=\"robots\" content=\"index, follow, max-snippet:-1, max-image-preview:large, max-video-preview:-1\" \/>\n<link rel=\"canonical\" href=\"https:\/\/compuviper.mx\/tienda\/producto\/dahua-dh-hac-hdw1200tqp-a-camara-analoga-hac-hdw1200tq-a-domo-de-2-mp-1080p-lente-de-2-8mm-102-grados-de-apertura-super-adapt-ir-de-40-metros-microfono-integrado-instalacion-rapida-ip67-m\/\" \/>\n<meta property=\"og:locale\" content=\"es_MX\" \/>\n<meta property=\"og:type\" content=\"article\" \/>\n<meta property=\"og:title\" content=\"[ Dahua ] &#129351; Dh-hac-hdw1200tqp-a Camara Analoga\/ \/ Hac-hdw1200tq-a\/ Domo De 2 Mp\/ 1080p\/ Lente De 2.8mm\/ 102 Grados De Apertura\/ Super Adapt\/ Ir De 40 Metros\/ Microfono Integrado\/ Instalacion Rapida\/ Ip67\/ Metalpolicarbonato\/\" \/>\n<meta property=\"og:description\" content=\"Compra Dh-hac-hdw1200tqp-a Camara Analoga\/ \/ Hac-hdw1200tq-a\/ Domo De 2 Mp\/ 1080p\/ Lente De 2.8mm\/ 102 Grados De Apertura\/ Super Adapt\/ Ir De 40 Metros\/ Microfono Integrado\/ Instalacion Rapida\/ Ip67\/ Metalpolicarbonato\/ + Env\u00edo a domicilio + Pago seguro + Garant\u00eda\" \/>\n<meta property=\"og:url\" content=\"https:\/\/compuviper.mx\/tienda\/producto\/dahua-dh-hac-hdw1200tqp-a-camara-analoga-hac-hdw1200tq-a-domo-de-2-mp-1080p-lente-de-2-8mm-102-grados-de-apertura-super-adapt-ir-de-40-metros-microfono-integrado-instalacion-rapida-ip67-m\/\" \/>\n<meta property=\"og:site_name\" content=\"Compuviper\" \/>\n<meta property=\"article:publisher\" content=\"https:\/\/www.facebook.com\/compuviper\" \/>\n<meta property=\"article:modified_time\" content=\"2026-04-23T06:14:42+00:00\" \/>\n<meta property=\"og:image\" content=\"https:\/\/compuviper.mx\/tienda\/wp-content\/uploads\/2024\/09\/Camara-analoga-dahua-hac-hdw1200tq-a-domo-de-2-mp-1080p-lente-de-2.8mm-102-grados-de-apertura-super-adapt-ir-de-40-metros-microfono-integrado-instalacion-rapida-ip67-metalpolicarbonato.jpg\" \/>\n\t<meta property=\"og:image:width\" content=\"200\" \/>\n\t<meta property=\"og:image:height\" content=\"200\" \/>\n\t<meta property=\"og:image:type\" content=\"image\/jpeg\" \/>\n<meta name=\"twitter:card\" content=\"summary_large_image\" \/>\n<meta name=\"twitter:label1\" content=\"Precio\" \/>\n\t<meta name=\"twitter:data1\" content=\"&#36;373 &#36;369 con IVA\" \/>\n\t<meta name=\"twitter:label2\" content=\"Availability\" \/>\n\t<meta name=\"twitter:data2\" content=\"In stock\" \/>\n<script type=\"application\/ld+json\" class=\"yoast-schema-graph\">{\"@context\":\"https:\/\/schema.org\",\"@graph\":[{\"@type\":\"WebPage\",\"@id\":\"https:\/\/compuviper.mx\/tienda\/producto\/dahua-dh-hac-hdw1200tqp-a-camara-analoga-hac-hdw1200tq-a-domo-de-2-mp-1080p-lente-de-2-8mm-102-grados-de-apertura-super-adapt-ir-de-40-metros-microfono-integrado-instalacion-rapida-ip67-m\/\",\"url\":\"https:\/\/compuviper.mx\/tienda\/producto\/dahua-dh-hac-hdw1200tqp-a-camara-analoga-hac-hdw1200tq-a-domo-de-2-mp-1080p-lente-de-2-8mm-102-grados-de-apertura-super-adapt-ir-de-40-metros-microfono-integrado-instalacion-rapida-ip67-m\/\",\"name\":\"[ Dahua ] &#129351; Dh-hac-hdw1200tqp-a Camara Analoga\/ \/ Hac-hdw1200tq-a\/ Domo De 2 Mp\/ 1080p\/ Lente De 2.8mm\/ 102 Grados De Apertura\/ Super Adapt\/ Ir De 40 Metros\/ Microfono Integrado\/ Instalacion Rapida\/ Ip67\/ Metalpolicarbonato\/\",\"isPartOf\":{\"@id\":\"https:\/\/compuviper.mx\/tienda\/#website\"},\"datePublished\":\"2026-04-23T06:14:41+00:00\",\"dateModified\":\"2026-04-23T06:14:42+00:00\",\"description\":\"Compra Dh-hac-hdw1200tqp-a Camara Analoga\/ \/ Hac-hdw1200tq-a\/ Domo De 2 Mp\/ 1080p\/ Lente De 2.8mm\/ 102 Grados De Apertura\/ Super Adapt\/ Ir De 40 Metros\/ Microfono Integrado\/ Instalacion Rapida\/ Ip67\/ Metalpolicarbonato\/ + Env\u00edo a domicilio + Pago seguro + Garant\u00eda\",\"breadcrumb\":{\"@id\":\"https:\/\/compuviper.mx\/tienda\/producto\/dahua-dh-hac-hdw1200tqp-a-camara-analoga-hac-hdw1200tq-a-domo-de-2-mp-1080p-lente-de-2-8mm-102-grados-de-apertura-super-adapt-ir-de-40-metros-microfono-integrado-instalacion-rapida-ip67-m\/#breadcrumb\"},\"inLanguage\":\"es-MX\",\"potentialAction\":[{\"@type\":\"ReadAction\",\"target\":[\"https:\/\/compuviper.mx\/tienda\/producto\/dahua-dh-hac-hdw1200tqp-a-camara-analoga-hac-hdw1200tq-a-domo-de-2-mp-1080p-lente-de-2-8mm-102-grados-de-apertura-super-adapt-ir-de-40-metros-microfono-integrado-instalacion-rapida-ip67-m\/\"]}]},{\"@type\":\"BreadcrumbList\",\"@id\":\"https:\/\/compuviper.mx\/tienda\/producto\/dahua-dh-hac-hdw1200tqp-a-camara-analoga-hac-hdw1200tq-a-domo-de-2-mp-1080p-lente-de-2-8mm-102-grados-de-apertura-super-adapt-ir-de-40-metros-microfono-integrado-instalacion-rapida-ip67-m\/#breadcrumb\",\"itemListElement\":[{\"@type\":\"ListItem\",\"position\":1,\"name\":\"Inicio\",\"item\":\"https:\/\/compuviper.mx\/tienda\/\"},{\"@type\":\"ListItem\",\"position\":2,\"name\":\"Productos\",\"item\":\"https:\/\/compuviper.mx\/tienda\/productos\/\"},{\"@type\":\"ListItem\",\"position\":3,\"name\":\"Camaras\",\"item\":\"https:\/\/compuviper.mx\/tienda\/categoria-producto\/camaras-2\/\"},{\"@type\":\"ListItem\",\"position\":4,\"name\":\"Camara De Videovigilancia\",\"item\":\"https:\/\/compuviper.mx\/tienda\/categoria-producto\/camaras-2\/camara-de-videovigilancia\/\"},{\"@type\":\"ListItem\",\"position\":5,\"name\":\"Dahua Dh-hac-hdw1200tqp-a Camara Analoga\/ \/ Hac-hdw1200tq-a\/ Domo De 2 Mp\/ 1080p\/ Lente De 2.8mm\/ 102 Grados De Apertura\/ Super Adapt\/ Ir De 40 Metros\/ Microfono Integrado\/ Instalacion Rapida\/ Ip67\/ Metalpolicarbonato\/\"}]},{\"@type\":\"WebSite\",\"@id\":\"https:\/\/compuviper.mx\/tienda\/#website\",\"url\":\"https:\/\/compuviper.mx\/tienda\/\",\"name\":\"Compuviper\",\"description\":\"Proveedor de Computadoras, Laptops, Servidores, Monitores, Puntos de Venta, Teclados,   Impresoras, T\u00f3ner, C\u00e1maras de Seguridad y m\u00e1s en tu tienda en l\u00ednea\",\"publisher\":{\"@id\":\"https:\/\/compuviper.mx\/tienda\/#organization\"},\"potentialAction\":[{\"@type\":\"SearchAction\",\"target\":{\"@type\":\"EntryPoint\",\"urlTemplate\":\"https:\/\/compuviper.mx\/tienda\/?s={search_term_string}\"},\"query-input\":\"required name=search_term_string\"}],\"inLanguage\":\"es-MX\"},{\"@type\":\"Organization\",\"@id\":\"https:\/\/compuviper.mx\/tienda\/#organization\",\"name\":\"Compuviper\",\"url\":\"https:\/\/compuviper.mx\/tienda\/\",\"logo\":{\"@type\":\"ImageObject\",\"inLanguage\":\"es-MX\",\"@id\":\"https:\/\/compuviper.mx\/tienda\/#\/schema\/logo\/image\/\",\"url\":\"https:\/\/compuviper.mx\/tienda\/wp-content\/uploads\/2021\/08\/Logo-Compuviper-10.png\",\"contentUrl\":\"https:\/\/compuviper.mx\/tienda\/wp-content\/uploads\/2021\/08\/Logo-Compuviper-10.png\",\"width\":1000,\"height\":500,\"caption\":\"Compuviper\"},\"image\":{\"@id\":\"https:\/\/compuviper.mx\/tienda\/#\/schema\/logo\/image\/\"},\"sameAs\":[\"https:\/\/www.facebook.com\/compuviper\",\"https:\/\/www.youtube.com\/channel\/UCf73dERp9Y3cfOq7q8BhLjA?view_as=subscriber\"]}]}<\/script>\n<meta property=\"product:brand\" content=\"DAHUA\" \/>\n<meta property=\"product:price:amount\" content=\"369\" \/>\n<meta property=\"product:price:currency\" content=\"MXN\" \/>\n<meta property=\"og:availability\" content=\"instock\" \/>\n<meta property=\"product:availability\" content=\"instock\" \/>\n<meta property=\"product:retailer_item_id\" content=\"DH-HAC-HDW1200TQP-A\" \/>\n<meta property=\"product:condition\" content=\"new\" \/>\n<!-- \/ Yoast SEO plugin. -->","yoast_head_json":{"title":"[ Dahua ] &#129351; Dh-hac-hdw1200tqp-a Camara Analoga\/ \/ Hac-hdw1200tq-a\/ Domo De 2 Mp\/ 1080p\/ Lente De 2.8mm\/ 102 Grados De Apertura\/ Super Adapt\/ Ir De 40 Metros\/ Microfono Integrado\/ Instalacion Rapida\/ Ip67\/ Metalpolicarbonato\/","description":"Compra Dh-hac-hdw1200tqp-a Camara Analoga\/ \/ Hac-hdw1200tq-a\/ Domo De 2 Mp\/ 1080p\/ Lente De 2.8mm\/ 102 Grados De Apertura\/ Super Adapt\/ Ir De 40 Metros\/ Microfono Integrado\/ Instalacion Rapida\/ Ip67\/ Metalpolicarbonato\/ + Env\u00edo a domicilio + Pago seguro + Garant\u00eda","robots":{"index":"index","follow":"follow","max-snippet":"max-snippet:-1","max-image-preview":"max-image-preview:large","max-video-preview":"max-video-preview:-1"},"canonical":"https:\/\/compuviper.mx\/tienda\/producto\/dahua-dh-hac-hdw1200tqp-a-camara-analoga-hac-hdw1200tq-a-domo-de-2-mp-1080p-lente-de-2-8mm-102-grados-de-apertura-super-adapt-ir-de-40-metros-microfono-integrado-instalacion-rapida-ip67-m\/","og_locale":"es_MX","og_type":"article","og_title":"[ Dahua ] &#129351; Dh-hac-hdw1200tqp-a Camara Analoga\/ \/ Hac-hdw1200tq-a\/ Domo De 2 Mp\/ 1080p\/ Lente De 2.8mm\/ 102 Grados De Apertura\/ Super Adapt\/ Ir De 40 Metros\/ Microfono Integrado\/ Instalacion Rapida\/ Ip67\/ Metalpolicarbonato\/","og_description":"Compra Dh-hac-hdw1200tqp-a Camara Analoga\/ \/ Hac-hdw1200tq-a\/ Domo De 2 Mp\/ 1080p\/ Lente De 2.8mm\/ 102 Grados De Apertura\/ Super Adapt\/ Ir De 40 Metros\/ Microfono Integrado\/ Instalacion Rapida\/ Ip67\/ Metalpolicarbonato\/ + Env\u00edo a domicilio + Pago seguro + Garant\u00eda","og_url":"https:\/\/compuviper.mx\/tienda\/producto\/dahua-dh-hac-hdw1200tqp-a-camara-analoga-hac-hdw1200tq-a-domo-de-2-mp-1080p-lente-de-2-8mm-102-grados-de-apertura-super-adapt-ir-de-40-metros-microfono-integrado-instalacion-rapida-ip67-m\/","og_site_name":"Compuviper","article_publisher":"https:\/\/www.facebook.com\/compuviper","article_modified_time":"2026-04-23T06:14:42+00:00","og_image":[{"width":200,"height":200,"url":"https:\/\/compuviper.mx\/tienda\/wp-content\/uploads\/2024\/09\/Camara-analoga-dahua-hac-hdw1200tq-a-domo-de-2-mp-1080p-lente-de-2.8mm-102-grados-de-apertura-super-adapt-ir-de-40-metros-microfono-integrado-instalacion-rapida-ip67-metalpolicarbonato.jpg","type":"image\/jpeg"}],"twitter_card":"summary_large_image","twitter_misc":{"Precio":"&#36;373 &#36;369 con IVA","Availability":"In stock"},"schema":{"@context":"https:\/\/schema.org","@graph":[{"@type":"WebPage","@id":"https:\/\/compuviper.mx\/tienda\/producto\/dahua-dh-hac-hdw1200tqp-a-camara-analoga-hac-hdw1200tq-a-domo-de-2-mp-1080p-lente-de-2-8mm-102-grados-de-apertura-super-adapt-ir-de-40-metros-microfono-integrado-instalacion-rapida-ip67-m\/","url":"https:\/\/compuviper.mx\/tienda\/producto\/dahua-dh-hac-hdw1200tqp-a-camara-analoga-hac-hdw1200tq-a-domo-de-2-mp-1080p-lente-de-2-8mm-102-grados-de-apertura-super-adapt-ir-de-40-metros-microfono-integrado-instalacion-rapida-ip67-m\/","name":"[ Dahua ] &#129351; Dh-hac-hdw1200tqp-a Camara Analoga\/ \/ Hac-hdw1200tq-a\/ Domo De 2 Mp\/ 1080p\/ Lente De 2.8mm\/ 102 Grados De Apertura\/ Super Adapt\/ Ir De 40 Metros\/ Microfono Integrado\/ Instalacion Rapida\/ Ip67\/ Metalpolicarbonato\/","isPartOf":{"@id":"https:\/\/compuviper.mx\/tienda\/#website"},"datePublished":"2026-04-23T06:14:41+00:00","dateModified":"2026-04-23T06:14:42+00:00","description":"Compra Dh-hac-hdw1200tqp-a Camara Analoga\/ \/ Hac-hdw1200tq-a\/ Domo De 2 Mp\/ 1080p\/ Lente De 2.8mm\/ 102 Grados De Apertura\/ Super Adapt\/ Ir De 40 Metros\/ Microfono Integrado\/ Instalacion Rapida\/ Ip67\/ Metalpolicarbonato\/ + Env\u00edo a domicilio + Pago seguro + Garant\u00eda","breadcrumb":{"@id":"https:\/\/compuviper.mx\/tienda\/producto\/dahua-dh-hac-hdw1200tqp-a-camara-analoga-hac-hdw1200tq-a-domo-de-2-mp-1080p-lente-de-2-8mm-102-grados-de-apertura-super-adapt-ir-de-40-metros-microfono-integrado-instalacion-rapida-ip67-m\/#breadcrumb"},"inLanguage":"es-MX","potentialAction":[{"@type":"ReadAction","target":["https:\/\/compuviper.mx\/tienda\/producto\/dahua-dh-hac-hdw1200tqp-a-camara-analoga-hac-hdw1200tq-a-domo-de-2-mp-1080p-lente-de-2-8mm-102-grados-de-apertura-super-adapt-ir-de-40-metros-microfono-integrado-instalacion-rapida-ip67-m\/"]}]},{"@type":"BreadcrumbList","@id":"https:\/\/compuviper.mx\/tienda\/producto\/dahua-dh-hac-hdw1200tqp-a-camara-analoga-hac-hdw1200tq-a-domo-de-2-mp-1080p-lente-de-2-8mm-102-grados-de-apertura-super-adapt-ir-de-40-metros-microfono-integrado-instalacion-rapida-ip67-m\/#breadcrumb","itemListElement":[{"@type":"ListItem","position":1,"name":"Inicio","item":"https:\/\/compuviper.mx\/tienda\/"},{"@type":"ListItem","position":2,"name":"Productos","item":"https:\/\/compuviper.mx\/tienda\/productos\/"},{"@type":"ListItem","position":3,"name":"Camaras","item":"https:\/\/compuviper.mx\/tienda\/categoria-producto\/camaras-2\/"},{"@type":"ListItem","position":4,"name":"Camara De Videovigilancia","item":"https:\/\/compuviper.mx\/tienda\/categoria-producto\/camaras-2\/camara-de-videovigilancia\/"},{"@type":"ListItem","position":5,"name":"Dahua Dh-hac-hdw1200tqp-a Camara Analoga\/ \/ Hac-hdw1200tq-a\/ Domo De 2 Mp\/ 1080p\/ Lente De 2.8mm\/ 102 Grados De Apertura\/ Super Adapt\/ Ir De 40 Metros\/ Microfono Integrado\/ Instalacion Rapida\/ Ip67\/ Metalpolicarbonato\/"}]},{"@type":"WebSite","@id":"https:\/\/compuviper.mx\/tienda\/#website","url":"https:\/\/compuviper.mx\/tienda\/","name":"Compuviper","description":"Proveedor de Computadoras, Laptops, Servidores, Monitores, Puntos de Venta, Teclados,   Impresoras, T\u00f3ner, C\u00e1maras de Seguridad y m\u00e1s en tu tienda en l\u00ednea","publisher":{"@id":"https:\/\/compuviper.mx\/tienda\/#organization"},"potentialAction":[{"@type":"SearchAction","target":{"@type":"EntryPoint","urlTemplate":"https:\/\/compuviper.mx\/tienda\/?s={search_term_string}"},"query-input":"required name=search_term_string"}],"inLanguage":"es-MX"},{"@type":"Organization","@id":"https:\/\/compuviper.mx\/tienda\/#organization","name":"Compuviper","url":"https:\/\/compuviper.mx\/tienda\/","logo":{"@type":"ImageObject","inLanguage":"es-MX","@id":"https:\/\/compuviper.mx\/tienda\/#\/schema\/logo\/image\/","url":"https:\/\/compuviper.mx\/tienda\/wp-content\/uploads\/2021\/08\/Logo-Compuviper-10.png","contentUrl":"https:\/\/compuviper.mx\/tienda\/wp-content\/uploads\/2021\/08\/Logo-Compuviper-10.png","width":1000,"height":500,"caption":"Compuviper"},"image":{"@id":"https:\/\/compuviper.mx\/tienda\/#\/schema\/logo\/image\/"},"sameAs":["https:\/\/www.facebook.com\/compuviper","https:\/\/www.youtube.com\/channel\/UCf73dERp9Y3cfOq7q8BhLjA?view_as=subscriber"]}]},"product_brand":"DAHUA","product_price_amount":"369","product_price_currency":"MXN","og_availability":"instock","product_availability":"instock","product_retailer_item_id":"DH-HAC-HDW1200TQP-A","product_condition":"new"},"_links":{"self":[{"href":"https:\/\/compuviper.mx\/tienda\/wp-json\/wp\/v2\/product\/240013"}],"collection":[{"href":"https:\/\/compuviper.mx\/tienda\/wp-json\/wp\/v2\/product"}],"about":[{"href":"https:\/\/compuviper.mx\/tienda\/wp-json\/wp\/v2\/types\/product"}],"replies":[{"embeddable":true,"href":"https:\/\/compuviper.mx\/tienda\/wp-json\/wp\/v2\/comments?post=240013"}],"wp:featuredmedia":[{"embeddable":true,"href":"https:\/\/compuviper.mx\/tienda\/wp-json\/wp\/v2\/media\/242514"}],"wp:attachment":[{"href":"https:\/\/compuviper.mx\/tienda\/wp-json\/wp\/v2\/media?parent=240013"}],"wp:term":[{"taxonomy":"product_cat","embeddable":true,"href":"https:\/\/compuviper.mx\/tienda\/wp-json\/wp\/v2\/product_cat?post=240013"},{"taxonomy":"product_tag","embeddable":true,"href":"https:\/\/compuviper.mx\/tienda\/wp-json\/wp\/v2\/product_tag?post=240013"}],"curies":[{"name":"wp","href":"https:\/\/api.w.org\/{rel}","templated":true}]}}