{"id":239852,"date":"2026-04-01T23:30:27","date_gmt":"2026-04-02T05:30:27","guid":{"rendered":"https:\/\/compuviper.mx\/tienda\/producto\/cyberpower-pdu41001-pdu-montaje-en-rack-de-1u-y-8-salidas-frontal-proporciona-una-salida-de-120v-y-15a-3-aos-de-garantia\/"},"modified":"2026-04-01T23:30:27","modified_gmt":"2026-04-02T05:30:27","slug":"cyberpower-pdu41001-pdu-montaje-en-rack-de-1u-y-8-salidas-frontal-proporciona-una-salida-de-120v-y-15a-3-aos-de-garantia","status":"publish","type":"product","link":"https:\/\/compuviper.mx\/tienda\/producto\/cyberpower-pdu41001-pdu-montaje-en-rack-de-1u-y-8-salidas-frontal-proporciona-una-salida-de-120v-y-15a-3-aos-de-garantia\/","title":{"rendered":"Cyberpower Pdu41001 Pdu  (), Montaje En Rack De 1u Y 8 Salidas (frontal), Proporciona Una Salida De 120v Y 15a 3 A?os De Garantia."},"content":{"rendered":"<table class=\"descripcion\">\n<tr>\n<td>General<\/td>\n<\/tr>\n<tr>\n<td>Tipo conmutado<\/td>\n<\/tr>\n<tr>\n<td>Fase fase \u00fanica<\/td>\n<\/tr>\n<tr>\n<td>Entrada<\/td>\n<\/tr>\n<tr>\n<td>Voltaje 100-120vac<\/td>\n<\/tr>\n<tr>\n<td>Frecuencia 50hz \/ 60hz<\/td>\n<\/tr>\n<tr>\n<td>Corriente de entrada m\u00e1xima 15a (reducido a 12a)<\/td>\n<\/tr>\n<tr>\n<td>Tipo de enchufe nema 5-15p<\/td>\n<\/tr>\n<tr>\n<td>Estilo de enchufe derecho<\/td>\n<\/tr>\n<tr>\n<td>Longitud del cable (pies) 12<\/td>\n<\/tr>\n<tr>\n<td>Longitud del cable (m) 3.7<\/td>\n<\/tr>\n<tr>\n<td>Salida<\/td>\n<\/tr>\n<tr>\n<td>Voltaje nominal de salida 100-120vac<\/td>\n<\/tr>\n<tr>\n<td>Protecci\u00f3n contra sobrecarga (cada banco) ninguna<\/td>\n<\/tr>\n<tr>\n<td>Puntos de venta &#8211; # de bancos 1<\/td>\n<\/tr>\n<tr>\n<td>Puntos de venta &#8211; total 8<\/td>\n<\/tr>\n<tr>\n<td>Tomacorrientes &#8211; frente 8<\/td>\n<\/tr>\n<tr>\n<td>Salidas &#8211; traseras 0 0<\/td>\n<\/tr>\n<tr>\n<td>Tipo de salida nema 5-15r<\/td>\n<\/tr>\n<tr>\n<td>Lectura de medidor pantalla de control de potencia<\/td>\n<\/tr>\n<tr>\n<td>Indicadores led tx \/ rx, link, normal \/ advertencia \/ estado cr\u00edtico<\/td>\n<\/tr>\n<tr>\n<td>Gerencia y comunicaciones<\/td>\n<\/tr>\n<tr>\n<td>Cambio de salida s\u00ed<\/td>\n<\/tr>\n<tr>\n<td>Monitoreo remoto snmp \/ http ipv4<\/td>\n<\/tr>\n<tr>\n<td>Tcp \/ ip udp snmpv1 http ntpdns, telnet dhcp smtp ftp ipv6 snmpv3 https ssh ssl tls dap (s) radius syslog windows ad<\/td>\n<\/tr>\n<tr>\n<td>Conexi\u00f3n de red rj45 (ethernet) rj45 (puerto com)<\/td>\n<\/tr>\n<tr>\n<td>Sensor ambiental opcional, a trav\u00e9s de rj45<\/td>\n<\/tr>\n<tr>\n<td>Capacidad de expansi\u00f3n modular (en cascada) s\u00ed, hasta 4 a trav\u00e9s de rj45<\/td>\n<\/tr>\n<tr>\n<td>Firmware actualizable s\u00ed, a trav\u00e9s de usb o ethernet<\/td>\n<\/tr>\n<tr>\n<td>Pantalla lcd multifunci\u00f3n: voltaje, frecuencia, carga, corriente, versi\u00f3n hw \/ fw, informaci\u00f3n de red<\/td>\n<\/tr>\n<tr>\n<td>F\u00edsico<\/td>\n<\/tr>\n<tr>\n<td>Factor de forma est\u00e1ndar montaje en bastidor 1u<\/td>\n<\/tr>\n<tr>\n<td>Factores de forma admitidos montaje vertical u horizontal compatible con aplicaciones de montaje en pared, bastidores y una variedad de otros tipos de superficie.<\/td>\n<\/tr>\n<tr>\n<td>Estilo: montaje en pared horizontal montaje en pared<\/td>\n<\/tr>\n<tr>\n<td>Construcci\u00f3n de cerramiento acero<\/td>\n<\/tr>\n<tr>\n<td>Bandeja de retenci\u00f3n de cable \/ organizadores de cable s\u00ed<\/td>\n<\/tr>\n<tr>\n<td>Pin de tierra del sitio externo s\u00ed<\/td>\n<\/tr>\n<tr>\n<td>Soportes de montaje ajustables 1 juego<\/td>\n<\/tr>\n<tr>\n<td>Tama\u00f1o f\u00edsico<\/td>\n<\/tr>\n<tr>\n<td>Dimensiones (wxhxd) (pulg.) 17,05 x 1,75 x 4,41<\/td>\n<\/tr>\n<tr>\n<td>Peso libras.) 5.7<\/td>\n<\/tr>\n<tr>\n<td>Altura de rack instalada 1u<\/td>\n<\/tr>\n<tr>\n<td>Dimensiones de env\u00edo<\/td>\n<\/tr>\n<tr>\n<td>Dimensiones (wxhxd) (pulg.) 19,7 x 2,6 x 9,8<\/td>\n<\/tr>\n<tr>\n<td>Peso libras.) 8.2<\/td>\n<\/tr>\n<tr>\n<td>Ambiental<\/td>\n<\/tr>\n<tr>\n<td>Temperatura de funcionamiento 32 \u00b0 f a 131 \u00b0 f (0 \u00b0 c a 55 \u00b0 c)<\/td>\n<\/tr>\n<tr>\n<td>Humedad de funcionamiento 0% &#8211; 95% sin condensaci\u00f3n<\/td>\n<\/tr>\n<tr>\n<td>Elevaci\u00f3n operativa m\u00e1xima 11.483 pies (3.500 m)<\/td>\n<\/tr>\n<tr>\n<td>Certificaciones<\/td>\n<\/tr>\n<tr>\n<td>La seguridad ul 60950, fcc clase a<\/td>\n<\/tr>\n<tr>\n<td>Ambiental rohs<\/td>\n<\/tr>\n<tr>\n<td>Garant\u00eda<\/td>\n<\/tr>\n<tr>\n<td>La garant\u00eda del producto 3 a\u00f1os<\/td>\n<\/tr>\n<\/table>\n","protected":false},"excerpt":{"rendered":"<p>El cyberpower pdu41001, una unidad de distribuci\u00f3n de energ\u00eda conmutada (pdu) de montaje en rack de 1u y 8 salidas (frontal), proporciona una salida de 120v y 15a. Distribuye energ\u00eda a 8 recept\u00e1culos nema 5-15r desde un solo enchufe nema 5-15p con paso el\u00e9ctrico sin filtro. Los recept\u00e1culos de tomacorrientes conmutados se pueden administrar individualmente o colectivamente a trav\u00e9s de la red, usando la consola de administraci\u00f3n cyberpower, un navegador web y el puerto ethernet rj45 para la conexi\u00f3n de red, o localmente usando los controles lcd. Los tomacorrientes pueden encenderse, apagarse o reciclarse a pedido o en momentos programados para abordar una serie de necesidades, incluido el reinicio remoto de equipos bloqueados, el deslastre de carga, la secuencia de energ\u00eda y el bloqueo de cargas no autorizadas. El pdu41001 viene con una garant\u00eda limitada de tres a\u00f1os que cubre defectos en materiales y mano de obra en el producto en condiciones normales de uso dentro de los tres a\u00f1os posteriores a la fecha de compra.<\/p>\n","protected":false},"featured_media":242039,"comment_status":"open","ping_status":"open","template":"","meta":[],"product_cat":[1508,1895],"product_tag":[1692],"acf":[],"yoast_head":"<!-- This site is optimized with the Yoast SEO plugin v21.7 - https:\/\/yoast.com\/wordpress\/plugins\/seo\/ -->\n<title>[ Cyberpower ] &#129351; Pdu41001 Pdu (), Montaje En Rack De 1u Y 8 Salidas (frontal), Proporciona Una Salida De 120v Y 15a 3 A\u00f1os De Garantia.<\/title>\n<meta name=\"description\" content=\"Compra Pdu41001 Pdu (), Montaje En Rack De 1u Y 8 Salidas (frontal), Proporciona Una Salida De 120v Y 15a 3 A\u00f1os De Garantia. + Env\u00edo a domicilio + Pago seguro + Garant\u00eda\" \/>\n<meta name=\"robots\" content=\"index, follow, max-snippet:-1, max-image-preview:large, max-video-preview:-1\" \/>\n<link rel=\"canonical\" href=\"https:\/\/compuviper.mx\/tienda\/producto\/cyberpower-pdu41001-pdu-montaje-en-rack-de-1u-y-8-salidas-frontal-proporciona-una-salida-de-120v-y-15a-3-aos-de-garantia\/\" \/>\n<meta property=\"og:locale\" content=\"es_MX\" \/>\n<meta property=\"og:type\" content=\"article\" \/>\n<meta property=\"og:title\" content=\"[ Cyberpower ] &#129351; Pdu41001 Pdu (), Montaje En Rack De 1u Y 8 Salidas (frontal), Proporciona Una Salida De 120v Y 15a 3 A\u00f1os De Garantia.\" \/>\n<meta property=\"og:description\" content=\"Compra Pdu41001 Pdu (), Montaje En Rack De 1u Y 8 Salidas (frontal), Proporciona Una Salida De 120v Y 15a 3 A\u00f1os De Garantia. + Env\u00edo a domicilio + Pago seguro + Garant\u00eda\" \/>\n<meta property=\"og:url\" content=\"https:\/\/compuviper.mx\/tienda\/producto\/cyberpower-pdu41001-pdu-montaje-en-rack-de-1u-y-8-salidas-frontal-proporciona-una-salida-de-120v-y-15a-3-aos-de-garantia\/\" \/>\n<meta property=\"og:site_name\" content=\"Compuviper\" \/>\n<meta property=\"article:publisher\" content=\"https:\/\/www.facebook.com\/compuviper\" \/>\n<meta property=\"og:image\" content=\"https:\/\/compuviper.mx\/tienda\/wp-content\/uploads\/2024\/09\/Pdu-cyberpower-pdu41001-montaje-en-rack-de-1u-y-8-salidas-frontal-proporciona-una-salida-de-120v-y-15a-3-anos-de-garantia.jpg\" \/>\n\t<meta property=\"og:image:width\" content=\"200\" \/>\n\t<meta property=\"og:image:height\" content=\"200\" \/>\n\t<meta property=\"og:image:type\" content=\"image\/jpeg\" \/>\n<meta name=\"twitter:card\" content=\"summary_large_image\" \/>\n<meta name=\"twitter:label1\" content=\"Precio\" \/>\n\t<meta name=\"twitter:data1\" content=\"&#36;9,778 con IVA\" \/>\n\t<meta name=\"twitter:label2\" content=\"Availability\" \/>\n\t<meta name=\"twitter:data2\" content=\"Out of stock\" \/>\n<script type=\"application\/ld+json\" class=\"yoast-schema-graph\">{\"@context\":\"https:\/\/schema.org\",\"@graph\":[{\"@type\":\"WebPage\",\"@id\":\"https:\/\/compuviper.mx\/tienda\/producto\/cyberpower-pdu41001-pdu-montaje-en-rack-de-1u-y-8-salidas-frontal-proporciona-una-salida-de-120v-y-15a-3-aos-de-garantia\/\",\"url\":\"https:\/\/compuviper.mx\/tienda\/producto\/cyberpower-pdu41001-pdu-montaje-en-rack-de-1u-y-8-salidas-frontal-proporciona-una-salida-de-120v-y-15a-3-aos-de-garantia\/\",\"name\":\"[ Cyberpower ] &#129351; Pdu41001 Pdu (), Montaje En Rack De 1u Y 8 Salidas (frontal), Proporciona Una Salida De 120v Y 15a 3 A\u00f1os De Garantia.\",\"isPartOf\":{\"@id\":\"https:\/\/compuviper.mx\/tienda\/#website\"},\"datePublished\":\"2026-04-02T05:30:27+00:00\",\"dateModified\":\"2026-04-02T05:30:27+00:00\",\"description\":\"Compra Pdu41001 Pdu (), Montaje En Rack De 1u Y 8 Salidas (frontal), Proporciona Una Salida De 120v Y 15a 3 A\u00f1os De Garantia. + Env\u00edo a domicilio + Pago seguro + Garant\u00eda\",\"breadcrumb\":{\"@id\":\"https:\/\/compuviper.mx\/tienda\/producto\/cyberpower-pdu41001-pdu-montaje-en-rack-de-1u-y-8-salidas-frontal-proporciona-una-salida-de-120v-y-15a-3-aos-de-garantia\/#breadcrumb\"},\"inLanguage\":\"es-MX\",\"potentialAction\":[{\"@type\":\"ReadAction\",\"target\":[\"https:\/\/compuviper.mx\/tienda\/producto\/cyberpower-pdu41001-pdu-montaje-en-rack-de-1u-y-8-salidas-frontal-proporciona-una-salida-de-120v-y-15a-3-aos-de-garantia\/\"]}]},{\"@type\":\"BreadcrumbList\",\"@id\":\"https:\/\/compuviper.mx\/tienda\/producto\/cyberpower-pdu41001-pdu-montaje-en-rack-de-1u-y-8-salidas-frontal-proporciona-una-salida-de-120v-y-15a-3-aos-de-garantia\/#breadcrumb\",\"itemListElement\":[{\"@type\":\"ListItem\",\"position\":1,\"name\":\"Inicio\",\"item\":\"https:\/\/compuviper.mx\/tienda\/\"},{\"@type\":\"ListItem\",\"position\":2,\"name\":\"Productos\",\"item\":\"https:\/\/compuviper.mx\/tienda\/productos\/\"},{\"@type\":\"ListItem\",\"position\":3,\"name\":\"Energia\",\"item\":\"https:\/\/compuviper.mx\/tienda\/categoria-producto\/energia\/\"},{\"@type\":\"ListItem\",\"position\":4,\"name\":\"Pdu\",\"item\":\"https:\/\/compuviper.mx\/tienda\/categoria-producto\/energia\/pdu\/\"},{\"@type\":\"ListItem\",\"position\":5,\"name\":\"Cyberpower Pdu41001 Pdu (), Montaje En Rack De 1u Y 8 Salidas (frontal), Proporciona Una Salida De 120v Y 15a 3 A?os De Garantia.\"}]},{\"@type\":\"WebSite\",\"@id\":\"https:\/\/compuviper.mx\/tienda\/#website\",\"url\":\"https:\/\/compuviper.mx\/tienda\/\",\"name\":\"Compuviper\",\"description\":\"Proveedor de Computadoras, Laptops, Servidores, Monitores, Puntos de Venta, Teclados,   Impresoras, T\u00f3ner, C\u00e1maras de Seguridad y m\u00e1s en tu tienda en l\u00ednea\",\"publisher\":{\"@id\":\"https:\/\/compuviper.mx\/tienda\/#organization\"},\"potentialAction\":[{\"@type\":\"SearchAction\",\"target\":{\"@type\":\"EntryPoint\",\"urlTemplate\":\"https:\/\/compuviper.mx\/tienda\/?s={search_term_string}\"},\"query-input\":\"required name=search_term_string\"}],\"inLanguage\":\"es-MX\"},{\"@type\":\"Organization\",\"@id\":\"https:\/\/compuviper.mx\/tienda\/#organization\",\"name\":\"Compuviper\",\"url\":\"https:\/\/compuviper.mx\/tienda\/\",\"logo\":{\"@type\":\"ImageObject\",\"inLanguage\":\"es-MX\",\"@id\":\"https:\/\/compuviper.mx\/tienda\/#\/schema\/logo\/image\/\",\"url\":\"https:\/\/compuviper.mx\/tienda\/wp-content\/uploads\/2021\/08\/Logo-Compuviper-10.png\",\"contentUrl\":\"https:\/\/compuviper.mx\/tienda\/wp-content\/uploads\/2021\/08\/Logo-Compuviper-10.png\",\"width\":1000,\"height\":500,\"caption\":\"Compuviper\"},\"image\":{\"@id\":\"https:\/\/compuviper.mx\/tienda\/#\/schema\/logo\/image\/\"},\"sameAs\":[\"https:\/\/www.facebook.com\/compuviper\",\"https:\/\/www.youtube.com\/channel\/UCf73dERp9Y3cfOq7q8BhLjA?view_as=subscriber\"]}]}<\/script>\n<meta property=\"product:brand\" content=\"CYBERPOWER\" \/>\n<meta property=\"product:price:amount\" content=\"9778\" \/>\n<meta property=\"product:price:currency\" content=\"MXN\" \/>\n<meta property=\"og:availability\" content=\"out of stock\" \/>\n<meta property=\"product:availability\" content=\"out of stock\" \/>\n<meta property=\"product:retailer_item_id\" content=\"PDU41001\" \/>\n<meta property=\"product:condition\" content=\"new\" \/>\n<!-- \/ Yoast SEO plugin. -->","yoast_head_json":{"title":"[ Cyberpower ] &#129351; Pdu41001 Pdu (), Montaje En Rack De 1u Y 8 Salidas (frontal), Proporciona Una Salida De 120v Y 15a 3 A\u00f1os De Garantia.","description":"Compra Pdu41001 Pdu (), Montaje En Rack De 1u Y 8 Salidas (frontal), Proporciona Una Salida De 120v Y 15a 3 A\u00f1os De Garantia. + Env\u00edo a domicilio + Pago seguro + Garant\u00eda","robots":{"index":"index","follow":"follow","max-snippet":"max-snippet:-1","max-image-preview":"max-image-preview:large","max-video-preview":"max-video-preview:-1"},"canonical":"https:\/\/compuviper.mx\/tienda\/producto\/cyberpower-pdu41001-pdu-montaje-en-rack-de-1u-y-8-salidas-frontal-proporciona-una-salida-de-120v-y-15a-3-aos-de-garantia\/","og_locale":"es_MX","og_type":"article","og_title":"[ Cyberpower ] &#129351; Pdu41001 Pdu (), Montaje En Rack De 1u Y 8 Salidas (frontal), Proporciona Una Salida De 120v Y 15a 3 A\u00f1os De Garantia.","og_description":"Compra Pdu41001 Pdu (), Montaje En Rack De 1u Y 8 Salidas (frontal), Proporciona Una Salida De 120v Y 15a 3 A\u00f1os De Garantia. + Env\u00edo a domicilio + Pago seguro + Garant\u00eda","og_url":"https:\/\/compuviper.mx\/tienda\/producto\/cyberpower-pdu41001-pdu-montaje-en-rack-de-1u-y-8-salidas-frontal-proporciona-una-salida-de-120v-y-15a-3-aos-de-garantia\/","og_site_name":"Compuviper","article_publisher":"https:\/\/www.facebook.com\/compuviper","og_image":[{"width":200,"height":200,"url":"https:\/\/compuviper.mx\/tienda\/wp-content\/uploads\/2024\/09\/Pdu-cyberpower-pdu41001-montaje-en-rack-de-1u-y-8-salidas-frontal-proporciona-una-salida-de-120v-y-15a-3-anos-de-garantia.jpg","type":"image\/jpeg"}],"twitter_card":"summary_large_image","twitter_misc":{"Precio":"&#36;9,778 con IVA","Availability":"Out of stock"},"schema":{"@context":"https:\/\/schema.org","@graph":[{"@type":"WebPage","@id":"https:\/\/compuviper.mx\/tienda\/producto\/cyberpower-pdu41001-pdu-montaje-en-rack-de-1u-y-8-salidas-frontal-proporciona-una-salida-de-120v-y-15a-3-aos-de-garantia\/","url":"https:\/\/compuviper.mx\/tienda\/producto\/cyberpower-pdu41001-pdu-montaje-en-rack-de-1u-y-8-salidas-frontal-proporciona-una-salida-de-120v-y-15a-3-aos-de-garantia\/","name":"[ Cyberpower ] &#129351; Pdu41001 Pdu (), Montaje En Rack De 1u Y 8 Salidas (frontal), Proporciona Una Salida De 120v Y 15a 3 A\u00f1os De Garantia.","isPartOf":{"@id":"https:\/\/compuviper.mx\/tienda\/#website"},"datePublished":"2026-04-02T05:30:27+00:00","dateModified":"2026-04-02T05:30:27+00:00","description":"Compra Pdu41001 Pdu (), Montaje En Rack De 1u Y 8 Salidas (frontal), Proporciona Una Salida De 120v Y 15a 3 A\u00f1os De Garantia. + Env\u00edo a domicilio + Pago seguro + Garant\u00eda","breadcrumb":{"@id":"https:\/\/compuviper.mx\/tienda\/producto\/cyberpower-pdu41001-pdu-montaje-en-rack-de-1u-y-8-salidas-frontal-proporciona-una-salida-de-120v-y-15a-3-aos-de-garantia\/#breadcrumb"},"inLanguage":"es-MX","potentialAction":[{"@type":"ReadAction","target":["https:\/\/compuviper.mx\/tienda\/producto\/cyberpower-pdu41001-pdu-montaje-en-rack-de-1u-y-8-salidas-frontal-proporciona-una-salida-de-120v-y-15a-3-aos-de-garantia\/"]}]},{"@type":"BreadcrumbList","@id":"https:\/\/compuviper.mx\/tienda\/producto\/cyberpower-pdu41001-pdu-montaje-en-rack-de-1u-y-8-salidas-frontal-proporciona-una-salida-de-120v-y-15a-3-aos-de-garantia\/#breadcrumb","itemListElement":[{"@type":"ListItem","position":1,"name":"Inicio","item":"https:\/\/compuviper.mx\/tienda\/"},{"@type":"ListItem","position":2,"name":"Productos","item":"https:\/\/compuviper.mx\/tienda\/productos\/"},{"@type":"ListItem","position":3,"name":"Energia","item":"https:\/\/compuviper.mx\/tienda\/categoria-producto\/energia\/"},{"@type":"ListItem","position":4,"name":"Pdu","item":"https:\/\/compuviper.mx\/tienda\/categoria-producto\/energia\/pdu\/"},{"@type":"ListItem","position":5,"name":"Cyberpower Pdu41001 Pdu (), Montaje En Rack De 1u Y 8 Salidas (frontal), Proporciona Una Salida De 120v Y 15a 3 A?os De Garantia."}]},{"@type":"WebSite","@id":"https:\/\/compuviper.mx\/tienda\/#website","url":"https:\/\/compuviper.mx\/tienda\/","name":"Compuviper","description":"Proveedor de Computadoras, Laptops, Servidores, Monitores, Puntos de Venta, Teclados,   Impresoras, T\u00f3ner, C\u00e1maras de Seguridad y m\u00e1s en tu tienda en l\u00ednea","publisher":{"@id":"https:\/\/compuviper.mx\/tienda\/#organization"},"potentialAction":[{"@type":"SearchAction","target":{"@type":"EntryPoint","urlTemplate":"https:\/\/compuviper.mx\/tienda\/?s={search_term_string}"},"query-input":"required name=search_term_string"}],"inLanguage":"es-MX"},{"@type":"Organization","@id":"https:\/\/compuviper.mx\/tienda\/#organization","name":"Compuviper","url":"https:\/\/compuviper.mx\/tienda\/","logo":{"@type":"ImageObject","inLanguage":"es-MX","@id":"https:\/\/compuviper.mx\/tienda\/#\/schema\/logo\/image\/","url":"https:\/\/compuviper.mx\/tienda\/wp-content\/uploads\/2021\/08\/Logo-Compuviper-10.png","contentUrl":"https:\/\/compuviper.mx\/tienda\/wp-content\/uploads\/2021\/08\/Logo-Compuviper-10.png","width":1000,"height":500,"caption":"Compuviper"},"image":{"@id":"https:\/\/compuviper.mx\/tienda\/#\/schema\/logo\/image\/"},"sameAs":["https:\/\/www.facebook.com\/compuviper","https:\/\/www.youtube.com\/channel\/UCf73dERp9Y3cfOq7q8BhLjA?view_as=subscriber"]}]},"product_brand":"CYBERPOWER","product_price_amount":"9778","product_price_currency":"MXN","og_availability":"out of stock","product_availability":"out of stock","product_retailer_item_id":"PDU41001","product_condition":"new"},"_links":{"self":[{"href":"https:\/\/compuviper.mx\/tienda\/wp-json\/wp\/v2\/product\/239852"}],"collection":[{"href":"https:\/\/compuviper.mx\/tienda\/wp-json\/wp\/v2\/product"}],"about":[{"href":"https:\/\/compuviper.mx\/tienda\/wp-json\/wp\/v2\/types\/product"}],"replies":[{"embeddable":true,"href":"https:\/\/compuviper.mx\/tienda\/wp-json\/wp\/v2\/comments?post=239852"}],"wp:featuredmedia":[{"embeddable":true,"href":"https:\/\/compuviper.mx\/tienda\/wp-json\/wp\/v2\/media\/242039"}],"wp:attachment":[{"href":"https:\/\/compuviper.mx\/tienda\/wp-json\/wp\/v2\/media?parent=239852"}],"wp:term":[{"taxonomy":"product_cat","embeddable":true,"href":"https:\/\/compuviper.mx\/tienda\/wp-json\/wp\/v2\/product_cat?post=239852"},{"taxonomy":"product_tag","embeddable":true,"href":"https:\/\/compuviper.mx\/tienda\/wp-json\/wp\/v2\/product_tag?post=239852"}],"curies":[{"name":"wp","href":"https:\/\/api.w.org\/{rel}","templated":true}]}}