{"id":239787,"date":"2026-04-09T00:06:15","date_gmt":"2026-04-09T06:06:15","guid":{"rendered":"https:\/\/compuviper.mx\/tienda\/producto\/quaroni-qpsu-04-fuente-de-poder-sfx-de-500w-24-pines-2-sata-negro\/"},"modified":"2026-04-09T00:06:16","modified_gmt":"2026-04-09T06:06:16","slug":"quaroni-qpsu-04-fuente-de-poder-sfx-de-500w-24-pines-2-sata-negro","status":"publish","type":"product","link":"https:\/\/compuviper.mx\/tienda\/producto\/quaroni-qpsu-04-fuente-de-poder-sfx-de-500w-24-pines-2-sata-negro\/","title":{"rendered":"Quaroni Qpsu-04 Fuente De Poder  Sfx De 500w\/ 24 Pines\/ 2 Sata\/ Negro"},"content":{"rendered":"<table class=\"descripcion\">\n<tr>\n<td>Factor de forma: sfx<\/td>\n<\/tr>\n<tr>\n<td>Potencia: 500 w<\/td>\n<\/tr>\n<tr>\n<td>Conectores:<\/td>\n<\/tr>\n<tr>\n<td>1 atx 24 pines<\/td>\n<\/tr>\n<tr>\n<td>1 conector de 12v de 4 pines<\/td>\n<\/tr>\n<tr>\n<td>2 conectores sata<\/td>\n<\/tr>\n<tr>\n<td>2 contectores molex<\/td>\n<\/tr>\n<tr>\n<td>1 conector floppy<\/td>\n<\/tr>\n<tr>\n<td>Ventilador de 80mm<\/td>\n<\/tr>\n<tr>\n<td>Materiales: metal<\/td>\n<\/tr>\n<\/table>\n","protected":false},"excerpt":{"rendered":"<p>La mitad del espacio, sin perder potencia. La fuente de poder sfx puede ubicarse en cualquier gabinete sin importar el factor de forma, proporcionando la alimentaci\u00f3n necesaria para que no te detengas en tu d\u00eda a d\u00eda.<\/p>\n","protected":false},"featured_media":242361,"comment_status":"open","ping_status":"open","template":"","meta":[],"product_cat":[1508,1672],"product_tag":[1678],"acf":[],"yoast_head":"<!-- This site is optimized with the Yoast SEO plugin v21.7 - https:\/\/yoast.com\/wordpress\/plugins\/seo\/ -->\n<title>[ Quaroni ] &#129351; Qpsu-04 Fuente De Poder Sfx De 500w\/ 24 Pines\/ 2 Sata\/ Negro<\/title>\n<meta name=\"description\" content=\"Compra Qpsu-04 Fuente De Poder Sfx De 500w\/ 24 Pines\/ 2 Sata\/ Negro + Env\u00edo a domicilio + Pago seguro + Garant\u00eda\" \/>\n<meta name=\"robots\" content=\"index, follow, max-snippet:-1, max-image-preview:large, max-video-preview:-1\" \/>\n<link rel=\"canonical\" href=\"https:\/\/compuviper.mx\/tienda\/producto\/quaroni-qpsu-04-fuente-de-poder-sfx-de-500w-24-pines-2-sata-negro\/\" \/>\n<meta property=\"og:locale\" content=\"es_MX\" \/>\n<meta property=\"og:type\" content=\"article\" \/>\n<meta property=\"og:title\" content=\"[ Quaroni ] &#129351; Qpsu-04 Fuente De Poder Sfx De 500w\/ 24 Pines\/ 2 Sata\/ Negro\" \/>\n<meta property=\"og:description\" content=\"Compra Qpsu-04 Fuente De Poder Sfx De 500w\/ 24 Pines\/ 2 Sata\/ Negro + Env\u00edo a domicilio + Pago seguro + Garant\u00eda\" \/>\n<meta property=\"og:url\" content=\"https:\/\/compuviper.mx\/tienda\/producto\/quaroni-qpsu-04-fuente-de-poder-sfx-de-500w-24-pines-2-sata-negro\/\" \/>\n<meta property=\"og:site_name\" content=\"Compuviper\" \/>\n<meta property=\"article:publisher\" content=\"https:\/\/www.facebook.com\/compuviper\" \/>\n<meta property=\"article:modified_time\" content=\"2026-04-09T06:06:16+00:00\" \/>\n<meta property=\"og:image\" content=\"https:\/\/compuviper.mx\/tienda\/wp-content\/uploads\/2024\/09\/Fuente-de-poder-quaroni-sfx-de-500w-24-pines-2-sata-negro.jpg\" \/>\n\t<meta property=\"og:image:width\" content=\"200\" \/>\n\t<meta property=\"og:image:height\" content=\"200\" \/>\n\t<meta property=\"og:image:type\" content=\"image\/jpeg\" \/>\n<meta name=\"twitter:card\" content=\"summary_large_image\" \/>\n<meta name=\"twitter:label1\" content=\"Precio\" \/>\n\t<meta name=\"twitter:data1\" content=\"&#36;190 con IVA\" \/>\n\t<meta name=\"twitter:label2\" content=\"Availability\" \/>\n\t<meta name=\"twitter:data2\" content=\"In stock\" \/>\n<script type=\"application\/ld+json\" class=\"yoast-schema-graph\">{\"@context\":\"https:\/\/schema.org\",\"@graph\":[{\"@type\":\"WebPage\",\"@id\":\"https:\/\/compuviper.mx\/tienda\/producto\/quaroni-qpsu-04-fuente-de-poder-sfx-de-500w-24-pines-2-sata-negro\/\",\"url\":\"https:\/\/compuviper.mx\/tienda\/producto\/quaroni-qpsu-04-fuente-de-poder-sfx-de-500w-24-pines-2-sata-negro\/\",\"name\":\"[ Quaroni ] &#129351; Qpsu-04 Fuente De Poder Sfx De 500w\/ 24 Pines\/ 2 Sata\/ Negro\",\"isPartOf\":{\"@id\":\"https:\/\/compuviper.mx\/tienda\/#website\"},\"datePublished\":\"2026-04-09T06:06:15+00:00\",\"dateModified\":\"2026-04-09T06:06:16+00:00\",\"description\":\"Compra Qpsu-04 Fuente De Poder Sfx De 500w\/ 24 Pines\/ 2 Sata\/ Negro + Env\u00edo a domicilio + Pago seguro + Garant\u00eda\",\"breadcrumb\":{\"@id\":\"https:\/\/compuviper.mx\/tienda\/producto\/quaroni-qpsu-04-fuente-de-poder-sfx-de-500w-24-pines-2-sata-negro\/#breadcrumb\"},\"inLanguage\":\"es-MX\",\"potentialAction\":[{\"@type\":\"ReadAction\",\"target\":[\"https:\/\/compuviper.mx\/tienda\/producto\/quaroni-qpsu-04-fuente-de-poder-sfx-de-500w-24-pines-2-sata-negro\/\"]}]},{\"@type\":\"BreadcrumbList\",\"@id\":\"https:\/\/compuviper.mx\/tienda\/producto\/quaroni-qpsu-04-fuente-de-poder-sfx-de-500w-24-pines-2-sata-negro\/#breadcrumb\",\"itemListElement\":[{\"@type\":\"ListItem\",\"position\":1,\"name\":\"Inicio\",\"item\":\"https:\/\/compuviper.mx\/tienda\/\"},{\"@type\":\"ListItem\",\"position\":2,\"name\":\"Productos\",\"item\":\"https:\/\/compuviper.mx\/tienda\/productos\/\"},{\"@type\":\"ListItem\",\"position\":3,\"name\":\"Energia\",\"item\":\"https:\/\/compuviper.mx\/tienda\/categoria-producto\/energia\/\"},{\"@type\":\"ListItem\",\"position\":4,\"name\":\"Fuentes De Poder\",\"item\":\"https:\/\/compuviper.mx\/tienda\/categoria-producto\/energia\/fuentes-de-poder\/\"},{\"@type\":\"ListItem\",\"position\":5,\"name\":\"Quaroni Qpsu-04 Fuente De Poder Sfx De 500w\/ 24 Pines\/ 2 Sata\/ Negro\"}]},{\"@type\":\"WebSite\",\"@id\":\"https:\/\/compuviper.mx\/tienda\/#website\",\"url\":\"https:\/\/compuviper.mx\/tienda\/\",\"name\":\"Compuviper\",\"description\":\"Proveedor de Computadoras, Laptops, Servidores, Monitores, Puntos de Venta, Teclados,   Impresoras, T\u00f3ner, C\u00e1maras de Seguridad y m\u00e1s en tu tienda en l\u00ednea\",\"publisher\":{\"@id\":\"https:\/\/compuviper.mx\/tienda\/#organization\"},\"potentialAction\":[{\"@type\":\"SearchAction\",\"target\":{\"@type\":\"EntryPoint\",\"urlTemplate\":\"https:\/\/compuviper.mx\/tienda\/?s={search_term_string}\"},\"query-input\":\"required name=search_term_string\"}],\"inLanguage\":\"es-MX\"},{\"@type\":\"Organization\",\"@id\":\"https:\/\/compuviper.mx\/tienda\/#organization\",\"name\":\"Compuviper\",\"url\":\"https:\/\/compuviper.mx\/tienda\/\",\"logo\":{\"@type\":\"ImageObject\",\"inLanguage\":\"es-MX\",\"@id\":\"https:\/\/compuviper.mx\/tienda\/#\/schema\/logo\/image\/\",\"url\":\"https:\/\/compuviper.mx\/tienda\/wp-content\/uploads\/2021\/08\/Logo-Compuviper-10.png\",\"contentUrl\":\"https:\/\/compuviper.mx\/tienda\/wp-content\/uploads\/2021\/08\/Logo-Compuviper-10.png\",\"width\":1000,\"height\":500,\"caption\":\"Compuviper\"},\"image\":{\"@id\":\"https:\/\/compuviper.mx\/tienda\/#\/schema\/logo\/image\/\"},\"sameAs\":[\"https:\/\/www.facebook.com\/compuviper\",\"https:\/\/www.youtube.com\/channel\/UCf73dERp9Y3cfOq7q8BhLjA?view_as=subscriber\"]}]}<\/script>\n<meta property=\"product:brand\" content=\"QUARONI\" \/>\n<meta property=\"product:price:amount\" content=\"190\" \/>\n<meta property=\"product:price:currency\" content=\"MXN\" \/>\n<meta property=\"og:availability\" content=\"instock\" \/>\n<meta property=\"product:availability\" content=\"instock\" \/>\n<meta property=\"product:retailer_item_id\" content=\"QPSU-04\" \/>\n<meta property=\"product:condition\" content=\"new\" \/>\n<!-- \/ Yoast SEO plugin. -->","yoast_head_json":{"title":"[ Quaroni ] &#129351; Qpsu-04 Fuente De Poder Sfx De 500w\/ 24 Pines\/ 2 Sata\/ Negro","description":"Compra Qpsu-04 Fuente De Poder Sfx De 500w\/ 24 Pines\/ 2 Sata\/ Negro + Env\u00edo a domicilio + Pago seguro + Garant\u00eda","robots":{"index":"index","follow":"follow","max-snippet":"max-snippet:-1","max-image-preview":"max-image-preview:large","max-video-preview":"max-video-preview:-1"},"canonical":"https:\/\/compuviper.mx\/tienda\/producto\/quaroni-qpsu-04-fuente-de-poder-sfx-de-500w-24-pines-2-sata-negro\/","og_locale":"es_MX","og_type":"article","og_title":"[ Quaroni ] &#129351; Qpsu-04 Fuente De Poder Sfx De 500w\/ 24 Pines\/ 2 Sata\/ Negro","og_description":"Compra Qpsu-04 Fuente De Poder Sfx De 500w\/ 24 Pines\/ 2 Sata\/ Negro + Env\u00edo a domicilio + Pago seguro + Garant\u00eda","og_url":"https:\/\/compuviper.mx\/tienda\/producto\/quaroni-qpsu-04-fuente-de-poder-sfx-de-500w-24-pines-2-sata-negro\/","og_site_name":"Compuviper","article_publisher":"https:\/\/www.facebook.com\/compuviper","article_modified_time":"2026-04-09T06:06:16+00:00","og_image":[{"width":200,"height":200,"url":"https:\/\/compuviper.mx\/tienda\/wp-content\/uploads\/2024\/09\/Fuente-de-poder-quaroni-sfx-de-500w-24-pines-2-sata-negro.jpg","type":"image\/jpeg"}],"twitter_card":"summary_large_image","twitter_misc":{"Precio":"&#36;190 con IVA","Availability":"In stock"},"schema":{"@context":"https:\/\/schema.org","@graph":[{"@type":"WebPage","@id":"https:\/\/compuviper.mx\/tienda\/producto\/quaroni-qpsu-04-fuente-de-poder-sfx-de-500w-24-pines-2-sata-negro\/","url":"https:\/\/compuviper.mx\/tienda\/producto\/quaroni-qpsu-04-fuente-de-poder-sfx-de-500w-24-pines-2-sata-negro\/","name":"[ Quaroni ] &#129351; Qpsu-04 Fuente De Poder Sfx De 500w\/ 24 Pines\/ 2 Sata\/ Negro","isPartOf":{"@id":"https:\/\/compuviper.mx\/tienda\/#website"},"datePublished":"2026-04-09T06:06:15+00:00","dateModified":"2026-04-09T06:06:16+00:00","description":"Compra Qpsu-04 Fuente De Poder Sfx De 500w\/ 24 Pines\/ 2 Sata\/ Negro + Env\u00edo a domicilio + Pago seguro + Garant\u00eda","breadcrumb":{"@id":"https:\/\/compuviper.mx\/tienda\/producto\/quaroni-qpsu-04-fuente-de-poder-sfx-de-500w-24-pines-2-sata-negro\/#breadcrumb"},"inLanguage":"es-MX","potentialAction":[{"@type":"ReadAction","target":["https:\/\/compuviper.mx\/tienda\/producto\/quaroni-qpsu-04-fuente-de-poder-sfx-de-500w-24-pines-2-sata-negro\/"]}]},{"@type":"BreadcrumbList","@id":"https:\/\/compuviper.mx\/tienda\/producto\/quaroni-qpsu-04-fuente-de-poder-sfx-de-500w-24-pines-2-sata-negro\/#breadcrumb","itemListElement":[{"@type":"ListItem","position":1,"name":"Inicio","item":"https:\/\/compuviper.mx\/tienda\/"},{"@type":"ListItem","position":2,"name":"Productos","item":"https:\/\/compuviper.mx\/tienda\/productos\/"},{"@type":"ListItem","position":3,"name":"Energia","item":"https:\/\/compuviper.mx\/tienda\/categoria-producto\/energia\/"},{"@type":"ListItem","position":4,"name":"Fuentes De Poder","item":"https:\/\/compuviper.mx\/tienda\/categoria-producto\/energia\/fuentes-de-poder\/"},{"@type":"ListItem","position":5,"name":"Quaroni Qpsu-04 Fuente De Poder Sfx De 500w\/ 24 Pines\/ 2 Sata\/ Negro"}]},{"@type":"WebSite","@id":"https:\/\/compuviper.mx\/tienda\/#website","url":"https:\/\/compuviper.mx\/tienda\/","name":"Compuviper","description":"Proveedor de Computadoras, Laptops, Servidores, Monitores, Puntos de Venta, Teclados,   Impresoras, T\u00f3ner, C\u00e1maras de Seguridad y m\u00e1s en tu tienda en l\u00ednea","publisher":{"@id":"https:\/\/compuviper.mx\/tienda\/#organization"},"potentialAction":[{"@type":"SearchAction","target":{"@type":"EntryPoint","urlTemplate":"https:\/\/compuviper.mx\/tienda\/?s={search_term_string}"},"query-input":"required name=search_term_string"}],"inLanguage":"es-MX"},{"@type":"Organization","@id":"https:\/\/compuviper.mx\/tienda\/#organization","name":"Compuviper","url":"https:\/\/compuviper.mx\/tienda\/","logo":{"@type":"ImageObject","inLanguage":"es-MX","@id":"https:\/\/compuviper.mx\/tienda\/#\/schema\/logo\/image\/","url":"https:\/\/compuviper.mx\/tienda\/wp-content\/uploads\/2021\/08\/Logo-Compuviper-10.png","contentUrl":"https:\/\/compuviper.mx\/tienda\/wp-content\/uploads\/2021\/08\/Logo-Compuviper-10.png","width":1000,"height":500,"caption":"Compuviper"},"image":{"@id":"https:\/\/compuviper.mx\/tienda\/#\/schema\/logo\/image\/"},"sameAs":["https:\/\/www.facebook.com\/compuviper","https:\/\/www.youtube.com\/channel\/UCf73dERp9Y3cfOq7q8BhLjA?view_as=subscriber"]}]},"product_brand":"QUARONI","product_price_amount":"190","product_price_currency":"MXN","og_availability":"instock","product_availability":"instock","product_retailer_item_id":"QPSU-04","product_condition":"new"},"_links":{"self":[{"href":"https:\/\/compuviper.mx\/tienda\/wp-json\/wp\/v2\/product\/239787"}],"collection":[{"href":"https:\/\/compuviper.mx\/tienda\/wp-json\/wp\/v2\/product"}],"about":[{"href":"https:\/\/compuviper.mx\/tienda\/wp-json\/wp\/v2\/types\/product"}],"replies":[{"embeddable":true,"href":"https:\/\/compuviper.mx\/tienda\/wp-json\/wp\/v2\/comments?post=239787"}],"wp:featuredmedia":[{"embeddable":true,"href":"https:\/\/compuviper.mx\/tienda\/wp-json\/wp\/v2\/media\/242361"}],"wp:attachment":[{"href":"https:\/\/compuviper.mx\/tienda\/wp-json\/wp\/v2\/media?parent=239787"}],"wp:term":[{"taxonomy":"product_cat","embeddable":true,"href":"https:\/\/compuviper.mx\/tienda\/wp-json\/wp\/v2\/product_cat?post=239787"},{"taxonomy":"product_tag","embeddable":true,"href":"https:\/\/compuviper.mx\/tienda\/wp-json\/wp\/v2\/product_tag?post=239787"}],"curies":[{"name":"wp","href":"https:\/\/api.w.org\/{rel}","templated":true}]}}