{"id":239669,"date":"2026-04-29T01:47:22","date_gmt":"2026-04-29T07:47:22","guid":{"rendered":"https:\/\/compuviper.mx\/tienda\/producto\/xerox-w110-escaner-x-a-120ppm-lcd-a-color-cis-dual-automatico-duplex-usb-produccion\/"},"modified":"2026-04-29T01:47:22","modified_gmt":"2026-04-29T07:47:22","slug":"xerox-100n03675w110-escaner-w110-xw110-a-100n03675-w110-120ppm-lcd-a-color-cis-dual-automatico-duplex-usb-produccion","status":"publish","type":"product","link":"https:\/\/compuviper.mx\/tienda\/producto\/xerox-100n03675w110-escaner-w110-xw110-a-100n03675-w110-120ppm-lcd-a-color-cis-dual-automatico-duplex-usb-produccion\/","title":{"rendered":"Xerox 100n03675,w110 Escaner  W110, Xw110-a, 100n03675\/w110 120ppm, Lcd A Color, Cis Dual, Automatico Duplex, Usb, Produccion"},"content":{"rendered":"<table class=\"descripcion\">\n<tr>\n<td>\u00bf color de fondo: gris<\/td>\n<\/tr>\n<tr>\n<td>\u00bf capacidad de adf: 500 hojas (80 g\/m2 papel)<\/td>\n<\/tr>\n<tr>\n<td>\u00bf ciclo de: 100000 paginas\/dia<\/td>\n<\/tr>\n<tr>\n<td>\u00bf controlador: twain, wia, isis<\/td>\n<\/tr>\n<tr>\n<td>\u00bf dimensiones: 460 x 446 x 362 (ancho x profundidad x altura)<\/td>\n<\/tr>\n<tr>\n<td>\u00bf fuente de luz: led<\/td>\n<\/tr>\n<tr>\n<td>\u00bf interfaz: usb 3.1 gen.1<\/td>\n<\/tr>\n<tr>\n<td>\u00bf tama\u00f1o minimo de los documentos: 51 x 66 mm<\/td>\n<\/tr>\n<tr>\n<td>\u00bf rango de grosor del papel del adf: 27 ~ 105 g\/m2<\/td>\n<\/tr>\n<tr>\n<td>\u00bf peso: 22.7 kg<\/td>\n<\/tr>\n<tr>\n<td>\u00bf profundidad de bits de salida: 24-bit color<\/td>\n<\/tr>\n<tr>\n<td>\u00bf mejora de la imagen desarrollado: visioneer acuity<\/td>\n<\/tr>\n<tr>\n<td>\u00bf resolucion optica: 600 dpi<\/td>\n<\/tr>\n<tr>\n<td>\u00bf sensor de imagen: cis<\/td>\n<\/tr>\n<tr>\n<td>\u00bf sistemas operativos compatibles: windows 10, 8, 7<\/td>\n<\/tr>\n<tr>\n<td>\u00bf tama\u00f1o maximo de papel: 308 x 5994 mm<\/td>\n<\/tr>\n<tr>\n<td>\u00bf visioneer onetouch tecnologia: si<\/td>\n<\/tr>\n<tr>\n<td>\u00bf velocidad a 300 ppp: 120 ppm \/ 240 ipm<\/td>\n<\/tr>\n<tr>\n<td>\u00bf velocidad a 200 ppp: 120 ppm \/ 240 ipm<\/td>\n<\/tr>\n<\/table>\n","protected":false},"excerpt":{"rendered":"<p>Velocidades de escaneo hasta 120 ppm\/240 ipm. Ciclo de trabajo de 100 000 paginas por dia. Bandeja de entrada ajustable de 500 paginas. Lcd a color de alta resolucion. Aplicaciones visioneer onetouch, capture se y organizer ai. Procesamiento de imagenes con hardware acuity integrado. Xerox w110 esta dise\u00f1ado para la productividad. La galardonada tecnologia de &#8220;rodillos de inversion&#8221; y una ruta de papel de varios motores reducen al minimo los atascos. Tres sensores ultrasonicos proporcionan la funcionalidad de omision de doble alimentacion (dfd) en las paginas entrantes, y la deteccion de grapas esta integrada. En cuanto al software, el w110 esta equipado con la plataforma de software inteligente visioneer, que incluye visioneer onetouch, capture se y organizer ai. En la pantalla led se presentan hasta 20 flujos de trabajo onetouch personalizables para iniciar los trabajos con solo tocar un boton. Una solucion de ocr excepcional completa la oferta de software.<\/p>\n","protected":false},"featured_media":243414,"comment_status":"open","ping_status":"open","template":"","meta":[],"product_cat":[1805,1807],"product_tag":[2109],"acf":[],"yoast_head":"<!-- This site is optimized with the Yoast SEO plugin v21.7 - https:\/\/yoast.com\/wordpress\/plugins\/seo\/ -->\n<title>[ Xerox ] &#129351; 100n03675,w110 Escaner W110, Xw110-a, 100n03675\/w110 120ppm, Lcd A Color, Cis Dual, Automatico Duplex, Usb, Produccion<\/title>\n<meta name=\"description\" content=\"Compra 100n03675,w110 Escaner W110, Xw110-a, 100n03675\/w110 120ppm, Lcd A Color, Cis Dual, Automatico Duplex, Usb, Produccion + Env\u00edo a domicilio + Pago seguro + Garant\u00eda\" \/>\n<meta name=\"robots\" content=\"index, follow, max-snippet:-1, max-image-preview:large, max-video-preview:-1\" \/>\n<link rel=\"canonical\" href=\"https:\/\/compuviper.mx\/tienda\/producto\/xerox-100n03675w110-escaner-w110-xw110-a-100n03675-w110-120ppm-lcd-a-color-cis-dual-automatico-duplex-usb-produccion\/\" \/>\n<meta property=\"og:locale\" content=\"es_MX\" \/>\n<meta property=\"og:type\" content=\"article\" \/>\n<meta property=\"og:title\" content=\"[ Xerox ] &#129351; 100n03675,w110 Escaner W110, Xw110-a, 100n03675\/w110 120ppm, Lcd A Color, Cis Dual, Automatico Duplex, Usb, Produccion\" \/>\n<meta property=\"og:description\" content=\"Compra 100n03675,w110 Escaner W110, Xw110-a, 100n03675\/w110 120ppm, Lcd A Color, Cis Dual, Automatico Duplex, Usb, Produccion + Env\u00edo a domicilio + Pago seguro + Garant\u00eda\" \/>\n<meta property=\"og:url\" content=\"https:\/\/compuviper.mx\/tienda\/producto\/xerox-100n03675w110-escaner-w110-xw110-a-100n03675-w110-120ppm-lcd-a-color-cis-dual-automatico-duplex-usb-produccion\/\" \/>\n<meta property=\"og:site_name\" content=\"Compuviper\" \/>\n<meta property=\"article:publisher\" content=\"https:\/\/www.facebook.com\/compuviper\" \/>\n<meta property=\"og:image\" content=\"https:\/\/compuviper.mx\/tienda\/wp-content\/uploads\/2024\/09\/Escaner-xerox-w110-xw110-a-100n03675w110-120ppm-lcd-a-color-cis-dual-automatico-duplex-usb-produccion.jpg\" \/>\n\t<meta property=\"og:image:width\" content=\"200\" \/>\n\t<meta property=\"og:image:height\" content=\"200\" \/>\n\t<meta property=\"og:image:type\" content=\"image\/jpeg\" \/>\n<meta name=\"twitter:card\" content=\"summary_large_image\" \/>\n<meta name=\"twitter:label1\" content=\"Precio\" \/>\n\t<meta name=\"twitter:data1\" content=\"&#36;84,308 con IVA\" \/>\n\t<meta name=\"twitter:label2\" content=\"Availability\" \/>\n\t<meta name=\"twitter:data2\" content=\"On backorder\" \/>\n<script type=\"application\/ld+json\" class=\"yoast-schema-graph\">{\"@context\":\"https:\/\/schema.org\",\"@graph\":[{\"@type\":\"WebPage\",\"@id\":\"https:\/\/compuviper.mx\/tienda\/producto\/xerox-100n03675w110-escaner-w110-xw110-a-100n03675-w110-120ppm-lcd-a-color-cis-dual-automatico-duplex-usb-produccion\/\",\"url\":\"https:\/\/compuviper.mx\/tienda\/producto\/xerox-100n03675w110-escaner-w110-xw110-a-100n03675-w110-120ppm-lcd-a-color-cis-dual-automatico-duplex-usb-produccion\/\",\"name\":\"[ Xerox ] &#129351; 100n03675,w110 Escaner W110, Xw110-a, 100n03675\/w110 120ppm, Lcd A Color, Cis Dual, Automatico Duplex, Usb, Produccion\",\"isPartOf\":{\"@id\":\"https:\/\/compuviper.mx\/tienda\/#website\"},\"datePublished\":\"2026-04-29T07:47:22+00:00\",\"dateModified\":\"2026-04-29T07:47:22+00:00\",\"description\":\"Compra 100n03675,w110 Escaner W110, Xw110-a, 100n03675\/w110 120ppm, Lcd A Color, Cis Dual, Automatico Duplex, Usb, Produccion + Env\u00edo a domicilio + Pago seguro + Garant\u00eda\",\"breadcrumb\":{\"@id\":\"https:\/\/compuviper.mx\/tienda\/producto\/xerox-100n03675w110-escaner-w110-xw110-a-100n03675-w110-120ppm-lcd-a-color-cis-dual-automatico-duplex-usb-produccion\/#breadcrumb\"},\"inLanguage\":\"es-MX\",\"potentialAction\":[{\"@type\":\"ReadAction\",\"target\":[\"https:\/\/compuviper.mx\/tienda\/producto\/xerox-100n03675w110-escaner-w110-xw110-a-100n03675-w110-120ppm-lcd-a-color-cis-dual-automatico-duplex-usb-produccion\/\"]}]},{\"@type\":\"BreadcrumbList\",\"@id\":\"https:\/\/compuviper.mx\/tienda\/producto\/xerox-100n03675w110-escaner-w110-xw110-a-100n03675-w110-120ppm-lcd-a-color-cis-dual-automatico-duplex-usb-produccion\/#breadcrumb\",\"itemListElement\":[{\"@type\":\"ListItem\",\"position\":1,\"name\":\"Inicio\",\"item\":\"https:\/\/compuviper.mx\/tienda\/\"},{\"@type\":\"ListItem\",\"position\":2,\"name\":\"Productos\",\"item\":\"https:\/\/compuviper.mx\/tienda\/productos\/\"},{\"@type\":\"ListItem\",\"position\":3,\"name\":\"Scanner\",\"item\":\"https:\/\/compuviper.mx\/tienda\/categoria-producto\/scanner\/\"},{\"@type\":\"ListItem\",\"position\":4,\"name\":\"Scanner Documentos\",\"item\":\"https:\/\/compuviper.mx\/tienda\/categoria-producto\/scanner\/scanner-documentos\/\"},{\"@type\":\"ListItem\",\"position\":5,\"name\":\"Xerox 100n03675,w110 Escaner W110, Xw110-a, 100n03675\/w110 120ppm, Lcd A Color, Cis Dual, Automatico Duplex, Usb, Produccion\"}]},{\"@type\":\"WebSite\",\"@id\":\"https:\/\/compuviper.mx\/tienda\/#website\",\"url\":\"https:\/\/compuviper.mx\/tienda\/\",\"name\":\"Compuviper\",\"description\":\"Proveedor de Computadoras, Laptops, Servidores, Monitores, Puntos de Venta, Teclados,   Impresoras, T\u00f3ner, C\u00e1maras de Seguridad y m\u00e1s en tu tienda en l\u00ednea\",\"publisher\":{\"@id\":\"https:\/\/compuviper.mx\/tienda\/#organization\"},\"potentialAction\":[{\"@type\":\"SearchAction\",\"target\":{\"@type\":\"EntryPoint\",\"urlTemplate\":\"https:\/\/compuviper.mx\/tienda\/?s={search_term_string}\"},\"query-input\":\"required name=search_term_string\"}],\"inLanguage\":\"es-MX\"},{\"@type\":\"Organization\",\"@id\":\"https:\/\/compuviper.mx\/tienda\/#organization\",\"name\":\"Compuviper\",\"url\":\"https:\/\/compuviper.mx\/tienda\/\",\"logo\":{\"@type\":\"ImageObject\",\"inLanguage\":\"es-MX\",\"@id\":\"https:\/\/compuviper.mx\/tienda\/#\/schema\/logo\/image\/\",\"url\":\"https:\/\/compuviper.mx\/tienda\/wp-content\/uploads\/2021\/08\/Logo-Compuviper-10.png\",\"contentUrl\":\"https:\/\/compuviper.mx\/tienda\/wp-content\/uploads\/2021\/08\/Logo-Compuviper-10.png\",\"width\":1000,\"height\":500,\"caption\":\"Compuviper\"},\"image\":{\"@id\":\"https:\/\/compuviper.mx\/tienda\/#\/schema\/logo\/image\/\"},\"sameAs\":[\"https:\/\/www.facebook.com\/compuviper\",\"https:\/\/www.youtube.com\/channel\/UCf73dERp9Y3cfOq7q8BhLjA?view_as=subscriber\"]}]}<\/script>\n<meta property=\"product:brand\" content=\"Xerox\" \/>\n<meta property=\"product:price:amount\" content=\"84308\" \/>\n<meta property=\"product:price:currency\" content=\"MXN\" \/>\n<meta property=\"og:availability\" content=\"backorder\" \/>\n<meta property=\"product:availability\" content=\"available for order\" \/>\n<meta property=\"product:retailer_item_id\" content=\"100N03675,W110\" \/>\n<meta property=\"product:condition\" content=\"new\" \/>\n<!-- \/ Yoast SEO plugin. -->","yoast_head_json":{"title":"[ Xerox ] &#129351; 100n03675,w110 Escaner W110, Xw110-a, 100n03675\/w110 120ppm, Lcd A Color, Cis Dual, Automatico Duplex, Usb, Produccion","description":"Compra 100n03675,w110 Escaner W110, Xw110-a, 100n03675\/w110 120ppm, Lcd A Color, Cis Dual, Automatico Duplex, Usb, Produccion + Env\u00edo a domicilio + Pago seguro + Garant\u00eda","robots":{"index":"index","follow":"follow","max-snippet":"max-snippet:-1","max-image-preview":"max-image-preview:large","max-video-preview":"max-video-preview:-1"},"canonical":"https:\/\/compuviper.mx\/tienda\/producto\/xerox-100n03675w110-escaner-w110-xw110-a-100n03675-w110-120ppm-lcd-a-color-cis-dual-automatico-duplex-usb-produccion\/","og_locale":"es_MX","og_type":"article","og_title":"[ Xerox ] &#129351; 100n03675,w110 Escaner W110, Xw110-a, 100n03675\/w110 120ppm, Lcd A Color, Cis Dual, Automatico Duplex, Usb, Produccion","og_description":"Compra 100n03675,w110 Escaner W110, Xw110-a, 100n03675\/w110 120ppm, Lcd A Color, Cis Dual, Automatico Duplex, Usb, Produccion + Env\u00edo a domicilio + Pago seguro + Garant\u00eda","og_url":"https:\/\/compuviper.mx\/tienda\/producto\/xerox-100n03675w110-escaner-w110-xw110-a-100n03675-w110-120ppm-lcd-a-color-cis-dual-automatico-duplex-usb-produccion\/","og_site_name":"Compuviper","article_publisher":"https:\/\/www.facebook.com\/compuviper","og_image":[{"width":200,"height":200,"url":"https:\/\/compuviper.mx\/tienda\/wp-content\/uploads\/2024\/09\/Escaner-xerox-w110-xw110-a-100n03675w110-120ppm-lcd-a-color-cis-dual-automatico-duplex-usb-produccion.jpg","type":"image\/jpeg"}],"twitter_card":"summary_large_image","twitter_misc":{"Precio":"&#36;84,308 con IVA","Availability":"On backorder"},"schema":{"@context":"https:\/\/schema.org","@graph":[{"@type":"WebPage","@id":"https:\/\/compuviper.mx\/tienda\/producto\/xerox-100n03675w110-escaner-w110-xw110-a-100n03675-w110-120ppm-lcd-a-color-cis-dual-automatico-duplex-usb-produccion\/","url":"https:\/\/compuviper.mx\/tienda\/producto\/xerox-100n03675w110-escaner-w110-xw110-a-100n03675-w110-120ppm-lcd-a-color-cis-dual-automatico-duplex-usb-produccion\/","name":"[ Xerox ] &#129351; 100n03675,w110 Escaner W110, Xw110-a, 100n03675\/w110 120ppm, Lcd A Color, Cis Dual, Automatico Duplex, Usb, Produccion","isPartOf":{"@id":"https:\/\/compuviper.mx\/tienda\/#website"},"datePublished":"2026-04-29T07:47:22+00:00","dateModified":"2026-04-29T07:47:22+00:00","description":"Compra 100n03675,w110 Escaner W110, Xw110-a, 100n03675\/w110 120ppm, Lcd A Color, Cis Dual, Automatico Duplex, Usb, Produccion + Env\u00edo a domicilio + Pago seguro + Garant\u00eda","breadcrumb":{"@id":"https:\/\/compuviper.mx\/tienda\/producto\/xerox-100n03675w110-escaner-w110-xw110-a-100n03675-w110-120ppm-lcd-a-color-cis-dual-automatico-duplex-usb-produccion\/#breadcrumb"},"inLanguage":"es-MX","potentialAction":[{"@type":"ReadAction","target":["https:\/\/compuviper.mx\/tienda\/producto\/xerox-100n03675w110-escaner-w110-xw110-a-100n03675-w110-120ppm-lcd-a-color-cis-dual-automatico-duplex-usb-produccion\/"]}]},{"@type":"BreadcrumbList","@id":"https:\/\/compuviper.mx\/tienda\/producto\/xerox-100n03675w110-escaner-w110-xw110-a-100n03675-w110-120ppm-lcd-a-color-cis-dual-automatico-duplex-usb-produccion\/#breadcrumb","itemListElement":[{"@type":"ListItem","position":1,"name":"Inicio","item":"https:\/\/compuviper.mx\/tienda\/"},{"@type":"ListItem","position":2,"name":"Productos","item":"https:\/\/compuviper.mx\/tienda\/productos\/"},{"@type":"ListItem","position":3,"name":"Scanner","item":"https:\/\/compuviper.mx\/tienda\/categoria-producto\/scanner\/"},{"@type":"ListItem","position":4,"name":"Scanner Documentos","item":"https:\/\/compuviper.mx\/tienda\/categoria-producto\/scanner\/scanner-documentos\/"},{"@type":"ListItem","position":5,"name":"Xerox 100n03675,w110 Escaner W110, Xw110-a, 100n03675\/w110 120ppm, Lcd A Color, Cis Dual, Automatico Duplex, Usb, Produccion"}]},{"@type":"WebSite","@id":"https:\/\/compuviper.mx\/tienda\/#website","url":"https:\/\/compuviper.mx\/tienda\/","name":"Compuviper","description":"Proveedor de Computadoras, Laptops, Servidores, Monitores, Puntos de Venta, Teclados,   Impresoras, T\u00f3ner, C\u00e1maras de Seguridad y m\u00e1s en tu tienda en l\u00ednea","publisher":{"@id":"https:\/\/compuviper.mx\/tienda\/#organization"},"potentialAction":[{"@type":"SearchAction","target":{"@type":"EntryPoint","urlTemplate":"https:\/\/compuviper.mx\/tienda\/?s={search_term_string}"},"query-input":"required name=search_term_string"}],"inLanguage":"es-MX"},{"@type":"Organization","@id":"https:\/\/compuviper.mx\/tienda\/#organization","name":"Compuviper","url":"https:\/\/compuviper.mx\/tienda\/","logo":{"@type":"ImageObject","inLanguage":"es-MX","@id":"https:\/\/compuviper.mx\/tienda\/#\/schema\/logo\/image\/","url":"https:\/\/compuviper.mx\/tienda\/wp-content\/uploads\/2021\/08\/Logo-Compuviper-10.png","contentUrl":"https:\/\/compuviper.mx\/tienda\/wp-content\/uploads\/2021\/08\/Logo-Compuviper-10.png","width":1000,"height":500,"caption":"Compuviper"},"image":{"@id":"https:\/\/compuviper.mx\/tienda\/#\/schema\/logo\/image\/"},"sameAs":["https:\/\/www.facebook.com\/compuviper","https:\/\/www.youtube.com\/channel\/UCf73dERp9Y3cfOq7q8BhLjA?view_as=subscriber"]}]},"product_brand":"Xerox","product_price_amount":"84308","product_price_currency":"MXN","og_availability":"backorder","product_availability":"available for order","product_retailer_item_id":"100N03675,W110","product_condition":"new"},"_links":{"self":[{"href":"https:\/\/compuviper.mx\/tienda\/wp-json\/wp\/v2\/product\/239669"}],"collection":[{"href":"https:\/\/compuviper.mx\/tienda\/wp-json\/wp\/v2\/product"}],"about":[{"href":"https:\/\/compuviper.mx\/tienda\/wp-json\/wp\/v2\/types\/product"}],"replies":[{"embeddable":true,"href":"https:\/\/compuviper.mx\/tienda\/wp-json\/wp\/v2\/comments?post=239669"}],"wp:featuredmedia":[{"embeddable":true,"href":"https:\/\/compuviper.mx\/tienda\/wp-json\/wp\/v2\/media\/243414"}],"wp:attachment":[{"href":"https:\/\/compuviper.mx\/tienda\/wp-json\/wp\/v2\/media?parent=239669"}],"wp:term":[{"taxonomy":"product_cat","embeddable":true,"href":"https:\/\/compuviper.mx\/tienda\/wp-json\/wp\/v2\/product_cat?post=239669"},{"taxonomy":"product_tag","embeddable":true,"href":"https:\/\/compuviper.mx\/tienda\/wp-json\/wp\/v2\/product_tag?post=239669"}],"curies":[{"name":"wp","href":"https:\/\/api.w.org\/{rel}","templated":true}]}}