{"id":239667,"date":"2026-04-02T01:59:45","date_gmt":"2026-04-02T07:59:45","guid":{"rendered":"https:\/\/compuviper.mx\/tienda\/producto\/xerox-1104-escaner-duplex-portable-20ppm-40ipm-blanco-azul-adf-usb-cis-dual-visioneer-onetouch\/"},"modified":"2026-04-03T00:00:33","modified_gmt":"2026-04-03T06:00:33","slug":"xerox-1104100n03261-escaner-duplex-portable-0dps-1104-100n03261-20ppm-40ipm-blanco-azul-adf-usb-cis-dual-visioneer-onetouch","status":"publish","type":"product","link":"https:\/\/compuviper.mx\/tienda\/producto\/xerox-1104100n03261-escaner-duplex-portable-0dps-1104-100n03261-20ppm-40ipm-blanco-azul-adf-usb-cis-dual-visioneer-onetouch\/","title":{"rendered":"Xerox 1104,100n03261 Escaner  Duplex Portable, 0dps\/1104\/100n03261 20ppm, 40ipm, Blanco\/azul, Adf, Usb, Cis Dual, Visioneer Onetouch"},"content":{"rendered":"<table class=\"descripcion\">\n<tr>\n<td>\u00bf adf tama\u00f1o maximo de papel: 8.5\u00bf x 118\u00bf (216 x 2997 mm) in \/ mm<\/td>\n<\/tr>\n<tr>\n<td>\u00bf adf tama\u00f1o minimo de papel: 2.25&#8243; x 2&#8243; (57 x 51 mm) in \/ mm<\/td>\n<\/tr>\n<tr>\n<td>\u00bf color de fondo: negro<\/td>\n<\/tr>\n<tr>\n<td>\u00bf capacidad de adf: 20 hojas (80 g\/m2 papel)<\/td>\n<\/tr>\n<tr>\n<td>\u00bf ciclo de: 1000 paginas\/dia<\/td>\n<\/tr>\n<tr>\n<td>\u00bf controlador: pc: driverplus twain, isis, wia mac: visioneer scan utility, twain, ica<\/td>\n<\/tr>\n<tr>\n<td>\u00bf dimensiones: 299 x 104 x 74 mm (ancho x profundidad x altura)<\/td>\n<\/tr>\n<tr>\n<td>\u00bf fuente de luz: led (diodo emisor de luz) de encendido instantaneo<\/td>\n<\/tr>\n<tr>\n<td>\u00bf interfaz: usb 2.0<\/td>\n<\/tr>\n<tr>\n<td>\u00bf metodo de escaneo: adf o alimentacion frontal<\/td>\n<\/tr>\n<tr>\n<td>\u00bf tama\u00f1o minimo de los documentos: 2.25 x 2 mm<\/td>\n<\/tr>\n<tr>\n<td>\u00bf rango de grosor del papel del adf: 60 ~ 120 g\/m2<\/td>\n<\/tr>\n<tr>\n<td>\u00bf peso: 1.5 kg<\/td>\n<\/tr>\n<tr>\n<td>\u00bf profundidad de bits de salida: 24\/8\/1<\/td>\n<\/tr>\n<tr>\n<td>\u00bf mejora de la imagen desarrollado: visioneer acuity<\/td>\n<\/tr>\n<tr>\n<td>\u00bf resolucion optica: 600 dpi<\/td>\n<\/tr>\n<tr>\n<td>\u00bf sensor de imagen: cis dual (delantero y trasero)<\/td>\n<\/tr>\n<tr>\n<td>\u00bf sistemas operativos compatibles: windows 11, 10, 7; macos 11-14<\/td>\n<\/tr>\n<tr>\n<td>\u00bf tama\u00f1o maximo de papel: 8.5 x 118 mm<\/td>\n<\/tr>\n<tr>\n<td>\u00bf visioneer onetouch tecnologia: si<\/td>\n<\/tr>\n<tr>\n<td>\u00bf velocidad a 300 ppp: 15 ppm \/ 30 ipm<\/td>\n<\/tr>\n<tr>\n<td>\u00bf velocidad a 200 ppp: 20 ppm \/ 40 ipm<\/td>\n<\/tr>\n<\/table>\n","protected":false},"excerpt":{"rendered":"<p>Compatible con mac y pc. Ciclo de trabajo de 1,000 paginas por dia. Hasta 20 ppm \/ 40 ip. Capacidad para escanear tarjetas de identificacion de plastico. El escaner xerox duplex portable scanner es la herramienta perfecta para liberar la informacion atrapada en el papel. Este escaner versatil puede escanear papeles tan peque\u00f1os como una tarjeta comercial o documentos de hasta 8.5 in (216 mm) de ancho y 118 in (2997 mm) de largo, y guardarlos como un pdf, jpg u otros formatos de archivo comunes.<\/p>\n","protected":false},"featured_media":243411,"comment_status":"open","ping_status":"open","template":"","meta":[],"product_cat":[1805,1807],"product_tag":[2109],"acf":[],"yoast_head":"<!-- This site is optimized with the Yoast SEO plugin v21.7 - https:\/\/yoast.com\/wordpress\/plugins\/seo\/ -->\n<title>[ Xerox ] &#129351; 1104,100n03261 Escaner Duplex Portable, 0dps\/1104\/100n03261 20ppm, 40ipm, Blanco\/azul, Adf, Usb, Cis Dual, Visioneer Onetouch<\/title>\n<meta name=\"description\" content=\"Compra 1104,100n03261 Escaner Duplex Portable, 0dps\/1104\/100n03261 20ppm, 40ipm, Blanco\/azul, Adf, Usb, Cis Dual, Visioneer Onetouch + Env\u00edo a domicilio + Pago seguro + Garant\u00eda\" \/>\n<meta name=\"robots\" content=\"index, follow, max-snippet:-1, max-image-preview:large, max-video-preview:-1\" \/>\n<link rel=\"canonical\" href=\"https:\/\/compuviper.mx\/tienda\/producto\/xerox-1104100n03261-escaner-duplex-portable-0dps-1104-100n03261-20ppm-40ipm-blanco-azul-adf-usb-cis-dual-visioneer-onetouch\/\" \/>\n<meta property=\"og:locale\" content=\"es_MX\" \/>\n<meta property=\"og:type\" content=\"article\" \/>\n<meta property=\"og:title\" content=\"[ Xerox ] &#129351; 1104,100n03261 Escaner Duplex Portable, 0dps\/1104\/100n03261 20ppm, 40ipm, Blanco\/azul, Adf, Usb, Cis Dual, Visioneer Onetouch\" \/>\n<meta property=\"og:description\" content=\"Compra 1104,100n03261 Escaner Duplex Portable, 0dps\/1104\/100n03261 20ppm, 40ipm, Blanco\/azul, Adf, Usb, Cis Dual, Visioneer Onetouch + Env\u00edo a domicilio + Pago seguro + Garant\u00eda\" \/>\n<meta property=\"og:url\" content=\"https:\/\/compuviper.mx\/tienda\/producto\/xerox-1104100n03261-escaner-duplex-portable-0dps-1104-100n03261-20ppm-40ipm-blanco-azul-adf-usb-cis-dual-visioneer-onetouch\/\" \/>\n<meta property=\"og:site_name\" content=\"Compuviper\" \/>\n<meta property=\"article:publisher\" content=\"https:\/\/www.facebook.com\/compuviper\" \/>\n<meta property=\"article:modified_time\" content=\"2026-04-03T06:00:33+00:00\" \/>\n<meta property=\"og:image\" content=\"https:\/\/compuviper.mx\/tienda\/wp-content\/uploads\/2024\/09\/Escaner-xerox-duplex-portable-0dps1104100n03261-20ppm-40ipm-blancoazul-adf-usb-cis-dual-visioneer-onetouch.jpg\" \/>\n\t<meta property=\"og:image:width\" content=\"200\" \/>\n\t<meta property=\"og:image:height\" content=\"200\" \/>\n\t<meta property=\"og:image:type\" content=\"image\/jpeg\" \/>\n<meta name=\"twitter:card\" content=\"summary_large_image\" \/>\n<meta name=\"twitter:label1\" content=\"Precio\" \/>\n\t<meta name=\"twitter:data1\" content=\"&#36;4,611 con IVA\" \/>\n\t<meta name=\"twitter:label2\" content=\"Availability\" \/>\n\t<meta name=\"twitter:data2\" content=\"Out of stock\" \/>\n<script type=\"application\/ld+json\" class=\"yoast-schema-graph\">{\"@context\":\"https:\/\/schema.org\",\"@graph\":[{\"@type\":\"WebPage\",\"@id\":\"https:\/\/compuviper.mx\/tienda\/producto\/xerox-1104100n03261-escaner-duplex-portable-0dps-1104-100n03261-20ppm-40ipm-blanco-azul-adf-usb-cis-dual-visioneer-onetouch\/\",\"url\":\"https:\/\/compuviper.mx\/tienda\/producto\/xerox-1104100n03261-escaner-duplex-portable-0dps-1104-100n03261-20ppm-40ipm-blanco-azul-adf-usb-cis-dual-visioneer-onetouch\/\",\"name\":\"[ Xerox ] &#129351; 1104,100n03261 Escaner Duplex Portable, 0dps\/1104\/100n03261 20ppm, 40ipm, Blanco\/azul, Adf, Usb, Cis Dual, Visioneer Onetouch\",\"isPartOf\":{\"@id\":\"https:\/\/compuviper.mx\/tienda\/#website\"},\"datePublished\":\"2026-04-02T07:59:45+00:00\",\"dateModified\":\"2026-04-03T06:00:33+00:00\",\"description\":\"Compra 1104,100n03261 Escaner Duplex Portable, 0dps\/1104\/100n03261 20ppm, 40ipm, Blanco\/azul, Adf, Usb, Cis Dual, Visioneer Onetouch + Env\u00edo a domicilio + Pago seguro + Garant\u00eda\",\"breadcrumb\":{\"@id\":\"https:\/\/compuviper.mx\/tienda\/producto\/xerox-1104100n03261-escaner-duplex-portable-0dps-1104-100n03261-20ppm-40ipm-blanco-azul-adf-usb-cis-dual-visioneer-onetouch\/#breadcrumb\"},\"inLanguage\":\"es-MX\",\"potentialAction\":[{\"@type\":\"ReadAction\",\"target\":[\"https:\/\/compuviper.mx\/tienda\/producto\/xerox-1104100n03261-escaner-duplex-portable-0dps-1104-100n03261-20ppm-40ipm-blanco-azul-adf-usb-cis-dual-visioneer-onetouch\/\"]}]},{\"@type\":\"BreadcrumbList\",\"@id\":\"https:\/\/compuviper.mx\/tienda\/producto\/xerox-1104100n03261-escaner-duplex-portable-0dps-1104-100n03261-20ppm-40ipm-blanco-azul-adf-usb-cis-dual-visioneer-onetouch\/#breadcrumb\",\"itemListElement\":[{\"@type\":\"ListItem\",\"position\":1,\"name\":\"Inicio\",\"item\":\"https:\/\/compuviper.mx\/tienda\/\"},{\"@type\":\"ListItem\",\"position\":2,\"name\":\"Productos\",\"item\":\"https:\/\/compuviper.mx\/tienda\/productos\/\"},{\"@type\":\"ListItem\",\"position\":3,\"name\":\"Scanner\",\"item\":\"https:\/\/compuviper.mx\/tienda\/categoria-producto\/scanner\/\"},{\"@type\":\"ListItem\",\"position\":4,\"name\":\"Scanner Documentos\",\"item\":\"https:\/\/compuviper.mx\/tienda\/categoria-producto\/scanner\/scanner-documentos\/\"},{\"@type\":\"ListItem\",\"position\":5,\"name\":\"Xerox 1104,100n03261 Escaner Duplex Portable, 0dps\/1104\/100n03261 20ppm, 40ipm, Blanco\/azul, Adf, Usb, Cis Dual, Visioneer Onetouch\"}]},{\"@type\":\"WebSite\",\"@id\":\"https:\/\/compuviper.mx\/tienda\/#website\",\"url\":\"https:\/\/compuviper.mx\/tienda\/\",\"name\":\"Compuviper\",\"description\":\"Proveedor de Computadoras, Laptops, Servidores, Monitores, Puntos de Venta, Teclados,   Impresoras, T\u00f3ner, C\u00e1maras de Seguridad y m\u00e1s en tu tienda en l\u00ednea\",\"publisher\":{\"@id\":\"https:\/\/compuviper.mx\/tienda\/#organization\"},\"potentialAction\":[{\"@type\":\"SearchAction\",\"target\":{\"@type\":\"EntryPoint\",\"urlTemplate\":\"https:\/\/compuviper.mx\/tienda\/?s={search_term_string}\"},\"query-input\":\"required name=search_term_string\"}],\"inLanguage\":\"es-MX\"},{\"@type\":\"Organization\",\"@id\":\"https:\/\/compuviper.mx\/tienda\/#organization\",\"name\":\"Compuviper\",\"url\":\"https:\/\/compuviper.mx\/tienda\/\",\"logo\":{\"@type\":\"ImageObject\",\"inLanguage\":\"es-MX\",\"@id\":\"https:\/\/compuviper.mx\/tienda\/#\/schema\/logo\/image\/\",\"url\":\"https:\/\/compuviper.mx\/tienda\/wp-content\/uploads\/2021\/08\/Logo-Compuviper-10.png\",\"contentUrl\":\"https:\/\/compuviper.mx\/tienda\/wp-content\/uploads\/2021\/08\/Logo-Compuviper-10.png\",\"width\":1000,\"height\":500,\"caption\":\"Compuviper\"},\"image\":{\"@id\":\"https:\/\/compuviper.mx\/tienda\/#\/schema\/logo\/image\/\"},\"sameAs\":[\"https:\/\/www.facebook.com\/compuviper\",\"https:\/\/www.youtube.com\/channel\/UCf73dERp9Y3cfOq7q8BhLjA?view_as=subscriber\"]}]}<\/script>\n<meta property=\"product:brand\" content=\"Xerox\" \/>\n<meta property=\"product:price:amount\" content=\"4611\" \/>\n<meta property=\"product:price:currency\" content=\"MXN\" \/>\n<meta property=\"og:availability\" content=\"out of stock\" \/>\n<meta property=\"product:availability\" content=\"out of stock\" \/>\n<meta property=\"product:retailer_item_id\" content=\"1104,100N03261\" \/>\n<meta property=\"product:condition\" content=\"new\" \/>\n<!-- \/ Yoast SEO plugin. -->","yoast_head_json":{"title":"[ Xerox ] &#129351; 1104,100n03261 Escaner Duplex Portable, 0dps\/1104\/100n03261 20ppm, 40ipm, Blanco\/azul, Adf, Usb, Cis Dual, Visioneer Onetouch","description":"Compra 1104,100n03261 Escaner Duplex Portable, 0dps\/1104\/100n03261 20ppm, 40ipm, Blanco\/azul, Adf, Usb, Cis Dual, Visioneer Onetouch + Env\u00edo a domicilio + Pago seguro + Garant\u00eda","robots":{"index":"index","follow":"follow","max-snippet":"max-snippet:-1","max-image-preview":"max-image-preview:large","max-video-preview":"max-video-preview:-1"},"canonical":"https:\/\/compuviper.mx\/tienda\/producto\/xerox-1104100n03261-escaner-duplex-portable-0dps-1104-100n03261-20ppm-40ipm-blanco-azul-adf-usb-cis-dual-visioneer-onetouch\/","og_locale":"es_MX","og_type":"article","og_title":"[ Xerox ] &#129351; 1104,100n03261 Escaner Duplex Portable, 0dps\/1104\/100n03261 20ppm, 40ipm, Blanco\/azul, Adf, Usb, Cis Dual, Visioneer Onetouch","og_description":"Compra 1104,100n03261 Escaner Duplex Portable, 0dps\/1104\/100n03261 20ppm, 40ipm, Blanco\/azul, Adf, Usb, Cis Dual, Visioneer Onetouch + Env\u00edo a domicilio + Pago seguro + Garant\u00eda","og_url":"https:\/\/compuviper.mx\/tienda\/producto\/xerox-1104100n03261-escaner-duplex-portable-0dps-1104-100n03261-20ppm-40ipm-blanco-azul-adf-usb-cis-dual-visioneer-onetouch\/","og_site_name":"Compuviper","article_publisher":"https:\/\/www.facebook.com\/compuviper","article_modified_time":"2026-04-03T06:00:33+00:00","og_image":[{"width":200,"height":200,"url":"https:\/\/compuviper.mx\/tienda\/wp-content\/uploads\/2024\/09\/Escaner-xerox-duplex-portable-0dps1104100n03261-20ppm-40ipm-blancoazul-adf-usb-cis-dual-visioneer-onetouch.jpg","type":"image\/jpeg"}],"twitter_card":"summary_large_image","twitter_misc":{"Precio":"&#36;4,611 con IVA","Availability":"Out of stock"},"schema":{"@context":"https:\/\/schema.org","@graph":[{"@type":"WebPage","@id":"https:\/\/compuviper.mx\/tienda\/producto\/xerox-1104100n03261-escaner-duplex-portable-0dps-1104-100n03261-20ppm-40ipm-blanco-azul-adf-usb-cis-dual-visioneer-onetouch\/","url":"https:\/\/compuviper.mx\/tienda\/producto\/xerox-1104100n03261-escaner-duplex-portable-0dps-1104-100n03261-20ppm-40ipm-blanco-azul-adf-usb-cis-dual-visioneer-onetouch\/","name":"[ Xerox ] &#129351; 1104,100n03261 Escaner Duplex Portable, 0dps\/1104\/100n03261 20ppm, 40ipm, Blanco\/azul, Adf, Usb, Cis Dual, Visioneer Onetouch","isPartOf":{"@id":"https:\/\/compuviper.mx\/tienda\/#website"},"datePublished":"2026-04-02T07:59:45+00:00","dateModified":"2026-04-03T06:00:33+00:00","description":"Compra 1104,100n03261 Escaner Duplex Portable, 0dps\/1104\/100n03261 20ppm, 40ipm, Blanco\/azul, Adf, Usb, Cis Dual, Visioneer Onetouch + Env\u00edo a domicilio + Pago seguro + Garant\u00eda","breadcrumb":{"@id":"https:\/\/compuviper.mx\/tienda\/producto\/xerox-1104100n03261-escaner-duplex-portable-0dps-1104-100n03261-20ppm-40ipm-blanco-azul-adf-usb-cis-dual-visioneer-onetouch\/#breadcrumb"},"inLanguage":"es-MX","potentialAction":[{"@type":"ReadAction","target":["https:\/\/compuviper.mx\/tienda\/producto\/xerox-1104100n03261-escaner-duplex-portable-0dps-1104-100n03261-20ppm-40ipm-blanco-azul-adf-usb-cis-dual-visioneer-onetouch\/"]}]},{"@type":"BreadcrumbList","@id":"https:\/\/compuviper.mx\/tienda\/producto\/xerox-1104100n03261-escaner-duplex-portable-0dps-1104-100n03261-20ppm-40ipm-blanco-azul-adf-usb-cis-dual-visioneer-onetouch\/#breadcrumb","itemListElement":[{"@type":"ListItem","position":1,"name":"Inicio","item":"https:\/\/compuviper.mx\/tienda\/"},{"@type":"ListItem","position":2,"name":"Productos","item":"https:\/\/compuviper.mx\/tienda\/productos\/"},{"@type":"ListItem","position":3,"name":"Scanner","item":"https:\/\/compuviper.mx\/tienda\/categoria-producto\/scanner\/"},{"@type":"ListItem","position":4,"name":"Scanner Documentos","item":"https:\/\/compuviper.mx\/tienda\/categoria-producto\/scanner\/scanner-documentos\/"},{"@type":"ListItem","position":5,"name":"Xerox 1104,100n03261 Escaner Duplex Portable, 0dps\/1104\/100n03261 20ppm, 40ipm, Blanco\/azul, Adf, Usb, Cis Dual, Visioneer Onetouch"}]},{"@type":"WebSite","@id":"https:\/\/compuviper.mx\/tienda\/#website","url":"https:\/\/compuviper.mx\/tienda\/","name":"Compuviper","description":"Proveedor de Computadoras, Laptops, Servidores, Monitores, Puntos de Venta, Teclados,   Impresoras, T\u00f3ner, C\u00e1maras de Seguridad y m\u00e1s en tu tienda en l\u00ednea","publisher":{"@id":"https:\/\/compuviper.mx\/tienda\/#organization"},"potentialAction":[{"@type":"SearchAction","target":{"@type":"EntryPoint","urlTemplate":"https:\/\/compuviper.mx\/tienda\/?s={search_term_string}"},"query-input":"required name=search_term_string"}],"inLanguage":"es-MX"},{"@type":"Organization","@id":"https:\/\/compuviper.mx\/tienda\/#organization","name":"Compuviper","url":"https:\/\/compuviper.mx\/tienda\/","logo":{"@type":"ImageObject","inLanguage":"es-MX","@id":"https:\/\/compuviper.mx\/tienda\/#\/schema\/logo\/image\/","url":"https:\/\/compuviper.mx\/tienda\/wp-content\/uploads\/2021\/08\/Logo-Compuviper-10.png","contentUrl":"https:\/\/compuviper.mx\/tienda\/wp-content\/uploads\/2021\/08\/Logo-Compuviper-10.png","width":1000,"height":500,"caption":"Compuviper"},"image":{"@id":"https:\/\/compuviper.mx\/tienda\/#\/schema\/logo\/image\/"},"sameAs":["https:\/\/www.facebook.com\/compuviper","https:\/\/www.youtube.com\/channel\/UCf73dERp9Y3cfOq7q8BhLjA?view_as=subscriber"]}]},"product_brand":"Xerox","product_price_amount":"4611","product_price_currency":"MXN","og_availability":"out of stock","product_availability":"out of stock","product_retailer_item_id":"1104,100N03261","product_condition":"new"},"_links":{"self":[{"href":"https:\/\/compuviper.mx\/tienda\/wp-json\/wp\/v2\/product\/239667"}],"collection":[{"href":"https:\/\/compuviper.mx\/tienda\/wp-json\/wp\/v2\/product"}],"about":[{"href":"https:\/\/compuviper.mx\/tienda\/wp-json\/wp\/v2\/types\/product"}],"replies":[{"embeddable":true,"href":"https:\/\/compuviper.mx\/tienda\/wp-json\/wp\/v2\/comments?post=239667"}],"wp:featuredmedia":[{"embeddable":true,"href":"https:\/\/compuviper.mx\/tienda\/wp-json\/wp\/v2\/media\/243411"}],"wp:attachment":[{"href":"https:\/\/compuviper.mx\/tienda\/wp-json\/wp\/v2\/media?parent=239667"}],"wp:term":[{"taxonomy":"product_cat","embeddable":true,"href":"https:\/\/compuviper.mx\/tienda\/wp-json\/wp\/v2\/product_cat?post=239667"},{"taxonomy":"product_tag","embeddable":true,"href":"https:\/\/compuviper.mx\/tienda\/wp-json\/wp\/v2\/product_tag?post=239667"}],"curies":[{"name":"wp","href":"https:\/\/api.w.org\/{rel}","templated":true}]}}