{"id":239666,"date":"2026-04-28T01:56:53","date_gmt":"2026-04-28T07:56:53","guid":{"rendered":"https:\/\/compuviper.mx\/tienda\/producto\/xerox-1517-escaner-duplex-combo-30ppm-blanco-azul-adf-led-cis-dual-usb-a4-visioneer-onetouch\/"},"modified":"2026-04-28T01:56:54","modified_gmt":"2026-04-28T07:56:54","slug":"xerox-0dxt100n034481517-escaner-duplex-combo-0dxt-1517-100n03448-30ppm-blanco-azul-adf-led-cis-dual-usb-a4-visioneer-onetouch","status":"publish","type":"product","link":"https:\/\/compuviper.mx\/tienda\/producto\/xerox-0dxt100n034481517-escaner-duplex-combo-0dxt-1517-100n03448-30ppm-blanco-azul-adf-led-cis-dual-usb-a4-visioneer-onetouch\/","title":{"rendered":"Xerox 0dxt,100n03448,1517 Escaner  Duplex Combo, 0dxt\/1517\/100n03448 30ppm, Blanco\/azul, Adf, Led, Cis Dual, Usb, A4, Visioneer Onetouch"},"content":{"rendered":"<table class=\"descripcion\">\n<tr>\n<td>\u00bf ciclo de: 1500 paginas\/dia<\/td>\n<\/tr>\n<tr>\n<td>\u00bf mejora de la imagen desarrollado: visioneer acuity<\/td>\n<\/tr>\n<tr>\n<td>\u00bf peso: 2.7 kg<\/td>\n<\/tr>\n<tr>\n<td>\u00bf interfaz: usb 2.0 de alta velocidad (compatible con 3.0)<\/td>\n<\/tr>\n<tr>\n<td>\u00bf resolucion optica: 600 dpi<\/td>\n<\/tr>\n<tr>\n<td>\u00bf capacidad de adf: 35 hojas (80 g\/m2 papel)<\/td>\n<\/tr>\n<tr>\n<td>\u00bf visioneer onetouch tecnologia: si<\/td>\n<\/tr>\n<tr>\n<td>\u00bf adf tama\u00f1o minimo de papel: 3&#8243; x 5.9&#8243; (76 x 150) in \/ mm<\/td>\n<\/tr>\n<tr>\n<td>\u00bf dimensiones: 15.8&#8243; x 13&#8243; x 5&#8243; (402 x 330 x 127 mm) (ancho x profundidad x altura)<\/td>\n<\/tr>\n<tr>\n<td>\u00bf fuente de luz: led (diodo emisor de luz) de encendido instantaneo<\/td>\n<\/tr>\n<tr>\n<td>\u00bf adf tama\u00f1o maximo de papel: 8.5&#8243; x 118&#8243; (216 x 2997) in \/ mm<\/td>\n<\/tr>\n<tr>\n<td>\u00bf profundidad de bits de salida: color de 24 bits, escala de grises de 8 bits, blanco y negro de 1 bit<\/td>\n<\/tr>\n<tr>\n<td>\u00bf metodo de escaneo: alimentador de documentos automatico o cristal de documentos (duplex)<\/td>\n<\/tr>\n<tr>\n<td>\u00bf tama\u00f1o maximo de papel: 216 x 297 plana mm<\/td>\n<\/tr>\n<tr>\n<td>\u00bf sistemas operativos compatibles: windows 11, 10, 7; macos 11-14<\/td>\n<\/tr>\n<tr>\n<td>\u00bf sensor de imagen: cis dual (delantero y trasero)<\/td>\n<\/tr>\n<tr>\n<td>\u00bf rango de grosor del papel del adf: 60 ~ 105 g\/m2<\/td>\n<\/tr>\n<tr>\n<td>\u00bf color de fondo: blanco<\/td>\n<\/tr>\n<tr>\n<td>\u00bf tama\u00f1o minimo de los documentos: 13 x 13 plana mm<\/td>\n<\/tr>\n<tr>\n<td>\u00bf velocidad a 300 ppp: 30 ppm \/ 60 ipm<\/td>\n<\/tr>\n<tr>\n<td>\u00bf velocidad a 200 ppp: 30 ppm \/ 60 ipm<\/td>\n<\/tr>\n<tr>\n<td>\u00bf contenido del paquete<\/td>\n<\/tr>\n<tr>\n<td>\u00bf xerox duplex combo scanner<\/td>\n<\/tr>\n<tr>\n<td>\u00bf fuente de alimentacion<\/td>\n<\/tr>\n<tr>\n<td>\u00bf cable usb<\/td>\n<\/tr>\n<tr>\n<td>\u00bf almohadilla para el adf de repuesto<\/td>\n<\/tr>\n<tr>\n<td>\u00bf adaptadores del enchufe de alimentacion<\/td>\n<\/tr>\n<tr>\n<td>\u00bf guia de instalacion rapida<\/td>\n<\/tr>\n<tr>\n<td>\u00bf tarjeta de soporte tecnico<\/td>\n<\/tr>\n<tr>\n<td>\u00bf tarjeta de garantia<\/td>\n<\/tr>\n<tr>\n<td>\u00bf el dvd-rom incluye:<\/td>\n<\/tr>\n<tr>\n<td>\u00bf manual del usuario<\/td>\n<\/tr>\n<tr>\n<td>\u00bf visioneer onetouch (pc)<\/td>\n<\/tr>\n<tr>\n<td>\u00bf visioneer acuity (pc)<\/td>\n<\/tr>\n<tr>\n<td>\u00bf visioneer capture se (pc) &#8211; solo ingles<\/td>\n<\/tr>\n<tr>\n<td>\u00bf visioneer organizer ai (pc) &#8211; solo ingles<\/td>\n<\/tr>\n<tr>\n<td>\u00bf visioneer scan utility (mac)<\/td>\n<\/tr>\n<tr>\n<td>\u00bf abbyy business card reader (pc)<\/td>\n<\/tr>\n<tr>\n<td>\u00bf abbyy finereader ocr software (mac\/pc)<\/td>\n<\/tr>\n<tr>\n<td>\u00bf controladores del escaner: twain, emc captiva isis y controlador microsoft windows image acquisition (wia)<\/td>\n<\/tr>\n<\/table>\n","protected":false},"excerpt":{"rendered":"<p>Mejor precio \/ rendimiento en su clase. Velocidades de escaneo adf de hasta 30 ppm \/ 60 ipm. La huella mas peque\u00f1a ahorra espacio en el escritorio. Escaner plano para tarjetas de identificacion, pasaportes, articulos gruesos. 9 trabajos predeterminados visioneer onetouch en el panel de control. El escaner xerox duplex combo scanner es el producto mas asequible de su categoria, pero cuenta con tecnologia moderna y no escatima en rendimiento. Con una velocidad de escaneo excelente de 30 paginas por minuto (60 imagenes por minuto), este peque\u00f1o escaner que ahorra espacio tambien le ahorrara tiempo y dinero.<\/p>\n","protected":false},"featured_media":243410,"comment_status":"open","ping_status":"open","template":"","meta":[],"product_cat":[1805,1807],"product_tag":[2109],"acf":[],"yoast_head":"<!-- This site is optimized with the Yoast SEO plugin v21.7 - https:\/\/yoast.com\/wordpress\/plugins\/seo\/ -->\n<title>[ Xerox ] &#129351; 0dxt,100n03448,1517 Escaner Duplex Combo, 0dxt\/1517\/100n03448 30ppm, Blanco\/azul, Adf, Led, Cis Dual, Usb, A4, Visioneer Onetouch<\/title>\n<meta name=\"description\" content=\"Compra 0dxt,100n03448,1517 Escaner Duplex Combo, 0dxt\/1517\/100n03448 30ppm, Blanco\/azul, Adf, Led, Cis Dual, Usb, A4, Visioneer Onetouch + Env\u00edo a domicilio + Pago seguro + Garant\u00eda\" \/>\n<meta name=\"robots\" content=\"index, follow, max-snippet:-1, max-image-preview:large, max-video-preview:-1\" \/>\n<link rel=\"canonical\" href=\"https:\/\/compuviper.mx\/tienda\/producto\/xerox-0dxt100n034481517-escaner-duplex-combo-0dxt-1517-100n03448-30ppm-blanco-azul-adf-led-cis-dual-usb-a4-visioneer-onetouch\/\" \/>\n<meta property=\"og:locale\" content=\"es_MX\" \/>\n<meta property=\"og:type\" content=\"article\" \/>\n<meta property=\"og:title\" content=\"[ Xerox ] &#129351; 0dxt,100n03448,1517 Escaner Duplex Combo, 0dxt\/1517\/100n03448 30ppm, Blanco\/azul, Adf, Led, Cis Dual, Usb, A4, Visioneer Onetouch\" \/>\n<meta property=\"og:description\" content=\"Compra 0dxt,100n03448,1517 Escaner Duplex Combo, 0dxt\/1517\/100n03448 30ppm, Blanco\/azul, Adf, Led, Cis Dual, Usb, A4, Visioneer Onetouch + Env\u00edo a domicilio + Pago seguro + Garant\u00eda\" \/>\n<meta property=\"og:url\" content=\"https:\/\/compuviper.mx\/tienda\/producto\/xerox-0dxt100n034481517-escaner-duplex-combo-0dxt-1517-100n03448-30ppm-blanco-azul-adf-led-cis-dual-usb-a4-visioneer-onetouch\/\" \/>\n<meta property=\"og:site_name\" content=\"Compuviper\" \/>\n<meta property=\"article:publisher\" content=\"https:\/\/www.facebook.com\/compuviper\" \/>\n<meta property=\"article:modified_time\" content=\"2026-04-28T07:56:54+00:00\" \/>\n<meta property=\"og:image\" content=\"https:\/\/compuviper.mx\/tienda\/wp-content\/uploads\/2024\/09\/Escaner-xerox-duplex-combo-0dxt1517100n03448-30ppm-blancoazul-adf-led-cis-dual-usb-a4-visioneer-onetouch.jpg\" \/>\n\t<meta property=\"og:image:width\" content=\"200\" \/>\n\t<meta property=\"og:image:height\" content=\"200\" \/>\n\t<meta property=\"og:image:type\" content=\"image\/jpeg\" \/>\n<meta name=\"twitter:card\" content=\"summary_large_image\" \/>\n<meta name=\"twitter:label1\" content=\"Precio\" \/>\n\t<meta name=\"twitter:data1\" content=\"&#36;4,896 con IVA\" \/>\n\t<meta name=\"twitter:label2\" content=\"Availability\" \/>\n\t<meta name=\"twitter:data2\" content=\"In stock\" \/>\n<script type=\"application\/ld+json\" class=\"yoast-schema-graph\">{\"@context\":\"https:\/\/schema.org\",\"@graph\":[{\"@type\":\"WebPage\",\"@id\":\"https:\/\/compuviper.mx\/tienda\/producto\/xerox-0dxt100n034481517-escaner-duplex-combo-0dxt-1517-100n03448-30ppm-blanco-azul-adf-led-cis-dual-usb-a4-visioneer-onetouch\/\",\"url\":\"https:\/\/compuviper.mx\/tienda\/producto\/xerox-0dxt100n034481517-escaner-duplex-combo-0dxt-1517-100n03448-30ppm-blanco-azul-adf-led-cis-dual-usb-a4-visioneer-onetouch\/\",\"name\":\"[ Xerox ] &#129351; 0dxt,100n03448,1517 Escaner Duplex Combo, 0dxt\/1517\/100n03448 30ppm, Blanco\/azul, Adf, Led, Cis Dual, Usb, A4, Visioneer Onetouch\",\"isPartOf\":{\"@id\":\"https:\/\/compuviper.mx\/tienda\/#website\"},\"datePublished\":\"2026-04-28T07:56:53+00:00\",\"dateModified\":\"2026-04-28T07:56:54+00:00\",\"description\":\"Compra 0dxt,100n03448,1517 Escaner Duplex Combo, 0dxt\/1517\/100n03448 30ppm, Blanco\/azul, Adf, Led, Cis Dual, Usb, A4, Visioneer Onetouch + Env\u00edo a domicilio + Pago seguro + Garant\u00eda\",\"breadcrumb\":{\"@id\":\"https:\/\/compuviper.mx\/tienda\/producto\/xerox-0dxt100n034481517-escaner-duplex-combo-0dxt-1517-100n03448-30ppm-blanco-azul-adf-led-cis-dual-usb-a4-visioneer-onetouch\/#breadcrumb\"},\"inLanguage\":\"es-MX\",\"potentialAction\":[{\"@type\":\"ReadAction\",\"target\":[\"https:\/\/compuviper.mx\/tienda\/producto\/xerox-0dxt100n034481517-escaner-duplex-combo-0dxt-1517-100n03448-30ppm-blanco-azul-adf-led-cis-dual-usb-a4-visioneer-onetouch\/\"]}]},{\"@type\":\"BreadcrumbList\",\"@id\":\"https:\/\/compuviper.mx\/tienda\/producto\/xerox-0dxt100n034481517-escaner-duplex-combo-0dxt-1517-100n03448-30ppm-blanco-azul-adf-led-cis-dual-usb-a4-visioneer-onetouch\/#breadcrumb\",\"itemListElement\":[{\"@type\":\"ListItem\",\"position\":1,\"name\":\"Inicio\",\"item\":\"https:\/\/compuviper.mx\/tienda\/\"},{\"@type\":\"ListItem\",\"position\":2,\"name\":\"Productos\",\"item\":\"https:\/\/compuviper.mx\/tienda\/productos\/\"},{\"@type\":\"ListItem\",\"position\":3,\"name\":\"Scanner\",\"item\":\"https:\/\/compuviper.mx\/tienda\/categoria-producto\/scanner\/\"},{\"@type\":\"ListItem\",\"position\":4,\"name\":\"Scanner Documentos\",\"item\":\"https:\/\/compuviper.mx\/tienda\/categoria-producto\/scanner\/scanner-documentos\/\"},{\"@type\":\"ListItem\",\"position\":5,\"name\":\"Xerox 0dxt,100n03448,1517 Escaner Duplex Combo, 0dxt\/1517\/100n03448 30ppm, Blanco\/azul, Adf, Led, Cis Dual, Usb, A4, Visioneer Onetouch\"}]},{\"@type\":\"WebSite\",\"@id\":\"https:\/\/compuviper.mx\/tienda\/#website\",\"url\":\"https:\/\/compuviper.mx\/tienda\/\",\"name\":\"Compuviper\",\"description\":\"Proveedor de Computadoras, Laptops, Servidores, Monitores, Puntos de Venta, Teclados,   Impresoras, T\u00f3ner, C\u00e1maras de Seguridad y m\u00e1s en tu tienda en l\u00ednea\",\"publisher\":{\"@id\":\"https:\/\/compuviper.mx\/tienda\/#organization\"},\"potentialAction\":[{\"@type\":\"SearchAction\",\"target\":{\"@type\":\"EntryPoint\",\"urlTemplate\":\"https:\/\/compuviper.mx\/tienda\/?s={search_term_string}\"},\"query-input\":\"required name=search_term_string\"}],\"inLanguage\":\"es-MX\"},{\"@type\":\"Organization\",\"@id\":\"https:\/\/compuviper.mx\/tienda\/#organization\",\"name\":\"Compuviper\",\"url\":\"https:\/\/compuviper.mx\/tienda\/\",\"logo\":{\"@type\":\"ImageObject\",\"inLanguage\":\"es-MX\",\"@id\":\"https:\/\/compuviper.mx\/tienda\/#\/schema\/logo\/image\/\",\"url\":\"https:\/\/compuviper.mx\/tienda\/wp-content\/uploads\/2021\/08\/Logo-Compuviper-10.png\",\"contentUrl\":\"https:\/\/compuviper.mx\/tienda\/wp-content\/uploads\/2021\/08\/Logo-Compuviper-10.png\",\"width\":1000,\"height\":500,\"caption\":\"Compuviper\"},\"image\":{\"@id\":\"https:\/\/compuviper.mx\/tienda\/#\/schema\/logo\/image\/\"},\"sameAs\":[\"https:\/\/www.facebook.com\/compuviper\",\"https:\/\/www.youtube.com\/channel\/UCf73dERp9Y3cfOq7q8BhLjA?view_as=subscriber\"]}]}<\/script>\n<meta property=\"product:brand\" content=\"Xerox\" \/>\n<meta property=\"product:price:amount\" content=\"4896\" \/>\n<meta property=\"product:price:currency\" content=\"MXN\" \/>\n<meta property=\"og:availability\" content=\"instock\" \/>\n<meta property=\"product:availability\" content=\"instock\" \/>\n<meta property=\"product:retailer_item_id\" content=\"0DXT,100N03448,1517\" \/>\n<meta property=\"product:condition\" content=\"new\" \/>\n<!-- \/ Yoast SEO plugin. -->","yoast_head_json":{"title":"[ Xerox ] &#129351; 0dxt,100n03448,1517 Escaner Duplex Combo, 0dxt\/1517\/100n03448 30ppm, Blanco\/azul, Adf, Led, Cis Dual, Usb, A4, Visioneer Onetouch","description":"Compra 0dxt,100n03448,1517 Escaner Duplex Combo, 0dxt\/1517\/100n03448 30ppm, Blanco\/azul, Adf, Led, Cis Dual, Usb, A4, Visioneer Onetouch + Env\u00edo a domicilio + Pago seguro + Garant\u00eda","robots":{"index":"index","follow":"follow","max-snippet":"max-snippet:-1","max-image-preview":"max-image-preview:large","max-video-preview":"max-video-preview:-1"},"canonical":"https:\/\/compuviper.mx\/tienda\/producto\/xerox-0dxt100n034481517-escaner-duplex-combo-0dxt-1517-100n03448-30ppm-blanco-azul-adf-led-cis-dual-usb-a4-visioneer-onetouch\/","og_locale":"es_MX","og_type":"article","og_title":"[ Xerox ] &#129351; 0dxt,100n03448,1517 Escaner Duplex Combo, 0dxt\/1517\/100n03448 30ppm, Blanco\/azul, Adf, Led, Cis Dual, Usb, A4, Visioneer Onetouch","og_description":"Compra 0dxt,100n03448,1517 Escaner Duplex Combo, 0dxt\/1517\/100n03448 30ppm, Blanco\/azul, Adf, Led, Cis Dual, Usb, A4, Visioneer Onetouch + Env\u00edo a domicilio + Pago seguro + Garant\u00eda","og_url":"https:\/\/compuviper.mx\/tienda\/producto\/xerox-0dxt100n034481517-escaner-duplex-combo-0dxt-1517-100n03448-30ppm-blanco-azul-adf-led-cis-dual-usb-a4-visioneer-onetouch\/","og_site_name":"Compuviper","article_publisher":"https:\/\/www.facebook.com\/compuviper","article_modified_time":"2026-04-28T07:56:54+00:00","og_image":[{"width":200,"height":200,"url":"https:\/\/compuviper.mx\/tienda\/wp-content\/uploads\/2024\/09\/Escaner-xerox-duplex-combo-0dxt1517100n03448-30ppm-blancoazul-adf-led-cis-dual-usb-a4-visioneer-onetouch.jpg","type":"image\/jpeg"}],"twitter_card":"summary_large_image","twitter_misc":{"Precio":"&#36;4,896 con IVA","Availability":"In stock"},"schema":{"@context":"https:\/\/schema.org","@graph":[{"@type":"WebPage","@id":"https:\/\/compuviper.mx\/tienda\/producto\/xerox-0dxt100n034481517-escaner-duplex-combo-0dxt-1517-100n03448-30ppm-blanco-azul-adf-led-cis-dual-usb-a4-visioneer-onetouch\/","url":"https:\/\/compuviper.mx\/tienda\/producto\/xerox-0dxt100n034481517-escaner-duplex-combo-0dxt-1517-100n03448-30ppm-blanco-azul-adf-led-cis-dual-usb-a4-visioneer-onetouch\/","name":"[ Xerox ] &#129351; 0dxt,100n03448,1517 Escaner Duplex Combo, 0dxt\/1517\/100n03448 30ppm, Blanco\/azul, Adf, Led, Cis Dual, Usb, A4, Visioneer Onetouch","isPartOf":{"@id":"https:\/\/compuviper.mx\/tienda\/#website"},"datePublished":"2026-04-28T07:56:53+00:00","dateModified":"2026-04-28T07:56:54+00:00","description":"Compra 0dxt,100n03448,1517 Escaner Duplex Combo, 0dxt\/1517\/100n03448 30ppm, Blanco\/azul, Adf, Led, Cis Dual, Usb, A4, Visioneer Onetouch + Env\u00edo a domicilio + Pago seguro + Garant\u00eda","breadcrumb":{"@id":"https:\/\/compuviper.mx\/tienda\/producto\/xerox-0dxt100n034481517-escaner-duplex-combo-0dxt-1517-100n03448-30ppm-blanco-azul-adf-led-cis-dual-usb-a4-visioneer-onetouch\/#breadcrumb"},"inLanguage":"es-MX","potentialAction":[{"@type":"ReadAction","target":["https:\/\/compuviper.mx\/tienda\/producto\/xerox-0dxt100n034481517-escaner-duplex-combo-0dxt-1517-100n03448-30ppm-blanco-azul-adf-led-cis-dual-usb-a4-visioneer-onetouch\/"]}]},{"@type":"BreadcrumbList","@id":"https:\/\/compuviper.mx\/tienda\/producto\/xerox-0dxt100n034481517-escaner-duplex-combo-0dxt-1517-100n03448-30ppm-blanco-azul-adf-led-cis-dual-usb-a4-visioneer-onetouch\/#breadcrumb","itemListElement":[{"@type":"ListItem","position":1,"name":"Inicio","item":"https:\/\/compuviper.mx\/tienda\/"},{"@type":"ListItem","position":2,"name":"Productos","item":"https:\/\/compuviper.mx\/tienda\/productos\/"},{"@type":"ListItem","position":3,"name":"Scanner","item":"https:\/\/compuviper.mx\/tienda\/categoria-producto\/scanner\/"},{"@type":"ListItem","position":4,"name":"Scanner Documentos","item":"https:\/\/compuviper.mx\/tienda\/categoria-producto\/scanner\/scanner-documentos\/"},{"@type":"ListItem","position":5,"name":"Xerox 0dxt,100n03448,1517 Escaner Duplex Combo, 0dxt\/1517\/100n03448 30ppm, Blanco\/azul, Adf, Led, Cis Dual, Usb, A4, Visioneer Onetouch"}]},{"@type":"WebSite","@id":"https:\/\/compuviper.mx\/tienda\/#website","url":"https:\/\/compuviper.mx\/tienda\/","name":"Compuviper","description":"Proveedor de Computadoras, Laptops, Servidores, Monitores, Puntos de Venta, Teclados,   Impresoras, T\u00f3ner, C\u00e1maras de Seguridad y m\u00e1s en tu tienda en l\u00ednea","publisher":{"@id":"https:\/\/compuviper.mx\/tienda\/#organization"},"potentialAction":[{"@type":"SearchAction","target":{"@type":"EntryPoint","urlTemplate":"https:\/\/compuviper.mx\/tienda\/?s={search_term_string}"},"query-input":"required name=search_term_string"}],"inLanguage":"es-MX"},{"@type":"Organization","@id":"https:\/\/compuviper.mx\/tienda\/#organization","name":"Compuviper","url":"https:\/\/compuviper.mx\/tienda\/","logo":{"@type":"ImageObject","inLanguage":"es-MX","@id":"https:\/\/compuviper.mx\/tienda\/#\/schema\/logo\/image\/","url":"https:\/\/compuviper.mx\/tienda\/wp-content\/uploads\/2021\/08\/Logo-Compuviper-10.png","contentUrl":"https:\/\/compuviper.mx\/tienda\/wp-content\/uploads\/2021\/08\/Logo-Compuviper-10.png","width":1000,"height":500,"caption":"Compuviper"},"image":{"@id":"https:\/\/compuviper.mx\/tienda\/#\/schema\/logo\/image\/"},"sameAs":["https:\/\/www.facebook.com\/compuviper","https:\/\/www.youtube.com\/channel\/UCf73dERp9Y3cfOq7q8BhLjA?view_as=subscriber"]}]},"product_brand":"Xerox","product_price_amount":"4896","product_price_currency":"MXN","og_availability":"instock","product_availability":"instock","product_retailer_item_id":"0DXT,100N03448,1517","product_condition":"new"},"_links":{"self":[{"href":"https:\/\/compuviper.mx\/tienda\/wp-json\/wp\/v2\/product\/239666"}],"collection":[{"href":"https:\/\/compuviper.mx\/tienda\/wp-json\/wp\/v2\/product"}],"about":[{"href":"https:\/\/compuviper.mx\/tienda\/wp-json\/wp\/v2\/types\/product"}],"replies":[{"embeddable":true,"href":"https:\/\/compuviper.mx\/tienda\/wp-json\/wp\/v2\/comments?post=239666"}],"wp:featuredmedia":[{"embeddable":true,"href":"https:\/\/compuviper.mx\/tienda\/wp-json\/wp\/v2\/media\/243410"}],"wp:attachment":[{"href":"https:\/\/compuviper.mx\/tienda\/wp-json\/wp\/v2\/media?parent=239666"}],"wp:term":[{"taxonomy":"product_cat","embeddable":true,"href":"https:\/\/compuviper.mx\/tienda\/wp-json\/wp\/v2\/product_cat?post=239666"},{"taxonomy":"product_tag","embeddable":true,"href":"https:\/\/compuviper.mx\/tienda\/wp-json\/wp\/v2\/product_tag?post=239666"}],"curies":[{"name":"wp","href":"https:\/\/api.w.org\/{rel}","templated":true}]}}