{"id":239665,"date":"2026-04-28T01:56:53","date_gmt":"2026-04-28T07:56:53","guid":{"rendered":"https:\/\/compuviper.mx\/tienda\/producto\/xerox-d70n-escaner-90ppm-automatico-duplex-adf-led-cis-usd-ethernet-red-departamental\/"},"modified":"2026-04-28T01:56:53","modified_gmt":"2026-04-28T07:56:53","slug":"xerox-100n03676d70n-escaner-d70n-100n03676-90ppm-automatico-duplex-adf-led-cis-usd-ethernet-red-departamental","status":"publish","type":"product","link":"https:\/\/compuviper.mx\/tienda\/producto\/xerox-100n03676d70n-escaner-d70n-100n03676-90ppm-automatico-duplex-adf-led-cis-usd-ethernet-red-departamental\/","title":{"rendered":"Xerox 100n03676,d70n Escaner  D70n\/100n03676, 90ppm, Automatico Duplex, Adf, Led, Cis, Usd, Ethernet Red, Departamental"},"content":{"rendered":"<table class=\"descripcion\">\n<tr>\n<td>El escaner xeroxd70n esta dise\u00f1ado para entornos de departamentos\/grupos de trabajo modernos. construido sobre una plataforma electronica y de hardware comprobada, el xeroxd70n es un dispositivo de escaneo optimizado y dedicado que puede admitir hasta cinco conexiones simultaneas a pc a traves de ethernet. tambien puede ser utilizado por software basado en pc como cualquier otro escaner basado en twain.<\/td>\n<\/tr>\n<tr>\n<td>Velocidades de hasta 90 ppm\/180 ipm a 200 y 300 ppp. bandeja aad de 100 hojas, recorrido ancho del papel. ciclo de trabajo diario de 15.000 hojas. conectividad usb o gigabit ethernet a pc. procesamiento de imagenes a bordo. motor dual, tecnologia de rodillos reversibles. plataforma de software inteligente visioneer. tecnologia visioneer vast network con twain direct. conductor certificado kofax.<\/td>\n<\/tr>\n<\/table>\n","protected":false},"excerpt":{"rendered":"<p>\u00bf ciclo de: 15000 paginas\/dia. \u00bf mejora de la imagen desarrollado: visioneer acuity. \u00bf peso: 4.5 kg. \u00bf interfaz: usb 3.1 gen.1, gigabit ethernet. \u00bf resolucion optica: 600 dpi. \u00bf capacidad de adf: 100 hojas (80 g\/m2 papel. \u00bf visioneer onetouch tecnologia: si. \u00bf dimensiones: 316 x 191 x 188 (ancho x profundidad x altura. \u00bf fuente de luz: led encendido instantaneo. \u00bf profundidad de bits de salida: color de 24 bits, escala de grises de 8 bits, blanco y negro de 1 bit. \u00bf tama\u00f1o maximo de papel: 241 x 6096 mm. \u00bf controlador: twain, isis, wia. \u00bf sistemas operativos compatibles: windows 11, 10, 8, 7. \u00bf sensor de imagen: cis dual (delantero y trasero. \u00bf rango de grosor del papel del adf: 27 &#8211; 413 g\/m2. \u00bf color de fondo: gris. \u00bf tama\u00f1o minimo de los documentos: 51 x 51 mm. \u00bf velocidad a 300 ppp: up to 90 ppm \/ 180 ipm (escala de grises, b and n) 75 ppm \/ 150 ipm (color. \u00bf velocidad a 200 ppp: up to 90 ppm \/ 180 ipm (escala de grises, b and n) 75 ppm \/ 150 ipm (color)<\/p>\n","protected":false},"featured_media":243409,"comment_status":"open","ping_status":"open","template":"","meta":[],"product_cat":[1805,1807],"product_tag":[2109],"acf":[],"yoast_head":"<!-- This site is optimized with the Yoast SEO plugin v21.7 - https:\/\/yoast.com\/wordpress\/plugins\/seo\/ -->\n<title>[ Xerox ] &#129351; 100n03676,d70n Escaner D70n\/100n03676, 90ppm, Automatico Duplex, Adf, Led, Cis, Usd, Ethernet Red, Departamental<\/title>\n<meta name=\"description\" content=\"Compra 100n03676,d70n Escaner D70n\/100n03676, 90ppm, Automatico Duplex, Adf, Led, Cis, Usd, Ethernet Red, Departamental + Env\u00edo a domicilio + Pago seguro + Garant\u00eda\" \/>\n<meta name=\"robots\" content=\"index, follow, max-snippet:-1, max-image-preview:large, max-video-preview:-1\" \/>\n<link rel=\"canonical\" href=\"https:\/\/compuviper.mx\/tienda\/producto\/xerox-100n03676d70n-escaner-d70n-100n03676-90ppm-automatico-duplex-adf-led-cis-usd-ethernet-red-departamental\/\" \/>\n<meta property=\"og:locale\" content=\"es_MX\" \/>\n<meta property=\"og:type\" content=\"article\" \/>\n<meta property=\"og:title\" content=\"[ Xerox ] &#129351; 100n03676,d70n Escaner D70n\/100n03676, 90ppm, Automatico Duplex, Adf, Led, Cis, Usd, Ethernet Red, Departamental\" \/>\n<meta property=\"og:description\" content=\"Compra 100n03676,d70n Escaner D70n\/100n03676, 90ppm, Automatico Duplex, Adf, Led, Cis, Usd, Ethernet Red, Departamental + Env\u00edo a domicilio + Pago seguro + Garant\u00eda\" \/>\n<meta property=\"og:url\" content=\"https:\/\/compuviper.mx\/tienda\/producto\/xerox-100n03676d70n-escaner-d70n-100n03676-90ppm-automatico-duplex-adf-led-cis-usd-ethernet-red-departamental\/\" \/>\n<meta property=\"og:site_name\" content=\"Compuviper\" \/>\n<meta property=\"article:publisher\" content=\"https:\/\/www.facebook.com\/compuviper\" \/>\n<meta property=\"og:image\" content=\"https:\/\/compuviper.mx\/tienda\/wp-content\/uploads\/2024\/09\/Escaner-xerox-d70n100n03676-90ppm-automatico-duplex-adf-led-cis-usd-ethernet-red-departamental.jpg\" \/>\n\t<meta property=\"og:image:width\" content=\"200\" \/>\n\t<meta property=\"og:image:height\" content=\"200\" \/>\n\t<meta property=\"og:image:type\" content=\"image\/jpeg\" \/>\n<meta name=\"twitter:card\" content=\"summary_large_image\" \/>\n<meta name=\"twitter:label1\" content=\"Precio\" \/>\n\t<meta name=\"twitter:data1\" content=\"&#36;20,867 con IVA\" \/>\n\t<meta name=\"twitter:label2\" content=\"Availability\" \/>\n\t<meta name=\"twitter:data2\" content=\"In stock\" \/>\n<script type=\"application\/ld+json\" class=\"yoast-schema-graph\">{\"@context\":\"https:\/\/schema.org\",\"@graph\":[{\"@type\":\"WebPage\",\"@id\":\"https:\/\/compuviper.mx\/tienda\/producto\/xerox-100n03676d70n-escaner-d70n-100n03676-90ppm-automatico-duplex-adf-led-cis-usd-ethernet-red-departamental\/\",\"url\":\"https:\/\/compuviper.mx\/tienda\/producto\/xerox-100n03676d70n-escaner-d70n-100n03676-90ppm-automatico-duplex-adf-led-cis-usd-ethernet-red-departamental\/\",\"name\":\"[ Xerox ] &#129351; 100n03676,d70n Escaner D70n\/100n03676, 90ppm, Automatico Duplex, Adf, Led, Cis, Usd, Ethernet Red, Departamental\",\"isPartOf\":{\"@id\":\"https:\/\/compuviper.mx\/tienda\/#website\"},\"datePublished\":\"2026-04-28T07:56:53+00:00\",\"dateModified\":\"2026-04-28T07:56:53+00:00\",\"description\":\"Compra 100n03676,d70n Escaner D70n\/100n03676, 90ppm, Automatico Duplex, Adf, Led, Cis, Usd, Ethernet Red, Departamental + Env\u00edo a domicilio + Pago seguro + Garant\u00eda\",\"breadcrumb\":{\"@id\":\"https:\/\/compuviper.mx\/tienda\/producto\/xerox-100n03676d70n-escaner-d70n-100n03676-90ppm-automatico-duplex-adf-led-cis-usd-ethernet-red-departamental\/#breadcrumb\"},\"inLanguage\":\"es-MX\",\"potentialAction\":[{\"@type\":\"ReadAction\",\"target\":[\"https:\/\/compuviper.mx\/tienda\/producto\/xerox-100n03676d70n-escaner-d70n-100n03676-90ppm-automatico-duplex-adf-led-cis-usd-ethernet-red-departamental\/\"]}]},{\"@type\":\"BreadcrumbList\",\"@id\":\"https:\/\/compuviper.mx\/tienda\/producto\/xerox-100n03676d70n-escaner-d70n-100n03676-90ppm-automatico-duplex-adf-led-cis-usd-ethernet-red-departamental\/#breadcrumb\",\"itemListElement\":[{\"@type\":\"ListItem\",\"position\":1,\"name\":\"Inicio\",\"item\":\"https:\/\/compuviper.mx\/tienda\/\"},{\"@type\":\"ListItem\",\"position\":2,\"name\":\"Productos\",\"item\":\"https:\/\/compuviper.mx\/tienda\/productos\/\"},{\"@type\":\"ListItem\",\"position\":3,\"name\":\"Scanner\",\"item\":\"https:\/\/compuviper.mx\/tienda\/categoria-producto\/scanner\/\"},{\"@type\":\"ListItem\",\"position\":4,\"name\":\"Scanner Documentos\",\"item\":\"https:\/\/compuviper.mx\/tienda\/categoria-producto\/scanner\/scanner-documentos\/\"},{\"@type\":\"ListItem\",\"position\":5,\"name\":\"Xerox 100n03676,d70n Escaner D70n\/100n03676, 90ppm, Automatico Duplex, Adf, Led, Cis, Usd, Ethernet Red, Departamental\"}]},{\"@type\":\"WebSite\",\"@id\":\"https:\/\/compuviper.mx\/tienda\/#website\",\"url\":\"https:\/\/compuviper.mx\/tienda\/\",\"name\":\"Compuviper\",\"description\":\"Proveedor de Computadoras, Laptops, Servidores, Monitores, Puntos de Venta, Teclados,   Impresoras, T\u00f3ner, C\u00e1maras de Seguridad y m\u00e1s en tu tienda en l\u00ednea\",\"publisher\":{\"@id\":\"https:\/\/compuviper.mx\/tienda\/#organization\"},\"potentialAction\":[{\"@type\":\"SearchAction\",\"target\":{\"@type\":\"EntryPoint\",\"urlTemplate\":\"https:\/\/compuviper.mx\/tienda\/?s={search_term_string}\"},\"query-input\":\"required name=search_term_string\"}],\"inLanguage\":\"es-MX\"},{\"@type\":\"Organization\",\"@id\":\"https:\/\/compuviper.mx\/tienda\/#organization\",\"name\":\"Compuviper\",\"url\":\"https:\/\/compuviper.mx\/tienda\/\",\"logo\":{\"@type\":\"ImageObject\",\"inLanguage\":\"es-MX\",\"@id\":\"https:\/\/compuviper.mx\/tienda\/#\/schema\/logo\/image\/\",\"url\":\"https:\/\/compuviper.mx\/tienda\/wp-content\/uploads\/2021\/08\/Logo-Compuviper-10.png\",\"contentUrl\":\"https:\/\/compuviper.mx\/tienda\/wp-content\/uploads\/2021\/08\/Logo-Compuviper-10.png\",\"width\":1000,\"height\":500,\"caption\":\"Compuviper\"},\"image\":{\"@id\":\"https:\/\/compuviper.mx\/tienda\/#\/schema\/logo\/image\/\"},\"sameAs\":[\"https:\/\/www.facebook.com\/compuviper\",\"https:\/\/www.youtube.com\/channel\/UCf73dERp9Y3cfOq7q8BhLjA?view_as=subscriber\"]}]}<\/script>\n<meta property=\"product:brand\" content=\"Xerox\" \/>\n<meta property=\"product:price:amount\" content=\"20867\" \/>\n<meta property=\"product:price:currency\" content=\"MXN\" \/>\n<meta property=\"og:availability\" content=\"instock\" \/>\n<meta property=\"product:availability\" content=\"instock\" \/>\n<meta property=\"product:retailer_item_id\" content=\"100N03676,D70N\" \/>\n<meta property=\"product:condition\" content=\"new\" \/>\n<!-- \/ Yoast SEO plugin. -->","yoast_head_json":{"title":"[ Xerox ] &#129351; 100n03676,d70n Escaner D70n\/100n03676, 90ppm, Automatico Duplex, Adf, Led, Cis, Usd, Ethernet Red, Departamental","description":"Compra 100n03676,d70n Escaner D70n\/100n03676, 90ppm, Automatico Duplex, Adf, Led, Cis, Usd, Ethernet Red, Departamental + Env\u00edo a domicilio + Pago seguro + Garant\u00eda","robots":{"index":"index","follow":"follow","max-snippet":"max-snippet:-1","max-image-preview":"max-image-preview:large","max-video-preview":"max-video-preview:-1"},"canonical":"https:\/\/compuviper.mx\/tienda\/producto\/xerox-100n03676d70n-escaner-d70n-100n03676-90ppm-automatico-duplex-adf-led-cis-usd-ethernet-red-departamental\/","og_locale":"es_MX","og_type":"article","og_title":"[ Xerox ] &#129351; 100n03676,d70n Escaner D70n\/100n03676, 90ppm, Automatico Duplex, Adf, Led, Cis, Usd, Ethernet Red, Departamental","og_description":"Compra 100n03676,d70n Escaner D70n\/100n03676, 90ppm, Automatico Duplex, Adf, Led, Cis, Usd, Ethernet Red, Departamental + Env\u00edo a domicilio + Pago seguro + Garant\u00eda","og_url":"https:\/\/compuviper.mx\/tienda\/producto\/xerox-100n03676d70n-escaner-d70n-100n03676-90ppm-automatico-duplex-adf-led-cis-usd-ethernet-red-departamental\/","og_site_name":"Compuviper","article_publisher":"https:\/\/www.facebook.com\/compuviper","og_image":[{"width":200,"height":200,"url":"https:\/\/compuviper.mx\/tienda\/wp-content\/uploads\/2024\/09\/Escaner-xerox-d70n100n03676-90ppm-automatico-duplex-adf-led-cis-usd-ethernet-red-departamental.jpg","type":"image\/jpeg"}],"twitter_card":"summary_large_image","twitter_misc":{"Precio":"&#36;20,867 con IVA","Availability":"In stock"},"schema":{"@context":"https:\/\/schema.org","@graph":[{"@type":"WebPage","@id":"https:\/\/compuviper.mx\/tienda\/producto\/xerox-100n03676d70n-escaner-d70n-100n03676-90ppm-automatico-duplex-adf-led-cis-usd-ethernet-red-departamental\/","url":"https:\/\/compuviper.mx\/tienda\/producto\/xerox-100n03676d70n-escaner-d70n-100n03676-90ppm-automatico-duplex-adf-led-cis-usd-ethernet-red-departamental\/","name":"[ Xerox ] &#129351; 100n03676,d70n Escaner D70n\/100n03676, 90ppm, Automatico Duplex, Adf, Led, Cis, Usd, Ethernet Red, Departamental","isPartOf":{"@id":"https:\/\/compuviper.mx\/tienda\/#website"},"datePublished":"2026-04-28T07:56:53+00:00","dateModified":"2026-04-28T07:56:53+00:00","description":"Compra 100n03676,d70n Escaner D70n\/100n03676, 90ppm, Automatico Duplex, Adf, Led, Cis, Usd, Ethernet Red, Departamental + Env\u00edo a domicilio + Pago seguro + Garant\u00eda","breadcrumb":{"@id":"https:\/\/compuviper.mx\/tienda\/producto\/xerox-100n03676d70n-escaner-d70n-100n03676-90ppm-automatico-duplex-adf-led-cis-usd-ethernet-red-departamental\/#breadcrumb"},"inLanguage":"es-MX","potentialAction":[{"@type":"ReadAction","target":["https:\/\/compuviper.mx\/tienda\/producto\/xerox-100n03676d70n-escaner-d70n-100n03676-90ppm-automatico-duplex-adf-led-cis-usd-ethernet-red-departamental\/"]}]},{"@type":"BreadcrumbList","@id":"https:\/\/compuviper.mx\/tienda\/producto\/xerox-100n03676d70n-escaner-d70n-100n03676-90ppm-automatico-duplex-adf-led-cis-usd-ethernet-red-departamental\/#breadcrumb","itemListElement":[{"@type":"ListItem","position":1,"name":"Inicio","item":"https:\/\/compuviper.mx\/tienda\/"},{"@type":"ListItem","position":2,"name":"Productos","item":"https:\/\/compuviper.mx\/tienda\/productos\/"},{"@type":"ListItem","position":3,"name":"Scanner","item":"https:\/\/compuviper.mx\/tienda\/categoria-producto\/scanner\/"},{"@type":"ListItem","position":4,"name":"Scanner Documentos","item":"https:\/\/compuviper.mx\/tienda\/categoria-producto\/scanner\/scanner-documentos\/"},{"@type":"ListItem","position":5,"name":"Xerox 100n03676,d70n Escaner D70n\/100n03676, 90ppm, Automatico Duplex, Adf, Led, Cis, Usd, Ethernet Red, Departamental"}]},{"@type":"WebSite","@id":"https:\/\/compuviper.mx\/tienda\/#website","url":"https:\/\/compuviper.mx\/tienda\/","name":"Compuviper","description":"Proveedor de Computadoras, Laptops, Servidores, Monitores, Puntos de Venta, Teclados,   Impresoras, T\u00f3ner, C\u00e1maras de Seguridad y m\u00e1s en tu tienda en l\u00ednea","publisher":{"@id":"https:\/\/compuviper.mx\/tienda\/#organization"},"potentialAction":[{"@type":"SearchAction","target":{"@type":"EntryPoint","urlTemplate":"https:\/\/compuviper.mx\/tienda\/?s={search_term_string}"},"query-input":"required name=search_term_string"}],"inLanguage":"es-MX"},{"@type":"Organization","@id":"https:\/\/compuviper.mx\/tienda\/#organization","name":"Compuviper","url":"https:\/\/compuviper.mx\/tienda\/","logo":{"@type":"ImageObject","inLanguage":"es-MX","@id":"https:\/\/compuviper.mx\/tienda\/#\/schema\/logo\/image\/","url":"https:\/\/compuviper.mx\/tienda\/wp-content\/uploads\/2021\/08\/Logo-Compuviper-10.png","contentUrl":"https:\/\/compuviper.mx\/tienda\/wp-content\/uploads\/2021\/08\/Logo-Compuviper-10.png","width":1000,"height":500,"caption":"Compuviper"},"image":{"@id":"https:\/\/compuviper.mx\/tienda\/#\/schema\/logo\/image\/"},"sameAs":["https:\/\/www.facebook.com\/compuviper","https:\/\/www.youtube.com\/channel\/UCf73dERp9Y3cfOq7q8BhLjA?view_as=subscriber"]}]},"product_brand":"Xerox","product_price_amount":"20867","product_price_currency":"MXN","og_availability":"instock","product_availability":"instock","product_retailer_item_id":"100N03676,D70N","product_condition":"new"},"_links":{"self":[{"href":"https:\/\/compuviper.mx\/tienda\/wp-json\/wp\/v2\/product\/239665"}],"collection":[{"href":"https:\/\/compuviper.mx\/tienda\/wp-json\/wp\/v2\/product"}],"about":[{"href":"https:\/\/compuviper.mx\/tienda\/wp-json\/wp\/v2\/types\/product"}],"replies":[{"embeddable":true,"href":"https:\/\/compuviper.mx\/tienda\/wp-json\/wp\/v2\/comments?post=239665"}],"wp:featuredmedia":[{"embeddable":true,"href":"https:\/\/compuviper.mx\/tienda\/wp-json\/wp\/v2\/media\/243409"}],"wp:attachment":[{"href":"https:\/\/compuviper.mx\/tienda\/wp-json\/wp\/v2\/media?parent=239665"}],"wp:term":[{"taxonomy":"product_cat","embeddable":true,"href":"https:\/\/compuviper.mx\/tienda\/wp-json\/wp\/v2\/product_cat?post=239665"},{"taxonomy":"product_tag","embeddable":true,"href":"https:\/\/compuviper.mx\/tienda\/wp-json\/wp\/v2\/product_tag?post=239665"}],"curies":[{"name":"wp","href":"https:\/\/api.w.org\/{rel}","templated":true}]}}