{"id":239663,"date":"2026-04-02T01:59:44","date_gmt":"2026-04-02T07:59:44","guid":{"rendered":"https:\/\/compuviper.mx\/tienda\/producto\/xerox-d35-escaner-documate-45ppm-blanco-adf-cis-dual-led-usb\/"},"modified":"2026-04-03T00:00:33","modified_gmt":"2026-04-03T06:00:33","slug":"xerox-100n03729d32-escaner-documate-d35-100n03729-45ppm-blanco-adf-cis-dual-led-usb","status":"publish","type":"product","link":"https:\/\/compuviper.mx\/tienda\/producto\/xerox-100n03729d32-escaner-documate-d35-100n03729-45ppm-blanco-adf-cis-dual-led-usb\/","title":{"rendered":"Xerox 100n03729,d32 Escaner  Documate D35\/100n03729, 45ppm, Blanco, Adf, Cis Dual, Led, Usb"},"content":{"rendered":"<table class=\"descripcion\">\n<tr>\n<td>\u00bf ciclo de: 8000 paginas\/dia<\/td>\n<\/tr>\n<tr>\n<td>\u00bf adf tama\u00f1o minimo de papel: 2 x 2 (51 x 51) in \/ mm<\/td>\n<\/tr>\n<tr>\n<td>\u00bf mejora de la imagen desarrollado: visioneer acuity<\/td>\n<\/tr>\n<tr>\n<td>\u00bf sensor de imagen: cis dual (delantero y trasero)<\/td>\n<\/tr>\n<tr>\n<td>\u00bf dimensiones: 11.2 x 18.5 x 12.8 in (285 x 470 x 325 mm) (ancho x profundidad x altura)<\/td>\n<\/tr>\n<tr>\n<td>\u00bf fuente de luz: led encendido instantaneo<\/td>\n<\/tr>\n<tr>\n<td>\u00bf peso: 2.31 kg<\/td>\n<\/tr>\n<tr>\n<td>\u00bf adf tama\u00f1o maximo de papel: 8.5 x 236 (216 x 5994) in \/ mm<\/td>\n<\/tr>\n<tr>\n<td>\u00bf velocidad a 200 ppp: 45 ppm\/90 ipm en blanco y negro, escala de grises o color<\/td>\n<\/tr>\n<tr>\n<td>\u00bf velocidad a 300 ppp: 45 ppm \/ 90 ipm en blanco y negro, escala de grises; 35 ppm\/70 ipm color<\/td>\n<\/tr>\n<tr>\n<td>\u00bf profundidad de bits de salida: color de 24 bits, escala de grises de 8 bits, blanco y negro de 1 bit<\/td>\n<\/tr>\n<tr>\n<td>\u00bf color de fondo: negro<\/td>\n<\/tr>\n<tr>\n<td>\u00bf interfaz: usb 2.0 de alta velocidad<\/td>\n<\/tr>\n<tr>\n<td>\u00bf metodo de escaneo: alimentador automatico de documentos a dos caras<\/td>\n<\/tr>\n<tr>\n<td>\u00bf resolucion optica: 600 dpi<\/td>\n<\/tr>\n<tr>\n<td>\u00bf capacidad de adf: 50 hojas (80 g\/m2 papel)<\/td>\n<\/tr>\n<tr>\n<td>\u00bf sistemas operativos compatibles: windows 11, 10, 7; macos 11-14; linux<\/td>\n<\/tr>\n<tr>\n<td>\u00bf rango de grosor del papel del adf: 50 ~ 413 g\/m2<\/td>\n<\/tr>\n<\/table>\n","protected":false},"excerpt":{"rendered":"<p>Velocidades de hasta 45 ppm \/ 90 ipm a 200 o 300 ppp. Bandeja adf de 50 hojas con deteccion ultrasonica de doble alimentacion. Ciclo de trabajo diario de 8.000 hojas. Uso compartido de red a traves de visioneer vast network. Plataforma de software inteligente visioneer. El dise\u00f1o plegable ahorra espacio en el escritorio. Controlador de software certificado isis. El nuevo escaner xerox d35 reune las velocidades de escaneo mas altas en su categoria, manejo confiable del papel y varias aplicaciones de software para elegir para que pueda elegir la herramienta adecuada para el trabajo. Con velocidades de escaneo de hasta 45 paginas por minuto (90 imagenes por minuto en modo duplex), los trabajos largos se manejan rapidamente, lo que ahorra tiempo, lo que es especialmente importante cuando los clientes o colegas esperan el escaneo.<\/p>\n","protected":false},"featured_media":243407,"comment_status":"open","ping_status":"open","template":"","meta":[],"product_cat":[1805,1807],"product_tag":[2109],"acf":[],"yoast_head":"<!-- This site is optimized with the Yoast SEO plugin v21.7 - https:\/\/yoast.com\/wordpress\/plugins\/seo\/ -->\n<title>[ Xerox ] &#129351; 100n03729,d32 Escaner Documate D35\/100n03729, 45ppm, Blanco, Adf, Cis Dual, Led, Usb<\/title>\n<meta name=\"description\" content=\"Compra 100n03729,d32 Escaner Documate D35\/100n03729, 45ppm, Blanco, Adf, Cis Dual, Led, Usb + Env\u00edo a domicilio + Pago seguro + Garant\u00eda\" \/>\n<meta name=\"robots\" content=\"index, follow, max-snippet:-1, max-image-preview:large, max-video-preview:-1\" \/>\n<link rel=\"canonical\" href=\"https:\/\/compuviper.mx\/tienda\/producto\/xerox-100n03729d32-escaner-documate-d35-100n03729-45ppm-blanco-adf-cis-dual-led-usb\/\" \/>\n<meta property=\"og:locale\" content=\"es_MX\" \/>\n<meta property=\"og:type\" content=\"article\" \/>\n<meta property=\"og:title\" content=\"[ Xerox ] &#129351; 100n03729,d32 Escaner Documate D35\/100n03729, 45ppm, Blanco, Adf, Cis Dual, Led, Usb\" \/>\n<meta property=\"og:description\" content=\"Compra 100n03729,d32 Escaner Documate D35\/100n03729, 45ppm, Blanco, Adf, Cis Dual, Led, Usb + Env\u00edo a domicilio + Pago seguro + Garant\u00eda\" \/>\n<meta property=\"og:url\" content=\"https:\/\/compuviper.mx\/tienda\/producto\/xerox-100n03729d32-escaner-documate-d35-100n03729-45ppm-blanco-adf-cis-dual-led-usb\/\" \/>\n<meta property=\"og:site_name\" content=\"Compuviper\" \/>\n<meta property=\"article:publisher\" content=\"https:\/\/www.facebook.com\/compuviper\" \/>\n<meta property=\"article:modified_time\" content=\"2026-04-03T06:00:33+00:00\" \/>\n<meta property=\"og:image\" content=\"https:\/\/compuviper.mx\/tienda\/wp-content\/uploads\/2024\/09\/Escaner-xerox-documate-d35100n03729-45ppm-blanco-adf-cis-dual-led-usb.jpg\" \/>\n\t<meta property=\"og:image:width\" content=\"200\" \/>\n\t<meta property=\"og:image:height\" content=\"200\" \/>\n\t<meta property=\"og:image:type\" content=\"image\/jpeg\" \/>\n<meta name=\"twitter:card\" content=\"summary_large_image\" \/>\n<meta name=\"twitter:label1\" content=\"Precio\" \/>\n\t<meta name=\"twitter:data1\" content=\"&#36;5,975 con IVA\" \/>\n\t<meta name=\"twitter:label2\" content=\"Availability\" \/>\n\t<meta name=\"twitter:data2\" content=\"Out of stock\" \/>\n<script type=\"application\/ld+json\" class=\"yoast-schema-graph\">{\"@context\":\"https:\/\/schema.org\",\"@graph\":[{\"@type\":\"WebPage\",\"@id\":\"https:\/\/compuviper.mx\/tienda\/producto\/xerox-100n03729d32-escaner-documate-d35-100n03729-45ppm-blanco-adf-cis-dual-led-usb\/\",\"url\":\"https:\/\/compuviper.mx\/tienda\/producto\/xerox-100n03729d32-escaner-documate-d35-100n03729-45ppm-blanco-adf-cis-dual-led-usb\/\",\"name\":\"[ Xerox ] &#129351; 100n03729,d32 Escaner Documate D35\/100n03729, 45ppm, Blanco, Adf, Cis Dual, Led, Usb\",\"isPartOf\":{\"@id\":\"https:\/\/compuviper.mx\/tienda\/#website\"},\"datePublished\":\"2026-04-02T07:59:44+00:00\",\"dateModified\":\"2026-04-03T06:00:33+00:00\",\"description\":\"Compra 100n03729,d32 Escaner Documate D35\/100n03729, 45ppm, Blanco, Adf, Cis Dual, Led, Usb + Env\u00edo a domicilio + Pago seguro + Garant\u00eda\",\"breadcrumb\":{\"@id\":\"https:\/\/compuviper.mx\/tienda\/producto\/xerox-100n03729d32-escaner-documate-d35-100n03729-45ppm-blanco-adf-cis-dual-led-usb\/#breadcrumb\"},\"inLanguage\":\"es-MX\",\"potentialAction\":[{\"@type\":\"ReadAction\",\"target\":[\"https:\/\/compuviper.mx\/tienda\/producto\/xerox-100n03729d32-escaner-documate-d35-100n03729-45ppm-blanco-adf-cis-dual-led-usb\/\"]}]},{\"@type\":\"BreadcrumbList\",\"@id\":\"https:\/\/compuviper.mx\/tienda\/producto\/xerox-100n03729d32-escaner-documate-d35-100n03729-45ppm-blanco-adf-cis-dual-led-usb\/#breadcrumb\",\"itemListElement\":[{\"@type\":\"ListItem\",\"position\":1,\"name\":\"Inicio\",\"item\":\"https:\/\/compuviper.mx\/tienda\/\"},{\"@type\":\"ListItem\",\"position\":2,\"name\":\"Productos\",\"item\":\"https:\/\/compuviper.mx\/tienda\/productos\/\"},{\"@type\":\"ListItem\",\"position\":3,\"name\":\"Scanner\",\"item\":\"https:\/\/compuviper.mx\/tienda\/categoria-producto\/scanner\/\"},{\"@type\":\"ListItem\",\"position\":4,\"name\":\"Scanner Documentos\",\"item\":\"https:\/\/compuviper.mx\/tienda\/categoria-producto\/scanner\/scanner-documentos\/\"},{\"@type\":\"ListItem\",\"position\":5,\"name\":\"Xerox 100n03729,d32 Escaner Documate D35\/100n03729, 45ppm, Blanco, Adf, Cis Dual, Led, Usb\"}]},{\"@type\":\"WebSite\",\"@id\":\"https:\/\/compuviper.mx\/tienda\/#website\",\"url\":\"https:\/\/compuviper.mx\/tienda\/\",\"name\":\"Compuviper\",\"description\":\"Proveedor de Computadoras, Laptops, Servidores, Monitores, Puntos de Venta, Teclados,   Impresoras, T\u00f3ner, C\u00e1maras de Seguridad y m\u00e1s en tu tienda en l\u00ednea\",\"publisher\":{\"@id\":\"https:\/\/compuviper.mx\/tienda\/#organization\"},\"potentialAction\":[{\"@type\":\"SearchAction\",\"target\":{\"@type\":\"EntryPoint\",\"urlTemplate\":\"https:\/\/compuviper.mx\/tienda\/?s={search_term_string}\"},\"query-input\":\"required name=search_term_string\"}],\"inLanguage\":\"es-MX\"},{\"@type\":\"Organization\",\"@id\":\"https:\/\/compuviper.mx\/tienda\/#organization\",\"name\":\"Compuviper\",\"url\":\"https:\/\/compuviper.mx\/tienda\/\",\"logo\":{\"@type\":\"ImageObject\",\"inLanguage\":\"es-MX\",\"@id\":\"https:\/\/compuviper.mx\/tienda\/#\/schema\/logo\/image\/\",\"url\":\"https:\/\/compuviper.mx\/tienda\/wp-content\/uploads\/2021\/08\/Logo-Compuviper-10.png\",\"contentUrl\":\"https:\/\/compuviper.mx\/tienda\/wp-content\/uploads\/2021\/08\/Logo-Compuviper-10.png\",\"width\":1000,\"height\":500,\"caption\":\"Compuviper\"},\"image\":{\"@id\":\"https:\/\/compuviper.mx\/tienda\/#\/schema\/logo\/image\/\"},\"sameAs\":[\"https:\/\/www.facebook.com\/compuviper\",\"https:\/\/www.youtube.com\/channel\/UCf73dERp9Y3cfOq7q8BhLjA?view_as=subscriber\"]}]}<\/script>\n<meta property=\"product:brand\" content=\"Xerox\" \/>\n<meta property=\"product:price:amount\" content=\"5975\" \/>\n<meta property=\"product:price:currency\" content=\"MXN\" \/>\n<meta property=\"og:availability\" content=\"out of stock\" \/>\n<meta property=\"product:availability\" content=\"out of stock\" \/>\n<meta property=\"product:retailer_item_id\" content=\"100N03729,D32\" \/>\n<meta property=\"product:condition\" content=\"new\" \/>\n<!-- \/ Yoast SEO plugin. -->","yoast_head_json":{"title":"[ Xerox ] &#129351; 100n03729,d32 Escaner Documate D35\/100n03729, 45ppm, Blanco, Adf, Cis Dual, Led, Usb","description":"Compra 100n03729,d32 Escaner Documate D35\/100n03729, 45ppm, Blanco, Adf, Cis Dual, Led, Usb + Env\u00edo a domicilio + Pago seguro + Garant\u00eda","robots":{"index":"index","follow":"follow","max-snippet":"max-snippet:-1","max-image-preview":"max-image-preview:large","max-video-preview":"max-video-preview:-1"},"canonical":"https:\/\/compuviper.mx\/tienda\/producto\/xerox-100n03729d32-escaner-documate-d35-100n03729-45ppm-blanco-adf-cis-dual-led-usb\/","og_locale":"es_MX","og_type":"article","og_title":"[ Xerox ] &#129351; 100n03729,d32 Escaner Documate D35\/100n03729, 45ppm, Blanco, Adf, Cis Dual, Led, Usb","og_description":"Compra 100n03729,d32 Escaner Documate D35\/100n03729, 45ppm, Blanco, Adf, Cis Dual, Led, Usb + Env\u00edo a domicilio + Pago seguro + Garant\u00eda","og_url":"https:\/\/compuviper.mx\/tienda\/producto\/xerox-100n03729d32-escaner-documate-d35-100n03729-45ppm-blanco-adf-cis-dual-led-usb\/","og_site_name":"Compuviper","article_publisher":"https:\/\/www.facebook.com\/compuviper","article_modified_time":"2026-04-03T06:00:33+00:00","og_image":[{"width":200,"height":200,"url":"https:\/\/compuviper.mx\/tienda\/wp-content\/uploads\/2024\/09\/Escaner-xerox-documate-d35100n03729-45ppm-blanco-adf-cis-dual-led-usb.jpg","type":"image\/jpeg"}],"twitter_card":"summary_large_image","twitter_misc":{"Precio":"&#36;5,975 con IVA","Availability":"Out of stock"},"schema":{"@context":"https:\/\/schema.org","@graph":[{"@type":"WebPage","@id":"https:\/\/compuviper.mx\/tienda\/producto\/xerox-100n03729d32-escaner-documate-d35-100n03729-45ppm-blanco-adf-cis-dual-led-usb\/","url":"https:\/\/compuviper.mx\/tienda\/producto\/xerox-100n03729d32-escaner-documate-d35-100n03729-45ppm-blanco-adf-cis-dual-led-usb\/","name":"[ Xerox ] &#129351; 100n03729,d32 Escaner Documate D35\/100n03729, 45ppm, Blanco, Adf, Cis Dual, Led, Usb","isPartOf":{"@id":"https:\/\/compuviper.mx\/tienda\/#website"},"datePublished":"2026-04-02T07:59:44+00:00","dateModified":"2026-04-03T06:00:33+00:00","description":"Compra 100n03729,d32 Escaner Documate D35\/100n03729, 45ppm, Blanco, Adf, Cis Dual, Led, Usb + Env\u00edo a domicilio + Pago seguro + Garant\u00eda","breadcrumb":{"@id":"https:\/\/compuviper.mx\/tienda\/producto\/xerox-100n03729d32-escaner-documate-d35-100n03729-45ppm-blanco-adf-cis-dual-led-usb\/#breadcrumb"},"inLanguage":"es-MX","potentialAction":[{"@type":"ReadAction","target":["https:\/\/compuviper.mx\/tienda\/producto\/xerox-100n03729d32-escaner-documate-d35-100n03729-45ppm-blanco-adf-cis-dual-led-usb\/"]}]},{"@type":"BreadcrumbList","@id":"https:\/\/compuviper.mx\/tienda\/producto\/xerox-100n03729d32-escaner-documate-d35-100n03729-45ppm-blanco-adf-cis-dual-led-usb\/#breadcrumb","itemListElement":[{"@type":"ListItem","position":1,"name":"Inicio","item":"https:\/\/compuviper.mx\/tienda\/"},{"@type":"ListItem","position":2,"name":"Productos","item":"https:\/\/compuviper.mx\/tienda\/productos\/"},{"@type":"ListItem","position":3,"name":"Scanner","item":"https:\/\/compuviper.mx\/tienda\/categoria-producto\/scanner\/"},{"@type":"ListItem","position":4,"name":"Scanner Documentos","item":"https:\/\/compuviper.mx\/tienda\/categoria-producto\/scanner\/scanner-documentos\/"},{"@type":"ListItem","position":5,"name":"Xerox 100n03729,d32 Escaner Documate D35\/100n03729, 45ppm, Blanco, Adf, Cis Dual, Led, Usb"}]},{"@type":"WebSite","@id":"https:\/\/compuviper.mx\/tienda\/#website","url":"https:\/\/compuviper.mx\/tienda\/","name":"Compuviper","description":"Proveedor de Computadoras, Laptops, Servidores, Monitores, Puntos de Venta, Teclados,   Impresoras, T\u00f3ner, C\u00e1maras de Seguridad y m\u00e1s en tu tienda en l\u00ednea","publisher":{"@id":"https:\/\/compuviper.mx\/tienda\/#organization"},"potentialAction":[{"@type":"SearchAction","target":{"@type":"EntryPoint","urlTemplate":"https:\/\/compuviper.mx\/tienda\/?s={search_term_string}"},"query-input":"required name=search_term_string"}],"inLanguage":"es-MX"},{"@type":"Organization","@id":"https:\/\/compuviper.mx\/tienda\/#organization","name":"Compuviper","url":"https:\/\/compuviper.mx\/tienda\/","logo":{"@type":"ImageObject","inLanguage":"es-MX","@id":"https:\/\/compuviper.mx\/tienda\/#\/schema\/logo\/image\/","url":"https:\/\/compuviper.mx\/tienda\/wp-content\/uploads\/2021\/08\/Logo-Compuviper-10.png","contentUrl":"https:\/\/compuviper.mx\/tienda\/wp-content\/uploads\/2021\/08\/Logo-Compuviper-10.png","width":1000,"height":500,"caption":"Compuviper"},"image":{"@id":"https:\/\/compuviper.mx\/tienda\/#\/schema\/logo\/image\/"},"sameAs":["https:\/\/www.facebook.com\/compuviper","https:\/\/www.youtube.com\/channel\/UCf73dERp9Y3cfOq7q8BhLjA?view_as=subscriber"]}]},"product_brand":"Xerox","product_price_amount":"5975","product_price_currency":"MXN","og_availability":"out of stock","product_availability":"out of stock","product_retailer_item_id":"100N03729,D32","product_condition":"new"},"_links":{"self":[{"href":"https:\/\/compuviper.mx\/tienda\/wp-json\/wp\/v2\/product\/239663"}],"collection":[{"href":"https:\/\/compuviper.mx\/tienda\/wp-json\/wp\/v2\/product"}],"about":[{"href":"https:\/\/compuviper.mx\/tienda\/wp-json\/wp\/v2\/types\/product"}],"replies":[{"embeddable":true,"href":"https:\/\/compuviper.mx\/tienda\/wp-json\/wp\/v2\/comments?post=239663"}],"wp:featuredmedia":[{"embeddable":true,"href":"https:\/\/compuviper.mx\/tienda\/wp-json\/wp\/v2\/media\/243407"}],"wp:attachment":[{"href":"https:\/\/compuviper.mx\/tienda\/wp-json\/wp\/v2\/media?parent=239663"}],"wp:term":[{"taxonomy":"product_cat","embeddable":true,"href":"https:\/\/compuviper.mx\/tienda\/wp-json\/wp\/v2\/product_cat?post=239663"},{"taxonomy":"product_tag","embeddable":true,"href":"https:\/\/compuviper.mx\/tienda\/wp-json\/wp\/v2\/product_tag?post=239663"}],"curies":[{"name":"wp","href":"https:\/\/api.w.org\/{rel}","templated":true}]}}