{"id":239652,"date":"2026-04-18T01:48:57","date_gmt":"2026-04-18T07:48:57","guid":{"rendered":"https:\/\/compuviper.mx\/tienda\/producto\/xerox-b620_dn-impresora-versalink-b620-65ppm-monocromatica-usb-ethernet-red-wifi-duplex-pantalla-tactil-carta-a4\/"},"modified":"2026-04-18T01:48:58","modified_gmt":"2026-04-18T07:48:58","slug":"xerox-b620_dn-impresora-versalink-b620-65ppm-laser-monocromatico-usb-ethernet-red-wifi-duplex-pantalla-tactil-carta-a4","status":"publish","type":"product","link":"https:\/\/compuviper.mx\/tienda\/producto\/xerox-b620_dn-impresora-versalink-b620-65ppm-laser-monocromatico-usb-ethernet-red-wifi-duplex-pantalla-tactil-carta-a4\/","title":{"rendered":"Xerox B620_dn Impresora  Versalink B620, 65ppm, Laser Monocromatico, Usb, Ethernet Red, Wifi, Duplex, Pantalla Tactil, Carta, A4"},"content":{"rendered":"<table class=\"descripcion\">\n<tr>\n<td>Velocidad a 1 cara: hasta 65\/61 ppm carta\/a4; velocidad de impresion a dos caras: 39\/37 ipm carta\/a4<\/td>\n<\/tr>\n<tr>\n<td>Ciclo de trabajo mensual hasta 300 000 paginas<\/td>\n<\/tr>\n<tr>\n<td>Procesador\/memoria\/disco duro quad core 1.2 ghz\/memoria del sistema 2 gb\/emmc 32 gb\/opcional: disco duro  de mas de 500 gb<\/td>\n<\/tr>\n<tr>\n<td>Conectividad ethernet 10\/100\/1000 base-t, usb 2.0 de alta velocidad para impresion directa, nfc; opcional: wifi\/wifi  direct con adaptador de red inalambrica xerox<\/td>\n<\/tr>\n<tr>\n<td>Impresion impresion: 1200 x 1200 ppp<\/td>\n<\/tr>\n<tr>\n<td>Tiempo de salida de la primera impresion (en solo) en solo 4.0 segundos blanco y negro<\/td>\n<\/tr>\n<\/table>\n","protected":false},"excerpt":{"rendered":"<p>Impresora en blanco y negro con soporte para a4. Ideal para equipos de trabajo de 5 a 20 usuarios. La interfaz de usuario intuitiva similar a una tableta de 5 pulgadas le permite acelerar las tareas. La seguridad integral esta incorporada. Las funciones compatibles con dispositivos moviles facilitan la conexion y la impresion desde cualquier dispositivo. Desarrollado con tecnologia connectkey con aplicaciones y soluciones para satisfacer las necesidades de cada negocio. Su trabajo evoluciona constantemente, por lo que necesita tecnologia que siempre este un paso adelante. Versalink con la tecnologia xerox connectkey se adapta rapidamente a las necesidades cambiantes de su organizacion.<\/p>\n","protected":false},"featured_media":243234,"comment_status":"open","ping_status":"open","template":"","meta":[],"product_cat":[1780,1782],"product_tag":[2109],"acf":[],"yoast_head":"<!-- This site is optimized with the Yoast SEO plugin v21.7 - https:\/\/yoast.com\/wordpress\/plugins\/seo\/ -->\n<title>[ Xerox ] &#129351; B620_dn Impresora Versalink B620, 65ppm, Laser Monocromatico, Usb, Ethernet Red, Wifi, Duplex, Pantalla Tactil, Carta, A4<\/title>\n<meta name=\"description\" content=\"Compra B620_dn Impresora Versalink B620, 65ppm, Laser Monocromatico, Usb, Ethernet Red, Wifi, Duplex, Pantalla Tactil, Carta, A4 + Env\u00edo a domicilio + Pago seguro + Garant\u00eda\" \/>\n<meta name=\"robots\" content=\"index, follow, max-snippet:-1, max-image-preview:large, max-video-preview:-1\" \/>\n<link rel=\"canonical\" href=\"https:\/\/compuviper.mx\/tienda\/producto\/xerox-b620_dn-impresora-versalink-b620-65ppm-laser-monocromatico-usb-ethernet-red-wifi-duplex-pantalla-tactil-carta-a4\/\" \/>\n<meta property=\"og:locale\" content=\"es_MX\" \/>\n<meta property=\"og:type\" content=\"article\" \/>\n<meta property=\"og:title\" content=\"[ Xerox ] &#129351; B620_dn Impresora Versalink B620, 65ppm, Laser Monocromatico, Usb, Ethernet Red, Wifi, Duplex, Pantalla Tactil, Carta, A4\" \/>\n<meta property=\"og:description\" content=\"Compra B620_dn Impresora Versalink B620, 65ppm, Laser Monocromatico, Usb, Ethernet Red, Wifi, Duplex, Pantalla Tactil, Carta, A4 + Env\u00edo a domicilio + Pago seguro + Garant\u00eda\" \/>\n<meta property=\"og:url\" content=\"https:\/\/compuviper.mx\/tienda\/producto\/xerox-b620_dn-impresora-versalink-b620-65ppm-laser-monocromatico-usb-ethernet-red-wifi-duplex-pantalla-tactil-carta-a4\/\" \/>\n<meta property=\"og:site_name\" content=\"Compuviper\" \/>\n<meta property=\"article:publisher\" content=\"https:\/\/www.facebook.com\/compuviper\" \/>\n<meta property=\"article:modified_time\" content=\"2026-04-18T07:48:58+00:00\" \/>\n<meta property=\"og:image\" content=\"https:\/\/compuviper.mx\/tienda\/wp-content\/uploads\/2024\/09\/Impresora-xerox-versalink-b620-65ppm-monocromatica-usb-ethernet-red-wifi-duplex-pantalla-tactil-carta-a4.jpg\" \/>\n\t<meta property=\"og:image:width\" content=\"200\" \/>\n\t<meta property=\"og:image:height\" content=\"200\" \/>\n\t<meta property=\"og:image:type\" content=\"image\/jpeg\" \/>\n<meta name=\"twitter:card\" content=\"summary_large_image\" \/>\n<meta name=\"twitter:label1\" content=\"Precio\" \/>\n\t<meta name=\"twitter:data1\" content=\"&#36;18,479 con IVA\" \/>\n\t<meta name=\"twitter:label2\" content=\"Availability\" \/>\n\t<meta name=\"twitter:data2\" content=\"Out of stock\" \/>\n<script type=\"application\/ld+json\" class=\"yoast-schema-graph\">{\"@context\":\"https:\/\/schema.org\",\"@graph\":[{\"@type\":\"WebPage\",\"@id\":\"https:\/\/compuviper.mx\/tienda\/producto\/xerox-b620_dn-impresora-versalink-b620-65ppm-laser-monocromatico-usb-ethernet-red-wifi-duplex-pantalla-tactil-carta-a4\/\",\"url\":\"https:\/\/compuviper.mx\/tienda\/producto\/xerox-b620_dn-impresora-versalink-b620-65ppm-laser-monocromatico-usb-ethernet-red-wifi-duplex-pantalla-tactil-carta-a4\/\",\"name\":\"[ Xerox ] &#129351; B620_dn Impresora Versalink B620, 65ppm, Laser Monocromatico, Usb, Ethernet Red, Wifi, Duplex, Pantalla Tactil, Carta, A4\",\"isPartOf\":{\"@id\":\"https:\/\/compuviper.mx\/tienda\/#website\"},\"datePublished\":\"2026-04-18T07:48:57+00:00\",\"dateModified\":\"2026-04-18T07:48:58+00:00\",\"description\":\"Compra B620_dn Impresora Versalink B620, 65ppm, Laser Monocromatico, Usb, Ethernet Red, Wifi, Duplex, Pantalla Tactil, Carta, A4 + Env\u00edo a domicilio + Pago seguro + Garant\u00eda\",\"breadcrumb\":{\"@id\":\"https:\/\/compuviper.mx\/tienda\/producto\/xerox-b620_dn-impresora-versalink-b620-65ppm-laser-monocromatico-usb-ethernet-red-wifi-duplex-pantalla-tactil-carta-a4\/#breadcrumb\"},\"inLanguage\":\"es-MX\",\"potentialAction\":[{\"@type\":\"ReadAction\",\"target\":[\"https:\/\/compuviper.mx\/tienda\/producto\/xerox-b620_dn-impresora-versalink-b620-65ppm-laser-monocromatico-usb-ethernet-red-wifi-duplex-pantalla-tactil-carta-a4\/\"]}]},{\"@type\":\"BreadcrumbList\",\"@id\":\"https:\/\/compuviper.mx\/tienda\/producto\/xerox-b620_dn-impresora-versalink-b620-65ppm-laser-monocromatico-usb-ethernet-red-wifi-duplex-pantalla-tactil-carta-a4\/#breadcrumb\",\"itemListElement\":[{\"@type\":\"ListItem\",\"position\":1,\"name\":\"Inicio\",\"item\":\"https:\/\/compuviper.mx\/tienda\/\"},{\"@type\":\"ListItem\",\"position\":2,\"name\":\"Productos\",\"item\":\"https:\/\/compuviper.mx\/tienda\/productos\/\"},{\"@type\":\"ListItem\",\"position\":3,\"name\":\"Multifuncionales\",\"item\":\"https:\/\/compuviper.mx\/tienda\/categoria-producto\/multifuncionales\/\"},{\"@type\":\"ListItem\",\"position\":4,\"name\":\"Laser Monocromatica\",\"item\":\"https:\/\/compuviper.mx\/tienda\/categoria-producto\/multifuncionales\/laser-monocromatica\/\"},{\"@type\":\"ListItem\",\"position\":5,\"name\":\"Xerox B620_dn Impresora Versalink B620, 65ppm, Laser Monocromatico, Usb, Ethernet Red, Wifi, Duplex, Pantalla Tactil, Carta, A4\"}]},{\"@type\":\"WebSite\",\"@id\":\"https:\/\/compuviper.mx\/tienda\/#website\",\"url\":\"https:\/\/compuviper.mx\/tienda\/\",\"name\":\"Compuviper\",\"description\":\"Proveedor de Computadoras, Laptops, Servidores, Monitores, Puntos de Venta, Teclados,   Impresoras, T\u00f3ner, C\u00e1maras de Seguridad y m\u00e1s en tu tienda en l\u00ednea\",\"publisher\":{\"@id\":\"https:\/\/compuviper.mx\/tienda\/#organization\"},\"potentialAction\":[{\"@type\":\"SearchAction\",\"target\":{\"@type\":\"EntryPoint\",\"urlTemplate\":\"https:\/\/compuviper.mx\/tienda\/?s={search_term_string}\"},\"query-input\":\"required name=search_term_string\"}],\"inLanguage\":\"es-MX\"},{\"@type\":\"Organization\",\"@id\":\"https:\/\/compuviper.mx\/tienda\/#organization\",\"name\":\"Compuviper\",\"url\":\"https:\/\/compuviper.mx\/tienda\/\",\"logo\":{\"@type\":\"ImageObject\",\"inLanguage\":\"es-MX\",\"@id\":\"https:\/\/compuviper.mx\/tienda\/#\/schema\/logo\/image\/\",\"url\":\"https:\/\/compuviper.mx\/tienda\/wp-content\/uploads\/2021\/08\/Logo-Compuviper-10.png\",\"contentUrl\":\"https:\/\/compuviper.mx\/tienda\/wp-content\/uploads\/2021\/08\/Logo-Compuviper-10.png\",\"width\":1000,\"height\":500,\"caption\":\"Compuviper\"},\"image\":{\"@id\":\"https:\/\/compuviper.mx\/tienda\/#\/schema\/logo\/image\/\"},\"sameAs\":[\"https:\/\/www.facebook.com\/compuviper\",\"https:\/\/www.youtube.com\/channel\/UCf73dERp9Y3cfOq7q8BhLjA?view_as=subscriber\"]}]}<\/script>\n<meta property=\"product:brand\" content=\"Xerox\" \/>\n<meta property=\"product:price:amount\" content=\"18479\" \/>\n<meta property=\"product:price:currency\" content=\"MXN\" \/>\n<meta property=\"og:availability\" content=\"out of stock\" \/>\n<meta property=\"product:availability\" content=\"out of stock\" \/>\n<meta property=\"product:retailer_item_id\" content=\"B620_DN\" \/>\n<meta property=\"product:condition\" content=\"new\" \/>\n<!-- \/ Yoast SEO plugin. -->","yoast_head_json":{"title":"[ Xerox ] &#129351; B620_dn Impresora Versalink B620, 65ppm, Laser Monocromatico, Usb, Ethernet Red, Wifi, Duplex, Pantalla Tactil, Carta, A4","description":"Compra B620_dn Impresora Versalink B620, 65ppm, Laser Monocromatico, Usb, Ethernet Red, Wifi, Duplex, Pantalla Tactil, Carta, A4 + Env\u00edo a domicilio + Pago seguro + Garant\u00eda","robots":{"index":"index","follow":"follow","max-snippet":"max-snippet:-1","max-image-preview":"max-image-preview:large","max-video-preview":"max-video-preview:-1"},"canonical":"https:\/\/compuviper.mx\/tienda\/producto\/xerox-b620_dn-impresora-versalink-b620-65ppm-laser-monocromatico-usb-ethernet-red-wifi-duplex-pantalla-tactil-carta-a4\/","og_locale":"es_MX","og_type":"article","og_title":"[ Xerox ] &#129351; B620_dn Impresora Versalink B620, 65ppm, Laser Monocromatico, Usb, Ethernet Red, Wifi, Duplex, Pantalla Tactil, Carta, A4","og_description":"Compra B620_dn Impresora Versalink B620, 65ppm, Laser Monocromatico, Usb, Ethernet Red, Wifi, Duplex, Pantalla Tactil, Carta, A4 + Env\u00edo a domicilio + Pago seguro + Garant\u00eda","og_url":"https:\/\/compuviper.mx\/tienda\/producto\/xerox-b620_dn-impresora-versalink-b620-65ppm-laser-monocromatico-usb-ethernet-red-wifi-duplex-pantalla-tactil-carta-a4\/","og_site_name":"Compuviper","article_publisher":"https:\/\/www.facebook.com\/compuviper","article_modified_time":"2026-04-18T07:48:58+00:00","og_image":[{"width":200,"height":200,"url":"https:\/\/compuviper.mx\/tienda\/wp-content\/uploads\/2024\/09\/Impresora-xerox-versalink-b620-65ppm-monocromatica-usb-ethernet-red-wifi-duplex-pantalla-tactil-carta-a4.jpg","type":"image\/jpeg"}],"twitter_card":"summary_large_image","twitter_misc":{"Precio":"&#36;18,479 con IVA","Availability":"Out of stock"},"schema":{"@context":"https:\/\/schema.org","@graph":[{"@type":"WebPage","@id":"https:\/\/compuviper.mx\/tienda\/producto\/xerox-b620_dn-impresora-versalink-b620-65ppm-laser-monocromatico-usb-ethernet-red-wifi-duplex-pantalla-tactil-carta-a4\/","url":"https:\/\/compuviper.mx\/tienda\/producto\/xerox-b620_dn-impresora-versalink-b620-65ppm-laser-monocromatico-usb-ethernet-red-wifi-duplex-pantalla-tactil-carta-a4\/","name":"[ Xerox ] &#129351; B620_dn Impresora Versalink B620, 65ppm, Laser Monocromatico, Usb, Ethernet Red, Wifi, Duplex, Pantalla Tactil, Carta, A4","isPartOf":{"@id":"https:\/\/compuviper.mx\/tienda\/#website"},"datePublished":"2026-04-18T07:48:57+00:00","dateModified":"2026-04-18T07:48:58+00:00","description":"Compra B620_dn Impresora Versalink B620, 65ppm, Laser Monocromatico, Usb, Ethernet Red, Wifi, Duplex, Pantalla Tactil, Carta, A4 + Env\u00edo a domicilio + Pago seguro + Garant\u00eda","breadcrumb":{"@id":"https:\/\/compuviper.mx\/tienda\/producto\/xerox-b620_dn-impresora-versalink-b620-65ppm-laser-monocromatico-usb-ethernet-red-wifi-duplex-pantalla-tactil-carta-a4\/#breadcrumb"},"inLanguage":"es-MX","potentialAction":[{"@type":"ReadAction","target":["https:\/\/compuviper.mx\/tienda\/producto\/xerox-b620_dn-impresora-versalink-b620-65ppm-laser-monocromatico-usb-ethernet-red-wifi-duplex-pantalla-tactil-carta-a4\/"]}]},{"@type":"BreadcrumbList","@id":"https:\/\/compuviper.mx\/tienda\/producto\/xerox-b620_dn-impresora-versalink-b620-65ppm-laser-monocromatico-usb-ethernet-red-wifi-duplex-pantalla-tactil-carta-a4\/#breadcrumb","itemListElement":[{"@type":"ListItem","position":1,"name":"Inicio","item":"https:\/\/compuviper.mx\/tienda\/"},{"@type":"ListItem","position":2,"name":"Productos","item":"https:\/\/compuviper.mx\/tienda\/productos\/"},{"@type":"ListItem","position":3,"name":"Multifuncionales","item":"https:\/\/compuviper.mx\/tienda\/categoria-producto\/multifuncionales\/"},{"@type":"ListItem","position":4,"name":"Laser Monocromatica","item":"https:\/\/compuviper.mx\/tienda\/categoria-producto\/multifuncionales\/laser-monocromatica\/"},{"@type":"ListItem","position":5,"name":"Xerox B620_dn Impresora Versalink B620, 65ppm, Laser Monocromatico, Usb, Ethernet Red, Wifi, Duplex, Pantalla Tactil, Carta, A4"}]},{"@type":"WebSite","@id":"https:\/\/compuviper.mx\/tienda\/#website","url":"https:\/\/compuviper.mx\/tienda\/","name":"Compuviper","description":"Proveedor de Computadoras, Laptops, Servidores, Monitores, Puntos de Venta, Teclados,   Impresoras, T\u00f3ner, C\u00e1maras de Seguridad y m\u00e1s en tu tienda en l\u00ednea","publisher":{"@id":"https:\/\/compuviper.mx\/tienda\/#organization"},"potentialAction":[{"@type":"SearchAction","target":{"@type":"EntryPoint","urlTemplate":"https:\/\/compuviper.mx\/tienda\/?s={search_term_string}"},"query-input":"required name=search_term_string"}],"inLanguage":"es-MX"},{"@type":"Organization","@id":"https:\/\/compuviper.mx\/tienda\/#organization","name":"Compuviper","url":"https:\/\/compuviper.mx\/tienda\/","logo":{"@type":"ImageObject","inLanguage":"es-MX","@id":"https:\/\/compuviper.mx\/tienda\/#\/schema\/logo\/image\/","url":"https:\/\/compuviper.mx\/tienda\/wp-content\/uploads\/2021\/08\/Logo-Compuviper-10.png","contentUrl":"https:\/\/compuviper.mx\/tienda\/wp-content\/uploads\/2021\/08\/Logo-Compuviper-10.png","width":1000,"height":500,"caption":"Compuviper"},"image":{"@id":"https:\/\/compuviper.mx\/tienda\/#\/schema\/logo\/image\/"},"sameAs":["https:\/\/www.facebook.com\/compuviper","https:\/\/www.youtube.com\/channel\/UCf73dERp9Y3cfOq7q8BhLjA?view_as=subscriber"]}]},"product_brand":"Xerox","product_price_amount":"18479","product_price_currency":"MXN","og_availability":"out of stock","product_availability":"out of stock","product_retailer_item_id":"B620_DN","product_condition":"new"},"_links":{"self":[{"href":"https:\/\/compuviper.mx\/tienda\/wp-json\/wp\/v2\/product\/239652"}],"collection":[{"href":"https:\/\/compuviper.mx\/tienda\/wp-json\/wp\/v2\/product"}],"about":[{"href":"https:\/\/compuviper.mx\/tienda\/wp-json\/wp\/v2\/types\/product"}],"replies":[{"embeddable":true,"href":"https:\/\/compuviper.mx\/tienda\/wp-json\/wp\/v2\/comments?post=239652"}],"wp:featuredmedia":[{"embeddable":true,"href":"https:\/\/compuviper.mx\/tienda\/wp-json\/wp\/v2\/media\/243234"}],"wp:attachment":[{"href":"https:\/\/compuviper.mx\/tienda\/wp-json\/wp\/v2\/media?parent=239652"}],"wp:term":[{"taxonomy":"product_cat","embeddable":true,"href":"https:\/\/compuviper.mx\/tienda\/wp-json\/wp\/v2\/product_cat?post=239652"},{"taxonomy":"product_tag","embeddable":true,"href":"https:\/\/compuviper.mx\/tienda\/wp-json\/wp\/v2\/product_tag?post=239652"}],"curies":[{"name":"wp","href":"https:\/\/api.w.org\/{rel}","templated":true}]}}