{"id":239642,"date":"2026-04-10T01:37:13","date_gmt":"2026-04-10T07:37:13","guid":{"rendered":"https:\/\/compuviper.mx\/tienda\/producto\/xerox-b230_dni-impresora-b230-36ppm-blanco-monocromatico-usb-2-0-ethernet-red-wifi-duplex-silenciosa-a4\/"},"modified":"2026-04-10T01:37:13","modified_gmt":"2026-04-10T07:37:13","slug":"xerox-b230_dni-impresora-b230-36ppm-laser-monocromatico-usb-2-0-ethernet-red-wifi-duplex-silenciosa-a4","status":"publish","type":"product","link":"https:\/\/compuviper.mx\/tienda\/producto\/xerox-b230_dni-impresora-b230-36ppm-laser-monocromatico-usb-2-0-ethernet-red-wifi-duplex-silenciosa-a4\/","title":{"rendered":"Xerox B230_dni Impresora  B230, 36ppm, Laser Monocromatico Usb 2.0, Ethernet Red, Wifi, Duplex, Silenciosa, A4"},"content":{"rendered":"<table class=\"descripcion\">\n<tr>\n<td>Velocidad hasta 36 ppm, byn, carta\/34 ppm, byn, a4<\/td>\n<\/tr>\n<tr>\n<td>Ciclo de trabajo hasta 30 000 p\u00e1ginas al mes<\/td>\n<\/tr>\n<tr>\n<td>Procesador doble n\u00facleo de 1 ghz<\/td>\n<\/tr>\n<tr>\n<td>Memoria 256 mb<\/td>\n<\/tr>\n<tr>\n<td>Conectividad usb 2.0 de alta velocidad (tipo b), ethernet 10\/100 base tx, inal\u00e1mbrica 802.11 b\/g\/n<\/td>\n<\/tr>\n<tr>\n<td>Resoluci\u00f3n de copia e impresi\u00f3n impresi\u00f3n: 600 \u00d7 600 ppp, 2400 de calidad de imagen<\/td>\n<\/tr>\n<tr>\n<td>Pesos y dimensiones (alto x ancho x profundidad) 9.1 x 14.0 x 13.1 pulg.\/15 lb 232 x 355 x 333 mm\/6.8 kg<\/td>\n<\/tr>\n<tr>\n<td>Tiempo de salida de la primera impresi\u00f3n en solo 6.8 segundos<\/td>\n<\/tr>\n<tr>\n<td>Lenguajes de descripci\u00f3n de p\u00e1ginas (pdl) emulaci\u00f3n de postscript\u00ae 3 , emulaci\u00f3n de pcl\u00ae 5\/pcl 6<\/td>\n<\/tr>\n<tr>\n<td>Funciones de impresi\u00f3n interfaz de usuario en un solo toque, tipos de trabajo normal, seguro, guardado y juego de muestra, a dos caras, orientaci\u00f3n, compaginaci\u00f3n, id de trabajos de impresi\u00f3n en m\u00e1rgenes, modo de borrador, varias en 1, dise\u00f1o de folletos, marca de agua, estado de la bandeja y t\u00f3ner, rotar imagen 180 grados, ajustes guardados, configuraci\u00f3n de earth smart.<\/td>\n<\/tr>\n<tr>\n<td>Impresi\u00f3n m\u00f3vil apple airprint\u00bf, servicio de impresi\u00f3n mopria\u00ae chromebook, wi-fi direct\u00ae<\/td>\n<\/tr>\n<tr>\n<td>Seguridad actualizaciones de firmware firmadas digitalmente, administraci\u00f3n de certificados, restablecimiento de contrase\u00f1a segura, filtrado de conexi\u00f3n tcp, filtrado de puertos, controles de acceso, impresi\u00f3n confidencial, borrado de memoria no vol\u00e1til, separaci\u00f3n de red\/fax, puertos usb protegidos, inserci\u00f3n autom\u00e1tica de direcciones de correo electr\u00f3nico del remitente, restricciones de inicio de sesi\u00f3n, wpa3, tls 1.3<\/td>\n<\/tr>\n<tr>\n<td>Controladores de impresi\u00f3n windows\u00ae 8, 8.1 actualizaci\u00f3n 1, 10, 11. windows server\u00ae 2008 sp2 (32 y 64 bits), windows server 2008 r2 sp1, windows server 2012, windows server 2012 r2, windows server 2019, macos 10.15, 11, 12 microsoft universal print<\/td>\n<\/tr>\n<tr>\n<td>Bandeja principal hasta 250 hojas, papel bond de 20 lb\/75 g\/m\u00b2; a4\/carta, a5, a6, jis b5, oficio, estamento, ejecutivo, folio, extra oficio y tama\u00f1os personalizados: 3 x 5 pulg. a 8.5 x 14 pulg.\/98 x 148 mm a 216 x 356 mm<\/td>\n<\/tr>\n<tr>\n<td>Ranura de alimentaci\u00f3n manual 1 hoja de papel bond de 20 lb\/75 g\/m\u00b2; a4\/carta, a5, a6, jis b5, oficio, estamento, ejecutivo, folio, extra oficio, hagaki, dl, c5, b5, sobres de 7 3\/4 pulgadas, 9 pulgadas, 10 pulgadas y tama\u00f1os personalizados: 3 x 5 pulg. a 8.5 x 14 pulg.\/98 x 148 mm a 216 x 356 mm<\/td>\n<\/tr>\n<tr>\n<td>Salida de papel 150 hojas de papel bond de 20 lb\/75 g\/m\u00b2, hacia abajo, impresi\u00f3n autom\u00e1tica a dos caras disponible<\/td>\n<\/tr>\n<tr>\n<td>Tipos de material de impresi\u00f3n papel com\u00fan, papel liviano, papel pesado, cartulina, etiquetas (etiquetas para papel), sobre, papel de color, membrete, preimpreso, bond, brillante, rugoso\/algod\u00f3n, reciclado<\/td>\n<\/tr>\n<tr>\n<td>Gramaje bandeja principa 16 a 28 lb\/60 a 105 g\/m\u00b2<\/td>\n<\/tr>\n<tr>\n<td>Gramaje ranura de alimentaci\u00f3n manual 16 a 54 lb\/60 a 200 g\/m\u00b2<\/td>\n<\/tr>\n<tr>\n<td>Gesti\u00f3n de dispositivos servidor web integrado de xerox\u00ae, xerox\u00ae centreware\u00ae web, alertas por correo electr\u00f3nico, apple bonjour\u00ae, aplicaci\u00f3n xerox easy assis<\/td>\n<\/tr>\n<\/table>\n","protected":false},"excerpt":{"rendered":"<p>Ideal para espacios de trabajo remotos, oficinas en casa y empresas peque\u00f1as y medianas, estas impresoras son incre\u00edblemente f\u00e1ciles de configurar. Son lo suficientemente compactas como para adaptarse a equipos de trabajo peque\u00f1os y espacios reducidos al tiempo que le ofrecen una experiencia de impresi\u00f3n sin inconvenientes que es confiable y segura. Un espacio de trabajo sin distracciones est\u00e1 a su alcance. Con impresoras silenciosas que hacen m\u00e1s, obtenga impresiones de alta calidad a velocidades que van a su ritmo. Escanee, imprima y copie con m\u00ednimas interrupciones. \u00bf impresi\u00f3n a dos caras byn 36 ppm \u00bf calidad de imagen: 2400 ppp \u00bf tama\u00f1o compacto \u00bf wi-fi est\u00e1ndar: apple airprint\u00bf, servicio de impresi\u00f3n mopria\u00ae escaneado mopria\u00ae y wi-fi direct\u00ae \u00bf capacidad de papel: 250 hojas m\u00e1s 1 inserci\u00f3n de una sola p\u00e1gina. Consumibles cartucho de t\u00f3ner con capacidades est\u00e1ndar: 1200 hojas 006r04402, cartucho de t\u00f3ner de alta capacidad: 3000 hojas 006r04403, cartucho de t\u00f3ner de extra alta capacidad: 6000 hojas, 006r04404 kit de imagen: 12000 p\u00e1ginas 013r0069. 1 a\u00f1o de garantia.<\/p>\n","protected":false},"featured_media":243217,"comment_status":"open","ping_status":"open","template":"","meta":[],"product_cat":[1777,1784],"product_tag":[2109],"acf":[],"yoast_head":"<!-- This site is optimized with the Yoast SEO plugin v21.7 - https:\/\/yoast.com\/wordpress\/plugins\/seo\/ -->\n<title>[ Xerox ] &#129351; B230_dni Impresora B230, 36ppm, Laser Monocromatico Usb 2.0, Ethernet Red, Wifi, Duplex, Silenciosa, A4<\/title>\n<meta name=\"description\" content=\"Compra B230_dni Impresora B230, 36ppm, Laser Monocromatico Usb 2.0, Ethernet Red, Wifi, Duplex, Silenciosa, A4 + Env\u00edo a domicilio + Pago seguro + Garant\u00eda\" \/>\n<meta name=\"robots\" content=\"index, follow, max-snippet:-1, max-image-preview:large, max-video-preview:-1\" \/>\n<link rel=\"canonical\" href=\"https:\/\/compuviper.mx\/tienda\/producto\/xerox-b230_dni-impresora-b230-36ppm-laser-monocromatico-usb-2-0-ethernet-red-wifi-duplex-silenciosa-a4\/\" \/>\n<meta property=\"og:locale\" content=\"es_MX\" \/>\n<meta property=\"og:type\" content=\"article\" \/>\n<meta property=\"og:title\" content=\"[ Xerox ] &#129351; B230_dni Impresora B230, 36ppm, Laser Monocromatico Usb 2.0, Ethernet Red, Wifi, Duplex, Silenciosa, A4\" \/>\n<meta property=\"og:description\" content=\"Compra B230_dni Impresora B230, 36ppm, Laser Monocromatico Usb 2.0, Ethernet Red, Wifi, Duplex, Silenciosa, A4 + Env\u00edo a domicilio + Pago seguro + Garant\u00eda\" \/>\n<meta property=\"og:url\" content=\"https:\/\/compuviper.mx\/tienda\/producto\/xerox-b230_dni-impresora-b230-36ppm-laser-monocromatico-usb-2-0-ethernet-red-wifi-duplex-silenciosa-a4\/\" \/>\n<meta property=\"og:site_name\" content=\"Compuviper\" \/>\n<meta property=\"article:publisher\" content=\"https:\/\/www.facebook.com\/compuviper\" \/>\n<meta property=\"og:image\" content=\"https:\/\/compuviper.mx\/tienda\/wp-content\/uploads\/2024\/09\/Impresora-xerox-b230-36ppm-blanco-monocromatico-usb-2.0-ethernet-red-wifi-duplex-silenciosa-a4.jpg\" \/>\n\t<meta property=\"og:image:width\" content=\"200\" \/>\n\t<meta property=\"og:image:height\" content=\"200\" \/>\n\t<meta property=\"og:image:type\" content=\"image\/jpeg\" \/>\n<meta name=\"twitter:card\" content=\"summary_large_image\" \/>\n<meta name=\"twitter:label1\" content=\"Precio\" \/>\n\t<meta name=\"twitter:data1\" content=\"&#36;3,845 con IVA\" \/>\n\t<meta name=\"twitter:label2\" content=\"Availability\" \/>\n\t<meta name=\"twitter:data2\" content=\"Out of stock\" \/>\n<script type=\"application\/ld+json\" class=\"yoast-schema-graph\">{\"@context\":\"https:\/\/schema.org\",\"@graph\":[{\"@type\":\"WebPage\",\"@id\":\"https:\/\/compuviper.mx\/tienda\/producto\/xerox-b230_dni-impresora-b230-36ppm-laser-monocromatico-usb-2-0-ethernet-red-wifi-duplex-silenciosa-a4\/\",\"url\":\"https:\/\/compuviper.mx\/tienda\/producto\/xerox-b230_dni-impresora-b230-36ppm-laser-monocromatico-usb-2-0-ethernet-red-wifi-duplex-silenciosa-a4\/\",\"name\":\"[ Xerox ] &#129351; B230_dni Impresora B230, 36ppm, Laser Monocromatico Usb 2.0, Ethernet Red, Wifi, Duplex, Silenciosa, A4\",\"isPartOf\":{\"@id\":\"https:\/\/compuviper.mx\/tienda\/#website\"},\"datePublished\":\"2026-04-10T07:37:13+00:00\",\"dateModified\":\"2026-04-10T07:37:13+00:00\",\"description\":\"Compra B230_dni Impresora B230, 36ppm, Laser Monocromatico Usb 2.0, Ethernet Red, Wifi, Duplex, Silenciosa, A4 + Env\u00edo a domicilio + Pago seguro + Garant\u00eda\",\"breadcrumb\":{\"@id\":\"https:\/\/compuviper.mx\/tienda\/producto\/xerox-b230_dni-impresora-b230-36ppm-laser-monocromatico-usb-2-0-ethernet-red-wifi-duplex-silenciosa-a4\/#breadcrumb\"},\"inLanguage\":\"es-MX\",\"potentialAction\":[{\"@type\":\"ReadAction\",\"target\":[\"https:\/\/compuviper.mx\/tienda\/producto\/xerox-b230_dni-impresora-b230-36ppm-laser-monocromatico-usb-2-0-ethernet-red-wifi-duplex-silenciosa-a4\/\"]}]},{\"@type\":\"BreadcrumbList\",\"@id\":\"https:\/\/compuviper.mx\/tienda\/producto\/xerox-b230_dni-impresora-b230-36ppm-laser-monocromatico-usb-2-0-ethernet-red-wifi-duplex-silenciosa-a4\/#breadcrumb\",\"itemListElement\":[{\"@type\":\"ListItem\",\"position\":1,\"name\":\"Inicio\",\"item\":\"https:\/\/compuviper.mx\/tienda\/\"},{\"@type\":\"ListItem\",\"position\":2,\"name\":\"Productos\",\"item\":\"https:\/\/compuviper.mx\/tienda\/productos\/\"},{\"@type\":\"ListItem\",\"position\":3,\"name\":\"Impresoras\",\"item\":\"https:\/\/compuviper.mx\/tienda\/categoria-producto\/impresoras\/\"},{\"@type\":\"ListItem\",\"position\":4,\"name\":\"Laser Monocromatica\",\"item\":\"https:\/\/compuviper.mx\/tienda\/categoria-producto\/impresoras\/laser-monocromatica-impresoras\/\"},{\"@type\":\"ListItem\",\"position\":5,\"name\":\"Xerox B230_dni Impresora B230, 36ppm, Laser Monocromatico Usb 2.0, Ethernet Red, Wifi, Duplex, Silenciosa, A4\"}]},{\"@type\":\"WebSite\",\"@id\":\"https:\/\/compuviper.mx\/tienda\/#website\",\"url\":\"https:\/\/compuviper.mx\/tienda\/\",\"name\":\"Compuviper\",\"description\":\"Proveedor de Computadoras, Laptops, Servidores, Monitores, Puntos de Venta, Teclados,   Impresoras, T\u00f3ner, C\u00e1maras de Seguridad y m\u00e1s en tu tienda en l\u00ednea\",\"publisher\":{\"@id\":\"https:\/\/compuviper.mx\/tienda\/#organization\"},\"potentialAction\":[{\"@type\":\"SearchAction\",\"target\":{\"@type\":\"EntryPoint\",\"urlTemplate\":\"https:\/\/compuviper.mx\/tienda\/?s={search_term_string}\"},\"query-input\":\"required name=search_term_string\"}],\"inLanguage\":\"es-MX\"},{\"@type\":\"Organization\",\"@id\":\"https:\/\/compuviper.mx\/tienda\/#organization\",\"name\":\"Compuviper\",\"url\":\"https:\/\/compuviper.mx\/tienda\/\",\"logo\":{\"@type\":\"ImageObject\",\"inLanguage\":\"es-MX\",\"@id\":\"https:\/\/compuviper.mx\/tienda\/#\/schema\/logo\/image\/\",\"url\":\"https:\/\/compuviper.mx\/tienda\/wp-content\/uploads\/2021\/08\/Logo-Compuviper-10.png\",\"contentUrl\":\"https:\/\/compuviper.mx\/tienda\/wp-content\/uploads\/2021\/08\/Logo-Compuviper-10.png\",\"width\":1000,\"height\":500,\"caption\":\"Compuviper\"},\"image\":{\"@id\":\"https:\/\/compuviper.mx\/tienda\/#\/schema\/logo\/image\/\"},\"sameAs\":[\"https:\/\/www.facebook.com\/compuviper\",\"https:\/\/www.youtube.com\/channel\/UCf73dERp9Y3cfOq7q8BhLjA?view_as=subscriber\"]}]}<\/script>\n<meta property=\"product:brand\" content=\"Xerox\" \/>\n<meta property=\"product:price:amount\" content=\"3845\" \/>\n<meta property=\"product:price:currency\" content=\"MXN\" \/>\n<meta property=\"og:availability\" content=\"out of stock\" \/>\n<meta property=\"product:availability\" content=\"out of stock\" \/>\n<meta property=\"product:retailer_item_id\" content=\"B230_DNI\" \/>\n<meta property=\"product:condition\" content=\"new\" \/>\n<!-- \/ Yoast SEO plugin. -->","yoast_head_json":{"title":"[ Xerox ] &#129351; B230_dni Impresora B230, 36ppm, Laser Monocromatico Usb 2.0, Ethernet Red, Wifi, Duplex, Silenciosa, A4","description":"Compra B230_dni Impresora B230, 36ppm, Laser Monocromatico Usb 2.0, Ethernet Red, Wifi, Duplex, Silenciosa, A4 + Env\u00edo a domicilio + Pago seguro + Garant\u00eda","robots":{"index":"index","follow":"follow","max-snippet":"max-snippet:-1","max-image-preview":"max-image-preview:large","max-video-preview":"max-video-preview:-1"},"canonical":"https:\/\/compuviper.mx\/tienda\/producto\/xerox-b230_dni-impresora-b230-36ppm-laser-monocromatico-usb-2-0-ethernet-red-wifi-duplex-silenciosa-a4\/","og_locale":"es_MX","og_type":"article","og_title":"[ Xerox ] &#129351; B230_dni Impresora B230, 36ppm, Laser Monocromatico Usb 2.0, Ethernet Red, Wifi, Duplex, Silenciosa, A4","og_description":"Compra B230_dni Impresora B230, 36ppm, Laser Monocromatico Usb 2.0, Ethernet Red, Wifi, Duplex, Silenciosa, A4 + Env\u00edo a domicilio + Pago seguro + Garant\u00eda","og_url":"https:\/\/compuviper.mx\/tienda\/producto\/xerox-b230_dni-impresora-b230-36ppm-laser-monocromatico-usb-2-0-ethernet-red-wifi-duplex-silenciosa-a4\/","og_site_name":"Compuviper","article_publisher":"https:\/\/www.facebook.com\/compuviper","og_image":[{"width":200,"height":200,"url":"https:\/\/compuviper.mx\/tienda\/wp-content\/uploads\/2024\/09\/Impresora-xerox-b230-36ppm-blanco-monocromatico-usb-2.0-ethernet-red-wifi-duplex-silenciosa-a4.jpg","type":"image\/jpeg"}],"twitter_card":"summary_large_image","twitter_misc":{"Precio":"&#36;3,845 con IVA","Availability":"Out of stock"},"schema":{"@context":"https:\/\/schema.org","@graph":[{"@type":"WebPage","@id":"https:\/\/compuviper.mx\/tienda\/producto\/xerox-b230_dni-impresora-b230-36ppm-laser-monocromatico-usb-2-0-ethernet-red-wifi-duplex-silenciosa-a4\/","url":"https:\/\/compuviper.mx\/tienda\/producto\/xerox-b230_dni-impresora-b230-36ppm-laser-monocromatico-usb-2-0-ethernet-red-wifi-duplex-silenciosa-a4\/","name":"[ Xerox ] &#129351; B230_dni Impresora B230, 36ppm, Laser Monocromatico Usb 2.0, Ethernet Red, Wifi, Duplex, Silenciosa, A4","isPartOf":{"@id":"https:\/\/compuviper.mx\/tienda\/#website"},"datePublished":"2026-04-10T07:37:13+00:00","dateModified":"2026-04-10T07:37:13+00:00","description":"Compra B230_dni Impresora B230, 36ppm, Laser Monocromatico Usb 2.0, Ethernet Red, Wifi, Duplex, Silenciosa, A4 + Env\u00edo a domicilio + Pago seguro + Garant\u00eda","breadcrumb":{"@id":"https:\/\/compuviper.mx\/tienda\/producto\/xerox-b230_dni-impresora-b230-36ppm-laser-monocromatico-usb-2-0-ethernet-red-wifi-duplex-silenciosa-a4\/#breadcrumb"},"inLanguage":"es-MX","potentialAction":[{"@type":"ReadAction","target":["https:\/\/compuviper.mx\/tienda\/producto\/xerox-b230_dni-impresora-b230-36ppm-laser-monocromatico-usb-2-0-ethernet-red-wifi-duplex-silenciosa-a4\/"]}]},{"@type":"BreadcrumbList","@id":"https:\/\/compuviper.mx\/tienda\/producto\/xerox-b230_dni-impresora-b230-36ppm-laser-monocromatico-usb-2-0-ethernet-red-wifi-duplex-silenciosa-a4\/#breadcrumb","itemListElement":[{"@type":"ListItem","position":1,"name":"Inicio","item":"https:\/\/compuviper.mx\/tienda\/"},{"@type":"ListItem","position":2,"name":"Productos","item":"https:\/\/compuviper.mx\/tienda\/productos\/"},{"@type":"ListItem","position":3,"name":"Impresoras","item":"https:\/\/compuviper.mx\/tienda\/categoria-producto\/impresoras\/"},{"@type":"ListItem","position":4,"name":"Laser Monocromatica","item":"https:\/\/compuviper.mx\/tienda\/categoria-producto\/impresoras\/laser-monocromatica-impresoras\/"},{"@type":"ListItem","position":5,"name":"Xerox B230_dni Impresora B230, 36ppm, Laser Monocromatico Usb 2.0, Ethernet Red, Wifi, Duplex, Silenciosa, A4"}]},{"@type":"WebSite","@id":"https:\/\/compuviper.mx\/tienda\/#website","url":"https:\/\/compuviper.mx\/tienda\/","name":"Compuviper","description":"Proveedor de Computadoras, Laptops, Servidores, Monitores, Puntos de Venta, Teclados,   Impresoras, T\u00f3ner, C\u00e1maras de Seguridad y m\u00e1s en tu tienda en l\u00ednea","publisher":{"@id":"https:\/\/compuviper.mx\/tienda\/#organization"},"potentialAction":[{"@type":"SearchAction","target":{"@type":"EntryPoint","urlTemplate":"https:\/\/compuviper.mx\/tienda\/?s={search_term_string}"},"query-input":"required name=search_term_string"}],"inLanguage":"es-MX"},{"@type":"Organization","@id":"https:\/\/compuviper.mx\/tienda\/#organization","name":"Compuviper","url":"https:\/\/compuviper.mx\/tienda\/","logo":{"@type":"ImageObject","inLanguage":"es-MX","@id":"https:\/\/compuviper.mx\/tienda\/#\/schema\/logo\/image\/","url":"https:\/\/compuviper.mx\/tienda\/wp-content\/uploads\/2021\/08\/Logo-Compuviper-10.png","contentUrl":"https:\/\/compuviper.mx\/tienda\/wp-content\/uploads\/2021\/08\/Logo-Compuviper-10.png","width":1000,"height":500,"caption":"Compuviper"},"image":{"@id":"https:\/\/compuviper.mx\/tienda\/#\/schema\/logo\/image\/"},"sameAs":["https:\/\/www.facebook.com\/compuviper","https:\/\/www.youtube.com\/channel\/UCf73dERp9Y3cfOq7q8BhLjA?view_as=subscriber"]}]},"product_brand":"Xerox","product_price_amount":"3845","product_price_currency":"MXN","og_availability":"out of stock","product_availability":"out of stock","product_retailer_item_id":"B230_DNI","product_condition":"new"},"_links":{"self":[{"href":"https:\/\/compuviper.mx\/tienda\/wp-json\/wp\/v2\/product\/239642"}],"collection":[{"href":"https:\/\/compuviper.mx\/tienda\/wp-json\/wp\/v2\/product"}],"about":[{"href":"https:\/\/compuviper.mx\/tienda\/wp-json\/wp\/v2\/types\/product"}],"replies":[{"embeddable":true,"href":"https:\/\/compuviper.mx\/tienda\/wp-json\/wp\/v2\/comments?post=239642"}],"wp:featuredmedia":[{"embeddable":true,"href":"https:\/\/compuviper.mx\/tienda\/wp-json\/wp\/v2\/media\/243217"}],"wp:attachment":[{"href":"https:\/\/compuviper.mx\/tienda\/wp-json\/wp\/v2\/media?parent=239642"}],"wp:term":[{"taxonomy":"product_cat","embeddable":true,"href":"https:\/\/compuviper.mx\/tienda\/wp-json\/wp\/v2\/product_cat?post=239642"},{"taxonomy":"product_tag","embeddable":true,"href":"https:\/\/compuviper.mx\/tienda\/wp-json\/wp\/v2\/product_tag?post=239642"}],"curies":[{"name":"wp","href":"https:\/\/api.w.org\/{rel}","templated":true}]}}