{"id":239638,"date":"2026-04-02T01:43:47","date_gmt":"2026-04-02T07:43:47","guid":{"rendered":"https:\/\/compuviper.mx\/tienda\/producto\/xerox-b410_dn-impresora-b410-50ppm-blanco-laser-monocromatico-usb-ethernet-red-adaptador-wifi-duplex-carta-a4\/"},"modified":"2026-04-02T01:43:47","modified_gmt":"2026-04-02T07:43:47","slug":"xerox-b410_dn-impresora-b410-50ppm-laser-monocromatico-usb-ethernet-red-adaptador-wifi-duplex-carta-a4","status":"publish","type":"product","link":"https:\/\/compuviper.mx\/tienda\/producto\/xerox-b410_dn-impresora-b410-50ppm-laser-monocromatico-usb-ethernet-red-adaptador-wifi-duplex-carta-a4\/","title":{"rendered":"Xerox B410_dn Impresora  B410, 50ppm, Laser Monocromatico, Usb, Ethernet Red, Adaptador Wifi, Duplex, Carta, A4"},"content":{"rendered":"<table class=\"descripcion\">\n<tr>\n<td>Velocidad hasta 42\/40 ppm carta\/a4<\/td>\n<\/tr>\n<tr>\n<td>Ciclo de trabajo hasta 125 000 paginas\/mes<\/td>\n<\/tr>\n<tr>\n<td>Procesador procesador dual core de 1 ghz<\/td>\n<\/tr>\n<tr>\n<td>Memoria\/almacenamiento\/disco duro 1 gb de ram\/8 gb de emmc\/opcional: disco duro de mas de 500 gb<\/td>\n<\/tr>\n<tr>\n<td>Conectividad alta velocidad usb 2.0 (tipo a), usb de alta velocidad (tipo b) gigabit ethernet\/opcional: adaptador de red inalambrica (802.11 b\/g\/n\/ac)<\/td>\n<\/tr>\n<tr>\n<td>Dimensiones y pesos (altura x ancho x profundidad) 12.5 x 17.9 x 16.6 pulg.\/47 lb 318 mm x 455 mm x 421 mm\/21 kg<\/td>\n<\/tr>\n<tr>\n<td>Resolucion de impresion 1200 \u00d7 1200 ppp, 4800 de calidad de color<\/td>\n<\/tr>\n<tr>\n<td>Tiempo de salida de la primera impresion en solo 6.4 segundos color\/6.1 segundos blanco y negro<\/td>\n<\/tr>\n<\/table>\n","protected":false},"excerpt":{"rendered":"<p>La impresora compacta, fiable y segura que buscan las peque\u00f1as empresas. Perfecta para grupos de trabajo de oficina peque\u00f1os y medianos en pymes y empresas.. Impresora en blanco y negro con soporte para a4. Idonea para equipos de trabajo de 5+ usuarios. Interfaz de 4,3 pulgadas facil de usar. La seguridad integral esta incorporada. Las funciones aptas para dispositivos moviles, incluidas apple airprint y mopria, facilitan la conexion y la impresion desde cualquier dispositivo. Perfectos para equipos peque\u00f1os y medianos que necesitan impresiones confiables, estos dispositivos son increiblemente faciles de usar, lo que respalda la productividad en lugar de ser un obstaculo. La pantalla tactil de 4.3 pulgadas simplifica cada interaccion  y hace que el estado de la impresora sea claro. Con la confiabilidad cotidiana, puede estar seguro  de que estos dispositivos trabajaran tan duro como usted. Eso significa una cosa menos en que pensar  y algo menos por hacer. Sin preocupaciones de la impresora, usted tiene la libertad de hacer lo que mejor sabe hacer.<\/p>\n","protected":false},"featured_media":243213,"comment_status":"open","ping_status":"open","template":"","meta":[],"product_cat":[1777,1784],"product_tag":[2109],"acf":[],"yoast_head":"<!-- This site is optimized with the Yoast SEO plugin v21.7 - https:\/\/yoast.com\/wordpress\/plugins\/seo\/ -->\n<title>[ Xerox ] &#129351; B410_dn Impresora B410, 50ppm, Laser Monocromatico, Usb, Ethernet Red, Adaptador Wifi, Duplex, Carta, A4<\/title>\n<meta name=\"description\" content=\"Compra B410_dn Impresora B410, 50ppm, Laser Monocromatico, Usb, Ethernet Red, Adaptador Wifi, Duplex, Carta, A4 + Env\u00edo a domicilio + Pago seguro + Garant\u00eda\" \/>\n<meta name=\"robots\" content=\"index, follow, max-snippet:-1, max-image-preview:large, max-video-preview:-1\" \/>\n<link rel=\"canonical\" href=\"https:\/\/compuviper.mx\/tienda\/producto\/xerox-b410_dn-impresora-b410-50ppm-laser-monocromatico-usb-ethernet-red-adaptador-wifi-duplex-carta-a4\/\" \/>\n<meta property=\"og:locale\" content=\"es_MX\" \/>\n<meta property=\"og:type\" content=\"article\" \/>\n<meta property=\"og:title\" content=\"[ Xerox ] &#129351; B410_dn Impresora B410, 50ppm, Laser Monocromatico, Usb, Ethernet Red, Adaptador Wifi, Duplex, Carta, A4\" \/>\n<meta property=\"og:description\" content=\"Compra B410_dn Impresora B410, 50ppm, Laser Monocromatico, Usb, Ethernet Red, Adaptador Wifi, Duplex, Carta, A4 + Env\u00edo a domicilio + Pago seguro + Garant\u00eda\" \/>\n<meta property=\"og:url\" content=\"https:\/\/compuviper.mx\/tienda\/producto\/xerox-b410_dn-impresora-b410-50ppm-laser-monocromatico-usb-ethernet-red-adaptador-wifi-duplex-carta-a4\/\" \/>\n<meta property=\"og:site_name\" content=\"Compuviper\" \/>\n<meta property=\"article:publisher\" content=\"https:\/\/www.facebook.com\/compuviper\" \/>\n<meta property=\"og:image\" content=\"https:\/\/compuviper.mx\/tienda\/wp-content\/uploads\/2024\/09\/Impresora-xerox-b410-50ppm-blanco-laser-monocromatico-usb-ethernet-red-adaptador-wifi-duplex-carta-a4.jpg\" \/>\n\t<meta property=\"og:image:width\" content=\"200\" \/>\n\t<meta property=\"og:image:height\" content=\"200\" \/>\n\t<meta property=\"og:image:type\" content=\"image\/jpeg\" \/>\n<meta name=\"twitter:card\" content=\"summary_large_image\" \/>\n<meta name=\"twitter:label1\" content=\"Precio\" \/>\n\t<meta name=\"twitter:data1\" content=\"&#36;10,122 &#36;10,122 con IVA\" \/>\n\t<meta name=\"twitter:label2\" content=\"Availability\" \/>\n\t<meta name=\"twitter:data2\" content=\"In stock\" \/>\n<script type=\"application\/ld+json\" class=\"yoast-schema-graph\">{\"@context\":\"https:\/\/schema.org\",\"@graph\":[{\"@type\":\"WebPage\",\"@id\":\"https:\/\/compuviper.mx\/tienda\/producto\/xerox-b410_dn-impresora-b410-50ppm-laser-monocromatico-usb-ethernet-red-adaptador-wifi-duplex-carta-a4\/\",\"url\":\"https:\/\/compuviper.mx\/tienda\/producto\/xerox-b410_dn-impresora-b410-50ppm-laser-monocromatico-usb-ethernet-red-adaptador-wifi-duplex-carta-a4\/\",\"name\":\"[ Xerox ] &#129351; B410_dn Impresora B410, 50ppm, Laser Monocromatico, Usb, Ethernet Red, Adaptador Wifi, Duplex, Carta, A4\",\"isPartOf\":{\"@id\":\"https:\/\/compuviper.mx\/tienda\/#website\"},\"datePublished\":\"2026-04-02T07:43:47+00:00\",\"dateModified\":\"2026-04-02T07:43:47+00:00\",\"description\":\"Compra B410_dn Impresora B410, 50ppm, Laser Monocromatico, Usb, Ethernet Red, Adaptador Wifi, Duplex, Carta, A4 + Env\u00edo a domicilio + Pago seguro + Garant\u00eda\",\"breadcrumb\":{\"@id\":\"https:\/\/compuviper.mx\/tienda\/producto\/xerox-b410_dn-impresora-b410-50ppm-laser-monocromatico-usb-ethernet-red-adaptador-wifi-duplex-carta-a4\/#breadcrumb\"},\"inLanguage\":\"es-MX\",\"potentialAction\":[{\"@type\":\"ReadAction\",\"target\":[\"https:\/\/compuviper.mx\/tienda\/producto\/xerox-b410_dn-impresora-b410-50ppm-laser-monocromatico-usb-ethernet-red-adaptador-wifi-duplex-carta-a4\/\"]}]},{\"@type\":\"BreadcrumbList\",\"@id\":\"https:\/\/compuviper.mx\/tienda\/producto\/xerox-b410_dn-impresora-b410-50ppm-laser-monocromatico-usb-ethernet-red-adaptador-wifi-duplex-carta-a4\/#breadcrumb\",\"itemListElement\":[{\"@type\":\"ListItem\",\"position\":1,\"name\":\"Inicio\",\"item\":\"https:\/\/compuviper.mx\/tienda\/\"},{\"@type\":\"ListItem\",\"position\":2,\"name\":\"Productos\",\"item\":\"https:\/\/compuviper.mx\/tienda\/productos\/\"},{\"@type\":\"ListItem\",\"position\":3,\"name\":\"Impresoras\",\"item\":\"https:\/\/compuviper.mx\/tienda\/categoria-producto\/impresoras\/\"},{\"@type\":\"ListItem\",\"position\":4,\"name\":\"Laser Monocromatica\",\"item\":\"https:\/\/compuviper.mx\/tienda\/categoria-producto\/impresoras\/laser-monocromatica-impresoras\/\"},{\"@type\":\"ListItem\",\"position\":5,\"name\":\"Xerox B410_dn Impresora B410, 50ppm, Laser Monocromatico, Usb, Ethernet Red, Adaptador Wifi, Duplex, Carta, A4\"}]},{\"@type\":\"WebSite\",\"@id\":\"https:\/\/compuviper.mx\/tienda\/#website\",\"url\":\"https:\/\/compuviper.mx\/tienda\/\",\"name\":\"Compuviper\",\"description\":\"Proveedor de Computadoras, Laptops, Servidores, Monitores, Puntos de Venta, Teclados,   Impresoras, T\u00f3ner, C\u00e1maras de Seguridad y m\u00e1s en tu tienda en l\u00ednea\",\"publisher\":{\"@id\":\"https:\/\/compuviper.mx\/tienda\/#organization\"},\"potentialAction\":[{\"@type\":\"SearchAction\",\"target\":{\"@type\":\"EntryPoint\",\"urlTemplate\":\"https:\/\/compuviper.mx\/tienda\/?s={search_term_string}\"},\"query-input\":\"required name=search_term_string\"}],\"inLanguage\":\"es-MX\"},{\"@type\":\"Organization\",\"@id\":\"https:\/\/compuviper.mx\/tienda\/#organization\",\"name\":\"Compuviper\",\"url\":\"https:\/\/compuviper.mx\/tienda\/\",\"logo\":{\"@type\":\"ImageObject\",\"inLanguage\":\"es-MX\",\"@id\":\"https:\/\/compuviper.mx\/tienda\/#\/schema\/logo\/image\/\",\"url\":\"https:\/\/compuviper.mx\/tienda\/wp-content\/uploads\/2021\/08\/Logo-Compuviper-10.png\",\"contentUrl\":\"https:\/\/compuviper.mx\/tienda\/wp-content\/uploads\/2021\/08\/Logo-Compuviper-10.png\",\"width\":1000,\"height\":500,\"caption\":\"Compuviper\"},\"image\":{\"@id\":\"https:\/\/compuviper.mx\/tienda\/#\/schema\/logo\/image\/\"},\"sameAs\":[\"https:\/\/www.facebook.com\/compuviper\",\"https:\/\/www.youtube.com\/channel\/UCf73dERp9Y3cfOq7q8BhLjA?view_as=subscriber\"]}]}<\/script>\n<meta property=\"product:brand\" content=\"Xerox\" \/>\n<meta property=\"product:price:amount\" content=\"10122\" \/>\n<meta property=\"product:price:currency\" content=\"MXN\" \/>\n<meta property=\"og:availability\" content=\"instock\" \/>\n<meta property=\"product:availability\" content=\"instock\" \/>\n<meta property=\"product:retailer_item_id\" content=\"B410_DN\" \/>\n<meta property=\"product:condition\" content=\"new\" \/>\n<!-- \/ Yoast SEO plugin. -->","yoast_head_json":{"title":"[ Xerox ] &#129351; B410_dn Impresora B410, 50ppm, Laser Monocromatico, Usb, Ethernet Red, Adaptador Wifi, Duplex, Carta, A4","description":"Compra B410_dn Impresora B410, 50ppm, Laser Monocromatico, Usb, Ethernet Red, Adaptador Wifi, Duplex, Carta, A4 + Env\u00edo a domicilio + Pago seguro + Garant\u00eda","robots":{"index":"index","follow":"follow","max-snippet":"max-snippet:-1","max-image-preview":"max-image-preview:large","max-video-preview":"max-video-preview:-1"},"canonical":"https:\/\/compuviper.mx\/tienda\/producto\/xerox-b410_dn-impresora-b410-50ppm-laser-monocromatico-usb-ethernet-red-adaptador-wifi-duplex-carta-a4\/","og_locale":"es_MX","og_type":"article","og_title":"[ Xerox ] &#129351; B410_dn Impresora B410, 50ppm, Laser Monocromatico, Usb, Ethernet Red, Adaptador Wifi, Duplex, Carta, A4","og_description":"Compra B410_dn Impresora B410, 50ppm, Laser Monocromatico, Usb, Ethernet Red, Adaptador Wifi, Duplex, Carta, A4 + Env\u00edo a domicilio + Pago seguro + Garant\u00eda","og_url":"https:\/\/compuviper.mx\/tienda\/producto\/xerox-b410_dn-impresora-b410-50ppm-laser-monocromatico-usb-ethernet-red-adaptador-wifi-duplex-carta-a4\/","og_site_name":"Compuviper","article_publisher":"https:\/\/www.facebook.com\/compuviper","og_image":[{"width":200,"height":200,"url":"https:\/\/compuviper.mx\/tienda\/wp-content\/uploads\/2024\/09\/Impresora-xerox-b410-50ppm-blanco-laser-monocromatico-usb-ethernet-red-adaptador-wifi-duplex-carta-a4.jpg","type":"image\/jpeg"}],"twitter_card":"summary_large_image","twitter_misc":{"Precio":"&#36;10,122 &#36;10,122 con IVA","Availability":"In stock"},"schema":{"@context":"https:\/\/schema.org","@graph":[{"@type":"WebPage","@id":"https:\/\/compuviper.mx\/tienda\/producto\/xerox-b410_dn-impresora-b410-50ppm-laser-monocromatico-usb-ethernet-red-adaptador-wifi-duplex-carta-a4\/","url":"https:\/\/compuviper.mx\/tienda\/producto\/xerox-b410_dn-impresora-b410-50ppm-laser-monocromatico-usb-ethernet-red-adaptador-wifi-duplex-carta-a4\/","name":"[ Xerox ] &#129351; B410_dn Impresora B410, 50ppm, Laser Monocromatico, Usb, Ethernet Red, Adaptador Wifi, Duplex, Carta, A4","isPartOf":{"@id":"https:\/\/compuviper.mx\/tienda\/#website"},"datePublished":"2026-04-02T07:43:47+00:00","dateModified":"2026-04-02T07:43:47+00:00","description":"Compra B410_dn Impresora B410, 50ppm, Laser Monocromatico, Usb, Ethernet Red, Adaptador Wifi, Duplex, Carta, A4 + Env\u00edo a domicilio + Pago seguro + Garant\u00eda","breadcrumb":{"@id":"https:\/\/compuviper.mx\/tienda\/producto\/xerox-b410_dn-impresora-b410-50ppm-laser-monocromatico-usb-ethernet-red-adaptador-wifi-duplex-carta-a4\/#breadcrumb"},"inLanguage":"es-MX","potentialAction":[{"@type":"ReadAction","target":["https:\/\/compuviper.mx\/tienda\/producto\/xerox-b410_dn-impresora-b410-50ppm-laser-monocromatico-usb-ethernet-red-adaptador-wifi-duplex-carta-a4\/"]}]},{"@type":"BreadcrumbList","@id":"https:\/\/compuviper.mx\/tienda\/producto\/xerox-b410_dn-impresora-b410-50ppm-laser-monocromatico-usb-ethernet-red-adaptador-wifi-duplex-carta-a4\/#breadcrumb","itemListElement":[{"@type":"ListItem","position":1,"name":"Inicio","item":"https:\/\/compuviper.mx\/tienda\/"},{"@type":"ListItem","position":2,"name":"Productos","item":"https:\/\/compuviper.mx\/tienda\/productos\/"},{"@type":"ListItem","position":3,"name":"Impresoras","item":"https:\/\/compuviper.mx\/tienda\/categoria-producto\/impresoras\/"},{"@type":"ListItem","position":4,"name":"Laser Monocromatica","item":"https:\/\/compuviper.mx\/tienda\/categoria-producto\/impresoras\/laser-monocromatica-impresoras\/"},{"@type":"ListItem","position":5,"name":"Xerox B410_dn Impresora B410, 50ppm, Laser Monocromatico, Usb, Ethernet Red, Adaptador Wifi, Duplex, Carta, A4"}]},{"@type":"WebSite","@id":"https:\/\/compuviper.mx\/tienda\/#website","url":"https:\/\/compuviper.mx\/tienda\/","name":"Compuviper","description":"Proveedor de Computadoras, Laptops, Servidores, Monitores, Puntos de Venta, Teclados,   Impresoras, T\u00f3ner, C\u00e1maras de Seguridad y m\u00e1s en tu tienda en l\u00ednea","publisher":{"@id":"https:\/\/compuviper.mx\/tienda\/#organization"},"potentialAction":[{"@type":"SearchAction","target":{"@type":"EntryPoint","urlTemplate":"https:\/\/compuviper.mx\/tienda\/?s={search_term_string}"},"query-input":"required name=search_term_string"}],"inLanguage":"es-MX"},{"@type":"Organization","@id":"https:\/\/compuviper.mx\/tienda\/#organization","name":"Compuviper","url":"https:\/\/compuviper.mx\/tienda\/","logo":{"@type":"ImageObject","inLanguage":"es-MX","@id":"https:\/\/compuviper.mx\/tienda\/#\/schema\/logo\/image\/","url":"https:\/\/compuviper.mx\/tienda\/wp-content\/uploads\/2021\/08\/Logo-Compuviper-10.png","contentUrl":"https:\/\/compuviper.mx\/tienda\/wp-content\/uploads\/2021\/08\/Logo-Compuviper-10.png","width":1000,"height":500,"caption":"Compuviper"},"image":{"@id":"https:\/\/compuviper.mx\/tienda\/#\/schema\/logo\/image\/"},"sameAs":["https:\/\/www.facebook.com\/compuviper","https:\/\/www.youtube.com\/channel\/UCf73dERp9Y3cfOq7q8BhLjA?view_as=subscriber"]}]},"product_brand":"Xerox","product_price_amount":"10122","product_price_currency":"MXN","og_availability":"instock","product_availability":"instock","product_retailer_item_id":"B410_DN","product_condition":"new"},"_links":{"self":[{"href":"https:\/\/compuviper.mx\/tienda\/wp-json\/wp\/v2\/product\/239638"}],"collection":[{"href":"https:\/\/compuviper.mx\/tienda\/wp-json\/wp\/v2\/product"}],"about":[{"href":"https:\/\/compuviper.mx\/tienda\/wp-json\/wp\/v2\/types\/product"}],"replies":[{"embeddable":true,"href":"https:\/\/compuviper.mx\/tienda\/wp-json\/wp\/v2\/comments?post=239638"}],"wp:featuredmedia":[{"embeddable":true,"href":"https:\/\/compuviper.mx\/tienda\/wp-json\/wp\/v2\/media\/243213"}],"wp:attachment":[{"href":"https:\/\/compuviper.mx\/tienda\/wp-json\/wp\/v2\/media?parent=239638"}],"wp:term":[{"taxonomy":"product_cat","embeddable":true,"href":"https:\/\/compuviper.mx\/tienda\/wp-json\/wp\/v2\/product_cat?post=239638"},{"taxonomy":"product_tag","embeddable":true,"href":"https:\/\/compuviper.mx\/tienda\/wp-json\/wp\/v2\/product_tag?post=239638"}],"curies":[{"name":"wp","href":"https:\/\/api.w.org\/{rel}","templated":true}]}}