{"id":239543,"date":"2026-04-02T01:43:55","date_gmt":"2026-04-02T07:43:55","guid":{"rendered":"https:\/\/compuviper.mx\/tienda\/producto\/xerox-c415_dn-multifuncional-versalink-c415-42ppm-blanco-a-color-dadf-usb-ethernet-red-adaptador-de-red-a4\/"},"modified":"2026-04-03T00:00:21","modified_gmt":"2026-04-03T06:00:21","slug":"xerox-c415_dn-multifuncional-versalink-c415-42ppm-laser-color-dadf-usb-ethernet-red-adaptador-de-red-a4","status":"publish","type":"product","link":"https:\/\/compuviper.mx\/tienda\/producto\/xerox-c415_dn-multifuncional-versalink-c415-42ppm-laser-color-dadf-usb-ethernet-red-adaptador-de-red-a4\/","title":{"rendered":"Xerox C415_dn Multifuncional  Versalink C415, 42ppm, Laser Color, Dadf, Usb, Ethernet Red, Adaptador De Red, A4"},"content":{"rendered":"<table class=\"descripcion\">\n<tr>\n<td>Velocidad hasta 42\/40 ppm carta\/a4<\/td>\n<\/tr>\n<tr>\n<td>Duplex print celeritate: 21\/20 ipm (letter\/a4) color duplex y mono<\/td>\n<\/tr>\n<tr>\n<td>Velocidad de escaneado 104\/98 ipm a doble cara, 52\/49 ppm a una cara (blanco y negro) carta\/a4 84\/80 ipm a doble cara, 42\/40 ppm a una cara (color) carta\/a4<\/td>\n<\/tr>\n<tr>\n<td>Ciclo de trabajo mensual 125 000<\/td>\n<\/tr>\n<tr>\n<td>Procesador\/memoria\/disco duro quad core 1.2 ghz\/memoria del sistema 2 gb\/emmc 32 gb\/opcional: disco duro de mas de 500 gb<\/td>\n<\/tr>\n<tr>\n<td>Conectividad gigabit ethernet 10\/100\/1000, usb 2.0 de alta velocidad (tipo a), usb de alta velocidad (tipo b), nfc\/opcional: adaptador de red inalambrica (802.11 b\/g\/n\/ac + ble)<\/td>\n<\/tr>\n<tr>\n<td>Caracteristicas del controlador libreta de direcciones unificada, panel de control remoto, clonacion de configuracion, funcion fleet orchestrator, control de configuracion, tablero de seguridad<\/td>\n<\/tr>\n<tr>\n<td>Entrada de papel alimentador automatico de documentos a doble cara (dadf) de una pasada: hasta 52 ipm a 1 cara\/104 ipm a doble cara. 100 hojas; tama\u00f1os personalizados: 4.1 x 5.8 pulg. a 8.5 x 14 pulg.\/105 x 148 mm a 216 x 356 m<\/td>\n<\/tr>\n<\/table>\n","protected":false},"excerpt":{"rendered":"<p>Impresora multifuncion color con soporte para papel carta\/legal. Ideal para equipos de trabajo de 2 a 10 usuarios que imprimen hasta 10 000 paginas al mes. Copiar, imprimir, escanear, enviar por fax y correo electronico. La interfaz de usuario intuitiva similar a una tableta de 7 pulgadas le permite personalizar, simplificar y acelerar las tareas. La seguridad integral esta incorporada. Las funciones compatibles con dispositivos moviles facilitan la conexion y la impresion desde cualquier dispositivo. Desarrollado por tecnologia connectkey con aplicaciones y soluciones para satisfacer las necesidades de cada negocio. Color: hasta 42 ppm. Negro: hasta 42 ppm. Capacidad de papel estandar: 251 hojas. Capacidad maxima de papel: 1.451 hojas. El alimentador automatico de documentos a doble cara (dadf) de una sola pasada permite ahorrar tiempo al escanear simultaneamente ambos lados de los documentos de doble cara con hasta 104\/98 ipm carta\/ a4 para los equipos c415 y b415. La alta capacidad de papel impulsa la productividad, especialmente para tareas que requieren copia o escaneado de grandes lotes de documentos.<\/p>\n","protected":false},"featured_media":243238,"comment_status":"open","ping_status":"open","template":"","meta":[],"product_cat":[1787,1780],"product_tag":[2109],"acf":[],"yoast_head":"<!-- This site is optimized with the Yoast SEO plugin v21.7 - https:\/\/yoast.com\/wordpress\/plugins\/seo\/ -->\n<title>[ Xerox ] &#129351; C415_dn Multifuncional Versalink C415, 42ppm, Laser Color, Dadf, Usb, Ethernet Red, Adaptador De Red, A4<\/title>\n<meta name=\"description\" content=\"Compra C415_dn Multifuncional Versalink C415, 42ppm, Laser Color, Dadf, Usb, Ethernet Red, Adaptador De Red, A4 + Env\u00edo a domicilio + Pago seguro + Garant\u00eda\" \/>\n<meta name=\"robots\" content=\"index, follow, max-snippet:-1, max-image-preview:large, max-video-preview:-1\" \/>\n<link rel=\"canonical\" href=\"https:\/\/compuviper.mx\/tienda\/producto\/xerox-c415_dn-multifuncional-versalink-c415-42ppm-laser-color-dadf-usb-ethernet-red-adaptador-de-red-a4\/\" \/>\n<meta property=\"og:locale\" content=\"es_MX\" \/>\n<meta property=\"og:type\" content=\"article\" \/>\n<meta property=\"og:title\" content=\"[ Xerox ] &#129351; C415_dn Multifuncional Versalink C415, 42ppm, Laser Color, Dadf, Usb, Ethernet Red, Adaptador De Red, A4\" \/>\n<meta property=\"og:description\" content=\"Compra C415_dn Multifuncional Versalink C415, 42ppm, Laser Color, Dadf, Usb, Ethernet Red, Adaptador De Red, A4 + Env\u00edo a domicilio + Pago seguro + Garant\u00eda\" \/>\n<meta property=\"og:url\" content=\"https:\/\/compuviper.mx\/tienda\/producto\/xerox-c415_dn-multifuncional-versalink-c415-42ppm-laser-color-dadf-usb-ethernet-red-adaptador-de-red-a4\/\" \/>\n<meta property=\"og:site_name\" content=\"Compuviper\" \/>\n<meta property=\"article:publisher\" content=\"https:\/\/www.facebook.com\/compuviper\" \/>\n<meta property=\"article:modified_time\" content=\"2026-04-03T06:00:21+00:00\" \/>\n<meta property=\"og:image\" content=\"https:\/\/compuviper.mx\/tienda\/wp-content\/uploads\/2024\/09\/Multifuncional-xerox-versalink-c415-42ppm-blanco-a-color-dadf-usb-ethernet-red-adaptador-de-red-a4.jpg\" \/>\n\t<meta property=\"og:image:width\" content=\"200\" \/>\n\t<meta property=\"og:image:height\" content=\"200\" \/>\n\t<meta property=\"og:image:type\" content=\"image\/jpeg\" \/>\n<meta name=\"twitter:card\" content=\"summary_large_image\" \/>\n<meta name=\"twitter:label1\" content=\"Precio\" \/>\n\t<meta name=\"twitter:data1\" content=\"&#36;16,671 con IVA\" \/>\n\t<meta name=\"twitter:label2\" content=\"Availability\" \/>\n\t<meta name=\"twitter:data2\" content=\"In stock\" \/>\n<script type=\"application\/ld+json\" class=\"yoast-schema-graph\">{\"@context\":\"https:\/\/schema.org\",\"@graph\":[{\"@type\":\"WebPage\",\"@id\":\"https:\/\/compuviper.mx\/tienda\/producto\/xerox-c415_dn-multifuncional-versalink-c415-42ppm-laser-color-dadf-usb-ethernet-red-adaptador-de-red-a4\/\",\"url\":\"https:\/\/compuviper.mx\/tienda\/producto\/xerox-c415_dn-multifuncional-versalink-c415-42ppm-laser-color-dadf-usb-ethernet-red-adaptador-de-red-a4\/\",\"name\":\"[ Xerox ] &#129351; C415_dn Multifuncional Versalink C415, 42ppm, Laser Color, Dadf, Usb, Ethernet Red, Adaptador De Red, A4\",\"isPartOf\":{\"@id\":\"https:\/\/compuviper.mx\/tienda\/#website\"},\"datePublished\":\"2026-04-02T07:43:55+00:00\",\"dateModified\":\"2026-04-03T06:00:21+00:00\",\"description\":\"Compra C415_dn Multifuncional Versalink C415, 42ppm, Laser Color, Dadf, Usb, Ethernet Red, Adaptador De Red, A4 + Env\u00edo a domicilio + Pago seguro + Garant\u00eda\",\"breadcrumb\":{\"@id\":\"https:\/\/compuviper.mx\/tienda\/producto\/xerox-c415_dn-multifuncional-versalink-c415-42ppm-laser-color-dadf-usb-ethernet-red-adaptador-de-red-a4\/#breadcrumb\"},\"inLanguage\":\"es-MX\",\"potentialAction\":[{\"@type\":\"ReadAction\",\"target\":[\"https:\/\/compuviper.mx\/tienda\/producto\/xerox-c415_dn-multifuncional-versalink-c415-42ppm-laser-color-dadf-usb-ethernet-red-adaptador-de-red-a4\/\"]}]},{\"@type\":\"BreadcrumbList\",\"@id\":\"https:\/\/compuviper.mx\/tienda\/producto\/xerox-c415_dn-multifuncional-versalink-c415-42ppm-laser-color-dadf-usb-ethernet-red-adaptador-de-red-a4\/#breadcrumb\",\"itemListElement\":[{\"@type\":\"ListItem\",\"position\":1,\"name\":\"Inicio\",\"item\":\"https:\/\/compuviper.mx\/tienda\/\"},{\"@type\":\"ListItem\",\"position\":2,\"name\":\"Productos\",\"item\":\"https:\/\/compuviper.mx\/tienda\/productos\/\"},{\"@type\":\"ListItem\",\"position\":3,\"name\":\"Multifuncionales\",\"item\":\"https:\/\/compuviper.mx\/tienda\/categoria-producto\/multifuncionales\/\"},{\"@type\":\"ListItem\",\"position\":4,\"name\":\"Laser A Color\",\"item\":\"https:\/\/compuviper.mx\/tienda\/categoria-producto\/multifuncionales\/laser-a-color\/\"},{\"@type\":\"ListItem\",\"position\":5,\"name\":\"Xerox C415_dn Multifuncional Versalink C415, 42ppm, Laser Color, Dadf, Usb, Ethernet Red, Adaptador De Red, A4\"}]},{\"@type\":\"WebSite\",\"@id\":\"https:\/\/compuviper.mx\/tienda\/#website\",\"url\":\"https:\/\/compuviper.mx\/tienda\/\",\"name\":\"Compuviper\",\"description\":\"Proveedor de Computadoras, Laptops, Servidores, Monitores, Puntos de Venta, Teclados,   Impresoras, T\u00f3ner, C\u00e1maras de Seguridad y m\u00e1s en tu tienda en l\u00ednea\",\"publisher\":{\"@id\":\"https:\/\/compuviper.mx\/tienda\/#organization\"},\"potentialAction\":[{\"@type\":\"SearchAction\",\"target\":{\"@type\":\"EntryPoint\",\"urlTemplate\":\"https:\/\/compuviper.mx\/tienda\/?s={search_term_string}\"},\"query-input\":\"required name=search_term_string\"}],\"inLanguage\":\"es-MX\"},{\"@type\":\"Organization\",\"@id\":\"https:\/\/compuviper.mx\/tienda\/#organization\",\"name\":\"Compuviper\",\"url\":\"https:\/\/compuviper.mx\/tienda\/\",\"logo\":{\"@type\":\"ImageObject\",\"inLanguage\":\"es-MX\",\"@id\":\"https:\/\/compuviper.mx\/tienda\/#\/schema\/logo\/image\/\",\"url\":\"https:\/\/compuviper.mx\/tienda\/wp-content\/uploads\/2021\/08\/Logo-Compuviper-10.png\",\"contentUrl\":\"https:\/\/compuviper.mx\/tienda\/wp-content\/uploads\/2021\/08\/Logo-Compuviper-10.png\",\"width\":1000,\"height\":500,\"caption\":\"Compuviper\"},\"image\":{\"@id\":\"https:\/\/compuviper.mx\/tienda\/#\/schema\/logo\/image\/\"},\"sameAs\":[\"https:\/\/www.facebook.com\/compuviper\",\"https:\/\/www.youtube.com\/channel\/UCf73dERp9Y3cfOq7q8BhLjA?view_as=subscriber\"]}]}<\/script>\n<meta property=\"product:brand\" content=\"Xerox\" \/>\n<meta property=\"product:price:amount\" content=\"16671\" \/>\n<meta property=\"product:price:currency\" content=\"MXN\" \/>\n<meta property=\"og:availability\" content=\"instock\" \/>\n<meta property=\"product:availability\" content=\"instock\" \/>\n<meta property=\"product:retailer_item_id\" content=\"C415_DN\" \/>\n<meta property=\"product:condition\" content=\"new\" \/>\n<!-- \/ Yoast SEO plugin. -->","yoast_head_json":{"title":"[ Xerox ] &#129351; C415_dn Multifuncional Versalink C415, 42ppm, Laser Color, Dadf, Usb, Ethernet Red, Adaptador De Red, A4","description":"Compra C415_dn Multifuncional Versalink C415, 42ppm, Laser Color, Dadf, Usb, Ethernet Red, Adaptador De Red, A4 + Env\u00edo a domicilio + Pago seguro + Garant\u00eda","robots":{"index":"index","follow":"follow","max-snippet":"max-snippet:-1","max-image-preview":"max-image-preview:large","max-video-preview":"max-video-preview:-1"},"canonical":"https:\/\/compuviper.mx\/tienda\/producto\/xerox-c415_dn-multifuncional-versalink-c415-42ppm-laser-color-dadf-usb-ethernet-red-adaptador-de-red-a4\/","og_locale":"es_MX","og_type":"article","og_title":"[ Xerox ] &#129351; C415_dn Multifuncional Versalink C415, 42ppm, Laser Color, Dadf, Usb, Ethernet Red, Adaptador De Red, A4","og_description":"Compra C415_dn Multifuncional Versalink C415, 42ppm, Laser Color, Dadf, Usb, Ethernet Red, Adaptador De Red, A4 + Env\u00edo a domicilio + Pago seguro + Garant\u00eda","og_url":"https:\/\/compuviper.mx\/tienda\/producto\/xerox-c415_dn-multifuncional-versalink-c415-42ppm-laser-color-dadf-usb-ethernet-red-adaptador-de-red-a4\/","og_site_name":"Compuviper","article_publisher":"https:\/\/www.facebook.com\/compuviper","article_modified_time":"2026-04-03T06:00:21+00:00","og_image":[{"width":200,"height":200,"url":"https:\/\/compuviper.mx\/tienda\/wp-content\/uploads\/2024\/09\/Multifuncional-xerox-versalink-c415-42ppm-blanco-a-color-dadf-usb-ethernet-red-adaptador-de-red-a4.jpg","type":"image\/jpeg"}],"twitter_card":"summary_large_image","twitter_misc":{"Precio":"&#36;16,671 con IVA","Availability":"In stock"},"schema":{"@context":"https:\/\/schema.org","@graph":[{"@type":"WebPage","@id":"https:\/\/compuviper.mx\/tienda\/producto\/xerox-c415_dn-multifuncional-versalink-c415-42ppm-laser-color-dadf-usb-ethernet-red-adaptador-de-red-a4\/","url":"https:\/\/compuviper.mx\/tienda\/producto\/xerox-c415_dn-multifuncional-versalink-c415-42ppm-laser-color-dadf-usb-ethernet-red-adaptador-de-red-a4\/","name":"[ Xerox ] &#129351; C415_dn Multifuncional Versalink C415, 42ppm, Laser Color, Dadf, Usb, Ethernet Red, Adaptador De Red, A4","isPartOf":{"@id":"https:\/\/compuviper.mx\/tienda\/#website"},"datePublished":"2026-04-02T07:43:55+00:00","dateModified":"2026-04-03T06:00:21+00:00","description":"Compra C415_dn Multifuncional Versalink C415, 42ppm, Laser Color, Dadf, Usb, Ethernet Red, Adaptador De Red, A4 + Env\u00edo a domicilio + Pago seguro + Garant\u00eda","breadcrumb":{"@id":"https:\/\/compuviper.mx\/tienda\/producto\/xerox-c415_dn-multifuncional-versalink-c415-42ppm-laser-color-dadf-usb-ethernet-red-adaptador-de-red-a4\/#breadcrumb"},"inLanguage":"es-MX","potentialAction":[{"@type":"ReadAction","target":["https:\/\/compuviper.mx\/tienda\/producto\/xerox-c415_dn-multifuncional-versalink-c415-42ppm-laser-color-dadf-usb-ethernet-red-adaptador-de-red-a4\/"]}]},{"@type":"BreadcrumbList","@id":"https:\/\/compuviper.mx\/tienda\/producto\/xerox-c415_dn-multifuncional-versalink-c415-42ppm-laser-color-dadf-usb-ethernet-red-adaptador-de-red-a4\/#breadcrumb","itemListElement":[{"@type":"ListItem","position":1,"name":"Inicio","item":"https:\/\/compuviper.mx\/tienda\/"},{"@type":"ListItem","position":2,"name":"Productos","item":"https:\/\/compuviper.mx\/tienda\/productos\/"},{"@type":"ListItem","position":3,"name":"Multifuncionales","item":"https:\/\/compuviper.mx\/tienda\/categoria-producto\/multifuncionales\/"},{"@type":"ListItem","position":4,"name":"Laser A Color","item":"https:\/\/compuviper.mx\/tienda\/categoria-producto\/multifuncionales\/laser-a-color\/"},{"@type":"ListItem","position":5,"name":"Xerox C415_dn Multifuncional Versalink C415, 42ppm, Laser Color, Dadf, Usb, Ethernet Red, Adaptador De Red, A4"}]},{"@type":"WebSite","@id":"https:\/\/compuviper.mx\/tienda\/#website","url":"https:\/\/compuviper.mx\/tienda\/","name":"Compuviper","description":"Proveedor de Computadoras, Laptops, Servidores, Monitores, Puntos de Venta, Teclados,   Impresoras, T\u00f3ner, C\u00e1maras de Seguridad y m\u00e1s en tu tienda en l\u00ednea","publisher":{"@id":"https:\/\/compuviper.mx\/tienda\/#organization"},"potentialAction":[{"@type":"SearchAction","target":{"@type":"EntryPoint","urlTemplate":"https:\/\/compuviper.mx\/tienda\/?s={search_term_string}"},"query-input":"required name=search_term_string"}],"inLanguage":"es-MX"},{"@type":"Organization","@id":"https:\/\/compuviper.mx\/tienda\/#organization","name":"Compuviper","url":"https:\/\/compuviper.mx\/tienda\/","logo":{"@type":"ImageObject","inLanguage":"es-MX","@id":"https:\/\/compuviper.mx\/tienda\/#\/schema\/logo\/image\/","url":"https:\/\/compuviper.mx\/tienda\/wp-content\/uploads\/2021\/08\/Logo-Compuviper-10.png","contentUrl":"https:\/\/compuviper.mx\/tienda\/wp-content\/uploads\/2021\/08\/Logo-Compuviper-10.png","width":1000,"height":500,"caption":"Compuviper"},"image":{"@id":"https:\/\/compuviper.mx\/tienda\/#\/schema\/logo\/image\/"},"sameAs":["https:\/\/www.facebook.com\/compuviper","https:\/\/www.youtube.com\/channel\/UCf73dERp9Y3cfOq7q8BhLjA?view_as=subscriber"]}]},"product_brand":"Xerox","product_price_amount":"16671","product_price_currency":"MXN","og_availability":"instock","product_availability":"instock","product_retailer_item_id":"C415_DN","product_condition":"new"},"_links":{"self":[{"href":"https:\/\/compuviper.mx\/tienda\/wp-json\/wp\/v2\/product\/239543"}],"collection":[{"href":"https:\/\/compuviper.mx\/tienda\/wp-json\/wp\/v2\/product"}],"about":[{"href":"https:\/\/compuviper.mx\/tienda\/wp-json\/wp\/v2\/types\/product"}],"replies":[{"embeddable":true,"href":"https:\/\/compuviper.mx\/tienda\/wp-json\/wp\/v2\/comments?post=239543"}],"wp:featuredmedia":[{"embeddable":true,"href":"https:\/\/compuviper.mx\/tienda\/wp-json\/wp\/v2\/media\/243238"}],"wp:attachment":[{"href":"https:\/\/compuviper.mx\/tienda\/wp-json\/wp\/v2\/media?parent=239543"}],"wp:term":[{"taxonomy":"product_cat","embeddable":true,"href":"https:\/\/compuviper.mx\/tienda\/wp-json\/wp\/v2\/product_cat?post=239543"},{"taxonomy":"product_tag","embeddable":true,"href":"https:\/\/compuviper.mx\/tienda\/wp-json\/wp\/v2\/product_tag?post=239543"}],"curies":[{"name":"wp","href":"https:\/\/api.w.org\/{rel}","templated":true}]}}