{"id":239538,"date":"2026-04-11T01:42:26","date_gmt":"2026-04-11T07:42:26","guid":{"rendered":"https:\/\/compuviper.mx\/tienda\/producto\/xerox-b7135_d-multifuncional-versalink-b7135-35ppm-blanco-monocromatico-duplex-usb-ethernet-red-bluetooth-wifi-a3\/"},"modified":"2026-04-11T01:42:27","modified_gmt":"2026-04-11T07:42:27","slug":"xerox-b7135_d-multifuncional-versalink-b7135-35ppm-laser-monocromatico-duplex-usb-ethernet-red-bluetooth-wifi-tabloide-a3-requiere-instalacion-por-agencia-de-servicio","status":"publish","type":"product","link":"https:\/\/compuviper.mx\/tienda\/producto\/xerox-b7135_d-multifuncional-versalink-b7135-35ppm-laser-monocromatico-duplex-usb-ethernet-red-bluetooth-wifi-tabloide-a3-requiere-instalacion-por-agencia-de-servicio\/","title":{"rendered":"Xerox B7135_d Multifuncional  Versalink B7135, 35ppm, Laser Monocromatico, Duplex, Usb, Ethernet Red, Bluetooth, Wifi, Tabloide\/a3 -requiere Instalacion Por Agencia De Servicio-"},"content":{"rendered":"<table class=\"descripcion\">\n<tr>\n<td>Velocidad hasta 35ppm<\/td>\n<\/tr>\n<tr>\n<td>Ciclo de trabajo mensual hasta 153 000 paginas<\/td>\n<\/tr>\n<tr>\n<td>Disco duro\/procesador\/memoria unidad de disco duro de 320 gb4\/doble nucleo, 1,05 ghz\/memoria de 4 gb<\/td>\n<\/tr>\n<tr>\n<td>Conectividad ethernet 10\/100\/1000 base-t, usb 3.0 de alta velocidad, wi-fi y wi-fi direct con kit de wi-fi opcional, funcionalidad nfc \u00bfpulsar para emparejar\u00bf<\/td>\n<\/tr>\n<tr>\n<td>Funciones del controlador ibreta de direcciones unificada, clonacion de la configuracion, vista previa de escaneado, xerox extensible interface platform, aplicacion xerox app gallery, contabilidad estandar de xerox, permisos basados en roles, autenticacion activada, ayuda en linea<\/td>\n<\/tr>\n<tr>\n<td>Copia e impresion copia: hasta 600 x 600 ppp; impresion: hasta 1200 x 1200 ppp<\/td>\n<\/tr>\n<tr>\n<td>Salida de la primera copia (en solo) en solo 4.3 segundos blanco y negro<\/td>\n<\/tr>\n<tr>\n<td>N solo 5,8 segundos blanco y negro en solo 4.8 segundos blanco y negro<\/td>\n<\/tr>\n<tr>\n<td>Entrada de papel alimentador automatico de documentos a dos caras (dadf) de una sola pasada: 130 hojas: velocidad: hasta 80 ipm.  tama\u00f1os personalizados: de 1,93 x 3,35 a 11,69 x 17 pulg.\/de 49 x 85 a 297 x 431,8 mm<\/td>\n<\/tr>\n<\/table>\n","protected":false},"excerpt":{"rendered":"<p>Mfp en color con soporte para a3. Copia, impresion, escaneado, fax, correo electronico y nube. La interfaz de usuario intuitiva, similar a la de una tableta, le permite personalizar, simplificar y agilizar las tareas repetitivas. La seguridad integral esta incorporada. Ideales para grupos de trabajo de peque\u00f1os a medianos. Dimensiones reducidas: la acabadora de oficina integrada ahorra espacio sin sacrificar caracteristicas ni funcionalidad. Con una salida de alta resolucion de 1200 x  1200 ppp, versalink lleva los documentos al siguiente nivel con una calidad de imagen nitida. Los negros puros y las sombras mas suaves repercuten en sus comunicaciones, mientras que  el texto nitido mejora la claridad y la legibilidad.<\/p>\n","protected":false},"featured_media":243231,"comment_status":"open","ping_status":"open","template":"","meta":[],"product_cat":[1780,1782],"product_tag":[2109],"acf":[],"yoast_head":"<!-- This site is optimized with the Yoast SEO plugin v21.7 - https:\/\/yoast.com\/wordpress\/plugins\/seo\/ -->\n<title>[ Xerox ] &#129351; B7135_d Multifuncional Versalink B7135, 35ppm, Laser Monocromatico, Duplex, Usb, Ethernet Red, Bluetooth, Wifi, Tabloide\/a3 -requiere Instalacion Por Agencia De Servicio-<\/title>\n<meta name=\"description\" content=\"Compra B7135_d Multifuncional Versalink B7135, 35ppm, Laser Monocromatico, Duplex, Usb, Ethernet Red, Bluetooth, Wifi, Tabloide\/a3 -requiere Instalacion Por Agencia De Servicio- + Env\u00edo a domicilio + Pago seguro + Garant\u00eda\" \/>\n<meta name=\"robots\" content=\"index, follow, max-snippet:-1, max-image-preview:large, max-video-preview:-1\" \/>\n<link rel=\"canonical\" href=\"https:\/\/compuviper.mx\/tienda\/producto\/xerox-b7135_d-multifuncional-versalink-b7135-35ppm-laser-monocromatico-duplex-usb-ethernet-red-bluetooth-wifi-tabloide-a3-requiere-instalacion-por-agencia-de-servicio\/\" \/>\n<meta property=\"og:locale\" content=\"es_MX\" \/>\n<meta property=\"og:type\" content=\"article\" \/>\n<meta property=\"og:title\" content=\"[ Xerox ] &#129351; B7135_d Multifuncional Versalink B7135, 35ppm, Laser Monocromatico, Duplex, Usb, Ethernet Red, Bluetooth, Wifi, Tabloide\/a3 -requiere Instalacion Por Agencia De Servicio-\" \/>\n<meta property=\"og:description\" content=\"Compra B7135_d Multifuncional Versalink B7135, 35ppm, Laser Monocromatico, Duplex, Usb, Ethernet Red, Bluetooth, Wifi, Tabloide\/a3 -requiere Instalacion Por Agencia De Servicio- + Env\u00edo a domicilio + Pago seguro + Garant\u00eda\" \/>\n<meta property=\"og:url\" content=\"https:\/\/compuviper.mx\/tienda\/producto\/xerox-b7135_d-multifuncional-versalink-b7135-35ppm-laser-monocromatico-duplex-usb-ethernet-red-bluetooth-wifi-tabloide-a3-requiere-instalacion-por-agencia-de-servicio\/\" \/>\n<meta property=\"og:site_name\" content=\"Compuviper\" \/>\n<meta property=\"article:publisher\" content=\"https:\/\/www.facebook.com\/compuviper\" \/>\n<meta property=\"article:modified_time\" content=\"2026-04-11T07:42:27+00:00\" \/>\n<meta property=\"og:image\" content=\"https:\/\/compuviper.mx\/tienda\/wp-content\/uploads\/2024\/09\/Multifuncional-xerox-versalink-b7135-35ppm-blanco-monocromatico-duplex-usb-ethernet-red-bluetooth-wifi-a3.jpg\" \/>\n\t<meta property=\"og:image:width\" content=\"200\" \/>\n\t<meta property=\"og:image:height\" content=\"200\" \/>\n\t<meta property=\"og:image:type\" content=\"image\/jpeg\" \/>\n<meta name=\"twitter:card\" content=\"summary_large_image\" \/>\n<meta name=\"twitter:label1\" content=\"Precio\" \/>\n\t<meta name=\"twitter:data1\" content=\"&#36;58,310 &#36;58,309 con IVA\" \/>\n\t<meta name=\"twitter:label2\" content=\"Availability\" \/>\n\t<meta name=\"twitter:data2\" content=\"Out of stock\" \/>\n<script type=\"application\/ld+json\" class=\"yoast-schema-graph\">{\"@context\":\"https:\/\/schema.org\",\"@graph\":[{\"@type\":\"WebPage\",\"@id\":\"https:\/\/compuviper.mx\/tienda\/producto\/xerox-b7135_d-multifuncional-versalink-b7135-35ppm-laser-monocromatico-duplex-usb-ethernet-red-bluetooth-wifi-tabloide-a3-requiere-instalacion-por-agencia-de-servicio\/\",\"url\":\"https:\/\/compuviper.mx\/tienda\/producto\/xerox-b7135_d-multifuncional-versalink-b7135-35ppm-laser-monocromatico-duplex-usb-ethernet-red-bluetooth-wifi-tabloide-a3-requiere-instalacion-por-agencia-de-servicio\/\",\"name\":\"[ Xerox ] &#129351; B7135_d Multifuncional Versalink B7135, 35ppm, Laser Monocromatico, Duplex, Usb, Ethernet Red, Bluetooth, Wifi, Tabloide\/a3 -requiere Instalacion Por Agencia De Servicio-\",\"isPartOf\":{\"@id\":\"https:\/\/compuviper.mx\/tienda\/#website\"},\"datePublished\":\"2026-04-11T07:42:26+00:00\",\"dateModified\":\"2026-04-11T07:42:27+00:00\",\"description\":\"Compra B7135_d Multifuncional Versalink B7135, 35ppm, Laser Monocromatico, Duplex, Usb, Ethernet Red, Bluetooth, Wifi, Tabloide\/a3 -requiere Instalacion Por Agencia De Servicio- + Env\u00edo a domicilio + Pago seguro + Garant\u00eda\",\"breadcrumb\":{\"@id\":\"https:\/\/compuviper.mx\/tienda\/producto\/xerox-b7135_d-multifuncional-versalink-b7135-35ppm-laser-monocromatico-duplex-usb-ethernet-red-bluetooth-wifi-tabloide-a3-requiere-instalacion-por-agencia-de-servicio\/#breadcrumb\"},\"inLanguage\":\"es-MX\",\"potentialAction\":[{\"@type\":\"ReadAction\",\"target\":[\"https:\/\/compuviper.mx\/tienda\/producto\/xerox-b7135_d-multifuncional-versalink-b7135-35ppm-laser-monocromatico-duplex-usb-ethernet-red-bluetooth-wifi-tabloide-a3-requiere-instalacion-por-agencia-de-servicio\/\"]}]},{\"@type\":\"BreadcrumbList\",\"@id\":\"https:\/\/compuviper.mx\/tienda\/producto\/xerox-b7135_d-multifuncional-versalink-b7135-35ppm-laser-monocromatico-duplex-usb-ethernet-red-bluetooth-wifi-tabloide-a3-requiere-instalacion-por-agencia-de-servicio\/#breadcrumb\",\"itemListElement\":[{\"@type\":\"ListItem\",\"position\":1,\"name\":\"Inicio\",\"item\":\"https:\/\/compuviper.mx\/tienda\/\"},{\"@type\":\"ListItem\",\"position\":2,\"name\":\"Productos\",\"item\":\"https:\/\/compuviper.mx\/tienda\/productos\/\"},{\"@type\":\"ListItem\",\"position\":3,\"name\":\"Multifuncionales\",\"item\":\"https:\/\/compuviper.mx\/tienda\/categoria-producto\/multifuncionales\/\"},{\"@type\":\"ListItem\",\"position\":4,\"name\":\"Laser Monocromatica\",\"item\":\"https:\/\/compuviper.mx\/tienda\/categoria-producto\/multifuncionales\/laser-monocromatica\/\"},{\"@type\":\"ListItem\",\"position\":5,\"name\":\"Xerox B7135_d Multifuncional Versalink B7135, 35ppm, Laser Monocromatico, Duplex, Usb, Ethernet Red, Bluetooth, Wifi, Tabloide\/a3 -requiere Instalacion Por Agencia De Servicio-\"}]},{\"@type\":\"WebSite\",\"@id\":\"https:\/\/compuviper.mx\/tienda\/#website\",\"url\":\"https:\/\/compuviper.mx\/tienda\/\",\"name\":\"Compuviper\",\"description\":\"Proveedor de Computadoras, Laptops, Servidores, Monitores, Puntos de Venta, Teclados,   Impresoras, T\u00f3ner, C\u00e1maras de Seguridad y m\u00e1s en tu tienda en l\u00ednea\",\"publisher\":{\"@id\":\"https:\/\/compuviper.mx\/tienda\/#organization\"},\"potentialAction\":[{\"@type\":\"SearchAction\",\"target\":{\"@type\":\"EntryPoint\",\"urlTemplate\":\"https:\/\/compuviper.mx\/tienda\/?s={search_term_string}\"},\"query-input\":\"required name=search_term_string\"}],\"inLanguage\":\"es-MX\"},{\"@type\":\"Organization\",\"@id\":\"https:\/\/compuviper.mx\/tienda\/#organization\",\"name\":\"Compuviper\",\"url\":\"https:\/\/compuviper.mx\/tienda\/\",\"logo\":{\"@type\":\"ImageObject\",\"inLanguage\":\"es-MX\",\"@id\":\"https:\/\/compuviper.mx\/tienda\/#\/schema\/logo\/image\/\",\"url\":\"https:\/\/compuviper.mx\/tienda\/wp-content\/uploads\/2021\/08\/Logo-Compuviper-10.png\",\"contentUrl\":\"https:\/\/compuviper.mx\/tienda\/wp-content\/uploads\/2021\/08\/Logo-Compuviper-10.png\",\"width\":1000,\"height\":500,\"caption\":\"Compuviper\"},\"image\":{\"@id\":\"https:\/\/compuviper.mx\/tienda\/#\/schema\/logo\/image\/\"},\"sameAs\":[\"https:\/\/www.facebook.com\/compuviper\",\"https:\/\/www.youtube.com\/channel\/UCf73dERp9Y3cfOq7q8BhLjA?view_as=subscriber\"]}]}<\/script>\n<meta property=\"product:brand\" content=\"Xerox\" \/>\n<meta property=\"product:price:amount\" content=\"58309\" \/>\n<meta property=\"product:price:currency\" content=\"MXN\" \/>\n<meta property=\"og:availability\" content=\"out of stock\" \/>\n<meta property=\"product:availability\" content=\"out of stock\" \/>\n<meta property=\"product:retailer_item_id\" content=\"B7135_D\" \/>\n<meta property=\"product:condition\" content=\"new\" \/>\n<!-- \/ Yoast SEO plugin. -->","yoast_head_json":{"title":"[ Xerox ] &#129351; B7135_d Multifuncional Versalink B7135, 35ppm, Laser Monocromatico, Duplex, Usb, Ethernet Red, Bluetooth, Wifi, Tabloide\/a3 -requiere Instalacion Por Agencia De Servicio-","description":"Compra B7135_d Multifuncional Versalink B7135, 35ppm, Laser Monocromatico, Duplex, Usb, Ethernet Red, Bluetooth, Wifi, Tabloide\/a3 -requiere Instalacion Por Agencia De Servicio- + Env\u00edo a domicilio + Pago seguro + Garant\u00eda","robots":{"index":"index","follow":"follow","max-snippet":"max-snippet:-1","max-image-preview":"max-image-preview:large","max-video-preview":"max-video-preview:-1"},"canonical":"https:\/\/compuviper.mx\/tienda\/producto\/xerox-b7135_d-multifuncional-versalink-b7135-35ppm-laser-monocromatico-duplex-usb-ethernet-red-bluetooth-wifi-tabloide-a3-requiere-instalacion-por-agencia-de-servicio\/","og_locale":"es_MX","og_type":"article","og_title":"[ Xerox ] &#129351; B7135_d Multifuncional Versalink B7135, 35ppm, Laser Monocromatico, Duplex, Usb, Ethernet Red, Bluetooth, Wifi, Tabloide\/a3 -requiere Instalacion Por Agencia De Servicio-","og_description":"Compra B7135_d Multifuncional Versalink B7135, 35ppm, Laser Monocromatico, Duplex, Usb, Ethernet Red, Bluetooth, Wifi, Tabloide\/a3 -requiere Instalacion Por Agencia De Servicio- + Env\u00edo a domicilio + Pago seguro + Garant\u00eda","og_url":"https:\/\/compuviper.mx\/tienda\/producto\/xerox-b7135_d-multifuncional-versalink-b7135-35ppm-laser-monocromatico-duplex-usb-ethernet-red-bluetooth-wifi-tabloide-a3-requiere-instalacion-por-agencia-de-servicio\/","og_site_name":"Compuviper","article_publisher":"https:\/\/www.facebook.com\/compuviper","article_modified_time":"2026-04-11T07:42:27+00:00","og_image":[{"width":200,"height":200,"url":"https:\/\/compuviper.mx\/tienda\/wp-content\/uploads\/2024\/09\/Multifuncional-xerox-versalink-b7135-35ppm-blanco-monocromatico-duplex-usb-ethernet-red-bluetooth-wifi-a3.jpg","type":"image\/jpeg"}],"twitter_card":"summary_large_image","twitter_misc":{"Precio":"&#36;58,310 &#36;58,309 con IVA","Availability":"Out of stock"},"schema":{"@context":"https:\/\/schema.org","@graph":[{"@type":"WebPage","@id":"https:\/\/compuviper.mx\/tienda\/producto\/xerox-b7135_d-multifuncional-versalink-b7135-35ppm-laser-monocromatico-duplex-usb-ethernet-red-bluetooth-wifi-tabloide-a3-requiere-instalacion-por-agencia-de-servicio\/","url":"https:\/\/compuviper.mx\/tienda\/producto\/xerox-b7135_d-multifuncional-versalink-b7135-35ppm-laser-monocromatico-duplex-usb-ethernet-red-bluetooth-wifi-tabloide-a3-requiere-instalacion-por-agencia-de-servicio\/","name":"[ Xerox ] &#129351; B7135_d Multifuncional Versalink B7135, 35ppm, Laser Monocromatico, Duplex, Usb, Ethernet Red, Bluetooth, Wifi, Tabloide\/a3 -requiere Instalacion Por Agencia De Servicio-","isPartOf":{"@id":"https:\/\/compuviper.mx\/tienda\/#website"},"datePublished":"2026-04-11T07:42:26+00:00","dateModified":"2026-04-11T07:42:27+00:00","description":"Compra B7135_d Multifuncional Versalink B7135, 35ppm, Laser Monocromatico, Duplex, Usb, Ethernet Red, Bluetooth, Wifi, Tabloide\/a3 -requiere Instalacion Por Agencia De Servicio- + Env\u00edo a domicilio + Pago seguro + Garant\u00eda","breadcrumb":{"@id":"https:\/\/compuviper.mx\/tienda\/producto\/xerox-b7135_d-multifuncional-versalink-b7135-35ppm-laser-monocromatico-duplex-usb-ethernet-red-bluetooth-wifi-tabloide-a3-requiere-instalacion-por-agencia-de-servicio\/#breadcrumb"},"inLanguage":"es-MX","potentialAction":[{"@type":"ReadAction","target":["https:\/\/compuviper.mx\/tienda\/producto\/xerox-b7135_d-multifuncional-versalink-b7135-35ppm-laser-monocromatico-duplex-usb-ethernet-red-bluetooth-wifi-tabloide-a3-requiere-instalacion-por-agencia-de-servicio\/"]}]},{"@type":"BreadcrumbList","@id":"https:\/\/compuviper.mx\/tienda\/producto\/xerox-b7135_d-multifuncional-versalink-b7135-35ppm-laser-monocromatico-duplex-usb-ethernet-red-bluetooth-wifi-tabloide-a3-requiere-instalacion-por-agencia-de-servicio\/#breadcrumb","itemListElement":[{"@type":"ListItem","position":1,"name":"Inicio","item":"https:\/\/compuviper.mx\/tienda\/"},{"@type":"ListItem","position":2,"name":"Productos","item":"https:\/\/compuviper.mx\/tienda\/productos\/"},{"@type":"ListItem","position":3,"name":"Multifuncionales","item":"https:\/\/compuviper.mx\/tienda\/categoria-producto\/multifuncionales\/"},{"@type":"ListItem","position":4,"name":"Laser Monocromatica","item":"https:\/\/compuviper.mx\/tienda\/categoria-producto\/multifuncionales\/laser-monocromatica\/"},{"@type":"ListItem","position":5,"name":"Xerox B7135_d Multifuncional Versalink B7135, 35ppm, Laser Monocromatico, Duplex, Usb, Ethernet Red, Bluetooth, Wifi, Tabloide\/a3 -requiere Instalacion Por Agencia De Servicio-"}]},{"@type":"WebSite","@id":"https:\/\/compuviper.mx\/tienda\/#website","url":"https:\/\/compuviper.mx\/tienda\/","name":"Compuviper","description":"Proveedor de Computadoras, Laptops, Servidores, Monitores, Puntos de Venta, Teclados,   Impresoras, T\u00f3ner, C\u00e1maras de Seguridad y m\u00e1s en tu tienda en l\u00ednea","publisher":{"@id":"https:\/\/compuviper.mx\/tienda\/#organization"},"potentialAction":[{"@type":"SearchAction","target":{"@type":"EntryPoint","urlTemplate":"https:\/\/compuviper.mx\/tienda\/?s={search_term_string}"},"query-input":"required name=search_term_string"}],"inLanguage":"es-MX"},{"@type":"Organization","@id":"https:\/\/compuviper.mx\/tienda\/#organization","name":"Compuviper","url":"https:\/\/compuviper.mx\/tienda\/","logo":{"@type":"ImageObject","inLanguage":"es-MX","@id":"https:\/\/compuviper.mx\/tienda\/#\/schema\/logo\/image\/","url":"https:\/\/compuviper.mx\/tienda\/wp-content\/uploads\/2021\/08\/Logo-Compuviper-10.png","contentUrl":"https:\/\/compuviper.mx\/tienda\/wp-content\/uploads\/2021\/08\/Logo-Compuviper-10.png","width":1000,"height":500,"caption":"Compuviper"},"image":{"@id":"https:\/\/compuviper.mx\/tienda\/#\/schema\/logo\/image\/"},"sameAs":["https:\/\/www.facebook.com\/compuviper","https:\/\/www.youtube.com\/channel\/UCf73dERp9Y3cfOq7q8BhLjA?view_as=subscriber"]}]},"product_brand":"Xerox","product_price_amount":"58309","product_price_currency":"MXN","og_availability":"out of stock","product_availability":"out of stock","product_retailer_item_id":"B7135_D","product_condition":"new"},"_links":{"self":[{"href":"https:\/\/compuviper.mx\/tienda\/wp-json\/wp\/v2\/product\/239538"}],"collection":[{"href":"https:\/\/compuviper.mx\/tienda\/wp-json\/wp\/v2\/product"}],"about":[{"href":"https:\/\/compuviper.mx\/tienda\/wp-json\/wp\/v2\/types\/product"}],"replies":[{"embeddable":true,"href":"https:\/\/compuviper.mx\/tienda\/wp-json\/wp\/v2\/comments?post=239538"}],"wp:featuredmedia":[{"embeddable":true,"href":"https:\/\/compuviper.mx\/tienda\/wp-json\/wp\/v2\/media\/243231"}],"wp:attachment":[{"href":"https:\/\/compuviper.mx\/tienda\/wp-json\/wp\/v2\/media?parent=239538"}],"wp:term":[{"taxonomy":"product_cat","embeddable":true,"href":"https:\/\/compuviper.mx\/tienda\/wp-json\/wp\/v2\/product_cat?post=239538"},{"taxonomy":"product_tag","embeddable":true,"href":"https:\/\/compuviper.mx\/tienda\/wp-json\/wp\/v2\/product_tag?post=239538"}],"curies":[{"name":"wp","href":"https:\/\/api.w.org\/{rel}","templated":true}]}}