{"id":239529,"date":"2026-04-23T00:14:38","date_gmt":"2026-04-23T06:14:38","guid":{"rendered":"https:\/\/compuviper.mx\/tienda\/producto\/dahua-dh-hac-hum3200an-camara-analoga-hac-hum3200a-hdcvi-oculta-en-sensor-de-movimiento-2-megapixeles-super-adapt-lente-de-2-8mm-105-grados-de-apertura-ir-de-10-metros-dwdr-soporta-cvi-cvb\/"},"modified":"2026-04-23T00:14:38","modified_gmt":"2026-04-23T06:14:38","slug":"dahua-dh-hac-hum3200an-camara-analoga-hac-hum3200a-hdcvi-oculta-en-sensor-de-movimiento-2-megapixeles-super-adapt-lente-de-2-8mm-105-grados-de-apertura-ir-de-10-metros-dwdr-soporta-cvi-cvbs","status":"publish","type":"product","link":"https:\/\/compuviper.mx\/tienda\/producto\/dahua-dh-hac-hum3200an-camara-analoga-hac-hum3200a-hdcvi-oculta-en-sensor-de-movimiento-2-megapixeles-super-adapt-lente-de-2-8mm-105-grados-de-apertura-ir-de-10-metros-dwdr-soporta-cvi-cvbs\/","title":{"rendered":"Dahua Dh-hac-hum3200an Camara Analoga\/ \/ Hac-hum3200a\/ Hdcvi Oculta En Sensor De Movimiento\/ 2 Megapixeles\/ Super Adapt\/ Lente De 2.8mm\/ 105 Grados De Apertura\/ Ir De 10 Metros\/ Dwdr\/ Soporta Cvi\/cvbs\/ahd\/tvi"},"content":{"rendered":"<table class=\"descripcion\">\n<tr>\n<td>Caracteristicas principales<\/td>\n<\/tr>\n<tr>\n<td>\u00b7 max. 30 fps a 1080p.<\/td>\n<\/tr>\n<tr>\n<td>\u00b7 distancia de iluminacion de 10 m (940nm ir sin exposicion ir).<\/td>\n<\/tr>\n<tr>\n<td>\u00b7 super adaptacion.<\/td>\n<\/tr>\n<tr>\n<td>\u00b7 lente fija de 2,8 mm.<\/td>\n<\/tr>\n<tr>\n<td>\u00b7 cvi\/cvbs\/ahd\/tvi conmutable.<\/td>\n<\/tr>\n<tr>\n<td>\u00b7 12 vdc.<\/td>\n<\/tr>\n<tr>\n<td>Especificaciones tecnicas<\/td>\n<\/tr>\n<tr>\n<td>Cmos de 2 megapixeles<\/td>\n<\/tr>\n<tr>\n<td>Max. resolucion 1920 (h) x 1080 (v)<\/td>\n<\/tr>\n<tr>\n<td>Velocidad de obturaci\u00f3n electronica: pal: 1\/25 s\u00961\/100000s ntsc: 1\/30 s\u00961\/100000s<\/td>\n<\/tr>\n<tr>\n<td>Min. iluminacion: 0,01 lux@f2.0 (b\/n, 30 ire) 0 lux (iluminador encendido)<\/td>\n<\/tr>\n<tr>\n<td>Relacion se\u00f1al\/ruido:   65db<\/td>\n<\/tr>\n<\/table>\n","protected":false},"excerpt":{"rendered":"<p>Informacion general. La serie micro-size incluye un alto rendimiento en un tama\u00f1o peque\u00f1o. Proporciona una variedad de soluciones para escenarios que requieren c\u00e1maras de tama\u00f1o peque\u00f1o y cuenta con un gran angulo de vision. Estas c\u00e1maras son faciles de transportar y producen im\u00e1genes de alta calidad. Iluminacion ir inteligente. Con su iluminacion ir, la c\u00e1mara proporciona un rendimiento optimo en condiciones de poca luz, asegurando la uniformidad en el brillo de las im\u00e1genes en blanco y negro. A trav\u00e9s de su tecnologia ir inteligente, la camara tambien compensa la distancia de los objetivos ajustando la intensidad de sus led ir, evitando la sobreexposicion de las im\u00e1genes a medida que los objetivos se acercan a la camara. 4 se\u00f1ales sobre 1 cable coaxial. La tecnologia hdcvi admite 4 se\u00f1ales (video, audio*, datos y alimentacion) que se transmiten simultaneamente a traves de un cable coaxial. La transmision de datos bidireccional permite que la camara hdcvi interactue con el xvr para realizar diversas acciones, como enviar se\u00f1ales de control y activar alarmas. La tecnologia hdcvi tambien es compatible con poc, lo que hace que la camara sea f\u00e1cil y rapida de instalar. Osd en varios idiomas. El osd ofrece multiples funciones para cumplir con los muchos requisitos de una escena de monitoreo, como el modo de luz de fondo, el modo dia\/noche, el balance de blancos, la mascara de privacidad y la detecci\u00f3n de movimiento. Hay 11 idiomas disponibles para osd: chino, ingles, frances, aleman, espa\u00f1ol, portugues, italiano, japones, coreano, ruso y polaco.<\/p>\n","protected":false},"featured_media":242504,"comment_status":"open","ping_status":"open","template":"","meta":[],"product_cat":[1681,1608],"product_tag":[1555],"acf":[],"yoast_head":"<!-- This site is optimized with the Yoast SEO plugin v21.7 - https:\/\/yoast.com\/wordpress\/plugins\/seo\/ -->\n<title>[ Dahua ] &#129351; Dh-hac-hum3200an Camara Analoga\/ \/ Hac-hum3200a\/ Hdcvi Oculta En Sensor De Movimiento\/ 2 Megapixeles\/ Super Adapt\/ Lente De 2.8mm\/ 105 Grados De Apertura\/ Ir De 10 Metros\/ Dwdr\/ Soporta Cvi\/cvbs\/ahd\/tvi<\/title>\n<meta name=\"description\" content=\"Compra Dh-hac-hum3200an Camara Analoga\/ \/ Hac-hum3200a\/ Hdcvi Oculta En Sensor De Movimiento\/ 2 Megapixeles\/ Super Adapt\/ Lente De 2.8mm\/ 105 Grados De Apertura\/ Ir De 10 Metros\/ Dwdr\/ Soporta Cvi\/cvbs\/ahd\/tvi + Env\u00edo a domicilio + Pago seguro + Garant\u00eda\" \/>\n<meta name=\"robots\" content=\"index, follow, max-snippet:-1, max-image-preview:large, max-video-preview:-1\" \/>\n<link rel=\"canonical\" href=\"https:\/\/compuviper.mx\/tienda\/producto\/dahua-dh-hac-hum3200an-camara-analoga-hac-hum3200a-hdcvi-oculta-en-sensor-de-movimiento-2-megapixeles-super-adapt-lente-de-2-8mm-105-grados-de-apertura-ir-de-10-metros-dwdr-soporta-cvi-cvbs\/\" \/>\n<meta property=\"og:locale\" content=\"es_MX\" \/>\n<meta property=\"og:type\" content=\"article\" \/>\n<meta property=\"og:title\" content=\"[ Dahua ] &#129351; Dh-hac-hum3200an Camara Analoga\/ \/ Hac-hum3200a\/ Hdcvi Oculta En Sensor De Movimiento\/ 2 Megapixeles\/ Super Adapt\/ Lente De 2.8mm\/ 105 Grados De Apertura\/ Ir De 10 Metros\/ Dwdr\/ Soporta Cvi\/cvbs\/ahd\/tvi\" \/>\n<meta property=\"og:description\" content=\"Compra Dh-hac-hum3200an Camara Analoga\/ \/ Hac-hum3200a\/ Hdcvi Oculta En Sensor De Movimiento\/ 2 Megapixeles\/ Super Adapt\/ Lente De 2.8mm\/ 105 Grados De Apertura\/ Ir De 10 Metros\/ Dwdr\/ Soporta Cvi\/cvbs\/ahd\/tvi + Env\u00edo a domicilio + Pago seguro + Garant\u00eda\" \/>\n<meta property=\"og:url\" content=\"https:\/\/compuviper.mx\/tienda\/producto\/dahua-dh-hac-hum3200an-camara-analoga-hac-hum3200a-hdcvi-oculta-en-sensor-de-movimiento-2-megapixeles-super-adapt-lente-de-2-8mm-105-grados-de-apertura-ir-de-10-metros-dwdr-soporta-cvi-cvbs\/\" \/>\n<meta property=\"og:site_name\" content=\"Compuviper\" \/>\n<meta property=\"article:publisher\" content=\"https:\/\/www.facebook.com\/compuviper\" \/>\n<meta property=\"og:image\" content=\"https:\/\/compuviper.mx\/tienda\/wp-content\/uploads\/2024\/09\/Camara-analoga-dahua-hac-hum3200a-hdcvi-oculta-en-sensor-de-movimiento-2-megapixeles-super-adapt-lente-de-2.8mm-105-grados-de-apertura-ir-de-10-metros-dwdr-soporta-cvicvbsahdtvi.jpg\" \/>\n\t<meta property=\"og:image:width\" content=\"200\" \/>\n\t<meta property=\"og:image:height\" content=\"200\" \/>\n\t<meta property=\"og:image:type\" content=\"image\/jpeg\" \/>\n<meta name=\"twitter:card\" content=\"summary_large_image\" \/>\n<meta name=\"twitter:label1\" content=\"Precio\" \/>\n\t<meta name=\"twitter:data1\" content=\"&#36;546 con IVA\" \/>\n\t<meta name=\"twitter:label2\" content=\"Availability\" \/>\n\t<meta name=\"twitter:data2\" content=\"Out of stock\" \/>\n<script type=\"application\/ld+json\" class=\"yoast-schema-graph\">{\"@context\":\"https:\/\/schema.org\",\"@graph\":[{\"@type\":\"WebPage\",\"@id\":\"https:\/\/compuviper.mx\/tienda\/producto\/dahua-dh-hac-hum3200an-camara-analoga-hac-hum3200a-hdcvi-oculta-en-sensor-de-movimiento-2-megapixeles-super-adapt-lente-de-2-8mm-105-grados-de-apertura-ir-de-10-metros-dwdr-soporta-cvi-cvbs\/\",\"url\":\"https:\/\/compuviper.mx\/tienda\/producto\/dahua-dh-hac-hum3200an-camara-analoga-hac-hum3200a-hdcvi-oculta-en-sensor-de-movimiento-2-megapixeles-super-adapt-lente-de-2-8mm-105-grados-de-apertura-ir-de-10-metros-dwdr-soporta-cvi-cvbs\/\",\"name\":\"[ Dahua ] &#129351; Dh-hac-hum3200an Camara Analoga\/ \/ Hac-hum3200a\/ Hdcvi Oculta En Sensor De Movimiento\/ 2 Megapixeles\/ Super Adapt\/ Lente De 2.8mm\/ 105 Grados De Apertura\/ Ir De 10 Metros\/ Dwdr\/ Soporta Cvi\/cvbs\/ahd\/tvi\",\"isPartOf\":{\"@id\":\"https:\/\/compuviper.mx\/tienda\/#website\"},\"datePublished\":\"2026-04-23T06:14:38+00:00\",\"dateModified\":\"2026-04-23T06:14:38+00:00\",\"description\":\"Compra Dh-hac-hum3200an Camara Analoga\/ \/ Hac-hum3200a\/ Hdcvi Oculta En Sensor De Movimiento\/ 2 Megapixeles\/ Super Adapt\/ Lente De 2.8mm\/ 105 Grados De Apertura\/ Ir De 10 Metros\/ Dwdr\/ Soporta Cvi\/cvbs\/ahd\/tvi + Env\u00edo a domicilio + Pago seguro + Garant\u00eda\",\"breadcrumb\":{\"@id\":\"https:\/\/compuviper.mx\/tienda\/producto\/dahua-dh-hac-hum3200an-camara-analoga-hac-hum3200a-hdcvi-oculta-en-sensor-de-movimiento-2-megapixeles-super-adapt-lente-de-2-8mm-105-grados-de-apertura-ir-de-10-metros-dwdr-soporta-cvi-cvbs\/#breadcrumb\"},\"inLanguage\":\"es-MX\",\"potentialAction\":[{\"@type\":\"ReadAction\",\"target\":[\"https:\/\/compuviper.mx\/tienda\/producto\/dahua-dh-hac-hum3200an-camara-analoga-hac-hum3200a-hdcvi-oculta-en-sensor-de-movimiento-2-megapixeles-super-adapt-lente-de-2-8mm-105-grados-de-apertura-ir-de-10-metros-dwdr-soporta-cvi-cvbs\/\"]}]},{\"@type\":\"BreadcrumbList\",\"@id\":\"https:\/\/compuviper.mx\/tienda\/producto\/dahua-dh-hac-hum3200an-camara-analoga-hac-hum3200a-hdcvi-oculta-en-sensor-de-movimiento-2-megapixeles-super-adapt-lente-de-2-8mm-105-grados-de-apertura-ir-de-10-metros-dwdr-soporta-cvi-cvbs\/#breadcrumb\",\"itemListElement\":[{\"@type\":\"ListItem\",\"position\":1,\"name\":\"Inicio\",\"item\":\"https:\/\/compuviper.mx\/tienda\/\"},{\"@type\":\"ListItem\",\"position\":2,\"name\":\"Productos\",\"item\":\"https:\/\/compuviper.mx\/tienda\/productos\/\"},{\"@type\":\"ListItem\",\"position\":3,\"name\":\"Camaras\",\"item\":\"https:\/\/compuviper.mx\/tienda\/categoria-producto\/camaras-2\/\"},{\"@type\":\"ListItem\",\"position\":4,\"name\":\"Camara De Videovigilancia\",\"item\":\"https:\/\/compuviper.mx\/tienda\/categoria-producto\/camaras-2\/camara-de-videovigilancia\/\"},{\"@type\":\"ListItem\",\"position\":5,\"name\":\"Dahua Dh-hac-hum3200an Camara Analoga\/ \/ Hac-hum3200a\/ Hdcvi Oculta En Sensor De Movimiento\/ 2 Megapixeles\/ Super Adapt\/ Lente De 2.8mm\/ 105 Grados De Apertura\/ Ir De 10 Metros\/ Dwdr\/ Soporta Cvi\/cvbs\/ahd\/tvi\"}]},{\"@type\":\"WebSite\",\"@id\":\"https:\/\/compuviper.mx\/tienda\/#website\",\"url\":\"https:\/\/compuviper.mx\/tienda\/\",\"name\":\"Compuviper\",\"description\":\"Proveedor de Computadoras, Laptops, Servidores, Monitores, Puntos de Venta, Teclados,   Impresoras, T\u00f3ner, C\u00e1maras de Seguridad y m\u00e1s en tu tienda en l\u00ednea\",\"publisher\":{\"@id\":\"https:\/\/compuviper.mx\/tienda\/#organization\"},\"potentialAction\":[{\"@type\":\"SearchAction\",\"target\":{\"@type\":\"EntryPoint\",\"urlTemplate\":\"https:\/\/compuviper.mx\/tienda\/?s={search_term_string}\"},\"query-input\":\"required name=search_term_string\"}],\"inLanguage\":\"es-MX\"},{\"@type\":\"Organization\",\"@id\":\"https:\/\/compuviper.mx\/tienda\/#organization\",\"name\":\"Compuviper\",\"url\":\"https:\/\/compuviper.mx\/tienda\/\",\"logo\":{\"@type\":\"ImageObject\",\"inLanguage\":\"es-MX\",\"@id\":\"https:\/\/compuviper.mx\/tienda\/#\/schema\/logo\/image\/\",\"url\":\"https:\/\/compuviper.mx\/tienda\/wp-content\/uploads\/2021\/08\/Logo-Compuviper-10.png\",\"contentUrl\":\"https:\/\/compuviper.mx\/tienda\/wp-content\/uploads\/2021\/08\/Logo-Compuviper-10.png\",\"width\":1000,\"height\":500,\"caption\":\"Compuviper\"},\"image\":{\"@id\":\"https:\/\/compuviper.mx\/tienda\/#\/schema\/logo\/image\/\"},\"sameAs\":[\"https:\/\/www.facebook.com\/compuviper\",\"https:\/\/www.youtube.com\/channel\/UCf73dERp9Y3cfOq7q8BhLjA?view_as=subscriber\"]}]}<\/script>\n<meta property=\"product:brand\" content=\"DAHUA\" \/>\n<meta property=\"product:price:amount\" content=\"546\" \/>\n<meta property=\"product:price:currency\" content=\"MXN\" \/>\n<meta property=\"og:availability\" content=\"out of stock\" \/>\n<meta property=\"product:availability\" content=\"out of stock\" \/>\n<meta property=\"product:retailer_item_id\" content=\"DH-HAC-HUM3200AN\" \/>\n<meta property=\"product:condition\" content=\"new\" \/>\n<!-- \/ Yoast SEO plugin. -->","yoast_head_json":{"title":"[ Dahua ] &#129351; Dh-hac-hum3200an Camara Analoga\/ \/ Hac-hum3200a\/ Hdcvi Oculta En Sensor De Movimiento\/ 2 Megapixeles\/ Super Adapt\/ Lente De 2.8mm\/ 105 Grados De Apertura\/ Ir De 10 Metros\/ Dwdr\/ Soporta Cvi\/cvbs\/ahd\/tvi","description":"Compra Dh-hac-hum3200an Camara Analoga\/ \/ Hac-hum3200a\/ Hdcvi Oculta En Sensor De Movimiento\/ 2 Megapixeles\/ Super Adapt\/ Lente De 2.8mm\/ 105 Grados De Apertura\/ Ir De 10 Metros\/ Dwdr\/ Soporta Cvi\/cvbs\/ahd\/tvi + Env\u00edo a domicilio + Pago seguro + Garant\u00eda","robots":{"index":"index","follow":"follow","max-snippet":"max-snippet:-1","max-image-preview":"max-image-preview:large","max-video-preview":"max-video-preview:-1"},"canonical":"https:\/\/compuviper.mx\/tienda\/producto\/dahua-dh-hac-hum3200an-camara-analoga-hac-hum3200a-hdcvi-oculta-en-sensor-de-movimiento-2-megapixeles-super-adapt-lente-de-2-8mm-105-grados-de-apertura-ir-de-10-metros-dwdr-soporta-cvi-cvbs\/","og_locale":"es_MX","og_type":"article","og_title":"[ Dahua ] &#129351; Dh-hac-hum3200an Camara Analoga\/ \/ Hac-hum3200a\/ Hdcvi Oculta En Sensor De Movimiento\/ 2 Megapixeles\/ Super Adapt\/ Lente De 2.8mm\/ 105 Grados De Apertura\/ Ir De 10 Metros\/ Dwdr\/ Soporta Cvi\/cvbs\/ahd\/tvi","og_description":"Compra Dh-hac-hum3200an Camara Analoga\/ \/ Hac-hum3200a\/ Hdcvi Oculta En Sensor De Movimiento\/ 2 Megapixeles\/ Super Adapt\/ Lente De 2.8mm\/ 105 Grados De Apertura\/ Ir De 10 Metros\/ Dwdr\/ Soporta Cvi\/cvbs\/ahd\/tvi + Env\u00edo a domicilio + Pago seguro + Garant\u00eda","og_url":"https:\/\/compuviper.mx\/tienda\/producto\/dahua-dh-hac-hum3200an-camara-analoga-hac-hum3200a-hdcvi-oculta-en-sensor-de-movimiento-2-megapixeles-super-adapt-lente-de-2-8mm-105-grados-de-apertura-ir-de-10-metros-dwdr-soporta-cvi-cvbs\/","og_site_name":"Compuviper","article_publisher":"https:\/\/www.facebook.com\/compuviper","og_image":[{"width":200,"height":200,"url":"https:\/\/compuviper.mx\/tienda\/wp-content\/uploads\/2024\/09\/Camara-analoga-dahua-hac-hum3200a-hdcvi-oculta-en-sensor-de-movimiento-2-megapixeles-super-adapt-lente-de-2.8mm-105-grados-de-apertura-ir-de-10-metros-dwdr-soporta-cvicvbsahdtvi.jpg","type":"image\/jpeg"}],"twitter_card":"summary_large_image","twitter_misc":{"Precio":"&#36;546 con IVA","Availability":"Out of stock"},"schema":{"@context":"https:\/\/schema.org","@graph":[{"@type":"WebPage","@id":"https:\/\/compuviper.mx\/tienda\/producto\/dahua-dh-hac-hum3200an-camara-analoga-hac-hum3200a-hdcvi-oculta-en-sensor-de-movimiento-2-megapixeles-super-adapt-lente-de-2-8mm-105-grados-de-apertura-ir-de-10-metros-dwdr-soporta-cvi-cvbs\/","url":"https:\/\/compuviper.mx\/tienda\/producto\/dahua-dh-hac-hum3200an-camara-analoga-hac-hum3200a-hdcvi-oculta-en-sensor-de-movimiento-2-megapixeles-super-adapt-lente-de-2-8mm-105-grados-de-apertura-ir-de-10-metros-dwdr-soporta-cvi-cvbs\/","name":"[ Dahua ] &#129351; Dh-hac-hum3200an Camara Analoga\/ \/ Hac-hum3200a\/ Hdcvi Oculta En Sensor De Movimiento\/ 2 Megapixeles\/ Super Adapt\/ Lente De 2.8mm\/ 105 Grados De Apertura\/ Ir De 10 Metros\/ Dwdr\/ Soporta Cvi\/cvbs\/ahd\/tvi","isPartOf":{"@id":"https:\/\/compuviper.mx\/tienda\/#website"},"datePublished":"2026-04-23T06:14:38+00:00","dateModified":"2026-04-23T06:14:38+00:00","description":"Compra Dh-hac-hum3200an Camara Analoga\/ \/ Hac-hum3200a\/ Hdcvi Oculta En Sensor De Movimiento\/ 2 Megapixeles\/ Super Adapt\/ Lente De 2.8mm\/ 105 Grados De Apertura\/ Ir De 10 Metros\/ Dwdr\/ Soporta Cvi\/cvbs\/ahd\/tvi + Env\u00edo a domicilio + Pago seguro + Garant\u00eda","breadcrumb":{"@id":"https:\/\/compuviper.mx\/tienda\/producto\/dahua-dh-hac-hum3200an-camara-analoga-hac-hum3200a-hdcvi-oculta-en-sensor-de-movimiento-2-megapixeles-super-adapt-lente-de-2-8mm-105-grados-de-apertura-ir-de-10-metros-dwdr-soporta-cvi-cvbs\/#breadcrumb"},"inLanguage":"es-MX","potentialAction":[{"@type":"ReadAction","target":["https:\/\/compuviper.mx\/tienda\/producto\/dahua-dh-hac-hum3200an-camara-analoga-hac-hum3200a-hdcvi-oculta-en-sensor-de-movimiento-2-megapixeles-super-adapt-lente-de-2-8mm-105-grados-de-apertura-ir-de-10-metros-dwdr-soporta-cvi-cvbs\/"]}]},{"@type":"BreadcrumbList","@id":"https:\/\/compuviper.mx\/tienda\/producto\/dahua-dh-hac-hum3200an-camara-analoga-hac-hum3200a-hdcvi-oculta-en-sensor-de-movimiento-2-megapixeles-super-adapt-lente-de-2-8mm-105-grados-de-apertura-ir-de-10-metros-dwdr-soporta-cvi-cvbs\/#breadcrumb","itemListElement":[{"@type":"ListItem","position":1,"name":"Inicio","item":"https:\/\/compuviper.mx\/tienda\/"},{"@type":"ListItem","position":2,"name":"Productos","item":"https:\/\/compuviper.mx\/tienda\/productos\/"},{"@type":"ListItem","position":3,"name":"Camaras","item":"https:\/\/compuviper.mx\/tienda\/categoria-producto\/camaras-2\/"},{"@type":"ListItem","position":4,"name":"Camara De Videovigilancia","item":"https:\/\/compuviper.mx\/tienda\/categoria-producto\/camaras-2\/camara-de-videovigilancia\/"},{"@type":"ListItem","position":5,"name":"Dahua Dh-hac-hum3200an Camara Analoga\/ \/ Hac-hum3200a\/ Hdcvi Oculta En Sensor De Movimiento\/ 2 Megapixeles\/ Super Adapt\/ Lente De 2.8mm\/ 105 Grados De Apertura\/ Ir De 10 Metros\/ Dwdr\/ Soporta Cvi\/cvbs\/ahd\/tvi"}]},{"@type":"WebSite","@id":"https:\/\/compuviper.mx\/tienda\/#website","url":"https:\/\/compuviper.mx\/tienda\/","name":"Compuviper","description":"Proveedor de Computadoras, Laptops, Servidores, Monitores, Puntos de Venta, Teclados,   Impresoras, T\u00f3ner, C\u00e1maras de Seguridad y m\u00e1s en tu tienda en l\u00ednea","publisher":{"@id":"https:\/\/compuviper.mx\/tienda\/#organization"},"potentialAction":[{"@type":"SearchAction","target":{"@type":"EntryPoint","urlTemplate":"https:\/\/compuviper.mx\/tienda\/?s={search_term_string}"},"query-input":"required name=search_term_string"}],"inLanguage":"es-MX"},{"@type":"Organization","@id":"https:\/\/compuviper.mx\/tienda\/#organization","name":"Compuviper","url":"https:\/\/compuviper.mx\/tienda\/","logo":{"@type":"ImageObject","inLanguage":"es-MX","@id":"https:\/\/compuviper.mx\/tienda\/#\/schema\/logo\/image\/","url":"https:\/\/compuviper.mx\/tienda\/wp-content\/uploads\/2021\/08\/Logo-Compuviper-10.png","contentUrl":"https:\/\/compuviper.mx\/tienda\/wp-content\/uploads\/2021\/08\/Logo-Compuviper-10.png","width":1000,"height":500,"caption":"Compuviper"},"image":{"@id":"https:\/\/compuviper.mx\/tienda\/#\/schema\/logo\/image\/"},"sameAs":["https:\/\/www.facebook.com\/compuviper","https:\/\/www.youtube.com\/channel\/UCf73dERp9Y3cfOq7q8BhLjA?view_as=subscriber"]}]},"product_brand":"DAHUA","product_price_amount":"546","product_price_currency":"MXN","og_availability":"out of stock","product_availability":"out of stock","product_retailer_item_id":"DH-HAC-HUM3200AN","product_condition":"new"},"_links":{"self":[{"href":"https:\/\/compuviper.mx\/tienda\/wp-json\/wp\/v2\/product\/239529"}],"collection":[{"href":"https:\/\/compuviper.mx\/tienda\/wp-json\/wp\/v2\/product"}],"about":[{"href":"https:\/\/compuviper.mx\/tienda\/wp-json\/wp\/v2\/types\/product"}],"replies":[{"embeddable":true,"href":"https:\/\/compuviper.mx\/tienda\/wp-json\/wp\/v2\/comments?post=239529"}],"wp:featuredmedia":[{"embeddable":true,"href":"https:\/\/compuviper.mx\/tienda\/wp-json\/wp\/v2\/media\/242504"}],"wp:attachment":[{"href":"https:\/\/compuviper.mx\/tienda\/wp-json\/wp\/v2\/media?parent=239529"}],"wp:term":[{"taxonomy":"product_cat","embeddable":true,"href":"https:\/\/compuviper.mx\/tienda\/wp-json\/wp\/v2\/product_cat?post=239529"},{"taxonomy":"product_tag","embeddable":true,"href":"https:\/\/compuviper.mx\/tienda\/wp-json\/wp\/v2\/product_tag?post=239529"}],"curies":[{"name":"wp","href":"https:\/\/api.w.org\/{rel}","templated":true}]}}