{"id":239528,"date":"2026-04-23T00:14:38","date_gmt":"2026-04-23T06:14:38","guid":{"rendered":"https:\/\/compuviper.mx\/tienda\/producto\/dahua-dh-sd49225db-hny-camara-ip-ptz-sd49225db-hny-2-mp-wizsense-25x-de-zoom-optico-ir-de-100-m-h-265-wdr-real-de-120-db-proteccion-perimetral-deteccion-de-rostros-smd-plus-ranura-para-microsd-ip\/"},"modified":"2026-04-23T00:14:38","modified_gmt":"2026-04-23T06:14:38","slug":"dahua-dh-sd49225db-hny-camara-ip-ptz-sd49225db-hny-2-mp-wizsense-25x-de-zoom-optico-ir-de-100-m-h-265-wdr-real-de-120-db-proteccion-perimetral-deteccion-de-rostros-smd-plus-ranura-para-microsd-ip","status":"publish","type":"product","link":"https:\/\/compuviper.mx\/tienda\/producto\/dahua-dh-sd49225db-hny-camara-ip-ptz-sd49225db-hny-2-mp-wizsense-25x-de-zoom-optico-ir-de-100-m-h-265-wdr-real-de-120-db-proteccion-perimetral-deteccion-de-rostros-smd-plus-ranura-para-microsd-ip\/","title":{"rendered":"Dahua Dh-sd49225db-hny Camara Ip Ptz\/ \/ Sd49225db-hny \/2 Mp\/wizsense\/25x De Zoom Optico\/ir De 100 M\/h.265\/wdr Real De 120 Db\/proteccion Perimetral\/deteccion De Rostros \/smd Plus\/ranura Para Microsd\/ip66\/es"},"content":{"rendered":"<table class=\"descripcion\">\n<tr>\n<td>Caracteristicas principales<\/td>\n<\/tr>\n<tr>\n<td>\u00b7 cmos starvis\u0099 de 1\/2,8 y 2 megapixeles.<\/td>\n<\/tr>\n<tr>\n<td>\u00b7 zoom optico de 25 aumentos.<\/td>\n<\/tr>\n<tr>\n<td>\u00b7 tecnologia de la luz de las estrellas.<\/td>\n<\/tr>\n<tr>\n<td>\u00b7 max. 25\/30 fps@1080p.<\/td>\n<\/tr>\n<tr>\n<td>\u00b7 distancia ir hasta 100 m.<\/td>\n<\/tr>\n<tr>\n<td>\u00b7 codificacion h.265.<\/td>\n<\/tr>\n<tr>\n<td>\u00b7 proteccion perimetral.<\/td>\n<\/tr>\n<tr>\n<td>\u00b7 deteccion de rostro. hasta 8 caras capturadas al mismo tiempo.<\/td>\n<\/tr>\n<tr>\n<td>Especificaciones tecnicas<\/td>\n<\/tr>\n<tr>\n<td>\u0095 cmos de 1\/2,8<\/td>\n<\/tr>\n<tr>\n<td>\u0095 2 megapixeles<\/td>\n<\/tr>\n<tr>\n<td>\u0095 max. resoluci\u00f3n 1920 (h) \u00d7 1080 (v)<\/td>\n<\/tr>\n<tr>\n<td>\u0095 rom 128 mb<\/td>\n<\/tr>\n<tr>\n<td>\u0095 ram 256 mb<\/td>\n<\/tr>\n<tr>\n<td>\u0095 velocidad de obturacion electronica 1\/1 s \u00961\/30 000 s<\/td>\n<\/tr>\n<tr>\n<td>\u0095 distancia de iluminaci\u00f3n 100 m (328,08 pies) (ir)<\/td>\n<\/tr>\n<tr>\n<td>\u0095 numero de iluminador 3 (ir)<\/td>\n<\/tr>\n<\/table>\n","protected":false},"excerpt":{"rendered":"<p>Informacion general. Con un potente zoom pptico y un rendimiento preciso de giro\/inclinacion zoom, esta c\u00e1mara proporciona una solucion todo en uno para capturar video vigilancia de larga distancia para aplicaciones al aire libre. Junto con la iluminacion infrarroja y la tecnologia starlight, la camara es la solucion perfecta para aplicaciones oscuras y con poca luz. La serie combina un filtro de corte ir mecanico de dia\/noche para obtener la maxima calidad de imagen en condiciones de iluminacion variables durante el dia. Proteccion ip66. Ip66, tvs 6000 v a prueba de rayos, protecci\u00f3n contra sobretensiones y protecci\u00f3n contra transitorios de voltaje. Proteccion perimetral. Filtra automaticamente las falsas alarmas causadas por animales, hojas que se mueven, luces brillantes, etc. Permite que el sistema actue como un reconocimiento secundario de los objetivos para mejorar la precision de la alarma. Smd. Con la potencia de los algoritmos de aprendizaje profundo, dahua smd filtra las alarmas de deteccion de movimiento activadas por objetivos que no son una preocupacion. Reconoce rapidamente a personas y vehiculos, activando alarmas cuando ocurre una intrusion.<\/p>\n","protected":false},"featured_media":242503,"comment_status":"open","ping_status":"open","template":"","meta":[],"product_cat":[1681,1608],"product_tag":[1555],"acf":[],"yoast_head":"<!-- This site is optimized with the Yoast SEO plugin v21.7 - https:\/\/yoast.com\/wordpress\/plugins\/seo\/ -->\n<title>[ Dahua ] &#129351; Dh-sd49225db-hny Camara Ip Ptz\/ \/ Sd49225db-hny \/2 Mp\/wizsense\/25x De Zoom Optico\/ir De 100 M\/h.265\/wdr Real De 120 Db\/proteccion Perimetral\/deteccion De Rostros \/smd Plus\/ranura Para Microsd\/ip66\/es<\/title>\n<meta name=\"description\" content=\"Compra Dh-sd49225db-hny Camara Ip Ptz\/ \/ Sd49225db-hny \/2 Mp\/wizsense\/25x De Zoom Optico\/ir De 100 M\/h.265\/wdr Real De 120 Db\/proteccion Perimetral\/deteccion De Rostros \/smd Plus\/ranura Para Microsd\/ip66\/es + Env\u00edo a domicilio + Pago seguro + Garant\u00eda\" \/>\n<meta name=\"robots\" content=\"index, follow, max-snippet:-1, max-image-preview:large, max-video-preview:-1\" \/>\n<link rel=\"canonical\" href=\"https:\/\/compuviper.mx\/tienda\/producto\/dahua-dh-sd49225db-hny-camara-ip-ptz-sd49225db-hny-2-mp-wizsense-25x-de-zoom-optico-ir-de-100-m-h-265-wdr-real-de-120-db-proteccion-perimetral-deteccion-de-rostros-smd-plus-ranura-para-microsd-ip\/\" \/>\n<meta property=\"og:locale\" content=\"es_MX\" \/>\n<meta property=\"og:type\" content=\"article\" \/>\n<meta property=\"og:title\" content=\"[ Dahua ] &#129351; Dh-sd49225db-hny Camara Ip Ptz\/ \/ Sd49225db-hny \/2 Mp\/wizsense\/25x De Zoom Optico\/ir De 100 M\/h.265\/wdr Real De 120 Db\/proteccion Perimetral\/deteccion De Rostros \/smd Plus\/ranura Para Microsd\/ip66\/es\" \/>\n<meta property=\"og:description\" content=\"Compra Dh-sd49225db-hny Camara Ip Ptz\/ \/ Sd49225db-hny \/2 Mp\/wizsense\/25x De Zoom Optico\/ir De 100 M\/h.265\/wdr Real De 120 Db\/proteccion Perimetral\/deteccion De Rostros \/smd Plus\/ranura Para Microsd\/ip66\/es + Env\u00edo a domicilio + Pago seguro + Garant\u00eda\" \/>\n<meta property=\"og:url\" content=\"https:\/\/compuviper.mx\/tienda\/producto\/dahua-dh-sd49225db-hny-camara-ip-ptz-sd49225db-hny-2-mp-wizsense-25x-de-zoom-optico-ir-de-100-m-h-265-wdr-real-de-120-db-proteccion-perimetral-deteccion-de-rostros-smd-plus-ranura-para-microsd-ip\/\" \/>\n<meta property=\"og:site_name\" content=\"Compuviper\" \/>\n<meta property=\"article:publisher\" content=\"https:\/\/www.facebook.com\/compuviper\" \/>\n<meta property=\"og:image\" content=\"https:\/\/compuviper.mx\/tienda\/wp-content\/uploads\/2024\/09\/Camara-ip-ptz-dahua-sd49225db-hny-2-mpwizsense25x-de-zoom-opticoir-de-100-mh.265wdr-real-de-120-dbproteccion-perimetraldeteccion-de-rostros-smd-plusranura-para-microsdip66e-and-s.jpg\" \/>\n\t<meta property=\"og:image:width\" content=\"200\" \/>\n\t<meta property=\"og:image:height\" content=\"200\" \/>\n\t<meta property=\"og:image:type\" content=\"image\/jpeg\" \/>\n<meta name=\"twitter:card\" content=\"summary_large_image\" \/>\n<meta name=\"twitter:label1\" content=\"Precio\" \/>\n\t<meta name=\"twitter:data1\" content=\"&#36;4,422 con IVA\" \/>\n\t<meta name=\"twitter:label2\" content=\"Availability\" \/>\n\t<meta name=\"twitter:data2\" content=\"On backorder\" \/>\n<script type=\"application\/ld+json\" class=\"yoast-schema-graph\">{\"@context\":\"https:\/\/schema.org\",\"@graph\":[{\"@type\":\"WebPage\",\"@id\":\"https:\/\/compuviper.mx\/tienda\/producto\/dahua-dh-sd49225db-hny-camara-ip-ptz-sd49225db-hny-2-mp-wizsense-25x-de-zoom-optico-ir-de-100-m-h-265-wdr-real-de-120-db-proteccion-perimetral-deteccion-de-rostros-smd-plus-ranura-para-microsd-ip\/\",\"url\":\"https:\/\/compuviper.mx\/tienda\/producto\/dahua-dh-sd49225db-hny-camara-ip-ptz-sd49225db-hny-2-mp-wizsense-25x-de-zoom-optico-ir-de-100-m-h-265-wdr-real-de-120-db-proteccion-perimetral-deteccion-de-rostros-smd-plus-ranura-para-microsd-ip\/\",\"name\":\"[ Dahua ] &#129351; Dh-sd49225db-hny Camara Ip Ptz\/ \/ Sd49225db-hny \/2 Mp\/wizsense\/25x De Zoom Optico\/ir De 100 M\/h.265\/wdr Real De 120 Db\/proteccion Perimetral\/deteccion De Rostros \/smd Plus\/ranura Para Microsd\/ip66\/es\",\"isPartOf\":{\"@id\":\"https:\/\/compuviper.mx\/tienda\/#website\"},\"datePublished\":\"2026-04-23T06:14:38+00:00\",\"dateModified\":\"2026-04-23T06:14:38+00:00\",\"description\":\"Compra Dh-sd49225db-hny Camara Ip Ptz\/ \/ Sd49225db-hny \/2 Mp\/wizsense\/25x De Zoom Optico\/ir De 100 M\/h.265\/wdr Real De 120 Db\/proteccion Perimetral\/deteccion De Rostros \/smd Plus\/ranura Para Microsd\/ip66\/es + Env\u00edo a domicilio + Pago seguro + Garant\u00eda\",\"breadcrumb\":{\"@id\":\"https:\/\/compuviper.mx\/tienda\/producto\/dahua-dh-sd49225db-hny-camara-ip-ptz-sd49225db-hny-2-mp-wizsense-25x-de-zoom-optico-ir-de-100-m-h-265-wdr-real-de-120-db-proteccion-perimetral-deteccion-de-rostros-smd-plus-ranura-para-microsd-ip\/#breadcrumb\"},\"inLanguage\":\"es-MX\",\"potentialAction\":[{\"@type\":\"ReadAction\",\"target\":[\"https:\/\/compuviper.mx\/tienda\/producto\/dahua-dh-sd49225db-hny-camara-ip-ptz-sd49225db-hny-2-mp-wizsense-25x-de-zoom-optico-ir-de-100-m-h-265-wdr-real-de-120-db-proteccion-perimetral-deteccion-de-rostros-smd-plus-ranura-para-microsd-ip\/\"]}]},{\"@type\":\"BreadcrumbList\",\"@id\":\"https:\/\/compuviper.mx\/tienda\/producto\/dahua-dh-sd49225db-hny-camara-ip-ptz-sd49225db-hny-2-mp-wizsense-25x-de-zoom-optico-ir-de-100-m-h-265-wdr-real-de-120-db-proteccion-perimetral-deteccion-de-rostros-smd-plus-ranura-para-microsd-ip\/#breadcrumb\",\"itemListElement\":[{\"@type\":\"ListItem\",\"position\":1,\"name\":\"Inicio\",\"item\":\"https:\/\/compuviper.mx\/tienda\/\"},{\"@type\":\"ListItem\",\"position\":2,\"name\":\"Productos\",\"item\":\"https:\/\/compuviper.mx\/tienda\/productos\/\"},{\"@type\":\"ListItem\",\"position\":3,\"name\":\"Camaras\",\"item\":\"https:\/\/compuviper.mx\/tienda\/categoria-producto\/camaras-2\/\"},{\"@type\":\"ListItem\",\"position\":4,\"name\":\"Camara De Videovigilancia\",\"item\":\"https:\/\/compuviper.mx\/tienda\/categoria-producto\/camaras-2\/camara-de-videovigilancia\/\"},{\"@type\":\"ListItem\",\"position\":5,\"name\":\"Dahua Dh-sd49225db-hny Camara Ip Ptz\/ \/ Sd49225db-hny \/2 Mp\/wizsense\/25x De Zoom Optico\/ir De 100 M\/h.265\/wdr Real De 120 Db\/proteccion Perimetral\/deteccion De Rostros \/smd Plus\/ranura Para Microsd\/ip66\/es\"}]},{\"@type\":\"WebSite\",\"@id\":\"https:\/\/compuviper.mx\/tienda\/#website\",\"url\":\"https:\/\/compuviper.mx\/tienda\/\",\"name\":\"Compuviper\",\"description\":\"Proveedor de Computadoras, Laptops, Servidores, Monitores, Puntos de Venta, Teclados,   Impresoras, T\u00f3ner, C\u00e1maras de Seguridad y m\u00e1s en tu tienda en l\u00ednea\",\"publisher\":{\"@id\":\"https:\/\/compuviper.mx\/tienda\/#organization\"},\"potentialAction\":[{\"@type\":\"SearchAction\",\"target\":{\"@type\":\"EntryPoint\",\"urlTemplate\":\"https:\/\/compuviper.mx\/tienda\/?s={search_term_string}\"},\"query-input\":\"required name=search_term_string\"}],\"inLanguage\":\"es-MX\"},{\"@type\":\"Organization\",\"@id\":\"https:\/\/compuviper.mx\/tienda\/#organization\",\"name\":\"Compuviper\",\"url\":\"https:\/\/compuviper.mx\/tienda\/\",\"logo\":{\"@type\":\"ImageObject\",\"inLanguage\":\"es-MX\",\"@id\":\"https:\/\/compuviper.mx\/tienda\/#\/schema\/logo\/image\/\",\"url\":\"https:\/\/compuviper.mx\/tienda\/wp-content\/uploads\/2021\/08\/Logo-Compuviper-10.png\",\"contentUrl\":\"https:\/\/compuviper.mx\/tienda\/wp-content\/uploads\/2021\/08\/Logo-Compuviper-10.png\",\"width\":1000,\"height\":500,\"caption\":\"Compuviper\"},\"image\":{\"@id\":\"https:\/\/compuviper.mx\/tienda\/#\/schema\/logo\/image\/\"},\"sameAs\":[\"https:\/\/www.facebook.com\/compuviper\",\"https:\/\/www.youtube.com\/channel\/UCf73dERp9Y3cfOq7q8BhLjA?view_as=subscriber\"]}]}<\/script>\n<meta property=\"product:brand\" content=\"DAHUA\" \/>\n<meta property=\"product:price:amount\" content=\"4422\" \/>\n<meta property=\"product:price:currency\" content=\"MXN\" \/>\n<meta property=\"og:availability\" content=\"backorder\" \/>\n<meta property=\"product:availability\" content=\"available for order\" \/>\n<meta property=\"product:retailer_item_id\" content=\"DH-SD49225DB-HNY\" \/>\n<meta property=\"product:condition\" content=\"new\" \/>\n<!-- \/ Yoast SEO plugin. -->","yoast_head_json":{"title":"[ Dahua ] &#129351; Dh-sd49225db-hny Camara Ip Ptz\/ \/ Sd49225db-hny \/2 Mp\/wizsense\/25x De Zoom Optico\/ir De 100 M\/h.265\/wdr Real De 120 Db\/proteccion Perimetral\/deteccion De Rostros \/smd Plus\/ranura Para Microsd\/ip66\/es","description":"Compra Dh-sd49225db-hny Camara Ip Ptz\/ \/ Sd49225db-hny \/2 Mp\/wizsense\/25x De Zoom Optico\/ir De 100 M\/h.265\/wdr Real De 120 Db\/proteccion Perimetral\/deteccion De Rostros \/smd Plus\/ranura Para Microsd\/ip66\/es + Env\u00edo a domicilio + Pago seguro + Garant\u00eda","robots":{"index":"index","follow":"follow","max-snippet":"max-snippet:-1","max-image-preview":"max-image-preview:large","max-video-preview":"max-video-preview:-1"},"canonical":"https:\/\/compuviper.mx\/tienda\/producto\/dahua-dh-sd49225db-hny-camara-ip-ptz-sd49225db-hny-2-mp-wizsense-25x-de-zoom-optico-ir-de-100-m-h-265-wdr-real-de-120-db-proteccion-perimetral-deteccion-de-rostros-smd-plus-ranura-para-microsd-ip\/","og_locale":"es_MX","og_type":"article","og_title":"[ Dahua ] &#129351; Dh-sd49225db-hny Camara Ip Ptz\/ \/ Sd49225db-hny \/2 Mp\/wizsense\/25x De Zoom Optico\/ir De 100 M\/h.265\/wdr Real De 120 Db\/proteccion Perimetral\/deteccion De Rostros \/smd Plus\/ranura Para Microsd\/ip66\/es","og_description":"Compra Dh-sd49225db-hny Camara Ip Ptz\/ \/ Sd49225db-hny \/2 Mp\/wizsense\/25x De Zoom Optico\/ir De 100 M\/h.265\/wdr Real De 120 Db\/proteccion Perimetral\/deteccion De Rostros \/smd Plus\/ranura Para Microsd\/ip66\/es + Env\u00edo a domicilio + Pago seguro + Garant\u00eda","og_url":"https:\/\/compuviper.mx\/tienda\/producto\/dahua-dh-sd49225db-hny-camara-ip-ptz-sd49225db-hny-2-mp-wizsense-25x-de-zoom-optico-ir-de-100-m-h-265-wdr-real-de-120-db-proteccion-perimetral-deteccion-de-rostros-smd-plus-ranura-para-microsd-ip\/","og_site_name":"Compuviper","article_publisher":"https:\/\/www.facebook.com\/compuviper","og_image":[{"width":200,"height":200,"url":"https:\/\/compuviper.mx\/tienda\/wp-content\/uploads\/2024\/09\/Camara-ip-ptz-dahua-sd49225db-hny-2-mpwizsense25x-de-zoom-opticoir-de-100-mh.265wdr-real-de-120-dbproteccion-perimetraldeteccion-de-rostros-smd-plusranura-para-microsdip66e-and-s.jpg","type":"image\/jpeg"}],"twitter_card":"summary_large_image","twitter_misc":{"Precio":"&#36;4,422 con IVA","Availability":"On backorder"},"schema":{"@context":"https:\/\/schema.org","@graph":[{"@type":"WebPage","@id":"https:\/\/compuviper.mx\/tienda\/producto\/dahua-dh-sd49225db-hny-camara-ip-ptz-sd49225db-hny-2-mp-wizsense-25x-de-zoom-optico-ir-de-100-m-h-265-wdr-real-de-120-db-proteccion-perimetral-deteccion-de-rostros-smd-plus-ranura-para-microsd-ip\/","url":"https:\/\/compuviper.mx\/tienda\/producto\/dahua-dh-sd49225db-hny-camara-ip-ptz-sd49225db-hny-2-mp-wizsense-25x-de-zoom-optico-ir-de-100-m-h-265-wdr-real-de-120-db-proteccion-perimetral-deteccion-de-rostros-smd-plus-ranura-para-microsd-ip\/","name":"[ Dahua ] &#129351; Dh-sd49225db-hny Camara Ip Ptz\/ \/ Sd49225db-hny \/2 Mp\/wizsense\/25x De Zoom Optico\/ir De 100 M\/h.265\/wdr Real De 120 Db\/proteccion Perimetral\/deteccion De Rostros \/smd Plus\/ranura Para Microsd\/ip66\/es","isPartOf":{"@id":"https:\/\/compuviper.mx\/tienda\/#website"},"datePublished":"2026-04-23T06:14:38+00:00","dateModified":"2026-04-23T06:14:38+00:00","description":"Compra Dh-sd49225db-hny Camara Ip Ptz\/ \/ Sd49225db-hny \/2 Mp\/wizsense\/25x De Zoom Optico\/ir De 100 M\/h.265\/wdr Real De 120 Db\/proteccion Perimetral\/deteccion De Rostros \/smd Plus\/ranura Para Microsd\/ip66\/es + Env\u00edo a domicilio + Pago seguro + Garant\u00eda","breadcrumb":{"@id":"https:\/\/compuviper.mx\/tienda\/producto\/dahua-dh-sd49225db-hny-camara-ip-ptz-sd49225db-hny-2-mp-wizsense-25x-de-zoom-optico-ir-de-100-m-h-265-wdr-real-de-120-db-proteccion-perimetral-deteccion-de-rostros-smd-plus-ranura-para-microsd-ip\/#breadcrumb"},"inLanguage":"es-MX","potentialAction":[{"@type":"ReadAction","target":["https:\/\/compuviper.mx\/tienda\/producto\/dahua-dh-sd49225db-hny-camara-ip-ptz-sd49225db-hny-2-mp-wizsense-25x-de-zoom-optico-ir-de-100-m-h-265-wdr-real-de-120-db-proteccion-perimetral-deteccion-de-rostros-smd-plus-ranura-para-microsd-ip\/"]}]},{"@type":"BreadcrumbList","@id":"https:\/\/compuviper.mx\/tienda\/producto\/dahua-dh-sd49225db-hny-camara-ip-ptz-sd49225db-hny-2-mp-wizsense-25x-de-zoom-optico-ir-de-100-m-h-265-wdr-real-de-120-db-proteccion-perimetral-deteccion-de-rostros-smd-plus-ranura-para-microsd-ip\/#breadcrumb","itemListElement":[{"@type":"ListItem","position":1,"name":"Inicio","item":"https:\/\/compuviper.mx\/tienda\/"},{"@type":"ListItem","position":2,"name":"Productos","item":"https:\/\/compuviper.mx\/tienda\/productos\/"},{"@type":"ListItem","position":3,"name":"Camaras","item":"https:\/\/compuviper.mx\/tienda\/categoria-producto\/camaras-2\/"},{"@type":"ListItem","position":4,"name":"Camara De Videovigilancia","item":"https:\/\/compuviper.mx\/tienda\/categoria-producto\/camaras-2\/camara-de-videovigilancia\/"},{"@type":"ListItem","position":5,"name":"Dahua Dh-sd49225db-hny Camara Ip Ptz\/ \/ Sd49225db-hny \/2 Mp\/wizsense\/25x De Zoom Optico\/ir De 100 M\/h.265\/wdr Real De 120 Db\/proteccion Perimetral\/deteccion De Rostros \/smd Plus\/ranura Para Microsd\/ip66\/es"}]},{"@type":"WebSite","@id":"https:\/\/compuviper.mx\/tienda\/#website","url":"https:\/\/compuviper.mx\/tienda\/","name":"Compuviper","description":"Proveedor de Computadoras, Laptops, Servidores, Monitores, Puntos de Venta, Teclados,   Impresoras, T\u00f3ner, C\u00e1maras de Seguridad y m\u00e1s en tu tienda en l\u00ednea","publisher":{"@id":"https:\/\/compuviper.mx\/tienda\/#organization"},"potentialAction":[{"@type":"SearchAction","target":{"@type":"EntryPoint","urlTemplate":"https:\/\/compuviper.mx\/tienda\/?s={search_term_string}"},"query-input":"required name=search_term_string"}],"inLanguage":"es-MX"},{"@type":"Organization","@id":"https:\/\/compuviper.mx\/tienda\/#organization","name":"Compuviper","url":"https:\/\/compuviper.mx\/tienda\/","logo":{"@type":"ImageObject","inLanguage":"es-MX","@id":"https:\/\/compuviper.mx\/tienda\/#\/schema\/logo\/image\/","url":"https:\/\/compuviper.mx\/tienda\/wp-content\/uploads\/2021\/08\/Logo-Compuviper-10.png","contentUrl":"https:\/\/compuviper.mx\/tienda\/wp-content\/uploads\/2021\/08\/Logo-Compuviper-10.png","width":1000,"height":500,"caption":"Compuviper"},"image":{"@id":"https:\/\/compuviper.mx\/tienda\/#\/schema\/logo\/image\/"},"sameAs":["https:\/\/www.facebook.com\/compuviper","https:\/\/www.youtube.com\/channel\/UCf73dERp9Y3cfOq7q8BhLjA?view_as=subscriber"]}]},"product_brand":"DAHUA","product_price_amount":"4422","product_price_currency":"MXN","og_availability":"backorder","product_availability":"available for order","product_retailer_item_id":"DH-SD49225DB-HNY","product_condition":"new"},"_links":{"self":[{"href":"https:\/\/compuviper.mx\/tienda\/wp-json\/wp\/v2\/product\/239528"}],"collection":[{"href":"https:\/\/compuviper.mx\/tienda\/wp-json\/wp\/v2\/product"}],"about":[{"href":"https:\/\/compuviper.mx\/tienda\/wp-json\/wp\/v2\/types\/product"}],"replies":[{"embeddable":true,"href":"https:\/\/compuviper.mx\/tienda\/wp-json\/wp\/v2\/comments?post=239528"}],"wp:featuredmedia":[{"embeddable":true,"href":"https:\/\/compuviper.mx\/tienda\/wp-json\/wp\/v2\/media\/242503"}],"wp:attachment":[{"href":"https:\/\/compuviper.mx\/tienda\/wp-json\/wp\/v2\/media?parent=239528"}],"wp:term":[{"taxonomy":"product_cat","embeddable":true,"href":"https:\/\/compuviper.mx\/tienda\/wp-json\/wp\/v2\/product_cat?post=239528"},{"taxonomy":"product_tag","embeddable":true,"href":"https:\/\/compuviper.mx\/tienda\/wp-json\/wp\/v2\/product_tag?post=239528"}],"curies":[{"name":"wp","href":"https:\/\/api.w.org\/{rel}","templated":true}]}}