{"id":239527,"date":"2026-04-23T00:14:37","date_gmt":"2026-04-23T06:14:37","guid":{"rendered":"https:\/\/compuviper.mx\/tienda\/producto\/tp-link-tapo-c225-camara-tp-link-wifi-modo-privado-2k-qhd-deteccion-ia-modo-privado-sonido-bidireccional-almacenamiento-microsd-360-alarma-con-luz-y-sonido\/"},"modified":"2026-04-23T00:14:37","modified_gmt":"2026-04-23T06:14:37","slug":"tp-link-tapo-c225-camara-tp-link-wifi-modo-privado-2k-qhd-deteccion-ia-modo-privado-sonido-bidireccional-almacenamiento-microsd-360-alarma-con-luz-y-sonido","status":"publish","type":"product","link":"https:\/\/compuviper.mx\/tienda\/producto\/tp-link-tapo-c225-camara-tp-link-wifi-modo-privado-2k-qhd-deteccion-ia-modo-privado-sonido-bidireccional-almacenamiento-microsd-360-alarma-con-luz-y-sonido\/","title":{"rendered":"Tp Link Tapo C225 Camara Tp-link  Wifi Modo Privado 2k Qhd Deteccion Ia Modo Privado Sonido Bidireccional Almacenamiento Microsd 360 Alarma Con Luz Y Sonido"},"content":{"rendered":"<table class=\"descripcion\">\n<tr>\n<td>C\u00e1mara<\/td>\n<\/tr>\n<tr>\n<td>Sensor de imagen<\/td>\n<\/tr>\n<tr>\n<td>1\/3\u0093<\/td>\n<\/tr>\n<tr>\n<td>Lente<\/td>\n<\/tr>\n<tr>\n<td>F\/no: 1,6\u00b15%; distancia focal: 4 mm \u00b1 5%<\/td>\n<\/tr>\n<tr>\n<td>Rango de movimiento<\/td>\n<\/tr>\n<tr>\n<td>Pan mechanical range: 340\u00b0 (360\u00b0 pan coverage)<\/td>\n<\/tr>\n<tr>\n<td>Tilt mechanical range: 60\u00b0 (149\u00b0 tilt coverage)<\/td>\n<\/tr>\n<tr>\n<td>Visi\u00f3n nocturna<\/td>\n<\/tr>\n<tr>\n<td>Vision nocturna<\/td>\n<\/tr>\n<tr>\n<td>Iluminaci\u00f3n<\/td>\n<\/tr>\n<tr>\n<td>\/<\/td>\n<\/tr>\n<tr>\n<td>Interfaz y bot\u00f3n<\/td>\n<\/tr>\n<tr>\n<td>1\u00d7 reset button<\/td>\n<\/tr>\n<tr>\n<td>1\u00d7 privacy button<\/td>\n<\/tr>\n<tr>\n<td>1\u00d7 microsd card slot (up to 512 gb)<\/td>\n<\/tr>\n<tr>\n<td>Compatibilidad de hub<\/td>\n<\/tr>\n<tr>\n<td>\/<\/td>\n<\/tr>\n<tr>\n<td>Rango de vista<\/td>\n<\/tr>\n<tr>\n<td>360\u00b0 horizontal, 149\u00b0 vertical<\/td>\n<\/tr>\n<tr>\n<td>Resoluci\u00f3n<\/td>\n<\/tr>\n<tr>\n<td>2k qhd (2560 \u00d7 1440 px)<\/td>\n<\/tr>\n<tr>\n<td>Hub<\/td>\n<\/tr>\n<tr>\n<td>Compatibilidad de dispositivo<\/td>\n<\/tr>\n<tr>\n<td>\/<\/td>\n<\/tr>\n<tr>\n<td>Capacidad de conexi\u00f3n<\/td>\n<\/tr>\n<tr>\n<td>\/<\/td>\n<\/tr>\n<tr>\n<td>Interfaz y bot\u00f3n<\/td>\n<\/tr>\n<tr>\n<td>\/<\/td>\n<\/tr>\n<tr>\n<td>Video  and  audio<\/td>\n<\/tr>\n<tr>\n<td>Resoluci\u00f3n m\u00e1xima<\/td>\n<\/tr>\n<tr>\n<td>2k qhd 4mp (2560 \u00d7 1440 px)<\/td>\n<\/tr>\n<tr>\n<td>Cuadros por segundo<\/td>\n<\/tr>\n<tr>\n<td>15\/20\/25\/30 fps (default 15fps)<\/td>\n<\/tr>\n<tr>\n<td>Zoom digital<\/td>\n<\/tr>\n<tr>\n<td>None<\/td>\n<\/tr>\n<tr>\n<td>Compresi\u00f3n de v\u00eddeo<\/td>\n<\/tr>\n<tr>\n<td>H.264<\/td>\n<\/tr>\n<tr>\n<td>Vista en vivo<\/td>\n<\/tr>\n<tr>\n<td>Yes<\/td>\n<\/tr>\n<tr>\n<td>Mejora de la imagen<\/td>\n<\/tr>\n<tr>\n<td>3d dnr<\/td>\n<\/tr>\n<tr>\n<td>Wdr<\/td>\n<\/tr>\n<tr>\n<td>Entrada y salida de audio<\/td>\n<\/tr>\n<tr>\n<td>Built-in microphone and speaker<\/td>\n<\/tr>\n<tr>\n<td>Comunicaci\u00f3n de audio<\/td>\n<\/tr>\n<tr>\n<td>Two-way audio with noise cancellation<\/td>\n<\/tr>\n<tr>\n<td>Volumen de sirena<\/td>\n<\/tr>\n<tr>\n<td>93db (level measured at 4-inch\/10-cm distance)<\/td>\n<\/tr>\n<tr>\n<td>Storage<\/td>\n<\/tr>\n<tr>\n<td>Local storage<\/td>\n<\/tr>\n<tr>\n<td>Microsd card slot on camera (up to 512 gb)<\/td>\n<\/tr>\n<tr>\n<td>General information about using microsd cards<\/td>\n<\/tr>\n<tr>\n<td>Cloud storage<\/td>\n<\/tr>\n<tr>\n<td>Tapo care cloud storage services (subscription required)<\/td>\n<\/tr>\n<tr>\n<td>Video<\/td>\n<\/tr>\n<tr>\n<td>Cuadros por segundo<\/td>\n<\/tr>\n<tr>\n<td>2560\u00d71440@15fps<\/td>\n<\/tr>\n<tr>\n<td>V\u00eddeo transmitido en vivo<\/td>\n<\/tr>\n<tr>\n<td>2k qhd<\/td>\n<\/tr>\n<tr>\n<td>Compresi\u00f3n de video<\/td>\n<\/tr>\n<tr>\n<td>H.264<\/td>\n<\/tr>\n<tr>\n<td>Compresi\u00f3n de audio<\/td>\n<\/tr>\n<tr>\n<td>G.711<\/td>\n<\/tr>\n<tr>\n<td>Detection and notifications<\/td>\n<\/tr>\n<tr>\n<td>Sensor<\/td>\n<\/tr>\n<tr>\n<td>\/<\/td>\n<\/tr>\n<tr>\n<td>Ai detection<\/td>\n<\/tr>\n<tr>\n<td>Motion detection<\/td>\n<\/tr>\n<tr>\n<td>Person detection<\/td>\n<\/tr>\n<tr>\n<td>Line-crossing detection<\/td>\n<\/tr>\n<tr>\n<td>Tamper detection<\/td>\n<\/tr>\n<tr>\n<td>Babycry detection<\/td>\n<\/tr>\n<tr>\n<td>Vehicle detection<\/td>\n<\/tr>\n<tr>\n<td>Pet detection<\/td>\n<\/tr>\n<tr>\n<td>Meow detection<\/td>\n<\/tr>\n<tr>\n<td>Bark detection<\/td>\n<\/tr>\n<tr>\n<td>Glass-breaking detection<\/td>\n<\/tr>\n<tr>\n<td>Activity zones<\/td>\n<\/tr>\n<tr>\n<td>Yes<\/td>\n<\/tr>\n<tr>\n<td>*only works with motion detection.<\/td>\n<\/tr>\n<tr>\n<td>Output notification<\/td>\n<\/tr>\n<tr>\n<td>System notification<\/td>\n<\/tr>\n<tr>\n<td>System notification with snapshot (tapo care services)<\/td>\n<\/tr>\n<tr>\n<td>Audio<\/td>\n<\/tr>\n<tr>\n<td>Comunicaci\u00f3n de audio<\/td>\n<\/tr>\n<tr>\n<td>Audio bidireccional<\/td>\n<\/tr>\n<tr>\n<td>Audio input  and  output:<\/td>\n<\/tr>\n<tr>\n<td>Micr\u00f3fono y altavoz integrados<\/td>\n<\/tr>\n<tr>\n<td>Network<\/td>\n<\/tr>\n<tr>\n<td>Network connectivity<\/td>\n<\/tr>\n<tr>\n<td>Connect via wi-fi<\/td>\n<\/tr>\n<tr>\n<td>Wireless connectivity<\/td>\n<\/tr>\n<tr>\n<td>Ieee 802.11b\/g\/n, 2.4 ghz wi-fi<\/td>\n<\/tr>\n<tr>\n<td>Protocolo<\/td>\n<\/tr>\n<tr>\n<td>Tcp\/ip, dhcp, icmp, dns, ntp, https, tcp, udp, onvif<\/td>\n<\/tr>\n<tr>\n<td>Ethernet port<\/td>\n<\/tr>\n<tr>\n<td>\/<\/td>\n<\/tr>\n<tr>\n<td>Wireless security<\/td>\n<\/tr>\n<tr>\n<td>Wpa\/wpa2-psk<\/td>\n<\/tr>\n<tr>\n<td>Rtsp<\/td>\n<\/tr>\n<tr>\n<td>Yes<\/td>\n<\/tr>\n<tr>\n<td>Onvif<\/td>\n<\/tr>\n<tr>\n<td>Yes<\/td>\n<\/tr>\n<tr>\n<td>Seguridad<\/td>\n<\/tr>\n<tr>\n<td>Cifrado aes de 128 bits con ssl\/tls<\/td>\n<\/tr>\n<tr>\n<td>Protocolo wi-fi<\/td>\n<\/tr>\n<tr>\n<td>Ieee 802.11b\/g\/n, 2.4 ghz<\/td>\n<\/tr>\n<tr>\n<td>Frecuencia<\/td>\n<\/tr>\n<tr>\n<td>2.4 ghz<\/td>\n<\/tr>\n<tr>\n<td>Seguridad<\/td>\n<\/tr>\n<tr>\n<td>Security<\/td>\n<\/tr>\n<tr>\n<td>On-device machine learning<\/td>\n<\/tr>\n<tr>\n<td>128-bit aes encryption with ssl\/tls<\/td>\n<\/tr>\n<tr>\n<td>Wpa\/wpa2-psk\/wpa3<\/td>\n<\/tr>\n<tr>\n<td>Alimentaci\u00f3n<\/td>\n<\/tr>\n<tr>\n<td>Power source<\/td>\n<\/tr>\n<tr>\n<td>12v dc power adapter<\/td>\n<\/tr>\n<tr>\n<td>Input voltage<\/td>\n<\/tr>\n<tr>\n<td>100-240 v, 50\/60 hz<\/td>\n<\/tr>\n<tr>\n<td>Output voltage<\/td>\n<\/tr>\n<tr>\n<td>12 v, 1.0 a (dc power)<\/td>\n<\/tr>\n<tr>\n<td>General<\/td>\n<\/tr>\n<tr>\n<td>Smart integration<\/td>\n<\/tr>\n<tr>\n<td>Google assistant, amazon alexa<\/td>\n<\/tr>\n<tr>\n<td>Weather resistance<\/td>\n<\/tr>\n<tr>\n<td>\/<\/td>\n<\/tr>\n<tr>\n<td>Mounting options<\/td>\n<\/tr>\n<tr>\n<td>Tabletop<\/td>\n<\/tr>\n<tr>\n<td>Ceiling-mounted<\/td>\n<\/tr>\n<tr>\n<td>Temperatura de funcionamiento<\/td>\n<\/tr>\n<tr>\n<td>0 and #8451;~40 and #8451;<\/td>\n<\/tr>\n<tr>\n<td>Storage temperature<\/td>\n<\/tr>\n<tr>\n<td>-20 and #8451;~70 and #8451;<\/td>\n<\/tr>\n<tr>\n<td>Humedad de funcionamiento<\/td>\n<\/tr>\n<tr>\n<td>10%~90% rh, non-condensing<\/td>\n<\/tr>\n<tr>\n<td>Storage humidity<\/td>\n<\/tr>\n<tr>\n<td>5%~90% rh, non-condensing<\/td>\n<\/tr>\n<tr>\n<td>Charging temperature<\/td>\n<\/tr>\n<tr>\n<td>\/<\/td>\n<\/tr>\n<tr>\n<td>Dimensions<\/td>\n<\/tr>\n<tr>\n<td>3.15 \u00d7 3.15 \u00d7 4.41 in (80 \u00d7 80 \u00d7 112 mm)<\/td>\n<\/tr>\n<tr>\n<td>Contenidos del paquete<\/td>\n<\/tr>\n<tr>\n<td>Tapo c225 camera<\/td>\n<\/tr>\n<tr>\n<td>Dc power adapter<\/td>\n<\/tr>\n<tr>\n<td>Quick start guide<\/td>\n<\/tr>\n<tr>\n<td>Mounting screws<\/td>\n<\/tr>\n<tr>\n<td>Mounting template<\/td>\n<\/tr>\n<tr>\n<td>Camera base<\/td>\n<\/tr>\n<tr>\n<td>Certificaciones<\/td>\n<\/tr>\n<tr>\n<td>Ce,fcc,ncc,bsmi,ic,vcci,jrf,kc,rcm,weee,eac,rohs<\/td>\n<\/tr>\n<tr>\n<td>Notificaciones de actividad<\/td>\n<\/tr>\n<tr>\n<td>Disparador de entrada<\/td>\n<\/tr>\n<tr>\n<td>Detecci\u00f3n de movimiento, detecci\u00f3n de personas, detecci\u00f3n de cruce de l\u00ednea, manipulaci\u00f3n de c\u00e1mara, detecci\u00f3n de llanto de beb\u00e9, detecci\u00f3n de veh\u00edculos, detecci\u00f3n de mascotas, detecci\u00f3n de maullidos de gatos, detecci\u00f3n de ladridos de perros, detecci\u00f3n de rotura de cristales, detecci\u00f3n de alarma de humo<\/td>\n<\/tr>\n<tr>\n<td>Notificaci\u00f3n de salida<\/td>\n<\/tr>\n<tr>\n<td>Notificaci\u00f3n, instant\u00e1nea (tapo care).<\/td>\n<\/tr>\n<tr>\n<td>Contenidos del paquete<\/td>\n<\/tr>\n<tr>\n<td>Contenido del paquete<\/td>\n<\/tr>\n<tr>\n<td>Tapo pan\/tilt home security wi-fi camera<\/td>\n<\/tr>\n<tr>\n<td>Power adapter<\/td>\n<\/tr>\n<tr>\n<td>Quick start guide<\/td>\n<\/tr>\n<tr>\n<td>Mounting screws<\/td>\n<\/tr>\n<tr>\n<td>Mounting plate<\/td>\n<\/tr>\n<tr>\n<td>Camera base<\/td>\n<\/tr>\n<\/table>\n","protected":false},"excerpt":{"rendered":"<p>Tapo c225. C\u00e1mara inteligente wi-fi de seguridad para el hogar con movimiento horizontal y vertical. Modo privado. Bloquea la lente para mantener a salvo la privacidad de la familia. Detecci\u00f3n inteligente. Identifica y diferencia entre personas, mascotas, veh\u00edculos y sonidos extra\u00f1os, notificando a los usuarios seg\u00fan sea necesario. Visi\u00f3n panor\u00e1mica 360\u00ba. La c\u00e1mara se mueve vertical y horizontalmente para grabar todos los detalles.. Seguimiento inteligente de movimiento. Detecta y sigue con precisi\u00f3n a una persona dentro del campo de visi\u00f3n de la c\u00e1mara. Sensor starlight de alta sensibilidad. Captura im\u00e1genes de alta calidad con colores vivos. Alarma con luz y sonido. Al detectar movimientos sospechosos activa la alarma de luz y sonido para disuadir la amenaza. Sonido bidireccional. Permite la comunicaci\u00f3n a trav\u00e9s del micr\u00f3fono y altavoz integrados en la c\u00e1mara. F\u00e1cil configuraci\u00f3n y control. A trav\u00e9s de la app tapo podr\u00e1s configurar y controlar la c\u00e1mara c\u00f3modamente.<\/p>\n","protected":false},"featured_media":242502,"comment_status":"open","ping_status":"open","template":"","meta":[],"product_cat":[1811,2318],"product_tag":[1562],"acf":[],"yoast_head":"<!-- This site is optimized with the Yoast SEO plugin v21.7 - https:\/\/yoast.com\/wordpress\/plugins\/seo\/ -->\n<title>[ Tp Link ] &#129351; Tapo C225 Camara Tp-link Wifi Modo Privado 2k Qhd Deteccion Ia Modo Privado Sonido Bidireccional Almacenamiento Microsd 360 Alarma Con Luz Y Sonido<\/title>\n<meta name=\"description\" content=\"Compra Tapo C225 Camara Tp-link Wifi Modo Privado 2k Qhd Deteccion Ia Modo Privado Sonido Bidireccional Almacenamiento Microsd 360 Alarma Con Luz Y Sonido + Env\u00edo a domicilio + Pago seguro + Garant\u00eda\" \/>\n<meta name=\"robots\" content=\"index, follow, max-snippet:-1, max-image-preview:large, max-video-preview:-1\" \/>\n<link rel=\"canonical\" href=\"https:\/\/compuviper.mx\/tienda\/producto\/tp-link-tapo-c225-camara-tp-link-wifi-modo-privado-2k-qhd-deteccion-ia-modo-privado-sonido-bidireccional-almacenamiento-microsd-360-alarma-con-luz-y-sonido\/\" \/>\n<meta property=\"og:locale\" content=\"es_MX\" \/>\n<meta property=\"og:type\" content=\"article\" \/>\n<meta property=\"og:title\" content=\"[ Tp Link ] &#129351; Tapo C225 Camara Tp-link Wifi Modo Privado 2k Qhd Deteccion Ia Modo Privado Sonido Bidireccional Almacenamiento Microsd 360 Alarma Con Luz Y Sonido\" \/>\n<meta property=\"og:description\" content=\"Compra Tapo C225 Camara Tp-link Wifi Modo Privado 2k Qhd Deteccion Ia Modo Privado Sonido Bidireccional Almacenamiento Microsd 360 Alarma Con Luz Y Sonido + Env\u00edo a domicilio + Pago seguro + Garant\u00eda\" \/>\n<meta property=\"og:url\" content=\"https:\/\/compuviper.mx\/tienda\/producto\/tp-link-tapo-c225-camara-tp-link-wifi-modo-privado-2k-qhd-deteccion-ia-modo-privado-sonido-bidireccional-almacenamiento-microsd-360-alarma-con-luz-y-sonido\/\" \/>\n<meta property=\"og:site_name\" content=\"Compuviper\" \/>\n<meta property=\"article:publisher\" content=\"https:\/\/www.facebook.com\/compuviper\" \/>\n<meta property=\"og:image\" content=\"https:\/\/compuviper.mx\/tienda\/wp-content\/uploads\/2024\/09\/Camara-tp-link-tapo-c225-wifi-modo-privado-2k-qhd-deteccion-ia-modo-privado-sonido-bidireccional-almacenamiento-microsd-360-alarma-con-luz-y-sonido.jpg\" \/>\n\t<meta property=\"og:image:width\" content=\"200\" \/>\n\t<meta property=\"og:image:height\" content=\"200\" \/>\n\t<meta property=\"og:image:type\" content=\"image\/jpeg\" \/>\n<meta name=\"twitter:card\" content=\"summary_large_image\" \/>\n<meta name=\"twitter:label1\" content=\"Precio\" \/>\n\t<meta name=\"twitter:data1\" content=\"&#36;830 con IVA\" \/>\n\t<meta name=\"twitter:label2\" content=\"Availability\" \/>\n\t<meta name=\"twitter:data2\" content=\"In stock\" \/>\n<script type=\"application\/ld+json\" class=\"yoast-schema-graph\">{\"@context\":\"https:\/\/schema.org\",\"@graph\":[{\"@type\":\"WebPage\",\"@id\":\"https:\/\/compuviper.mx\/tienda\/producto\/tp-link-tapo-c225-camara-tp-link-wifi-modo-privado-2k-qhd-deteccion-ia-modo-privado-sonido-bidireccional-almacenamiento-microsd-360-alarma-con-luz-y-sonido\/\",\"url\":\"https:\/\/compuviper.mx\/tienda\/producto\/tp-link-tapo-c225-camara-tp-link-wifi-modo-privado-2k-qhd-deteccion-ia-modo-privado-sonido-bidireccional-almacenamiento-microsd-360-alarma-con-luz-y-sonido\/\",\"name\":\"[ Tp Link ] &#129351; Tapo C225 Camara Tp-link Wifi Modo Privado 2k Qhd Deteccion Ia Modo Privado Sonido Bidireccional Almacenamiento Microsd 360 Alarma Con Luz Y Sonido\",\"isPartOf\":{\"@id\":\"https:\/\/compuviper.mx\/tienda\/#website\"},\"datePublished\":\"2026-04-23T06:14:37+00:00\",\"dateModified\":\"2026-04-23T06:14:37+00:00\",\"description\":\"Compra Tapo C225 Camara Tp-link Wifi Modo Privado 2k Qhd Deteccion Ia Modo Privado Sonido Bidireccional Almacenamiento Microsd 360 Alarma Con Luz Y Sonido + Env\u00edo a domicilio + Pago seguro + Garant\u00eda\",\"breadcrumb\":{\"@id\":\"https:\/\/compuviper.mx\/tienda\/producto\/tp-link-tapo-c225-camara-tp-link-wifi-modo-privado-2k-qhd-deteccion-ia-modo-privado-sonido-bidireccional-almacenamiento-microsd-360-alarma-con-luz-y-sonido\/#breadcrumb\"},\"inLanguage\":\"es-MX\",\"potentialAction\":[{\"@type\":\"ReadAction\",\"target\":[\"https:\/\/compuviper.mx\/tienda\/producto\/tp-link-tapo-c225-camara-tp-link-wifi-modo-privado-2k-qhd-deteccion-ia-modo-privado-sonido-bidireccional-almacenamiento-microsd-360-alarma-con-luz-y-sonido\/\"]}]},{\"@type\":\"BreadcrumbList\",\"@id\":\"https:\/\/compuviper.mx\/tienda\/producto\/tp-link-tapo-c225-camara-tp-link-wifi-modo-privado-2k-qhd-deteccion-ia-modo-privado-sonido-bidireccional-almacenamiento-microsd-360-alarma-con-luz-y-sonido\/#breadcrumb\",\"itemListElement\":[{\"@type\":\"ListItem\",\"position\":1,\"name\":\"Inicio\",\"item\":\"https:\/\/compuviper.mx\/tienda\/\"},{\"@type\":\"ListItem\",\"position\":2,\"name\":\"Productos\",\"item\":\"https:\/\/compuviper.mx\/tienda\/productos\/\"},{\"@type\":\"ListItem\",\"position\":3,\"name\":\"Smart Home\",\"item\":\"https:\/\/compuviper.mx\/tienda\/categoria-producto\/smart-home\/\"},{\"@type\":\"ListItem\",\"position\":4,\"name\":\"Wired Camera\",\"item\":\"https:\/\/compuviper.mx\/tienda\/categoria-producto\/smart-home\/wired-camera\/\"},{\"@type\":\"ListItem\",\"position\":5,\"name\":\"Tp Link Tapo C225 Camara Tp-link Wifi Modo Privado 2k Qhd Deteccion Ia Modo Privado Sonido Bidireccional Almacenamiento Microsd 360 Alarma Con Luz Y Sonido\"}]},{\"@type\":\"WebSite\",\"@id\":\"https:\/\/compuviper.mx\/tienda\/#website\",\"url\":\"https:\/\/compuviper.mx\/tienda\/\",\"name\":\"Compuviper\",\"description\":\"Proveedor de Computadoras, Laptops, Servidores, Monitores, Puntos de Venta, Teclados,   Impresoras, T\u00f3ner, C\u00e1maras de Seguridad y m\u00e1s en tu tienda en l\u00ednea\",\"publisher\":{\"@id\":\"https:\/\/compuviper.mx\/tienda\/#organization\"},\"potentialAction\":[{\"@type\":\"SearchAction\",\"target\":{\"@type\":\"EntryPoint\",\"urlTemplate\":\"https:\/\/compuviper.mx\/tienda\/?s={search_term_string}\"},\"query-input\":\"required name=search_term_string\"}],\"inLanguage\":\"es-MX\"},{\"@type\":\"Organization\",\"@id\":\"https:\/\/compuviper.mx\/tienda\/#organization\",\"name\":\"Compuviper\",\"url\":\"https:\/\/compuviper.mx\/tienda\/\",\"logo\":{\"@type\":\"ImageObject\",\"inLanguage\":\"es-MX\",\"@id\":\"https:\/\/compuviper.mx\/tienda\/#\/schema\/logo\/image\/\",\"url\":\"https:\/\/compuviper.mx\/tienda\/wp-content\/uploads\/2021\/08\/Logo-Compuviper-10.png\",\"contentUrl\":\"https:\/\/compuviper.mx\/tienda\/wp-content\/uploads\/2021\/08\/Logo-Compuviper-10.png\",\"width\":1000,\"height\":500,\"caption\":\"Compuviper\"},\"image\":{\"@id\":\"https:\/\/compuviper.mx\/tienda\/#\/schema\/logo\/image\/\"},\"sameAs\":[\"https:\/\/www.facebook.com\/compuviper\",\"https:\/\/www.youtube.com\/channel\/UCf73dERp9Y3cfOq7q8BhLjA?view_as=subscriber\"]}]}<\/script>\n<meta property=\"product:brand\" content=\"TP LINK\" \/>\n<meta property=\"product:price:amount\" content=\"830\" \/>\n<meta property=\"product:price:currency\" content=\"MXN\" \/>\n<meta property=\"og:availability\" content=\"instock\" \/>\n<meta property=\"product:availability\" content=\"instock\" \/>\n<meta property=\"product:retailer_item_id\" content=\"TAPO C225\" \/>\n<meta property=\"product:condition\" content=\"new\" \/>\n<!-- \/ Yoast SEO plugin. -->","yoast_head_json":{"title":"[ Tp Link ] &#129351; Tapo C225 Camara Tp-link Wifi Modo Privado 2k Qhd Deteccion Ia Modo Privado Sonido Bidireccional Almacenamiento Microsd 360 Alarma Con Luz Y Sonido","description":"Compra Tapo C225 Camara Tp-link Wifi Modo Privado 2k Qhd Deteccion Ia Modo Privado Sonido Bidireccional Almacenamiento Microsd 360 Alarma Con Luz Y Sonido + Env\u00edo a domicilio + Pago seguro + Garant\u00eda","robots":{"index":"index","follow":"follow","max-snippet":"max-snippet:-1","max-image-preview":"max-image-preview:large","max-video-preview":"max-video-preview:-1"},"canonical":"https:\/\/compuviper.mx\/tienda\/producto\/tp-link-tapo-c225-camara-tp-link-wifi-modo-privado-2k-qhd-deteccion-ia-modo-privado-sonido-bidireccional-almacenamiento-microsd-360-alarma-con-luz-y-sonido\/","og_locale":"es_MX","og_type":"article","og_title":"[ Tp Link ] &#129351; Tapo C225 Camara Tp-link Wifi Modo Privado 2k Qhd Deteccion Ia Modo Privado Sonido Bidireccional Almacenamiento Microsd 360 Alarma Con Luz Y Sonido","og_description":"Compra Tapo C225 Camara Tp-link Wifi Modo Privado 2k Qhd Deteccion Ia Modo Privado Sonido Bidireccional Almacenamiento Microsd 360 Alarma Con Luz Y Sonido + Env\u00edo a domicilio + Pago seguro + Garant\u00eda","og_url":"https:\/\/compuviper.mx\/tienda\/producto\/tp-link-tapo-c225-camara-tp-link-wifi-modo-privado-2k-qhd-deteccion-ia-modo-privado-sonido-bidireccional-almacenamiento-microsd-360-alarma-con-luz-y-sonido\/","og_site_name":"Compuviper","article_publisher":"https:\/\/www.facebook.com\/compuviper","og_image":[{"width":200,"height":200,"url":"https:\/\/compuviper.mx\/tienda\/wp-content\/uploads\/2024\/09\/Camara-tp-link-tapo-c225-wifi-modo-privado-2k-qhd-deteccion-ia-modo-privado-sonido-bidireccional-almacenamiento-microsd-360-alarma-con-luz-y-sonido.jpg","type":"image\/jpeg"}],"twitter_card":"summary_large_image","twitter_misc":{"Precio":"&#36;830 con IVA","Availability":"In stock"},"schema":{"@context":"https:\/\/schema.org","@graph":[{"@type":"WebPage","@id":"https:\/\/compuviper.mx\/tienda\/producto\/tp-link-tapo-c225-camara-tp-link-wifi-modo-privado-2k-qhd-deteccion-ia-modo-privado-sonido-bidireccional-almacenamiento-microsd-360-alarma-con-luz-y-sonido\/","url":"https:\/\/compuviper.mx\/tienda\/producto\/tp-link-tapo-c225-camara-tp-link-wifi-modo-privado-2k-qhd-deteccion-ia-modo-privado-sonido-bidireccional-almacenamiento-microsd-360-alarma-con-luz-y-sonido\/","name":"[ Tp Link ] &#129351; Tapo C225 Camara Tp-link Wifi Modo Privado 2k Qhd Deteccion Ia Modo Privado Sonido Bidireccional Almacenamiento Microsd 360 Alarma Con Luz Y Sonido","isPartOf":{"@id":"https:\/\/compuviper.mx\/tienda\/#website"},"datePublished":"2026-04-23T06:14:37+00:00","dateModified":"2026-04-23T06:14:37+00:00","description":"Compra Tapo C225 Camara Tp-link Wifi Modo Privado 2k Qhd Deteccion Ia Modo Privado Sonido Bidireccional Almacenamiento Microsd 360 Alarma Con Luz Y Sonido + Env\u00edo a domicilio + Pago seguro + Garant\u00eda","breadcrumb":{"@id":"https:\/\/compuviper.mx\/tienda\/producto\/tp-link-tapo-c225-camara-tp-link-wifi-modo-privado-2k-qhd-deteccion-ia-modo-privado-sonido-bidireccional-almacenamiento-microsd-360-alarma-con-luz-y-sonido\/#breadcrumb"},"inLanguage":"es-MX","potentialAction":[{"@type":"ReadAction","target":["https:\/\/compuviper.mx\/tienda\/producto\/tp-link-tapo-c225-camara-tp-link-wifi-modo-privado-2k-qhd-deteccion-ia-modo-privado-sonido-bidireccional-almacenamiento-microsd-360-alarma-con-luz-y-sonido\/"]}]},{"@type":"BreadcrumbList","@id":"https:\/\/compuviper.mx\/tienda\/producto\/tp-link-tapo-c225-camara-tp-link-wifi-modo-privado-2k-qhd-deteccion-ia-modo-privado-sonido-bidireccional-almacenamiento-microsd-360-alarma-con-luz-y-sonido\/#breadcrumb","itemListElement":[{"@type":"ListItem","position":1,"name":"Inicio","item":"https:\/\/compuviper.mx\/tienda\/"},{"@type":"ListItem","position":2,"name":"Productos","item":"https:\/\/compuviper.mx\/tienda\/productos\/"},{"@type":"ListItem","position":3,"name":"Smart Home","item":"https:\/\/compuviper.mx\/tienda\/categoria-producto\/smart-home\/"},{"@type":"ListItem","position":4,"name":"Wired Camera","item":"https:\/\/compuviper.mx\/tienda\/categoria-producto\/smart-home\/wired-camera\/"},{"@type":"ListItem","position":5,"name":"Tp Link Tapo C225 Camara Tp-link Wifi Modo Privado 2k Qhd Deteccion Ia Modo Privado Sonido Bidireccional Almacenamiento Microsd 360 Alarma Con Luz Y Sonido"}]},{"@type":"WebSite","@id":"https:\/\/compuviper.mx\/tienda\/#website","url":"https:\/\/compuviper.mx\/tienda\/","name":"Compuviper","description":"Proveedor de Computadoras, Laptops, Servidores, Monitores, Puntos de Venta, Teclados,   Impresoras, T\u00f3ner, C\u00e1maras de Seguridad y m\u00e1s en tu tienda en l\u00ednea","publisher":{"@id":"https:\/\/compuviper.mx\/tienda\/#organization"},"potentialAction":[{"@type":"SearchAction","target":{"@type":"EntryPoint","urlTemplate":"https:\/\/compuviper.mx\/tienda\/?s={search_term_string}"},"query-input":"required name=search_term_string"}],"inLanguage":"es-MX"},{"@type":"Organization","@id":"https:\/\/compuviper.mx\/tienda\/#organization","name":"Compuviper","url":"https:\/\/compuviper.mx\/tienda\/","logo":{"@type":"ImageObject","inLanguage":"es-MX","@id":"https:\/\/compuviper.mx\/tienda\/#\/schema\/logo\/image\/","url":"https:\/\/compuviper.mx\/tienda\/wp-content\/uploads\/2021\/08\/Logo-Compuviper-10.png","contentUrl":"https:\/\/compuviper.mx\/tienda\/wp-content\/uploads\/2021\/08\/Logo-Compuviper-10.png","width":1000,"height":500,"caption":"Compuviper"},"image":{"@id":"https:\/\/compuviper.mx\/tienda\/#\/schema\/logo\/image\/"},"sameAs":["https:\/\/www.facebook.com\/compuviper","https:\/\/www.youtube.com\/channel\/UCf73dERp9Y3cfOq7q8BhLjA?view_as=subscriber"]}]},"product_brand":"TP LINK","product_price_amount":"830","product_price_currency":"MXN","og_availability":"instock","product_availability":"instock","product_retailer_item_id":"TAPO C225","product_condition":"new"},"_links":{"self":[{"href":"https:\/\/compuviper.mx\/tienda\/wp-json\/wp\/v2\/product\/239527"}],"collection":[{"href":"https:\/\/compuviper.mx\/tienda\/wp-json\/wp\/v2\/product"}],"about":[{"href":"https:\/\/compuviper.mx\/tienda\/wp-json\/wp\/v2\/types\/product"}],"replies":[{"embeddable":true,"href":"https:\/\/compuviper.mx\/tienda\/wp-json\/wp\/v2\/comments?post=239527"}],"wp:featuredmedia":[{"embeddable":true,"href":"https:\/\/compuviper.mx\/tienda\/wp-json\/wp\/v2\/media\/242502"}],"wp:attachment":[{"href":"https:\/\/compuviper.mx\/tienda\/wp-json\/wp\/v2\/media?parent=239527"}],"wp:term":[{"taxonomy":"product_cat","embeddable":true,"href":"https:\/\/compuviper.mx\/tienda\/wp-json\/wp\/v2\/product_cat?post=239527"},{"taxonomy":"product_tag","embeddable":true,"href":"https:\/\/compuviper.mx\/tienda\/wp-json\/wp\/v2\/product_tag?post=239527"}],"curies":[{"name":"wp","href":"https:\/\/api.w.org\/{rel}","templated":true}]}}