{"id":239486,"date":"2026-04-10T23:11:41","date_gmt":"2026-04-11T05:11:41","guid":{"rendered":"https:\/\/compuviper.mx\/tienda\/producto\/dahua-dh-hap100-microfono-hap100-microfono-amplificado-omnidireccional-alcance-hasta-40m2-snr-70db-rango-dinamico-104-db-presion-de-sonido-maximo-120db\/"},"modified":"2026-04-10T23:11:41","modified_gmt":"2026-04-11T05:11:41","slug":"dahua-dh-hap100-microfono-hap100-microfono-amplificado-omnidireccional-alcance-hasta-40m2-snr-70db-rango-dinamico-104-db-presion-de-sonido-maximo-120db","status":"publish","type":"product","link":"https:\/\/compuviper.mx\/tienda\/producto\/dahua-dh-hap100-microfono-hap100-microfono-amplificado-omnidireccional-alcance-hasta-40m2-snr-70db-rango-dinamico-104-db-presion-de-sonido-maximo-120db\/","title":{"rendered":"Dahua Dh-hap100 Microfono\/ \/ Hap100 Microfono Amplificado Omnidireccional\/ Alcance Hasta 40m2\/ Snr 70db\/ Rango Dinamico 104 Db\/ Presion De Sonido Maximo 120db"},"content":{"rendered":"<table class=\"descripcion\">\n<tr>\n<td>Principales caracteristicas<\/td>\n<\/tr>\n<tr>\n<td>\u0095 snr : 70 db<\/td>\n<\/tr>\n<tr>\n<td>\u0095 muy buena sensibilidad del microfono<\/td>\n<\/tr>\n<tr>\n<td>\u0095 reduccion digital de ruido<\/td>\n<\/tr>\n<tr>\n<td>\u0095 control automatico de ganancia<\/td>\n<\/tr>\n<tr>\n<td>\u0095 ajuste de sensibilidad : -45 db &#8230; -20 db<\/td>\n<\/tr>\n<tr>\n<td>\u0095 rango dinamico : 120 db (1khz @ max. 1db spl)<\/td>\n<\/tr>\n<tr>\n<td>Especificaciones<\/td>\n<\/tr>\n<tr>\n<td>\u0095 ancho de banda: 20 hz &#8211; 20 khz<\/td>\n<\/tr>\n<tr>\n<td>\u0095 area de operaci\u00f3n: 5 m\u00b2 &#8211; 40 m\u00b2<\/td>\n<\/tr>\n<tr>\n<td>\u0095 alimentacion:9 &#8211; 15 v dc, 12 v dc (tipicamente)<\/td>\n<\/tr>\n<tr>\n<td>\u0095 consumo de energia: and #8804; 100 ma, 60 ma (tipico)<\/td>\n<\/tr>\n<tr>\n<td>\u0095 impedancia de salida:600  and #937;<\/td>\n<\/tr>\n<tr>\n<td>\u0095 carcasa: plastico<\/td>\n<\/tr>\n<\/table>\n","protected":false},"excerpt":{"rendered":"<p>Informacion general. El modelo hap100 es un microfono amplificado omnidireccional, esta dise\u00f1ado para escuchar sonidos del entorno y operar con dvr. El dispositivo cuenta con un microfono integrado en una caja de plastico estetico, por lo que es ideal para la organizacion practicamente en cualquier ambiente. Rango dinamico de audio. El rango dinamico no es mas que la diferencia de nivel de presion sonora existente entre los sonidos mas bajos y los sonidos mas altos que podemos escuchar, esta diferencia se mide en db ( decibelios ). Tambien se interpreta como la variaci\u00f3n en db entre el nivel de ruido y el nivel de distorsi\u00f3n que un dispositivo puede manejar, en resumen, mientras mayor es el. Rango dinamico es de mejor calidad el dispositivo. Relacion se\u00f1al ruido &#8211; snr. Tambien llamado signal noise rate, es la diferencia entre la se\u00f1al y el ruido de fondo,es decir cuando el dispositivo esta trabajando con un nivel \u00f3ptimo teniendo una minima distorsion.Mientras mayor sea el snr menor sera la cantidad de ruido presente en la se\u00f1al.<\/p>\n","protected":false},"featured_media":241995,"comment_status":"open","ping_status":"open","template":"","meta":[],"product_cat":[1485,1525],"product_tag":[1555],"acf":[],"yoast_head":"<!-- This site is optimized with the Yoast SEO plugin v21.7 - https:\/\/yoast.com\/wordpress\/plugins\/seo\/ -->\n<title>[ Dahua ] &#129351; Dh-hap100 Microfono\/ \/ Hap100 Microfono Amplificado Omnidireccional\/ Alcance Hasta 40m2\/ Snr 70db\/ Rango Dinamico 104 Db\/ Presion De Sonido Maximo 120db<\/title>\n<meta name=\"description\" content=\"Compra Dh-hap100 Microfono\/ \/ Hap100 Microfono Amplificado Omnidireccional\/ Alcance Hasta 40m2\/ Snr 70db\/ Rango Dinamico 104 Db\/ Presion De Sonido Maximo 120db + Env\u00edo a domicilio + Pago seguro + Garant\u00eda\" \/>\n<meta name=\"robots\" content=\"index, follow, max-snippet:-1, max-image-preview:large, max-video-preview:-1\" \/>\n<link rel=\"canonical\" href=\"https:\/\/compuviper.mx\/tienda\/producto\/dahua-dh-hap100-microfono-hap100-microfono-amplificado-omnidireccional-alcance-hasta-40m2-snr-70db-rango-dinamico-104-db-presion-de-sonido-maximo-120db\/\" \/>\n<meta property=\"og:locale\" content=\"es_MX\" \/>\n<meta property=\"og:type\" content=\"article\" \/>\n<meta property=\"og:title\" content=\"[ Dahua ] &#129351; Dh-hap100 Microfono\/ \/ Hap100 Microfono Amplificado Omnidireccional\/ Alcance Hasta 40m2\/ Snr 70db\/ Rango Dinamico 104 Db\/ Presion De Sonido Maximo 120db\" \/>\n<meta property=\"og:description\" content=\"Compra Dh-hap100 Microfono\/ \/ Hap100 Microfono Amplificado Omnidireccional\/ Alcance Hasta 40m2\/ Snr 70db\/ Rango Dinamico 104 Db\/ Presion De Sonido Maximo 120db + Env\u00edo a domicilio + Pago seguro + Garant\u00eda\" \/>\n<meta property=\"og:url\" content=\"https:\/\/compuviper.mx\/tienda\/producto\/dahua-dh-hap100-microfono-hap100-microfono-amplificado-omnidireccional-alcance-hasta-40m2-snr-70db-rango-dinamico-104-db-presion-de-sonido-maximo-120db\/\" \/>\n<meta property=\"og:site_name\" content=\"Compuviper\" \/>\n<meta property=\"article:publisher\" content=\"https:\/\/www.facebook.com\/compuviper\" \/>\n<meta property=\"og:image\" content=\"https:\/\/compuviper.mx\/tienda\/wp-content\/uploads\/2024\/09\/Microfono-dahua-hap100-microfono-amplificado-omnidireccional-alcance-hasta-40m2-snr-70db-rango-dinamico-104-db-presion-de-sonido-maximo-120db.jpg\" \/>\n\t<meta property=\"og:image:width\" content=\"200\" \/>\n\t<meta property=\"og:image:height\" content=\"200\" \/>\n\t<meta property=\"og:image:type\" content=\"image\/jpeg\" \/>\n<meta name=\"twitter:card\" content=\"summary_large_image\" \/>\n<meta name=\"twitter:label1\" content=\"Precio\" \/>\n\t<meta name=\"twitter:data1\" content=\"&#36;169 &#36;166 con IVA\" \/>\n\t<meta name=\"twitter:label2\" content=\"Availability\" \/>\n\t<meta name=\"twitter:data2\" content=\"In stock\" \/>\n<script type=\"application\/ld+json\" class=\"yoast-schema-graph\">{\"@context\":\"https:\/\/schema.org\",\"@graph\":[{\"@type\":\"WebPage\",\"@id\":\"https:\/\/compuviper.mx\/tienda\/producto\/dahua-dh-hap100-microfono-hap100-microfono-amplificado-omnidireccional-alcance-hasta-40m2-snr-70db-rango-dinamico-104-db-presion-de-sonido-maximo-120db\/\",\"url\":\"https:\/\/compuviper.mx\/tienda\/producto\/dahua-dh-hap100-microfono-hap100-microfono-amplificado-omnidireccional-alcance-hasta-40m2-snr-70db-rango-dinamico-104-db-presion-de-sonido-maximo-120db\/\",\"name\":\"[ Dahua ] &#129351; Dh-hap100 Microfono\/ \/ Hap100 Microfono Amplificado Omnidireccional\/ Alcance Hasta 40m2\/ Snr 70db\/ Rango Dinamico 104 Db\/ Presion De Sonido Maximo 120db\",\"isPartOf\":{\"@id\":\"https:\/\/compuviper.mx\/tienda\/#website\"},\"datePublished\":\"2026-04-11T05:11:41+00:00\",\"dateModified\":\"2026-04-11T05:11:41+00:00\",\"description\":\"Compra Dh-hap100 Microfono\/ \/ Hap100 Microfono Amplificado Omnidireccional\/ Alcance Hasta 40m2\/ Snr 70db\/ Rango Dinamico 104 Db\/ Presion De Sonido Maximo 120db + Env\u00edo a domicilio + Pago seguro + Garant\u00eda\",\"breadcrumb\":{\"@id\":\"https:\/\/compuviper.mx\/tienda\/producto\/dahua-dh-hap100-microfono-hap100-microfono-amplificado-omnidireccional-alcance-hasta-40m2-snr-70db-rango-dinamico-104-db-presion-de-sonido-maximo-120db\/#breadcrumb\"},\"inLanguage\":\"es-MX\",\"potentialAction\":[{\"@type\":\"ReadAction\",\"target\":[\"https:\/\/compuviper.mx\/tienda\/producto\/dahua-dh-hap100-microfono-hap100-microfono-amplificado-omnidireccional-alcance-hasta-40m2-snr-70db-rango-dinamico-104-db-presion-de-sonido-maximo-120db\/\"]}]},{\"@type\":\"BreadcrumbList\",\"@id\":\"https:\/\/compuviper.mx\/tienda\/producto\/dahua-dh-hap100-microfono-hap100-microfono-amplificado-omnidireccional-alcance-hasta-40m2-snr-70db-rango-dinamico-104-db-presion-de-sonido-maximo-120db\/#breadcrumb\",\"itemListElement\":[{\"@type\":\"ListItem\",\"position\":1,\"name\":\"Inicio\",\"item\":\"https:\/\/compuviper.mx\/tienda\/\"},{\"@type\":\"ListItem\",\"position\":2,\"name\":\"Productos\",\"item\":\"https:\/\/compuviper.mx\/tienda\/productos\/\"},{\"@type\":\"ListItem\",\"position\":3,\"name\":\"Accesorios\",\"item\":\"https:\/\/compuviper.mx\/tienda\/categoria-producto\/accesorios\/\"},{\"@type\":\"ListItem\",\"position\":4,\"name\":\"Camaras\",\"item\":\"https:\/\/compuviper.mx\/tienda\/categoria-producto\/accesorios\/camaras\/\"},{\"@type\":\"ListItem\",\"position\":5,\"name\":\"Dahua Dh-hap100 Microfono\/ \/ Hap100 Microfono Amplificado Omnidireccional\/ Alcance Hasta 40m2\/ Snr 70db\/ Rango Dinamico 104 Db\/ Presion De Sonido Maximo 120db\"}]},{\"@type\":\"WebSite\",\"@id\":\"https:\/\/compuviper.mx\/tienda\/#website\",\"url\":\"https:\/\/compuviper.mx\/tienda\/\",\"name\":\"Compuviper\",\"description\":\"Proveedor de Computadoras, Laptops, Servidores, Monitores, Puntos de Venta, Teclados,   Impresoras, T\u00f3ner, C\u00e1maras de Seguridad y m\u00e1s en tu tienda en l\u00ednea\",\"publisher\":{\"@id\":\"https:\/\/compuviper.mx\/tienda\/#organization\"},\"potentialAction\":[{\"@type\":\"SearchAction\",\"target\":{\"@type\":\"EntryPoint\",\"urlTemplate\":\"https:\/\/compuviper.mx\/tienda\/?s={search_term_string}\"},\"query-input\":\"required name=search_term_string\"}],\"inLanguage\":\"es-MX\"},{\"@type\":\"Organization\",\"@id\":\"https:\/\/compuviper.mx\/tienda\/#organization\",\"name\":\"Compuviper\",\"url\":\"https:\/\/compuviper.mx\/tienda\/\",\"logo\":{\"@type\":\"ImageObject\",\"inLanguage\":\"es-MX\",\"@id\":\"https:\/\/compuviper.mx\/tienda\/#\/schema\/logo\/image\/\",\"url\":\"https:\/\/compuviper.mx\/tienda\/wp-content\/uploads\/2021\/08\/Logo-Compuviper-10.png\",\"contentUrl\":\"https:\/\/compuviper.mx\/tienda\/wp-content\/uploads\/2021\/08\/Logo-Compuviper-10.png\",\"width\":1000,\"height\":500,\"caption\":\"Compuviper\"},\"image\":{\"@id\":\"https:\/\/compuviper.mx\/tienda\/#\/schema\/logo\/image\/\"},\"sameAs\":[\"https:\/\/www.facebook.com\/compuviper\",\"https:\/\/www.youtube.com\/channel\/UCf73dERp9Y3cfOq7q8BhLjA?view_as=subscriber\"]}]}<\/script>\n<meta property=\"product:brand\" content=\"DAHUA\" \/>\n<meta property=\"product:price:amount\" content=\"166\" \/>\n<meta property=\"product:price:currency\" content=\"MXN\" \/>\n<meta property=\"og:availability\" content=\"instock\" \/>\n<meta property=\"product:availability\" content=\"instock\" \/>\n<meta property=\"product:retailer_item_id\" content=\"DH-HAP100\" \/>\n<meta property=\"product:condition\" content=\"new\" \/>\n<!-- \/ Yoast SEO plugin. -->","yoast_head_json":{"title":"[ Dahua ] &#129351; Dh-hap100 Microfono\/ \/ Hap100 Microfono Amplificado Omnidireccional\/ Alcance Hasta 40m2\/ Snr 70db\/ Rango Dinamico 104 Db\/ Presion De Sonido Maximo 120db","description":"Compra Dh-hap100 Microfono\/ \/ Hap100 Microfono Amplificado Omnidireccional\/ Alcance Hasta 40m2\/ Snr 70db\/ Rango Dinamico 104 Db\/ Presion De Sonido Maximo 120db + Env\u00edo a domicilio + Pago seguro + Garant\u00eda","robots":{"index":"index","follow":"follow","max-snippet":"max-snippet:-1","max-image-preview":"max-image-preview:large","max-video-preview":"max-video-preview:-1"},"canonical":"https:\/\/compuviper.mx\/tienda\/producto\/dahua-dh-hap100-microfono-hap100-microfono-amplificado-omnidireccional-alcance-hasta-40m2-snr-70db-rango-dinamico-104-db-presion-de-sonido-maximo-120db\/","og_locale":"es_MX","og_type":"article","og_title":"[ Dahua ] &#129351; Dh-hap100 Microfono\/ \/ Hap100 Microfono Amplificado Omnidireccional\/ Alcance Hasta 40m2\/ Snr 70db\/ Rango Dinamico 104 Db\/ Presion De Sonido Maximo 120db","og_description":"Compra Dh-hap100 Microfono\/ \/ Hap100 Microfono Amplificado Omnidireccional\/ Alcance Hasta 40m2\/ Snr 70db\/ Rango Dinamico 104 Db\/ Presion De Sonido Maximo 120db + Env\u00edo a domicilio + Pago seguro + Garant\u00eda","og_url":"https:\/\/compuviper.mx\/tienda\/producto\/dahua-dh-hap100-microfono-hap100-microfono-amplificado-omnidireccional-alcance-hasta-40m2-snr-70db-rango-dinamico-104-db-presion-de-sonido-maximo-120db\/","og_site_name":"Compuviper","article_publisher":"https:\/\/www.facebook.com\/compuviper","og_image":[{"width":200,"height":200,"url":"https:\/\/compuviper.mx\/tienda\/wp-content\/uploads\/2024\/09\/Microfono-dahua-hap100-microfono-amplificado-omnidireccional-alcance-hasta-40m2-snr-70db-rango-dinamico-104-db-presion-de-sonido-maximo-120db.jpg","type":"image\/jpeg"}],"twitter_card":"summary_large_image","twitter_misc":{"Precio":"&#36;169 &#36;166 con IVA","Availability":"In stock"},"schema":{"@context":"https:\/\/schema.org","@graph":[{"@type":"WebPage","@id":"https:\/\/compuviper.mx\/tienda\/producto\/dahua-dh-hap100-microfono-hap100-microfono-amplificado-omnidireccional-alcance-hasta-40m2-snr-70db-rango-dinamico-104-db-presion-de-sonido-maximo-120db\/","url":"https:\/\/compuviper.mx\/tienda\/producto\/dahua-dh-hap100-microfono-hap100-microfono-amplificado-omnidireccional-alcance-hasta-40m2-snr-70db-rango-dinamico-104-db-presion-de-sonido-maximo-120db\/","name":"[ Dahua ] &#129351; Dh-hap100 Microfono\/ \/ Hap100 Microfono Amplificado Omnidireccional\/ Alcance Hasta 40m2\/ Snr 70db\/ Rango Dinamico 104 Db\/ Presion De Sonido Maximo 120db","isPartOf":{"@id":"https:\/\/compuviper.mx\/tienda\/#website"},"datePublished":"2026-04-11T05:11:41+00:00","dateModified":"2026-04-11T05:11:41+00:00","description":"Compra Dh-hap100 Microfono\/ \/ Hap100 Microfono Amplificado Omnidireccional\/ Alcance Hasta 40m2\/ Snr 70db\/ Rango Dinamico 104 Db\/ Presion De Sonido Maximo 120db + Env\u00edo a domicilio + Pago seguro + Garant\u00eda","breadcrumb":{"@id":"https:\/\/compuviper.mx\/tienda\/producto\/dahua-dh-hap100-microfono-hap100-microfono-amplificado-omnidireccional-alcance-hasta-40m2-snr-70db-rango-dinamico-104-db-presion-de-sonido-maximo-120db\/#breadcrumb"},"inLanguage":"es-MX","potentialAction":[{"@type":"ReadAction","target":["https:\/\/compuviper.mx\/tienda\/producto\/dahua-dh-hap100-microfono-hap100-microfono-amplificado-omnidireccional-alcance-hasta-40m2-snr-70db-rango-dinamico-104-db-presion-de-sonido-maximo-120db\/"]}]},{"@type":"BreadcrumbList","@id":"https:\/\/compuviper.mx\/tienda\/producto\/dahua-dh-hap100-microfono-hap100-microfono-amplificado-omnidireccional-alcance-hasta-40m2-snr-70db-rango-dinamico-104-db-presion-de-sonido-maximo-120db\/#breadcrumb","itemListElement":[{"@type":"ListItem","position":1,"name":"Inicio","item":"https:\/\/compuviper.mx\/tienda\/"},{"@type":"ListItem","position":2,"name":"Productos","item":"https:\/\/compuviper.mx\/tienda\/productos\/"},{"@type":"ListItem","position":3,"name":"Accesorios","item":"https:\/\/compuviper.mx\/tienda\/categoria-producto\/accesorios\/"},{"@type":"ListItem","position":4,"name":"Camaras","item":"https:\/\/compuviper.mx\/tienda\/categoria-producto\/accesorios\/camaras\/"},{"@type":"ListItem","position":5,"name":"Dahua Dh-hap100 Microfono\/ \/ Hap100 Microfono Amplificado Omnidireccional\/ Alcance Hasta 40m2\/ Snr 70db\/ Rango Dinamico 104 Db\/ Presion De Sonido Maximo 120db"}]},{"@type":"WebSite","@id":"https:\/\/compuviper.mx\/tienda\/#website","url":"https:\/\/compuviper.mx\/tienda\/","name":"Compuviper","description":"Proveedor de Computadoras, Laptops, Servidores, Monitores, Puntos de Venta, Teclados,   Impresoras, T\u00f3ner, C\u00e1maras de Seguridad y m\u00e1s en tu tienda en l\u00ednea","publisher":{"@id":"https:\/\/compuviper.mx\/tienda\/#organization"},"potentialAction":[{"@type":"SearchAction","target":{"@type":"EntryPoint","urlTemplate":"https:\/\/compuviper.mx\/tienda\/?s={search_term_string}"},"query-input":"required name=search_term_string"}],"inLanguage":"es-MX"},{"@type":"Organization","@id":"https:\/\/compuviper.mx\/tienda\/#organization","name":"Compuviper","url":"https:\/\/compuviper.mx\/tienda\/","logo":{"@type":"ImageObject","inLanguage":"es-MX","@id":"https:\/\/compuviper.mx\/tienda\/#\/schema\/logo\/image\/","url":"https:\/\/compuviper.mx\/tienda\/wp-content\/uploads\/2021\/08\/Logo-Compuviper-10.png","contentUrl":"https:\/\/compuviper.mx\/tienda\/wp-content\/uploads\/2021\/08\/Logo-Compuviper-10.png","width":1000,"height":500,"caption":"Compuviper"},"image":{"@id":"https:\/\/compuviper.mx\/tienda\/#\/schema\/logo\/image\/"},"sameAs":["https:\/\/www.facebook.com\/compuviper","https:\/\/www.youtube.com\/channel\/UCf73dERp9Y3cfOq7q8BhLjA?view_as=subscriber"]}]},"product_brand":"DAHUA","product_price_amount":"166","product_price_currency":"MXN","og_availability":"instock","product_availability":"instock","product_retailer_item_id":"DH-HAP100","product_condition":"new"},"_links":{"self":[{"href":"https:\/\/compuviper.mx\/tienda\/wp-json\/wp\/v2\/product\/239486"}],"collection":[{"href":"https:\/\/compuviper.mx\/tienda\/wp-json\/wp\/v2\/product"}],"about":[{"href":"https:\/\/compuviper.mx\/tienda\/wp-json\/wp\/v2\/types\/product"}],"replies":[{"embeddable":true,"href":"https:\/\/compuviper.mx\/tienda\/wp-json\/wp\/v2\/comments?post=239486"}],"wp:featuredmedia":[{"embeddable":true,"href":"https:\/\/compuviper.mx\/tienda\/wp-json\/wp\/v2\/media\/241995"}],"wp:attachment":[{"href":"https:\/\/compuviper.mx\/tienda\/wp-json\/wp\/v2\/media?parent=239486"}],"wp:term":[{"taxonomy":"product_cat","embeddable":true,"href":"https:\/\/compuviper.mx\/tienda\/wp-json\/wp\/v2\/product_cat?post=239486"},{"taxonomy":"product_tag","embeddable":true,"href":"https:\/\/compuviper.mx\/tienda\/wp-json\/wp\/v2\/product_tag?post=239486"}],"curies":[{"name":"wp","href":"https:\/\/api.w.org\/{rel}","templated":true}]}}