{"id":239389,"date":"2026-04-18T01:11:57","date_gmt":"2026-04-18T07:11:57","guid":{"rendered":"https:\/\/compuviper.mx\/tienda\/producto\/tp-link-tl-sg1210pp-switch-tp-link-switch-escritorio-gigabit-10-puertos-6-ptos-poe-2-ptos-poe-omada-alcance-hasta-250m-plug-and-play\/"},"modified":"2026-04-18T01:11:57","modified_gmt":"2026-04-18T07:11:57","slug":"tp-link-tl-sg1210pp-switch-tp-link-switch-escritorio-gigabit-10-puertos-6-ptos-poe-2-ptos-poe-omada-alcance-hasta-250m-plug-and-play","status":"publish","type":"product","link":"https:\/\/compuviper.mx\/tienda\/producto\/tp-link-tl-sg1210pp-switch-tp-link-switch-escritorio-gigabit-10-puertos-6-ptos-poe-2-ptos-poe-omada-alcance-hasta-250m-plug-and-play\/","title":{"rendered":"Tp Link Tl-sg1210pp Switch | Tp-link |  | Switch Escritorio | Gigabit | 10 Puertos | 6 Ptos Poe+ | 2 Ptos Poe++ | Omada | Alcance Hasta 250m | Plug And Play"},"content":{"rendered":"<table class=\"descripcion\">\n<tr>\n<td>Hardware features<\/td>\n<\/tr>\n<tr>\n<td>Interface<\/td>\n<\/tr>\n<tr>\n<td>\u0095 9\u00d7 10\/100\/1000mbps rj45 ports, 1\u00d7 1000mbps combo sfp\/rj45 port<\/td>\n<\/tr>\n<tr>\n<td>\u0095 auto negotiation<\/td>\n<\/tr>\n<tr>\n<td>\u0095 auto mdi\/mdix<\/td>\n<\/tr>\n<tr>\n<td>Network media<\/td>\n<\/tr>\n<tr>\n<td>\u0095 10base-t: utp category 3, 4, 5 cable (maximum 100m)<\/td>\n<\/tr>\n<tr>\n<td>\u0095 eia\/tia-568 100 and #937; stp (maximum 100m)<\/td>\n<\/tr>\n<tr>\n<td>\u0095 100base-tx: utp category 5, 5e cable (maximum 100m)<\/td>\n<\/tr>\n<tr>\n<td>\u0095 eia\/tia-568 100 and #937; stp (maximum 100m)<\/td>\n<\/tr>\n<tr>\n<td>\u0095 1000base-t: utp category 5, 5e, 6 or above cable (maximum 100m)<\/td>\n<\/tr>\n<tr>\n<td>\u0095 eia\/tia-568 100 and #937; stp (maximum 100m)<\/td>\n<\/tr>\n<tr>\n<td>Fan quantity<\/td>\n<\/tr>\n<tr>\n<td>Fanless<\/td>\n<\/tr>\n<tr>\n<td>External power supply<\/td>\n<\/tr>\n<tr>\n<td>External power adapter (output: 53.5 vdc \/ 2.43 a)<\/td>\n<\/tr>\n<tr>\n<td>Packet forwarding rate<\/td>\n<\/tr>\n<tr>\n<td>14.88 mpps<\/td>\n<\/tr>\n<tr>\n<td>Poe ports (rj45)<\/td>\n<\/tr>\n<tr>\n<td>\u0095 port 1-2 compliance with 802.3af\/at\/bt; ports 3-8 compliance with 802.3af\/at<\/td>\n<\/tr>\n<tr>\n<td>\u0095 power supply: 123 w<\/td>\n<\/tr>\n<tr>\n<td>Mac address table<\/td>\n<\/tr>\n<tr>\n<td>4k<\/td>\n<\/tr>\n<tr>\n<td>Switching capacity<\/td>\n<\/tr>\n<tr>\n<td>20 gbps<\/td>\n<\/tr>\n<tr>\n<td>Dimensions ( w x d x h )<\/td>\n<\/tr>\n<tr>\n<td>8.2 x 5.0 x 1.0 in (209 x 126 x 26 mm)<\/td>\n<\/tr>\n<tr>\n<td>Max power consumption<\/td>\n<\/tr>\n<tr>\n<td>\u0095 8.7 w (220\/50 hz. no pd connected)<\/td>\n<\/tr>\n<tr>\n<td>\u0095 144.1 w (220\/50 hz. with 123 w pd connected)<\/td>\n<\/tr>\n<tr>\n<td>Max heat dissipation<\/td>\n<\/tr>\n<tr>\n<td>\u0095 29.67 btu\/h (220\/50 hz. no pd connected)<\/td>\n<\/tr>\n<tr>\n<td>\u0095 491.38 btu\/h (220\/50 hz. with 123 w pd connected)<\/td>\n<\/tr>\n<tr>\n<td>Software features<\/td>\n<\/tr>\n<tr>\n<td>Advanced features<\/td>\n<\/tr>\n<tr>\n<td>\u0095 compatible with ieee 802.3af\/at\/bt compliant pds<\/td>\n<\/tr>\n<tr>\n<td>\u0095 mac address auto-learning and auto-aging<\/td>\n<\/tr>\n<tr>\n<td>\u0095 ieee 802.3x flow control<\/td>\n<\/tr>\n<tr>\n<td>\u0095 802.1p\/dscp qos<\/td>\n<\/tr>\n<tr>\n<td>\u0095 igmp snooping<\/td>\n<\/tr>\n<tr>\n<td>\u0095 extend mode button (ports 1\u00964, up to 250 m poe power supply and data transmission)<\/td>\n<\/tr>\n<tr>\n<td>\u0095 poe auto recovery (ports 1-8)<\/td>\n<\/tr>\n<tr>\n<td>\u0095 isolation mode (ports 1-4\/5-8)<\/td>\n<\/tr>\n<tr>\n<td>\u0095 priority mode (ports 1-2)<\/td>\n<\/tr>\n<tr>\n<td>Transfer method<\/td>\n<\/tr>\n<tr>\n<td>Store-and-forward<\/td>\n<\/tr>\n<tr>\n<td>Others<\/td>\n<\/tr>\n<tr>\n<td>Certification<\/td>\n<\/tr>\n<tr>\n<td>Fcc, ce, rohs<\/td>\n<\/tr>\n<tr>\n<td>Package contents<\/td>\n<\/tr>\n<tr>\n<td>\u0095 tl-sg1210pp<\/td>\n<\/tr>\n<tr>\n<td>\u0095 power adapter<\/td>\n<\/tr>\n<tr>\n<td>\u0095 installation guide<\/td>\n<\/tr>\n<tr>\n<td>Environment<\/td>\n<\/tr>\n<tr>\n<td>\u0095 operating temperature: 0\u009640  and #8451; (32\u0096104  and #8457;);<\/td>\n<\/tr>\n<tr>\n<td>\u0095 storage temperature: -40\u009670  and #8451; (-40\u0096158  and #8457;)<\/td>\n<\/tr>\n<tr>\n<td>\u0095 operating humidity: 10\u009690% rh non-condensing<\/td>\n<\/tr>\n<tr>\n<td>\u0095 storage humidity: 5\u009690% rh non-condensing<\/td>\n<\/tr>\n<\/table>\n","protected":false},"excerpt":{"rendered":"<p>Tl-sg1210pp. Switch de escritorio gigabit de 10 puertos con poe+ de 6 puertos y poe++ de 2 puertos. 9 puertos rj45 de 10\/100\/1000 mbps, 1 puerto combinado sfp\/rj45 de 1000 mbps. Con 2\u00d7 puertos poe++ y 6\u00d7 puertos poe+, transfiere datos y energ\u00eda en un solo cable. Funciona con pd compatibles con ieee 802.3af\/at\/bt. La qos 802.1p\/dscp permite un tr\u00e1fico fluido sensible a la latencia. Admite alimentaci\u00f3n poe de hasta 30 w para cada puerto poe+ y 60 w para puerto poe+. Admite alimentaci\u00f3n poe de hasta 123 w para todos los puertos poe. Plug and play, no requiere configuraci\u00f3n ni instalaci\u00f3n. Alcance de transmisi\u00f3n de energ\u00eda y datos de hasta 250 m en modo extendido*. Poe auto recovery garantiza el funcionamiento estable de los dispositivos poe al reiniciar autom\u00e1ticamente los dispositivos pd ca\u00eddos o que no responden. El modo de aislamiento permite la separaci\u00f3n del tr\u00e1fico del cliente con un solo clic para mayor seguridad y rendimiento. El modo de prioridad garantiza la calidad de aplicaciones sensibles como el monitoreo de video en \u00e1reas comerciales cr\u00edticas al priorizar los datos de los puertos 1-2. Obtenga m\u00e1s informaci\u00f3n sobre la tecnolog\u00eda poe de tp-link<\/p>\n","protected":false},"featured_media":242880,"comment_status":"open","ping_status":"open","template":"","meta":[],"product_cat":[1563,1564],"product_tag":[1562],"acf":[],"yoast_head":"<!-- This site is optimized with the Yoast SEO plugin v21.7 - https:\/\/yoast.com\/wordpress\/plugins\/seo\/ -->\n<title>[ Tp Link ] &#129351; Tl-sg1210pp Switch | Tp-link | | Switch Escritorio | Gigabit | 10 Puertos | 6 Ptos Poe+ | 2 Ptos Poe++ | Omada | Alcance Hasta 250m | Plug And Play<\/title>\n<meta name=\"description\" content=\"Compra Tl-sg1210pp Switch | Tp-link | | Switch Escritorio | Gigabit | 10 Puertos | 6 Ptos Poe+ | 2 Ptos Poe++ | Omada | Alcance Hasta 250m | Plug And Play + Env\u00edo a domicilio + Pago seguro + Garant\u00eda\" \/>\n<meta name=\"robots\" content=\"index, follow, max-snippet:-1, max-image-preview:large, max-video-preview:-1\" \/>\n<link rel=\"canonical\" href=\"https:\/\/compuviper.mx\/tienda\/producto\/tp-link-tl-sg1210pp-switch-tp-link-switch-escritorio-gigabit-10-puertos-6-ptos-poe-2-ptos-poe-omada-alcance-hasta-250m-plug-and-play\/\" \/>\n<meta property=\"og:locale\" content=\"es_MX\" \/>\n<meta property=\"og:type\" content=\"article\" \/>\n<meta property=\"og:title\" content=\"[ Tp Link ] &#129351; Tl-sg1210pp Switch | Tp-link | | Switch Escritorio | Gigabit | 10 Puertos | 6 Ptos Poe+ | 2 Ptos Poe++ | Omada | Alcance Hasta 250m | Plug And Play\" \/>\n<meta property=\"og:description\" content=\"Compra Tl-sg1210pp Switch | Tp-link | | Switch Escritorio | Gigabit | 10 Puertos | 6 Ptos Poe+ | 2 Ptos Poe++ | Omada | Alcance Hasta 250m | Plug And Play + Env\u00edo a domicilio + Pago seguro + Garant\u00eda\" \/>\n<meta property=\"og:url\" content=\"https:\/\/compuviper.mx\/tienda\/producto\/tp-link-tl-sg1210pp-switch-tp-link-switch-escritorio-gigabit-10-puertos-6-ptos-poe-2-ptos-poe-omada-alcance-hasta-250m-plug-and-play\/\" \/>\n<meta property=\"og:site_name\" content=\"Compuviper\" \/>\n<meta property=\"article:publisher\" content=\"https:\/\/www.facebook.com\/compuviper\" \/>\n<meta property=\"og:image\" content=\"https:\/\/compuviper.mx\/tienda\/wp-content\/uploads\/2024\/09\/Switch-tp-link-tl-sg1210pp-switch-escritorio-gigabit-10-puertos-6-ptos-poe-2-ptos-poe-omada-alcance-hasta-250m-plug-and-play.jpg\" \/>\n\t<meta property=\"og:image:width\" content=\"200\" \/>\n\t<meta property=\"og:image:height\" content=\"200\" \/>\n\t<meta property=\"og:image:type\" content=\"image\/jpeg\" \/>\n<meta name=\"twitter:card\" content=\"summary_large_image\" \/>\n<meta name=\"twitter:label1\" content=\"Precio\" \/>\n\t<meta name=\"twitter:data1\" content=\"&#36;1,930 con IVA\" \/>\n\t<meta name=\"twitter:label2\" content=\"Availability\" \/>\n\t<meta name=\"twitter:data2\" content=\"On backorder\" \/>\n<script type=\"application\/ld+json\" class=\"yoast-schema-graph\">{\"@context\":\"https:\/\/schema.org\",\"@graph\":[{\"@type\":\"WebPage\",\"@id\":\"https:\/\/compuviper.mx\/tienda\/producto\/tp-link-tl-sg1210pp-switch-tp-link-switch-escritorio-gigabit-10-puertos-6-ptos-poe-2-ptos-poe-omada-alcance-hasta-250m-plug-and-play\/\",\"url\":\"https:\/\/compuviper.mx\/tienda\/producto\/tp-link-tl-sg1210pp-switch-tp-link-switch-escritorio-gigabit-10-puertos-6-ptos-poe-2-ptos-poe-omada-alcance-hasta-250m-plug-and-play\/\",\"name\":\"[ Tp Link ] &#129351; Tl-sg1210pp Switch | Tp-link | | Switch Escritorio | Gigabit | 10 Puertos | 6 Ptos Poe+ | 2 Ptos Poe++ | Omada | Alcance Hasta 250m | Plug And Play\",\"isPartOf\":{\"@id\":\"https:\/\/compuviper.mx\/tienda\/#website\"},\"datePublished\":\"2026-04-18T07:11:57+00:00\",\"dateModified\":\"2026-04-18T07:11:57+00:00\",\"description\":\"Compra Tl-sg1210pp Switch | Tp-link | | Switch Escritorio | Gigabit | 10 Puertos | 6 Ptos Poe+ | 2 Ptos Poe++ | Omada | Alcance Hasta 250m | Plug And Play + Env\u00edo a domicilio + Pago seguro + Garant\u00eda\",\"breadcrumb\":{\"@id\":\"https:\/\/compuviper.mx\/tienda\/producto\/tp-link-tl-sg1210pp-switch-tp-link-switch-escritorio-gigabit-10-puertos-6-ptos-poe-2-ptos-poe-omada-alcance-hasta-250m-plug-and-play\/#breadcrumb\"},\"inLanguage\":\"es-MX\",\"potentialAction\":[{\"@type\":\"ReadAction\",\"target\":[\"https:\/\/compuviper.mx\/tienda\/producto\/tp-link-tl-sg1210pp-switch-tp-link-switch-escritorio-gigabit-10-puertos-6-ptos-poe-2-ptos-poe-omada-alcance-hasta-250m-plug-and-play\/\"]}]},{\"@type\":\"BreadcrumbList\",\"@id\":\"https:\/\/compuviper.mx\/tienda\/producto\/tp-link-tl-sg1210pp-switch-tp-link-switch-escritorio-gigabit-10-puertos-6-ptos-poe-2-ptos-poe-omada-alcance-hasta-250m-plug-and-play\/#breadcrumb\",\"itemListElement\":[{\"@type\":\"ListItem\",\"position\":1,\"name\":\"Inicio\",\"item\":\"https:\/\/compuviper.mx\/tienda\/\"},{\"@type\":\"ListItem\",\"position\":2,\"name\":\"Productos\",\"item\":\"https:\/\/compuviper.mx\/tienda\/productos\/\"},{\"@type\":\"ListItem\",\"position\":3,\"name\":\"Redes\",\"item\":\"https:\/\/compuviper.mx\/tienda\/categoria-producto\/redes\/\"},{\"@type\":\"ListItem\",\"position\":4,\"name\":\"Switch\",\"item\":\"https:\/\/compuviper.mx\/tienda\/categoria-producto\/redes\/switch\/\"},{\"@type\":\"ListItem\",\"position\":5,\"name\":\"Tp Link Tl-sg1210pp Switch | Tp-link | | Switch Escritorio | Gigabit | 10 Puertos | 6 Ptos Poe+ | 2 Ptos Poe++ | Omada | Alcance Hasta 250m | Plug And Play\"}]},{\"@type\":\"WebSite\",\"@id\":\"https:\/\/compuviper.mx\/tienda\/#website\",\"url\":\"https:\/\/compuviper.mx\/tienda\/\",\"name\":\"Compuviper\",\"description\":\"Proveedor de Computadoras, Laptops, Servidores, Monitores, Puntos de Venta, Teclados,   Impresoras, T\u00f3ner, C\u00e1maras de Seguridad y m\u00e1s en tu tienda en l\u00ednea\",\"publisher\":{\"@id\":\"https:\/\/compuviper.mx\/tienda\/#organization\"},\"potentialAction\":[{\"@type\":\"SearchAction\",\"target\":{\"@type\":\"EntryPoint\",\"urlTemplate\":\"https:\/\/compuviper.mx\/tienda\/?s={search_term_string}\"},\"query-input\":\"required name=search_term_string\"}],\"inLanguage\":\"es-MX\"},{\"@type\":\"Organization\",\"@id\":\"https:\/\/compuviper.mx\/tienda\/#organization\",\"name\":\"Compuviper\",\"url\":\"https:\/\/compuviper.mx\/tienda\/\",\"logo\":{\"@type\":\"ImageObject\",\"inLanguage\":\"es-MX\",\"@id\":\"https:\/\/compuviper.mx\/tienda\/#\/schema\/logo\/image\/\",\"url\":\"https:\/\/compuviper.mx\/tienda\/wp-content\/uploads\/2021\/08\/Logo-Compuviper-10.png\",\"contentUrl\":\"https:\/\/compuviper.mx\/tienda\/wp-content\/uploads\/2021\/08\/Logo-Compuviper-10.png\",\"width\":1000,\"height\":500,\"caption\":\"Compuviper\"},\"image\":{\"@id\":\"https:\/\/compuviper.mx\/tienda\/#\/schema\/logo\/image\/\"},\"sameAs\":[\"https:\/\/www.facebook.com\/compuviper\",\"https:\/\/www.youtube.com\/channel\/UCf73dERp9Y3cfOq7q8BhLjA?view_as=subscriber\"]}]}<\/script>\n<meta property=\"product:brand\" content=\"TP LINK\" \/>\n<meta property=\"product:price:amount\" content=\"1930\" \/>\n<meta property=\"product:price:currency\" content=\"MXN\" \/>\n<meta property=\"og:availability\" content=\"backorder\" \/>\n<meta property=\"product:availability\" content=\"available for order\" \/>\n<meta property=\"product:retailer_item_id\" content=\"TL-SG1210PP\" \/>\n<meta property=\"product:condition\" content=\"new\" \/>\n<!-- \/ Yoast SEO plugin. -->","yoast_head_json":{"title":"[ Tp Link ] &#129351; Tl-sg1210pp Switch | Tp-link | | Switch Escritorio | Gigabit | 10 Puertos | 6 Ptos Poe+ | 2 Ptos Poe++ | Omada | Alcance Hasta 250m | Plug And Play","description":"Compra Tl-sg1210pp Switch | Tp-link | | Switch Escritorio | Gigabit | 10 Puertos | 6 Ptos Poe+ | 2 Ptos Poe++ | Omada | Alcance Hasta 250m | Plug And Play + Env\u00edo a domicilio + Pago seguro + Garant\u00eda","robots":{"index":"index","follow":"follow","max-snippet":"max-snippet:-1","max-image-preview":"max-image-preview:large","max-video-preview":"max-video-preview:-1"},"canonical":"https:\/\/compuviper.mx\/tienda\/producto\/tp-link-tl-sg1210pp-switch-tp-link-switch-escritorio-gigabit-10-puertos-6-ptos-poe-2-ptos-poe-omada-alcance-hasta-250m-plug-and-play\/","og_locale":"es_MX","og_type":"article","og_title":"[ Tp Link ] &#129351; Tl-sg1210pp Switch | Tp-link | | Switch Escritorio | Gigabit | 10 Puertos | 6 Ptos Poe+ | 2 Ptos Poe++ | Omada | Alcance Hasta 250m | Plug And Play","og_description":"Compra Tl-sg1210pp Switch | Tp-link | | Switch Escritorio | Gigabit | 10 Puertos | 6 Ptos Poe+ | 2 Ptos Poe++ | Omada | Alcance Hasta 250m | Plug And Play + Env\u00edo a domicilio + Pago seguro + Garant\u00eda","og_url":"https:\/\/compuviper.mx\/tienda\/producto\/tp-link-tl-sg1210pp-switch-tp-link-switch-escritorio-gigabit-10-puertos-6-ptos-poe-2-ptos-poe-omada-alcance-hasta-250m-plug-and-play\/","og_site_name":"Compuviper","article_publisher":"https:\/\/www.facebook.com\/compuviper","og_image":[{"width":200,"height":200,"url":"https:\/\/compuviper.mx\/tienda\/wp-content\/uploads\/2024\/09\/Switch-tp-link-tl-sg1210pp-switch-escritorio-gigabit-10-puertos-6-ptos-poe-2-ptos-poe-omada-alcance-hasta-250m-plug-and-play.jpg","type":"image\/jpeg"}],"twitter_card":"summary_large_image","twitter_misc":{"Precio":"&#36;1,930 con IVA","Availability":"On backorder"},"schema":{"@context":"https:\/\/schema.org","@graph":[{"@type":"WebPage","@id":"https:\/\/compuviper.mx\/tienda\/producto\/tp-link-tl-sg1210pp-switch-tp-link-switch-escritorio-gigabit-10-puertos-6-ptos-poe-2-ptos-poe-omada-alcance-hasta-250m-plug-and-play\/","url":"https:\/\/compuviper.mx\/tienda\/producto\/tp-link-tl-sg1210pp-switch-tp-link-switch-escritorio-gigabit-10-puertos-6-ptos-poe-2-ptos-poe-omada-alcance-hasta-250m-plug-and-play\/","name":"[ Tp Link ] &#129351; Tl-sg1210pp Switch | Tp-link | | Switch Escritorio | Gigabit | 10 Puertos | 6 Ptos Poe+ | 2 Ptos Poe++ | Omada | Alcance Hasta 250m | Plug And Play","isPartOf":{"@id":"https:\/\/compuviper.mx\/tienda\/#website"},"datePublished":"2026-04-18T07:11:57+00:00","dateModified":"2026-04-18T07:11:57+00:00","description":"Compra Tl-sg1210pp Switch | Tp-link | | Switch Escritorio | Gigabit | 10 Puertos | 6 Ptos Poe+ | 2 Ptos Poe++ | Omada | Alcance Hasta 250m | Plug And Play + Env\u00edo a domicilio + Pago seguro + Garant\u00eda","breadcrumb":{"@id":"https:\/\/compuviper.mx\/tienda\/producto\/tp-link-tl-sg1210pp-switch-tp-link-switch-escritorio-gigabit-10-puertos-6-ptos-poe-2-ptos-poe-omada-alcance-hasta-250m-plug-and-play\/#breadcrumb"},"inLanguage":"es-MX","potentialAction":[{"@type":"ReadAction","target":["https:\/\/compuviper.mx\/tienda\/producto\/tp-link-tl-sg1210pp-switch-tp-link-switch-escritorio-gigabit-10-puertos-6-ptos-poe-2-ptos-poe-omada-alcance-hasta-250m-plug-and-play\/"]}]},{"@type":"BreadcrumbList","@id":"https:\/\/compuviper.mx\/tienda\/producto\/tp-link-tl-sg1210pp-switch-tp-link-switch-escritorio-gigabit-10-puertos-6-ptos-poe-2-ptos-poe-omada-alcance-hasta-250m-plug-and-play\/#breadcrumb","itemListElement":[{"@type":"ListItem","position":1,"name":"Inicio","item":"https:\/\/compuviper.mx\/tienda\/"},{"@type":"ListItem","position":2,"name":"Productos","item":"https:\/\/compuviper.mx\/tienda\/productos\/"},{"@type":"ListItem","position":3,"name":"Redes","item":"https:\/\/compuviper.mx\/tienda\/categoria-producto\/redes\/"},{"@type":"ListItem","position":4,"name":"Switch","item":"https:\/\/compuviper.mx\/tienda\/categoria-producto\/redes\/switch\/"},{"@type":"ListItem","position":5,"name":"Tp Link Tl-sg1210pp Switch | Tp-link | | Switch Escritorio | Gigabit | 10 Puertos | 6 Ptos Poe+ | 2 Ptos Poe++ | Omada | Alcance Hasta 250m | Plug And Play"}]},{"@type":"WebSite","@id":"https:\/\/compuviper.mx\/tienda\/#website","url":"https:\/\/compuviper.mx\/tienda\/","name":"Compuviper","description":"Proveedor de Computadoras, Laptops, Servidores, Monitores, Puntos de Venta, Teclados,   Impresoras, T\u00f3ner, C\u00e1maras de Seguridad y m\u00e1s en tu tienda en l\u00ednea","publisher":{"@id":"https:\/\/compuviper.mx\/tienda\/#organization"},"potentialAction":[{"@type":"SearchAction","target":{"@type":"EntryPoint","urlTemplate":"https:\/\/compuviper.mx\/tienda\/?s={search_term_string}"},"query-input":"required name=search_term_string"}],"inLanguage":"es-MX"},{"@type":"Organization","@id":"https:\/\/compuviper.mx\/tienda\/#organization","name":"Compuviper","url":"https:\/\/compuviper.mx\/tienda\/","logo":{"@type":"ImageObject","inLanguage":"es-MX","@id":"https:\/\/compuviper.mx\/tienda\/#\/schema\/logo\/image\/","url":"https:\/\/compuviper.mx\/tienda\/wp-content\/uploads\/2021\/08\/Logo-Compuviper-10.png","contentUrl":"https:\/\/compuviper.mx\/tienda\/wp-content\/uploads\/2021\/08\/Logo-Compuviper-10.png","width":1000,"height":500,"caption":"Compuviper"},"image":{"@id":"https:\/\/compuviper.mx\/tienda\/#\/schema\/logo\/image\/"},"sameAs":["https:\/\/www.facebook.com\/compuviper","https:\/\/www.youtube.com\/channel\/UCf73dERp9Y3cfOq7q8BhLjA?view_as=subscriber"]}]},"product_brand":"TP LINK","product_price_amount":"1930","product_price_currency":"MXN","og_availability":"backorder","product_availability":"available for order","product_retailer_item_id":"TL-SG1210PP","product_condition":"new"},"_links":{"self":[{"href":"https:\/\/compuviper.mx\/tienda\/wp-json\/wp\/v2\/product\/239389"}],"collection":[{"href":"https:\/\/compuviper.mx\/tienda\/wp-json\/wp\/v2\/product"}],"about":[{"href":"https:\/\/compuviper.mx\/tienda\/wp-json\/wp\/v2\/types\/product"}],"replies":[{"embeddable":true,"href":"https:\/\/compuviper.mx\/tienda\/wp-json\/wp\/v2\/comments?post=239389"}],"wp:featuredmedia":[{"embeddable":true,"href":"https:\/\/compuviper.mx\/tienda\/wp-json\/wp\/v2\/media\/242880"}],"wp:attachment":[{"href":"https:\/\/compuviper.mx\/tienda\/wp-json\/wp\/v2\/media?parent=239389"}],"wp:term":[{"taxonomy":"product_cat","embeddable":true,"href":"https:\/\/compuviper.mx\/tienda\/wp-json\/wp\/v2\/product_cat?post=239389"},{"taxonomy":"product_tag","embeddable":true,"href":"https:\/\/compuviper.mx\/tienda\/wp-json\/wp\/v2\/product_tag?post=239389"}],"curies":[{"name":"wp","href":"https:\/\/api.w.org\/{rel}","templated":true}]}}