{"id":239387,"date":"2026-04-18T01:11:56","date_gmt":"2026-04-18T07:11:56","guid":{"rendered":"https:\/\/compuviper.mx\/tienda\/producto\/tp-link-tl-sg1006pp-switch-tp-link-switch-gigabit-6-pertos-3-puertos-poe-1-puerto-poe-hasta-250m-carcasa-metal-potencia-poe-64w-ideal-para-videovigilancia\/"},"modified":"2026-04-18T01:11:56","modified_gmt":"2026-04-18T07:11:56","slug":"tp-link-tl-sg1006pp-switch-tp-link-switch-gigabit-5-puertos-3-puertos-poe-1-puerto-poe-hasta-250m-carcasa-metal-potencia-poe-64w-ideal-para-videovigilancia","status":"publish","type":"product","link":"https:\/\/compuviper.mx\/tienda\/producto\/tp-link-tl-sg1006pp-switch-tp-link-switch-gigabit-5-puertos-3-puertos-poe-1-puerto-poe-hasta-250m-carcasa-metal-potencia-poe-64w-ideal-para-videovigilancia\/","title":{"rendered":"Tp Link Tl-sg1006pp Switch | Tp-link |  | Switch Gigabit | 5 Puertos | 3 Puertos Poe+ | 1 Puerto Poe++ | Hasta 250m | Carcasa Metal | Potencia Poe 64w | Ideal Para Videovigilancia"},"content":{"rendered":"<table class=\"descripcion\">\n<tr>\n<td>Caracter\u00edsticas de hardware<\/td>\n<\/tr>\n<tr>\n<td>Interfaz<\/td>\n<\/tr>\n<tr>\n<td>\u0095 6\u00d7 10\/100\/1000mbps puertos rj45<\/td>\n<\/tr>\n<tr>\n<td>\u0095 auto negociaci\u00f3n<\/td>\n<\/tr>\n<tr>\n<td>\u0095 auto mdi\/mdix<\/td>\n<\/tr>\n<tr>\n<td>Medios de red<\/td>\n<\/tr>\n<tr>\n<td>\u0095 10base-t: cable utp categor\u00eda 3, 4, 5 (m\u00e1ximo 100m).<\/td>\n<\/tr>\n<tr>\n<td>\u0095 eia\/tia-568 100 and #937; stp (m\u00e1ximo 100m)<\/td>\n<\/tr>\n<tr>\n<td>\u0095 100base-tx: cable utp categor\u00eda 5, 5e (m\u00e1ximo 100m).<\/td>\n<\/tr>\n<tr>\n<td>\u0095 eia\/tia-568 100 and #937; stp (m\u00e1ximo 100 m)<\/td>\n<\/tr>\n<tr>\n<td>\u0095 1000base-t: cable utp de categor\u00eda 5, 5e, 6 o superior (m\u00e1ximo 100m).<\/td>\n<\/tr>\n<tr>\n<td>\u0095 eia\/tia-568 100 and #937; stp (m\u00e1ximo 100 m)<\/td>\n<\/tr>\n<tr>\n<td>Cantidad de ventiladores<\/td>\n<\/tr>\n<tr>\n<td>Sin ventiladores<\/td>\n<\/tr>\n<tr>\n<td>Fuente de alimentaci\u00f3n externa<\/td>\n<\/tr>\n<tr>\n<td>Adaptador de corriente externo (salida: 53,5 v cc \/ 1,31 a)<\/td>\n<\/tr>\n<tr>\n<td>Tasa de reenv\u00edo de paquetes<\/td>\n<\/tr>\n<tr>\n<td>8.928 mpps<\/td>\n<\/tr>\n<tr>\n<td>Puertos poe (rj45)<\/td>\n<\/tr>\n<tr>\n<td>\u0095 el puerto 1 cumple con 802.3af\/at\/bt; los puertos 2-4 cumplen con 802.3af\/at<\/td>\n<\/tr>\n<tr>\n<td>\u0095 fuente de alimentaci\u00f3n: 64 w<\/td>\n<\/tr>\n<tr>\n<td>Tabla de direcci\u00f3n mac<\/td>\n<\/tr>\n<tr>\n<td>4k<\/td>\n<\/tr>\n<tr>\n<td>Capacidad de conmutaci\u00f3n<\/td>\n<\/tr>\n<tr>\n<td>12 gbps<\/td>\n<\/tr>\n<tr>\n<td>Dimensiones<\/td>\n<\/tr>\n<tr>\n<td>6.2&#215;4.0x1.0 in (158x101x25 mm)<\/td>\n<\/tr>\n<tr>\n<td>Consumo de potencia m\u00e1ximo<\/td>\n<\/tr>\n<tr>\n<td>\u0095 4,75 w (220\/50 hz. sin pd conectada)<\/td>\n<\/tr>\n<tr>\n<td>\u0095 71,46 w (220\/50 hz. con dp de 64 w conectada)<\/td>\n<\/tr>\n<tr>\n<td>Disipaci\u00f3n m\u00e1xima de calor<\/td>\n<\/tr>\n<tr>\n<td>\u0095 16,20 btu\/h (220\/50 hz. sin pd conectada)<\/td>\n<\/tr>\n<tr>\n<td>\u0095 243,68 btu\/h (220\/50 hz. con dp de 64 w conectada)<\/td>\n<\/tr>\n<tr>\n<td>Caracter\u00edsticas de software<\/td>\n<\/tr>\n<tr>\n<td>Caracter\u00edsticas avanzadas<\/td>\n<\/tr>\n<tr>\n<td>\u0095 compatible con dispositivos pd que cumplen con ieee 802.3af\/at\/bt<\/td>\n<\/tr>\n<tr>\n<td>\u0095 aprendizaje autom\u00e1tico y envejecimiento autom\u00e1tico de direcciones mac<\/td>\n<\/tr>\n<tr>\n<td>\u0095 control de flujo ieee 802.3x<\/td>\n<\/tr>\n<tr>\n<td>\u0095 calidad de servicio (qos) 802.1p\/dscp<\/td>\n<\/tr>\n<tr>\n<td>\u0095 igmp snooping<\/td>\n<\/tr>\n<tr>\n<td>\u0095 bot\u00f3n de modo de extensi\u00f3n (puertos 1-2, suministro de energ\u00eda poe y transmisi\u00f3n de datos de hasta 250 m)<\/td>\n<\/tr>\n<tr>\n<td>\u0095 recuperaci\u00f3n autom\u00e1tica de poe (puertos 1-4)<\/td>\n<\/tr>\n<tr>\n<td>M\u00e9todo de transferencia<\/td>\n<\/tr>\n<tr>\n<td>Almacenar y reenviar<\/td>\n<\/tr>\n<tr>\n<td>Otros<\/td>\n<\/tr>\n<tr>\n<td>Certificaciones<\/td>\n<\/tr>\n<tr>\n<td>Fcc, ce, rohs<\/td>\n<\/tr>\n<tr>\n<td>Contenido del paquete<\/td>\n<\/tr>\n<tr>\n<td>\u0095 tl-sg1006pp<\/td>\n<\/tr>\n<tr>\n<td>\u0095 adaptador de corriente<\/td>\n<\/tr>\n<tr>\n<td>\u0095 gu\u00eda de instalaci\u00f3n<\/td>\n<\/tr>\n<tr>\n<td>Factores ambientales<\/td>\n<\/tr>\n<tr>\n<td>\u0095 temperatura de funcionamiento: 0-40  and #8451; (32-104  and #8457;)<\/td>\n<\/tr>\n<tr>\n<td>\u0095 temperatura de almacenamiento: -40-70  and #8451; (-40-158  and #8457;)<\/td>\n<\/tr>\n<tr>\n<td>\u0095 humedad de funcionamiento: 10-90% rh sin condensaci\u00f3n<\/td>\n<\/tr>\n<tr>\n<td>\u0095 humedad de almacenamiento: 5-90% rh sin condensaci\u00f3n<\/td>\n<\/tr>\n<\/table>\n","protected":false},"excerpt":{"rendered":"<p>Tl-sg1006pp. Switch gigabit de sobremesa de 6 puertos con poe+ de 3 puertos y poe++ de 1 puerto. 6\u00d7 puertos rj45 de 10\/100\/1000 mbps. Con un puerto poe++ y tres puertos poe+, transfiere datos y energ\u00eda en un \u00fanico cable. Funciona con dispositivos pd compatibles con ieee 802.3af\/at\/bt. 802.1p\/dscp qos permite un tr\u00e1fico fluido y sensible a la latencia. Soporta potencia poe de hasta 30 w para cada puerto poe+ y 60w para el puerto poe+. Soporta potencia poe de hasta 64 w para todos los puertos poe. Hasta 250m de alcance de transmisi\u00f3n de datos y energ\u00eda en modo de extensi\u00f3n*. La recuperaci\u00f3n autom\u00e1tica poe garantiza el funcionamiento estable de los dispositivos poe al reiniciar autom\u00e1ticamente los dispositivos pd desconectados o no responsivos. Conectar y usar, sin necesidad de configuraci\u00f3n ni instalaci\u00f3n<\/p>\n","protected":false},"featured_media":242878,"comment_status":"open","ping_status":"open","template":"","meta":[],"product_cat":[1563,1564],"product_tag":[1562],"acf":[],"yoast_head":"<!-- This site is optimized with the Yoast SEO plugin v21.7 - https:\/\/yoast.com\/wordpress\/plugins\/seo\/ -->\n<title>[ Tp Link ] &#129351; Tl-sg1006pp Switch | Tp-link | | Switch Gigabit | 5 Puertos | 3 Puertos Poe+ | 1 Puerto Poe++ | Hasta 250m | Carcasa Metal | Potencia Poe 64w | Ideal Para Videovigilancia<\/title>\n<meta name=\"description\" content=\"Compra Tl-sg1006pp Switch | Tp-link | | Switch Gigabit | 5 Puertos | 3 Puertos Poe+ | 1 Puerto Poe++ | Hasta 250m | Carcasa Metal | Potencia Poe 64w | Ideal Para Videovigilancia + Env\u00edo a domicilio + Pago seguro + Garant\u00eda\" \/>\n<meta name=\"robots\" content=\"index, follow, max-snippet:-1, max-image-preview:large, max-video-preview:-1\" \/>\n<link rel=\"canonical\" href=\"https:\/\/compuviper.mx\/tienda\/producto\/tp-link-tl-sg1006pp-switch-tp-link-switch-gigabit-5-puertos-3-puertos-poe-1-puerto-poe-hasta-250m-carcasa-metal-potencia-poe-64w-ideal-para-videovigilancia\/\" \/>\n<meta property=\"og:locale\" content=\"es_MX\" \/>\n<meta property=\"og:type\" content=\"article\" \/>\n<meta property=\"og:title\" content=\"[ Tp Link ] &#129351; Tl-sg1006pp Switch | Tp-link | | Switch Gigabit | 5 Puertos | 3 Puertos Poe+ | 1 Puerto Poe++ | Hasta 250m | Carcasa Metal | Potencia Poe 64w | Ideal Para Videovigilancia\" \/>\n<meta property=\"og:description\" content=\"Compra Tl-sg1006pp Switch | Tp-link | | Switch Gigabit | 5 Puertos | 3 Puertos Poe+ | 1 Puerto Poe++ | Hasta 250m | Carcasa Metal | Potencia Poe 64w | Ideal Para Videovigilancia + Env\u00edo a domicilio + Pago seguro + Garant\u00eda\" \/>\n<meta property=\"og:url\" content=\"https:\/\/compuviper.mx\/tienda\/producto\/tp-link-tl-sg1006pp-switch-tp-link-switch-gigabit-5-puertos-3-puertos-poe-1-puerto-poe-hasta-250m-carcasa-metal-potencia-poe-64w-ideal-para-videovigilancia\/\" \/>\n<meta property=\"og:site_name\" content=\"Compuviper\" \/>\n<meta property=\"article:publisher\" content=\"https:\/\/www.facebook.com\/compuviper\" \/>\n<meta property=\"og:image\" content=\"https:\/\/compuviper.mx\/tienda\/wp-content\/uploads\/2024\/09\/Switch-tp-link-tl-sg1006pp-switch-gigabit-6-puertos-3-puertos-poe-1-puerto-poe-hasta-250m-carcasa-metal-potencia-poe-64w-ideal-para-videovigilancia.jpg\" \/>\n\t<meta property=\"og:image:width\" content=\"200\" \/>\n\t<meta property=\"og:image:height\" content=\"200\" \/>\n\t<meta property=\"og:image:type\" content=\"image\/jpeg\" \/>\n<meta name=\"twitter:card\" content=\"summary_large_image\" \/>\n<meta name=\"twitter:label1\" content=\"Precio\" \/>\n\t<meta name=\"twitter:data1\" content=\"&#36;891 con IVA\" \/>\n\t<meta name=\"twitter:label2\" content=\"Availability\" \/>\n\t<meta name=\"twitter:data2\" content=\"Out of stock\" \/>\n<script type=\"application\/ld+json\" class=\"yoast-schema-graph\">{\"@context\":\"https:\/\/schema.org\",\"@graph\":[{\"@type\":\"WebPage\",\"@id\":\"https:\/\/compuviper.mx\/tienda\/producto\/tp-link-tl-sg1006pp-switch-tp-link-switch-gigabit-5-puertos-3-puertos-poe-1-puerto-poe-hasta-250m-carcasa-metal-potencia-poe-64w-ideal-para-videovigilancia\/\",\"url\":\"https:\/\/compuviper.mx\/tienda\/producto\/tp-link-tl-sg1006pp-switch-tp-link-switch-gigabit-5-puertos-3-puertos-poe-1-puerto-poe-hasta-250m-carcasa-metal-potencia-poe-64w-ideal-para-videovigilancia\/\",\"name\":\"[ Tp Link ] &#129351; Tl-sg1006pp Switch | Tp-link | | Switch Gigabit | 5 Puertos | 3 Puertos Poe+ | 1 Puerto Poe++ | Hasta 250m | Carcasa Metal | Potencia Poe 64w | Ideal Para Videovigilancia\",\"isPartOf\":{\"@id\":\"https:\/\/compuviper.mx\/tienda\/#website\"},\"datePublished\":\"2026-04-18T07:11:56+00:00\",\"dateModified\":\"2026-04-18T07:11:56+00:00\",\"description\":\"Compra Tl-sg1006pp Switch | Tp-link | | Switch Gigabit | 5 Puertos | 3 Puertos Poe+ | 1 Puerto Poe++ | Hasta 250m | Carcasa Metal | Potencia Poe 64w | Ideal Para Videovigilancia + Env\u00edo a domicilio + Pago seguro + Garant\u00eda\",\"breadcrumb\":{\"@id\":\"https:\/\/compuviper.mx\/tienda\/producto\/tp-link-tl-sg1006pp-switch-tp-link-switch-gigabit-5-puertos-3-puertos-poe-1-puerto-poe-hasta-250m-carcasa-metal-potencia-poe-64w-ideal-para-videovigilancia\/#breadcrumb\"},\"inLanguage\":\"es-MX\",\"potentialAction\":[{\"@type\":\"ReadAction\",\"target\":[\"https:\/\/compuviper.mx\/tienda\/producto\/tp-link-tl-sg1006pp-switch-tp-link-switch-gigabit-5-puertos-3-puertos-poe-1-puerto-poe-hasta-250m-carcasa-metal-potencia-poe-64w-ideal-para-videovigilancia\/\"]}]},{\"@type\":\"BreadcrumbList\",\"@id\":\"https:\/\/compuviper.mx\/tienda\/producto\/tp-link-tl-sg1006pp-switch-tp-link-switch-gigabit-5-puertos-3-puertos-poe-1-puerto-poe-hasta-250m-carcasa-metal-potencia-poe-64w-ideal-para-videovigilancia\/#breadcrumb\",\"itemListElement\":[{\"@type\":\"ListItem\",\"position\":1,\"name\":\"Inicio\",\"item\":\"https:\/\/compuviper.mx\/tienda\/\"},{\"@type\":\"ListItem\",\"position\":2,\"name\":\"Productos\",\"item\":\"https:\/\/compuviper.mx\/tienda\/productos\/\"},{\"@type\":\"ListItem\",\"position\":3,\"name\":\"Redes\",\"item\":\"https:\/\/compuviper.mx\/tienda\/categoria-producto\/redes\/\"},{\"@type\":\"ListItem\",\"position\":4,\"name\":\"Switch\",\"item\":\"https:\/\/compuviper.mx\/tienda\/categoria-producto\/redes\/switch\/\"},{\"@type\":\"ListItem\",\"position\":5,\"name\":\"Tp Link Tl-sg1006pp Switch | Tp-link | | Switch Gigabit | 5 Puertos | 3 Puertos Poe+ | 1 Puerto Poe++ | Hasta 250m | Carcasa Metal | Potencia Poe 64w | Ideal Para Videovigilancia\"}]},{\"@type\":\"WebSite\",\"@id\":\"https:\/\/compuviper.mx\/tienda\/#website\",\"url\":\"https:\/\/compuviper.mx\/tienda\/\",\"name\":\"Compuviper\",\"description\":\"Proveedor de Computadoras, Laptops, Servidores, Monitores, Puntos de Venta, Teclados,   Impresoras, T\u00f3ner, C\u00e1maras de Seguridad y m\u00e1s en tu tienda en l\u00ednea\",\"publisher\":{\"@id\":\"https:\/\/compuviper.mx\/tienda\/#organization\"},\"potentialAction\":[{\"@type\":\"SearchAction\",\"target\":{\"@type\":\"EntryPoint\",\"urlTemplate\":\"https:\/\/compuviper.mx\/tienda\/?s={search_term_string}\"},\"query-input\":\"required name=search_term_string\"}],\"inLanguage\":\"es-MX\"},{\"@type\":\"Organization\",\"@id\":\"https:\/\/compuviper.mx\/tienda\/#organization\",\"name\":\"Compuviper\",\"url\":\"https:\/\/compuviper.mx\/tienda\/\",\"logo\":{\"@type\":\"ImageObject\",\"inLanguage\":\"es-MX\",\"@id\":\"https:\/\/compuviper.mx\/tienda\/#\/schema\/logo\/image\/\",\"url\":\"https:\/\/compuviper.mx\/tienda\/wp-content\/uploads\/2021\/08\/Logo-Compuviper-10.png\",\"contentUrl\":\"https:\/\/compuviper.mx\/tienda\/wp-content\/uploads\/2021\/08\/Logo-Compuviper-10.png\",\"width\":1000,\"height\":500,\"caption\":\"Compuviper\"},\"image\":{\"@id\":\"https:\/\/compuviper.mx\/tienda\/#\/schema\/logo\/image\/\"},\"sameAs\":[\"https:\/\/www.facebook.com\/compuviper\",\"https:\/\/www.youtube.com\/channel\/UCf73dERp9Y3cfOq7q8BhLjA?view_as=subscriber\"]}]}<\/script>\n<meta property=\"product:brand\" content=\"TP LINK\" \/>\n<meta property=\"product:price:amount\" content=\"891\" \/>\n<meta property=\"product:price:currency\" content=\"MXN\" \/>\n<meta property=\"og:availability\" content=\"out of stock\" \/>\n<meta property=\"product:availability\" content=\"out of stock\" \/>\n<meta property=\"product:retailer_item_id\" content=\"TL-SG1006PP\" \/>\n<meta property=\"product:condition\" content=\"new\" \/>\n<!-- \/ Yoast SEO plugin. -->","yoast_head_json":{"title":"[ Tp Link ] &#129351; Tl-sg1006pp Switch | Tp-link | | Switch Gigabit | 5 Puertos | 3 Puertos Poe+ | 1 Puerto Poe++ | Hasta 250m | Carcasa Metal | Potencia Poe 64w | Ideal Para Videovigilancia","description":"Compra Tl-sg1006pp Switch | Tp-link | | Switch Gigabit | 5 Puertos | 3 Puertos Poe+ | 1 Puerto Poe++ | Hasta 250m | Carcasa Metal | Potencia Poe 64w | Ideal Para Videovigilancia + Env\u00edo a domicilio + Pago seguro + Garant\u00eda","robots":{"index":"index","follow":"follow","max-snippet":"max-snippet:-1","max-image-preview":"max-image-preview:large","max-video-preview":"max-video-preview:-1"},"canonical":"https:\/\/compuviper.mx\/tienda\/producto\/tp-link-tl-sg1006pp-switch-tp-link-switch-gigabit-5-puertos-3-puertos-poe-1-puerto-poe-hasta-250m-carcasa-metal-potencia-poe-64w-ideal-para-videovigilancia\/","og_locale":"es_MX","og_type":"article","og_title":"[ Tp Link ] &#129351; Tl-sg1006pp Switch | Tp-link | | Switch Gigabit | 5 Puertos | 3 Puertos Poe+ | 1 Puerto Poe++ | Hasta 250m | Carcasa Metal | Potencia Poe 64w | Ideal Para Videovigilancia","og_description":"Compra Tl-sg1006pp Switch | Tp-link | | Switch Gigabit | 5 Puertos | 3 Puertos Poe+ | 1 Puerto Poe++ | Hasta 250m | Carcasa Metal | Potencia Poe 64w | Ideal Para Videovigilancia + Env\u00edo a domicilio + Pago seguro + Garant\u00eda","og_url":"https:\/\/compuviper.mx\/tienda\/producto\/tp-link-tl-sg1006pp-switch-tp-link-switch-gigabit-5-puertos-3-puertos-poe-1-puerto-poe-hasta-250m-carcasa-metal-potencia-poe-64w-ideal-para-videovigilancia\/","og_site_name":"Compuviper","article_publisher":"https:\/\/www.facebook.com\/compuviper","og_image":[{"width":200,"height":200,"url":"https:\/\/compuviper.mx\/tienda\/wp-content\/uploads\/2024\/09\/Switch-tp-link-tl-sg1006pp-switch-gigabit-6-puertos-3-puertos-poe-1-puerto-poe-hasta-250m-carcasa-metal-potencia-poe-64w-ideal-para-videovigilancia.jpg","type":"image\/jpeg"}],"twitter_card":"summary_large_image","twitter_misc":{"Precio":"&#36;891 con IVA","Availability":"Out of stock"},"schema":{"@context":"https:\/\/schema.org","@graph":[{"@type":"WebPage","@id":"https:\/\/compuviper.mx\/tienda\/producto\/tp-link-tl-sg1006pp-switch-tp-link-switch-gigabit-5-puertos-3-puertos-poe-1-puerto-poe-hasta-250m-carcasa-metal-potencia-poe-64w-ideal-para-videovigilancia\/","url":"https:\/\/compuviper.mx\/tienda\/producto\/tp-link-tl-sg1006pp-switch-tp-link-switch-gigabit-5-puertos-3-puertos-poe-1-puerto-poe-hasta-250m-carcasa-metal-potencia-poe-64w-ideal-para-videovigilancia\/","name":"[ Tp Link ] &#129351; Tl-sg1006pp Switch | Tp-link | | Switch Gigabit | 5 Puertos | 3 Puertos Poe+ | 1 Puerto Poe++ | Hasta 250m | Carcasa Metal | Potencia Poe 64w | Ideal Para Videovigilancia","isPartOf":{"@id":"https:\/\/compuviper.mx\/tienda\/#website"},"datePublished":"2026-04-18T07:11:56+00:00","dateModified":"2026-04-18T07:11:56+00:00","description":"Compra Tl-sg1006pp Switch | Tp-link | | Switch Gigabit | 5 Puertos | 3 Puertos Poe+ | 1 Puerto Poe++ | Hasta 250m | Carcasa Metal | Potencia Poe 64w | Ideal Para Videovigilancia + Env\u00edo a domicilio + Pago seguro + Garant\u00eda","breadcrumb":{"@id":"https:\/\/compuviper.mx\/tienda\/producto\/tp-link-tl-sg1006pp-switch-tp-link-switch-gigabit-5-puertos-3-puertos-poe-1-puerto-poe-hasta-250m-carcasa-metal-potencia-poe-64w-ideal-para-videovigilancia\/#breadcrumb"},"inLanguage":"es-MX","potentialAction":[{"@type":"ReadAction","target":["https:\/\/compuviper.mx\/tienda\/producto\/tp-link-tl-sg1006pp-switch-tp-link-switch-gigabit-5-puertos-3-puertos-poe-1-puerto-poe-hasta-250m-carcasa-metal-potencia-poe-64w-ideal-para-videovigilancia\/"]}]},{"@type":"BreadcrumbList","@id":"https:\/\/compuviper.mx\/tienda\/producto\/tp-link-tl-sg1006pp-switch-tp-link-switch-gigabit-5-puertos-3-puertos-poe-1-puerto-poe-hasta-250m-carcasa-metal-potencia-poe-64w-ideal-para-videovigilancia\/#breadcrumb","itemListElement":[{"@type":"ListItem","position":1,"name":"Inicio","item":"https:\/\/compuviper.mx\/tienda\/"},{"@type":"ListItem","position":2,"name":"Productos","item":"https:\/\/compuviper.mx\/tienda\/productos\/"},{"@type":"ListItem","position":3,"name":"Redes","item":"https:\/\/compuviper.mx\/tienda\/categoria-producto\/redes\/"},{"@type":"ListItem","position":4,"name":"Switch","item":"https:\/\/compuviper.mx\/tienda\/categoria-producto\/redes\/switch\/"},{"@type":"ListItem","position":5,"name":"Tp Link Tl-sg1006pp Switch | Tp-link | | Switch Gigabit | 5 Puertos | 3 Puertos Poe+ | 1 Puerto Poe++ | Hasta 250m | Carcasa Metal | Potencia Poe 64w | Ideal Para Videovigilancia"}]},{"@type":"WebSite","@id":"https:\/\/compuviper.mx\/tienda\/#website","url":"https:\/\/compuviper.mx\/tienda\/","name":"Compuviper","description":"Proveedor de Computadoras, Laptops, Servidores, Monitores, Puntos de Venta, Teclados,   Impresoras, T\u00f3ner, C\u00e1maras de Seguridad y m\u00e1s en tu tienda en l\u00ednea","publisher":{"@id":"https:\/\/compuviper.mx\/tienda\/#organization"},"potentialAction":[{"@type":"SearchAction","target":{"@type":"EntryPoint","urlTemplate":"https:\/\/compuviper.mx\/tienda\/?s={search_term_string}"},"query-input":"required name=search_term_string"}],"inLanguage":"es-MX"},{"@type":"Organization","@id":"https:\/\/compuviper.mx\/tienda\/#organization","name":"Compuviper","url":"https:\/\/compuviper.mx\/tienda\/","logo":{"@type":"ImageObject","inLanguage":"es-MX","@id":"https:\/\/compuviper.mx\/tienda\/#\/schema\/logo\/image\/","url":"https:\/\/compuviper.mx\/tienda\/wp-content\/uploads\/2021\/08\/Logo-Compuviper-10.png","contentUrl":"https:\/\/compuviper.mx\/tienda\/wp-content\/uploads\/2021\/08\/Logo-Compuviper-10.png","width":1000,"height":500,"caption":"Compuviper"},"image":{"@id":"https:\/\/compuviper.mx\/tienda\/#\/schema\/logo\/image\/"},"sameAs":["https:\/\/www.facebook.com\/compuviper","https:\/\/www.youtube.com\/channel\/UCf73dERp9Y3cfOq7q8BhLjA?view_as=subscriber"]}]},"product_brand":"TP LINK","product_price_amount":"891","product_price_currency":"MXN","og_availability":"out of stock","product_availability":"out of stock","product_retailer_item_id":"TL-SG1006PP","product_condition":"new"},"_links":{"self":[{"href":"https:\/\/compuviper.mx\/tienda\/wp-json\/wp\/v2\/product\/239387"}],"collection":[{"href":"https:\/\/compuviper.mx\/tienda\/wp-json\/wp\/v2\/product"}],"about":[{"href":"https:\/\/compuviper.mx\/tienda\/wp-json\/wp\/v2\/types\/product"}],"replies":[{"embeddable":true,"href":"https:\/\/compuviper.mx\/tienda\/wp-json\/wp\/v2\/comments?post=239387"}],"wp:featuredmedia":[{"embeddable":true,"href":"https:\/\/compuviper.mx\/tienda\/wp-json\/wp\/v2\/media\/242878"}],"wp:attachment":[{"href":"https:\/\/compuviper.mx\/tienda\/wp-json\/wp\/v2\/media?parent=239387"}],"wp:term":[{"taxonomy":"product_cat","embeddable":true,"href":"https:\/\/compuviper.mx\/tienda\/wp-json\/wp\/v2\/product_cat?post=239387"},{"taxonomy":"product_tag","embeddable":true,"href":"https:\/\/compuviper.mx\/tienda\/wp-json\/wp\/v2\/product_tag?post=239387"}],"curies":[{"name":"wp","href":"https:\/\/api.w.org\/{rel}","templated":true}]}}