{"id":239293,"date":"2026-04-23T00:14:36","date_gmt":"2026-04-23T06:14:36","guid":{"rendered":"https:\/\/compuviper.mx\/tienda\/producto\/tp-link-tapo-c210p2-camara-ip-tp-link-tapo-pandeo-tildeo-3mp-ultra-high-audio-bidireccional-modo-privacidad-almacenamiento-micro-sd-no-incluida-vision-nocturna\/"},"modified":"2026-04-23T00:14:36","modified_gmt":"2026-04-23T06:14:36","slug":"tp-link-tapo-c210p2-camara-ip-tp-link-tapo-pandeo-tildeo-3mp-ultra-high-audio-bidireccional-modo-privacidad-almacenamiento-micro-sd-no-incluida-vision-nocturna","status":"publish","type":"product","link":"https:\/\/compuviper.mx\/tienda\/producto\/tp-link-tapo-c210p2-camara-ip-tp-link-tapo-pandeo-tildeo-3mp-ultra-high-audio-bidireccional-modo-privacidad-almacenamiento-micro-sd-no-incluida-vision-nocturna\/","title":{"rendered":"Tp Link Tapo C210p2 Camara Ip Tp-link Tapo  Pandeo \/ Tildeo 3mp Ultra High Audio Bidireccional Modo Privacidad Almacenamiento Micro Sd, No Incluida Vision Nocturna"},"content":{"rendered":"<table class=\"descripcion\">\n<tr>\n<td>C\u00e1mara<\/td>\n<\/tr>\n<tr>\n<td>Sensor de imagen<\/td>\n<\/tr>\n<tr>\n<td>1\/2.8\u0093<\/td>\n<\/tr>\n<tr>\n<td>Lente<\/td>\n<\/tr>\n<tr>\n<td>F\/no: 2.4; focal length: 3.83mm<\/td>\n<\/tr>\n<tr>\n<td>Visi\u00f3n nocturna<\/td>\n<\/tr>\n<tr>\n<td>850 nm ir led up to 30 ft<\/td>\n<\/tr>\n<tr>\n<td>Rango de vista<\/td>\n<\/tr>\n<tr>\n<td>360\u00b0 horizontal, 114\u00b0 vertical<\/td>\n<\/tr>\n<tr>\n<td>Resoluci\u00f3n<\/td>\n<\/tr>\n<tr>\n<td>3mp and #65288;2304 x 1296 and #65289;<\/td>\n<\/tr>\n<tr>\n<td>Video<\/td>\n<\/tr>\n<tr>\n<td>Cuadros por segundo<\/td>\n<\/tr>\n<tr>\n<td>15fps<\/td>\n<\/tr>\n<tr>\n<td>V\u00eddeo transmitido en vivo<\/td>\n<\/tr>\n<tr>\n<td>3mp<\/td>\n<\/tr>\n<tr>\n<td>Compresi\u00f3n de video<\/td>\n<\/tr>\n<tr>\n<td>H.264<\/td>\n<\/tr>\n<tr>\n<td>Audio<\/td>\n<\/tr>\n<tr>\n<td>Comunicaci\u00f3n de audio<\/td>\n<\/tr>\n<tr>\n<td>2-way audio<\/td>\n<\/tr>\n<tr>\n<td>Audio input  and  output:<\/td>\n<\/tr>\n<tr>\n<td>Built-in microphone and speaker<\/td>\n<\/tr>\n<tr>\n<td>Network<\/td>\n<\/tr>\n<tr>\n<td>Wireless rate<\/td>\n<\/tr>\n<tr>\n<td>11mbps(802.11b)<\/td>\n<\/tr>\n<tr>\n<td>54mbps(802.11g)<\/td>\n<\/tr>\n<tr>\n<td>72.2mbps(802.11n)<\/td>\n<\/tr>\n<tr>\n<td>Wireless security<\/td>\n<\/tr>\n<tr>\n<td>Wpa\/wpa2-psk<\/td>\n<\/tr>\n<tr>\n<td>Seguridad<\/td>\n<\/tr>\n<tr>\n<td>128 bit aes encryption with ssl\/tls<\/td>\n<\/tr>\n<tr>\n<td>Frecuencia<\/td>\n<\/tr>\n<tr>\n<td>2.4 ghz<\/td>\n<\/tr>\n<tr>\n<td>Notificaciones de actividad<\/td>\n<\/tr>\n<tr>\n<td>Disparador de entrada<\/td>\n<\/tr>\n<tr>\n<td>Motion detection<\/td>\n<\/tr>\n<tr>\n<td>Notificaci\u00f3n de salida<\/td>\n<\/tr>\n<tr>\n<td>Push notification<\/td>\n<\/tr>\n<tr>\n<td>Sistema<\/td>\n<\/tr>\n<tr>\n<td>Certificaci\u00f3n regulatoria<\/td>\n<\/tr>\n<tr>\n<td>Ce, ncc<\/td>\n<\/tr>\n<tr>\n<td>Ambiente<\/td>\n<\/tr>\n<tr>\n<td>Temperatura en funcionamiento<\/td>\n<\/tr>\n<tr>\n<td>0\u00b0c~40\u00b0c (32\u00b0f~104\u00b0f)<\/td>\n<\/tr>\n<tr>\n<td>Temperatura en almacenamiento<\/td>\n<\/tr>\n<tr>\n<td>-40\u00b0c~70\u00b0c (-40\u00b0f~158\u00b0f)<\/td>\n<\/tr>\n<tr>\n<td>Humedad en funcionamiento<\/td>\n<\/tr>\n<tr>\n<td>10%~90%rh non-condensing<\/td>\n<\/tr>\n<tr>\n<td>Humedad en almacenamiento<\/td>\n<\/tr>\n<tr>\n<td>5%~90%rh non-condensing<\/td>\n<\/tr>\n<tr>\n<td>Contenidos del paquete<\/td>\n<\/tr>\n<tr>\n<td>Contenido del paquete<\/td>\n<\/tr>\n<tr>\n<td>Tapo pan\/tilt home security wi-fi camera<\/td>\n<\/tr>\n<tr>\n<td>Power adapter<\/td>\n<\/tr>\n<tr>\n<td>Quick start guide<\/td>\n<\/tr>\n<tr>\n<td>Mounting screws<\/td>\n<\/tr>\n<tr>\n<td>Mounting plate<\/td>\n<\/tr>\n<tr>\n<td>Camera base<\/td>\n<\/tr>\n<tr>\n<td>Hardware<\/td>\n<\/tr>\n<tr>\n<td>Bot\u00f3n<\/td>\n<\/tr>\n<tr>\n<td>Reset button<\/td>\n<\/tr>\n<tr>\n<td>Led indicador<\/td>\n<\/tr>\n<tr>\n<td>System led<\/td>\n<\/tr>\n<tr>\n<td>Entrada del adaptador<\/td>\n<\/tr>\n<tr>\n<td>100-240vac, 50\/60hz, 0.3a<\/td>\n<\/tr>\n<tr>\n<td>Salida del adaptador<\/td>\n<\/tr>\n<tr>\n<td>9.0v\/0.6a<\/td>\n<\/tr>\n<tr>\n<td>Power<\/td>\n<\/tr>\n<tr>\n<td>3 meter power cable<\/td>\n<\/tr>\n<tr>\n<td>Dimensiones (w x d x h)<\/td>\n<\/tr>\n<tr>\n<td>3.4 x 3.3 x 4.6 in. (86.6 x 85 x 117.7 mm)<\/td>\n<\/tr>\n<\/table>\n","protected":false},"excerpt":{"rendered":"<p>C210p2. C\u00e1mara wi-fi de seguridad para el hogar con giro\/inclinaci\u00f3n. V\u00eddeo de alta definici\u00f3n 2k (3mp): graba todos los detalles en una definici\u00f3n n\u00edtida de 3mp. Pan\/tilt: rango horizontal de 360\u00ba. Visi\u00f3n nocturna avanzada: proporciona una distancia visual de hasta 30 pies. Detecci\u00f3n de movimiento y notificaciones: le notifica a trav\u00e9s de la aplicaci\u00f3n tapo cuando la c\u00e1mara detecta movimiento. Alarma de luz y sonido: activa efectos de luz y sonido para ahuyentar a los visitantes no deseados. Audio bidireccional: permite la comunicaci\u00f3n a trav\u00e9s de un micr\u00f3fono y un altavoz integrados. Almacenamiento seguro: almacena localmente hasta 256 gb en una tarjeta microsd, lo que equivale a 512 horas (21 d\u00edas) de metraje. (basado en condiciones de laboratorio). Control por voz: libere sus manos con el control por voz: funciona con el asistente de google y amazon alexa. (el asistente de google y amazon alexa no est\u00e1n disponibles en todos los idiomas y pa\u00edses).<\/p>\n","protected":false},"featured_media":242500,"comment_status":"open","ping_status":"open","template":"","meta":[],"product_cat":[1608,1681],"product_tag":[1562],"acf":[],"yoast_head":"<!-- This site is optimized with the Yoast SEO plugin v21.7 - https:\/\/yoast.com\/wordpress\/plugins\/seo\/ -->\n<title>[ Tp Link ] &#129351; Tapo C210p2 Camara Ip Tp-link Tapo Pandeo \/ Tildeo 3mp Ultra High Audio Bidireccional Modo Privacidad Almacenamiento Micro Sd, No Incluida Vision Nocturna<\/title>\n<meta name=\"description\" content=\"Compra Tapo C210p2 Camara Ip Tp-link Tapo Pandeo \/ Tildeo 3mp Ultra High Audio Bidireccional Modo Privacidad Almacenamiento Micro Sd, No Incluida Vision Nocturna + Env\u00edo a domicilio + Pago seguro + Garant\u00eda\" \/>\n<meta name=\"robots\" content=\"index, follow, max-snippet:-1, max-image-preview:large, max-video-preview:-1\" \/>\n<link rel=\"canonical\" href=\"https:\/\/compuviper.mx\/tienda\/producto\/tp-link-tapo-c210p2-camara-ip-tp-link-tapo-pandeo-tildeo-3mp-ultra-high-audio-bidireccional-modo-privacidad-almacenamiento-micro-sd-no-incluida-vision-nocturna\/\" \/>\n<meta property=\"og:locale\" content=\"es_MX\" \/>\n<meta property=\"og:type\" content=\"article\" \/>\n<meta property=\"og:title\" content=\"[ Tp Link ] &#129351; Tapo C210p2 Camara Ip Tp-link Tapo Pandeo \/ Tildeo 3mp Ultra High Audio Bidireccional Modo Privacidad Almacenamiento Micro Sd, No Incluida Vision Nocturna\" \/>\n<meta property=\"og:description\" content=\"Compra Tapo C210p2 Camara Ip Tp-link Tapo Pandeo \/ Tildeo 3mp Ultra High Audio Bidireccional Modo Privacidad Almacenamiento Micro Sd, No Incluida Vision Nocturna + Env\u00edo a domicilio + Pago seguro + Garant\u00eda\" \/>\n<meta property=\"og:url\" content=\"https:\/\/compuviper.mx\/tienda\/producto\/tp-link-tapo-c210p2-camara-ip-tp-link-tapo-pandeo-tildeo-3mp-ultra-high-audio-bidireccional-modo-privacidad-almacenamiento-micro-sd-no-incluida-vision-nocturna\/\" \/>\n<meta property=\"og:site_name\" content=\"Compuviper\" \/>\n<meta property=\"article:publisher\" content=\"https:\/\/www.facebook.com\/compuviper\" \/>\n<meta property=\"og:image\" content=\"https:\/\/compuviper.mx\/tienda\/wp-content\/uploads\/2024\/09\/Camara-ip-tp-link-tapo-tapo-c210p2-pandeo-tildeo-3mp-ultra-high-audio-bidireccional-modo-privacidad-almacenamiento-micro-sd-no-incluida-vision-nocturna.jpg\" \/>\n\t<meta property=\"og:image:width\" content=\"200\" \/>\n\t<meta property=\"og:image:height\" content=\"200\" \/>\n\t<meta property=\"og:image:type\" content=\"image\/jpeg\" \/>\n<meta name=\"twitter:card\" content=\"summary_large_image\" \/>\n<meta name=\"twitter:label1\" content=\"Precio\" \/>\n\t<meta name=\"twitter:data1\" content=\"&#36;830 con IVA\" \/>\n\t<meta name=\"twitter:label2\" content=\"Availability\" \/>\n\t<meta name=\"twitter:data2\" content=\"Out of stock\" \/>\n<script type=\"application\/ld+json\" class=\"yoast-schema-graph\">{\"@context\":\"https:\/\/schema.org\",\"@graph\":[{\"@type\":\"WebPage\",\"@id\":\"https:\/\/compuviper.mx\/tienda\/producto\/tp-link-tapo-c210p2-camara-ip-tp-link-tapo-pandeo-tildeo-3mp-ultra-high-audio-bidireccional-modo-privacidad-almacenamiento-micro-sd-no-incluida-vision-nocturna\/\",\"url\":\"https:\/\/compuviper.mx\/tienda\/producto\/tp-link-tapo-c210p2-camara-ip-tp-link-tapo-pandeo-tildeo-3mp-ultra-high-audio-bidireccional-modo-privacidad-almacenamiento-micro-sd-no-incluida-vision-nocturna\/\",\"name\":\"[ Tp Link ] &#129351; Tapo C210p2 Camara Ip Tp-link Tapo Pandeo \/ Tildeo 3mp Ultra High Audio Bidireccional Modo Privacidad Almacenamiento Micro Sd, No Incluida Vision Nocturna\",\"isPartOf\":{\"@id\":\"https:\/\/compuviper.mx\/tienda\/#website\"},\"datePublished\":\"2026-04-23T06:14:36+00:00\",\"dateModified\":\"2026-04-23T06:14:36+00:00\",\"description\":\"Compra Tapo C210p2 Camara Ip Tp-link Tapo Pandeo \/ Tildeo 3mp Ultra High Audio Bidireccional Modo Privacidad Almacenamiento Micro Sd, No Incluida Vision Nocturna + Env\u00edo a domicilio + Pago seguro + Garant\u00eda\",\"breadcrumb\":{\"@id\":\"https:\/\/compuviper.mx\/tienda\/producto\/tp-link-tapo-c210p2-camara-ip-tp-link-tapo-pandeo-tildeo-3mp-ultra-high-audio-bidireccional-modo-privacidad-almacenamiento-micro-sd-no-incluida-vision-nocturna\/#breadcrumb\"},\"inLanguage\":\"es-MX\",\"potentialAction\":[{\"@type\":\"ReadAction\",\"target\":[\"https:\/\/compuviper.mx\/tienda\/producto\/tp-link-tapo-c210p2-camara-ip-tp-link-tapo-pandeo-tildeo-3mp-ultra-high-audio-bidireccional-modo-privacidad-almacenamiento-micro-sd-no-incluida-vision-nocturna\/\"]}]},{\"@type\":\"BreadcrumbList\",\"@id\":\"https:\/\/compuviper.mx\/tienda\/producto\/tp-link-tapo-c210p2-camara-ip-tp-link-tapo-pandeo-tildeo-3mp-ultra-high-audio-bidireccional-modo-privacidad-almacenamiento-micro-sd-no-incluida-vision-nocturna\/#breadcrumb\",\"itemListElement\":[{\"@type\":\"ListItem\",\"position\":1,\"name\":\"Inicio\",\"item\":\"https:\/\/compuviper.mx\/tienda\/\"},{\"@type\":\"ListItem\",\"position\":2,\"name\":\"Productos\",\"item\":\"https:\/\/compuviper.mx\/tienda\/productos\/\"},{\"@type\":\"ListItem\",\"position\":3,\"name\":\"Camaras\",\"item\":\"https:\/\/compuviper.mx\/tienda\/categoria-producto\/camaras-2\/\"},{\"@type\":\"ListItem\",\"position\":4,\"name\":\"Camara De Videovigilancia\",\"item\":\"https:\/\/compuviper.mx\/tienda\/categoria-producto\/camaras-2\/camara-de-videovigilancia\/\"},{\"@type\":\"ListItem\",\"position\":5,\"name\":\"Tp Link Tapo C210p2 Camara Ip Tp-link Tapo Pandeo \/ Tildeo 3mp Ultra High Audio Bidireccional Modo Privacidad Almacenamiento Micro Sd, No Incluida Vision Nocturna\"}]},{\"@type\":\"WebSite\",\"@id\":\"https:\/\/compuviper.mx\/tienda\/#website\",\"url\":\"https:\/\/compuviper.mx\/tienda\/\",\"name\":\"Compuviper\",\"description\":\"Proveedor de Computadoras, Laptops, Servidores, Monitores, Puntos de Venta, Teclados,   Impresoras, T\u00f3ner, C\u00e1maras de Seguridad y m\u00e1s en tu tienda en l\u00ednea\",\"publisher\":{\"@id\":\"https:\/\/compuviper.mx\/tienda\/#organization\"},\"potentialAction\":[{\"@type\":\"SearchAction\",\"target\":{\"@type\":\"EntryPoint\",\"urlTemplate\":\"https:\/\/compuviper.mx\/tienda\/?s={search_term_string}\"},\"query-input\":\"required name=search_term_string\"}],\"inLanguage\":\"es-MX\"},{\"@type\":\"Organization\",\"@id\":\"https:\/\/compuviper.mx\/tienda\/#organization\",\"name\":\"Compuviper\",\"url\":\"https:\/\/compuviper.mx\/tienda\/\",\"logo\":{\"@type\":\"ImageObject\",\"inLanguage\":\"es-MX\",\"@id\":\"https:\/\/compuviper.mx\/tienda\/#\/schema\/logo\/image\/\",\"url\":\"https:\/\/compuviper.mx\/tienda\/wp-content\/uploads\/2021\/08\/Logo-Compuviper-10.png\",\"contentUrl\":\"https:\/\/compuviper.mx\/tienda\/wp-content\/uploads\/2021\/08\/Logo-Compuviper-10.png\",\"width\":1000,\"height\":500,\"caption\":\"Compuviper\"},\"image\":{\"@id\":\"https:\/\/compuviper.mx\/tienda\/#\/schema\/logo\/image\/\"},\"sameAs\":[\"https:\/\/www.facebook.com\/compuviper\",\"https:\/\/www.youtube.com\/channel\/UCf73dERp9Y3cfOq7q8BhLjA?view_as=subscriber\"]}]}<\/script>\n<meta property=\"product:brand\" content=\"TP LINK\" \/>\n<meta property=\"product:price:amount\" content=\"830\" \/>\n<meta property=\"product:price:currency\" content=\"MXN\" \/>\n<meta property=\"og:availability\" content=\"out of stock\" \/>\n<meta property=\"product:availability\" content=\"out of stock\" \/>\n<meta property=\"product:retailer_item_id\" content=\"TAPO C210P2\" \/>\n<meta property=\"product:condition\" content=\"new\" \/>\n<!-- \/ Yoast SEO plugin. -->","yoast_head_json":{"title":"[ Tp Link ] &#129351; Tapo C210p2 Camara Ip Tp-link Tapo Pandeo \/ Tildeo 3mp Ultra High Audio Bidireccional Modo Privacidad Almacenamiento Micro Sd, No Incluida Vision Nocturna","description":"Compra Tapo C210p2 Camara Ip Tp-link Tapo Pandeo \/ Tildeo 3mp Ultra High Audio Bidireccional Modo Privacidad Almacenamiento Micro Sd, No Incluida Vision Nocturna + Env\u00edo a domicilio + Pago seguro + Garant\u00eda","robots":{"index":"index","follow":"follow","max-snippet":"max-snippet:-1","max-image-preview":"max-image-preview:large","max-video-preview":"max-video-preview:-1"},"canonical":"https:\/\/compuviper.mx\/tienda\/producto\/tp-link-tapo-c210p2-camara-ip-tp-link-tapo-pandeo-tildeo-3mp-ultra-high-audio-bidireccional-modo-privacidad-almacenamiento-micro-sd-no-incluida-vision-nocturna\/","og_locale":"es_MX","og_type":"article","og_title":"[ Tp Link ] &#129351; Tapo C210p2 Camara Ip Tp-link Tapo Pandeo \/ Tildeo 3mp Ultra High Audio Bidireccional Modo Privacidad Almacenamiento Micro Sd, No Incluida Vision Nocturna","og_description":"Compra Tapo C210p2 Camara Ip Tp-link Tapo Pandeo \/ Tildeo 3mp Ultra High Audio Bidireccional Modo Privacidad Almacenamiento Micro Sd, No Incluida Vision Nocturna + Env\u00edo a domicilio + Pago seguro + Garant\u00eda","og_url":"https:\/\/compuviper.mx\/tienda\/producto\/tp-link-tapo-c210p2-camara-ip-tp-link-tapo-pandeo-tildeo-3mp-ultra-high-audio-bidireccional-modo-privacidad-almacenamiento-micro-sd-no-incluida-vision-nocturna\/","og_site_name":"Compuviper","article_publisher":"https:\/\/www.facebook.com\/compuviper","og_image":[{"width":200,"height":200,"url":"https:\/\/compuviper.mx\/tienda\/wp-content\/uploads\/2024\/09\/Camara-ip-tp-link-tapo-tapo-c210p2-pandeo-tildeo-3mp-ultra-high-audio-bidireccional-modo-privacidad-almacenamiento-micro-sd-no-incluida-vision-nocturna.jpg","type":"image\/jpeg"}],"twitter_card":"summary_large_image","twitter_misc":{"Precio":"&#36;830 con IVA","Availability":"Out of stock"},"schema":{"@context":"https:\/\/schema.org","@graph":[{"@type":"WebPage","@id":"https:\/\/compuviper.mx\/tienda\/producto\/tp-link-tapo-c210p2-camara-ip-tp-link-tapo-pandeo-tildeo-3mp-ultra-high-audio-bidireccional-modo-privacidad-almacenamiento-micro-sd-no-incluida-vision-nocturna\/","url":"https:\/\/compuviper.mx\/tienda\/producto\/tp-link-tapo-c210p2-camara-ip-tp-link-tapo-pandeo-tildeo-3mp-ultra-high-audio-bidireccional-modo-privacidad-almacenamiento-micro-sd-no-incluida-vision-nocturna\/","name":"[ Tp Link ] &#129351; Tapo C210p2 Camara Ip Tp-link Tapo Pandeo \/ Tildeo 3mp Ultra High Audio Bidireccional Modo Privacidad Almacenamiento Micro Sd, No Incluida Vision Nocturna","isPartOf":{"@id":"https:\/\/compuviper.mx\/tienda\/#website"},"datePublished":"2026-04-23T06:14:36+00:00","dateModified":"2026-04-23T06:14:36+00:00","description":"Compra Tapo C210p2 Camara Ip Tp-link Tapo Pandeo \/ Tildeo 3mp Ultra High Audio Bidireccional Modo Privacidad Almacenamiento Micro Sd, No Incluida Vision Nocturna + Env\u00edo a domicilio + Pago seguro + Garant\u00eda","breadcrumb":{"@id":"https:\/\/compuviper.mx\/tienda\/producto\/tp-link-tapo-c210p2-camara-ip-tp-link-tapo-pandeo-tildeo-3mp-ultra-high-audio-bidireccional-modo-privacidad-almacenamiento-micro-sd-no-incluida-vision-nocturna\/#breadcrumb"},"inLanguage":"es-MX","potentialAction":[{"@type":"ReadAction","target":["https:\/\/compuviper.mx\/tienda\/producto\/tp-link-tapo-c210p2-camara-ip-tp-link-tapo-pandeo-tildeo-3mp-ultra-high-audio-bidireccional-modo-privacidad-almacenamiento-micro-sd-no-incluida-vision-nocturna\/"]}]},{"@type":"BreadcrumbList","@id":"https:\/\/compuviper.mx\/tienda\/producto\/tp-link-tapo-c210p2-camara-ip-tp-link-tapo-pandeo-tildeo-3mp-ultra-high-audio-bidireccional-modo-privacidad-almacenamiento-micro-sd-no-incluida-vision-nocturna\/#breadcrumb","itemListElement":[{"@type":"ListItem","position":1,"name":"Inicio","item":"https:\/\/compuviper.mx\/tienda\/"},{"@type":"ListItem","position":2,"name":"Productos","item":"https:\/\/compuviper.mx\/tienda\/productos\/"},{"@type":"ListItem","position":3,"name":"Camaras","item":"https:\/\/compuviper.mx\/tienda\/categoria-producto\/camaras-2\/"},{"@type":"ListItem","position":4,"name":"Camara De Videovigilancia","item":"https:\/\/compuviper.mx\/tienda\/categoria-producto\/camaras-2\/camara-de-videovigilancia\/"},{"@type":"ListItem","position":5,"name":"Tp Link Tapo C210p2 Camara Ip Tp-link Tapo Pandeo \/ Tildeo 3mp Ultra High Audio Bidireccional Modo Privacidad Almacenamiento Micro Sd, No Incluida Vision Nocturna"}]},{"@type":"WebSite","@id":"https:\/\/compuviper.mx\/tienda\/#website","url":"https:\/\/compuviper.mx\/tienda\/","name":"Compuviper","description":"Proveedor de Computadoras, Laptops, Servidores, Monitores, Puntos de Venta, Teclados,   Impresoras, T\u00f3ner, C\u00e1maras de Seguridad y m\u00e1s en tu tienda en l\u00ednea","publisher":{"@id":"https:\/\/compuviper.mx\/tienda\/#organization"},"potentialAction":[{"@type":"SearchAction","target":{"@type":"EntryPoint","urlTemplate":"https:\/\/compuviper.mx\/tienda\/?s={search_term_string}"},"query-input":"required name=search_term_string"}],"inLanguage":"es-MX"},{"@type":"Organization","@id":"https:\/\/compuviper.mx\/tienda\/#organization","name":"Compuviper","url":"https:\/\/compuviper.mx\/tienda\/","logo":{"@type":"ImageObject","inLanguage":"es-MX","@id":"https:\/\/compuviper.mx\/tienda\/#\/schema\/logo\/image\/","url":"https:\/\/compuviper.mx\/tienda\/wp-content\/uploads\/2021\/08\/Logo-Compuviper-10.png","contentUrl":"https:\/\/compuviper.mx\/tienda\/wp-content\/uploads\/2021\/08\/Logo-Compuviper-10.png","width":1000,"height":500,"caption":"Compuviper"},"image":{"@id":"https:\/\/compuviper.mx\/tienda\/#\/schema\/logo\/image\/"},"sameAs":["https:\/\/www.facebook.com\/compuviper","https:\/\/www.youtube.com\/channel\/UCf73dERp9Y3cfOq7q8BhLjA?view_as=subscriber"]}]},"product_brand":"TP LINK","product_price_amount":"830","product_price_currency":"MXN","og_availability":"out of stock","product_availability":"out of stock","product_retailer_item_id":"TAPO C210P2","product_condition":"new"},"_links":{"self":[{"href":"https:\/\/compuviper.mx\/tienda\/wp-json\/wp\/v2\/product\/239293"}],"collection":[{"href":"https:\/\/compuviper.mx\/tienda\/wp-json\/wp\/v2\/product"}],"about":[{"href":"https:\/\/compuviper.mx\/tienda\/wp-json\/wp\/v2\/types\/product"}],"replies":[{"embeddable":true,"href":"https:\/\/compuviper.mx\/tienda\/wp-json\/wp\/v2\/comments?post=239293"}],"wp:featuredmedia":[{"embeddable":true,"href":"https:\/\/compuviper.mx\/tienda\/wp-json\/wp\/v2\/media\/242500"}],"wp:attachment":[{"href":"https:\/\/compuviper.mx\/tienda\/wp-json\/wp\/v2\/media?parent=239293"}],"wp:term":[{"taxonomy":"product_cat","embeddable":true,"href":"https:\/\/compuviper.mx\/tienda\/wp-json\/wp\/v2\/product_cat?post=239293"},{"taxonomy":"product_tag","embeddable":true,"href":"https:\/\/compuviper.mx\/tienda\/wp-json\/wp\/v2\/product_tag?post=239293"}],"curies":[{"name":"wp","href":"https:\/\/api.w.org\/{rel}","templated":true}]}}