{"id":239292,"date":"2026-04-23T00:14:35","date_gmt":"2026-04-23T06:14:35","guid":{"rendered":"https:\/\/compuviper.mx\/tienda\/producto\/tp-link-tapo-c720-camara-ip-tp-link-camara-reflectora-inteligente-ip65-2k-qhd-proyector-activado-por-movimiento\/"},"modified":"2026-04-23T00:14:36","modified_gmt":"2026-04-23T06:14:36","slug":"tp-link-tapo-c720-camara-ip-tp-link-camara-reflectora-inteligente-ip65-2k-qhd-proyector-activado-por-movimiento","status":"publish","type":"product","link":"https:\/\/compuviper.mx\/tienda\/producto\/tp-link-tapo-c720-camara-ip-tp-link-camara-reflectora-inteligente-ip65-2k-qhd-proyector-activado-por-movimiento\/","title":{"rendered":"Tp Link Tapo C720 Camara Ip Tp-link  Camara Reflectora Inteligente Ip65 2k Qhd Proyector Activado Por Movimiento"},"content":{"rendered":"<table class=\"descripcion\">\n<tr>\n<td>Camara<\/td>\n<\/tr>\n<tr>\n<td>Sensor de imagen<\/td>\n<\/tr>\n<tr>\n<td>1\/3 progressive scan cmos starlight sensor<\/td>\n<\/tr>\n<tr>\n<td>Lente<\/td>\n<\/tr>\n<tr>\n<td>Focal length: 2.1 mm<\/td>\n<\/tr>\n<tr>\n<td>Aperture: f2.1<\/td>\n<\/tr>\n<tr>\n<td>Field of view: 153\u00b0 (diagonal), 134\u00b0(horizontal), 77.6\u00b0(vertical)<\/td>\n<\/tr>\n<tr>\n<td>Visi\u00f3n nocturna<\/td>\n<\/tr>\n<tr>\n<td>850 nm ir led (98 ft \/ 29.9 m)<\/td>\n<\/tr>\n<tr>\n<td>Full-color night vision<\/td>\n<\/tr>\n<tr>\n<td>Iluminaci\u00f3n<\/td>\n<\/tr>\n<tr>\n<td>2\u00d7 floodlights<\/td>\n<\/tr>\n<tr>\n<td>(color temperature: 5000k, brightness: 2800 lumens)<\/td>\n<\/tr>\n<tr>\n<td>Interfaz y bot\u00f3n<\/td>\n<\/tr>\n<tr>\n<td>1\u00d7 reset button<\/td>\n<\/tr>\n<tr>\n<td>1\u00d7 microsd card slot (up to 512 gb)<\/td>\n<\/tr>\n<tr>\n<td>Video  and  audio<\/td>\n<\/tr>\n<tr>\n<td>Maximum resolution<\/td>\n<\/tr>\n<tr>\n<td>2560 \u00d7 1440 px<\/td>\n<\/tr>\n<tr>\n<td>Frame rate<\/td>\n<\/tr>\n<tr>\n<td>15 fps<\/td>\n<\/tr>\n<tr>\n<td>Digital zoom<\/td>\n<\/tr>\n<tr>\n<td>12\u00d7<\/td>\n<\/tr>\n<tr>\n<td>Video compression<\/td>\n<\/tr>\n<tr>\n<td>H.264<\/td>\n<\/tr>\n<tr>\n<td>Live view<\/td>\n<\/tr>\n<tr>\n<td>Yes<\/td>\n<\/tr>\n<tr>\n<td>Image enhancement<\/td>\n<\/tr>\n<tr>\n<td>3dnr<\/td>\n<\/tr>\n<tr>\n<td>Wdr<\/td>\n<\/tr>\n<tr>\n<td>Audio input  and  output<\/td>\n<\/tr>\n<tr>\n<td>Built-in microphone and speaker<\/td>\n<\/tr>\n<tr>\n<td>Audio communication<\/td>\n<\/tr>\n<tr>\n<td>Two-way audio with noise cancellation<\/td>\n<\/tr>\n<tr>\n<td>Siren volume<\/td>\n<\/tr>\n<tr>\n<td>93 db (level measured at 4-inch\/10-cm distance)<\/td>\n<\/tr>\n<tr>\n<td>Storage<\/td>\n<\/tr>\n<tr>\n<td>Local storage<\/td>\n<\/tr>\n<tr>\n<td>Microsd card slot on camera (up to 512 gb)<\/td>\n<\/tr>\n<tr>\n<td>General information about using microsd cards<\/td>\n<\/tr>\n<tr>\n<td>Cloud storage<\/td>\n<\/tr>\n<tr>\n<td>Tapo care cloud storage services (subscription required)<\/td>\n<\/tr>\n<tr>\n<td>Detection and notifications<\/td>\n<\/tr>\n<tr>\n<td>Sensor<\/td>\n<\/tr>\n<tr>\n<td>3\u00d7 pir motion sensors (fov: 270\u00b0 horizontal)<\/td>\n<\/tr>\n<tr>\n<td>1\u00d7 ambient light sensor<\/td>\n<\/tr>\n<tr>\n<td>Ai detection<\/td>\n<\/tr>\n<tr>\n<td>Motion detection<\/td>\n<\/tr>\n<tr>\n<td>Person detection<\/td>\n<\/tr>\n<tr>\n<td>Pet detecion<\/td>\n<\/tr>\n<tr>\n<td>Vehicle detection<\/td>\n<\/tr>\n<tr>\n<td>Line-crossing detection<\/td>\n<\/tr>\n<tr>\n<td>Tamper detection<\/td>\n<\/tr>\n<tr>\n<td>Activity zones<\/td>\n<\/tr>\n<tr>\n<td>Yes<\/td>\n<\/tr>\n<tr>\n<td>Output notification<\/td>\n<\/tr>\n<tr>\n<td>System notification<\/td>\n<\/tr>\n<tr>\n<td>System notification with snapshot (tapo care services)<\/td>\n<\/tr>\n<tr>\n<td>Network<\/td>\n<\/tr>\n<tr>\n<td>Network connectivity<\/td>\n<\/tr>\n<tr>\n<td>Connect via wi-fi<\/td>\n<\/tr>\n<tr>\n<td>Wireless connectivity<\/td>\n<\/tr>\n<tr>\n<td>Ieee 802.11b\/g\/n, 2.4 ghz wi-fi<\/td>\n<\/tr>\n<tr>\n<td>Rtsp<\/td>\n<\/tr>\n<tr>\n<td>Yes<\/td>\n<\/tr>\n<tr>\n<td>Onvif<\/td>\n<\/tr>\n<tr>\n<td>Yes<\/td>\n<\/tr>\n<tr>\n<td>Seguridad<\/td>\n<\/tr>\n<tr>\n<td>Security<\/td>\n<\/tr>\n<tr>\n<td>On-device machine learning<\/td>\n<\/tr>\n<tr>\n<td>128-bit aes encryption with ssl\/tls<\/td>\n<\/tr>\n<tr>\n<td>Wpa\/wpa2-psk\/wpa3<\/td>\n<\/tr>\n<tr>\n<td>Alimentaci\u00f3n<\/td>\n<\/tr>\n<tr>\n<td>Power source<\/td>\n<\/tr>\n<tr>\n<td>Hardwired only<\/td>\n<\/tr>\n<tr>\n<td>Input voltage<\/td>\n<\/tr>\n<tr>\n<td>110-240 v, 50\/60 hz<\/td>\n<\/tr>\n<tr>\n<td>General<\/td>\n<\/tr>\n<tr>\n<td>Smart integration<\/td>\n<\/tr>\n<tr>\n<td>Google assistant, amazon alexa<\/td>\n<\/tr>\n<tr>\n<td>Weather resistance<\/td>\n<\/tr>\n<tr>\n<td>Ip65<\/td>\n<\/tr>\n<tr>\n<td>System requirements<\/td>\n<\/tr>\n<tr>\n<td>Tapo app: ios 9.0 or higher, andriod 4.4 or higher<\/td>\n<\/tr>\n<tr>\n<td>Mounting options<\/td>\n<\/tr>\n<tr>\n<td>Ceiling-mounted<\/td>\n<\/tr>\n<tr>\n<td>Wall-mounted<\/td>\n<\/tr>\n<tr>\n<td>Temperatura de funcionamiento<\/td>\n<\/tr>\n<tr>\n<td>-20 and #8451;~45 and #8451;<\/td>\n<\/tr>\n<tr>\n<td>Storage temperature<\/td>\n<\/tr>\n<tr>\n<td>-20 and #8451;~60 and #8451;<\/td>\n<\/tr>\n<tr>\n<td>Humedad de funcionamiento<\/td>\n<\/tr>\n<tr>\n<td>10%~90%rh, non-condensing<\/td>\n<\/tr>\n<tr>\n<td>Storage humidity<\/td>\n<\/tr>\n<tr>\n<td>0~90%rh, non-condensing<\/td>\n<\/tr>\n<tr>\n<td>Dimensions<\/td>\n<\/tr>\n<tr>\n<td>5.94 \u00d7 5.94 \u00d7 5.73 in (151 \u00d7 151 \u00d7 145.6 mm)<\/td>\n<\/tr>\n<tr>\n<td>Contenidos del paquete<\/td>\n<\/tr>\n<tr>\n<td>Tapo c720 camera<\/td>\n<\/tr>\n<tr>\n<td>Mounting plate<\/td>\n<\/tr>\n<tr>\n<td>Plate screws<\/td>\n<\/tr>\n<tr>\n<td>Mounting bracket<\/td>\n<\/tr>\n<tr>\n<td>Bracket screws<\/td>\n<\/tr>\n<tr>\n<td>Wire nuts and extension wire<\/td>\n<\/tr>\n<tr>\n<td>Mounting screws and anchors<\/td>\n<\/tr>\n<tr>\n<td>Camera screws and screw caps<\/td>\n<\/tr>\n<tr>\n<td>Mounting template<\/td>\n<\/tr>\n<tr>\n<td>Quick start guide<\/td>\n<\/tr>\n<tr>\n<td>Certificaciones<\/td>\n<\/tr>\n<tr>\n<td>Ce, fcc, rohs, rcm<\/td>\n<\/tr>\n<\/table>\n","protected":false},"excerpt":{"rendered":"<p>Tapo c720. C\u00e1mara reflectora inteligente. Reflector ultrabrillante de 2800 l\u00famenes: el potente reflector totalmente ajustable y la visi\u00f3n nocturna en color de tapo c720 ven hasta 30 pies de distancia, para que pueda dormir profundamente sabiendo que su entorno es seguro. Vista en vivo 2k qhd: sin puntos ciegos, solo detalles n\u00edtidos. Vea cada cent\u00edmetro de su hogar con el amplio campo de visi\u00f3n de 150\u00b0, mejorado por la resoluci\u00f3n 2k qhd de alta definici\u00f3n. Reflector activado por movimiento: con precisi\u00f3n de halc\u00f3n en la oscuridad, el c720 detecta movimientos transitorios y activa un reflector sobre un \u00e1rea amplia de 270\u00b0. Control de reflector ajustable: desde configurar horarios hasta ajustar el brillo y los activadores de activaci\u00f3n, la aplicaci\u00f3n tapo es su ventanilla \u00fanica para la personalizaci\u00f3n de reflectores inteligentes. Detecci\u00f3n inteligente de ia: la ia inteligente separa a personas, mascotas y autom\u00f3viles en movimiento, silenciando falsas alarmas y manteniendo su bandeja de entrada libre de notificaciones de actividades irrelevantes. Configure alarmas personalizadas: grabe una advertencia personalizada o haga sonar una alarma aguda para ahuyentar a los intrusos en el momento en que se detecte movimiento. Almacenamiento local o en la nube: guarde y almacene im\u00e1genes localmente en una tarjeta microsd* (hasta 512 gb) o acceda a las grabaciones en cualquier momento y en cualquier lugar con el almacenamiento en la nube de tapo care.*. Zonas de actividad: zonas inteligentes, alertas m\u00e1s inteligentes. Reciba alertas instant\u00e1neas cuando suceda algo en sus zonas de actividad personalizadas. Ip65 resistente a la intemperie: desaf\u00eda los elementos, llueva o haga sol. Construido para soportar todo tipo de clima que le depare el aire libre.<\/p>\n","protected":false},"featured_media":242499,"comment_status":"open","ping_status":"open","template":"","meta":[],"product_cat":[2318,1811],"product_tag":[1562],"acf":[],"yoast_head":"<!-- This site is optimized with the Yoast SEO plugin v21.7 - https:\/\/yoast.com\/wordpress\/plugins\/seo\/ -->\n<title>[ Tp Link ] &#129351; Tapo C720 Camara Ip Tp-link Camara Reflectora Inteligente Ip65 2k Qhd Proyector Activado Por Movimiento<\/title>\n<meta name=\"description\" content=\"Compra Tapo C720 Camara Ip Tp-link Camara Reflectora Inteligente Ip65 2k Qhd Proyector Activado Por Movimiento + Env\u00edo a domicilio + Pago seguro + Garant\u00eda\" \/>\n<meta name=\"robots\" content=\"index, follow, max-snippet:-1, max-image-preview:large, max-video-preview:-1\" \/>\n<link rel=\"canonical\" href=\"https:\/\/compuviper.mx\/tienda\/producto\/tp-link-tapo-c720-camara-ip-tp-link-camara-reflectora-inteligente-ip65-2k-qhd-proyector-activado-por-movimiento\/\" \/>\n<meta property=\"og:locale\" content=\"es_MX\" \/>\n<meta property=\"og:type\" content=\"article\" \/>\n<meta property=\"og:title\" content=\"[ Tp Link ] &#129351; Tapo C720 Camara Ip Tp-link Camara Reflectora Inteligente Ip65 2k Qhd Proyector Activado Por Movimiento\" \/>\n<meta property=\"og:description\" content=\"Compra Tapo C720 Camara Ip Tp-link Camara Reflectora Inteligente Ip65 2k Qhd Proyector Activado Por Movimiento + Env\u00edo a domicilio + Pago seguro + Garant\u00eda\" \/>\n<meta property=\"og:url\" content=\"https:\/\/compuviper.mx\/tienda\/producto\/tp-link-tapo-c720-camara-ip-tp-link-camara-reflectora-inteligente-ip65-2k-qhd-proyector-activado-por-movimiento\/\" \/>\n<meta property=\"og:site_name\" content=\"Compuviper\" \/>\n<meta property=\"article:publisher\" content=\"https:\/\/www.facebook.com\/compuviper\" \/>\n<meta property=\"article:modified_time\" content=\"2026-04-23T06:14:36+00:00\" \/>\n<meta property=\"og:image\" content=\"https:\/\/compuviper.mx\/tienda\/wp-content\/uploads\/2024\/09\/Camara-ip-tp-link-tapo-c720-camara-reflectora-inteligente-ip65-2k-qhd-proyector-activado-por-movimiento.jpg\" \/>\n\t<meta property=\"og:image:width\" content=\"200\" \/>\n\t<meta property=\"og:image:height\" content=\"200\" \/>\n\t<meta property=\"og:image:type\" content=\"image\/jpeg\" \/>\n<meta name=\"twitter:card\" content=\"summary_large_image\" \/>\n<meta name=\"twitter:label1\" content=\"Precio\" \/>\n\t<meta name=\"twitter:data1\" content=\"&#36;2,098 con IVA\" \/>\n\t<meta name=\"twitter:label2\" content=\"Availability\" \/>\n\t<meta name=\"twitter:data2\" content=\"In stock\" \/>\n<script type=\"application\/ld+json\" class=\"yoast-schema-graph\">{\"@context\":\"https:\/\/schema.org\",\"@graph\":[{\"@type\":\"WebPage\",\"@id\":\"https:\/\/compuviper.mx\/tienda\/producto\/tp-link-tapo-c720-camara-ip-tp-link-camara-reflectora-inteligente-ip65-2k-qhd-proyector-activado-por-movimiento\/\",\"url\":\"https:\/\/compuviper.mx\/tienda\/producto\/tp-link-tapo-c720-camara-ip-tp-link-camara-reflectora-inteligente-ip65-2k-qhd-proyector-activado-por-movimiento\/\",\"name\":\"[ Tp Link ] &#129351; Tapo C720 Camara Ip Tp-link Camara Reflectora Inteligente Ip65 2k Qhd Proyector Activado Por Movimiento\",\"isPartOf\":{\"@id\":\"https:\/\/compuviper.mx\/tienda\/#website\"},\"datePublished\":\"2026-04-23T06:14:35+00:00\",\"dateModified\":\"2026-04-23T06:14:36+00:00\",\"description\":\"Compra Tapo C720 Camara Ip Tp-link Camara Reflectora Inteligente Ip65 2k Qhd Proyector Activado Por Movimiento + Env\u00edo a domicilio + Pago seguro + Garant\u00eda\",\"breadcrumb\":{\"@id\":\"https:\/\/compuviper.mx\/tienda\/producto\/tp-link-tapo-c720-camara-ip-tp-link-camara-reflectora-inteligente-ip65-2k-qhd-proyector-activado-por-movimiento\/#breadcrumb\"},\"inLanguage\":\"es-MX\",\"potentialAction\":[{\"@type\":\"ReadAction\",\"target\":[\"https:\/\/compuviper.mx\/tienda\/producto\/tp-link-tapo-c720-camara-ip-tp-link-camara-reflectora-inteligente-ip65-2k-qhd-proyector-activado-por-movimiento\/\"]}]},{\"@type\":\"BreadcrumbList\",\"@id\":\"https:\/\/compuviper.mx\/tienda\/producto\/tp-link-tapo-c720-camara-ip-tp-link-camara-reflectora-inteligente-ip65-2k-qhd-proyector-activado-por-movimiento\/#breadcrumb\",\"itemListElement\":[{\"@type\":\"ListItem\",\"position\":1,\"name\":\"Inicio\",\"item\":\"https:\/\/compuviper.mx\/tienda\/\"},{\"@type\":\"ListItem\",\"position\":2,\"name\":\"Productos\",\"item\":\"https:\/\/compuviper.mx\/tienda\/productos\/\"},{\"@type\":\"ListItem\",\"position\":3,\"name\":\"Smart Home\",\"item\":\"https:\/\/compuviper.mx\/tienda\/categoria-producto\/smart-home\/\"},{\"@type\":\"ListItem\",\"position\":4,\"name\":\"Wired Camera\",\"item\":\"https:\/\/compuviper.mx\/tienda\/categoria-producto\/smart-home\/wired-camera\/\"},{\"@type\":\"ListItem\",\"position\":5,\"name\":\"Tp Link Tapo C720 Camara Ip Tp-link Camara Reflectora Inteligente Ip65 2k Qhd Proyector Activado Por Movimiento\"}]},{\"@type\":\"WebSite\",\"@id\":\"https:\/\/compuviper.mx\/tienda\/#website\",\"url\":\"https:\/\/compuviper.mx\/tienda\/\",\"name\":\"Compuviper\",\"description\":\"Proveedor de Computadoras, Laptops, Servidores, Monitores, Puntos de Venta, Teclados,   Impresoras, T\u00f3ner, C\u00e1maras de Seguridad y m\u00e1s en tu tienda en l\u00ednea\",\"publisher\":{\"@id\":\"https:\/\/compuviper.mx\/tienda\/#organization\"},\"potentialAction\":[{\"@type\":\"SearchAction\",\"target\":{\"@type\":\"EntryPoint\",\"urlTemplate\":\"https:\/\/compuviper.mx\/tienda\/?s={search_term_string}\"},\"query-input\":\"required name=search_term_string\"}],\"inLanguage\":\"es-MX\"},{\"@type\":\"Organization\",\"@id\":\"https:\/\/compuviper.mx\/tienda\/#organization\",\"name\":\"Compuviper\",\"url\":\"https:\/\/compuviper.mx\/tienda\/\",\"logo\":{\"@type\":\"ImageObject\",\"inLanguage\":\"es-MX\",\"@id\":\"https:\/\/compuviper.mx\/tienda\/#\/schema\/logo\/image\/\",\"url\":\"https:\/\/compuviper.mx\/tienda\/wp-content\/uploads\/2021\/08\/Logo-Compuviper-10.png\",\"contentUrl\":\"https:\/\/compuviper.mx\/tienda\/wp-content\/uploads\/2021\/08\/Logo-Compuviper-10.png\",\"width\":1000,\"height\":500,\"caption\":\"Compuviper\"},\"image\":{\"@id\":\"https:\/\/compuviper.mx\/tienda\/#\/schema\/logo\/image\/\"},\"sameAs\":[\"https:\/\/www.facebook.com\/compuviper\",\"https:\/\/www.youtube.com\/channel\/UCf73dERp9Y3cfOq7q8BhLjA?view_as=subscriber\"]}]}<\/script>\n<meta property=\"product:brand\" content=\"TP LINK\" \/>\n<meta property=\"product:price:amount\" content=\"2098\" \/>\n<meta property=\"product:price:currency\" content=\"MXN\" \/>\n<meta property=\"og:availability\" content=\"instock\" \/>\n<meta property=\"product:availability\" content=\"instock\" \/>\n<meta property=\"product:retailer_item_id\" content=\"TAPO C720\" \/>\n<meta property=\"product:condition\" content=\"new\" \/>\n<!-- \/ Yoast SEO plugin. -->","yoast_head_json":{"title":"[ Tp Link ] &#129351; Tapo C720 Camara Ip Tp-link Camara Reflectora Inteligente Ip65 2k Qhd Proyector Activado Por Movimiento","description":"Compra Tapo C720 Camara Ip Tp-link Camara Reflectora Inteligente Ip65 2k Qhd Proyector Activado Por Movimiento + Env\u00edo a domicilio + Pago seguro + Garant\u00eda","robots":{"index":"index","follow":"follow","max-snippet":"max-snippet:-1","max-image-preview":"max-image-preview:large","max-video-preview":"max-video-preview:-1"},"canonical":"https:\/\/compuviper.mx\/tienda\/producto\/tp-link-tapo-c720-camara-ip-tp-link-camara-reflectora-inteligente-ip65-2k-qhd-proyector-activado-por-movimiento\/","og_locale":"es_MX","og_type":"article","og_title":"[ Tp Link ] &#129351; Tapo C720 Camara Ip Tp-link Camara Reflectora Inteligente Ip65 2k Qhd Proyector Activado Por Movimiento","og_description":"Compra Tapo C720 Camara Ip Tp-link Camara Reflectora Inteligente Ip65 2k Qhd Proyector Activado Por Movimiento + Env\u00edo a domicilio + Pago seguro + Garant\u00eda","og_url":"https:\/\/compuviper.mx\/tienda\/producto\/tp-link-tapo-c720-camara-ip-tp-link-camara-reflectora-inteligente-ip65-2k-qhd-proyector-activado-por-movimiento\/","og_site_name":"Compuviper","article_publisher":"https:\/\/www.facebook.com\/compuviper","article_modified_time":"2026-04-23T06:14:36+00:00","og_image":[{"width":200,"height":200,"url":"https:\/\/compuviper.mx\/tienda\/wp-content\/uploads\/2024\/09\/Camara-ip-tp-link-tapo-c720-camara-reflectora-inteligente-ip65-2k-qhd-proyector-activado-por-movimiento.jpg","type":"image\/jpeg"}],"twitter_card":"summary_large_image","twitter_misc":{"Precio":"&#36;2,098 con IVA","Availability":"In stock"},"schema":{"@context":"https:\/\/schema.org","@graph":[{"@type":"WebPage","@id":"https:\/\/compuviper.mx\/tienda\/producto\/tp-link-tapo-c720-camara-ip-tp-link-camara-reflectora-inteligente-ip65-2k-qhd-proyector-activado-por-movimiento\/","url":"https:\/\/compuviper.mx\/tienda\/producto\/tp-link-tapo-c720-camara-ip-tp-link-camara-reflectora-inteligente-ip65-2k-qhd-proyector-activado-por-movimiento\/","name":"[ Tp Link ] &#129351; Tapo C720 Camara Ip Tp-link Camara Reflectora Inteligente Ip65 2k Qhd Proyector Activado Por Movimiento","isPartOf":{"@id":"https:\/\/compuviper.mx\/tienda\/#website"},"datePublished":"2026-04-23T06:14:35+00:00","dateModified":"2026-04-23T06:14:36+00:00","description":"Compra Tapo C720 Camara Ip Tp-link Camara Reflectora Inteligente Ip65 2k Qhd Proyector Activado Por Movimiento + Env\u00edo a domicilio + Pago seguro + Garant\u00eda","breadcrumb":{"@id":"https:\/\/compuviper.mx\/tienda\/producto\/tp-link-tapo-c720-camara-ip-tp-link-camara-reflectora-inteligente-ip65-2k-qhd-proyector-activado-por-movimiento\/#breadcrumb"},"inLanguage":"es-MX","potentialAction":[{"@type":"ReadAction","target":["https:\/\/compuviper.mx\/tienda\/producto\/tp-link-tapo-c720-camara-ip-tp-link-camara-reflectora-inteligente-ip65-2k-qhd-proyector-activado-por-movimiento\/"]}]},{"@type":"BreadcrumbList","@id":"https:\/\/compuviper.mx\/tienda\/producto\/tp-link-tapo-c720-camara-ip-tp-link-camara-reflectora-inteligente-ip65-2k-qhd-proyector-activado-por-movimiento\/#breadcrumb","itemListElement":[{"@type":"ListItem","position":1,"name":"Inicio","item":"https:\/\/compuviper.mx\/tienda\/"},{"@type":"ListItem","position":2,"name":"Productos","item":"https:\/\/compuviper.mx\/tienda\/productos\/"},{"@type":"ListItem","position":3,"name":"Smart Home","item":"https:\/\/compuviper.mx\/tienda\/categoria-producto\/smart-home\/"},{"@type":"ListItem","position":4,"name":"Wired Camera","item":"https:\/\/compuviper.mx\/tienda\/categoria-producto\/smart-home\/wired-camera\/"},{"@type":"ListItem","position":5,"name":"Tp Link Tapo C720 Camara Ip Tp-link Camara Reflectora Inteligente Ip65 2k Qhd Proyector Activado Por Movimiento"}]},{"@type":"WebSite","@id":"https:\/\/compuviper.mx\/tienda\/#website","url":"https:\/\/compuviper.mx\/tienda\/","name":"Compuviper","description":"Proveedor de Computadoras, Laptops, Servidores, Monitores, Puntos de Venta, Teclados,   Impresoras, T\u00f3ner, C\u00e1maras de Seguridad y m\u00e1s en tu tienda en l\u00ednea","publisher":{"@id":"https:\/\/compuviper.mx\/tienda\/#organization"},"potentialAction":[{"@type":"SearchAction","target":{"@type":"EntryPoint","urlTemplate":"https:\/\/compuviper.mx\/tienda\/?s={search_term_string}"},"query-input":"required name=search_term_string"}],"inLanguage":"es-MX"},{"@type":"Organization","@id":"https:\/\/compuviper.mx\/tienda\/#organization","name":"Compuviper","url":"https:\/\/compuviper.mx\/tienda\/","logo":{"@type":"ImageObject","inLanguage":"es-MX","@id":"https:\/\/compuviper.mx\/tienda\/#\/schema\/logo\/image\/","url":"https:\/\/compuviper.mx\/tienda\/wp-content\/uploads\/2021\/08\/Logo-Compuviper-10.png","contentUrl":"https:\/\/compuviper.mx\/tienda\/wp-content\/uploads\/2021\/08\/Logo-Compuviper-10.png","width":1000,"height":500,"caption":"Compuviper"},"image":{"@id":"https:\/\/compuviper.mx\/tienda\/#\/schema\/logo\/image\/"},"sameAs":["https:\/\/www.facebook.com\/compuviper","https:\/\/www.youtube.com\/channel\/UCf73dERp9Y3cfOq7q8BhLjA?view_as=subscriber"]}]},"product_brand":"TP LINK","product_price_amount":"2098","product_price_currency":"MXN","og_availability":"instock","product_availability":"instock","product_retailer_item_id":"TAPO C720","product_condition":"new"},"_links":{"self":[{"href":"https:\/\/compuviper.mx\/tienda\/wp-json\/wp\/v2\/product\/239292"}],"collection":[{"href":"https:\/\/compuviper.mx\/tienda\/wp-json\/wp\/v2\/product"}],"about":[{"href":"https:\/\/compuviper.mx\/tienda\/wp-json\/wp\/v2\/types\/product"}],"replies":[{"embeddable":true,"href":"https:\/\/compuviper.mx\/tienda\/wp-json\/wp\/v2\/comments?post=239292"}],"wp:featuredmedia":[{"embeddable":true,"href":"https:\/\/compuviper.mx\/tienda\/wp-json\/wp\/v2\/media\/242499"}],"wp:attachment":[{"href":"https:\/\/compuviper.mx\/tienda\/wp-json\/wp\/v2\/media?parent=239292"}],"wp:term":[{"taxonomy":"product_cat","embeddable":true,"href":"https:\/\/compuviper.mx\/tienda\/wp-json\/wp\/v2\/product_cat?post=239292"},{"taxonomy":"product_tag","embeddable":true,"href":"https:\/\/compuviper.mx\/tienda\/wp-json\/wp\/v2\/product_tag?post=239292"}],"curies":[{"name":"wp","href":"https:\/\/api.w.org\/{rel}","templated":true}]}}