{"id":239253,"date":"2026-04-15T23:11:34","date_gmt":"2026-04-16T05:11:34","guid":{"rendered":"https:\/\/compuviper.mx\/tienda\/producto\/tp-link-tapo-h200-hub-inteligente-tp-link-hasta-644-dispositivo-almacenamiento-en-microsd-funciona-con-tus-cmaras-inteligentes-tapo-c420-tapo-c400-timbres-de-video-tapo-d230\/"},"modified":"2026-04-15T23:11:34","modified_gmt":"2026-04-16T05:11:34","slug":"tp-link-tapo-h200-hub-inteligente-tp-link-hasta-644-dispositivo-almacenamiento-en-microsd-funciona-con-tus-cmaras-inteligentes-tapo-c420-tapo-c400-timbres-de-video-tapo-d230","status":"publish","type":"product","link":"https:\/\/compuviper.mx\/tienda\/producto\/tp-link-tapo-h200-hub-inteligente-tp-link-hasta-644-dispositivo-almacenamiento-en-microsd-funciona-con-tus-cmaras-inteligentes-tapo-c420-tapo-c400-timbres-de-video-tapo-d230\/","title":{"rendered":"Tp Link Tapo H200 Hub Inteligente Tp-link  Hasta 644 Dispositivo Almacenamiento En Microsd Funciona Con Tus Cmaras Inteligentes Tapo C420, Tapo C400, Timbres De Video Tapo D230"},"content":{"rendered":"<table class=\"descripcion\">\n<tr>\n<td>Red<\/td>\n<\/tr>\n<tr>\n<td>Frecuencia<\/td>\n<\/tr>\n<tr>\n<td>2,4 ghz wi-fi y sub-1g<\/td>\n<\/tr>\n<tr>\n<td>863,35mhz, 864,35mhz, 868,35mhz (para ue\/reino unido)<\/td>\n<\/tr>\n<tr>\n<td>920,9 mhz, 921,7 mhz, 922,3 mhz (para ee.uu.\/ue).<\/td>\n<\/tr>\n<tr>\n<td>Ambiente<\/td>\n<\/tr>\n<tr>\n<td>Temperatura de funcionamiento<\/td>\n<\/tr>\n<tr>\n<td>0-40 and #8451;<\/td>\n<\/tr>\n<tr>\n<td>Contenidos del paquete<\/td>\n<\/tr>\n<tr>\n<td>Contenidos del paquete<\/td>\n<\/tr>\n<tr>\n<td>Tap\u00f3n h200<\/td>\n<\/tr>\n<tr>\n<td>Cable ethernet rj45<\/td>\n<\/tr>\n<tr>\n<td>Adaptador de corriente<\/td>\n<\/tr>\n<tr>\n<td>Gu\u00eda de inicio r\u00e1pido<\/td>\n<\/tr>\n<tr>\n<td>Hardware<\/td>\n<\/tr>\n<tr>\n<td>Bot\u00f3n<\/td>\n<\/tr>\n<tr>\n<td>Bot\u00f3n reset<\/td>\n<\/tr>\n<tr>\n<td>Indicator led<\/td>\n<\/tr>\n<tr>\n<td>Led del sistema<\/td>\n<\/tr>\n<tr>\n<td>Entrada del adaptador<\/td>\n<\/tr>\n<tr>\n<td>100-240v, 50\/60hz<\/td>\n<\/tr>\n<tr>\n<td>Salida del adaptador<\/td>\n<\/tr>\n<tr>\n<td>9v, 0.85a<\/td>\n<\/tr>\n<tr>\n<td>Dimensiones (an. x pr. x al.)<\/td>\n<\/tr>\n<tr>\n<td>71.45*71.45*31.25 mm(2.8*2.8*1.2 inch)<\/td>\n<\/tr>\n<tr>\n<td>Otros<\/td>\n<\/tr>\n<tr>\n<td>Certificaciones<\/td>\n<\/tr>\n<tr>\n<td>Ce, fcc, rohs, rcm<\/td>\n<\/tr>\n<\/table>\n","protected":false},"excerpt":{"rendered":"<p>Tapo h200. Hub inteligente tapo. Hasta 64+4 dispositivos \u0096 conecta m\u00e1s dispositivos (hasta 64 dispositivos*, sensores o botones + 4 c\u00e1maras o timbres) para crear el ecosistema inteligente de tu hogar. Funciona con tapo c420, tapo c400, tapo d230 y m\u00e1s. Alarma y timbre inteligentes \u0096 funciona con tus c\u00e1maras inteligentes (tapo c420, tapo c400), timbres de video (tapo d230) y sensores como alarma inteligente o timbre cuando se detecta movimiento o llega un visitante. Almacenamiento local en microsd \u0096 guarda videos grabados de tus c\u00e1maras o timbres de video en la tarjeta microsd instalada en el hub (hasta 512 gb)\u0086. 19 opciones de tono de llamada \u0096 m\u00faltiples tonos de llamada incorporados (hasta 90 db) para tus escenarios personalizados. Red inal\u00e1mbrica de baja potencia \u0096 ayuda a que tus sensores y botones inteligentes duren hasta 10 veces m\u00e1s adoptando un protocolo inal\u00e1mbrico de ultra baja potencia**. Control por voz \u0096 funciona con amazon alexa y google home para automatizaci\u00f3n manos libres.<\/p>\n","protected":false},"featured_media":241988,"comment_status":"open","ping_status":"open","template":"","meta":[],"product_cat":[2316,1811],"product_tag":[1562],"acf":[],"yoast_head":"<!-- This site is optimized with the Yoast SEO plugin v21.7 - https:\/\/yoast.com\/wordpress\/plugins\/seo\/ -->\n<title>[ Tp Link ] &#129351; Tapo H200 Hub Inteligente Tp-link Hasta 644 Dispositivo Almacenamiento En Microsd Funciona Con Tus Cmaras Inteligentes Tapo C420, Tapo C400, Timbres De Video Tapo D230<\/title>\n<meta name=\"description\" content=\"Compra Tapo H200 Hub Inteligente Tp-link Hasta 644 Dispositivo Almacenamiento En Microsd Funciona Con Tus Cmaras Inteligentes Tapo C420, Tapo C400, Timbres De Video Tapo D230 + Env\u00edo a domicilio + Pago seguro + Garant\u00eda\" \/>\n<meta name=\"robots\" content=\"index, follow, max-snippet:-1, max-image-preview:large, max-video-preview:-1\" \/>\n<link rel=\"canonical\" href=\"https:\/\/compuviper.mx\/tienda\/producto\/tp-link-tapo-h200-hub-inteligente-tp-link-hasta-644-dispositivo-almacenamiento-en-microsd-funciona-con-tus-cmaras-inteligentes-tapo-c420-tapo-c400-timbres-de-video-tapo-d230\/\" \/>\n<meta property=\"og:locale\" content=\"es_MX\" \/>\n<meta property=\"og:type\" content=\"article\" \/>\n<meta property=\"og:title\" content=\"[ Tp Link ] &#129351; Tapo H200 Hub Inteligente Tp-link Hasta 644 Dispositivo Almacenamiento En Microsd Funciona Con Tus Cmaras Inteligentes Tapo C420, Tapo C400, Timbres De Video Tapo D230\" \/>\n<meta property=\"og:description\" content=\"Compra Tapo H200 Hub Inteligente Tp-link Hasta 644 Dispositivo Almacenamiento En Microsd Funciona Con Tus Cmaras Inteligentes Tapo C420, Tapo C400, Timbres De Video Tapo D230 + Env\u00edo a domicilio + Pago seguro + Garant\u00eda\" \/>\n<meta property=\"og:url\" content=\"https:\/\/compuviper.mx\/tienda\/producto\/tp-link-tapo-h200-hub-inteligente-tp-link-hasta-644-dispositivo-almacenamiento-en-microsd-funciona-con-tus-cmaras-inteligentes-tapo-c420-tapo-c400-timbres-de-video-tapo-d230\/\" \/>\n<meta property=\"og:site_name\" content=\"Compuviper\" \/>\n<meta property=\"article:publisher\" content=\"https:\/\/www.facebook.com\/compuviper\" \/>\n<meta property=\"og:image\" content=\"https:\/\/compuviper.mx\/tienda\/wp-content\/uploads\/2024\/09\/Hub-inteligente-tp-link-tapo-h200-hasta-644-dispositivo-almacenamiento-en-microsd-funciona-con-tus-camaras-inteligentes-tapo-c420-tapo-c400-timbres-de-video-tapo-d230.jpg\" \/>\n\t<meta property=\"og:image:width\" content=\"200\" \/>\n\t<meta property=\"og:image:height\" content=\"200\" \/>\n\t<meta property=\"og:image:type\" content=\"image\/jpeg\" \/>\n<meta name=\"twitter:card\" content=\"summary_large_image\" \/>\n<meta name=\"twitter:label1\" content=\"Precio\" \/>\n\t<meta name=\"twitter:data1\" content=\"&#36;505 con IVA\" \/>\n\t<meta name=\"twitter:label2\" content=\"Availability\" \/>\n\t<meta name=\"twitter:data2\" content=\"In stock\" \/>\n<script type=\"application\/ld+json\" class=\"yoast-schema-graph\">{\"@context\":\"https:\/\/schema.org\",\"@graph\":[{\"@type\":\"WebPage\",\"@id\":\"https:\/\/compuviper.mx\/tienda\/producto\/tp-link-tapo-h200-hub-inteligente-tp-link-hasta-644-dispositivo-almacenamiento-en-microsd-funciona-con-tus-cmaras-inteligentes-tapo-c420-tapo-c400-timbres-de-video-tapo-d230\/\",\"url\":\"https:\/\/compuviper.mx\/tienda\/producto\/tp-link-tapo-h200-hub-inteligente-tp-link-hasta-644-dispositivo-almacenamiento-en-microsd-funciona-con-tus-cmaras-inteligentes-tapo-c420-tapo-c400-timbres-de-video-tapo-d230\/\",\"name\":\"[ Tp Link ] &#129351; Tapo H200 Hub Inteligente Tp-link Hasta 644 Dispositivo Almacenamiento En Microsd Funciona Con Tus Cmaras Inteligentes Tapo C420, Tapo C400, Timbres De Video Tapo D230\",\"isPartOf\":{\"@id\":\"https:\/\/compuviper.mx\/tienda\/#website\"},\"datePublished\":\"2026-04-16T05:11:34+00:00\",\"dateModified\":\"2026-04-16T05:11:34+00:00\",\"description\":\"Compra Tapo H200 Hub Inteligente Tp-link Hasta 644 Dispositivo Almacenamiento En Microsd Funciona Con Tus Cmaras Inteligentes Tapo C420, Tapo C400, Timbres De Video Tapo D230 + Env\u00edo a domicilio + Pago seguro + Garant\u00eda\",\"breadcrumb\":{\"@id\":\"https:\/\/compuviper.mx\/tienda\/producto\/tp-link-tapo-h200-hub-inteligente-tp-link-hasta-644-dispositivo-almacenamiento-en-microsd-funciona-con-tus-cmaras-inteligentes-tapo-c420-tapo-c400-timbres-de-video-tapo-d230\/#breadcrumb\"},\"inLanguage\":\"es-MX\",\"potentialAction\":[{\"@type\":\"ReadAction\",\"target\":[\"https:\/\/compuviper.mx\/tienda\/producto\/tp-link-tapo-h200-hub-inteligente-tp-link-hasta-644-dispositivo-almacenamiento-en-microsd-funciona-con-tus-cmaras-inteligentes-tapo-c420-tapo-c400-timbres-de-video-tapo-d230\/\"]}]},{\"@type\":\"BreadcrumbList\",\"@id\":\"https:\/\/compuviper.mx\/tienda\/producto\/tp-link-tapo-h200-hub-inteligente-tp-link-hasta-644-dispositivo-almacenamiento-en-microsd-funciona-con-tus-cmaras-inteligentes-tapo-c420-tapo-c400-timbres-de-video-tapo-d230\/#breadcrumb\",\"itemListElement\":[{\"@type\":\"ListItem\",\"position\":1,\"name\":\"Inicio\",\"item\":\"https:\/\/compuviper.mx\/tienda\/\"},{\"@type\":\"ListItem\",\"position\":2,\"name\":\"Productos\",\"item\":\"https:\/\/compuviper.mx\/tienda\/productos\/\"},{\"@type\":\"ListItem\",\"position\":3,\"name\":\"Smart Home\",\"item\":\"https:\/\/compuviper.mx\/tienda\/categoria-producto\/smart-home\/\"},{\"@type\":\"ListItem\",\"position\":4,\"name\":\"Home Automations\",\"item\":\"https:\/\/compuviper.mx\/tienda\/categoria-producto\/smart-home\/home-automations\/\"},{\"@type\":\"ListItem\",\"position\":5,\"name\":\"Tp Link Tapo H200 Hub Inteligente Tp-link Hasta 644 Dispositivo Almacenamiento En Microsd Funciona Con Tus Cmaras Inteligentes Tapo C420, Tapo C400, Timbres De Video Tapo D230\"}]},{\"@type\":\"WebSite\",\"@id\":\"https:\/\/compuviper.mx\/tienda\/#website\",\"url\":\"https:\/\/compuviper.mx\/tienda\/\",\"name\":\"Compuviper\",\"description\":\"Proveedor de Computadoras, Laptops, Servidores, Monitores, Puntos de Venta, Teclados,   Impresoras, T\u00f3ner, C\u00e1maras de Seguridad y m\u00e1s en tu tienda en l\u00ednea\",\"publisher\":{\"@id\":\"https:\/\/compuviper.mx\/tienda\/#organization\"},\"potentialAction\":[{\"@type\":\"SearchAction\",\"target\":{\"@type\":\"EntryPoint\",\"urlTemplate\":\"https:\/\/compuviper.mx\/tienda\/?s={search_term_string}\"},\"query-input\":\"required name=search_term_string\"}],\"inLanguage\":\"es-MX\"},{\"@type\":\"Organization\",\"@id\":\"https:\/\/compuviper.mx\/tienda\/#organization\",\"name\":\"Compuviper\",\"url\":\"https:\/\/compuviper.mx\/tienda\/\",\"logo\":{\"@type\":\"ImageObject\",\"inLanguage\":\"es-MX\",\"@id\":\"https:\/\/compuviper.mx\/tienda\/#\/schema\/logo\/image\/\",\"url\":\"https:\/\/compuviper.mx\/tienda\/wp-content\/uploads\/2021\/08\/Logo-Compuviper-10.png\",\"contentUrl\":\"https:\/\/compuviper.mx\/tienda\/wp-content\/uploads\/2021\/08\/Logo-Compuviper-10.png\",\"width\":1000,\"height\":500,\"caption\":\"Compuviper\"},\"image\":{\"@id\":\"https:\/\/compuviper.mx\/tienda\/#\/schema\/logo\/image\/\"},\"sameAs\":[\"https:\/\/www.facebook.com\/compuviper\",\"https:\/\/www.youtube.com\/channel\/UCf73dERp9Y3cfOq7q8BhLjA?view_as=subscriber\"]}]}<\/script>\n<meta property=\"product:brand\" content=\"TP LINK\" \/>\n<meta property=\"product:price:amount\" content=\"505\" \/>\n<meta property=\"product:price:currency\" content=\"MXN\" \/>\n<meta property=\"og:availability\" content=\"instock\" \/>\n<meta property=\"product:availability\" content=\"instock\" \/>\n<meta property=\"product:retailer_item_id\" content=\"TAPO H200\" \/>\n<meta property=\"product:condition\" content=\"new\" \/>\n<!-- \/ Yoast SEO plugin. -->","yoast_head_json":{"title":"[ Tp Link ] &#129351; Tapo H200 Hub Inteligente Tp-link Hasta 644 Dispositivo Almacenamiento En Microsd Funciona Con Tus Cmaras Inteligentes Tapo C420, Tapo C400, Timbres De Video Tapo D230","description":"Compra Tapo H200 Hub Inteligente Tp-link Hasta 644 Dispositivo Almacenamiento En Microsd Funciona Con Tus Cmaras Inteligentes Tapo C420, Tapo C400, Timbres De Video Tapo D230 + Env\u00edo a domicilio + Pago seguro + Garant\u00eda","robots":{"index":"index","follow":"follow","max-snippet":"max-snippet:-1","max-image-preview":"max-image-preview:large","max-video-preview":"max-video-preview:-1"},"canonical":"https:\/\/compuviper.mx\/tienda\/producto\/tp-link-tapo-h200-hub-inteligente-tp-link-hasta-644-dispositivo-almacenamiento-en-microsd-funciona-con-tus-cmaras-inteligentes-tapo-c420-tapo-c400-timbres-de-video-tapo-d230\/","og_locale":"es_MX","og_type":"article","og_title":"[ Tp Link ] &#129351; Tapo H200 Hub Inteligente Tp-link Hasta 644 Dispositivo Almacenamiento En Microsd Funciona Con Tus Cmaras Inteligentes Tapo C420, Tapo C400, Timbres De Video Tapo D230","og_description":"Compra Tapo H200 Hub Inteligente Tp-link Hasta 644 Dispositivo Almacenamiento En Microsd Funciona Con Tus Cmaras Inteligentes Tapo C420, Tapo C400, Timbres De Video Tapo D230 + Env\u00edo a domicilio + Pago seguro + Garant\u00eda","og_url":"https:\/\/compuviper.mx\/tienda\/producto\/tp-link-tapo-h200-hub-inteligente-tp-link-hasta-644-dispositivo-almacenamiento-en-microsd-funciona-con-tus-cmaras-inteligentes-tapo-c420-tapo-c400-timbres-de-video-tapo-d230\/","og_site_name":"Compuviper","article_publisher":"https:\/\/www.facebook.com\/compuviper","og_image":[{"width":200,"height":200,"url":"https:\/\/compuviper.mx\/tienda\/wp-content\/uploads\/2024\/09\/Hub-inteligente-tp-link-tapo-h200-hasta-644-dispositivo-almacenamiento-en-microsd-funciona-con-tus-camaras-inteligentes-tapo-c420-tapo-c400-timbres-de-video-tapo-d230.jpg","type":"image\/jpeg"}],"twitter_card":"summary_large_image","twitter_misc":{"Precio":"&#36;505 con IVA","Availability":"In stock"},"schema":{"@context":"https:\/\/schema.org","@graph":[{"@type":"WebPage","@id":"https:\/\/compuviper.mx\/tienda\/producto\/tp-link-tapo-h200-hub-inteligente-tp-link-hasta-644-dispositivo-almacenamiento-en-microsd-funciona-con-tus-cmaras-inteligentes-tapo-c420-tapo-c400-timbres-de-video-tapo-d230\/","url":"https:\/\/compuviper.mx\/tienda\/producto\/tp-link-tapo-h200-hub-inteligente-tp-link-hasta-644-dispositivo-almacenamiento-en-microsd-funciona-con-tus-cmaras-inteligentes-tapo-c420-tapo-c400-timbres-de-video-tapo-d230\/","name":"[ Tp Link ] &#129351; Tapo H200 Hub Inteligente Tp-link Hasta 644 Dispositivo Almacenamiento En Microsd Funciona Con Tus Cmaras Inteligentes Tapo C420, Tapo C400, Timbres De Video Tapo D230","isPartOf":{"@id":"https:\/\/compuviper.mx\/tienda\/#website"},"datePublished":"2026-04-16T05:11:34+00:00","dateModified":"2026-04-16T05:11:34+00:00","description":"Compra Tapo H200 Hub Inteligente Tp-link Hasta 644 Dispositivo Almacenamiento En Microsd Funciona Con Tus Cmaras Inteligentes Tapo C420, Tapo C400, Timbres De Video Tapo D230 + Env\u00edo a domicilio + Pago seguro + Garant\u00eda","breadcrumb":{"@id":"https:\/\/compuviper.mx\/tienda\/producto\/tp-link-tapo-h200-hub-inteligente-tp-link-hasta-644-dispositivo-almacenamiento-en-microsd-funciona-con-tus-cmaras-inteligentes-tapo-c420-tapo-c400-timbres-de-video-tapo-d230\/#breadcrumb"},"inLanguage":"es-MX","potentialAction":[{"@type":"ReadAction","target":["https:\/\/compuviper.mx\/tienda\/producto\/tp-link-tapo-h200-hub-inteligente-tp-link-hasta-644-dispositivo-almacenamiento-en-microsd-funciona-con-tus-cmaras-inteligentes-tapo-c420-tapo-c400-timbres-de-video-tapo-d230\/"]}]},{"@type":"BreadcrumbList","@id":"https:\/\/compuviper.mx\/tienda\/producto\/tp-link-tapo-h200-hub-inteligente-tp-link-hasta-644-dispositivo-almacenamiento-en-microsd-funciona-con-tus-cmaras-inteligentes-tapo-c420-tapo-c400-timbres-de-video-tapo-d230\/#breadcrumb","itemListElement":[{"@type":"ListItem","position":1,"name":"Inicio","item":"https:\/\/compuviper.mx\/tienda\/"},{"@type":"ListItem","position":2,"name":"Productos","item":"https:\/\/compuviper.mx\/tienda\/productos\/"},{"@type":"ListItem","position":3,"name":"Smart Home","item":"https:\/\/compuviper.mx\/tienda\/categoria-producto\/smart-home\/"},{"@type":"ListItem","position":4,"name":"Home Automations","item":"https:\/\/compuviper.mx\/tienda\/categoria-producto\/smart-home\/home-automations\/"},{"@type":"ListItem","position":5,"name":"Tp Link Tapo H200 Hub Inteligente Tp-link Hasta 644 Dispositivo Almacenamiento En Microsd Funciona Con Tus Cmaras Inteligentes Tapo C420, Tapo C400, Timbres De Video Tapo D230"}]},{"@type":"WebSite","@id":"https:\/\/compuviper.mx\/tienda\/#website","url":"https:\/\/compuviper.mx\/tienda\/","name":"Compuviper","description":"Proveedor de Computadoras, Laptops, Servidores, Monitores, Puntos de Venta, Teclados,   Impresoras, T\u00f3ner, C\u00e1maras de Seguridad y m\u00e1s en tu tienda en l\u00ednea","publisher":{"@id":"https:\/\/compuviper.mx\/tienda\/#organization"},"potentialAction":[{"@type":"SearchAction","target":{"@type":"EntryPoint","urlTemplate":"https:\/\/compuviper.mx\/tienda\/?s={search_term_string}"},"query-input":"required name=search_term_string"}],"inLanguage":"es-MX"},{"@type":"Organization","@id":"https:\/\/compuviper.mx\/tienda\/#organization","name":"Compuviper","url":"https:\/\/compuviper.mx\/tienda\/","logo":{"@type":"ImageObject","inLanguage":"es-MX","@id":"https:\/\/compuviper.mx\/tienda\/#\/schema\/logo\/image\/","url":"https:\/\/compuviper.mx\/tienda\/wp-content\/uploads\/2021\/08\/Logo-Compuviper-10.png","contentUrl":"https:\/\/compuviper.mx\/tienda\/wp-content\/uploads\/2021\/08\/Logo-Compuviper-10.png","width":1000,"height":500,"caption":"Compuviper"},"image":{"@id":"https:\/\/compuviper.mx\/tienda\/#\/schema\/logo\/image\/"},"sameAs":["https:\/\/www.facebook.com\/compuviper","https:\/\/www.youtube.com\/channel\/UCf73dERp9Y3cfOq7q8BhLjA?view_as=subscriber"]}]},"product_brand":"TP LINK","product_price_amount":"505","product_price_currency":"MXN","og_availability":"instock","product_availability":"instock","product_retailer_item_id":"TAPO H200","product_condition":"new"},"_links":{"self":[{"href":"https:\/\/compuviper.mx\/tienda\/wp-json\/wp\/v2\/product\/239253"}],"collection":[{"href":"https:\/\/compuviper.mx\/tienda\/wp-json\/wp\/v2\/product"}],"about":[{"href":"https:\/\/compuviper.mx\/tienda\/wp-json\/wp\/v2\/types\/product"}],"replies":[{"embeddable":true,"href":"https:\/\/compuviper.mx\/tienda\/wp-json\/wp\/v2\/comments?post=239253"}],"wp:featuredmedia":[{"embeddable":true,"href":"https:\/\/compuviper.mx\/tienda\/wp-json\/wp\/v2\/media\/241988"}],"wp:attachment":[{"href":"https:\/\/compuviper.mx\/tienda\/wp-json\/wp\/v2\/media?parent=239253"}],"wp:term":[{"taxonomy":"product_cat","embeddable":true,"href":"https:\/\/compuviper.mx\/tienda\/wp-json\/wp\/v2\/product_cat?post=239253"},{"taxonomy":"product_tag","embeddable":true,"href":"https:\/\/compuviper.mx\/tienda\/wp-json\/wp\/v2\/product_tag?post=239253"}],"curies":[{"name":"wp","href":"https:\/\/api.w.org\/{rel}","templated":true}]}}