{"id":239232,"date":"2026-04-14T00:34:23","date_gmt":"2026-04-14T06:34:23","guid":{"rendered":"https:\/\/compuviper.mx\/tienda\/producto\/seagate-st4000dm004-disco-duro-interno-barracuda-4tb-3-5-escritorio-sata3-6gb-s-256mb-5400rpm-pc\/"},"modified":"2026-04-14T00:34:23","modified_gmt":"2026-04-14T06:34:23","slug":"seagate-st4000dm004-disco-duro-interno-barracuda-4tb-3-5-escritorio-sata3-6gb-s-256mb-5400rpm-pc","status":"publish","type":"product","link":"https:\/\/compuviper.mx\/tienda\/producto\/seagate-st4000dm004-disco-duro-interno-barracuda-4tb-3-5-escritorio-sata3-6gb-s-256mb-5400rpm-pc\/","title":{"rendered":"Seagate St4000dm004 Disco Duro Interno  Barracuda 4tb 3.5 Escritorio Sata3 6gb\/s 256mb 5400rpm Pc"},"content":{"rendered":"<table class=\"descripcion\">\n<tr>\n<td>Especificaciones<\/td>\n<\/tr>\n<tr>\n<td>4 tb<\/td>\n<\/tr>\n<tr>\n<td>Nmero de nmero de modelo est\u00e1ndar<\/td>\n<\/tr>\n<tr>\n<td>St4000dm004<\/td>\n<\/tr>\n<tr>\n<td>Bytes por sector<\/td>\n<\/tr>\n<tr>\n<td>4.096<\/td>\n<\/tr>\n<tr>\n<td>Rendimiento<\/td>\n<\/tr>\n<tr>\n<td>Interfaz<\/td>\n<\/tr>\n<tr>\n<td>Sata de 6 gb\/s<\/td>\n<\/tr>\n<tr>\n<td>Compatible con transferencias de datos sata gb\/s<\/td>\n<\/tr>\n<tr>\n<td>6,0\/3,0\/1,5<\/td>\n<\/tr>\n<tr>\n<td>M\u00e1x. velocidad de transferencia continua od mb\/s<\/td>\n<\/tr>\n<tr>\n<td>190mb\/s<\/td>\n<\/tr>\n<tr>\n<td>Cach, multisegmentada mb<\/td>\n<\/tr>\n<tr>\n<td>256<\/td>\n<\/tr>\n<tr>\n<td>Velocidad de giro rpm<\/td>\n<\/tr>\n<tr>\n<td>5.400<\/td>\n<\/tr>\n<tr>\n<td>Fiabilidad\/integridad de los datos<\/td>\n<\/tr>\n<tr>\n<td>Ciclos de carga\/descarga<\/td>\n<\/tr>\n<tr>\n<td>600.000<\/td>\n<\/tr>\n<tr>\n<td>Errores de lectura no recuperables por bits ledos, m\u00e1x.<\/td>\n<\/tr>\n<tr>\n<td>1 por 10e14<\/td>\n<\/tr>\n<tr>\n<td>Horas de encendido por ao 24 horas, 7 das<\/td>\n<\/tr>\n<tr>\n<td>2.400<\/td>\n<\/tr>\n<tr>\n<td>Lmite de carga operativa tb\/ao<\/td>\n<\/tr>\n<tr>\n<td>55<\/td>\n<\/tr>\n<tr>\n<td>Administracin de energa<\/td>\n<\/tr>\n<tr>\n<td>Corriente de arranque a<\/td>\n<\/tr>\n<tr>\n<td>2<\/td>\n<\/tr>\n<tr>\n<td>Modo operativo, tpico w<\/td>\n<\/tr>\n<tr>\n<td>3,7<\/td>\n<\/tr>\n<tr>\n<td>Inactividad promedio w<\/td>\n<\/tr>\n<tr>\n<td>2,5 w<\/td>\n<\/tr>\n<tr>\n<td>Modo en espera\/modo descanso, tpico w<\/td>\n<\/tr>\n<tr>\n<td>0,25\/0,25<\/td>\n<\/tr>\n<tr>\n<td>Tolerancia de voltaje, ruido incluido 5 v<\/td>\n<\/tr>\n<tr>\n<td>\u00b15<\/td>\n<\/tr>\n<tr>\n<td>Tolerancia de voltaje, ruido incluido 12 v<\/td>\n<\/tr>\n<tr>\n<td>\u00b110<\/td>\n<\/tr>\n<tr>\n<td>Ambiental\/temperatura<\/td>\n<\/tr>\n<tr>\n<td>En funcionamiento ambiente, mn.<\/td>\n<\/tr>\n<tr>\n<td>0 \u00b0c<\/td>\n<\/tr>\n<tr>\n<td>En funcionamiento caja de la unidad, m\u00e1x.<\/td>\n<\/tr>\n<tr>\n<td>60 \u00b0c<\/td>\n<\/tr>\n<tr>\n<td>No en funcionamiento ambiente<\/td>\n<\/tr>\n<tr>\n<td>-40 \u00b0c \u0096 70 \u00b0c<\/td>\n<\/tr>\n<tr>\n<td>Sin halgeno<\/td>\n<\/tr>\n<tr>\n<td>S<\/td>\n<\/tr>\n<tr>\n<td>Cumplimiento con rohs<\/td>\n<\/tr>\n<tr>\n<td>S<\/td>\n<\/tr>\n<tr>\n<td>Datos fsicos<\/td>\n<\/tr>\n<tr>\n<td>Altura mm\/pulg., m\u00e1x.<\/td>\n<\/tr>\n<tr>\n<td>20,2 mm\/0,795 pulg.<\/td>\n<\/tr>\n<tr>\n<td>Ancho mm\/pulg., m\u00e1x.<\/td>\n<\/tr>\n<tr>\n<td>101,85 mm\/4,01 pulg.<\/td>\n<\/tr>\n<tr>\n<td>Profundidad mm\/pulg., m\u00e1x.<\/td>\n<\/tr>\n<tr>\n<td>146,99 mm\/5,787 pulg.<\/td>\n<\/tr>\n<tr>\n<td>Peso g\/lb<\/td>\n<\/tr>\n<tr>\n<td>490 g\/1,08 lb<\/td>\n<\/tr>\n<\/table>\n","protected":false},"excerpt":{"rendered":"<p>Unidades hdd para todas sus necesidades de pc le traen excelencia lder en la industria de computacin personal. La familia de productos barracuda ha proporcionado almacenamiento sumamente fiable para la industria de los discos duros. Usos idneos. Pc de sobremesa o todo en uno. Servidores domsticos. Dispositivos de almacenamiento con conexin directa das de gama b\u00e1sica<\/p>\n","protected":false},"featured_media":239233,"comment_status":"open","ping_status":"open","template":"","meta":[],"product_cat":[1703,1706],"product_tag":[1710],"acf":[],"yoast_head":"<!-- This site is optimized with the Yoast SEO plugin v21.7 - https:\/\/yoast.com\/wordpress\/plugins\/seo\/ -->\n<title>[ Seagate ] &#129351; St4000dm004 Disco Duro Interno Barracuda 4tb 3.5 Escritorio Sata3 6gb\/s 256mb 5400rpm Pc<\/title>\n<meta name=\"description\" content=\"Compra St4000dm004 Disco Duro Interno Barracuda 4tb 3.5 Escritorio Sata3 6gb\/s 256mb 5400rpm Pc + Env\u00edo a domicilio + Pago seguro + Garant\u00eda\" \/>\n<meta name=\"robots\" content=\"index, follow, max-snippet:-1, max-image-preview:large, max-video-preview:-1\" \/>\n<link rel=\"canonical\" href=\"https:\/\/compuviper.mx\/tienda\/producto\/seagate-st4000dm004-disco-duro-interno-barracuda-4tb-3-5-escritorio-sata3-6gb-s-256mb-5400rpm-pc\/\" \/>\n<meta property=\"og:locale\" content=\"es_MX\" \/>\n<meta property=\"og:type\" content=\"article\" \/>\n<meta property=\"og:title\" content=\"[ Seagate ] &#129351; St4000dm004 Disco Duro Interno Barracuda 4tb 3.5 Escritorio Sata3 6gb\/s 256mb 5400rpm Pc\" \/>\n<meta property=\"og:description\" content=\"Compra St4000dm004 Disco Duro Interno Barracuda 4tb 3.5 Escritorio Sata3 6gb\/s 256mb 5400rpm Pc + Env\u00edo a domicilio + Pago seguro + Garant\u00eda\" \/>\n<meta property=\"og:url\" content=\"https:\/\/compuviper.mx\/tienda\/producto\/seagate-st4000dm004-disco-duro-interno-barracuda-4tb-3-5-escritorio-sata3-6gb-s-256mb-5400rpm-pc\/\" \/>\n<meta property=\"og:site_name\" content=\"Compuviper\" \/>\n<meta property=\"article:publisher\" content=\"https:\/\/www.facebook.com\/compuviper\" \/>\n<meta property=\"og:image\" content=\"https:\/\/compuviper.mx\/tienda\/wp-content\/uploads\/2024\/07\/Disco-duro-interno-seagate-barracuda-4tb-3.5-escritorio-sata3-6gbs-256mb-5400rpm-pc.jpg\" \/>\n\t<meta property=\"og:image:width\" content=\"200\" \/>\n\t<meta property=\"og:image:height\" content=\"200\" \/>\n\t<meta property=\"og:image:type\" content=\"image\/jpeg\" \/>\n<meta name=\"twitter:card\" content=\"summary_large_image\" \/>\n<meta name=\"twitter:label1\" content=\"Precio\" \/>\n\t<meta name=\"twitter:data1\" content=\"&#36;1,563 con IVA\" \/>\n\t<meta name=\"twitter:label2\" content=\"Availability\" \/>\n\t<meta name=\"twitter:data2\" content=\"Out of stock\" \/>\n<script type=\"application\/ld+json\" class=\"yoast-schema-graph\">{\"@context\":\"https:\/\/schema.org\",\"@graph\":[{\"@type\":\"WebPage\",\"@id\":\"https:\/\/compuviper.mx\/tienda\/producto\/seagate-st4000dm004-disco-duro-interno-barracuda-4tb-3-5-escritorio-sata3-6gb-s-256mb-5400rpm-pc\/\",\"url\":\"https:\/\/compuviper.mx\/tienda\/producto\/seagate-st4000dm004-disco-duro-interno-barracuda-4tb-3-5-escritorio-sata3-6gb-s-256mb-5400rpm-pc\/\",\"name\":\"[ Seagate ] &#129351; St4000dm004 Disco Duro Interno Barracuda 4tb 3.5 Escritorio Sata3 6gb\/s 256mb 5400rpm Pc\",\"isPartOf\":{\"@id\":\"https:\/\/compuviper.mx\/tienda\/#website\"},\"datePublished\":\"2026-04-14T06:34:23+00:00\",\"dateModified\":\"2026-04-14T06:34:23+00:00\",\"description\":\"Compra St4000dm004 Disco Duro Interno Barracuda 4tb 3.5 Escritorio Sata3 6gb\/s 256mb 5400rpm Pc + Env\u00edo a domicilio + Pago seguro + Garant\u00eda\",\"breadcrumb\":{\"@id\":\"https:\/\/compuviper.mx\/tienda\/producto\/seagate-st4000dm004-disco-duro-interno-barracuda-4tb-3-5-escritorio-sata3-6gb-s-256mb-5400rpm-pc\/#breadcrumb\"},\"inLanguage\":\"es-MX\",\"potentialAction\":[{\"@type\":\"ReadAction\",\"target\":[\"https:\/\/compuviper.mx\/tienda\/producto\/seagate-st4000dm004-disco-duro-interno-barracuda-4tb-3-5-escritorio-sata3-6gb-s-256mb-5400rpm-pc\/\"]}]},{\"@type\":\"BreadcrumbList\",\"@id\":\"https:\/\/compuviper.mx\/tienda\/producto\/seagate-st4000dm004-disco-duro-interno-barracuda-4tb-3-5-escritorio-sata3-6gb-s-256mb-5400rpm-pc\/#breadcrumb\",\"itemListElement\":[{\"@type\":\"ListItem\",\"position\":1,\"name\":\"Inicio\",\"item\":\"https:\/\/compuviper.mx\/tienda\/\"},{\"@type\":\"ListItem\",\"position\":2,\"name\":\"Productos\",\"item\":\"https:\/\/compuviper.mx\/tienda\/productos\/\"},{\"@type\":\"ListItem\",\"position\":3,\"name\":\"Discos Duros\",\"item\":\"https:\/\/compuviper.mx\/tienda\/categoria-producto\/discos-duros\/\"},{\"@type\":\"ListItem\",\"position\":4,\"name\":\"Disco Duro\",\"item\":\"https:\/\/compuviper.mx\/tienda\/categoria-producto\/discos-duros\/disco-duro\/\"},{\"@type\":\"ListItem\",\"position\":5,\"name\":\"Seagate St4000dm004 Disco Duro Interno Barracuda 4tb 3.5 Escritorio Sata3 6gb\/s 256mb 5400rpm Pc\"}]},{\"@type\":\"WebSite\",\"@id\":\"https:\/\/compuviper.mx\/tienda\/#website\",\"url\":\"https:\/\/compuviper.mx\/tienda\/\",\"name\":\"Compuviper\",\"description\":\"Proveedor de Computadoras, Laptops, Servidores, Monitores, Puntos de Venta, Teclados,   Impresoras, T\u00f3ner, C\u00e1maras de Seguridad y m\u00e1s en tu tienda en l\u00ednea\",\"publisher\":{\"@id\":\"https:\/\/compuviper.mx\/tienda\/#organization\"},\"potentialAction\":[{\"@type\":\"SearchAction\",\"target\":{\"@type\":\"EntryPoint\",\"urlTemplate\":\"https:\/\/compuviper.mx\/tienda\/?s={search_term_string}\"},\"query-input\":\"required name=search_term_string\"}],\"inLanguage\":\"es-MX\"},{\"@type\":\"Organization\",\"@id\":\"https:\/\/compuviper.mx\/tienda\/#organization\",\"name\":\"Compuviper\",\"url\":\"https:\/\/compuviper.mx\/tienda\/\",\"logo\":{\"@type\":\"ImageObject\",\"inLanguage\":\"es-MX\",\"@id\":\"https:\/\/compuviper.mx\/tienda\/#\/schema\/logo\/image\/\",\"url\":\"https:\/\/compuviper.mx\/tienda\/wp-content\/uploads\/2021\/08\/Logo-Compuviper-10.png\",\"contentUrl\":\"https:\/\/compuviper.mx\/tienda\/wp-content\/uploads\/2021\/08\/Logo-Compuviper-10.png\",\"width\":1000,\"height\":500,\"caption\":\"Compuviper\"},\"image\":{\"@id\":\"https:\/\/compuviper.mx\/tienda\/#\/schema\/logo\/image\/\"},\"sameAs\":[\"https:\/\/www.facebook.com\/compuviper\",\"https:\/\/www.youtube.com\/channel\/UCf73dERp9Y3cfOq7q8BhLjA?view_as=subscriber\"]}]}<\/script>\n<meta property=\"product:brand\" content=\"SEAGATE\" \/>\n<meta property=\"product:price:amount\" content=\"1563\" \/>\n<meta property=\"product:price:currency\" content=\"MXN\" \/>\n<meta property=\"og:availability\" content=\"out of stock\" \/>\n<meta property=\"product:availability\" content=\"out of stock\" \/>\n<meta property=\"product:retailer_item_id\" content=\"ST4000DM004\" \/>\n<meta property=\"product:condition\" content=\"new\" \/>\n<!-- \/ Yoast SEO plugin. -->","yoast_head_json":{"title":"[ Seagate ] &#129351; St4000dm004 Disco Duro Interno Barracuda 4tb 3.5 Escritorio Sata3 6gb\/s 256mb 5400rpm Pc","description":"Compra St4000dm004 Disco Duro Interno Barracuda 4tb 3.5 Escritorio Sata3 6gb\/s 256mb 5400rpm Pc + Env\u00edo a domicilio + Pago seguro + Garant\u00eda","robots":{"index":"index","follow":"follow","max-snippet":"max-snippet:-1","max-image-preview":"max-image-preview:large","max-video-preview":"max-video-preview:-1"},"canonical":"https:\/\/compuviper.mx\/tienda\/producto\/seagate-st4000dm004-disco-duro-interno-barracuda-4tb-3-5-escritorio-sata3-6gb-s-256mb-5400rpm-pc\/","og_locale":"es_MX","og_type":"article","og_title":"[ Seagate ] &#129351; St4000dm004 Disco Duro Interno Barracuda 4tb 3.5 Escritorio Sata3 6gb\/s 256mb 5400rpm Pc","og_description":"Compra St4000dm004 Disco Duro Interno Barracuda 4tb 3.5 Escritorio Sata3 6gb\/s 256mb 5400rpm Pc + Env\u00edo a domicilio + Pago seguro + Garant\u00eda","og_url":"https:\/\/compuviper.mx\/tienda\/producto\/seagate-st4000dm004-disco-duro-interno-barracuda-4tb-3-5-escritorio-sata3-6gb-s-256mb-5400rpm-pc\/","og_site_name":"Compuviper","article_publisher":"https:\/\/www.facebook.com\/compuviper","og_image":[{"width":200,"height":200,"url":"https:\/\/compuviper.mx\/tienda\/wp-content\/uploads\/2024\/07\/Disco-duro-interno-seagate-barracuda-4tb-3.5-escritorio-sata3-6gbs-256mb-5400rpm-pc.jpg","type":"image\/jpeg"}],"twitter_card":"summary_large_image","twitter_misc":{"Precio":"&#36;1,563 con IVA","Availability":"Out of stock"},"schema":{"@context":"https:\/\/schema.org","@graph":[{"@type":"WebPage","@id":"https:\/\/compuviper.mx\/tienda\/producto\/seagate-st4000dm004-disco-duro-interno-barracuda-4tb-3-5-escritorio-sata3-6gb-s-256mb-5400rpm-pc\/","url":"https:\/\/compuviper.mx\/tienda\/producto\/seagate-st4000dm004-disco-duro-interno-barracuda-4tb-3-5-escritorio-sata3-6gb-s-256mb-5400rpm-pc\/","name":"[ Seagate ] &#129351; St4000dm004 Disco Duro Interno Barracuda 4tb 3.5 Escritorio Sata3 6gb\/s 256mb 5400rpm Pc","isPartOf":{"@id":"https:\/\/compuviper.mx\/tienda\/#website"},"datePublished":"2026-04-14T06:34:23+00:00","dateModified":"2026-04-14T06:34:23+00:00","description":"Compra St4000dm004 Disco Duro Interno Barracuda 4tb 3.5 Escritorio Sata3 6gb\/s 256mb 5400rpm Pc + Env\u00edo a domicilio + Pago seguro + Garant\u00eda","breadcrumb":{"@id":"https:\/\/compuviper.mx\/tienda\/producto\/seagate-st4000dm004-disco-duro-interno-barracuda-4tb-3-5-escritorio-sata3-6gb-s-256mb-5400rpm-pc\/#breadcrumb"},"inLanguage":"es-MX","potentialAction":[{"@type":"ReadAction","target":["https:\/\/compuviper.mx\/tienda\/producto\/seagate-st4000dm004-disco-duro-interno-barracuda-4tb-3-5-escritorio-sata3-6gb-s-256mb-5400rpm-pc\/"]}]},{"@type":"BreadcrumbList","@id":"https:\/\/compuviper.mx\/tienda\/producto\/seagate-st4000dm004-disco-duro-interno-barracuda-4tb-3-5-escritorio-sata3-6gb-s-256mb-5400rpm-pc\/#breadcrumb","itemListElement":[{"@type":"ListItem","position":1,"name":"Inicio","item":"https:\/\/compuviper.mx\/tienda\/"},{"@type":"ListItem","position":2,"name":"Productos","item":"https:\/\/compuviper.mx\/tienda\/productos\/"},{"@type":"ListItem","position":3,"name":"Discos Duros","item":"https:\/\/compuviper.mx\/tienda\/categoria-producto\/discos-duros\/"},{"@type":"ListItem","position":4,"name":"Disco Duro","item":"https:\/\/compuviper.mx\/tienda\/categoria-producto\/discos-duros\/disco-duro\/"},{"@type":"ListItem","position":5,"name":"Seagate St4000dm004 Disco Duro Interno Barracuda 4tb 3.5 Escritorio Sata3 6gb\/s 256mb 5400rpm Pc"}]},{"@type":"WebSite","@id":"https:\/\/compuviper.mx\/tienda\/#website","url":"https:\/\/compuviper.mx\/tienda\/","name":"Compuviper","description":"Proveedor de Computadoras, Laptops, Servidores, Monitores, Puntos de Venta, Teclados,   Impresoras, T\u00f3ner, C\u00e1maras de Seguridad y m\u00e1s en tu tienda en l\u00ednea","publisher":{"@id":"https:\/\/compuviper.mx\/tienda\/#organization"},"potentialAction":[{"@type":"SearchAction","target":{"@type":"EntryPoint","urlTemplate":"https:\/\/compuviper.mx\/tienda\/?s={search_term_string}"},"query-input":"required name=search_term_string"}],"inLanguage":"es-MX"},{"@type":"Organization","@id":"https:\/\/compuviper.mx\/tienda\/#organization","name":"Compuviper","url":"https:\/\/compuviper.mx\/tienda\/","logo":{"@type":"ImageObject","inLanguage":"es-MX","@id":"https:\/\/compuviper.mx\/tienda\/#\/schema\/logo\/image\/","url":"https:\/\/compuviper.mx\/tienda\/wp-content\/uploads\/2021\/08\/Logo-Compuviper-10.png","contentUrl":"https:\/\/compuviper.mx\/tienda\/wp-content\/uploads\/2021\/08\/Logo-Compuviper-10.png","width":1000,"height":500,"caption":"Compuviper"},"image":{"@id":"https:\/\/compuviper.mx\/tienda\/#\/schema\/logo\/image\/"},"sameAs":["https:\/\/www.facebook.com\/compuviper","https:\/\/www.youtube.com\/channel\/UCf73dERp9Y3cfOq7q8BhLjA?view_as=subscriber"]}]},"product_brand":"SEAGATE","product_price_amount":"1563","product_price_currency":"MXN","og_availability":"out of stock","product_availability":"out of stock","product_retailer_item_id":"ST4000DM004","product_condition":"new"},"_links":{"self":[{"href":"https:\/\/compuviper.mx\/tienda\/wp-json\/wp\/v2\/product\/239232"}],"collection":[{"href":"https:\/\/compuviper.mx\/tienda\/wp-json\/wp\/v2\/product"}],"about":[{"href":"https:\/\/compuviper.mx\/tienda\/wp-json\/wp\/v2\/types\/product"}],"replies":[{"embeddable":true,"href":"https:\/\/compuviper.mx\/tienda\/wp-json\/wp\/v2\/comments?post=239232"}],"wp:featuredmedia":[{"embeddable":true,"href":"https:\/\/compuviper.mx\/tienda\/wp-json\/wp\/v2\/media\/239233"}],"wp:attachment":[{"href":"https:\/\/compuviper.mx\/tienda\/wp-json\/wp\/v2\/media?parent=239232"}],"wp:term":[{"taxonomy":"product_cat","embeddable":true,"href":"https:\/\/compuviper.mx\/tienda\/wp-json\/wp\/v2\/product_cat?post=239232"},{"taxonomy":"product_tag","embeddable":true,"href":"https:\/\/compuviper.mx\/tienda\/wp-json\/wp\/v2\/product_tag?post=239232"}],"curies":[{"name":"wp","href":"https:\/\/api.w.org\/{rel}","templated":true}]}}